{"id":481,"date":"2017-07-13T12:05:11","date_gmt":"2017-07-13T10:05:11","guid":{"rendered":"https:\/\/web.umons.ac.be\/fweg\/?page_id=481"},"modified":"2019-05-09T10:35:34","modified_gmt":"2019-05-09T08:35:34","slug":"informations-pratiques","status":"publish","type":"page","link":"https:\/\/web.umons.ac.be\/fweg\/fr\/mobilite\/mobilitein\/informations-pratiques\/","title":{"rendered":"Informations pratiques"},"content":{"rendered":"<h3>Calendrier acad\u00e9mique<\/h3>\n<p>L&rsquo;ann\u00e9e acad\u00e9mique est divis\u00e9e en 2 quadrimestres principaux, d\u00e9di\u00e9s aux cours et aux examens.<\/p>\n<ul>\n<li>Le 1er quadrimestre de l&rsquo;ann\u00e9e acad\u00e9mique commence \u00e0 la mi-septembre et se termine \u00e0 la fin du mois de janvier.<\/li>\n<li>Le 2\u00e8me quadrimestre se d\u00e9roule de d\u00e9but f\u00e9vrier \u00e0 fin juin<\/li>\n<\/ul>\n<h3>Exigences acad\u00e9miques<\/h3>\n<p>Les candidats doivent avoir une connaissance suffisante de la gestion et\/ou de l&rsquo;\u00e9conomie. Les informations aux pr\u00e9-requis de chaque cours se trouvent dans le programme de cours disponible dans le catalogue du cours (en cliquant sur le nom de chaque cours).<\/p>\n<p>Nous offrons des cours en fran\u00e7ais et en <a href=\"https:\/\/web.umons.ac.be\/fweg\/fr\/mobilite\/mobilitein\/cours-en-anglais\/\">anglais<\/a>. En tant qu&rsquo;\u00e9tudiant en \u00e9change, vous devrez donc avoir une connaissance pratique des langues dans lesquelles vous d\u00e9sirez suivre des cours (minimum B1 \/ B2 &#8211; CEF). Des cours intensifs gratuits de fran\u00e7ais sont offerts par notre centre de langues au d\u00e9but de chaque quadrimestre ainsi que pour toute l&rsquo;ann\u00e9e acad\u00e9mique.<\/p>\n<h3>Votre s\u00e9jour \u00e0 Mons<\/h3>\n<p>Si vous souhaitez plus d&rsquo;informations sur :<\/p>\n<ul>\n<li>Le co\u00fbt moyen d&rsquo;une ann\u00e9e d&rsquo;\u00e9tudes<\/li>\n<li>Les logements<\/li>\n<li>Pour prendre soin de vous et rester en forme<\/li>\n<li>Les transports<\/li>\n<li>&#8230;<\/li>\n<\/ul>\n<p><a href=\"https:\/\/web.umons.ac.be\/fr\/international\/mobilite-incoming\/\" target=\"_blank\" rel=\"noopener noreferrer\">Les pages suivantes de notre site ainsi qu\u2019un guide sont disponibles<\/a>\u00a0:<\/p>\n<p>&nbsp;<\/p>\n","protected":false},"excerpt":{"rendered":"<p>Calendrier acad\u00e9mique L&rsquo;ann\u00e9e acad\u00e9mique est divis\u00e9e en 2 quadrimestres principaux, d\u00e9di\u00e9s aux cours et aux examens. Le 1er quadrimestre de l&rsquo;ann\u00e9e acad\u00e9mique commence \u00e0 la mi-septembre et se termine \u00e0 la fin du mois de janvier. Le 2\u00e8me quadrimestre se d\u00e9roule de d\u00e9but f\u00e9vrier \u00e0 fin juin Exigences acad\u00e9miques Les candidats doivent avoir une connaissance [&hellip;]<\/p>\n","protected":false},"author":2,"featured_media":0,"parent":446,"menu_order":5,"comment_status":"closed","ping_status":"closed","template":"","meta":{"footnotes":""},"class_list":["post-481","page","type-page","status-publish","hentry"],"yoast_head":"<!-- This site is optimized with the Yoast SEO plugin v27.2 - https:\/\/yoast.com\/product\/yoast-seo-wordpress\/ -->\n<title>Informations pratiques - Facult\u00e9 \/ FWEG<\/title>\n<meta name=\"robots\" content=\"index, follow, max-snippet:-1, max-image-preview:large, max-video-preview:-1\" \/>\n<link rel=\"canonical\" href=\"https:\/\/web.umons.ac.be\/fweg\/fr\/mobilite\/mobilitein\/informations-pratiques\/\" \/>\n<meta property=\"og:locale\" content=\"fr_FR\" \/>\n<meta property=\"og:type\" content=\"article\" \/>\n<meta property=\"og:title\" content=\"Informations pratiques - Facult\u00e9 \/ FWEG\" \/>\n<meta property=\"og:description\" content=\"Calendrier acad\u00e9mique L&rsquo;ann\u00e9e acad\u00e9mique est divis\u00e9e en 2 quadrimestres principaux, d\u00e9di\u00e9s aux cours et aux examens. Le 1er quadrimestre de l&rsquo;ann\u00e9e acad\u00e9mique commence \u00e0 la mi-septembre et se termine \u00e0 la fin du mois de janvier. Le 2\u00e8me quadrimestre se d\u00e9roule de d\u00e9but f\u00e9vrier \u00e0 fin juin Exigences acad\u00e9miques Les candidats doivent avoir une connaissance [&hellip;]\" \/>\n<meta property=\"og:url\" content=\"https:\/\/web.umons.ac.be\/fweg\/fr\/mobilite\/mobilitein\/informations-pratiques\/\" \/>\n<meta property=\"og:site_name\" content=\"Facult\u00e9 \/ FWEG\" \/>\n<meta property=\"article:modified_time\" content=\"2019-05-09T08:35:34+00:00\" \/>\n<meta name=\"twitter:card\" content=\"summary_large_image\" \/>\n<meta name=\"twitter:label1\" content=\"Dur\u00e9e de lecture estim\u00e9e\" \/>\n\t<meta name=\"twitter:data1\" content=\"1 minute\" \/>\n<script type=\"application\/ld+json\" class=\"yoast-schema-graph\">{\"@context\":\"https:\/\/schema.org\",\"@graph\":[{\"@type\":\"WebPage\",\"@id\":\"https:\/\/web.umons.ac.be\/fweg\/fr\/mobilite\/mobilitein\/informations-pratiques\/\",\"url\":\"https:\/\/web.umons.ac.be\/fweg\/fr\/mobilite\/mobilitein\/informations-pratiques\/\",\"name\":\"Informations pratiques - Facult\u00e9 \/ FWEG\",\"isPartOf\":{\"@id\":\"https:\/\/web.umons.ac.be\/fweg\/#website\"},\"datePublished\":\"2017-07-13T10:05:11+00:00\",\"dateModified\":\"2019-05-09T08:35:34+00:00\",\"breadcrumb\":{\"@id\":\"https:\/\/web.umons.ac.be\/fweg\/fr\/mobilite\/mobilitein\/informations-pratiques\/#breadcrumb\"},\"inLanguage\":\"fr-FR\",\"potentialAction\":[{\"@type\":\"ReadAction\",\"target\":[\"https:\/\/web.umons.ac.be\/fweg\/fr\/mobilite\/mobilitein\/informations-pratiques\/\"]}]},{\"@type\":\"BreadcrumbList\",\"@id\":\"https:\/\/web.umons.ac.be\/fweg\/fr\/mobilite\/mobilitein\/informations-pratiques\/#breadcrumb\",\"itemListElement\":[{\"@type\":\"ListItem\",\"position\":1,\"name\":\"Accueil\",\"item\":\"https:\/\/web.umons.ac.be\/fweg\/fr\/\"},{\"@type\":\"ListItem\",\"position\":2,\"name\":\"Mobilit\u00e9 \u00e9tudiante &#8211; International\",\"item\":\"https:\/\/web.umons.ac.be\/fweg\/fr\/mobilite\/\"},{\"@type\":\"ListItem\",\"position\":3,\"name\":\"Venir en mobilit\u00e9 IN\",\"item\":\"https:\/\/web.umons.ac.be\/fweg\/fr\/mobilite\/mobilitein\/\"},{\"@type\":\"ListItem\",\"position\":4,\"name\":\"Informations pratiques\"}]},{\"@type\":\"WebSite\",\"@id\":\"https:\/\/web.umons.ac.be\/fweg\/#website\",\"url\":\"https:\/\/web.umons.ac.be\/fweg\/\",\"name\":\"Facult\u00e9 \/ FWEG\",\"description\":\"\",\"potentialAction\":[{\"@type\":\"SearchAction\",\"target\":{\"@type\":\"EntryPoint\",\"urlTemplate\":\"https:\/\/web.umons.ac.be\/fweg\/?s={search_term_string}\"},\"query-input\":{\"@type\":\"PropertyValueSpecification\",\"valueRequired\":true,\"valueName\":\"search_term_string\"}}],\"inLanguage\":\"fr-FR\"}]}<\/script>\n<!-- \/ Yoast SEO plugin. -->","yoast_head_json":{"title":"Informations pratiques - Facult\u00e9 \/ FWEG","robots":{"index":"index","follow":"follow","max-snippet":"max-snippet:-1","max-image-preview":"max-image-preview:large","max-video-preview":"max-video-preview:-1"},"canonical":"https:\/\/web.umons.ac.be\/fweg\/fr\/mobilite\/mobilitein\/informations-pratiques\/","og_locale":"fr_FR","og_type":"article","og_title":"Informations pratiques - Facult\u00e9 \/ FWEG","og_description":"Calendrier acad\u00e9mique L&rsquo;ann\u00e9e acad\u00e9mique est divis\u00e9e en 2 quadrimestres principaux, d\u00e9di\u00e9s aux cours et aux examens. Le 1er quadrimestre de l&rsquo;ann\u00e9e acad\u00e9mique commence \u00e0 la mi-septembre et se termine \u00e0 la fin du mois de janvier. Le 2\u00e8me quadrimestre se d\u00e9roule de d\u00e9but f\u00e9vrier \u00e0 fin juin Exigences acad\u00e9miques Les candidats doivent avoir une connaissance [&hellip;]","og_url":"https:\/\/web.umons.ac.be\/fweg\/fr\/mobilite\/mobilitein\/informations-pratiques\/","og_site_name":"Facult\u00e9 \/ FWEG","article_modified_time":"2019-05-09T08:35:34+00:00","twitter_card":"summary_large_image","twitter_misc":{"Dur\u00e9e de lecture estim\u00e9e":"1 minute"},"schema":{"@context":"https:\/\/schema.org","@graph":[{"@type":"WebPage","@id":"https:\/\/web.umons.ac.be\/fweg\/fr\/mobilite\/mobilitein\/informations-pratiques\/","url":"https:\/\/web.umons.ac.be\/fweg\/fr\/mobilite\/mobilitein\/informations-pratiques\/","name":"Informations pratiques - Facult\u00e9 \/ FWEG","isPartOf":{"@id":"https:\/\/web.umons.ac.be\/fweg\/#website"},"datePublished":"2017-07-13T10:05:11+00:00","dateModified":"2019-05-09T08:35:34+00:00","breadcrumb":{"@id":"https:\/\/web.umons.ac.be\/fweg\/fr\/mobilite\/mobilitein\/informations-pratiques\/#breadcrumb"},"inLanguage":"fr-FR","potentialAction":[{"@type":"ReadAction","target":["https:\/\/web.umons.ac.be\/fweg\/fr\/mobilite\/mobilitein\/informations-pratiques\/"]}]},{"@type":"BreadcrumbList","@id":"https:\/\/web.umons.ac.be\/fweg\/fr\/mobilite\/mobilitein\/informations-pratiques\/#breadcrumb","itemListElement":[{"@type":"ListItem","position":1,"name":"Accueil","item":"https:\/\/web.umons.ac.be\/fweg\/fr\/"},{"@type":"ListItem","position":2,"name":"Mobilit\u00e9 \u00e9tudiante &#8211; International","item":"https:\/\/web.umons.ac.be\/fweg\/fr\/mobilite\/"},{"@type":"ListItem","position":3,"name":"Venir en mobilit\u00e9 IN","item":"https:\/\/web.umons.ac.be\/fweg\/fr\/mobilite\/mobilitein\/"},{"@type":"ListItem","position":4,"name":"Informations pratiques"}]},{"@type":"WebSite","@id":"https:\/\/web.umons.ac.be\/fweg\/#website","url":"https:\/\/web.umons.ac.be\/fweg\/","name":"Facult\u00e9 \/ FWEG","description":"","potentialAction":[{"@type":"SearchAction","target":{"@type":"EntryPoint","urlTemplate":"https:\/\/web.umons.ac.be\/fweg\/?s={search_term_string}"},"query-input":{"@type":"PropertyValueSpecification","valueRequired":true,"valueName":"search_term_string"}}],"inLanguage":"fr-FR"}]}},"lang":"fr","translations":{"fr":481,"en":1046},"pll_sync_post":[],"_links":{"self":[{"href":"https:\/\/web.umons.ac.be\/fweg\/wp-json\/wp\/v2\/pages\/481","targetHints":{"allow":["GET"]}}],"collection":[{"href":"https:\/\/web.umons.ac.be\/fweg\/wp-json\/wp\/v2\/pages"}],"about":[{"href":"https:\/\/web.umons.ac.be\/fweg\/wp-json\/wp\/v2\/types\/page"}],"author":[{"embeddable":true,"href":"https:\/\/web.umons.ac.be\/fweg\/wp-json\/wp\/v2\/users\/2"}],"replies":[{"embeddable":true,"href":"https:\/\/web.umons.ac.be\/fweg\/wp-json\/wp\/v2\/comments?post=481"}],"version-history":[{"count":4,"href":"https:\/\/web.umons.ac.be\/fweg\/wp-json\/wp\/v2\/pages\/481\/revisions"}],"predecessor-version":[{"id":1355,"href":"https:\/\/web.umons.ac.be\/fweg\/wp-json\/wp\/v2\/pages\/481\/revisions\/1355"}],"up":[{"embeddable":true,"href":"https:\/\/web.umons.ac.be\/fweg\/wp-json\/wp\/v2\/pages\/446"}],"wp:attachment":[{"href":"https:\/\/web.umons.ac.be\/fweg\/wp-json\/wp\/v2\/media?parent=481"}],"curies":[{"name":"wp","href":"https:\/\/api.w.org\/{rel}","templated":true}]}}