{"id":484,"date":"2017-07-13T12:06:11","date_gmt":"2017-07-13T10:06:11","guid":{"rendered":"https:\/\/web.umons.ac.be\/fweg\/?page_id=484"},"modified":"2018-01-17T17:46:04","modified_gmt":"2018-01-17T16:46:04","slug":"warocque-mons-belgique","status":"publish","type":"page","link":"https:\/\/web.umons.ac.be\/fweg\/fr\/mobilite\/mobilitein\/warocque-mons-belgique\/","title":{"rendered":"Warocqu\u00e9, Mons &#038; Belgique"},"content":{"rendered":"<p>La Belgique et l&rsquo;Europe : multilingue, multiculturel et d\u00e9bordant de culture. Bien que c\u00e9l\u00e8bre pour sa bi\u00e8re, ce petit pays produit \u00e9galement un tr\u00e8s bon chocolat et une cuisine gastronomique pouvant rivaliser facilement avec ses voisins fran\u00e7ais. Son emplacement au c\u0153ur de l&rsquo;Europe signifie que le pays a toujours \u00e9t\u00e9 inond\u00e9 d&rsquo;influences \u00e9trang\u00e8res, ce qui signifie qu&rsquo;aujourd&rsquo;hui, ses 11 millions de personnes sont accueillantes, hospitali\u00e8res et cosmopolites.<\/p>\n<p>Mons est une ville de 92 000 habitants et un centre universitaire majeur avec plus de 12 000 \u00e9tudiants.<\/p>\n<p>Dans leurs cours de s\u00e9minaires de communication anglaise, nos \u00e9tudiants ont r\u00e9alis\u00e9 des vid\u00e9os sur la facult\u00e9 Warocqu\u00e9, Mons et la Belgique. Regardez-les\u00a0:<\/p>\n<p>&nbsp;<\/p>\n<p><iframe loading=\"lazy\" title=\"Warocqu\u00e9 Guided Tour\" width=\"500\" height=\"281\" src=\"https:\/\/www.youtube.com\/embed\/HUETg1n9beA?feature=oembed\" frameborder=\"0\" allow=\"accelerometer; autoplay; clipboard-write; encrypted-media; gyroscope; picture-in-picture; web-share\" referrerpolicy=\"strict-origin-when-cross-origin\" allowfullscreen><\/iframe><\/p>\n<p><iframe loading=\"lazy\" title=\"A walk around Mons\" width=\"500\" height=\"281\" src=\"https:\/\/www.youtube.com\/embed\/h9Az52gKK94?feature=oembed\" frameborder=\"0\" allow=\"accelerometer; autoplay; clipboard-write; encrypted-media; gyroscope; picture-in-picture; web-share\" referrerpolicy=\"strict-origin-when-cross-origin\" allowfullscreen><\/iframe><\/p>\n<p><iframe loading=\"lazy\" title=\"From Belgium, with Love\" width=\"500\" height=\"281\" src=\"https:\/\/www.youtube.com\/embed\/51s0ZSuOjrg?feature=oembed\" frameborder=\"0\" allow=\"accelerometer; autoplay; clipboard-write; encrypted-media; gyroscope; picture-in-picture; web-share\" referrerpolicy=\"strict-origin-when-cross-origin\" allowfullscreen><\/iframe><\/p>\n","protected":false},"excerpt":{"rendered":"<p>La Belgique et l&rsquo;Europe : multilingue, multiculturel et d\u00e9bordant de culture. Bien que c\u00e9l\u00e8bre pour sa bi\u00e8re, ce petit pays produit \u00e9galement un tr\u00e8s bon chocolat et une cuisine gastronomique pouvant rivaliser facilement avec ses voisins fran\u00e7ais. Son emplacement au c\u0153ur de l&rsquo;Europe signifie que le pays a toujours \u00e9t\u00e9 inond\u00e9 d&rsquo;influences \u00e9trang\u00e8res, ce qui [&hellip;]<\/p>\n","protected":false},"author":2,"featured_media":0,"parent":446,"menu_order":6,"comment_status":"closed","ping_status":"closed","template":"","meta":{"footnotes":""},"class_list":["post-484","page","type-page","status-publish","hentry"],"yoast_head":"<!-- This site is optimized with the Yoast SEO plugin v27.2 - https:\/\/yoast.com\/product\/yoast-seo-wordpress\/ -->\n<title>Warocqu\u00e9, Mons &amp; Belgique - Facult\u00e9 \/ FWEG<\/title>\n<meta name=\"robots\" content=\"index, follow, max-snippet:-1, max-image-preview:large, max-video-preview:-1\" \/>\n<link rel=\"canonical\" href=\"https:\/\/web.umons.ac.be\/fweg\/fr\/mobilite\/mobilitein\/warocque-mons-belgique\/\" \/>\n<meta property=\"og:locale\" content=\"fr_FR\" \/>\n<meta property=\"og:type\" content=\"article\" \/>\n<meta property=\"og:title\" content=\"Warocqu\u00e9, Mons &amp; Belgique - Facult\u00e9 \/ FWEG\" \/>\n<meta property=\"og:description\" content=\"La Belgique et l&rsquo;Europe : multilingue, multiculturel et d\u00e9bordant de culture. Bien que c\u00e9l\u00e8bre pour sa bi\u00e8re, ce petit pays produit \u00e9galement un tr\u00e8s bon chocolat et une cuisine gastronomique pouvant rivaliser facilement avec ses voisins fran\u00e7ais. Son emplacement au c\u0153ur de l&rsquo;Europe signifie que le pays a toujours \u00e9t\u00e9 inond\u00e9 d&rsquo;influences \u00e9trang\u00e8res, ce qui [&hellip;]\" \/>\n<meta property=\"og:url\" content=\"https:\/\/web.umons.ac.be\/fweg\/fr\/mobilite\/mobilitein\/warocque-mons-belgique\/\" \/>\n<meta property=\"og:site_name\" content=\"Facult\u00e9 \/ FWEG\" \/>\n<meta property=\"article:modified_time\" content=\"2018-01-17T16:46:04+00:00\" \/>\n<meta name=\"twitter:card\" content=\"summary_large_image\" \/>\n<meta name=\"twitter:label1\" content=\"Dur\u00e9e de lecture estim\u00e9e\" \/>\n\t<meta name=\"twitter:data1\" content=\"1 minute\" \/>\n<script type=\"application\/ld+json\" class=\"yoast-schema-graph\">{\"@context\":\"https:\/\/schema.org\",\"@graph\":[{\"@type\":\"WebPage\",\"@id\":\"https:\/\/web.umons.ac.be\/fweg\/fr\/mobilite\/mobilitein\/warocque-mons-belgique\/\",\"url\":\"https:\/\/web.umons.ac.be\/fweg\/fr\/mobilite\/mobilitein\/warocque-mons-belgique\/\",\"name\":\"Warocqu\u00e9, Mons & Belgique - Facult\u00e9 \/ FWEG\",\"isPartOf\":{\"@id\":\"https:\/\/web.umons.ac.be\/fweg\/#website\"},\"datePublished\":\"2017-07-13T10:06:11+00:00\",\"dateModified\":\"2018-01-17T16:46:04+00:00\",\"breadcrumb\":{\"@id\":\"https:\/\/web.umons.ac.be\/fweg\/fr\/mobilite\/mobilitein\/warocque-mons-belgique\/#breadcrumb\"},\"inLanguage\":\"fr-FR\",\"potentialAction\":[{\"@type\":\"ReadAction\",\"target\":[\"https:\/\/web.umons.ac.be\/fweg\/fr\/mobilite\/mobilitein\/warocque-mons-belgique\/\"]}]},{\"@type\":\"BreadcrumbList\",\"@id\":\"https:\/\/web.umons.ac.be\/fweg\/fr\/mobilite\/mobilitein\/warocque-mons-belgique\/#breadcrumb\",\"itemListElement\":[{\"@type\":\"ListItem\",\"position\":1,\"name\":\"Accueil\",\"item\":\"https:\/\/web.umons.ac.be\/fweg\/fr\/\"},{\"@type\":\"ListItem\",\"position\":2,\"name\":\"Mobilit\u00e9 \u00e9tudiante &#8211; International\",\"item\":\"https:\/\/web.umons.ac.be\/fweg\/fr\/mobilite\/\"},{\"@type\":\"ListItem\",\"position\":3,\"name\":\"Venir en mobilit\u00e9 IN\",\"item\":\"https:\/\/web.umons.ac.be\/fweg\/fr\/mobilite\/mobilitein\/\"},{\"@type\":\"ListItem\",\"position\":4,\"name\":\"Warocqu\u00e9, Mons &#038; Belgique\"}]},{\"@type\":\"WebSite\",\"@id\":\"https:\/\/web.umons.ac.be\/fweg\/#website\",\"url\":\"https:\/\/web.umons.ac.be\/fweg\/\",\"name\":\"Facult\u00e9 \/ FWEG\",\"description\":\"\",\"potentialAction\":[{\"@type\":\"SearchAction\",\"target\":{\"@type\":\"EntryPoint\",\"urlTemplate\":\"https:\/\/web.umons.ac.be\/fweg\/?s={search_term_string}\"},\"query-input\":{\"@type\":\"PropertyValueSpecification\",\"valueRequired\":true,\"valueName\":\"search_term_string\"}}],\"inLanguage\":\"fr-FR\"}]}<\/script>\n<!-- \/ Yoast SEO plugin. -->","yoast_head_json":{"title":"Warocqu\u00e9, Mons & Belgique - Facult\u00e9 \/ FWEG","robots":{"index":"index","follow":"follow","max-snippet":"max-snippet:-1","max-image-preview":"max-image-preview:large","max-video-preview":"max-video-preview:-1"},"canonical":"https:\/\/web.umons.ac.be\/fweg\/fr\/mobilite\/mobilitein\/warocque-mons-belgique\/","og_locale":"fr_FR","og_type":"article","og_title":"Warocqu\u00e9, Mons & Belgique - Facult\u00e9 \/ FWEG","og_description":"La Belgique et l&rsquo;Europe : multilingue, multiculturel et d\u00e9bordant de culture. Bien que c\u00e9l\u00e8bre pour sa bi\u00e8re, ce petit pays produit \u00e9galement un tr\u00e8s bon chocolat et une cuisine gastronomique pouvant rivaliser facilement avec ses voisins fran\u00e7ais. Son emplacement au c\u0153ur de l&rsquo;Europe signifie que le pays a toujours \u00e9t\u00e9 inond\u00e9 d&rsquo;influences \u00e9trang\u00e8res, ce qui [&hellip;]","og_url":"https:\/\/web.umons.ac.be\/fweg\/fr\/mobilite\/mobilitein\/warocque-mons-belgique\/","og_site_name":"Facult\u00e9 \/ FWEG","article_modified_time":"2018-01-17T16:46:04+00:00","twitter_card":"summary_large_image","twitter_misc":{"Dur\u00e9e de lecture estim\u00e9e":"1 minute"},"schema":{"@context":"https:\/\/schema.org","@graph":[{"@type":"WebPage","@id":"https:\/\/web.umons.ac.be\/fweg\/fr\/mobilite\/mobilitein\/warocque-mons-belgique\/","url":"https:\/\/web.umons.ac.be\/fweg\/fr\/mobilite\/mobilitein\/warocque-mons-belgique\/","name":"Warocqu\u00e9, Mons & Belgique - Facult\u00e9 \/ FWEG","isPartOf":{"@id":"https:\/\/web.umons.ac.be\/fweg\/#website"},"datePublished":"2017-07-13T10:06:11+00:00","dateModified":"2018-01-17T16:46:04+00:00","breadcrumb":{"@id":"https:\/\/web.umons.ac.be\/fweg\/fr\/mobilite\/mobilitein\/warocque-mons-belgique\/#breadcrumb"},"inLanguage":"fr-FR","potentialAction":[{"@type":"ReadAction","target":["https:\/\/web.umons.ac.be\/fweg\/fr\/mobilite\/mobilitein\/warocque-mons-belgique\/"]}]},{"@type":"BreadcrumbList","@id":"https:\/\/web.umons.ac.be\/fweg\/fr\/mobilite\/mobilitein\/warocque-mons-belgique\/#breadcrumb","itemListElement":[{"@type":"ListItem","position":1,"name":"Accueil","item":"https:\/\/web.umons.ac.be\/fweg\/fr\/"},{"@type":"ListItem","position":2,"name":"Mobilit\u00e9 \u00e9tudiante &#8211; International","item":"https:\/\/web.umons.ac.be\/fweg\/fr\/mobilite\/"},{"@type":"ListItem","position":3,"name":"Venir en mobilit\u00e9 IN","item":"https:\/\/web.umons.ac.be\/fweg\/fr\/mobilite\/mobilitein\/"},{"@type":"ListItem","position":4,"name":"Warocqu\u00e9, Mons &#038; Belgique"}]},{"@type":"WebSite","@id":"https:\/\/web.umons.ac.be\/fweg\/#website","url":"https:\/\/web.umons.ac.be\/fweg\/","name":"Facult\u00e9 \/ FWEG","description":"","potentialAction":[{"@type":"SearchAction","target":{"@type":"EntryPoint","urlTemplate":"https:\/\/web.umons.ac.be\/fweg\/?s={search_term_string}"},"query-input":{"@type":"PropertyValueSpecification","valueRequired":true,"valueName":"search_term_string"}}],"inLanguage":"fr-FR"}]}},"lang":"fr","translations":{"fr":484,"en":1049},"pll_sync_post":[],"_links":{"self":[{"href":"https:\/\/web.umons.ac.be\/fweg\/wp-json\/wp\/v2\/pages\/484","targetHints":{"allow":["GET"]}}],"collection":[{"href":"https:\/\/web.umons.ac.be\/fweg\/wp-json\/wp\/v2\/pages"}],"about":[{"href":"https:\/\/web.umons.ac.be\/fweg\/wp-json\/wp\/v2\/types\/page"}],"author":[{"embeddable":true,"href":"https:\/\/web.umons.ac.be\/fweg\/wp-json\/wp\/v2\/users\/2"}],"replies":[{"embeddable":true,"href":"https:\/\/web.umons.ac.be\/fweg\/wp-json\/wp\/v2\/comments?post=484"}],"version-history":[{"count":1,"href":"https:\/\/web.umons.ac.be\/fweg\/wp-json\/wp\/v2\/pages\/484\/revisions"}],"predecessor-version":[{"id":847,"href":"https:\/\/web.umons.ac.be\/fweg\/wp-json\/wp\/v2\/pages\/484\/revisions\/847"}],"up":[{"embeddable":true,"href":"https:\/\/web.umons.ac.be\/fweg\/wp-json\/wp\/v2\/pages\/446"}],"wp:attachment":[{"href":"https:\/\/web.umons.ac.be\/fweg\/wp-json\/wp\/v2\/media?parent=484"}],"curies":[{"name":"wp","href":"https:\/\/api.w.org\/{rel}","templated":true}]}}