{"id":503,"date":"2017-07-13T14:38:41","date_gmt":"2017-07-13T12:38:41","guid":{"rendered":"https:\/\/web.umons.ac.be\/fweg\/?page_id=503"},"modified":"2021-01-06T12:14:53","modified_gmt":"2021-01-06T11:14:53","slug":"contact","status":"publish","type":"page","link":"https:\/\/web.umons.ac.be\/fweg\/fr\/mobilite\/mobilitein\/contact\/","title":{"rendered":"Contact"},"content":{"rendered":"<h6><strong>Facult\u00e9 Warocqu\u00e9 d\u2019Economie et de Gestion<\/strong><\/h6>\n<h5><strong><img loading=\"lazy\" decoding=\"async\" class=\"alignright size-thumbnail wp-image-1139\" src=\"https:\/\/web.umons.ac.be\/app\/uploads\/sites\/9\/2018\/01\/5032841-150x150.jpg\" alt=\"\" width=\"150\" height=\"150\" srcset=\"https:\/\/web.umons.ac.be\/app\/uploads\/sites\/9\/2018\/01\/5032841-150x150.jpg 150w, https:\/\/web.umons.ac.be\/app\/uploads\/sites\/9\/2018\/01\/5032841-80x80.jpg 80w, https:\/\/web.umons.ac.be\/app\/uploads\/sites\/9\/2018\/01\/5032841-400x400.jpg 400w, https:\/\/web.umons.ac.be\/app\/uploads\/sites\/9\/2018\/01\/5032841-200x200.jpg 200w\" sizes=\"auto, (max-width: 150px) 100vw, 150px\" \/>Laetitia Pozniak<\/strong><\/h5>\n<p>Coordinatrice des \u00e9changes internationaux<\/p>\n<p><a href=\"mailto:exchange.business@umons.ac.be\">exchange.business@umons.ac.be<\/a><\/p>\n<p>+32 (0)65 37 32 37<\/p>\n<p>&nbsp;<\/p>\n<h5>C\u00e9cile Godfroid<\/h5>\n<p>Responsable des mobilit\u00e9s IN<\/p>\n<p><a href=\"mailto:cecile.godfroid@umons.ac.be\">cecile.godfroid@umons.ac.be<\/a><\/p>\n<p>+32 (0)65 37 32 77<\/p>\n<p>&nbsp;<\/p>\n<h6>Service des relations internationales de l\u2019UMONS<\/h6>\n<h5>Eleonora FUSELLA<\/h5>\n<p>Coordinatrice des mobilit\u00e9s sortante (OUTGOING) et entrante (INCOMING) Erasmus et programmes assimil\u00e9s (\u00e0 des fins d&rsquo;\u00e9tudes et de stages) pour la FPSE et la FWEG<\/p>\n<p><a href=\"mailto:Eleonora.fusella@umons.ac.be\">Eleonora.fusella@umons.ac.be <\/a>ou <a href=\"mailto:relint@umons.ac.be\">relint@umons.ac.be<\/a><\/p>\n<p>+32 (0)65 37 38 02<\/p>\n","protected":false},"excerpt":{"rendered":"<p>Facult\u00e9 Warocqu\u00e9 d\u2019Economie et de Gestion Laetitia Pozniak Coordinatrice des \u00e9changes internationaux exchange.business@umons.ac.be +32 (0)65 37 32 37 &nbsp; C\u00e9cile Godfroid Responsable des mobilit\u00e9s IN cecile.godfroid@umons.ac.be +32 (0)65 37 32 77 &nbsp; Service des relations internationales de l\u2019UMONS Eleonora FUSELLA Coordinatrice des mobilit\u00e9s sortante (OUTGOING) et entrante (INCOMING) Erasmus et programmes assimil\u00e9s (\u00e0 des fins [&hellip;]<\/p>\n","protected":false},"author":2,"featured_media":0,"parent":446,"menu_order":7,"comment_status":"closed","ping_status":"closed","template":"","meta":{"footnotes":""},"class_list":["post-503","page","type-page","status-publish","hentry"],"yoast_head":"<!-- This site is optimized with the Yoast SEO plugin v27.2 - https:\/\/yoast.com\/product\/yoast-seo-wordpress\/ -->\n<title>Contact - Facult\u00e9 \/ FWEG<\/title>\n<meta name=\"robots\" content=\"index, follow, max-snippet:-1, max-image-preview:large, max-video-preview:-1\" \/>\n<link rel=\"canonical\" href=\"https:\/\/web.umons.ac.be\/fweg\/fr\/mobilite\/mobilitein\/contact\/\" \/>\n<meta property=\"og:locale\" content=\"fr_FR\" \/>\n<meta property=\"og:type\" content=\"article\" \/>\n<meta property=\"og:title\" content=\"Contact - Facult\u00e9 \/ FWEG\" \/>\n<meta property=\"og:description\" content=\"Facult\u00e9 Warocqu\u00e9 d\u2019Economie et de Gestion Laetitia Pozniak Coordinatrice des \u00e9changes internationaux exchange.business@umons.ac.be +32 (0)65 37 32 37 &nbsp; C\u00e9cile Godfroid Responsable des mobilit\u00e9s IN cecile.godfroid@umons.ac.be +32 (0)65 37 32 77 &nbsp; Service des relations internationales de l\u2019UMONS Eleonora FUSELLA Coordinatrice des mobilit\u00e9s sortante (OUTGOING) et entrante (INCOMING) Erasmus et programmes assimil\u00e9s (\u00e0 des fins [&hellip;]\" \/>\n<meta property=\"og:url\" content=\"https:\/\/web.umons.ac.be\/fweg\/fr\/mobilite\/mobilitein\/contact\/\" \/>\n<meta property=\"og:site_name\" content=\"Facult\u00e9 \/ FWEG\" \/>\n<meta property=\"article:modified_time\" content=\"2021-01-06T11:14:53+00:00\" \/>\n<meta property=\"og:image\" content=\"https:\/\/web.umons.ac.be\/app\/uploads\/sites\/9\/2018\/01\/5032841-150x150.jpg\" \/>\n<meta name=\"twitter:card\" content=\"summary_large_image\" \/>\n<script type=\"application\/ld+json\" class=\"yoast-schema-graph\">{\"@context\":\"https:\/\/schema.org\",\"@graph\":[{\"@type\":\"WebPage\",\"@id\":\"https:\/\/web.umons.ac.be\/fweg\/fr\/mobilite\/mobilitein\/contact\/\",\"url\":\"https:\/\/web.umons.ac.be\/fweg\/fr\/mobilite\/mobilitein\/contact\/\",\"name\":\"Contact - Facult\u00e9 \/ FWEG\",\"isPartOf\":{\"@id\":\"https:\/\/web.umons.ac.be\/fweg\/#website\"},\"primaryImageOfPage\":{\"@id\":\"https:\/\/web.umons.ac.be\/fweg\/fr\/mobilite\/mobilitein\/contact\/#primaryimage\"},\"image\":{\"@id\":\"https:\/\/web.umons.ac.be\/fweg\/fr\/mobilite\/mobilitein\/contact\/#primaryimage\"},\"thumbnailUrl\":\"https:\/\/web.umons.ac.be\/app\/uploads\/sites\/9\/2018\/01\/5032841-150x150.jpg\",\"datePublished\":\"2017-07-13T12:38:41+00:00\",\"dateModified\":\"2021-01-06T11:14:53+00:00\",\"breadcrumb\":{\"@id\":\"https:\/\/web.umons.ac.be\/fweg\/fr\/mobilite\/mobilitein\/contact\/#breadcrumb\"},\"inLanguage\":\"fr-FR\",\"potentialAction\":[{\"@type\":\"ReadAction\",\"target\":[\"https:\/\/web.umons.ac.be\/fweg\/fr\/mobilite\/mobilitein\/contact\/\"]}]},{\"@type\":\"ImageObject\",\"inLanguage\":\"fr-FR\",\"@id\":\"https:\/\/web.umons.ac.be\/fweg\/fr\/mobilite\/mobilitein\/contact\/#primaryimage\",\"url\":\"https:\/\/web.umons.ac.be\/app\/uploads\/sites\/9\/2018\/01\/5032841-150x150.jpg\",\"contentUrl\":\"https:\/\/web.umons.ac.be\/app\/uploads\/sites\/9\/2018\/01\/5032841-150x150.jpg\"},{\"@type\":\"BreadcrumbList\",\"@id\":\"https:\/\/web.umons.ac.be\/fweg\/fr\/mobilite\/mobilitein\/contact\/#breadcrumb\",\"itemListElement\":[{\"@type\":\"ListItem\",\"position\":1,\"name\":\"Accueil\",\"item\":\"https:\/\/web.umons.ac.be\/fweg\/fr\/\"},{\"@type\":\"ListItem\",\"position\":2,\"name\":\"Mobilit\u00e9 \u00e9tudiante &#8211; International\",\"item\":\"https:\/\/web.umons.ac.be\/fweg\/fr\/mobilite\/\"},{\"@type\":\"ListItem\",\"position\":3,\"name\":\"Venir en mobilit\u00e9 IN\",\"item\":\"https:\/\/web.umons.ac.be\/fweg\/fr\/mobilite\/mobilitein\/\"},{\"@type\":\"ListItem\",\"position\":4,\"name\":\"Contact\"}]},{\"@type\":\"WebSite\",\"@id\":\"https:\/\/web.umons.ac.be\/fweg\/#website\",\"url\":\"https:\/\/web.umons.ac.be\/fweg\/\",\"name\":\"Facult\u00e9 \/ FWEG\",\"description\":\"\",\"potentialAction\":[{\"@type\":\"SearchAction\",\"target\":{\"@type\":\"EntryPoint\",\"urlTemplate\":\"https:\/\/web.umons.ac.be\/fweg\/?s={search_term_string}\"},\"query-input\":{\"@type\":\"PropertyValueSpecification\",\"valueRequired\":true,\"valueName\":\"search_term_string\"}}],\"inLanguage\":\"fr-FR\"}]}<\/script>\n<!-- \/ Yoast SEO plugin. -->","yoast_head_json":{"title":"Contact - Facult\u00e9 \/ FWEG","robots":{"index":"index","follow":"follow","max-snippet":"max-snippet:-1","max-image-preview":"max-image-preview:large","max-video-preview":"max-video-preview:-1"},"canonical":"https:\/\/web.umons.ac.be\/fweg\/fr\/mobilite\/mobilitein\/contact\/","og_locale":"fr_FR","og_type":"article","og_title":"Contact - Facult\u00e9 \/ FWEG","og_description":"Facult\u00e9 Warocqu\u00e9 d\u2019Economie et de Gestion Laetitia Pozniak Coordinatrice des \u00e9changes internationaux exchange.business@umons.ac.be +32 (0)65 37 32 37 &nbsp; C\u00e9cile Godfroid Responsable des mobilit\u00e9s IN cecile.godfroid@umons.ac.be +32 (0)65 37 32 77 &nbsp; Service des relations internationales de l\u2019UMONS Eleonora FUSELLA Coordinatrice des mobilit\u00e9s sortante (OUTGOING) et entrante (INCOMING) Erasmus et programmes assimil\u00e9s (\u00e0 des fins [&hellip;]","og_url":"https:\/\/web.umons.ac.be\/fweg\/fr\/mobilite\/mobilitein\/contact\/","og_site_name":"Facult\u00e9 \/ FWEG","article_modified_time":"2021-01-06T11:14:53+00:00","og_image":[{"url":"https:\/\/web.umons.ac.be\/app\/uploads\/sites\/9\/2018\/01\/5032841-150x150.jpg","type":"","width":"","height":""}],"twitter_card":"summary_large_image","schema":{"@context":"https:\/\/schema.org","@graph":[{"@type":"WebPage","@id":"https:\/\/web.umons.ac.be\/fweg\/fr\/mobilite\/mobilitein\/contact\/","url":"https:\/\/web.umons.ac.be\/fweg\/fr\/mobilite\/mobilitein\/contact\/","name":"Contact - Facult\u00e9 \/ FWEG","isPartOf":{"@id":"https:\/\/web.umons.ac.be\/fweg\/#website"},"primaryImageOfPage":{"@id":"https:\/\/web.umons.ac.be\/fweg\/fr\/mobilite\/mobilitein\/contact\/#primaryimage"},"image":{"@id":"https:\/\/web.umons.ac.be\/fweg\/fr\/mobilite\/mobilitein\/contact\/#primaryimage"},"thumbnailUrl":"https:\/\/web.umons.ac.be\/app\/uploads\/sites\/9\/2018\/01\/5032841-150x150.jpg","datePublished":"2017-07-13T12:38:41+00:00","dateModified":"2021-01-06T11:14:53+00:00","breadcrumb":{"@id":"https:\/\/web.umons.ac.be\/fweg\/fr\/mobilite\/mobilitein\/contact\/#breadcrumb"},"inLanguage":"fr-FR","potentialAction":[{"@type":"ReadAction","target":["https:\/\/web.umons.ac.be\/fweg\/fr\/mobilite\/mobilitein\/contact\/"]}]},{"@type":"ImageObject","inLanguage":"fr-FR","@id":"https:\/\/web.umons.ac.be\/fweg\/fr\/mobilite\/mobilitein\/contact\/#primaryimage","url":"https:\/\/web.umons.ac.be\/app\/uploads\/sites\/9\/2018\/01\/5032841-150x150.jpg","contentUrl":"https:\/\/web.umons.ac.be\/app\/uploads\/sites\/9\/2018\/01\/5032841-150x150.jpg"},{"@type":"BreadcrumbList","@id":"https:\/\/web.umons.ac.be\/fweg\/fr\/mobilite\/mobilitein\/contact\/#breadcrumb","itemListElement":[{"@type":"ListItem","position":1,"name":"Accueil","item":"https:\/\/web.umons.ac.be\/fweg\/fr\/"},{"@type":"ListItem","position":2,"name":"Mobilit\u00e9 \u00e9tudiante &#8211; International","item":"https:\/\/web.umons.ac.be\/fweg\/fr\/mobilite\/"},{"@type":"ListItem","position":3,"name":"Venir en mobilit\u00e9 IN","item":"https:\/\/web.umons.ac.be\/fweg\/fr\/mobilite\/mobilitein\/"},{"@type":"ListItem","position":4,"name":"Contact"}]},{"@type":"WebSite","@id":"https:\/\/web.umons.ac.be\/fweg\/#website","url":"https:\/\/web.umons.ac.be\/fweg\/","name":"Facult\u00e9 \/ FWEG","description":"","potentialAction":[{"@type":"SearchAction","target":{"@type":"EntryPoint","urlTemplate":"https:\/\/web.umons.ac.be\/fweg\/?s={search_term_string}"},"query-input":{"@type":"PropertyValueSpecification","valueRequired":true,"valueName":"search_term_string"}}],"inLanguage":"fr-FR"}]}},"lang":"fr","translations":{"fr":503,"en":1053},"pll_sync_post":[],"_links":{"self":[{"href":"https:\/\/web.umons.ac.be\/fweg\/wp-json\/wp\/v2\/pages\/503","targetHints":{"allow":["GET"]}}],"collection":[{"href":"https:\/\/web.umons.ac.be\/fweg\/wp-json\/wp\/v2\/pages"}],"about":[{"href":"https:\/\/web.umons.ac.be\/fweg\/wp-json\/wp\/v2\/types\/page"}],"author":[{"embeddable":true,"href":"https:\/\/web.umons.ac.be\/fweg\/wp-json\/wp\/v2\/users\/2"}],"replies":[{"embeddable":true,"href":"https:\/\/web.umons.ac.be\/fweg\/wp-json\/wp\/v2\/comments?post=503"}],"version-history":[{"count":3,"href":"https:\/\/web.umons.ac.be\/fweg\/wp-json\/wp\/v2\/pages\/503\/revisions"}],"predecessor-version":[{"id":1665,"href":"https:\/\/web.umons.ac.be\/fweg\/wp-json\/wp\/v2\/pages\/503\/revisions\/1665"}],"up":[{"embeddable":true,"href":"https:\/\/web.umons.ac.be\/fweg\/wp-json\/wp\/v2\/pages\/446"}],"wp:attachment":[{"href":"https:\/\/web.umons.ac.be\/fweg\/wp-json\/wp\/v2\/media?parent=503"}],"curies":[{"name":"wp","href":"https:\/\/api.w.org\/{rel}","templated":true}]}}