{"id":601,"date":"2017-09-20T17:12:45","date_gmt":"2017-09-20T15:12:45","guid":{"rendered":"https:\/\/web.umons.ac.be\/fweg\/?page_id=601"},"modified":"2020-09-11T15:03:18","modified_gmt":"2020-09-11T13:03:18","slug":"etudes","status":"publish","type":"page","link":"https:\/\/web.umons.ac.be\/fweg\/fr\/etudes\/","title":{"rendered":"Etudes"},"content":{"rendered":"<p><iframe loading=\"lazy\" title=\"Pr\u00e9sentation de la facult\u00e9 Warocqu\u00e9 d&#039;\u00e9conomie et de gestion\" width=\"500\" height=\"281\" src=\"https:\/\/www.youtube.com\/embed\/i0SZpsPWFB0?feature=oembed\" frameborder=\"0\" allow=\"accelerometer; autoplay; clipboard-write; encrypted-media; gyroscope; picture-in-picture; web-share\" referrerpolicy=\"strict-origin-when-cross-origin\" allowfullscreen><\/iframe><\/p>\n<p><strong>La Facult\u00e9 Warocqu\u00e9, un enseignement de qualit\u00e9\u2026<\/strong><\/p>\n<p>La Facult\u00e9 Warocqu\u00e9 d\u2019Economie et de Gestion dispose d\u2019une offre de formations permettant aux \u00e9tudiants de s\u2019ins\u00e9rer ais\u00e9ment dans le monde professionnel. Elle a \u00e0 c\u0153ur de revoir r\u00e9guli\u00e8rement ses programmes afin que l\u2019offre de formation r\u00e9ponde aux besoins du monde professionnel et aux r\u00e9alit\u00e9s d\u2019aujourd\u2019hui.<\/p>\n<p>En plus de cela, elle met en place diff\u00e9rentes choses permettant \u00e0 l\u2019\u00e9tudiant de lutter contre les difficult\u00e9s du passage entre le secondaire et l\u2019universit\u00e9, de s\u2019\u00e9panouir dans sa vie \u00e9tudiante, de se sentir bien dans son cadre d\u2019\u00e9tude\u2026<\/p>\n","protected":false},"excerpt":{"rendered":"<p>La Facult\u00e9 Warocqu\u00e9, un enseignement de qualit\u00e9\u2026 La Facult\u00e9 Warocqu\u00e9 d\u2019Economie et de Gestion dispose d\u2019une offre de formations permettant aux \u00e9tudiants de s\u2019ins\u00e9rer ais\u00e9ment dans le monde professionnel. Elle a \u00e0 c\u0153ur de revoir r\u00e9guli\u00e8rement ses programmes afin que l\u2019offre de formation r\u00e9ponde aux besoins du monde professionnel et aux r\u00e9alit\u00e9s d\u2019aujourd\u2019hui. En plus [&hellip;]<\/p>\n","protected":false},"author":2,"featured_media":0,"parent":0,"menu_order":4,"comment_status":"closed","ping_status":"closed","template":"","meta":{"footnotes":""},"class_list":["post-601","page","type-page","status-publish","hentry"],"yoast_head":"<!-- This site is optimized with the Yoast SEO plugin v27.2 - https:\/\/yoast.com\/product\/yoast-seo-wordpress\/ -->\n<title>Etudes - Facult\u00e9 \/ FWEG<\/title>\n<meta name=\"robots\" content=\"index, follow, max-snippet:-1, max-image-preview:large, max-video-preview:-1\" \/>\n<link rel=\"canonical\" href=\"https:\/\/web.umons.ac.be\/fweg\/fr\/etudes\/\" \/>\n<meta property=\"og:locale\" content=\"fr_FR\" \/>\n<meta property=\"og:type\" content=\"article\" \/>\n<meta property=\"og:title\" content=\"Etudes - Facult\u00e9 \/ FWEG\" \/>\n<meta property=\"og:description\" content=\"La Facult\u00e9 Warocqu\u00e9, un enseignement de qualit\u00e9\u2026 La Facult\u00e9 Warocqu\u00e9 d\u2019Economie et de Gestion dispose d\u2019une offre de formations permettant aux \u00e9tudiants de s\u2019ins\u00e9rer ais\u00e9ment dans le monde professionnel. Elle a \u00e0 c\u0153ur de revoir r\u00e9guli\u00e8rement ses programmes afin que l\u2019offre de formation r\u00e9ponde aux besoins du monde professionnel et aux r\u00e9alit\u00e9s d\u2019aujourd\u2019hui. En plus [&hellip;]\" \/>\n<meta property=\"og:url\" content=\"https:\/\/web.umons.ac.be\/fweg\/fr\/etudes\/\" \/>\n<meta property=\"og:site_name\" content=\"Facult\u00e9 \/ FWEG\" \/>\n<meta property=\"article:modified_time\" content=\"2020-09-11T13:03:18+00:00\" \/>\n<meta name=\"twitter:card\" content=\"summary_large_image\" \/>\n<meta name=\"twitter:label1\" content=\"Dur\u00e9e de lecture estim\u00e9e\" \/>\n\t<meta name=\"twitter:data1\" content=\"1 minute\" \/>\n<script type=\"application\/ld+json\" class=\"yoast-schema-graph\">{\"@context\":\"https:\/\/schema.org\",\"@graph\":[{\"@type\":\"WebPage\",\"@id\":\"https:\/\/web.umons.ac.be\/fweg\/fr\/etudes\/\",\"url\":\"https:\/\/web.umons.ac.be\/fweg\/fr\/etudes\/\",\"name\":\"Etudes - Facult\u00e9 \/ FWEG\",\"isPartOf\":{\"@id\":\"https:\/\/web.umons.ac.be\/fweg\/#website\"},\"datePublished\":\"2017-09-20T15:12:45+00:00\",\"dateModified\":\"2020-09-11T13:03:18+00:00\",\"breadcrumb\":{\"@id\":\"https:\/\/web.umons.ac.be\/fweg\/fr\/etudes\/#breadcrumb\"},\"inLanguage\":\"fr-FR\",\"potentialAction\":[{\"@type\":\"ReadAction\",\"target\":[\"https:\/\/web.umons.ac.be\/fweg\/fr\/etudes\/\"]}]},{\"@type\":\"BreadcrumbList\",\"@id\":\"https:\/\/web.umons.ac.be\/fweg\/fr\/etudes\/#breadcrumb\",\"itemListElement\":[{\"@type\":\"ListItem\",\"position\":1,\"name\":\"Accueil\",\"item\":\"https:\/\/web.umons.ac.be\/fweg\/fr\/\"},{\"@type\":\"ListItem\",\"position\":2,\"name\":\"Etudes\"}]},{\"@type\":\"WebSite\",\"@id\":\"https:\/\/web.umons.ac.be\/fweg\/#website\",\"url\":\"https:\/\/web.umons.ac.be\/fweg\/\",\"name\":\"Facult\u00e9 \/ FWEG\",\"description\":\"\",\"potentialAction\":[{\"@type\":\"SearchAction\",\"target\":{\"@type\":\"EntryPoint\",\"urlTemplate\":\"https:\/\/web.umons.ac.be\/fweg\/?s={search_term_string}\"},\"query-input\":{\"@type\":\"PropertyValueSpecification\",\"valueRequired\":true,\"valueName\":\"search_term_string\"}}],\"inLanguage\":\"fr-FR\"}]}<\/script>\n<!-- \/ Yoast SEO plugin. -->","yoast_head_json":{"title":"Etudes - Facult\u00e9 \/ FWEG","robots":{"index":"index","follow":"follow","max-snippet":"max-snippet:-1","max-image-preview":"max-image-preview:large","max-video-preview":"max-video-preview:-1"},"canonical":"https:\/\/web.umons.ac.be\/fweg\/fr\/etudes\/","og_locale":"fr_FR","og_type":"article","og_title":"Etudes - Facult\u00e9 \/ FWEG","og_description":"La Facult\u00e9 Warocqu\u00e9, un enseignement de qualit\u00e9\u2026 La Facult\u00e9 Warocqu\u00e9 d\u2019Economie et de Gestion dispose d\u2019une offre de formations permettant aux \u00e9tudiants de s\u2019ins\u00e9rer ais\u00e9ment dans le monde professionnel. Elle a \u00e0 c\u0153ur de revoir r\u00e9guli\u00e8rement ses programmes afin que l\u2019offre de formation r\u00e9ponde aux besoins du monde professionnel et aux r\u00e9alit\u00e9s d\u2019aujourd\u2019hui. En plus [&hellip;]","og_url":"https:\/\/web.umons.ac.be\/fweg\/fr\/etudes\/","og_site_name":"Facult\u00e9 \/ FWEG","article_modified_time":"2020-09-11T13:03:18+00:00","twitter_card":"summary_large_image","twitter_misc":{"Dur\u00e9e de lecture estim\u00e9e":"1 minute"},"schema":{"@context":"https:\/\/schema.org","@graph":[{"@type":"WebPage","@id":"https:\/\/web.umons.ac.be\/fweg\/fr\/etudes\/","url":"https:\/\/web.umons.ac.be\/fweg\/fr\/etudes\/","name":"Etudes - Facult\u00e9 \/ FWEG","isPartOf":{"@id":"https:\/\/web.umons.ac.be\/fweg\/#website"},"datePublished":"2017-09-20T15:12:45+00:00","dateModified":"2020-09-11T13:03:18+00:00","breadcrumb":{"@id":"https:\/\/web.umons.ac.be\/fweg\/fr\/etudes\/#breadcrumb"},"inLanguage":"fr-FR","potentialAction":[{"@type":"ReadAction","target":["https:\/\/web.umons.ac.be\/fweg\/fr\/etudes\/"]}]},{"@type":"BreadcrumbList","@id":"https:\/\/web.umons.ac.be\/fweg\/fr\/etudes\/#breadcrumb","itemListElement":[{"@type":"ListItem","position":1,"name":"Accueil","item":"https:\/\/web.umons.ac.be\/fweg\/fr\/"},{"@type":"ListItem","position":2,"name":"Etudes"}]},{"@type":"WebSite","@id":"https:\/\/web.umons.ac.be\/fweg\/#website","url":"https:\/\/web.umons.ac.be\/fweg\/","name":"Facult\u00e9 \/ FWEG","description":"","potentialAction":[{"@type":"SearchAction","target":{"@type":"EntryPoint","urlTemplate":"https:\/\/web.umons.ac.be\/fweg\/?s={search_term_string}"},"query-input":{"@type":"PropertyValueSpecification","valueRequired":true,"valueName":"search_term_string"}}],"inLanguage":"fr-FR"}]}},"lang":"fr","translations":{"fr":601,"en":712},"pll_sync_post":[],"_links":{"self":[{"href":"https:\/\/web.umons.ac.be\/fweg\/wp-json\/wp\/v2\/pages\/601","targetHints":{"allow":["GET"]}}],"collection":[{"href":"https:\/\/web.umons.ac.be\/fweg\/wp-json\/wp\/v2\/pages"}],"about":[{"href":"https:\/\/web.umons.ac.be\/fweg\/wp-json\/wp\/v2\/types\/page"}],"author":[{"embeddable":true,"href":"https:\/\/web.umons.ac.be\/fweg\/wp-json\/wp\/v2\/users\/2"}],"replies":[{"embeddable":true,"href":"https:\/\/web.umons.ac.be\/fweg\/wp-json\/wp\/v2\/comments?post=601"}],"version-history":[{"count":4,"href":"https:\/\/web.umons.ac.be\/fweg\/wp-json\/wp\/v2\/pages\/601\/revisions"}],"predecessor-version":[{"id":1558,"href":"https:\/\/web.umons.ac.be\/fweg\/wp-json\/wp\/v2\/pages\/601\/revisions\/1558"}],"wp:attachment":[{"href":"https:\/\/web.umons.ac.be\/fweg\/wp-json\/wp\/v2\/media?parent=601"}],"curies":[{"name":"wp","href":"https:\/\/api.w.org\/{rel}","templated":true}]}}