{"id":652,"date":"2017-10-20T15:42:04","date_gmt":"2017-10-20T13:42:04","guid":{"rendered":"https:\/\/web.umons.ac.be\/fweg\/?page_id=652"},"modified":"2020-05-27T09:09:35","modified_gmt":"2020-05-27T07:09:35","slug":"associations-facultaires","status":"publish","type":"page","link":"https:\/\/web.umons.ac.be\/fweg\/en\/etudes\/a-propos-de-la-faculte\/associations-facultaires\/","title":{"rendered":"Faculty Associations"},"content":{"rendered":"<h4>AGE<\/h4>\n<p><img loading=\"lazy\" decoding=\"async\" class=\"alignright wp-image-653 size-thumbnail\" src=\"https:\/\/web.umons.ac.be\/app\/uploads\/sites\/9\/2017\/06\/12FWEG-2016.pdf-Adobe-Acrobat-Pro-DC-27-150x150.jpg\" alt=\"\" width=\"150\" height=\"150\" srcset=\"https:\/\/web.umons.ac.be\/app\/uploads\/sites\/9\/2017\/06\/12FWEG-2016.pdf-Adobe-Acrobat-Pro-DC-27-150x150.jpg 150w, https:\/\/web.umons.ac.be\/app\/uploads\/sites\/9\/2017\/06\/12FWEG-2016.pdf-Adobe-Acrobat-Pro-DC-27-80x80.jpg 80w, https:\/\/web.umons.ac.be\/app\/uploads\/sites\/9\/2017\/06\/12FWEG-2016.pdf-Adobe-Acrobat-Pro-DC-27-200x200.jpg 200w\" sizes=\"auto, (max-width: 150px) 100vw, 150px\" \/>The AGE student association has existed since 1904. It organises many fun and important activities for students:<\/p>\n<ul>\n<li>Support during study leave and examination periods<\/li>\n<li>Cultural and sports events<\/li>\n<li>Student rituals<\/li>\n<li>Parties<\/li>\n<li>The Mons Cup<\/li>\n<\/ul>\n<p><strong>Contact<\/strong> :\u00a0<a href=\"mailto:age_warocque@hotmail.com\">age_warocque@hotmail.com\u00a0<\/a><\/p>\n<hr \/>\n<h4>JEWaC\u2019S<\/h4>\n<p><img loading=\"lazy\" decoding=\"async\" class=\"alignright size-thumbnail wp-image-654\" src=\"https:\/\/web.umons.ac.be\/app\/uploads\/sites\/9\/2017\/06\/12FWEG-2016.pdf-Adobe-Acrobat-Pro-DC-29-150x150.jpg\" alt=\"\" width=\"150\" height=\"150\" srcset=\"https:\/\/web.umons.ac.be\/app\/uploads\/sites\/9\/2017\/06\/12FWEG-2016.pdf-Adobe-Acrobat-Pro-DC-29-150x150.jpg 150w, https:\/\/web.umons.ac.be\/app\/uploads\/sites\/9\/2017\/06\/12FWEG-2016.pdf-Adobe-Acrobat-Pro-DC-29-80x80.jpg 80w, https:\/\/web.umons.ac.be\/app\/uploads\/sites\/9\/2017\/06\/12FWEG-2016.pdf-Adobe-Acrobat-Pro-DC-29-200x200.jpg 200w\" sizes=\"auto, (max-width: 150px) 100vw, 150px\" \/>The Junior Enterprise Warocqu\u00e9 Consulting Services (JeWacs), created in May 2003, is a non-profit organisation managed exclusively by FWEG students from all years.<\/p>\n<p>The JeWacs provides services in the fields of finance (e.g. financial and accounting audits), marketing and sales (e.g. market research), IT (e.g. websites, advice, etc.), and management consultancy (e.g. business start-ups).<\/p>\n<p>Website :\u00a0<a href=\"http:\/\/jewacsasbl.wix.com\/jewacs\">http:\/\/jewacsasbl.wix.com\/jewacs<\/a><br \/>\nContact :\u00a0<a href=\"mailto:jewacsasbl@gmail.com\">jewacsasbl@gmail.com<\/a><\/p>\n<hr \/>\n<h4>AICM<\/h4>\n<p><img loading=\"lazy\" decoding=\"async\" class=\"alignright size-thumbnail wp-image-655\" src=\"https:\/\/web.umons.ac.be\/app\/uploads\/sites\/9\/2017\/06\/12FWEG-2016.pdf-Adobe-Acrobat-Pro-DC-28-150x150.jpg\" alt=\"\" width=\"150\" height=\"150\" srcset=\"https:\/\/web.umons.ac.be\/app\/uploads\/sites\/9\/2017\/06\/12FWEG-2016.pdf-Adobe-Acrobat-Pro-DC-28-150x150.jpg 150w, https:\/\/web.umons.ac.be\/app\/uploads\/sites\/9\/2017\/06\/12FWEG-2016.pdf-Adobe-Acrobat-Pro-DC-28-80x80.jpg 80w\" sizes=\"auto, (max-width: 150px) 100vw, 150px\" \/>The Warocqu\u00e9 School Alumni Association (Association Royale des Ing\u00e9nieurs Commerciaux, Licenci\u00e9s et Docteurs de Mons-Charleroi Warocqu\u00e9 A.S.B.L \u2013 AICM) provides students and graduates with a network of knowledge for :<\/p>\n<ul>\n<li>Helping members find work<\/li>\n<li>Supporting members\u2019 initiatives and associations<\/li>\n<li>Intensifying contacts between members<\/li>\n<li>Defending the interests of its members<\/li>\n<\/ul>\n<p>The AICM also organises activities throughout the academic year, such as:<\/p>\n<ul>\n<li>Business dinners\/lunches<\/li>\n<li>Conf\u00e9rences<\/li>\n<li>Cultural and sports events<\/li>\n<li>Supporting and sponsoring student events (the Mons Cup, the Academic Ball, Warocqu\u00e9 Career Day, etc.)<\/li>\n<li>Awarding students the AICM prize during the proclamations<\/li>\n<li>Funding grants for studies and placements abroad<\/li>\n<\/ul>\n<p>Contact :\u00a0<a href=\"mailto:aicm@umons.ac.be\">aicm@umons.ac.be<\/a><\/p>\n<p>&nbsp;<\/p>\n","protected":false},"excerpt":{"rendered":"<p>AGE The AGE student association has existed since 1904. It organises many fun and important activities for students: Support during study leave and examination periods Cultural and sports events Student rituals Parties The Mons Cup Contact :\u00a0age_warocque@hotmail.com\u00a0 JEWaC\u2019S The Junior Enterprise Warocqu\u00e9 Consulting Services (JeWacs), created in May 2003, is a non-profit organisation managed exclusively [&hellip;]<\/p>\n","protected":false},"author":3,"featured_media":0,"parent":643,"menu_order":0,"comment_status":"closed","ping_status":"closed","template":"","meta":{"footnotes":""},"class_list":["post-652","page","type-page","status-publish","hentry"],"yoast_head":"<!-- This site is optimized with the Yoast SEO plugin v27.2 - https:\/\/yoast.com\/product\/yoast-seo-wordpress\/ -->\n<title>Faculty Associations - Facult\u00e9 \/ FWEG<\/title>\n<meta name=\"robots\" content=\"index, follow, max-snippet:-1, max-image-preview:large, max-video-preview:-1\" \/>\n<link rel=\"canonical\" href=\"https:\/\/web.umons.ac.be\/fweg\/en\/etudes\/a-propos-de-la-faculte\/associations-facultaires\/\" \/>\n<meta property=\"og:locale\" content=\"fr_FR\" \/>\n<meta property=\"og:type\" content=\"article\" \/>\n<meta property=\"og:title\" content=\"Faculty Associations - Facult\u00e9 \/ FWEG\" \/>\n<meta property=\"og:description\" content=\"AGE The AGE student association has existed since 1904. It organises many fun and important activities for students: Support during study leave and examination periods Cultural and sports events Student rituals Parties The Mons Cup Contact :\u00a0age_warocque@hotmail.com\u00a0 JEWaC\u2019S The Junior Enterprise Warocqu\u00e9 Consulting Services (JeWacs), created in May 2003, is a non-profit organisation managed exclusively [&hellip;]\" \/>\n<meta property=\"og:url\" content=\"https:\/\/web.umons.ac.be\/fweg\/en\/etudes\/a-propos-de-la-faculte\/associations-facultaires\/\" \/>\n<meta property=\"og:site_name\" content=\"Facult\u00e9 \/ FWEG\" \/>\n<meta property=\"article:modified_time\" content=\"2020-05-27T07:09:35+00:00\" \/>\n<meta property=\"og:image\" content=\"https:\/\/web.umons.ac.be\/app\/uploads\/sites\/9\/2017\/06\/12FWEG-2016.pdf-Adobe-Acrobat-Pro-DC-27-150x150.jpg\" \/>\n<meta name=\"twitter:card\" content=\"summary_large_image\" \/>\n<meta name=\"twitter:label1\" content=\"Dur\u00e9e de lecture estim\u00e9e\" \/>\n\t<meta name=\"twitter:data1\" content=\"1 minute\" \/>\n<script type=\"application\/ld+json\" class=\"yoast-schema-graph\">{\"@context\":\"https:\/\/schema.org\",\"@graph\":[{\"@type\":\"WebPage\",\"@id\":\"https:\/\/web.umons.ac.be\/fweg\/en\/etudes\/a-propos-de-la-faculte\/associations-facultaires\/\",\"url\":\"https:\/\/web.umons.ac.be\/fweg\/en\/etudes\/a-propos-de-la-faculte\/associations-facultaires\/\",\"name\":\"Faculty Associations - Facult\u00e9 \/ FWEG\",\"isPartOf\":{\"@id\":\"https:\/\/web.umons.ac.be\/fweg\/#website\"},\"primaryImageOfPage\":{\"@id\":\"https:\/\/web.umons.ac.be\/fweg\/en\/etudes\/a-propos-de-la-faculte\/associations-facultaires\/#primaryimage\"},\"image\":{\"@id\":\"https:\/\/web.umons.ac.be\/fweg\/en\/etudes\/a-propos-de-la-faculte\/associations-facultaires\/#primaryimage\"},\"thumbnailUrl\":\"https:\/\/web.umons.ac.be\/app\/uploads\/sites\/9\/2017\/06\/12FWEG-2016.pdf-Adobe-Acrobat-Pro-DC-27-150x150.jpg\",\"datePublished\":\"2017-10-20T13:42:04+00:00\",\"dateModified\":\"2020-05-27T07:09:35+00:00\",\"breadcrumb\":{\"@id\":\"https:\/\/web.umons.ac.be\/fweg\/en\/etudes\/a-propos-de-la-faculte\/associations-facultaires\/#breadcrumb\"},\"inLanguage\":\"fr-FR\",\"potentialAction\":[{\"@type\":\"ReadAction\",\"target\":[\"https:\/\/web.umons.ac.be\/fweg\/en\/etudes\/a-propos-de-la-faculte\/associations-facultaires\/\"]}]},{\"@type\":\"ImageObject\",\"inLanguage\":\"fr-FR\",\"@id\":\"https:\/\/web.umons.ac.be\/fweg\/en\/etudes\/a-propos-de-la-faculte\/associations-facultaires\/#primaryimage\",\"url\":\"https:\/\/web.umons.ac.be\/app\/uploads\/sites\/9\/2017\/06\/12FWEG-2016.pdf-Adobe-Acrobat-Pro-DC-27-150x150.jpg\",\"contentUrl\":\"https:\/\/web.umons.ac.be\/app\/uploads\/sites\/9\/2017\/06\/12FWEG-2016.pdf-Adobe-Acrobat-Pro-DC-27-150x150.jpg\"},{\"@type\":\"BreadcrumbList\",\"@id\":\"https:\/\/web.umons.ac.be\/fweg\/en\/etudes\/a-propos-de-la-faculte\/associations-facultaires\/#breadcrumb\",\"itemListElement\":[{\"@type\":\"ListItem\",\"position\":1,\"name\":\"Accueil\",\"item\":\"https:\/\/web.umons.ac.be\/fweg\/fr\/\"},{\"@type\":\"ListItem\",\"position\":2,\"name\":\"Studies\",\"item\":\"https:\/\/web.umons.ac.be\/fweg\/en\/etudes\/\"},{\"@type\":\"ListItem\",\"position\":3,\"name\":\"About the Faculty\",\"item\":\"https:\/\/web.umons.ac.be\/fweg\/en\/etudes\/a-propos-de-la-faculte\/\"},{\"@type\":\"ListItem\",\"position\":4,\"name\":\"Faculty Associations\"}]},{\"@type\":\"WebSite\",\"@id\":\"https:\/\/web.umons.ac.be\/fweg\/#website\",\"url\":\"https:\/\/web.umons.ac.be\/fweg\/\",\"name\":\"Facult\u00e9 \/ FWEG\",\"description\":\"\",\"potentialAction\":[{\"@type\":\"SearchAction\",\"target\":{\"@type\":\"EntryPoint\",\"urlTemplate\":\"https:\/\/web.umons.ac.be\/fweg\/?s={search_term_string}\"},\"query-input\":{\"@type\":\"PropertyValueSpecification\",\"valueRequired\":true,\"valueName\":\"search_term_string\"}}],\"inLanguage\":\"fr-FR\"}]}<\/script>\n<!-- \/ Yoast SEO plugin. -->","yoast_head_json":{"title":"Faculty Associations - Facult\u00e9 \/ FWEG","robots":{"index":"index","follow":"follow","max-snippet":"max-snippet:-1","max-image-preview":"max-image-preview:large","max-video-preview":"max-video-preview:-1"},"canonical":"https:\/\/web.umons.ac.be\/fweg\/en\/etudes\/a-propos-de-la-faculte\/associations-facultaires\/","og_locale":"fr_FR","og_type":"article","og_title":"Faculty Associations - Facult\u00e9 \/ FWEG","og_description":"AGE The AGE student association has existed since 1904. It organises many fun and important activities for students: Support during study leave and examination periods Cultural and sports events Student rituals Parties The Mons Cup Contact :\u00a0age_warocque@hotmail.com\u00a0 JEWaC\u2019S The Junior Enterprise Warocqu\u00e9 Consulting Services (JeWacs), created in May 2003, is a non-profit organisation managed exclusively [&hellip;]","og_url":"https:\/\/web.umons.ac.be\/fweg\/en\/etudes\/a-propos-de-la-faculte\/associations-facultaires\/","og_site_name":"Facult\u00e9 \/ FWEG","article_modified_time":"2020-05-27T07:09:35+00:00","og_image":[{"url":"https:\/\/web.umons.ac.be\/app\/uploads\/sites\/9\/2017\/06\/12FWEG-2016.pdf-Adobe-Acrobat-Pro-DC-27-150x150.jpg","type":"","width":"","height":""}],"twitter_card":"summary_large_image","twitter_misc":{"Dur\u00e9e de lecture estim\u00e9e":"1 minute"},"schema":{"@context":"https:\/\/schema.org","@graph":[{"@type":"WebPage","@id":"https:\/\/web.umons.ac.be\/fweg\/en\/etudes\/a-propos-de-la-faculte\/associations-facultaires\/","url":"https:\/\/web.umons.ac.be\/fweg\/en\/etudes\/a-propos-de-la-faculte\/associations-facultaires\/","name":"Faculty Associations - Facult\u00e9 \/ FWEG","isPartOf":{"@id":"https:\/\/web.umons.ac.be\/fweg\/#website"},"primaryImageOfPage":{"@id":"https:\/\/web.umons.ac.be\/fweg\/en\/etudes\/a-propos-de-la-faculte\/associations-facultaires\/#primaryimage"},"image":{"@id":"https:\/\/web.umons.ac.be\/fweg\/en\/etudes\/a-propos-de-la-faculte\/associations-facultaires\/#primaryimage"},"thumbnailUrl":"https:\/\/web.umons.ac.be\/app\/uploads\/sites\/9\/2017\/06\/12FWEG-2016.pdf-Adobe-Acrobat-Pro-DC-27-150x150.jpg","datePublished":"2017-10-20T13:42:04+00:00","dateModified":"2020-05-27T07:09:35+00:00","breadcrumb":{"@id":"https:\/\/web.umons.ac.be\/fweg\/en\/etudes\/a-propos-de-la-faculte\/associations-facultaires\/#breadcrumb"},"inLanguage":"fr-FR","potentialAction":[{"@type":"ReadAction","target":["https:\/\/web.umons.ac.be\/fweg\/en\/etudes\/a-propos-de-la-faculte\/associations-facultaires\/"]}]},{"@type":"ImageObject","inLanguage":"fr-FR","@id":"https:\/\/web.umons.ac.be\/fweg\/en\/etudes\/a-propos-de-la-faculte\/associations-facultaires\/#primaryimage","url":"https:\/\/web.umons.ac.be\/app\/uploads\/sites\/9\/2017\/06\/12FWEG-2016.pdf-Adobe-Acrobat-Pro-DC-27-150x150.jpg","contentUrl":"https:\/\/web.umons.ac.be\/app\/uploads\/sites\/9\/2017\/06\/12FWEG-2016.pdf-Adobe-Acrobat-Pro-DC-27-150x150.jpg"},{"@type":"BreadcrumbList","@id":"https:\/\/web.umons.ac.be\/fweg\/en\/etudes\/a-propos-de-la-faculte\/associations-facultaires\/#breadcrumb","itemListElement":[{"@type":"ListItem","position":1,"name":"Accueil","item":"https:\/\/web.umons.ac.be\/fweg\/fr\/"},{"@type":"ListItem","position":2,"name":"Studies","item":"https:\/\/web.umons.ac.be\/fweg\/en\/etudes\/"},{"@type":"ListItem","position":3,"name":"About the Faculty","item":"https:\/\/web.umons.ac.be\/fweg\/en\/etudes\/a-propos-de-la-faculte\/"},{"@type":"ListItem","position":4,"name":"Faculty Associations"}]},{"@type":"WebSite","@id":"https:\/\/web.umons.ac.be\/fweg\/#website","url":"https:\/\/web.umons.ac.be\/fweg\/","name":"Facult\u00e9 \/ FWEG","description":"","potentialAction":[{"@type":"SearchAction","target":{"@type":"EntryPoint","urlTemplate":"https:\/\/web.umons.ac.be\/fweg\/?s={search_term_string}"},"query-input":{"@type":"PropertyValueSpecification","valueRequired":true,"valueName":"search_term_string"}}],"inLanguage":"fr-FR"}]}},"lang":"en","translations":{"en":652,"fr":318},"pll_sync_post":[],"_links":{"self":[{"href":"https:\/\/web.umons.ac.be\/fweg\/wp-json\/wp\/v2\/pages\/652","targetHints":{"allow":["GET"]}}],"collection":[{"href":"https:\/\/web.umons.ac.be\/fweg\/wp-json\/wp\/v2\/pages"}],"about":[{"href":"https:\/\/web.umons.ac.be\/fweg\/wp-json\/wp\/v2\/types\/page"}],"author":[{"embeddable":true,"href":"https:\/\/web.umons.ac.be\/fweg\/wp-json\/wp\/v2\/users\/3"}],"replies":[{"embeddable":true,"href":"https:\/\/web.umons.ac.be\/fweg\/wp-json\/wp\/v2\/comments?post=652"}],"version-history":[{"count":6,"href":"https:\/\/web.umons.ac.be\/fweg\/wp-json\/wp\/v2\/pages\/652\/revisions"}],"predecessor-version":[{"id":1515,"href":"https:\/\/web.umons.ac.be\/fweg\/wp-json\/wp\/v2\/pages\/652\/revisions\/1515"}],"up":[{"embeddable":true,"href":"https:\/\/web.umons.ac.be\/fweg\/wp-json\/wp\/v2\/pages\/643"}],"wp:attachment":[{"href":"https:\/\/web.umons.ac.be\/fweg\/wp-json\/wp\/v2\/media?parent=652"}],"curies":[{"name":"wp","href":"https:\/\/api.w.org\/{rel}","templated":true}]}}