{"id":695,"date":"2017-10-23T14:22:46","date_gmt":"2017-10-23T12:22:46","guid":{"rendered":"https:\/\/web.umons.ac.be\/fweg\/?page_id=695"},"modified":"2018-01-18T15:23:29","modified_gmt":"2018-01-18T14:23:29","slug":"debouches","status":"publish","type":"page","link":"https:\/\/web.umons.ac.be\/fweg\/en\/etudes\/debouches\/","title":{"rendered":"Career Prospects"},"content":{"rendered":"<p>All courses offered by the FWEG provide various career opportunities for their graduates. They acquire expertise in a wide range of functions related to organisation, administration, business management, finance, human resources, studies, and analysis. This expertise can be used both in private companies and in public bodies and institutions, both in Belgium and abroad.<\/p>\n<h4>Prospects for Studies in Economics and Management<\/h4>\n<p>Here are just some of the potential career opportunities for those who have studied Economics and Management at the FWEG:<\/p>\n<p><img loading=\"lazy\" decoding=\"async\" class=\"aligncenter wp-image-696 size-full\" src=\"https:\/\/web.umons.ac.be\/app\/uploads\/sites\/9\/2017\/05\/FWEG-ouvres20ses20portes1.jpg\" alt=\"\" width=\"720\" height=\"516\" srcset=\"https:\/\/web.umons.ac.be\/app\/uploads\/sites\/9\/2017\/05\/FWEG-ouvres20ses20portes1.jpg 720w, https:\/\/web.umons.ac.be\/app\/uploads\/sites\/9\/2017\/05\/FWEG-ouvres20ses20portes1-300x215.jpg 300w, https:\/\/web.umons.ac.be\/app\/uploads\/sites\/9\/2017\/05\/FWEG-ouvres20ses20portes1-30x22.jpg 30w, https:\/\/web.umons.ac.be\/app\/uploads\/sites\/9\/2017\/05\/FWEG-ouvres20ses20portes1-60x43.jpg 60w, https:\/\/web.umons.ac.be\/app\/uploads\/sites\/9\/2017\/05\/FWEG-ouvres20ses20portes1-360x258.jpg 360w\" sizes=\"auto, (max-width: 720px) 100vw, 720px\" \/><\/p>\n<h4>Prospects for the MA in Economic and Social Policy<\/h4>\n<p>Here are just some of the potential career opportunities for those who have studied Economics and Social Policy at the FWEG:<\/p>\n<ul>\n<li>Manage a department of a private or public enterprise<\/li>\n<li>Exercise economic, political or social responsibilities in a local, regional, federal government<\/li>\n<li>Be part of a large national or international institution as a collaborator, a consultant, etc.<\/li>\n<li>Work in the field of social economy<\/li>\n<li>Teach<\/li>\n<li>Develop a political career<\/li>\n<li>Be a researcher in an economic, political or social field<\/li>\n<\/ul>\n<start-cask-shortcode-wrapper>\n<blockquote class=\"shortcode-testimonial scheme-fweg\">\n    <div class=\"testimonial-quote\">\n        <div><h4>Son job ? Responsable du D\u00e9partement Ecologie F\u00e9d\u00e9ration belge des Industries de Ciment<\/h4>\r\nJe travaille dans un environnement dynamique et sur des mati\u00e8res en constante \u00e9volution. Ma fonction m&hellip;<\/div>\n                <a href=\"#testimonial-modal-35\" class=\"button-secondary open-testimonial scheme-border scheme-color-hover-important\">\n            Poursuivre la lecture <span class=\"icon umons-icon-tail-right\" aria-hidden=\"true\"><\/span>\n        <\/a>\n            <\/div>\n    <div class=\"testimonial-author\">\n                <div class=\"testimonial-picture\">\n            <img decoding=\"async\" src=\"https:\/\/web.umons.ac.be\/app\/uploads\/sites\/9\/2017\/05\/sebastien20loiseau20petit1-80x80.jpg\" alt=\"\" \/>\n        <\/div>\n                <div class=\"testimonial-text\">\n            <div class=\"testimonial-identity\">\n                <span class=\"testimonial-author-name\">S\u00e9bastien  Loiseau<\/span>\n                            <\/div>\n            <div class=\"testimonial-meta\">\n                                                <span class=\"testimonial-group\">Ing\u00e9nieur de Gestion, Promotion 2001<\/span>\n                            <\/div>\n        <\/div>\n    <\/div>\n<\/blockquote>\n<div id=\"testimonial-modal-35\" class=\"testimonial-modal-wrap normal\" style=\"display: none;\">\n    <div class=\"shortcode-testimonial-modal\">\n        <blockquote class=\"shortcode-testimonial\">\n            <div class=\"testimonial-quote editor-front\">\n                                <blockquote class=\"highlighted-quote\">Clairement, les \u00e9tudes d\u2019Ing\u00e9nieur de Gestion et, en particulier, la formation re\u00e7ue dans le domaine du management environnemental m\u2019ont apport\u00e9 la polyvalence n\u00e9cessaire pour m\u2019adapter aux diff\u00e9rents interlocuteurs rencontr\u00e9s et aux exigences requises pour l\u2019\u00e9tude, le suivi et le traitement des probl\u00e9matiques environnementales<\/blockquote>\n                                                <div class=\"testimonial-full-quote\"><h4>Son job ? Responsable du D\u00e9partement Ecologie F\u00e9d\u00e9ration belge des Industries de Ciment<\/h4>\n<p>Je travaille dans un environnement dynamique et sur des mati\u00e8res en constante \u00e9volution. Ma fonction me conduit \u00e0 \u00eatre de mani\u00e8re r\u00e9guli\u00e8re en discussion avec de nombreux responsables politiques, belges et europ\u00e9ens et \u00e0 participer aux travaux de la F\u00e9d\u00e9ration europ\u00e9enne des cimentiers o\u00f9 presque tous les Etats membres de l&rsquo;Union europ\u00e9enne sont repr\u00e9sent\u00e9s. Les rencontres sur le terrain avec les entreprises sont \u00e9galement des moments privil\u00e9gi\u00e9s. Clairement, les \u00e9tudes d&rsquo;Ing\u00e9nieur de Gestion et, en particulier, la formation re\u00e7ue dans le domaine du management environnemental mont apport\u00e9 la polyvalence n\u00e9cessaire pour m&rsquo;adapter aux diff\u00e9rents interlocuteurs rencontr\u00e9s et aux exigences requises pour l&rsquo;\u00e9tude, le suivi et le traitement des probl\u00e9matiques environnementales.<\/p>\n<\/div>\n                            <\/div>\n            <div class=\"testimonial-author\">\n                                <div class=\"testimonial-picture\">\n                    <img decoding=\"async\" src=\"https:\/\/web.umons.ac.be\/app\/uploads\/sites\/9\/2017\/05\/sebastien20loiseau20petit1-80x80.jpg\" alt=\"\" \/>\n                <\/div>\n                                <div class=\"testimonial-text\">\n                    <div class=\"testimonial-identity\">\n                        <span class=\"testimonial-author-name\">S\u00e9bastien  Loiseau<\/span>\n                                            <\/div>\n                    <div class=\"testimonial-meta\">\n                                                                        <span class=\"testimonial-group\">(Ing\u00e9nieur de Gestion, Promotion 2001)<\/span>\n                                            <\/div>\n                <\/div>\n            <\/div>\n        <\/blockquote>\n    <\/div>\n<\/div>\n<end-cask-shortcode-wrapper>\n","protected":false},"excerpt":{"rendered":"<p>All courses offered by the FWEG provide various career opportunities for their graduates. They acquire expertise in a wide range of functions related to organisation, administration, business management, finance, human resources, studies, and analysis. This expertise can be used both in private companies and in public bodies and institutions, both in Belgium and abroad. Prospects [&hellip;]<\/p>\n","protected":false},"author":3,"featured_media":0,"parent":712,"menu_order":8,"comment_status":"closed","ping_status":"closed","template":"","meta":{"footnotes":""},"class_list":["post-695","page","type-page","status-publish","hentry"],"yoast_head":"<!-- This site is optimized with the Yoast SEO plugin v27.2 - https:\/\/yoast.com\/product\/yoast-seo-wordpress\/ -->\n<title>Career Prospects - Facult\u00e9 \/ FWEG<\/title>\n<meta name=\"robots\" content=\"index, follow, max-snippet:-1, max-image-preview:large, max-video-preview:-1\" \/>\n<link rel=\"canonical\" href=\"https:\/\/web.umons.ac.be\/fweg\/en\/etudes\/debouches\/\" \/>\n<meta property=\"og:locale\" content=\"fr_FR\" \/>\n<meta property=\"og:type\" content=\"article\" \/>\n<meta property=\"og:title\" content=\"Career Prospects - Facult\u00e9 \/ FWEG\" \/>\n<meta property=\"og:description\" content=\"All courses offered by the FWEG provide various career opportunities for their graduates. They acquire expertise in a wide range of functions related to organisation, administration, business management, finance, human resources, studies, and analysis. This expertise can be used both in private companies and in public bodies and institutions, both in Belgium and abroad. Prospects [&hellip;]\" \/>\n<meta property=\"og:url\" content=\"https:\/\/web.umons.ac.be\/fweg\/en\/etudes\/debouches\/\" \/>\n<meta property=\"og:site_name\" content=\"Facult\u00e9 \/ FWEG\" \/>\n<meta property=\"article:modified_time\" content=\"2018-01-18T14:23:29+00:00\" \/>\n<meta property=\"og:image\" content=\"https:\/\/web.umons.ac.be\/app\/uploads\/sites\/9\/2017\/05\/FWEG-ouvres20ses20portes1.jpg\" \/>\n<meta name=\"twitter:card\" content=\"summary_large_image\" \/>\n<meta name=\"twitter:label1\" content=\"Dur\u00e9e de lecture estim\u00e9e\" \/>\n\t<meta name=\"twitter:data1\" content=\"1 minute\" \/>\n<script type=\"application\/ld+json\" class=\"yoast-schema-graph\">{\"@context\":\"https:\/\/schema.org\",\"@graph\":[{\"@type\":\"WebPage\",\"@id\":\"https:\/\/web.umons.ac.be\/fweg\/en\/etudes\/debouches\/\",\"url\":\"https:\/\/web.umons.ac.be\/fweg\/en\/etudes\/debouches\/\",\"name\":\"Career Prospects - Facult\u00e9 \/ FWEG\",\"isPartOf\":{\"@id\":\"https:\/\/web.umons.ac.be\/fweg\/#website\"},\"primaryImageOfPage\":{\"@id\":\"https:\/\/web.umons.ac.be\/fweg\/en\/etudes\/debouches\/#primaryimage\"},\"image\":{\"@id\":\"https:\/\/web.umons.ac.be\/fweg\/en\/etudes\/debouches\/#primaryimage\"},\"thumbnailUrl\":\"https:\/\/web.umons.ac.be\/app\/uploads\/sites\/9\/2017\/05\/FWEG-ouvres20ses20portes1.jpg\",\"datePublished\":\"2017-10-23T12:22:46+00:00\",\"dateModified\":\"2018-01-18T14:23:29+00:00\",\"breadcrumb\":{\"@id\":\"https:\/\/web.umons.ac.be\/fweg\/en\/etudes\/debouches\/#breadcrumb\"},\"inLanguage\":\"fr-FR\",\"potentialAction\":[{\"@type\":\"ReadAction\",\"target\":[\"https:\/\/web.umons.ac.be\/fweg\/en\/etudes\/debouches\/\"]}]},{\"@type\":\"ImageObject\",\"inLanguage\":\"fr-FR\",\"@id\":\"https:\/\/web.umons.ac.be\/fweg\/en\/etudes\/debouches\/#primaryimage\",\"url\":\"https:\/\/web.umons.ac.be\/app\/uploads\/sites\/9\/2017\/05\/FWEG-ouvres20ses20portes1.jpg\",\"contentUrl\":\"https:\/\/web.umons.ac.be\/app\/uploads\/sites\/9\/2017\/05\/FWEG-ouvres20ses20portes1.jpg\"},{\"@type\":\"BreadcrumbList\",\"@id\":\"https:\/\/web.umons.ac.be\/fweg\/en\/etudes\/debouches\/#breadcrumb\",\"itemListElement\":[{\"@type\":\"ListItem\",\"position\":1,\"name\":\"Accueil\",\"item\":\"https:\/\/web.umons.ac.be\/fweg\/fr\/\"},{\"@type\":\"ListItem\",\"position\":2,\"name\":\"Studies\",\"item\":\"https:\/\/web.umons.ac.be\/fweg\/en\/etudes\/\"},{\"@type\":\"ListItem\",\"position\":3,\"name\":\"Career Prospects\"}]},{\"@type\":\"WebSite\",\"@id\":\"https:\/\/web.umons.ac.be\/fweg\/#website\",\"url\":\"https:\/\/web.umons.ac.be\/fweg\/\",\"name\":\"Facult\u00e9 \/ FWEG\",\"description\":\"\",\"potentialAction\":[{\"@type\":\"SearchAction\",\"target\":{\"@type\":\"EntryPoint\",\"urlTemplate\":\"https:\/\/web.umons.ac.be\/fweg\/?s={search_term_string}\"},\"query-input\":{\"@type\":\"PropertyValueSpecification\",\"valueRequired\":true,\"valueName\":\"search_term_string\"}}],\"inLanguage\":\"fr-FR\"}]}<\/script>\n<!-- \/ Yoast SEO plugin. -->","yoast_head_json":{"title":"Career Prospects - Facult\u00e9 \/ FWEG","robots":{"index":"index","follow":"follow","max-snippet":"max-snippet:-1","max-image-preview":"max-image-preview:large","max-video-preview":"max-video-preview:-1"},"canonical":"https:\/\/web.umons.ac.be\/fweg\/en\/etudes\/debouches\/","og_locale":"fr_FR","og_type":"article","og_title":"Career Prospects - Facult\u00e9 \/ FWEG","og_description":"All courses offered by the FWEG provide various career opportunities for their graduates. They acquire expertise in a wide range of functions related to organisation, administration, business management, finance, human resources, studies, and analysis. This expertise can be used both in private companies and in public bodies and institutions, both in Belgium and abroad. Prospects [&hellip;]","og_url":"https:\/\/web.umons.ac.be\/fweg\/en\/etudes\/debouches\/","og_site_name":"Facult\u00e9 \/ FWEG","article_modified_time":"2018-01-18T14:23:29+00:00","og_image":[{"url":"https:\/\/web.umons.ac.be\/app\/uploads\/sites\/9\/2017\/05\/FWEG-ouvres20ses20portes1.jpg","type":"","width":"","height":""}],"twitter_card":"summary_large_image","twitter_misc":{"Dur\u00e9e de lecture estim\u00e9e":"1 minute"},"schema":{"@context":"https:\/\/schema.org","@graph":[{"@type":"WebPage","@id":"https:\/\/web.umons.ac.be\/fweg\/en\/etudes\/debouches\/","url":"https:\/\/web.umons.ac.be\/fweg\/en\/etudes\/debouches\/","name":"Career Prospects - Facult\u00e9 \/ FWEG","isPartOf":{"@id":"https:\/\/web.umons.ac.be\/fweg\/#website"},"primaryImageOfPage":{"@id":"https:\/\/web.umons.ac.be\/fweg\/en\/etudes\/debouches\/#primaryimage"},"image":{"@id":"https:\/\/web.umons.ac.be\/fweg\/en\/etudes\/debouches\/#primaryimage"},"thumbnailUrl":"https:\/\/web.umons.ac.be\/app\/uploads\/sites\/9\/2017\/05\/FWEG-ouvres20ses20portes1.jpg","datePublished":"2017-10-23T12:22:46+00:00","dateModified":"2018-01-18T14:23:29+00:00","breadcrumb":{"@id":"https:\/\/web.umons.ac.be\/fweg\/en\/etudes\/debouches\/#breadcrumb"},"inLanguage":"fr-FR","potentialAction":[{"@type":"ReadAction","target":["https:\/\/web.umons.ac.be\/fweg\/en\/etudes\/debouches\/"]}]},{"@type":"ImageObject","inLanguage":"fr-FR","@id":"https:\/\/web.umons.ac.be\/fweg\/en\/etudes\/debouches\/#primaryimage","url":"https:\/\/web.umons.ac.be\/app\/uploads\/sites\/9\/2017\/05\/FWEG-ouvres20ses20portes1.jpg","contentUrl":"https:\/\/web.umons.ac.be\/app\/uploads\/sites\/9\/2017\/05\/FWEG-ouvres20ses20portes1.jpg"},{"@type":"BreadcrumbList","@id":"https:\/\/web.umons.ac.be\/fweg\/en\/etudes\/debouches\/#breadcrumb","itemListElement":[{"@type":"ListItem","position":1,"name":"Accueil","item":"https:\/\/web.umons.ac.be\/fweg\/fr\/"},{"@type":"ListItem","position":2,"name":"Studies","item":"https:\/\/web.umons.ac.be\/fweg\/en\/etudes\/"},{"@type":"ListItem","position":3,"name":"Career Prospects"}]},{"@type":"WebSite","@id":"https:\/\/web.umons.ac.be\/fweg\/#website","url":"https:\/\/web.umons.ac.be\/fweg\/","name":"Facult\u00e9 \/ FWEG","description":"","potentialAction":[{"@type":"SearchAction","target":{"@type":"EntryPoint","urlTemplate":"https:\/\/web.umons.ac.be\/fweg\/?s={search_term_string}"},"query-input":{"@type":"PropertyValueSpecification","valueRequired":true,"valueName":"search_term_string"}}],"inLanguage":"fr-FR"}]}},"lang":"en","translations":{"en":695,"fr":16},"pll_sync_post":[],"_links":{"self":[{"href":"https:\/\/web.umons.ac.be\/fweg\/wp-json\/wp\/v2\/pages\/695","targetHints":{"allow":["GET"]}}],"collection":[{"href":"https:\/\/web.umons.ac.be\/fweg\/wp-json\/wp\/v2\/pages"}],"about":[{"href":"https:\/\/web.umons.ac.be\/fweg\/wp-json\/wp\/v2\/types\/page"}],"author":[{"embeddable":true,"href":"https:\/\/web.umons.ac.be\/fweg\/wp-json\/wp\/v2\/users\/3"}],"replies":[{"embeddable":true,"href":"https:\/\/web.umons.ac.be\/fweg\/wp-json\/wp\/v2\/comments?post=695"}],"version-history":[{"count":6,"href":"https:\/\/web.umons.ac.be\/fweg\/wp-json\/wp\/v2\/pages\/695\/revisions"}],"predecessor-version":[{"id":1086,"href":"https:\/\/web.umons.ac.be\/fweg\/wp-json\/wp\/v2\/pages\/695\/revisions\/1086"}],"up":[{"embeddable":true,"href":"https:\/\/web.umons.ac.be\/fweg\/wp-json\/wp\/v2\/pages\/712"}],"wp:attachment":[{"href":"https:\/\/web.umons.ac.be\/fweg\/wp-json\/wp\/v2\/media?parent=695"}],"curies":[{"name":"wp","href":"https:\/\/api.w.org\/{rel}","templated":true}]}}