{"id":773,"date":"2017-12-04T11:21:30","date_gmt":"2017-12-04T10:21:30","guid":{"rendered":"https:\/\/web.umons.ac.be\/fweg\/?page_id=773"},"modified":"2021-01-06T11:06:51","modified_gmt":"2021-01-06T10:06:51","slug":"ingenieur-de-gestion","status":"publish","type":"page","link":"https:\/\/web.umons.ac.be\/fweg\/fr\/offre-de-formation\/2eme-cycle-master\/ingenieur-de-gestion\/","title":{"rendered":"Ing\u00e9nieur de Gestion"},"content":{"rendered":"<p>Le Master en Ing\u00e9nieur de gestion, \u00e0 finalit\u00e9 sp\u00e9cialis\u00e9e est organis\u00e9 en 120 cr\u00e9dits. Il ouvre \u00e0 ses dipl\u00f4m\u00e9s de nombreuses portes dans l\u2019industrie et dans des organismes d\u2019\u00e9tudes.<\/p>\n<start-cask-shortcode-wrapper><article class=\"shortcode-training training-small content-block scheme-fweg\">\n\t<a href=\"https:\/\/web.umons.ac.be\/fweg\/fr\/formations\/m2-iggest\/\" class=\"training-link scheme-border-hover\">\n\t\t<header class=\"training-small-header\">\n\t\t\t<div class=\"training-small-entity scheme-color\">\n\t\t\t\tFacult\u00e9 \/ FWEG\t\t\t\t\t           \t<img decoding=\"async\" src=\"https:\/\/web.umons.ac.be\/app\/uploads\/sites\/9\/2017\/05\/FWEG.png\" class=\"training-small-entity-logo\" alt=\"Ic\u00f4ne de Facult\u00e9 \/ FWEG\">\n\t        \t\t\t\t<\/div>\n\t\t\t<div class=\"training-small-degree\">\n\t\t\t\tMaster en\t\t\t<\/div>\n\n\t\t\t<h1 class=\"training-small-title\">Ing\u00e9nieur de gestion<\/h1>\n\n\t\t\t\t\t\t<div class=\"training-small-subtitle\">\n\t\t\t\t<strong>Finalit\u00e9 sp\u00e9cialis\u00e9e<\/strong>\n\t\t\t<\/div>\n\t\t\t\t\t<\/header>\n\t\t\t\t<div class=\"training-small-content\">\n\t\t\t<div class=\"training-small-location\">\n\t\t\t\t<span class=\"icon umons-icon-pin\" aria-hidden=\"true\"><\/span>\n\t\t\t\t<span class=\"location\">Mons<\/span>\n\t\t\t<\/div>\n\n\t\t\t\t\t\t<div class=\"training-small-side-info\">\n\t\t\t\t<ul class=\"training-small-side-info-list\">\n\t\t\t\t\t\t\t\t\t\t<li>\n\t\t\t\t\t\t<div class=\"training-single-schedule\">\n\t\t\t\t\t\t\t<div class=\"label\">Horaire<\/div>\n\t\t\t\t\t\t\t<div class=\"value\">Horaire de jour<\/div>\n\t\t\t\t\t\t<\/div>\n\t\t\t\t\t<\/li>\n\t\t\t\t\t\t\t\t\t\t\t\t\t\t\t<li>\n\t\t\t\t\t\t<div class=\"training-single-credits\">\n\t\t\t\t\t\t\t<div class=\"label\">Cr\u00e9dits ECTS<\/div>\n\t\t\t\t\t\t\t<div class=\"value\">120<\/div>\n\t\t\t\t\t\t<\/div>\n\t\t\t\t\t<\/li>\n\t\t\t\t\t\t\t\t\t\t\t\t\t\t\t<li>\n\t\t\t\t\t\t<div class=\"training-single-languages\">\n\t\t\t\t\t\t\t<div class=\"label\">Langue<\/div>\n\t\t\t\t\t\t\t<div class=\"value\">\n\t\t\t\t\t\t\t\t<span class=\"lang\">Fran\u00e7ais<\/span>\n\t\t\t\t\t\t\t<\/div>\n\t\t\t\t\t\t<\/div>\n\t\t\t\t\t<\/li>\n\t\t\t\t\t\t\t\t\t<\/ul>\n\t\t\t<\/div>\n\t\t\t\t\t<\/div>\n\t\t\t<\/a>\n<\/article>\n<end-cask-shortcode-wrapper>\n<p>&nbsp;<\/p>\n<start-cask-shortcode-wrapper>\n<blockquote class=\"shortcode-testimonial scheme-fweg\">\n    <div class=\"testimonial-quote\">\n        <div>Etudier a l\u2019UMONS a \u00e9t\u00e9 une fantastique exp\u00e9rience sur laquelle j\u2019ai su capitaliser pour atteindre mes objectifs professionnels. La taille humaine de l\u2019universit\u00e9 et les relations avec le corps profes&hellip;<\/div>\n                <a href=\"#testimonial-modal-1612\" class=\"button-secondary open-testimonial scheme-border scheme-color-hover-important\">\n            Poursuivre la lecture <span class=\"icon umons-icon-tail-right\" aria-hidden=\"true\"><\/span>\n        <\/a>\n            <\/div>\n    <div class=\"testimonial-author\">\n                <div class=\"testimonial-picture\">\n            <img decoding=\"async\" src=\"https:\/\/web.umons.ac.be\/app\/uploads\/sites\/9\/2021\/01\/Frederic-John-80x80.png\" alt=\"\" \/>\n        <\/div>\n                <div class=\"testimonial-text\">\n            <div class=\"testimonial-identity\">\n                <span class=\"testimonial-author-name\">Frederic John<\/span>\n                            <\/div>\n            <div class=\"testimonial-meta\">\n                                            <\/div>\n        <\/div>\n    <\/div>\n<\/blockquote>\n<div id=\"testimonial-modal-1612\" class=\"testimonial-modal-wrap normal\" style=\"display: none;\">\n    <div class=\"shortcode-testimonial-modal\">\n        <blockquote class=\"shortcode-testimonial\">\n            <div class=\"testimonial-quote editor-front\">\n                                <blockquote class=\"highlighted-quote\">Etudier a l\u2019UMONS a \u00e9t\u00e9 une fantastique exp\u00e9rience sur laquelle j\u2019ai su capitaliser pour atteindre mes objectifs professionnels. La taille humaine de l\u2019universit\u00e9 et les relations avec le corps professoral directes et faciles n\u2019enl\u00e8vent rien \u00e0 la haute qualit\u00e9 de l\u2019enseignement re\u00e7u. Suite \u00e0 mon Master en Ing\u00e9nieur de Gestion (Promotion 2014), j\u2019ai pu comparer\u2026<\/blockquote>\n                                                <div class=\"testimonial-full-quote\"><p>Etudier a l\u2019UMONS a \u00e9t\u00e9 une fantastique exp\u00e9rience sur laquelle j\u2019ai su capitaliser pour atteindre mes objectifs professionnels. La taille humaine de l\u2019universit\u00e9 et les relations avec le corps professoral directes et faciles n\u2019enl\u00e8vent rien \u00e0 la haute qualit\u00e9 de l\u2019enseignement re\u00e7u. Suite \u00e0 mon Master en Ing\u00e9nieur de Gestion (Promotion 2014), j\u2019ai pu comparer cette \u00e9ducation et me frotter au top mondial durant mon MBA \u00e0 l\u2019Imperial College London. Fort de mon titre de majeur de promotion pour ces deux dipl\u00f4mes, j\u2019ai r\u00e9alis\u00e9 que mes acquis p\u00e9dagogiques \u00e9taient tout aussi bons si pas meilleurs que mes coll\u00e8gues et amis en provenance des 20 meilleures universit\u00e9s de la plan\u00e8te.<\/p>\n<p>Aujourd\u2019hui je consulte \u00e0 Londres les plus grands groupes automobiles et de transports ainsi que des start-ups d\u00e9veloppant des solutions de mobilit\u00e9 intelligentes pour tendre vers un monde plus durable et des villes plus agr\u00e9ables. Je suis \u00e9galement expert ind\u00e9pendant pour le Forum Economique Mondial, \u00e9crivain pour mon blog ainsi que lecteur occasionnel pour des universit\u00e9s britanniques.<\/p>\n<p>L\u2019UMONS a cette unique facult\u00e9 de combiner l\u2019excellence dans ses programmes et l\u2019environnement familial et agr\u00e9able permettant sans aucun\u00a0doute l\u2019\u00e9panouissement des futurs \u00e9tudiants.<\/p>\n<\/div>\n                            <\/div>\n            <div class=\"testimonial-author\">\n                                <div class=\"testimonial-picture\">\n                    <img decoding=\"async\" src=\"https:\/\/web.umons.ac.be\/app\/uploads\/sites\/9\/2021\/01\/Frederic-John-80x80.png\" alt=\"\" \/>\n                <\/div>\n                                <div class=\"testimonial-text\">\n                    <div class=\"testimonial-identity\">\n                        <span class=\"testimonial-author-name\">Frederic John<\/span>\n                                            <\/div>\n                    <div class=\"testimonial-meta\">\n                                                                    <\/div>\n                <\/div>\n            <\/div>\n        <\/blockquote>\n    <\/div>\n<\/div>\n<end-cask-shortcode-wrapper>\n","protected":false},"excerpt":{"rendered":"<p>Le Master en Ing\u00e9nieur de gestion, \u00e0 finalit\u00e9 sp\u00e9cialis\u00e9e est organis\u00e9 en 120 cr\u00e9dits. Il ouvre \u00e0 ses dipl\u00f4m\u00e9s de nombreuses portes dans l\u2019industrie et dans des organismes d\u2019\u00e9tudes. &nbsp;<\/p>\n","protected":false},"author":2,"featured_media":0,"parent":156,"menu_order":1,"comment_status":"closed","ping_status":"closed","template":"","meta":{"footnotes":""},"class_list":["post-773","page","type-page","status-publish","hentry"],"yoast_head":"<!-- This site is optimized with the Yoast SEO plugin v27.2 - https:\/\/yoast.com\/product\/yoast-seo-wordpress\/ -->\n<title>Ing\u00e9nieur de Gestion - Facult\u00e9 \/ FWEG<\/title>\n<meta name=\"robots\" content=\"index, follow, max-snippet:-1, max-image-preview:large, max-video-preview:-1\" \/>\n<link rel=\"canonical\" href=\"https:\/\/web.umons.ac.be\/fweg\/fr\/offre-de-formation\/2eme-cycle-master\/ingenieur-de-gestion\/\" \/>\n<meta property=\"og:locale\" content=\"fr_FR\" \/>\n<meta property=\"og:type\" content=\"article\" \/>\n<meta property=\"og:title\" content=\"Ing\u00e9nieur de Gestion - Facult\u00e9 \/ FWEG\" \/>\n<meta property=\"og:description\" content=\"Le Master en Ing\u00e9nieur de gestion, \u00e0 finalit\u00e9 sp\u00e9cialis\u00e9e est organis\u00e9 en 120 cr\u00e9dits. Il ouvre \u00e0 ses dipl\u00f4m\u00e9s de nombreuses portes dans l\u2019industrie et dans des organismes d\u2019\u00e9tudes. &nbsp;\" \/>\n<meta property=\"og:url\" content=\"https:\/\/web.umons.ac.be\/fweg\/fr\/offre-de-formation\/2eme-cycle-master\/ingenieur-de-gestion\/\" \/>\n<meta property=\"og:site_name\" content=\"Facult\u00e9 \/ FWEG\" \/>\n<meta property=\"article:modified_time\" content=\"2021-01-06T10:06:51+00:00\" \/>\n<meta name=\"twitter:card\" content=\"summary_large_image\" \/>\n<script type=\"application\/ld+json\" class=\"yoast-schema-graph\">{\"@context\":\"https:\/\/schema.org\",\"@graph\":[{\"@type\":\"WebPage\",\"@id\":\"https:\/\/web.umons.ac.be\/fweg\/fr\/offre-de-formation\/2eme-cycle-master\/ingenieur-de-gestion\/\",\"url\":\"https:\/\/web.umons.ac.be\/fweg\/fr\/offre-de-formation\/2eme-cycle-master\/ingenieur-de-gestion\/\",\"name\":\"Ing\u00e9nieur de Gestion - Facult\u00e9 \/ FWEG\",\"isPartOf\":{\"@id\":\"https:\/\/web.umons.ac.be\/fweg\/#website\"},\"datePublished\":\"2017-12-04T10:21:30+00:00\",\"dateModified\":\"2021-01-06T10:06:51+00:00\",\"breadcrumb\":{\"@id\":\"https:\/\/web.umons.ac.be\/fweg\/fr\/offre-de-formation\/2eme-cycle-master\/ingenieur-de-gestion\/#breadcrumb\"},\"inLanguage\":\"fr-FR\",\"potentialAction\":[{\"@type\":\"ReadAction\",\"target\":[\"https:\/\/web.umons.ac.be\/fweg\/fr\/offre-de-formation\/2eme-cycle-master\/ingenieur-de-gestion\/\"]}]},{\"@type\":\"BreadcrumbList\",\"@id\":\"https:\/\/web.umons.ac.be\/fweg\/fr\/offre-de-formation\/2eme-cycle-master\/ingenieur-de-gestion\/#breadcrumb\",\"itemListElement\":[{\"@type\":\"ListItem\",\"position\":1,\"name\":\"Accueil\",\"item\":\"https:\/\/web.umons.ac.be\/fweg\/fr\/\"},{\"@type\":\"ListItem\",\"position\":2,\"name\":\"L&rsquo;offre de formation\",\"item\":\"https:\/\/web.umons.ac.be\/fweg\/fr\/offre-de-formation\/\"},{\"@type\":\"ListItem\",\"position\":3,\"name\":\"2\u00e8me Cycle : Master\",\"item\":\"https:\/\/web.umons.ac.be\/fweg\/fr\/offre-de-formation\/2eme-cycle-master\/\"},{\"@type\":\"ListItem\",\"position\":4,\"name\":\"Ing\u00e9nieur de Gestion\"}]},{\"@type\":\"WebSite\",\"@id\":\"https:\/\/web.umons.ac.be\/fweg\/#website\",\"url\":\"https:\/\/web.umons.ac.be\/fweg\/\",\"name\":\"Facult\u00e9 \/ FWEG\",\"description\":\"\",\"potentialAction\":[{\"@type\":\"SearchAction\",\"target\":{\"@type\":\"EntryPoint\",\"urlTemplate\":\"https:\/\/web.umons.ac.be\/fweg\/?s={search_term_string}\"},\"query-input\":{\"@type\":\"PropertyValueSpecification\",\"valueRequired\":true,\"valueName\":\"search_term_string\"}}],\"inLanguage\":\"fr-FR\"}]}<\/script>\n<!-- \/ Yoast SEO plugin. -->","yoast_head_json":{"title":"Ing\u00e9nieur de Gestion - Facult\u00e9 \/ FWEG","robots":{"index":"index","follow":"follow","max-snippet":"max-snippet:-1","max-image-preview":"max-image-preview:large","max-video-preview":"max-video-preview:-1"},"canonical":"https:\/\/web.umons.ac.be\/fweg\/fr\/offre-de-formation\/2eme-cycle-master\/ingenieur-de-gestion\/","og_locale":"fr_FR","og_type":"article","og_title":"Ing\u00e9nieur de Gestion - Facult\u00e9 \/ FWEG","og_description":"Le Master en Ing\u00e9nieur de gestion, \u00e0 finalit\u00e9 sp\u00e9cialis\u00e9e est organis\u00e9 en 120 cr\u00e9dits. Il ouvre \u00e0 ses dipl\u00f4m\u00e9s de nombreuses portes dans l\u2019industrie et dans des organismes d\u2019\u00e9tudes. &nbsp;","og_url":"https:\/\/web.umons.ac.be\/fweg\/fr\/offre-de-formation\/2eme-cycle-master\/ingenieur-de-gestion\/","og_site_name":"Facult\u00e9 \/ FWEG","article_modified_time":"2021-01-06T10:06:51+00:00","twitter_card":"summary_large_image","schema":{"@context":"https:\/\/schema.org","@graph":[{"@type":"WebPage","@id":"https:\/\/web.umons.ac.be\/fweg\/fr\/offre-de-formation\/2eme-cycle-master\/ingenieur-de-gestion\/","url":"https:\/\/web.umons.ac.be\/fweg\/fr\/offre-de-formation\/2eme-cycle-master\/ingenieur-de-gestion\/","name":"Ing\u00e9nieur de Gestion - Facult\u00e9 \/ FWEG","isPartOf":{"@id":"https:\/\/web.umons.ac.be\/fweg\/#website"},"datePublished":"2017-12-04T10:21:30+00:00","dateModified":"2021-01-06T10:06:51+00:00","breadcrumb":{"@id":"https:\/\/web.umons.ac.be\/fweg\/fr\/offre-de-formation\/2eme-cycle-master\/ingenieur-de-gestion\/#breadcrumb"},"inLanguage":"fr-FR","potentialAction":[{"@type":"ReadAction","target":["https:\/\/web.umons.ac.be\/fweg\/fr\/offre-de-formation\/2eme-cycle-master\/ingenieur-de-gestion\/"]}]},{"@type":"BreadcrumbList","@id":"https:\/\/web.umons.ac.be\/fweg\/fr\/offre-de-formation\/2eme-cycle-master\/ingenieur-de-gestion\/#breadcrumb","itemListElement":[{"@type":"ListItem","position":1,"name":"Accueil","item":"https:\/\/web.umons.ac.be\/fweg\/fr\/"},{"@type":"ListItem","position":2,"name":"L&rsquo;offre de formation","item":"https:\/\/web.umons.ac.be\/fweg\/fr\/offre-de-formation\/"},{"@type":"ListItem","position":3,"name":"2\u00e8me Cycle : Master","item":"https:\/\/web.umons.ac.be\/fweg\/fr\/offre-de-formation\/2eme-cycle-master\/"},{"@type":"ListItem","position":4,"name":"Ing\u00e9nieur de Gestion"}]},{"@type":"WebSite","@id":"https:\/\/web.umons.ac.be\/fweg\/#website","url":"https:\/\/web.umons.ac.be\/fweg\/","name":"Facult\u00e9 \/ FWEG","description":"","potentialAction":[{"@type":"SearchAction","target":{"@type":"EntryPoint","urlTemplate":"https:\/\/web.umons.ac.be\/fweg\/?s={search_term_string}"},"query-input":{"@type":"PropertyValueSpecification","valueRequired":true,"valueName":"search_term_string"}}],"inLanguage":"fr-FR"}]}},"lang":"fr","translations":{"fr":773,"en":949},"pll_sync_post":[],"_links":{"self":[{"href":"https:\/\/web.umons.ac.be\/fweg\/wp-json\/wp\/v2\/pages\/773","targetHints":{"allow":["GET"]}}],"collection":[{"href":"https:\/\/web.umons.ac.be\/fweg\/wp-json\/wp\/v2\/pages"}],"about":[{"href":"https:\/\/web.umons.ac.be\/fweg\/wp-json\/wp\/v2\/types\/page"}],"author":[{"embeddable":true,"href":"https:\/\/web.umons.ac.be\/fweg\/wp-json\/wp\/v2\/users\/2"}],"replies":[{"embeddable":true,"href":"https:\/\/web.umons.ac.be\/fweg\/wp-json\/wp\/v2\/comments?post=773"}],"version-history":[{"count":11,"href":"https:\/\/web.umons.ac.be\/fweg\/wp-json\/wp\/v2\/pages\/773\/revisions"}],"predecessor-version":[{"id":1623,"href":"https:\/\/web.umons.ac.be\/fweg\/wp-json\/wp\/v2\/pages\/773\/revisions\/1623"}],"up":[{"embeddable":true,"href":"https:\/\/web.umons.ac.be\/fweg\/wp-json\/wp\/v2\/pages\/156"}],"wp:attachment":[{"href":"https:\/\/web.umons.ac.be\/fweg\/wp-json\/wp\/v2\/media?parent=773"}],"curies":[{"name":"wp","href":"https:\/\/api.w.org\/{rel}","templated":true}]}}