{"id":855,"date":"2017-12-04T16:47:16","date_gmt":"2017-12-04T15:47:16","guid":{"rendered":"https:\/\/web.umons.ac.be\/fweg\/?page_id=855"},"modified":"2021-01-06T11:50:18","modified_gmt":"2021-01-06T10:50:18","slug":"passerelles","status":"publish","type":"page","link":"https:\/\/web.umons.ac.be\/fweg\/fr\/etudes\/passerelles\/","title":{"rendered":"Passerelles"},"content":{"rendered":"<p>Les \u00e9tudiants issus du sup\u00e9rieur non universitaire de type long ou court ou d\u2019autres sections universitaires souhaitent parfois compl\u00e9ter leur formation par un Master dans le domaine de l\u2019\u00e9conomie et de la gestion ou de la politique \u00e9conomique et sociale.<\/p>\n<p>Voici la liste compl\u00e8te des grades acad\u00e9miques qui donnent acc\u00e8s aux Masters en Sciences de Gestion (60 et 120 cr\u00e9dits, horaire de jour et horaire d\u00e9cal\u00e9), en Ing\u00e9nieur de Gestion (120 cr\u00e9dits, horaire de jour) ou en Politique \u00e9conomique et sociale (120 cr\u00e9dits, horaire de jour). Certains \u00e9tudiants devront suivre les enseignements du bloc compl\u00e9mentaire pr\u00e9alablement afin d&rsquo;avoir les pr\u00e9requis n\u00e9cessaires au master.<\/p>\n<div class=\"file-attachment\">\n<p><a href=\"https:\/\/web.umons.ac.be\/app\/uploads\/sites\/9\/2021\/01\/2020_acc\u00e8s_passerelles.pdf\">Acc\u00e8s passerelles 2020<\/a><\/p>\n<\/div>\n<ul>\n<li>Les \u00e9tudiants de plein droit doivent compl\u00e9ter le <strong>dossier des \u00e9tudiants de plein droit <\/strong>avant de se rendre au service inscriptions. Le dossier est accessible sous le lien suivant <a href=\"https:\/\/web.umons.ac.be\/fr\/enseignement\/sinscrire\/inscription\/premiere-inscription\/\" target=\"_blank\" rel=\"noopener noreferrer\">dans la rubrique Master<\/a>.<\/li>\n<li>Les personnes dont les dipl\u00f4mes ne sont pas repris dans le tableau ci-dessus peuvent malgr\u00e9 tout introduire une demande d\u2019admission personnalis\u00e9e. Le jury prendra alors la d\u00e9cision de les admettre (avec ou sans programme compl\u00e9mentaire) ou non aux \u00e9tudes souhait\u00e9es.<\/li>\n<li>Les \u00e9tudiants devant r\u00e9aliser une <strong>demande d\u2019admission personnalis\u00e9e<\/strong> trouveront le dossier \u00e0 compl\u00e9ter sous <a href=\"https:\/\/web.umons.ac.be\/fr\/enseignement\/sinscrire\/admission\/\" target=\"_blank\" rel=\"noopener noreferrer\">le lien suivant\u00a0<\/a>(dossier \u00e0 choisir en fonction de la nationalit\u00e9).<\/li>\n<li>Pour les personnes pouvant faire la PREUVE de 5 ann\u00e9es d&rsquo;exp\u00e9rience professionnelle ou personnelle, en rapport avec la formation vis\u00e9e, il est \u00e9galement d&rsquo;acc\u00e9der \u00e0 une formation pour laquelle elles n&rsquo;auraient pas le titre requis au travers de la <a href=\"https:\/\/web.umons.ac.be\/fr\/enseignement\/formation-continue\/vae\/\" target=\"_blank\" rel=\"noopener noreferrer\">Valorisation des Acquis de l&rsquo;Exp\u00e9rience<\/a> (ou VAE).<\/li>\n<\/ul>\n<start-cask-shortcode-wrapper>\n<blockquote class=\"shortcode-testimonial scheme-fweg\">\n    <div class=\"testimonial-quote\">\n        <div>Dipl\u00f4m\u00e9e d\u2019un bachelier en assurances en 2014 et travaillant dans ce domaine depuis, je voulais d\u2019\u00e9toffer mon parcours acad\u00e9mique en \u00e9tudiant \u00e0 l\u2019UMONS en horaire d\u00e9cal\u00e9. J\u2019ai opt\u00e9 pour le master en s&hellip;<\/div>\n                <a href=\"#testimonial-modal-1655\" class=\"button-secondary open-testimonial scheme-border scheme-color-hover-important\">\n            Poursuivre la lecture <span class=\"icon umons-icon-tail-right\" aria-hidden=\"true\"><\/span>\n        <\/a>\n            <\/div>\n    <div class=\"testimonial-author\">\n                <div class=\"testimonial-picture\">\n            <img decoding=\"async\" src=\"https:\/\/web.umons.ac.be\/app\/uploads\/sites\/9\/2021\/01\/Tara-Sarno-80x80.jpg\" alt=\"\" \/>\n        <\/div>\n                <div class=\"testimonial-text\">\n            <div class=\"testimonial-identity\">\n                <span class=\"testimonial-author-name\">Tara Sarno<\/span>\n                            <\/div>\n            <div class=\"testimonial-meta\">\n                                            <\/div>\n        <\/div>\n    <\/div>\n<\/blockquote>\n<div id=\"testimonial-modal-1655\" class=\"testimonial-modal-wrap normal\" style=\"display: none;\">\n    <div class=\"shortcode-testimonial-modal\">\n        <blockquote class=\"shortcode-testimonial\">\n            <div class=\"testimonial-quote editor-front\">\n                                <blockquote class=\"highlighted-quote\">Dipl\u00f4m\u00e9e d\u2019un bachelier en assurances en 2014 et travaillant dans ce domaine depuis, je voulais d\u2019\u00e9toffer mon parcours acad\u00e9mique en \u00e9tudiant \u00e0 l\u2019UMONS en horaire d\u00e9cal\u00e9. J\u2019ai opt\u00e9 pour le master en sciences de gestion \u00e0 finalit\u00e9 sp\u00e9cialis\u00e9e en management et strat\u00e9gie, pour d\u00e9velopper mes comp\u00e9tences en \u00e9conomie et en management. Le challenge \u00e9tait de\u2026<\/blockquote>\n                                                <div class=\"testimonial-full-quote\"><p>Dipl\u00f4m\u00e9e d\u2019un bachelier en assurances en 2014 et travaillant dans ce domaine depuis, je voulais d\u2019\u00e9toffer mon parcours acad\u00e9mique en \u00e9tudiant \u00e0 l\u2019UMONS en horaire d\u00e9cal\u00e9. J\u2019ai opt\u00e9 pour le master en sciences de gestion \u00e0 finalit\u00e9 sp\u00e9cialis\u00e9e en management et strat\u00e9gie, pour d\u00e9velopper mes comp\u00e9tences en \u00e9conomie et en management. Le challenge \u00e9tait de taille, travaillant \u00e0 temps plein et en \u00e9tant encore active sur le plan sportif en tant que joueuse et coach de water-polo. N\u00e9anmoins, la dynamique des cours du soir m\u2019a donn\u00e9 envie de m\u2019accrocher. Les mati\u00e8res enseign\u00e9es sont pertinentes et cibl\u00e9es et les \u00e9changes en classe avec les autres \u00e9tudiants, aux cultures et parcours vari\u00e9s, offrent de r\u00e9elles opportunit\u00e9s d\u2019en apprendre davantage.<\/p>\n<p>Il fallait \u00eatre motiv\u00e9 et pers\u00e9v\u00e9rant pour ne pas abandonner, pourtant. Entre le travail, les cours du soir et les entrainements de water-polo, les travaux de groupe, les travaux \u00e0 projet et les examens. Avec du recul, ces \u00e9ch\u00e9ances parfois (tr\u00e8s) courtes m\u2019ont appris \u00e0 d\u00e9velopper une organisation plus efficace, \u00e0 rep\u00e9rer l\u2019essentiel et prioriser les t\u00e2ches. Une routine s\u2019est install\u00e9e et cet \u00e9quilibre m\u2019a permis de ne pas voir les \u00e9tudes comme une contrainte, puisque j\u2019ai m\u00eame conserv\u00e9 une vie sociale.<\/p>\n<p>Tout au long de ces ann\u00e9es, j\u2019ai appr\u00e9ci\u00e9 la qualit\u00e9 de la formation du master en cours du soir. Et lorsqu\u2019un chapitre me posait un probl\u00e8me, je pouvais compter sur la disponibilit\u00e9 des professeurs pour des explications approfondies. Ce soutien est \u00e9galement \u00e0 souligner lors de la r\u00e9daction de mon m\u00e9moire de fin d\u2019\u00e9tudes. L\u2019UMONS est r\u00e9ellement une universit\u00e9 \u00e0 taille humaine, o\u00f9 tout le personnel s\u2019implique pour la r\u00e9ussite et le bien-\u00eatre de ses \u00e9tudiants.<\/p>\n<\/div>\n                            <\/div>\n            <div class=\"testimonial-author\">\n                                <div class=\"testimonial-picture\">\n                    <img decoding=\"async\" src=\"https:\/\/web.umons.ac.be\/app\/uploads\/sites\/9\/2021\/01\/Tara-Sarno-80x80.jpg\" alt=\"\" \/>\n                <\/div>\n                                <div class=\"testimonial-text\">\n                    <div class=\"testimonial-identity\">\n                        <span class=\"testimonial-author-name\">Tara Sarno<\/span>\n                                            <\/div>\n                    <div class=\"testimonial-meta\">\n                                                                    <\/div>\n                <\/div>\n            <\/div>\n        <\/blockquote>\n    <\/div>\n<\/div>\n<end-cask-shortcode-wrapper>\n<p>&nbsp;<\/p>\n","protected":false},"excerpt":{"rendered":"<p>Les \u00e9tudiants issus du sup\u00e9rieur non universitaire de type long ou court ou d\u2019autres sections universitaires souhaitent parfois compl\u00e9ter leur formation par un Master dans le domaine de l\u2019\u00e9conomie et de la gestion ou de la politique \u00e9conomique et sociale. Voici la liste compl\u00e8te des grades acad\u00e9miques qui donnent acc\u00e8s aux Masters en Sciences de [&hellip;]<\/p>\n","protected":false},"author":2,"featured_media":0,"parent":601,"menu_order":7,"comment_status":"closed","ping_status":"closed","template":"","meta":{"footnotes":""},"class_list":["post-855","page","type-page","status-publish","hentry"],"yoast_head":"<!-- This site is optimized with the Yoast SEO plugin v27.2 - https:\/\/yoast.com\/product\/yoast-seo-wordpress\/ -->\n<title>Passerelles - Facult\u00e9 \/ FWEG<\/title>\n<meta name=\"robots\" content=\"index, follow, max-snippet:-1, max-image-preview:large, max-video-preview:-1\" \/>\n<link rel=\"canonical\" href=\"https:\/\/web.umons.ac.be\/fweg\/fr\/etudes\/passerelles\/\" \/>\n<meta property=\"og:locale\" content=\"fr_FR\" \/>\n<meta property=\"og:type\" content=\"article\" \/>\n<meta property=\"og:title\" content=\"Passerelles - Facult\u00e9 \/ FWEG\" \/>\n<meta property=\"og:description\" content=\"Les \u00e9tudiants issus du sup\u00e9rieur non universitaire de type long ou court ou d\u2019autres sections universitaires souhaitent parfois compl\u00e9ter leur formation par un Master dans le domaine de l\u2019\u00e9conomie et de la gestion ou de la politique \u00e9conomique et sociale. Voici la liste compl\u00e8te des grades acad\u00e9miques qui donnent acc\u00e8s aux Masters en Sciences de [&hellip;]\" \/>\n<meta property=\"og:url\" content=\"https:\/\/web.umons.ac.be\/fweg\/fr\/etudes\/passerelles\/\" \/>\n<meta property=\"og:site_name\" content=\"Facult\u00e9 \/ FWEG\" \/>\n<meta property=\"article:modified_time\" content=\"2021-01-06T10:50:18+00:00\" \/>\n<meta name=\"twitter:card\" content=\"summary_large_image\" \/>\n<meta name=\"twitter:label1\" content=\"Dur\u00e9e de lecture estim\u00e9e\" \/>\n\t<meta name=\"twitter:data1\" content=\"1 minute\" \/>\n<script type=\"application\/ld+json\" class=\"yoast-schema-graph\">{\"@context\":\"https:\/\/schema.org\",\"@graph\":[{\"@type\":\"WebPage\",\"@id\":\"https:\/\/web.umons.ac.be\/fweg\/fr\/etudes\/passerelles\/\",\"url\":\"https:\/\/web.umons.ac.be\/fweg\/fr\/etudes\/passerelles\/\",\"name\":\"Passerelles - Facult\u00e9 \/ FWEG\",\"isPartOf\":{\"@id\":\"https:\/\/web.umons.ac.be\/fweg\/#website\"},\"datePublished\":\"2017-12-04T15:47:16+00:00\",\"dateModified\":\"2021-01-06T10:50:18+00:00\",\"breadcrumb\":{\"@id\":\"https:\/\/web.umons.ac.be\/fweg\/fr\/etudes\/passerelles\/#breadcrumb\"},\"inLanguage\":\"fr-FR\",\"potentialAction\":[{\"@type\":\"ReadAction\",\"target\":[\"https:\/\/web.umons.ac.be\/fweg\/fr\/etudes\/passerelles\/\"]}]},{\"@type\":\"BreadcrumbList\",\"@id\":\"https:\/\/web.umons.ac.be\/fweg\/fr\/etudes\/passerelles\/#breadcrumb\",\"itemListElement\":[{\"@type\":\"ListItem\",\"position\":1,\"name\":\"Accueil\",\"item\":\"https:\/\/web.umons.ac.be\/fweg\/fr\/\"},{\"@type\":\"ListItem\",\"position\":2,\"name\":\"Etudes\",\"item\":\"https:\/\/web.umons.ac.be\/fweg\/fr\/etudes\/\"},{\"@type\":\"ListItem\",\"position\":3,\"name\":\"Passerelles\"}]},{\"@type\":\"WebSite\",\"@id\":\"https:\/\/web.umons.ac.be\/fweg\/#website\",\"url\":\"https:\/\/web.umons.ac.be\/fweg\/\",\"name\":\"Facult\u00e9 \/ FWEG\",\"description\":\"\",\"potentialAction\":[{\"@type\":\"SearchAction\",\"target\":{\"@type\":\"EntryPoint\",\"urlTemplate\":\"https:\/\/web.umons.ac.be\/fweg\/?s={search_term_string}\"},\"query-input\":{\"@type\":\"PropertyValueSpecification\",\"valueRequired\":true,\"valueName\":\"search_term_string\"}}],\"inLanguage\":\"fr-FR\"}]}<\/script>\n<!-- \/ Yoast SEO plugin. -->","yoast_head_json":{"title":"Passerelles - Facult\u00e9 \/ FWEG","robots":{"index":"index","follow":"follow","max-snippet":"max-snippet:-1","max-image-preview":"max-image-preview:large","max-video-preview":"max-video-preview:-1"},"canonical":"https:\/\/web.umons.ac.be\/fweg\/fr\/etudes\/passerelles\/","og_locale":"fr_FR","og_type":"article","og_title":"Passerelles - Facult\u00e9 \/ FWEG","og_description":"Les \u00e9tudiants issus du sup\u00e9rieur non universitaire de type long ou court ou d\u2019autres sections universitaires souhaitent parfois compl\u00e9ter leur formation par un Master dans le domaine de l\u2019\u00e9conomie et de la gestion ou de la politique \u00e9conomique et sociale. Voici la liste compl\u00e8te des grades acad\u00e9miques qui donnent acc\u00e8s aux Masters en Sciences de [&hellip;]","og_url":"https:\/\/web.umons.ac.be\/fweg\/fr\/etudes\/passerelles\/","og_site_name":"Facult\u00e9 \/ FWEG","article_modified_time":"2021-01-06T10:50:18+00:00","twitter_card":"summary_large_image","twitter_misc":{"Dur\u00e9e de lecture estim\u00e9e":"1 minute"},"schema":{"@context":"https:\/\/schema.org","@graph":[{"@type":"WebPage","@id":"https:\/\/web.umons.ac.be\/fweg\/fr\/etudes\/passerelles\/","url":"https:\/\/web.umons.ac.be\/fweg\/fr\/etudes\/passerelles\/","name":"Passerelles - Facult\u00e9 \/ FWEG","isPartOf":{"@id":"https:\/\/web.umons.ac.be\/fweg\/#website"},"datePublished":"2017-12-04T15:47:16+00:00","dateModified":"2021-01-06T10:50:18+00:00","breadcrumb":{"@id":"https:\/\/web.umons.ac.be\/fweg\/fr\/etudes\/passerelles\/#breadcrumb"},"inLanguage":"fr-FR","potentialAction":[{"@type":"ReadAction","target":["https:\/\/web.umons.ac.be\/fweg\/fr\/etudes\/passerelles\/"]}]},{"@type":"BreadcrumbList","@id":"https:\/\/web.umons.ac.be\/fweg\/fr\/etudes\/passerelles\/#breadcrumb","itemListElement":[{"@type":"ListItem","position":1,"name":"Accueil","item":"https:\/\/web.umons.ac.be\/fweg\/fr\/"},{"@type":"ListItem","position":2,"name":"Etudes","item":"https:\/\/web.umons.ac.be\/fweg\/fr\/etudes\/"},{"@type":"ListItem","position":3,"name":"Passerelles"}]},{"@type":"WebSite","@id":"https:\/\/web.umons.ac.be\/fweg\/#website","url":"https:\/\/web.umons.ac.be\/fweg\/","name":"Facult\u00e9 \/ FWEG","description":"","potentialAction":[{"@type":"SearchAction","target":{"@type":"EntryPoint","urlTemplate":"https:\/\/web.umons.ac.be\/fweg\/?s={search_term_string}"},"query-input":{"@type":"PropertyValueSpecification","valueRequired":true,"valueName":"search_term_string"}}],"inLanguage":"fr-FR"}]}},"lang":"fr","translations":{"fr":855,"en":990},"pll_sync_post":[],"_links":{"self":[{"href":"https:\/\/web.umons.ac.be\/fweg\/wp-json\/wp\/v2\/pages\/855","targetHints":{"allow":["GET"]}}],"collection":[{"href":"https:\/\/web.umons.ac.be\/fweg\/wp-json\/wp\/v2\/pages"}],"about":[{"href":"https:\/\/web.umons.ac.be\/fweg\/wp-json\/wp\/v2\/types\/page"}],"author":[{"embeddable":true,"href":"https:\/\/web.umons.ac.be\/fweg\/wp-json\/wp\/v2\/users\/2"}],"replies":[{"embeddable":true,"href":"https:\/\/web.umons.ac.be\/fweg\/wp-json\/wp\/v2\/comments?post=855"}],"version-history":[{"count":11,"href":"https:\/\/web.umons.ac.be\/fweg\/wp-json\/wp\/v2\/pages\/855\/revisions"}],"predecessor-version":[{"id":1657,"href":"https:\/\/web.umons.ac.be\/fweg\/wp-json\/wp\/v2\/pages\/855\/revisions\/1657"}],"up":[{"embeddable":true,"href":"https:\/\/web.umons.ac.be\/fweg\/wp-json\/wp\/v2\/pages\/601"}],"wp:attachment":[{"href":"https:\/\/web.umons.ac.be\/fweg\/wp-json\/wp\/v2\/media?parent=855"}],"curies":[{"name":"wp","href":"https:\/\/api.w.org\/{rel}","templated":true}]}}