{"id":882,"date":"2017-12-12T12:17:38","date_gmt":"2017-12-12T11:17:38","guid":{"rendered":"https:\/\/web.umons.ac.be\/fweg\/?page_id=882"},"modified":"2021-12-20T09:31:46","modified_gmt":"2021-12-20T08:31:46","slug":"nos-activites-avec-le-secondaire","status":"publish","type":"page","link":"https:\/\/web.umons.ac.be\/fweg\/fr\/nos-activites-avec-le-secondaire\/","title":{"rendered":"Nos activit\u00e9s avec le secondaire"},"content":{"rendered":"<p>Durant l\u2019ann\u00e9e acad\u00e9mique, la Facult\u00e9 organise des\u00a0<strong>ateliers d\u2019animation<\/strong>\u00a0pour les\u00a0\u00e9tablissements du secondaire qui en font la demande. :<\/p>\n<ul>\n<li><a href=\"https:\/\/web.umons.ac.be\/fweg\/fr\/2021\/12\/17\/participez-aux-dessous-de-la-gestion-charleroi\/\"><strong>Les dessous de la Gestion<\/strong><\/a>: atelier d&rsquo;animation sur le <strong>th\u00e8me de la Gestion <\/strong>et, plus largement, de l&rsquo;Economie \u00e0 destination des \u00e9l\u00e8ves de 5e et 6e ann\u00e9es du secondaire<\/li>\n<li><a href=\"https:\/\/web.umons.ac.be\/fweg\/fr\/2021\/12\/15\/la-finance-dans-tous-ses-etats\/\"><strong>La finance dans tous ses \u00e9tats<\/strong><\/a> : atelier d\u2019animation visant \u00e0 faire d\u00e9couvrir <strong>le monde de la finance<\/strong> aux \u00e9l\u00e8ves de 5\u00e8me et 6\u00e8me secondaire<\/li>\n<li><a href=\"https:\/\/web.umons.ac.be\/fweg\/fr\/evenements\/journee-de-gestion\/\"><strong>Les\u00a0journ\u00e9es de la gestion<\/strong><\/a> : atelier d\u2019animation visant \u00e0 faire d\u00e9couvrir <strong>la gestion<\/strong> aux \u00e9l\u00e8ves de 6\u00e8me secondaire<\/li>\n<\/ul>\n<p>&nbsp;<\/p>\n","protected":false},"excerpt":{"rendered":"<p>Durant l\u2019ann\u00e9e acad\u00e9mique, la Facult\u00e9 organise des\u00a0ateliers d\u2019animation\u00a0pour les\u00a0\u00e9tablissements du secondaire qui en font la demande. : Les dessous de la Gestion: atelier d&rsquo;animation sur le th\u00e8me de la Gestion et, plus largement, de l&rsquo;Economie \u00e0 destination des \u00e9l\u00e8ves de 5e et 6e ann\u00e9es du secondaire La finance dans tous ses \u00e9tats : atelier d\u2019animation [&hellip;]<\/p>\n","protected":false},"author":2,"featured_media":0,"parent":0,"menu_order":8,"comment_status":"closed","ping_status":"closed","template":"","meta":{"footnotes":""},"class_list":["post-882","page","type-page","status-publish","hentry"],"yoast_head":"<!-- This site is optimized with the Yoast SEO plugin v27.2 - https:\/\/yoast.com\/product\/yoast-seo-wordpress\/ -->\n<title>Nos activit\u00e9s avec le secondaire - Facult\u00e9 \/ FWEG<\/title>\n<meta name=\"robots\" content=\"index, follow, max-snippet:-1, max-image-preview:large, max-video-preview:-1\" \/>\n<link rel=\"canonical\" href=\"https:\/\/web.umons.ac.be\/fweg\/fr\/nos-activites-avec-le-secondaire\/\" \/>\n<meta property=\"og:locale\" content=\"fr_FR\" \/>\n<meta property=\"og:type\" content=\"article\" \/>\n<meta property=\"og:title\" content=\"Nos activit\u00e9s avec le secondaire - Facult\u00e9 \/ FWEG\" \/>\n<meta property=\"og:description\" content=\"Durant l\u2019ann\u00e9e acad\u00e9mique, la Facult\u00e9 organise des\u00a0ateliers d\u2019animation\u00a0pour les\u00a0\u00e9tablissements du secondaire qui en font la demande. : Les dessous de la Gestion: atelier d&rsquo;animation sur le th\u00e8me de la Gestion et, plus largement, de l&rsquo;Economie \u00e0 destination des \u00e9l\u00e8ves de 5e et 6e ann\u00e9es du secondaire La finance dans tous ses \u00e9tats : atelier d\u2019animation [&hellip;]\" \/>\n<meta property=\"og:url\" content=\"https:\/\/web.umons.ac.be\/fweg\/fr\/nos-activites-avec-le-secondaire\/\" \/>\n<meta property=\"og:site_name\" content=\"Facult\u00e9 \/ FWEG\" \/>\n<meta property=\"article:modified_time\" content=\"2021-12-20T08:31:46+00:00\" \/>\n<meta name=\"twitter:card\" content=\"summary_large_image\" \/>\n<meta name=\"twitter:label1\" content=\"Dur\u00e9e de lecture estim\u00e9e\" \/>\n\t<meta name=\"twitter:data1\" content=\"1 minute\" \/>\n<script type=\"application\/ld+json\" class=\"yoast-schema-graph\">{\"@context\":\"https:\/\/schema.org\",\"@graph\":[{\"@type\":\"WebPage\",\"@id\":\"https:\/\/web.umons.ac.be\/fweg\/fr\/nos-activites-avec-le-secondaire\/\",\"url\":\"https:\/\/web.umons.ac.be\/fweg\/fr\/nos-activites-avec-le-secondaire\/\",\"name\":\"Nos activit\u00e9s avec le secondaire - Facult\u00e9 \/ FWEG\",\"isPartOf\":{\"@id\":\"https:\/\/web.umons.ac.be\/fweg\/#website\"},\"datePublished\":\"2017-12-12T11:17:38+00:00\",\"dateModified\":\"2021-12-20T08:31:46+00:00\",\"breadcrumb\":{\"@id\":\"https:\/\/web.umons.ac.be\/fweg\/fr\/nos-activites-avec-le-secondaire\/#breadcrumb\"},\"inLanguage\":\"fr-FR\",\"potentialAction\":[{\"@type\":\"ReadAction\",\"target\":[\"https:\/\/web.umons.ac.be\/fweg\/fr\/nos-activites-avec-le-secondaire\/\"]}]},{\"@type\":\"BreadcrumbList\",\"@id\":\"https:\/\/web.umons.ac.be\/fweg\/fr\/nos-activites-avec-le-secondaire\/#breadcrumb\",\"itemListElement\":[{\"@type\":\"ListItem\",\"position\":1,\"name\":\"Accueil\",\"item\":\"https:\/\/web.umons.ac.be\/fweg\/fr\/\"},{\"@type\":\"ListItem\",\"position\":2,\"name\":\"Nos activit\u00e9s avec le secondaire\"}]},{\"@type\":\"WebSite\",\"@id\":\"https:\/\/web.umons.ac.be\/fweg\/#website\",\"url\":\"https:\/\/web.umons.ac.be\/fweg\/\",\"name\":\"Facult\u00e9 \/ FWEG\",\"description\":\"\",\"potentialAction\":[{\"@type\":\"SearchAction\",\"target\":{\"@type\":\"EntryPoint\",\"urlTemplate\":\"https:\/\/web.umons.ac.be\/fweg\/?s={search_term_string}\"},\"query-input\":{\"@type\":\"PropertyValueSpecification\",\"valueRequired\":true,\"valueName\":\"search_term_string\"}}],\"inLanguage\":\"fr-FR\"}]}<\/script>\n<!-- \/ Yoast SEO plugin. -->","yoast_head_json":{"title":"Nos activit\u00e9s avec le secondaire - Facult\u00e9 \/ FWEG","robots":{"index":"index","follow":"follow","max-snippet":"max-snippet:-1","max-image-preview":"max-image-preview:large","max-video-preview":"max-video-preview:-1"},"canonical":"https:\/\/web.umons.ac.be\/fweg\/fr\/nos-activites-avec-le-secondaire\/","og_locale":"fr_FR","og_type":"article","og_title":"Nos activit\u00e9s avec le secondaire - Facult\u00e9 \/ FWEG","og_description":"Durant l\u2019ann\u00e9e acad\u00e9mique, la Facult\u00e9 organise des\u00a0ateliers d\u2019animation\u00a0pour les\u00a0\u00e9tablissements du secondaire qui en font la demande. : Les dessous de la Gestion: atelier d&rsquo;animation sur le th\u00e8me de la Gestion et, plus largement, de l&rsquo;Economie \u00e0 destination des \u00e9l\u00e8ves de 5e et 6e ann\u00e9es du secondaire La finance dans tous ses \u00e9tats : atelier d\u2019animation [&hellip;]","og_url":"https:\/\/web.umons.ac.be\/fweg\/fr\/nos-activites-avec-le-secondaire\/","og_site_name":"Facult\u00e9 \/ FWEG","article_modified_time":"2021-12-20T08:31:46+00:00","twitter_card":"summary_large_image","twitter_misc":{"Dur\u00e9e de lecture estim\u00e9e":"1 minute"},"schema":{"@context":"https:\/\/schema.org","@graph":[{"@type":"WebPage","@id":"https:\/\/web.umons.ac.be\/fweg\/fr\/nos-activites-avec-le-secondaire\/","url":"https:\/\/web.umons.ac.be\/fweg\/fr\/nos-activites-avec-le-secondaire\/","name":"Nos activit\u00e9s avec le secondaire - Facult\u00e9 \/ FWEG","isPartOf":{"@id":"https:\/\/web.umons.ac.be\/fweg\/#website"},"datePublished":"2017-12-12T11:17:38+00:00","dateModified":"2021-12-20T08:31:46+00:00","breadcrumb":{"@id":"https:\/\/web.umons.ac.be\/fweg\/fr\/nos-activites-avec-le-secondaire\/#breadcrumb"},"inLanguage":"fr-FR","potentialAction":[{"@type":"ReadAction","target":["https:\/\/web.umons.ac.be\/fweg\/fr\/nos-activites-avec-le-secondaire\/"]}]},{"@type":"BreadcrumbList","@id":"https:\/\/web.umons.ac.be\/fweg\/fr\/nos-activites-avec-le-secondaire\/#breadcrumb","itemListElement":[{"@type":"ListItem","position":1,"name":"Accueil","item":"https:\/\/web.umons.ac.be\/fweg\/fr\/"},{"@type":"ListItem","position":2,"name":"Nos activit\u00e9s avec le secondaire"}]},{"@type":"WebSite","@id":"https:\/\/web.umons.ac.be\/fweg\/#website","url":"https:\/\/web.umons.ac.be\/fweg\/","name":"Facult\u00e9 \/ FWEG","description":"","potentialAction":[{"@type":"SearchAction","target":{"@type":"EntryPoint","urlTemplate":"https:\/\/web.umons.ac.be\/fweg\/?s={search_term_string}"},"query-input":{"@type":"PropertyValueSpecification","valueRequired":true,"valueName":"search_term_string"}}],"inLanguage":"fr-FR"}]}},"lang":"fr","translations":{"fr":882},"pll_sync_post":[],"_links":{"self":[{"href":"https:\/\/web.umons.ac.be\/fweg\/wp-json\/wp\/v2\/pages\/882","targetHints":{"allow":["GET"]}}],"collection":[{"href":"https:\/\/web.umons.ac.be\/fweg\/wp-json\/wp\/v2\/pages"}],"about":[{"href":"https:\/\/web.umons.ac.be\/fweg\/wp-json\/wp\/v2\/types\/page"}],"author":[{"embeddable":true,"href":"https:\/\/web.umons.ac.be\/fweg\/wp-json\/wp\/v2\/users\/2"}],"replies":[{"embeddable":true,"href":"https:\/\/web.umons.ac.be\/fweg\/wp-json\/wp\/v2\/comments?post=882"}],"version-history":[{"count":3,"href":"https:\/\/web.umons.ac.be\/fweg\/wp-json\/wp\/v2\/pages\/882\/revisions"}],"predecessor-version":[{"id":1869,"href":"https:\/\/web.umons.ac.be\/fweg\/wp-json\/wp\/v2\/pages\/882\/revisions\/1869"}],"wp:attachment":[{"href":"https:\/\/web.umons.ac.be\/fweg\/wp-json\/wp\/v2\/media?parent=882"}],"curies":[{"name":"wp","href":"https:\/\/api.w.org\/{rel}","templated":true}]}}