{"id":886,"date":"2017-12-12T12:24:43","date_gmt":"2017-12-12T11:24:43","guid":{"rendered":"https:\/\/web.umons.ac.be\/fweg\/?page_id=886"},"modified":"2021-04-02T13:48:55","modified_gmt":"2021-04-02T11:48:55","slug":"les-dessous-de-la-bourse","status":"publish","type":"page","link":"https:\/\/web.umons.ac.be\/fweg\/fr\/nos-activites-avec-le-secondaire\/les-dessous-de-la-bourse\/","title":{"rendered":"Les dessous de la Bourse"},"content":{"rendered":"<h4><span class=\"ms-rteCustom-Gras\">Des ateliers d&rsquo;animation sur le th\u00e8me de la Bourse et, plus largement, de l&rsquo;Economie \u00e0 destination des \u00e9l\u00e8ves de 5e et 6e ann\u00e9es du secondaire.<\/span><\/h4>\n<p>Chaque ann\u00e9e, la Facult\u00e9 Warocqu\u00e9 d\u2019Economie et de Gestion organise une activit\u00e9 sp\u00e9cifiquement destin\u00e9e aux \u00e9l\u00e8ves de l\u2019enseignement secondaire.<\/p>\n<p>Celle-ci est propos\u00e9e dans les locaux de l\u2019Universit\u00e9 de Mons, sur son campus \u00e0 Charleroi (Boulevard Joseph II) aux dates suivantes\u00a0:<\/p>\n<ul>\n<li>\n<h4>Pour 2020-2021, le projet est suspendu vu le contexte sanitaire<\/h4>\n<\/li>\n<\/ul>\n<p style=\"font-style: inherit; font-weight: inherit;\">En participant \u00e0 cette activit\u00e9, les \u00e9l\u00e8ves auront l\u2019occasion, dans un premier temps, de prendre part \u00e0 un expos\u00e9 scientifique relatif \u00e0 :<\/p>\n<ul>\n<li style=\"font-style: inherit;\">La crise de 2008<\/li>\n<li>Illusions et pi\u00e8ges dans l\u2019interpr\u00e9tation des informations financi\u00e8res<\/li>\n<li>Quand la finance psychote<\/li>\n<\/ul>\n<p>Les expos\u00e9s seront suivi d\u2019une initiation sur la bourse et ses m\u00e9canismes de fonctionnement et d\u2019un quizz boursier.<\/p>\n<p style=\"font-style: inherit; font-weight: inherit;\">Cette activit\u00e9, compos\u00e9e de 3 ateliers, a permis aux \u00e9l\u00e8ves du secondaire\u00a0de :<\/p>\n<ul>\n<li>Discuter et \u00e9changer leurs points de vue avec des enseignants et chercheurs de l\u2019universit\u00e9.<\/li>\n<li>Comprendre le monde \u00e9conomique et financier d\u2019aujourd\u2019hui.<\/li>\n<li>S\u2019initier \u00e0 la bourse et \u00e0 ses m\u00e9canismes.<\/li>\n<li>Participer au grand quizz de la bourse.<\/li>\n<\/ul>\n<p style=\"font-style: inherit; font-weight: inherit;\">En pratique,\u00a0l\u2019activit\u00e9 est gratuite et s\u2019adresse aux classes de 5e et 6e ann\u00e9es secondaires, quelle que soit l\u2019orientation d\u2019\u00e9tude. L\u2019int\u00e9r\u00eat pour les sections \u00e9conomiques est \u00e9vident mais les autres sections, dont les options ne sont pas \u00e9conomiques, pourraient tout \u00e0 fait participer. La compr\u00e9hension des m\u00e9canismes \u00e9conomiques peut int\u00e9resser tout le monde.<\/p>\n<div class=\"file-attachment\"><a href=\"https:\/\/web.umons.ac.be\/app\/uploads\/sites\/9\/2019\/12\/Triptyque-BOURSE2020-offset-v2.pdf\">Programme 2020<\/a><\/div>\n<p>&nbsp;<\/p>\n<p>Gratuit, sur r\u00e9servation (dans la limite des places disponibles)<\/p>\n<pre><a href=\"https:\/\/enquetes.umons.ac.be\/limesurvey\/index.php\/88814?lang=fr\" target=\"_blank\" rel=\"noopener noreferrer\">Formulaire d'inscription en ligne<\/a><\/pre>\n<hr \/>\n<p><strong>Contact<\/strong><\/p>\n<p>No\u00e9lie Maquestiau<br \/>\nE-mail : <a href=\"mailto:noelie.maquestiau@umons.ac.be\">noelie.maquestiau@umons.ac.be<\/a><br \/>\nT\u00e9l. : 064\/37 23 17<\/p>\n","protected":false},"excerpt":{"rendered":"<p>Des ateliers d&rsquo;animation sur le th\u00e8me de la Bourse et, plus largement, de l&rsquo;Economie \u00e0 destination des \u00e9l\u00e8ves de 5e et 6e ann\u00e9es du secondaire. Chaque ann\u00e9e, la Facult\u00e9 Warocqu\u00e9 d\u2019Economie et de Gestion organise une activit\u00e9 sp\u00e9cifiquement destin\u00e9e aux \u00e9l\u00e8ves de l\u2019enseignement secondaire. Celle-ci est propos\u00e9e dans les locaux de l\u2019Universit\u00e9 de Mons, sur [&hellip;]<\/p>\n","protected":false},"author":2,"featured_media":1312,"parent":882,"menu_order":1,"comment_status":"closed","ping_status":"closed","template":"","meta":{"footnotes":""},"class_list":["post-886","page","type-page","status-publish","has-post-thumbnail","hentry"],"yoast_head":"<!-- This site is optimized with the Yoast SEO plugin v27.2 - https:\/\/yoast.com\/product\/yoast-seo-wordpress\/ -->\n<title>Les dessous de la Bourse - Facult\u00e9 \/ FWEG<\/title>\n<meta name=\"robots\" content=\"index, follow, max-snippet:-1, max-image-preview:large, max-video-preview:-1\" \/>\n<link rel=\"canonical\" href=\"https:\/\/web.umons.ac.be\/fweg\/fr\/nos-activites-avec-le-secondaire\/les-dessous-de-la-bourse\/\" \/>\n<meta property=\"og:locale\" content=\"fr_FR\" \/>\n<meta property=\"og:type\" content=\"article\" \/>\n<meta property=\"og:title\" content=\"Les dessous de la Bourse - Facult\u00e9 \/ FWEG\" \/>\n<meta property=\"og:description\" content=\"Des ateliers d&rsquo;animation sur le th\u00e8me de la Bourse et, plus largement, de l&rsquo;Economie \u00e0 destination des \u00e9l\u00e8ves de 5e et 6e ann\u00e9es du secondaire. Chaque ann\u00e9e, la Facult\u00e9 Warocqu\u00e9 d\u2019Economie et de Gestion organise une activit\u00e9 sp\u00e9cifiquement destin\u00e9e aux \u00e9l\u00e8ves de l\u2019enseignement secondaire. Celle-ci est propos\u00e9e dans les locaux de l\u2019Universit\u00e9 de Mons, sur [&hellip;]\" \/>\n<meta property=\"og:url\" content=\"https:\/\/web.umons.ac.be\/fweg\/fr\/nos-activites-avec-le-secondaire\/les-dessous-de-la-bourse\/\" \/>\n<meta property=\"og:site_name\" content=\"Facult\u00e9 \/ FWEG\" \/>\n<meta property=\"article:modified_time\" content=\"2021-04-02T11:48:55+00:00\" \/>\n<meta property=\"og:image\" content=\"https:\/\/web.umons.ac.be\/app\/uploads\/sites\/9\/2019\/01\/DSC_2069-1024x682.jpg\" \/>\n\t<meta property=\"og:image:width\" content=\"1024\" \/>\n\t<meta property=\"og:image:height\" content=\"682\" \/>\n\t<meta property=\"og:image:type\" content=\"image\/jpeg\" \/>\n<meta name=\"twitter:card\" content=\"summary_large_image\" \/>\n<meta name=\"twitter:label1\" content=\"Dur\u00e9e de lecture estim\u00e9e\" \/>\n\t<meta name=\"twitter:data1\" content=\"2 minutes\" \/>\n<script type=\"application\/ld+json\" class=\"yoast-schema-graph\">{\"@context\":\"https:\/\/schema.org\",\"@graph\":[{\"@type\":\"WebPage\",\"@id\":\"https:\/\/web.umons.ac.be\/fweg\/fr\/nos-activites-avec-le-secondaire\/les-dessous-de-la-bourse\/\",\"url\":\"https:\/\/web.umons.ac.be\/fweg\/fr\/nos-activites-avec-le-secondaire\/les-dessous-de-la-bourse\/\",\"name\":\"Les dessous de la Bourse - Facult\u00e9 \/ FWEG\",\"isPartOf\":{\"@id\":\"https:\/\/web.umons.ac.be\/fweg\/#website\"},\"primaryImageOfPage\":{\"@id\":\"https:\/\/web.umons.ac.be\/fweg\/fr\/nos-activites-avec-le-secondaire\/les-dessous-de-la-bourse\/#primaryimage\"},\"image\":{\"@id\":\"https:\/\/web.umons.ac.be\/fweg\/fr\/nos-activites-avec-le-secondaire\/les-dessous-de-la-bourse\/#primaryimage\"},\"thumbnailUrl\":\"https:\/\/web.umons.ac.be\/app\/uploads\/sites\/9\/2019\/01\/DSC_2069.jpg\",\"datePublished\":\"2017-12-12T11:24:43+00:00\",\"dateModified\":\"2021-04-02T11:48:55+00:00\",\"breadcrumb\":{\"@id\":\"https:\/\/web.umons.ac.be\/fweg\/fr\/nos-activites-avec-le-secondaire\/les-dessous-de-la-bourse\/#breadcrumb\"},\"inLanguage\":\"fr-FR\",\"potentialAction\":[{\"@type\":\"ReadAction\",\"target\":[\"https:\/\/web.umons.ac.be\/fweg\/fr\/nos-activites-avec-le-secondaire\/les-dessous-de-la-bourse\/\"]}]},{\"@type\":\"ImageObject\",\"inLanguage\":\"fr-FR\",\"@id\":\"https:\/\/web.umons.ac.be\/fweg\/fr\/nos-activites-avec-le-secondaire\/les-dessous-de-la-bourse\/#primaryimage\",\"url\":\"https:\/\/web.umons.ac.be\/app\/uploads\/sites\/9\/2019\/01\/DSC_2069.jpg\",\"contentUrl\":\"https:\/\/web.umons.ac.be\/app\/uploads\/sites\/9\/2019\/01\/DSC_2069.jpg\",\"width\":4928,\"height\":3280},{\"@type\":\"BreadcrumbList\",\"@id\":\"https:\/\/web.umons.ac.be\/fweg\/fr\/nos-activites-avec-le-secondaire\/les-dessous-de-la-bourse\/#breadcrumb\",\"itemListElement\":[{\"@type\":\"ListItem\",\"position\":1,\"name\":\"Accueil\",\"item\":\"https:\/\/web.umons.ac.be\/fweg\/fr\/\"},{\"@type\":\"ListItem\",\"position\":2,\"name\":\"Nos activit\u00e9s avec le secondaire\",\"item\":\"https:\/\/web.umons.ac.be\/fweg\/fr\/nos-activites-avec-le-secondaire\/\"},{\"@type\":\"ListItem\",\"position\":3,\"name\":\"Les dessous de la Bourse\"}]},{\"@type\":\"WebSite\",\"@id\":\"https:\/\/web.umons.ac.be\/fweg\/#website\",\"url\":\"https:\/\/web.umons.ac.be\/fweg\/\",\"name\":\"Facult\u00e9 \/ FWEG\",\"description\":\"\",\"potentialAction\":[{\"@type\":\"SearchAction\",\"target\":{\"@type\":\"EntryPoint\",\"urlTemplate\":\"https:\/\/web.umons.ac.be\/fweg\/?s={search_term_string}\"},\"query-input\":{\"@type\":\"PropertyValueSpecification\",\"valueRequired\":true,\"valueName\":\"search_term_string\"}}],\"inLanguage\":\"fr-FR\"}]}<\/script>\n<!-- \/ Yoast SEO plugin. -->","yoast_head_json":{"title":"Les dessous de la Bourse - Facult\u00e9 \/ FWEG","robots":{"index":"index","follow":"follow","max-snippet":"max-snippet:-1","max-image-preview":"max-image-preview:large","max-video-preview":"max-video-preview:-1"},"canonical":"https:\/\/web.umons.ac.be\/fweg\/fr\/nos-activites-avec-le-secondaire\/les-dessous-de-la-bourse\/","og_locale":"fr_FR","og_type":"article","og_title":"Les dessous de la Bourse - Facult\u00e9 \/ FWEG","og_description":"Des ateliers d&rsquo;animation sur le th\u00e8me de la Bourse et, plus largement, de l&rsquo;Economie \u00e0 destination des \u00e9l\u00e8ves de 5e et 6e ann\u00e9es du secondaire. Chaque ann\u00e9e, la Facult\u00e9 Warocqu\u00e9 d\u2019Economie et de Gestion organise une activit\u00e9 sp\u00e9cifiquement destin\u00e9e aux \u00e9l\u00e8ves de l\u2019enseignement secondaire. Celle-ci est propos\u00e9e dans les locaux de l\u2019Universit\u00e9 de Mons, sur [&hellip;]","og_url":"https:\/\/web.umons.ac.be\/fweg\/fr\/nos-activites-avec-le-secondaire\/les-dessous-de-la-bourse\/","og_site_name":"Facult\u00e9 \/ FWEG","article_modified_time":"2021-04-02T11:48:55+00:00","og_image":[{"width":1024,"height":682,"url":"https:\/\/web.umons.ac.be\/app\/uploads\/sites\/9\/2019\/01\/DSC_2069-1024x682.jpg","type":"image\/jpeg"}],"twitter_card":"summary_large_image","twitter_misc":{"Dur\u00e9e de lecture estim\u00e9e":"2 minutes"},"schema":{"@context":"https:\/\/schema.org","@graph":[{"@type":"WebPage","@id":"https:\/\/web.umons.ac.be\/fweg\/fr\/nos-activites-avec-le-secondaire\/les-dessous-de-la-bourse\/","url":"https:\/\/web.umons.ac.be\/fweg\/fr\/nos-activites-avec-le-secondaire\/les-dessous-de-la-bourse\/","name":"Les dessous de la Bourse - Facult\u00e9 \/ FWEG","isPartOf":{"@id":"https:\/\/web.umons.ac.be\/fweg\/#website"},"primaryImageOfPage":{"@id":"https:\/\/web.umons.ac.be\/fweg\/fr\/nos-activites-avec-le-secondaire\/les-dessous-de-la-bourse\/#primaryimage"},"image":{"@id":"https:\/\/web.umons.ac.be\/fweg\/fr\/nos-activites-avec-le-secondaire\/les-dessous-de-la-bourse\/#primaryimage"},"thumbnailUrl":"https:\/\/web.umons.ac.be\/app\/uploads\/sites\/9\/2019\/01\/DSC_2069.jpg","datePublished":"2017-12-12T11:24:43+00:00","dateModified":"2021-04-02T11:48:55+00:00","breadcrumb":{"@id":"https:\/\/web.umons.ac.be\/fweg\/fr\/nos-activites-avec-le-secondaire\/les-dessous-de-la-bourse\/#breadcrumb"},"inLanguage":"fr-FR","potentialAction":[{"@type":"ReadAction","target":["https:\/\/web.umons.ac.be\/fweg\/fr\/nos-activites-avec-le-secondaire\/les-dessous-de-la-bourse\/"]}]},{"@type":"ImageObject","inLanguage":"fr-FR","@id":"https:\/\/web.umons.ac.be\/fweg\/fr\/nos-activites-avec-le-secondaire\/les-dessous-de-la-bourse\/#primaryimage","url":"https:\/\/web.umons.ac.be\/app\/uploads\/sites\/9\/2019\/01\/DSC_2069.jpg","contentUrl":"https:\/\/web.umons.ac.be\/app\/uploads\/sites\/9\/2019\/01\/DSC_2069.jpg","width":4928,"height":3280},{"@type":"BreadcrumbList","@id":"https:\/\/web.umons.ac.be\/fweg\/fr\/nos-activites-avec-le-secondaire\/les-dessous-de-la-bourse\/#breadcrumb","itemListElement":[{"@type":"ListItem","position":1,"name":"Accueil","item":"https:\/\/web.umons.ac.be\/fweg\/fr\/"},{"@type":"ListItem","position":2,"name":"Nos activit\u00e9s avec le secondaire","item":"https:\/\/web.umons.ac.be\/fweg\/fr\/nos-activites-avec-le-secondaire\/"},{"@type":"ListItem","position":3,"name":"Les dessous de la Bourse"}]},{"@type":"WebSite","@id":"https:\/\/web.umons.ac.be\/fweg\/#website","url":"https:\/\/web.umons.ac.be\/fweg\/","name":"Facult\u00e9 \/ FWEG","description":"","potentialAction":[{"@type":"SearchAction","target":{"@type":"EntryPoint","urlTemplate":"https:\/\/web.umons.ac.be\/fweg\/?s={search_term_string}"},"query-input":{"@type":"PropertyValueSpecification","valueRequired":true,"valueName":"search_term_string"}}],"inLanguage":"fr-FR"}]}},"lang":"fr","translations":{"fr":886},"pll_sync_post":[],"_links":{"self":[{"href":"https:\/\/web.umons.ac.be\/fweg\/wp-json\/wp\/v2\/pages\/886","targetHints":{"allow":["GET"]}}],"collection":[{"href":"https:\/\/web.umons.ac.be\/fweg\/wp-json\/wp\/v2\/pages"}],"about":[{"href":"https:\/\/web.umons.ac.be\/fweg\/wp-json\/wp\/v2\/types\/page"}],"author":[{"embeddable":true,"href":"https:\/\/web.umons.ac.be\/fweg\/wp-json\/wp\/v2\/users\/2"}],"replies":[{"embeddable":true,"href":"https:\/\/web.umons.ac.be\/fweg\/wp-json\/wp\/v2\/comments?post=886"}],"version-history":[{"count":15,"href":"https:\/\/web.umons.ac.be\/fweg\/wp-json\/wp\/v2\/pages\/886\/revisions"}],"predecessor-version":[{"id":1699,"href":"https:\/\/web.umons.ac.be\/fweg\/wp-json\/wp\/v2\/pages\/886\/revisions\/1699"}],"up":[{"embeddable":true,"href":"https:\/\/web.umons.ac.be\/fweg\/wp-json\/wp\/v2\/pages\/882"}],"wp:featuredmedia":[{"embeddable":true,"href":"https:\/\/web.umons.ac.be\/fweg\/wp-json\/wp\/v2\/media\/1312"}],"wp:attachment":[{"href":"https:\/\/web.umons.ac.be\/fweg\/wp-json\/wp\/v2\/media?parent=886"}],"curies":[{"name":"wp","href":"https:\/\/api.w.org\/{rel}","templated":true}]}}