{"id":985,"date":"2018-01-17T17:17:44","date_gmt":"2018-01-17T16:17:44","guid":{"rendered":"https:\/\/web.umons.ac.be\/fweg\/?page_id=985"},"modified":"2018-12-14T10:38:59","modified_gmt":"2018-12-14T09:38:59","slug":"structure-des-etudes","status":"publish","type":"page","link":"https:\/\/web.umons.ac.be\/fweg\/en\/etudes\/structure-des-etudes\/","title":{"rendered":"Structure of studies"},"content":{"rendered":"<p>Les \u00e9tudes \u00e0 la Facult\u00e9 Warocqu\u00e9 sont organis\u00e9es selon le sch\u00e9ma repris ci-dessous. Le premier bloc de Bachelier est commun pour les \u00e9tudes en Sciences de Gestion, en Sciences Economiques et de Gestion et en Ing\u00e9nieur de Gestion. Les \u00e9tudiants font leur choix entre une des trois fili\u00e8res \u00e0 partir du 2<sup>\u00e8me<\/sup> bloc de Bachelier.<\/p>\n<p><img loading=\"lazy\" decoding=\"async\" class=\"aligncenter wp-image-1307 size-large\" src=\"https:\/\/web.umons.ac.be\/app\/uploads\/sites\/9\/2018\/12\/FWEG-1-944x1024.jpg\" alt=\"\" width=\"944\" height=\"1024\" srcset=\"https:\/\/web.umons.ac.be\/app\/uploads\/sites\/9\/2018\/12\/FWEG-1-944x1024.jpg 944w, https:\/\/web.umons.ac.be\/app\/uploads\/sites\/9\/2018\/12\/FWEG-1-277x300.jpg 277w, https:\/\/web.umons.ac.be\/app\/uploads\/sites\/9\/2018\/12\/FWEG-1-768x833.jpg 768w, https:\/\/web.umons.ac.be\/app\/uploads\/sites\/9\/2018\/12\/FWEG-1-608x660.jpg 608w, https:\/\/web.umons.ac.be\/app\/uploads\/sites\/9\/2018\/12\/FWEG-1-30x33.jpg 30w, https:\/\/web.umons.ac.be\/app\/uploads\/sites\/9\/2018\/12\/FWEG-1-55x60.jpg 55w, https:\/\/web.umons.ac.be\/app\/uploads\/sites\/9\/2018\/12\/FWEG-1-360x391.jpg 360w, https:\/\/web.umons.ac.be\/app\/uploads\/sites\/9\/2018\/12\/FWEG-1.jpg 1024w\" sizes=\"auto, (max-width: 944px) 100vw, 944px\" \/><\/p>\n","protected":false},"excerpt":{"rendered":"<p>Les \u00e9tudes \u00e0 la Facult\u00e9 Warocqu\u00e9 sont organis\u00e9es selon le sch\u00e9ma repris ci-dessous. Le premier bloc de Bachelier est commun pour les \u00e9tudes en Sciences de Gestion, en Sciences Economiques et de Gestion et en Ing\u00e9nieur de Gestion. Les \u00e9tudiants font leur choix entre une des trois fili\u00e8res \u00e0 partir du 2\u00e8me bloc de Bachelier.<\/p>\n","protected":false},"author":2,"featured_media":0,"parent":712,"menu_order":1,"comment_status":"closed","ping_status":"closed","template":"","meta":{"footnotes":""},"class_list":["post-985","page","type-page","status-publish","hentry"],"yoast_head":"<!-- This site is optimized with the Yoast SEO plugin v27.2 - https:\/\/yoast.com\/product\/yoast-seo-wordpress\/ -->\n<title>Structure of studies - Facult\u00e9 \/ FWEG<\/title>\n<meta name=\"robots\" content=\"index, follow, max-snippet:-1, max-image-preview:large, max-video-preview:-1\" \/>\n<link rel=\"canonical\" href=\"https:\/\/web.umons.ac.be\/fweg\/en\/etudes\/structure-des-etudes\/\" \/>\n<meta property=\"og:locale\" content=\"fr_FR\" \/>\n<meta property=\"og:type\" content=\"article\" \/>\n<meta property=\"og:title\" content=\"Structure of studies - Facult\u00e9 \/ FWEG\" \/>\n<meta property=\"og:description\" content=\"Les \u00e9tudes \u00e0 la Facult\u00e9 Warocqu\u00e9 sont organis\u00e9es selon le sch\u00e9ma repris ci-dessous. Le premier bloc de Bachelier est commun pour les \u00e9tudes en Sciences de Gestion, en Sciences Economiques et de Gestion et en Ing\u00e9nieur de Gestion. Les \u00e9tudiants font leur choix entre une des trois fili\u00e8res \u00e0 partir du 2\u00e8me bloc de Bachelier.\" \/>\n<meta property=\"og:url\" content=\"https:\/\/web.umons.ac.be\/fweg\/en\/etudes\/structure-des-etudes\/\" \/>\n<meta property=\"og:site_name\" content=\"Facult\u00e9 \/ FWEG\" \/>\n<meta property=\"article:modified_time\" content=\"2018-12-14T09:38:59+00:00\" \/>\n<meta property=\"og:image\" content=\"https:\/\/web.umons.ac.be\/app\/uploads\/sites\/9\/2018\/12\/FWEG-1-944x1024.jpg\" \/>\n<meta name=\"twitter:card\" content=\"summary_large_image\" \/>\n<script type=\"application\/ld+json\" class=\"yoast-schema-graph\">{\"@context\":\"https:\/\/schema.org\",\"@graph\":[{\"@type\":\"WebPage\",\"@id\":\"https:\/\/web.umons.ac.be\/fweg\/en\/etudes\/structure-des-etudes\/\",\"url\":\"https:\/\/web.umons.ac.be\/fweg\/en\/etudes\/structure-des-etudes\/\",\"name\":\"Structure of studies - Facult\u00e9 \/ FWEG\",\"isPartOf\":{\"@id\":\"https:\/\/web.umons.ac.be\/fweg\/#website\"},\"primaryImageOfPage\":{\"@id\":\"https:\/\/web.umons.ac.be\/fweg\/en\/etudes\/structure-des-etudes\/#primaryimage\"},\"image\":{\"@id\":\"https:\/\/web.umons.ac.be\/fweg\/en\/etudes\/structure-des-etudes\/#primaryimage\"},\"thumbnailUrl\":\"https:\/\/web.umons.ac.be\/app\/uploads\/sites\/9\/2018\/12\/FWEG-1-944x1024.jpg\",\"datePublished\":\"2018-01-17T16:17:44+00:00\",\"dateModified\":\"2018-12-14T09:38:59+00:00\",\"breadcrumb\":{\"@id\":\"https:\/\/web.umons.ac.be\/fweg\/en\/etudes\/structure-des-etudes\/#breadcrumb\"},\"inLanguage\":\"fr-FR\",\"potentialAction\":[{\"@type\":\"ReadAction\",\"target\":[\"https:\/\/web.umons.ac.be\/fweg\/en\/etudes\/structure-des-etudes\/\"]}]},{\"@type\":\"ImageObject\",\"inLanguage\":\"fr-FR\",\"@id\":\"https:\/\/web.umons.ac.be\/fweg\/en\/etudes\/structure-des-etudes\/#primaryimage\",\"url\":\"https:\/\/web.umons.ac.be\/app\/uploads\/sites\/9\/2018\/12\/FWEG-1-944x1024.jpg\",\"contentUrl\":\"https:\/\/web.umons.ac.be\/app\/uploads\/sites\/9\/2018\/12\/FWEG-1-944x1024.jpg\"},{\"@type\":\"BreadcrumbList\",\"@id\":\"https:\/\/web.umons.ac.be\/fweg\/en\/etudes\/structure-des-etudes\/#breadcrumb\",\"itemListElement\":[{\"@type\":\"ListItem\",\"position\":1,\"name\":\"Accueil\",\"item\":\"https:\/\/web.umons.ac.be\/fweg\/fr\/\"},{\"@type\":\"ListItem\",\"position\":2,\"name\":\"Studies\",\"item\":\"https:\/\/web.umons.ac.be\/fweg\/en\/etudes\/\"},{\"@type\":\"ListItem\",\"position\":3,\"name\":\"Structure of studies\"}]},{\"@type\":\"WebSite\",\"@id\":\"https:\/\/web.umons.ac.be\/fweg\/#website\",\"url\":\"https:\/\/web.umons.ac.be\/fweg\/\",\"name\":\"Facult\u00e9 \/ FWEG\",\"description\":\"\",\"potentialAction\":[{\"@type\":\"SearchAction\",\"target\":{\"@type\":\"EntryPoint\",\"urlTemplate\":\"https:\/\/web.umons.ac.be\/fweg\/?s={search_term_string}\"},\"query-input\":{\"@type\":\"PropertyValueSpecification\",\"valueRequired\":true,\"valueName\":\"search_term_string\"}}],\"inLanguage\":\"fr-FR\"}]}<\/script>\n<!-- \/ Yoast SEO plugin. -->","yoast_head_json":{"title":"Structure of studies - Facult\u00e9 \/ FWEG","robots":{"index":"index","follow":"follow","max-snippet":"max-snippet:-1","max-image-preview":"max-image-preview:large","max-video-preview":"max-video-preview:-1"},"canonical":"https:\/\/web.umons.ac.be\/fweg\/en\/etudes\/structure-des-etudes\/","og_locale":"fr_FR","og_type":"article","og_title":"Structure of studies - Facult\u00e9 \/ FWEG","og_description":"Les \u00e9tudes \u00e0 la Facult\u00e9 Warocqu\u00e9 sont organis\u00e9es selon le sch\u00e9ma repris ci-dessous. Le premier bloc de Bachelier est commun pour les \u00e9tudes en Sciences de Gestion, en Sciences Economiques et de Gestion et en Ing\u00e9nieur de Gestion. Les \u00e9tudiants font leur choix entre une des trois fili\u00e8res \u00e0 partir du 2\u00e8me bloc de Bachelier.","og_url":"https:\/\/web.umons.ac.be\/fweg\/en\/etudes\/structure-des-etudes\/","og_site_name":"Facult\u00e9 \/ FWEG","article_modified_time":"2018-12-14T09:38:59+00:00","og_image":[{"url":"https:\/\/web.umons.ac.be\/app\/uploads\/sites\/9\/2018\/12\/FWEG-1-944x1024.jpg","type":"","width":"","height":""}],"twitter_card":"summary_large_image","schema":{"@context":"https:\/\/schema.org","@graph":[{"@type":"WebPage","@id":"https:\/\/web.umons.ac.be\/fweg\/en\/etudes\/structure-des-etudes\/","url":"https:\/\/web.umons.ac.be\/fweg\/en\/etudes\/structure-des-etudes\/","name":"Structure of studies - Facult\u00e9 \/ FWEG","isPartOf":{"@id":"https:\/\/web.umons.ac.be\/fweg\/#website"},"primaryImageOfPage":{"@id":"https:\/\/web.umons.ac.be\/fweg\/en\/etudes\/structure-des-etudes\/#primaryimage"},"image":{"@id":"https:\/\/web.umons.ac.be\/fweg\/en\/etudes\/structure-des-etudes\/#primaryimage"},"thumbnailUrl":"https:\/\/web.umons.ac.be\/app\/uploads\/sites\/9\/2018\/12\/FWEG-1-944x1024.jpg","datePublished":"2018-01-17T16:17:44+00:00","dateModified":"2018-12-14T09:38:59+00:00","breadcrumb":{"@id":"https:\/\/web.umons.ac.be\/fweg\/en\/etudes\/structure-des-etudes\/#breadcrumb"},"inLanguage":"fr-FR","potentialAction":[{"@type":"ReadAction","target":["https:\/\/web.umons.ac.be\/fweg\/en\/etudes\/structure-des-etudes\/"]}]},{"@type":"ImageObject","inLanguage":"fr-FR","@id":"https:\/\/web.umons.ac.be\/fweg\/en\/etudes\/structure-des-etudes\/#primaryimage","url":"https:\/\/web.umons.ac.be\/app\/uploads\/sites\/9\/2018\/12\/FWEG-1-944x1024.jpg","contentUrl":"https:\/\/web.umons.ac.be\/app\/uploads\/sites\/9\/2018\/12\/FWEG-1-944x1024.jpg"},{"@type":"BreadcrumbList","@id":"https:\/\/web.umons.ac.be\/fweg\/en\/etudes\/structure-des-etudes\/#breadcrumb","itemListElement":[{"@type":"ListItem","position":1,"name":"Accueil","item":"https:\/\/web.umons.ac.be\/fweg\/fr\/"},{"@type":"ListItem","position":2,"name":"Studies","item":"https:\/\/web.umons.ac.be\/fweg\/en\/etudes\/"},{"@type":"ListItem","position":3,"name":"Structure of studies"}]},{"@type":"WebSite","@id":"https:\/\/web.umons.ac.be\/fweg\/#website","url":"https:\/\/web.umons.ac.be\/fweg\/","name":"Facult\u00e9 \/ FWEG","description":"","potentialAction":[{"@type":"SearchAction","target":{"@type":"EntryPoint","urlTemplate":"https:\/\/web.umons.ac.be\/fweg\/?s={search_term_string}"},"query-input":{"@type":"PropertyValueSpecification","valueRequired":true,"valueName":"search_term_string"}}],"inLanguage":"fr-FR"}]}},"lang":"en","translations":{"en":985,"fr":138},"pll_sync_post":[],"_links":{"self":[{"href":"https:\/\/web.umons.ac.be\/fweg\/wp-json\/wp\/v2\/pages\/985","targetHints":{"allow":["GET"]}}],"collection":[{"href":"https:\/\/web.umons.ac.be\/fweg\/wp-json\/wp\/v2\/pages"}],"about":[{"href":"https:\/\/web.umons.ac.be\/fweg\/wp-json\/wp\/v2\/types\/page"}],"author":[{"embeddable":true,"href":"https:\/\/web.umons.ac.be\/fweg\/wp-json\/wp\/v2\/users\/2"}],"replies":[{"embeddable":true,"href":"https:\/\/web.umons.ac.be\/fweg\/wp-json\/wp\/v2\/comments?post=985"}],"version-history":[{"count":3,"href":"https:\/\/web.umons.ac.be\/fweg\/wp-json\/wp\/v2\/pages\/985\/revisions"}],"predecessor-version":[{"id":1308,"href":"https:\/\/web.umons.ac.be\/fweg\/wp-json\/wp\/v2\/pages\/985\/revisions\/1308"}],"up":[{"embeddable":true,"href":"https:\/\/web.umons.ac.be\/fweg\/wp-json\/wp\/v2\/pages\/712"}],"wp:attachment":[{"href":"https:\/\/web.umons.ac.be\/fweg\/wp-json\/wp\/v2\/media?parent=985"}],"curies":[{"name":"wp","href":"https:\/\/api.w.org\/{rel}","templated":true}]}}