{"id":990,"date":"2018-01-17T17:27:33","date_gmt":"2018-01-17T16:27:33","guid":{"rendered":"https:\/\/web.umons.ac.be\/fweg\/?page_id=990"},"modified":"2018-01-17T17:27:33","modified_gmt":"2018-01-17T16:27:33","slug":"passerelles","status":"publish","type":"page","link":"https:\/\/web.umons.ac.be\/fweg\/en\/etudes\/passerelles\/","title":{"rendered":"Bridge programme"},"content":{"rendered":"<p>Les \u00e9tudiants issus du sup\u00e9rieur non universitaire de type long ou court ou d\u2019autres sections universitaires souhaitent parfois compl\u00e9ter leur formation par un Master dans le domaine de l\u2019\u00e9conomie et de la gestion ou de la politique \u00e9conomique et sociale.<\/p>\n<p>Voici la liste compl\u00e8te des grades acad\u00e9miques qui donnent acc\u00e8s aux Masters en Sciences de Gestion (60 et 120 cr\u00e9dits, horaire de jour et horaire d\u00e9cal\u00e9), en Ing\u00e9nieur de Gestion (120 cr\u00e9dits, horaire de jour) ou en Politique \u00e9conomique et sociale (120 cr\u00e9dits, horaire de jour). Certains \u00e9tudiants devront suivre les enseignements du bloc compl\u00e9mentaire pr\u00e9alablement afin d&rsquo;avoir les pr\u00e9requis n\u00e9cessaires au master.<\/p>\n<div class=\"file-attachment\">\n<p><a href=\"https:\/\/web.umons.ac.be\/app\/uploads\/sites\/9\/2017\/12\/Nouveaux-acc\u00e8s-passerelles-rentr\u00e9e-17.pdf\">Nouveaux acc\u00e8s passerelles rentr\u00e9e 17<\/a><\/p>\n<\/div>\n<ul>\n<li>Les \u00e9tudiants de plein droit doivent compl\u00e9ter le dossier des \u00e9tudiants de plein droit avant de se rendre au service inscriptions. Le dossier est accessible sous le lien suivant\u00a0: lien service inscriptions.<\/li>\n<li>Les \u00e9tudiants devant r\u00e9aliser une demande d\u2019admission personnalis\u00e9e trouveront le dossier \u00e0 compl\u00e9ter sous le lien suivant\u00a0(dossier \u00e0 choisir en fonction de la nationalit\u00e9)\u00a0: lien service inscriptions.<\/li>\n<li>Les personnes dont les dipl\u00f4mes ne sont pas repris dans le tableau ci-dessus peuvent malgr\u00e9 tout introduire une demande d\u2019admission personnalis\u00e9e. Le jury prendra alors la d\u00e9cision de les admettre (avec ou sans programme compl\u00e9mentaire) ou non aux \u00e9tudes souhait\u00e9es.<\/li>\n<li>Pour les personnes pouvant faire la PREUVE de 5 ann\u00e9es d&rsquo;exp\u00e9rience professionnelle ou personnelle, en rapport avec la formation vis\u00e9e, il est \u00e9galement d&rsquo;acc\u00e9der \u00e0 une formation pour laquelle elles n&rsquo;auraient pas le titre requis au travers de la Valorisation des Acquis de l&rsquo;Exp\u00e9rience (ou VAE). Toutes les informations utiles \u00e0 ce propos sont accessibles sur cette page.<\/li>\n<\/ul>\n<start-cask-shortcode-wrapper>\n<blockquote class=\"shortcode-testimonial scheme-fweg\">\n    <div class=\"testimonial-quote\">\n        <div>Dipl\u00f4m\u00e9 de la Facult\u00e9 Polytechnique de Mons en g\u00e9nie \u00e9lectrique et \u00e9nergies renouvelables en 2016, j\u2019ai d\u00e9cid\u00e9 d\u2019entamer un master compl\u00e9mentaire en gestion \u00e0 la Facult\u00e9 Warocqu\u00e9 d\u2019Economie et de Gest&hellip;<\/div>\n                <a href=\"#testimonial-modal-857\" class=\"button-secondary open-testimonial scheme-border scheme-color-hover-important\">\n            Poursuivre la lecture <span class=\"icon umons-icon-tail-right\" aria-hidden=\"true\"><\/span>\n        <\/a>\n            <\/div>\n    <div class=\"testimonial-author\">\n                <div class=\"testimonial-picture\">\n            <img decoding=\"async\" src=\"https:\/\/web.umons.ac.be\/app\/uploads\/sites\/9\/2017\/12\/Aghiles-DJELLAL-photo-e1516203788369-80x80.jpg\" alt=\"\" \/>\n        <\/div>\n                <div class=\"testimonial-text\">\n            <div class=\"testimonial-identity\">\n                <span class=\"testimonial-author-name\">Aghiles Djellal<\/span>\n                            <\/div>\n            <div class=\"testimonial-meta\">\n                                <span class=\"testimonial-position\">Assistant manager chez Spie Belgium \/<\/span>\n                                                <span class=\"testimonial-group\">Ing\u00e9nieur Civil (2016) & Dipl\u00f4m\u00e9 du Master Ing\u00e9nieur de gestion (2018)<\/span>\n                            <\/div>\n        <\/div>\n    <\/div>\n<\/blockquote>\n<div id=\"testimonial-modal-857\" class=\"testimonial-modal-wrap normal\" style=\"display: none;\">\n    <div class=\"shortcode-testimonial-modal\">\n        <blockquote class=\"shortcode-testimonial\">\n            <div class=\"testimonial-quote editor-front\">\n                                <blockquote class=\"highlighted-quote\">Dipl\u00f4m\u00e9 de la Facult\u00e9 Polytechnique de Mons en g\u00e9nie \u00e9lectrique et \u00e9nergies renouvelables en 2016, j\u2019ai d\u00e9cid\u00e9 d\u2019entamer un master compl\u00e9mentaire en gestion \u00e0 la Facult\u00e9 Warocqu\u00e9 d\u2019Economie et de Gestion. Au cours de mon cursus \u00e0 la FPMs, j\u2019ai acquis diverses notions relatives aux math\u00e9matiques, \u00e0 la physique et \u00e0 l\u2019informatique. Bien que cette\u2026<\/blockquote>\n                                                <div class=\"testimonial-full-quote\"><p>Dipl\u00f4m\u00e9 de la Facult\u00e9 Polytechnique de Mons en g\u00e9nie \u00e9lectrique et \u00e9nergies renouvelables en 2016, j\u2019ai d\u00e9cid\u00e9 d\u2019entamer un master compl\u00e9mentaire en gestion \u00e0 la Facult\u00e9 Warocqu\u00e9 d\u2019Economie et de Gestion.<\/p>\n<p>Au cours de mon cursus \u00e0 la FPMs, j\u2019ai acquis diverses notions relatives aux math\u00e9matiques, \u00e0 la physique et \u00e0 l\u2019informatique. Bien que cette formation fut compl\u00e8te et passionnante d\u2019un point de vue scientifique, je ressentais le besoin de la compl\u00e9ter avec des notions en \u00e9conomie et en gestion. J\u2019estime que celles-ci sont primordiales pour un ing\u00e9nieur civil d\u00e9sireux de poss\u00e9der tous les outils n\u00e9cessaires afin de relever les d\u00e9fis actuels en Belgique et dans le reste du monde.<\/p>\n<p>J\u2019ai choisi le Master Ing\u00e9nieur de Gestion \u00e0 finalit\u00e9 sp\u00e9cialis\u00e9e (Marketing et Entrepreneuriat) de deux ann\u00e9es avec stage et m\u00e9moire au terme de la deuxi\u00e8me ann\u00e9e. Les cours de Marketing (approfondi et international) sont passionnants et d\u00e9taillent les bases et strat\u00e9gies de ce dernier.<br \/>\nLe cours d\u2019Entrepreneuriat fournit quant \u00e0 lui une aide consid\u00e9rable aux \u00e9tudiants porteurs d\u2019un projet et d\u00e9sireux de le concr\u00e9tiser. L\u2019\u00e9tudiant est suivi et soutenu depuis la naissance de son projet (id\u00e9e), jusqu\u2019\u00e0 la r\u00e9alisation d\u2019un business plan et la concr\u00e9tisation du concept.<\/p>\n<p>Au terme de cette formation, je me retrouve enti\u00e8rement satisfait de mon choix, mon adaptation s\u2019\u00e9tant facilement d\u00e9roul\u00e9e avec la facult\u00e9. Je me permets de recommander aux \u00e9tudiants d\u00e9sireux de compl\u00e9ter ou de parfaire leur formation de se tourner vers les divers masters que propose la FWEG.<\/p>\n<\/div>\n                            <\/div>\n            <div class=\"testimonial-author\">\n                                <div class=\"testimonial-picture\">\n                    <img decoding=\"async\" src=\"https:\/\/web.umons.ac.be\/app\/uploads\/sites\/9\/2017\/12\/Aghiles-DJELLAL-photo-e1516203788369-80x80.jpg\" alt=\"\" \/>\n                <\/div>\n                                <div class=\"testimonial-text\">\n                    <div class=\"testimonial-identity\">\n                        <span class=\"testimonial-author-name\">Aghiles Djellal<\/span>\n                                            <\/div>\n                    <div class=\"testimonial-meta\">\n                                                <span class=\"testimonial-position\">Assistant manager chez Spie Belgium \/<\/span>\n                                                                        <span class=\"testimonial-group\">(Ing\u00e9nieur Civil (2016) & Dipl\u00f4m\u00e9 du Master Ing\u00e9nieur de gestion (2018))<\/span>\n                                            <\/div>\n                <\/div>\n            <\/div>\n        <\/blockquote>\n    <\/div>\n<\/div>\n<end-cask-shortcode-wrapper>\n<p>&nbsp;<\/p>\n","protected":false},"excerpt":{"rendered":"<p>Les \u00e9tudiants issus du sup\u00e9rieur non universitaire de type long ou court ou d\u2019autres sections universitaires souhaitent parfois compl\u00e9ter leur formation par un Master dans le domaine de l\u2019\u00e9conomie et de la gestion ou de la politique \u00e9conomique et sociale. Voici la liste compl\u00e8te des grades acad\u00e9miques qui donnent acc\u00e8s aux Masters en Sciences de [&hellip;]<\/p>\n","protected":false},"author":2,"featured_media":0,"parent":712,"menu_order":0,"comment_status":"closed","ping_status":"closed","template":"","meta":{"footnotes":""},"class_list":["post-990","page","type-page","status-publish","hentry"],"yoast_head":"<!-- This site is optimized with the Yoast SEO plugin v27.2 - https:\/\/yoast.com\/product\/yoast-seo-wordpress\/ -->\n<title>Bridge programme - Facult\u00e9 \/ FWEG<\/title>\n<meta name=\"robots\" content=\"index, follow, max-snippet:-1, max-image-preview:large, max-video-preview:-1\" \/>\n<link rel=\"canonical\" href=\"https:\/\/web.umons.ac.be\/fweg\/en\/etudes\/passerelles\/\" \/>\n<meta property=\"og:locale\" content=\"fr_FR\" \/>\n<meta property=\"og:type\" content=\"article\" \/>\n<meta property=\"og:title\" content=\"Bridge programme - Facult\u00e9 \/ FWEG\" \/>\n<meta property=\"og:description\" content=\"Les \u00e9tudiants issus du sup\u00e9rieur non universitaire de type long ou court ou d\u2019autres sections universitaires souhaitent parfois compl\u00e9ter leur formation par un Master dans le domaine de l\u2019\u00e9conomie et de la gestion ou de la politique \u00e9conomique et sociale. Voici la liste compl\u00e8te des grades acad\u00e9miques qui donnent acc\u00e8s aux Masters en Sciences de [&hellip;]\" \/>\n<meta property=\"og:url\" content=\"https:\/\/web.umons.ac.be\/fweg\/en\/etudes\/passerelles\/\" \/>\n<meta property=\"og:site_name\" content=\"Facult\u00e9 \/ FWEG\" \/>\n<meta name=\"twitter:card\" content=\"summary_large_image\" \/>\n<meta name=\"twitter:label1\" content=\"Dur\u00e9e de lecture estim\u00e9e\" \/>\n\t<meta name=\"twitter:data1\" content=\"2 minutes\" \/>\n<script type=\"application\/ld+json\" class=\"yoast-schema-graph\">{\"@context\":\"https:\/\/schema.org\",\"@graph\":[{\"@type\":\"WebPage\",\"@id\":\"https:\/\/web.umons.ac.be\/fweg\/en\/etudes\/passerelles\/\",\"url\":\"https:\/\/web.umons.ac.be\/fweg\/en\/etudes\/passerelles\/\",\"name\":\"Bridge programme - Facult\u00e9 \/ FWEG\",\"isPartOf\":{\"@id\":\"https:\/\/web.umons.ac.be\/fweg\/#website\"},\"datePublished\":\"2018-01-17T16:27:33+00:00\",\"breadcrumb\":{\"@id\":\"https:\/\/web.umons.ac.be\/fweg\/en\/etudes\/passerelles\/#breadcrumb\"},\"inLanguage\":\"fr-FR\",\"potentialAction\":[{\"@type\":\"ReadAction\",\"target\":[\"https:\/\/web.umons.ac.be\/fweg\/en\/etudes\/passerelles\/\"]}]},{\"@type\":\"BreadcrumbList\",\"@id\":\"https:\/\/web.umons.ac.be\/fweg\/en\/etudes\/passerelles\/#breadcrumb\",\"itemListElement\":[{\"@type\":\"ListItem\",\"position\":1,\"name\":\"Accueil\",\"item\":\"https:\/\/web.umons.ac.be\/fweg\/fr\/\"},{\"@type\":\"ListItem\",\"position\":2,\"name\":\"Studies\",\"item\":\"https:\/\/web.umons.ac.be\/fweg\/en\/etudes\/\"},{\"@type\":\"ListItem\",\"position\":3,\"name\":\"Bridge programme\"}]},{\"@type\":\"WebSite\",\"@id\":\"https:\/\/web.umons.ac.be\/fweg\/#website\",\"url\":\"https:\/\/web.umons.ac.be\/fweg\/\",\"name\":\"Facult\u00e9 \/ FWEG\",\"description\":\"\",\"potentialAction\":[{\"@type\":\"SearchAction\",\"target\":{\"@type\":\"EntryPoint\",\"urlTemplate\":\"https:\/\/web.umons.ac.be\/fweg\/?s={search_term_string}\"},\"query-input\":{\"@type\":\"PropertyValueSpecification\",\"valueRequired\":true,\"valueName\":\"search_term_string\"}}],\"inLanguage\":\"fr-FR\"}]}<\/script>\n<!-- \/ Yoast SEO plugin. -->","yoast_head_json":{"title":"Bridge programme - Facult\u00e9 \/ FWEG","robots":{"index":"index","follow":"follow","max-snippet":"max-snippet:-1","max-image-preview":"max-image-preview:large","max-video-preview":"max-video-preview:-1"},"canonical":"https:\/\/web.umons.ac.be\/fweg\/en\/etudes\/passerelles\/","og_locale":"fr_FR","og_type":"article","og_title":"Bridge programme - Facult\u00e9 \/ FWEG","og_description":"Les \u00e9tudiants issus du sup\u00e9rieur non universitaire de type long ou court ou d\u2019autres sections universitaires souhaitent parfois compl\u00e9ter leur formation par un Master dans le domaine de l\u2019\u00e9conomie et de la gestion ou de la politique \u00e9conomique et sociale. Voici la liste compl\u00e8te des grades acad\u00e9miques qui donnent acc\u00e8s aux Masters en Sciences de [&hellip;]","og_url":"https:\/\/web.umons.ac.be\/fweg\/en\/etudes\/passerelles\/","og_site_name":"Facult\u00e9 \/ FWEG","twitter_card":"summary_large_image","twitter_misc":{"Dur\u00e9e de lecture estim\u00e9e":"2 minutes"},"schema":{"@context":"https:\/\/schema.org","@graph":[{"@type":"WebPage","@id":"https:\/\/web.umons.ac.be\/fweg\/en\/etudes\/passerelles\/","url":"https:\/\/web.umons.ac.be\/fweg\/en\/etudes\/passerelles\/","name":"Bridge programme - Facult\u00e9 \/ FWEG","isPartOf":{"@id":"https:\/\/web.umons.ac.be\/fweg\/#website"},"datePublished":"2018-01-17T16:27:33+00:00","breadcrumb":{"@id":"https:\/\/web.umons.ac.be\/fweg\/en\/etudes\/passerelles\/#breadcrumb"},"inLanguage":"fr-FR","potentialAction":[{"@type":"ReadAction","target":["https:\/\/web.umons.ac.be\/fweg\/en\/etudes\/passerelles\/"]}]},{"@type":"BreadcrumbList","@id":"https:\/\/web.umons.ac.be\/fweg\/en\/etudes\/passerelles\/#breadcrumb","itemListElement":[{"@type":"ListItem","position":1,"name":"Accueil","item":"https:\/\/web.umons.ac.be\/fweg\/fr\/"},{"@type":"ListItem","position":2,"name":"Studies","item":"https:\/\/web.umons.ac.be\/fweg\/en\/etudes\/"},{"@type":"ListItem","position":3,"name":"Bridge programme"}]},{"@type":"WebSite","@id":"https:\/\/web.umons.ac.be\/fweg\/#website","url":"https:\/\/web.umons.ac.be\/fweg\/","name":"Facult\u00e9 \/ FWEG","description":"","potentialAction":[{"@type":"SearchAction","target":{"@type":"EntryPoint","urlTemplate":"https:\/\/web.umons.ac.be\/fweg\/?s={search_term_string}"},"query-input":{"@type":"PropertyValueSpecification","valueRequired":true,"valueName":"search_term_string"}}],"inLanguage":"fr-FR"}]}},"lang":"en","translations":{"en":990,"fr":855},"pll_sync_post":[],"_links":{"self":[{"href":"https:\/\/web.umons.ac.be\/fweg\/wp-json\/wp\/v2\/pages\/990","targetHints":{"allow":["GET"]}}],"collection":[{"href":"https:\/\/web.umons.ac.be\/fweg\/wp-json\/wp\/v2\/pages"}],"about":[{"href":"https:\/\/web.umons.ac.be\/fweg\/wp-json\/wp\/v2\/types\/page"}],"author":[{"embeddable":true,"href":"https:\/\/web.umons.ac.be\/fweg\/wp-json\/wp\/v2\/users\/2"}],"replies":[{"embeddable":true,"href":"https:\/\/web.umons.ac.be\/fweg\/wp-json\/wp\/v2\/comments?post=990"}],"version-history":[{"count":2,"href":"https:\/\/web.umons.ac.be\/fweg\/wp-json\/wp\/v2\/pages\/990\/revisions"}],"predecessor-version":[{"id":992,"href":"https:\/\/web.umons.ac.be\/fweg\/wp-json\/wp\/v2\/pages\/990\/revisions\/992"}],"up":[{"embeddable":true,"href":"https:\/\/web.umons.ac.be\/fweg\/wp-json\/wp\/v2\/pages\/712"}],"wp:attachment":[{"href":"https:\/\/web.umons.ac.be\/fweg\/wp-json\/wp\/v2\/media?parent=990"}],"curies":[{"name":"wp","href":"https:\/\/api.w.org\/{rel}","templated":true}]}}