{"id":994,"date":"2018-01-17T17:30:06","date_gmt":"2018-01-17T16:30:06","guid":{"rendered":"https:\/\/web.umons.ac.be\/fweg\/?page_id=994"},"modified":"2018-01-18T14:42:53","modified_gmt":"2018-01-18T13:42:53","slug":"de-theorie-a-pratique","status":"publish","type":"page","link":"https:\/\/web.umons.ac.be\/fweg\/en\/etudes\/de-theorie-a-pratique\/","title":{"rendered":"From theory to practice"},"content":{"rendered":"<p>Les \u00e9tudes universitaires sont souvent r\u00e9put\u00e9es pour \u00eatre des \u00e9tudes tr\u00e8s th\u00e9oriques. Certes, nous devons inculquer des bases th\u00e9oriques aux \u00e9tudiants mais nous devons \u00e9galement leur offrir la possibilit\u00e9 de mettre les notions apprises en pratique afin qu\u2019ils soient le plus op\u00e9rationnels possibles lorsqu\u2019ils rejoindront le monde du travail. Cette approche pratique passe par la r\u00e9alisation d\u2019\u00e9tudes de cas, l\u2019organisation de s\u00e9minaires, l\u2019invitation de repr\u00e9sentants du monde professionnel dans les cours, l\u2019organisation de visites d\u2019entreprises\u2026<\/p>\n<p>Voici quelques \u00e9l\u00e9ments qui vous d\u00e9montreront que la pratique prend une place importante \u00e0 la FWEG.<\/p>\n<start-cask-shortcode-wrapper><end-cask-shortcode-wrapper>\n<p>&nbsp;<\/p>\n<start-cask-shortcode-wrapper>\n<blockquote class=\"shortcode-testimonial scheme-fweg\">\n    <div class=\"testimonial-quote\">\n        <div><h4>Son job ?\u00a0Business Developer \u00e0 la Maison de l\u2019Entreprise<\/h4>\r\n\u201cPass\u00e9 la 3\u00e8me BAC, nous sommes tenus de prendre une d\u00e9cision importante : quelles options choisir ? On a beau avoir une id\u00e9e de ce q&hellip;<\/div>\n                <a href=\"#testimonial-modal-98\" class=\"button-secondary open-testimonial scheme-border scheme-color-hover-important\">\n            Poursuivre la lecture <span class=\"icon umons-icon-tail-right\" aria-hidden=\"true\"><\/span>\n        <\/a>\n            <\/div>\n    <div class=\"testimonial-author\">\n                <div class=\"testimonial-picture\">\n            <img decoding=\"async\" src=\"https:\/\/web.umons.ac.be\/app\/uploads\/sites\/9\/2017\/06\/12FWEG-2016.pdf-Adobe-Acrobat-Pro-DC-26-80x80.jpg\" alt=\"\" \/>\n        <\/div>\n                <div class=\"testimonial-text\">\n            <div class=\"testimonial-identity\">\n                <span class=\"testimonial-author-name\">Julie Brughmans<\/span>\n                            <\/div>\n            <div class=\"testimonial-meta\">\n                                                <span class=\"testimonial-group\">Ingenieur de gestion - Promotion 2015<\/span>\n                            <\/div>\n        <\/div>\n    <\/div>\n<\/blockquote>\n<div id=\"testimonial-modal-98\" class=\"testimonial-modal-wrap normal\" style=\"display: none;\">\n    <div class=\"shortcode-testimonial-modal\">\n        <blockquote class=\"shortcode-testimonial\">\n            <div class=\"testimonial-quote editor-front\">\n                                <blockquote class=\"highlighted-quote\">Dans mon cas, une chose \u00e9tait \u00e9vidente : j\u2019avais besoin de concret, de pratique, de me mettre en situation face \u00e0 la r\u00e9alit\u00e9 du monde du travail qui nous attend ensuite.<\/blockquote>\n                                                <div class=\"testimonial-full-quote\"><h4>Son job ?\u00a0Business Developer \u00e0 la Maison de l\u2019Entreprise<\/h4>\n<p>\u201cPass\u00e9 la 3\u00e8me BAC, nous sommes tenus de prendre une d\u00e9cision importante : quelles options choisir ? On a beau avoir une id\u00e9e de ce qu\u2019on veut faire plus tard, le choix des options de master n\u2019en reste pas moins difficile. Dans mon cas, une chose \u00e9tait \u00e9vidente : j\u2019avais besoin de concret, de pratique, de me mettre en situation face \u00e0 la r\u00e9alit\u00e9 du monde du travail qui nous attend ensuite. C\u2019est donc tout naturellement que j\u2019ai choisi le cours d\u2019entrepreneuriat. Cette ann\u00e9e f\u00fbt sans doute l\u2019une des meilleures car, avec l\u2019aide des coachs de La Maison de l\u2019Entreprise (LME), j\u2019ai pris en main, seule, la mise en place \u00ab concr\u00e8te \u00bb d\u2019un projet qui aurait pu devenir une entreprise. Deux ans plus tard, m\u00eame si je n\u2019ai pas cr\u00e9\u00e9 mon entreprise, je suis rest\u00e9e dans le milieu puisque je travaille maintenant en tant que Business Developer \u00e0 LME! Durant toute l\u2019ann\u00e9e, j\u2019accompagne les \u00e9tudiants dans le d\u00e9veloppement de leur projet, et vous \u00eates de plus en plus nombreux. Que l\u2019on concr\u00e9tise son projet ou non, ce cours va vous permettre d\u2019acqu\u00e9rir ou de renforcer \u00e9norm\u00e9ment de qualit\u00e9s qui vous seront utiles dans tous les domaines \u00e9conomiques. Et je vous rassure, malgr\u00e9 tout mon projet reste toujours dans un coin de ma t\u00eate\u2026 \u201d.<\/p>\n<\/div>\n                            <\/div>\n            <div class=\"testimonial-author\">\n                                <div class=\"testimonial-picture\">\n                    <img decoding=\"async\" src=\"https:\/\/web.umons.ac.be\/app\/uploads\/sites\/9\/2017\/06\/12FWEG-2016.pdf-Adobe-Acrobat-Pro-DC-26-80x80.jpg\" alt=\"\" \/>\n                <\/div>\n                                <div class=\"testimonial-text\">\n                    <div class=\"testimonial-identity\">\n                        <span class=\"testimonial-author-name\">Julie Brughmans<\/span>\n                                            <\/div>\n                    <div class=\"testimonial-meta\">\n                                                                        <span class=\"testimonial-group\">(Ingenieur de gestion - Promotion 2015)<\/span>\n                                            <\/div>\n                <\/div>\n            <\/div>\n        <\/blockquote>\n    <\/div>\n<\/div>\n<end-cask-shortcode-wrapper>\n","protected":false},"excerpt":{"rendered":"<p>Les \u00e9tudes universitaires sont souvent r\u00e9put\u00e9es pour \u00eatre des \u00e9tudes tr\u00e8s th\u00e9oriques. Certes, nous devons inculquer des bases th\u00e9oriques aux \u00e9tudiants mais nous devons \u00e9galement leur offrir la possibilit\u00e9 de mettre les notions apprises en pratique afin qu\u2019ils soient le plus op\u00e9rationnels possibles lorsqu\u2019ils rejoindront le monde du travail. Cette approche pratique passe par la [&hellip;]<\/p>\n","protected":false},"author":2,"featured_media":0,"parent":712,"menu_order":3,"comment_status":"closed","ping_status":"closed","template":"","meta":{"footnotes":""},"class_list":["post-994","page","type-page","status-publish","hentry"],"yoast_head":"<!-- This site is optimized with the Yoast SEO plugin v27.2 - https:\/\/yoast.com\/product\/yoast-seo-wordpress\/ -->\n<title>From theory to practice - Facult\u00e9 \/ FWEG<\/title>\n<meta name=\"robots\" content=\"index, follow, max-snippet:-1, max-image-preview:large, max-video-preview:-1\" \/>\n<link rel=\"canonical\" href=\"https:\/\/web.umons.ac.be\/fweg\/en\/etudes\/de-theorie-a-pratique\/\" \/>\n<meta property=\"og:locale\" content=\"fr_FR\" \/>\n<meta property=\"og:type\" content=\"article\" \/>\n<meta property=\"og:title\" content=\"From theory to practice - Facult\u00e9 \/ FWEG\" \/>\n<meta property=\"og:description\" content=\"Les \u00e9tudes universitaires sont souvent r\u00e9put\u00e9es pour \u00eatre des \u00e9tudes tr\u00e8s th\u00e9oriques. Certes, nous devons inculquer des bases th\u00e9oriques aux \u00e9tudiants mais nous devons \u00e9galement leur offrir la possibilit\u00e9 de mettre les notions apprises en pratique afin qu\u2019ils soient le plus op\u00e9rationnels possibles lorsqu\u2019ils rejoindront le monde du travail. Cette approche pratique passe par la [&hellip;]\" \/>\n<meta property=\"og:url\" content=\"https:\/\/web.umons.ac.be\/fweg\/en\/etudes\/de-theorie-a-pratique\/\" \/>\n<meta property=\"og:site_name\" content=\"Facult\u00e9 \/ FWEG\" \/>\n<meta property=\"article:modified_time\" content=\"2018-01-18T13:42:53+00:00\" \/>\n<meta name=\"twitter:card\" content=\"summary_large_image\" \/>\n<meta name=\"twitter:label1\" content=\"Dur\u00e9e de lecture estim\u00e9e\" \/>\n\t<meta name=\"twitter:data1\" content=\"1 minute\" \/>\n<script type=\"application\/ld+json\" class=\"yoast-schema-graph\">{\"@context\":\"https:\/\/schema.org\",\"@graph\":[{\"@type\":\"WebPage\",\"@id\":\"https:\/\/web.umons.ac.be\/fweg\/en\/etudes\/de-theorie-a-pratique\/\",\"url\":\"https:\/\/web.umons.ac.be\/fweg\/en\/etudes\/de-theorie-a-pratique\/\",\"name\":\"From theory to practice - Facult\u00e9 \/ FWEG\",\"isPartOf\":{\"@id\":\"https:\/\/web.umons.ac.be\/fweg\/#website\"},\"datePublished\":\"2018-01-17T16:30:06+00:00\",\"dateModified\":\"2018-01-18T13:42:53+00:00\",\"breadcrumb\":{\"@id\":\"https:\/\/web.umons.ac.be\/fweg\/en\/etudes\/de-theorie-a-pratique\/#breadcrumb\"},\"inLanguage\":\"fr-FR\",\"potentialAction\":[{\"@type\":\"ReadAction\",\"target\":[\"https:\/\/web.umons.ac.be\/fweg\/en\/etudes\/de-theorie-a-pratique\/\"]}]},{\"@type\":\"BreadcrumbList\",\"@id\":\"https:\/\/web.umons.ac.be\/fweg\/en\/etudes\/de-theorie-a-pratique\/#breadcrumb\",\"itemListElement\":[{\"@type\":\"ListItem\",\"position\":1,\"name\":\"Accueil\",\"item\":\"https:\/\/web.umons.ac.be\/fweg\/fr\/\"},{\"@type\":\"ListItem\",\"position\":2,\"name\":\"Studies\",\"item\":\"https:\/\/web.umons.ac.be\/fweg\/en\/etudes\/\"},{\"@type\":\"ListItem\",\"position\":3,\"name\":\"From theory to practice\"}]},{\"@type\":\"WebSite\",\"@id\":\"https:\/\/web.umons.ac.be\/fweg\/#website\",\"url\":\"https:\/\/web.umons.ac.be\/fweg\/\",\"name\":\"Facult\u00e9 \/ FWEG\",\"description\":\"\",\"potentialAction\":[{\"@type\":\"SearchAction\",\"target\":{\"@type\":\"EntryPoint\",\"urlTemplate\":\"https:\/\/web.umons.ac.be\/fweg\/?s={search_term_string}\"},\"query-input\":{\"@type\":\"PropertyValueSpecification\",\"valueRequired\":true,\"valueName\":\"search_term_string\"}}],\"inLanguage\":\"fr-FR\"}]}<\/script>\n<!-- \/ Yoast SEO plugin. -->","yoast_head_json":{"title":"From theory to practice - Facult\u00e9 \/ FWEG","robots":{"index":"index","follow":"follow","max-snippet":"max-snippet:-1","max-image-preview":"max-image-preview:large","max-video-preview":"max-video-preview:-1"},"canonical":"https:\/\/web.umons.ac.be\/fweg\/en\/etudes\/de-theorie-a-pratique\/","og_locale":"fr_FR","og_type":"article","og_title":"From theory to practice - Facult\u00e9 \/ FWEG","og_description":"Les \u00e9tudes universitaires sont souvent r\u00e9put\u00e9es pour \u00eatre des \u00e9tudes tr\u00e8s th\u00e9oriques. Certes, nous devons inculquer des bases th\u00e9oriques aux \u00e9tudiants mais nous devons \u00e9galement leur offrir la possibilit\u00e9 de mettre les notions apprises en pratique afin qu\u2019ils soient le plus op\u00e9rationnels possibles lorsqu\u2019ils rejoindront le monde du travail. Cette approche pratique passe par la [&hellip;]","og_url":"https:\/\/web.umons.ac.be\/fweg\/en\/etudes\/de-theorie-a-pratique\/","og_site_name":"Facult\u00e9 \/ FWEG","article_modified_time":"2018-01-18T13:42:53+00:00","twitter_card":"summary_large_image","twitter_misc":{"Dur\u00e9e de lecture estim\u00e9e":"1 minute"},"schema":{"@context":"https:\/\/schema.org","@graph":[{"@type":"WebPage","@id":"https:\/\/web.umons.ac.be\/fweg\/en\/etudes\/de-theorie-a-pratique\/","url":"https:\/\/web.umons.ac.be\/fweg\/en\/etudes\/de-theorie-a-pratique\/","name":"From theory to practice - Facult\u00e9 \/ FWEG","isPartOf":{"@id":"https:\/\/web.umons.ac.be\/fweg\/#website"},"datePublished":"2018-01-17T16:30:06+00:00","dateModified":"2018-01-18T13:42:53+00:00","breadcrumb":{"@id":"https:\/\/web.umons.ac.be\/fweg\/en\/etudes\/de-theorie-a-pratique\/#breadcrumb"},"inLanguage":"fr-FR","potentialAction":[{"@type":"ReadAction","target":["https:\/\/web.umons.ac.be\/fweg\/en\/etudes\/de-theorie-a-pratique\/"]}]},{"@type":"BreadcrumbList","@id":"https:\/\/web.umons.ac.be\/fweg\/en\/etudes\/de-theorie-a-pratique\/#breadcrumb","itemListElement":[{"@type":"ListItem","position":1,"name":"Accueil","item":"https:\/\/web.umons.ac.be\/fweg\/fr\/"},{"@type":"ListItem","position":2,"name":"Studies","item":"https:\/\/web.umons.ac.be\/fweg\/en\/etudes\/"},{"@type":"ListItem","position":3,"name":"From theory to practice"}]},{"@type":"WebSite","@id":"https:\/\/web.umons.ac.be\/fweg\/#website","url":"https:\/\/web.umons.ac.be\/fweg\/","name":"Facult\u00e9 \/ FWEG","description":"","potentialAction":[{"@type":"SearchAction","target":{"@type":"EntryPoint","urlTemplate":"https:\/\/web.umons.ac.be\/fweg\/?s={search_term_string}"},"query-input":{"@type":"PropertyValueSpecification","valueRequired":true,"valueName":"search_term_string"}}],"inLanguage":"fr-FR"}]}},"lang":"en","translations":{"en":994,"fr":294},"pll_sync_post":[],"_links":{"self":[{"href":"https:\/\/web.umons.ac.be\/fweg\/wp-json\/wp\/v2\/pages\/994","targetHints":{"allow":["GET"]}}],"collection":[{"href":"https:\/\/web.umons.ac.be\/fweg\/wp-json\/wp\/v2\/pages"}],"about":[{"href":"https:\/\/web.umons.ac.be\/fweg\/wp-json\/wp\/v2\/types\/page"}],"author":[{"embeddable":true,"href":"https:\/\/web.umons.ac.be\/fweg\/wp-json\/wp\/v2\/users\/2"}],"replies":[{"embeddable":true,"href":"https:\/\/web.umons.ac.be\/fweg\/wp-json\/wp\/v2\/comments?post=994"}],"version-history":[{"count":2,"href":"https:\/\/web.umons.ac.be\/fweg\/wp-json\/wp\/v2\/pages\/994\/revisions"}],"predecessor-version":[{"id":996,"href":"https:\/\/web.umons.ac.be\/fweg\/wp-json\/wp\/v2\/pages\/994\/revisions\/996"}],"up":[{"embeddable":true,"href":"https:\/\/web.umons.ac.be\/fweg\/wp-json\/wp\/v2\/pages\/712"}],"wp:attachment":[{"href":"https:\/\/web.umons.ac.be\/fweg\/wp-json\/wp\/v2\/media?parent=994"}],"curies":[{"name":"wp","href":"https:\/\/api.w.org\/{rel}","templated":true}]}}