{"id":11,"date":"2021-11-05T14:03:17","date_gmt":"2021-11-05T13:03:17","guid":{"rendered":"https:\/\/web.umons.ac.be\/gcms\/activites-denseignement\/"},"modified":"2021-11-05T14:18:36","modified_gmt":"2021-11-05T13:18:36","slug":"activites-denseignement","status":"publish","type":"page","link":"https:\/\/web.umons.ac.be\/gcms\/activites-denseignement\/","title":{"rendered":"Activit\u00e9s d&rsquo;enseignement"},"content":{"rendered":"<ul>\n<li>Cas d&rsquo;\u00e9tudes en stabilit\u00e9<\/li>\n<li>Acquisition des donn\u00e9es et mod\u00e8les-types sp\u00e9cifiques de calculs<\/li>\n<li>B\u00e9ton arm\u00e9<\/li>\n<li>Calcul des structures par \u00e9l\u00e9ments finis<\/li>\n<li>Connaissance des mat\u00e9riaux min\u00e9raux artificiels et des sols<\/li>\n<li>Construction m\u00e9tallique<\/li>\n<li>Constructions en g\u00e9nie civil<\/li>\n<li>Constructions industrielles et structures chaudronn\u00e9es<\/li>\n<li>Dynamique des structures, comportements non lin\u00e9aires et mat\u00e9riaux composites<\/li>\n<li>El\u00e9ments de m\u00e9canique des structures<\/li>\n<li>Etude des mat\u00e9riaux : propri\u00e9t\u00e9, utilisation et cycle de vie<\/li>\n<li>G\u00e9otechnique 1<\/li>\n<li>G\u00e9otechnique 2<\/li>\n<li>Introduction au design structurel<\/li>\n<li>Master Class d&rsquo;ing\u00e9nierie du b\u00e2timent<\/li>\n<li>Mat\u00e9riaux de construction et \u00e9coconception des b\u00e2timents<\/li>\n<li>M\u00e9canique des structures et m\u00e9thode aux \u00e9l\u00e9ments finis<\/li>\n<li>Ossatures et syst\u00e8mes porteurs<\/li>\n<li>Soil, flow and interactions<\/li>\n<li>Structural Efficiency<\/li>\n<li>Technologie et dimensionnement des structures en bois<\/li>\n<li>Timber Engineering: CLT design<\/li>\n<\/ul>\n","protected":false},"excerpt":{"rendered":"<p>Cas d&rsquo;\u00e9tudes en stabilit\u00e9 Acquisition des donn\u00e9es et mod\u00e8les-types sp\u00e9cifiques de calculs B\u00e9ton arm\u00e9 Calcul des structures par \u00e9l\u00e9ments finis Connaissance des mat\u00e9riaux min\u00e9raux artificiels et des sols Construction m\u00e9tallique Constructions en g\u00e9nie civil Constructions industrielles et structures chaudronn\u00e9es Dynamique des structures, comportements non lin\u00e9aires et mat\u00e9riaux composites El\u00e9ments de m\u00e9canique des structures Etude des [&hellip;]<\/p>\n","protected":false},"author":4,"featured_media":0,"parent":0,"menu_order":0,"comment_status":"closed","ping_status":"closed","template":"","meta":{"footnotes":""},"class_list":["post-11","page","type-page","status-publish","hentry"],"yoast_head":"<!-- This site is optimized with the Yoast SEO plugin v27.2 - https:\/\/yoast.com\/product\/yoast-seo-wordpress\/ -->\n<title>Activit\u00e9s d&#039;enseignement - Service \/ FPMS - G\u00e9nie civil et M\u00e9canique des Structures<\/title>\n<meta name=\"robots\" content=\"index, follow, max-snippet:-1, max-image-preview:large, max-video-preview:-1\" \/>\n<link rel=\"canonical\" href=\"https:\/\/web.umons.ac.be\/gcms\/activites-denseignement\/\" \/>\n<meta property=\"og:locale\" content=\"fr_FR\" \/>\n<meta property=\"og:type\" content=\"article\" \/>\n<meta property=\"og:title\" content=\"Activit\u00e9s d&#039;enseignement - Service \/ FPMS - G\u00e9nie civil et M\u00e9canique des Structures\" \/>\n<meta property=\"og:description\" content=\"Cas d&rsquo;\u00e9tudes en stabilit\u00e9 Acquisition des donn\u00e9es et mod\u00e8les-types sp\u00e9cifiques de calculs B\u00e9ton arm\u00e9 Calcul des structures par \u00e9l\u00e9ments finis Connaissance des mat\u00e9riaux min\u00e9raux artificiels et des sols Construction m\u00e9tallique Constructions en g\u00e9nie civil Constructions industrielles et structures chaudronn\u00e9es Dynamique des structures, comportements non lin\u00e9aires et mat\u00e9riaux composites El\u00e9ments de m\u00e9canique des structures Etude des [&hellip;]\" \/>\n<meta property=\"og:url\" content=\"https:\/\/web.umons.ac.be\/gcms\/activites-denseignement\/\" \/>\n<meta property=\"og:site_name\" content=\"Service \/ FPMS - G\u00e9nie civil et M\u00e9canique des Structures\" \/>\n<meta property=\"article:modified_time\" content=\"2021-11-05T13:18:36+00:00\" \/>\n<meta name=\"twitter:card\" content=\"summary_large_image\" \/>\n<meta name=\"twitter:label1\" content=\"Dur\u00e9e de lecture estim\u00e9e\" \/>\n\t<meta name=\"twitter:data1\" content=\"1 minute\" \/>\n<script type=\"application\/ld+json\" class=\"yoast-schema-graph\">{\"@context\":\"https:\/\/schema.org\",\"@graph\":[{\"@type\":\"WebPage\",\"@id\":\"https:\/\/web.umons.ac.be\/gcms\/activites-denseignement\/\",\"url\":\"https:\/\/web.umons.ac.be\/gcms\/activites-denseignement\/\",\"name\":\"Activit\u00e9s d'enseignement - Service \/ FPMS - G\u00e9nie civil et M\u00e9canique des Structures\",\"isPartOf\":{\"@id\":\"https:\/\/web.umons.ac.be\/gcms\/#website\"},\"datePublished\":\"2021-11-05T13:03:17+00:00\",\"dateModified\":\"2021-11-05T13:18:36+00:00\",\"breadcrumb\":{\"@id\":\"https:\/\/web.umons.ac.be\/gcms\/activites-denseignement\/#breadcrumb\"},\"inLanguage\":\"fr-FR\",\"potentialAction\":[{\"@type\":\"ReadAction\",\"target\":[\"https:\/\/web.umons.ac.be\/gcms\/activites-denseignement\/\"]}]},{\"@type\":\"BreadcrumbList\",\"@id\":\"https:\/\/web.umons.ac.be\/gcms\/activites-denseignement\/#breadcrumb\",\"itemListElement\":[{\"@type\":\"ListItem\",\"position\":1,\"name\":\"Home\",\"item\":\"https:\/\/web.umons.ac.be\/gcms\/\"},{\"@type\":\"ListItem\",\"position\":2,\"name\":\"Activit\u00e9s d&rsquo;enseignement\"}]},{\"@type\":\"WebSite\",\"@id\":\"https:\/\/web.umons.ac.be\/gcms\/#website\",\"url\":\"https:\/\/web.umons.ac.be\/gcms\/\",\"name\":\"Service \/ FPMS - G\u00e9nie civil et M\u00e9canique des Structures\",\"description\":\"\",\"potentialAction\":[{\"@type\":\"SearchAction\",\"target\":{\"@type\":\"EntryPoint\",\"urlTemplate\":\"https:\/\/web.umons.ac.be\/gcms\/?s={search_term_string}\"},\"query-input\":{\"@type\":\"PropertyValueSpecification\",\"valueRequired\":true,\"valueName\":\"search_term_string\"}}],\"inLanguage\":\"fr-FR\"}]}<\/script>\n<!-- \/ Yoast SEO plugin. -->","yoast_head_json":{"title":"Activit\u00e9s d'enseignement - Service \/ FPMS - G\u00e9nie civil et M\u00e9canique des Structures","robots":{"index":"index","follow":"follow","max-snippet":"max-snippet:-1","max-image-preview":"max-image-preview:large","max-video-preview":"max-video-preview:-1"},"canonical":"https:\/\/web.umons.ac.be\/gcms\/activites-denseignement\/","og_locale":"fr_FR","og_type":"article","og_title":"Activit\u00e9s d'enseignement - Service \/ FPMS - G\u00e9nie civil et M\u00e9canique des Structures","og_description":"Cas d&rsquo;\u00e9tudes en stabilit\u00e9 Acquisition des donn\u00e9es et mod\u00e8les-types sp\u00e9cifiques de calculs B\u00e9ton arm\u00e9 Calcul des structures par \u00e9l\u00e9ments finis Connaissance des mat\u00e9riaux min\u00e9raux artificiels et des sols Construction m\u00e9tallique Constructions en g\u00e9nie civil Constructions industrielles et structures chaudronn\u00e9es Dynamique des structures, comportements non lin\u00e9aires et mat\u00e9riaux composites El\u00e9ments de m\u00e9canique des structures Etude des [&hellip;]","og_url":"https:\/\/web.umons.ac.be\/gcms\/activites-denseignement\/","og_site_name":"Service \/ FPMS - G\u00e9nie civil et M\u00e9canique des Structures","article_modified_time":"2021-11-05T13:18:36+00:00","twitter_card":"summary_large_image","twitter_misc":{"Dur\u00e9e de lecture estim\u00e9e":"1 minute"},"schema":{"@context":"https:\/\/schema.org","@graph":[{"@type":"WebPage","@id":"https:\/\/web.umons.ac.be\/gcms\/activites-denseignement\/","url":"https:\/\/web.umons.ac.be\/gcms\/activites-denseignement\/","name":"Activit\u00e9s d'enseignement - Service \/ FPMS - G\u00e9nie civil et M\u00e9canique des Structures","isPartOf":{"@id":"https:\/\/web.umons.ac.be\/gcms\/#website"},"datePublished":"2021-11-05T13:03:17+00:00","dateModified":"2021-11-05T13:18:36+00:00","breadcrumb":{"@id":"https:\/\/web.umons.ac.be\/gcms\/activites-denseignement\/#breadcrumb"},"inLanguage":"fr-FR","potentialAction":[{"@type":"ReadAction","target":["https:\/\/web.umons.ac.be\/gcms\/activites-denseignement\/"]}]},{"@type":"BreadcrumbList","@id":"https:\/\/web.umons.ac.be\/gcms\/activites-denseignement\/#breadcrumb","itemListElement":[{"@type":"ListItem","position":1,"name":"Home","item":"https:\/\/web.umons.ac.be\/gcms\/"},{"@type":"ListItem","position":2,"name":"Activit\u00e9s d&rsquo;enseignement"}]},{"@type":"WebSite","@id":"https:\/\/web.umons.ac.be\/gcms\/#website","url":"https:\/\/web.umons.ac.be\/gcms\/","name":"Service \/ FPMS - G\u00e9nie civil et M\u00e9canique des Structures","description":"","potentialAction":[{"@type":"SearchAction","target":{"@type":"EntryPoint","urlTemplate":"https:\/\/web.umons.ac.be\/gcms\/?s={search_term_string}"},"query-input":{"@type":"PropertyValueSpecification","valueRequired":true,"valueName":"search_term_string"}}],"inLanguage":"fr-FR"}]}},"lang":"fr","translations":{"fr":11,"en":13},"pll_sync_post":[],"_links":{"self":[{"href":"https:\/\/web.umons.ac.be\/gcms\/wp-json\/wp\/v2\/pages\/11","targetHints":{"allow":["GET"]}}],"collection":[{"href":"https:\/\/web.umons.ac.be\/gcms\/wp-json\/wp\/v2\/pages"}],"about":[{"href":"https:\/\/web.umons.ac.be\/gcms\/wp-json\/wp\/v2\/types\/page"}],"author":[{"embeddable":true,"href":"https:\/\/web.umons.ac.be\/gcms\/wp-json\/wp\/v2\/users\/4"}],"replies":[{"embeddable":true,"href":"https:\/\/web.umons.ac.be\/gcms\/wp-json\/wp\/v2\/comments?post=11"}],"version-history":[{"count":1,"href":"https:\/\/web.umons.ac.be\/gcms\/wp-json\/wp\/v2\/pages\/11\/revisions"}],"predecessor-version":[{"id":50,"href":"https:\/\/web.umons.ac.be\/gcms\/wp-json\/wp\/v2\/pages\/11\/revisions\/50"}],"wp:attachment":[{"href":"https:\/\/web.umons.ac.be\/gcms\/wp-json\/wp\/v2\/media?parent=11"}],"curies":[{"name":"wp","href":"https:\/\/api.w.org\/{rel}","templated":true}]}}