{"id":11,"date":"2021-11-05T13:14:04","date_gmt":"2021-11-05T12:14:04","guid":{"rendered":"https:\/\/web.umons.ac.be\/gele\/activites-denseignement\/"},"modified":"2021-11-05T13:32:24","modified_gmt":"2021-11-05T12:32:24","slug":"activites-denseignement","status":"publish","type":"page","link":"https:\/\/web.umons.ac.be\/gele\/activites-denseignement\/","title":{"rendered":"Activit\u00e9s d&rsquo;enseignement"},"content":{"rendered":"<ul>\n<li>Comportement Dynamique des Machines<\/li>\n<li>Computational Electromagnetics<\/li>\n<li>Electric Vehicles Drives<\/li>\n<li>Energies nouvelles<\/li>\n<li>Energy Markets<\/li>\n<li>High Voltage Engineering<\/li>\n<li>Introduction \u00e0 l&rsquo;analyse technico-\u00e9conomique des r\u00e9seaux \u00e9lectriques<\/li>\n<li>Machines<\/li>\n<li>Power Electronics<\/li>\n<li>Power System Dynamics and Stability<\/li>\n<li>Production and Storage in Electric Distribution Networks<\/li>\n<li>Protection des r\u00e9seaux industriels<\/li>\n<li>R\u00e9seaux<\/li>\n<li>R\u00e9seaux \u00e9lectriques en r\u00e9gime perturb\u00e9<\/li>\n<li>Special Machines and Actuators<\/li>\n<li>Steady-state Operation of Synchronous Machines<\/li>\n<li>Th\u00e9orie g\u00e9n\u00e9rale des machines \u00e9lectriques<\/li>\n<\/ul>\n<p><strong>Certificat Interuniversitaire en Electronique de l&rsquo;Energie<\/strong><\/p>\n<ul>\n<li>Notions de base<\/li>\n<li>Sources, stockage et conversion \u00e9nerg\u00e9tique<\/li>\n<li>Conception des convertisseurs de puissance<\/li>\n<li>Technologie des composants<\/li>\n<li>Contr\u00f4le et commande appliqu\u00e9s \u00e0 la conversion d&rsquo;\u00e9nergie<\/li>\n<li>Contr\u00f4le thermique des convertisseurs de puissance<\/li>\n<li>Fiabilit\u00e9 et s\u00e9curit\u00e9 des convertisseurs de puissance<\/li>\n<li>Compatibilit\u00e9 \u00e9lectromagn\u00e9tique<\/li>\n<li>Projet et s\u00e9minaires industriels<\/li>\n<\/ul>\n","protected":false},"excerpt":{"rendered":"<p>Comportement Dynamique des Machines Computational Electromagnetics Electric Vehicles Drives Energies nouvelles Energy Markets High Voltage Engineering Introduction \u00e0 l&rsquo;analyse technico-\u00e9conomique des r\u00e9seaux \u00e9lectriques Machines Power Electronics Power System Dynamics and Stability Production and Storage in Electric Distribution Networks Protection des r\u00e9seaux industriels R\u00e9seaux R\u00e9seaux \u00e9lectriques en r\u00e9gime perturb\u00e9 Special Machines and Actuators Steady-state Operation of [&hellip;]<\/p>\n","protected":false},"author":4,"featured_media":0,"parent":0,"menu_order":0,"comment_status":"closed","ping_status":"closed","template":"","meta":{"footnotes":""},"class_list":["post-11","page","type-page","status-publish","hentry"],"yoast_head":"<!-- This site is optimized with the Yoast SEO plugin v27.2 - https:\/\/yoast.com\/product\/yoast-seo-wordpress\/ -->\n<title>Activit\u00e9s d&#039;enseignement - Service \/ FPMS - G\u00e9nie \u00e9lectrique<\/title>\n<meta name=\"robots\" content=\"index, follow, max-snippet:-1, max-image-preview:large, max-video-preview:-1\" \/>\n<link rel=\"canonical\" href=\"https:\/\/web.umons.ac.be\/gele\/activites-denseignement\/\" \/>\n<meta property=\"og:locale\" content=\"fr_FR\" \/>\n<meta property=\"og:type\" content=\"article\" \/>\n<meta property=\"og:title\" content=\"Activit\u00e9s d&#039;enseignement - Service \/ FPMS - G\u00e9nie \u00e9lectrique\" \/>\n<meta property=\"og:description\" content=\"Comportement Dynamique des Machines Computational Electromagnetics Electric Vehicles Drives Energies nouvelles Energy Markets High Voltage Engineering Introduction \u00e0 l&rsquo;analyse technico-\u00e9conomique des r\u00e9seaux \u00e9lectriques Machines Power Electronics Power System Dynamics and Stability Production and Storage in Electric Distribution Networks Protection des r\u00e9seaux industriels R\u00e9seaux R\u00e9seaux \u00e9lectriques en r\u00e9gime perturb\u00e9 Special Machines and Actuators Steady-state Operation of [&hellip;]\" \/>\n<meta property=\"og:url\" content=\"https:\/\/web.umons.ac.be\/gele\/activites-denseignement\/\" \/>\n<meta property=\"og:site_name\" content=\"Service \/ FPMS - G\u00e9nie \u00e9lectrique\" \/>\n<meta property=\"article:modified_time\" content=\"2021-11-05T12:32:24+00:00\" \/>\n<meta name=\"twitter:card\" content=\"summary_large_image\" \/>\n<meta name=\"twitter:label1\" content=\"Dur\u00e9e de lecture estim\u00e9e\" \/>\n\t<meta name=\"twitter:data1\" content=\"1 minute\" \/>\n<script type=\"application\/ld+json\" class=\"yoast-schema-graph\">{\"@context\":\"https:\/\/schema.org\",\"@graph\":[{\"@type\":\"WebPage\",\"@id\":\"https:\/\/web.umons.ac.be\/gele\/activites-denseignement\/\",\"url\":\"https:\/\/web.umons.ac.be\/gele\/activites-denseignement\/\",\"name\":\"Activit\u00e9s d'enseignement - Service \/ FPMS - G\u00e9nie \u00e9lectrique\",\"isPartOf\":{\"@id\":\"https:\/\/web.umons.ac.be\/gele\/#website\"},\"datePublished\":\"2021-11-05T12:14:04+00:00\",\"dateModified\":\"2021-11-05T12:32:24+00:00\",\"breadcrumb\":{\"@id\":\"https:\/\/web.umons.ac.be\/gele\/activites-denseignement\/#breadcrumb\"},\"inLanguage\":\"fr-FR\",\"potentialAction\":[{\"@type\":\"ReadAction\",\"target\":[\"https:\/\/web.umons.ac.be\/gele\/activites-denseignement\/\"]}]},{\"@type\":\"BreadcrumbList\",\"@id\":\"https:\/\/web.umons.ac.be\/gele\/activites-denseignement\/#breadcrumb\",\"itemListElement\":[{\"@type\":\"ListItem\",\"position\":1,\"name\":\"Home\",\"item\":\"https:\/\/web.umons.ac.be\/gele\/\"},{\"@type\":\"ListItem\",\"position\":2,\"name\":\"Activit\u00e9s d&rsquo;enseignement\"}]},{\"@type\":\"WebSite\",\"@id\":\"https:\/\/web.umons.ac.be\/gele\/#website\",\"url\":\"https:\/\/web.umons.ac.be\/gele\/\",\"name\":\"Service \/ FPMS - G\u00e9nie \u00e9lectrique\",\"description\":\"\",\"potentialAction\":[{\"@type\":\"SearchAction\",\"target\":{\"@type\":\"EntryPoint\",\"urlTemplate\":\"https:\/\/web.umons.ac.be\/gele\/?s={search_term_string}\"},\"query-input\":{\"@type\":\"PropertyValueSpecification\",\"valueRequired\":true,\"valueName\":\"search_term_string\"}}],\"inLanguage\":\"fr-FR\"}]}<\/script>\n<!-- \/ Yoast SEO plugin. -->","yoast_head_json":{"title":"Activit\u00e9s d'enseignement - Service \/ FPMS - G\u00e9nie \u00e9lectrique","robots":{"index":"index","follow":"follow","max-snippet":"max-snippet:-1","max-image-preview":"max-image-preview:large","max-video-preview":"max-video-preview:-1"},"canonical":"https:\/\/web.umons.ac.be\/gele\/activites-denseignement\/","og_locale":"fr_FR","og_type":"article","og_title":"Activit\u00e9s d'enseignement - Service \/ FPMS - G\u00e9nie \u00e9lectrique","og_description":"Comportement Dynamique des Machines Computational Electromagnetics Electric Vehicles Drives Energies nouvelles Energy Markets High Voltage Engineering Introduction \u00e0 l&rsquo;analyse technico-\u00e9conomique des r\u00e9seaux \u00e9lectriques Machines Power Electronics Power System Dynamics and Stability Production and Storage in Electric Distribution Networks Protection des r\u00e9seaux industriels R\u00e9seaux R\u00e9seaux \u00e9lectriques en r\u00e9gime perturb\u00e9 Special Machines and Actuators Steady-state Operation of [&hellip;]","og_url":"https:\/\/web.umons.ac.be\/gele\/activites-denseignement\/","og_site_name":"Service \/ FPMS - G\u00e9nie \u00e9lectrique","article_modified_time":"2021-11-05T12:32:24+00:00","twitter_card":"summary_large_image","twitter_misc":{"Dur\u00e9e de lecture estim\u00e9e":"1 minute"},"schema":{"@context":"https:\/\/schema.org","@graph":[{"@type":"WebPage","@id":"https:\/\/web.umons.ac.be\/gele\/activites-denseignement\/","url":"https:\/\/web.umons.ac.be\/gele\/activites-denseignement\/","name":"Activit\u00e9s d'enseignement - Service \/ FPMS - G\u00e9nie \u00e9lectrique","isPartOf":{"@id":"https:\/\/web.umons.ac.be\/gele\/#website"},"datePublished":"2021-11-05T12:14:04+00:00","dateModified":"2021-11-05T12:32:24+00:00","breadcrumb":{"@id":"https:\/\/web.umons.ac.be\/gele\/activites-denseignement\/#breadcrumb"},"inLanguage":"fr-FR","potentialAction":[{"@type":"ReadAction","target":["https:\/\/web.umons.ac.be\/gele\/activites-denseignement\/"]}]},{"@type":"BreadcrumbList","@id":"https:\/\/web.umons.ac.be\/gele\/activites-denseignement\/#breadcrumb","itemListElement":[{"@type":"ListItem","position":1,"name":"Home","item":"https:\/\/web.umons.ac.be\/gele\/"},{"@type":"ListItem","position":2,"name":"Activit\u00e9s d&rsquo;enseignement"}]},{"@type":"WebSite","@id":"https:\/\/web.umons.ac.be\/gele\/#website","url":"https:\/\/web.umons.ac.be\/gele\/","name":"Service \/ FPMS - G\u00e9nie \u00e9lectrique","description":"","potentialAction":[{"@type":"SearchAction","target":{"@type":"EntryPoint","urlTemplate":"https:\/\/web.umons.ac.be\/gele\/?s={search_term_string}"},"query-input":{"@type":"PropertyValueSpecification","valueRequired":true,"valueName":"search_term_string"}}],"inLanguage":"fr-FR"}]}},"lang":"fr","translations":{"fr":11,"en":13},"pll_sync_post":[],"_links":{"self":[{"href":"https:\/\/web.umons.ac.be\/gele\/wp-json\/wp\/v2\/pages\/11","targetHints":{"allow":["GET"]}}],"collection":[{"href":"https:\/\/web.umons.ac.be\/gele\/wp-json\/wp\/v2\/pages"}],"about":[{"href":"https:\/\/web.umons.ac.be\/gele\/wp-json\/wp\/v2\/types\/page"}],"author":[{"embeddable":true,"href":"https:\/\/web.umons.ac.be\/gele\/wp-json\/wp\/v2\/users\/4"}],"replies":[{"embeddable":true,"href":"https:\/\/web.umons.ac.be\/gele\/wp-json\/wp\/v2\/comments?post=11"}],"version-history":[{"count":1,"href":"https:\/\/web.umons.ac.be\/gele\/wp-json\/wp\/v2\/pages\/11\/revisions"}],"predecessor-version":[{"id":49,"href":"https:\/\/web.umons.ac.be\/gele\/wp-json\/wp\/v2\/pages\/11\/revisions\/49"}],"wp:attachment":[{"href":"https:\/\/web.umons.ac.be\/gele\/wp-json\/wp\/v2\/media?parent=11"}],"curies":[{"name":"wp","href":"https:\/\/api.w.org\/{rel}","templated":true}]}}