{"id":15,"date":"2021-11-05T13:14:04","date_gmt":"2021-11-05T12:14:04","guid":{"rendered":"https:\/\/web.umons.ac.be\/gele\/activites-de-recherche\/"},"modified":"2021-11-05T13:28:04","modified_gmt":"2021-11-05T12:28:04","slug":"activites-de-recherche","status":"publish","type":"page","link":"https:\/\/web.umons.ac.be\/gele\/activites-de-recherche\/","title":{"rendered":"Activit\u00e9s de recherche"},"content":{"rendered":"<p>Les activit\u00e9s de recherche men\u00e9es au laboratoire de G\u00e9nie Electrique sont orient\u00e9es principalement suivant deux axes : un axe r\u00e9seaux et march\u00e9s de l\u2019\u00e9lectricit\u00e9 et un axe conversion d\u2019\u00e9nergie \u00e9lectrique.\u00a0 Les travaux de recherche prennent la forme de th\u00e8ses de doctorat, g\u00e9n\u00e9ralement en appui de projets collaboratifs impliquant des partenaires publiques et\/ou priv\u00e9s.\u00a0 Plus sp\u00e9cifiquement, nos principaux domaines de recherche sont les suivants :<\/p>\n<ul>\n<li>Les r\u00e9seaux et micro-r\u00e9seaux intelligents (analyse de donn\u00e9es, planification long terme, mod\u00e8les d\u2019interaction, \u00ab power quality \u00bb)<\/li>\n<li>Les nouveaux march\u00e9s de l\u2019\u00e9lectricit\u00e9<\/li>\n<li>Les b\u00e2timents et quartiers \u00e0 consommation \u00e9nerg\u00e9tique nette z\u00e9ro (gestion \u00e9nerg\u00e9tique, planification, commande)<\/li>\n<li>Les \u00e9nergies renouvelables (\u00e9olien, solaire photovolta\u00efque) et le stockage<\/li>\n<li>Le transfert de puissance sans fil<\/li>\n<li>Les syst\u00e8mes \u00e9lectroniques de puissance pour applications ferroviaires et dans le spatial (conception, optimisation, commande\/r\u00e9gulation)<\/li>\n<li>La mod\u00e9lisation num\u00e9rique de dispositifs \u00e9lectromagn\u00e9tiques<\/li>\n<\/ul>\n<hr \/>\n<p>Notre service est, par ailleurs rattach\u00e9 \u00e0 un institut de recherche de l\u2019UMONS :<\/p>\n<start-cask-shortcode-wrapper>\t\t<div class=\"associated-institutes content-block scheme-fpms\">\n\t\t\t<ul class=\"institutes-list\">\n\t\t\t\t\t\t\t\t\t\t<li>\n\t\t\t\t\t\t\t<a href=\"https:\/\/web.umons.ac.be\/energie\" title=\"Acc\u00e9der au site web de : Institut \/ \u00c9nergie\" class=\"associated-institute\">\n\t\t\t\t\t\t\t\t<img loading=\"lazy\" decoding=\"async\" width=\"1\" height=\"1\" src=\"https:\/\/web.umons.ac.be\/app\/uploads\/sites\/32\/2017\/11\/energie_logo_fr.svg\" class=\"attachment-thumbnail size-thumbnail\" alt=\"\" \/>\t\t\t\t\t\t\t<\/a>\t\t\t\n\t\t\t\t\t\t<\/li>\n\t\t\t\t\t\t\t<\/ul>\n\t\t<\/div>\n <end-cask-shortcode-wrapper>\n","protected":false},"excerpt":{"rendered":"<p>Les activit\u00e9s de recherche men\u00e9es au laboratoire de G\u00e9nie Electrique sont orient\u00e9es principalement suivant deux axes : un axe r\u00e9seaux et march\u00e9s de l\u2019\u00e9lectricit\u00e9 et un axe conversion d\u2019\u00e9nergie \u00e9lectrique.\u00a0 Les travaux de recherche prennent la forme de th\u00e8ses de doctorat, g\u00e9n\u00e9ralement en appui de projets collaboratifs impliquant des partenaires publiques et\/ou priv\u00e9s.\u00a0 Plus sp\u00e9cifiquement, [&hellip;]<\/p>\n","protected":false},"author":4,"featured_media":0,"parent":0,"menu_order":0,"comment_status":"closed","ping_status":"closed","template":"","meta":{"footnotes":""},"class_list":["post-15","page","type-page","status-publish","hentry"],"yoast_head":"<!-- This site is optimized with the Yoast SEO plugin v27.2 - https:\/\/yoast.com\/product\/yoast-seo-wordpress\/ -->\n<title>Activit\u00e9s de recherche - Service \/ FPMS - G\u00e9nie \u00e9lectrique<\/title>\n<meta name=\"robots\" content=\"index, follow, max-snippet:-1, max-image-preview:large, max-video-preview:-1\" \/>\n<link rel=\"canonical\" href=\"https:\/\/web.umons.ac.be\/gele\/activites-de-recherche\/\" \/>\n<meta property=\"og:locale\" content=\"fr_FR\" \/>\n<meta property=\"og:type\" content=\"article\" \/>\n<meta property=\"og:title\" content=\"Activit\u00e9s de recherche - Service \/ FPMS - G\u00e9nie \u00e9lectrique\" \/>\n<meta property=\"og:description\" content=\"Les activit\u00e9s de recherche men\u00e9es au laboratoire de G\u00e9nie Electrique sont orient\u00e9es principalement suivant deux axes : un axe r\u00e9seaux et march\u00e9s de l\u2019\u00e9lectricit\u00e9 et un axe conversion d\u2019\u00e9nergie \u00e9lectrique.\u00a0 Les travaux de recherche prennent la forme de th\u00e8ses de doctorat, g\u00e9n\u00e9ralement en appui de projets collaboratifs impliquant des partenaires publiques et\/ou priv\u00e9s.\u00a0 Plus sp\u00e9cifiquement, [&hellip;]\" \/>\n<meta property=\"og:url\" content=\"https:\/\/web.umons.ac.be\/gele\/activites-de-recherche\/\" \/>\n<meta property=\"og:site_name\" content=\"Service \/ FPMS - G\u00e9nie \u00e9lectrique\" \/>\n<meta property=\"article:modified_time\" content=\"2021-11-05T12:28:04+00:00\" \/>\n<meta name=\"twitter:card\" content=\"summary_large_image\" \/>\n<meta name=\"twitter:label1\" content=\"Dur\u00e9e de lecture estim\u00e9e\" \/>\n\t<meta name=\"twitter:data1\" content=\"1 minute\" \/>\n<script type=\"application\/ld+json\" class=\"yoast-schema-graph\">{\"@context\":\"https:\/\/schema.org\",\"@graph\":[{\"@type\":\"WebPage\",\"@id\":\"https:\/\/web.umons.ac.be\/gele\/activites-de-recherche\/\",\"url\":\"https:\/\/web.umons.ac.be\/gele\/activites-de-recherche\/\",\"name\":\"Activit\u00e9s de recherche - Service \/ FPMS - G\u00e9nie \u00e9lectrique\",\"isPartOf\":{\"@id\":\"https:\/\/web.umons.ac.be\/gele\/#website\"},\"datePublished\":\"2021-11-05T12:14:04+00:00\",\"dateModified\":\"2021-11-05T12:28:04+00:00\",\"breadcrumb\":{\"@id\":\"https:\/\/web.umons.ac.be\/gele\/activites-de-recherche\/#breadcrumb\"},\"inLanguage\":\"fr-FR\",\"potentialAction\":[{\"@type\":\"ReadAction\",\"target\":[\"https:\/\/web.umons.ac.be\/gele\/activites-de-recherche\/\"]}]},{\"@type\":\"BreadcrumbList\",\"@id\":\"https:\/\/web.umons.ac.be\/gele\/activites-de-recherche\/#breadcrumb\",\"itemListElement\":[{\"@type\":\"ListItem\",\"position\":1,\"name\":\"Home\",\"item\":\"https:\/\/web.umons.ac.be\/gele\/\"},{\"@type\":\"ListItem\",\"position\":2,\"name\":\"Activit\u00e9s de recherche\"}]},{\"@type\":\"WebSite\",\"@id\":\"https:\/\/web.umons.ac.be\/gele\/#website\",\"url\":\"https:\/\/web.umons.ac.be\/gele\/\",\"name\":\"Service \/ FPMS - G\u00e9nie \u00e9lectrique\",\"description\":\"\",\"potentialAction\":[{\"@type\":\"SearchAction\",\"target\":{\"@type\":\"EntryPoint\",\"urlTemplate\":\"https:\/\/web.umons.ac.be\/gele\/?s={search_term_string}\"},\"query-input\":{\"@type\":\"PropertyValueSpecification\",\"valueRequired\":true,\"valueName\":\"search_term_string\"}}],\"inLanguage\":\"fr-FR\"}]}<\/script>\n<!-- \/ Yoast SEO plugin. -->","yoast_head_json":{"title":"Activit\u00e9s de recherche - Service \/ FPMS - G\u00e9nie \u00e9lectrique","robots":{"index":"index","follow":"follow","max-snippet":"max-snippet:-1","max-image-preview":"max-image-preview:large","max-video-preview":"max-video-preview:-1"},"canonical":"https:\/\/web.umons.ac.be\/gele\/activites-de-recherche\/","og_locale":"fr_FR","og_type":"article","og_title":"Activit\u00e9s de recherche - Service \/ FPMS - G\u00e9nie \u00e9lectrique","og_description":"Les activit\u00e9s de recherche men\u00e9es au laboratoire de G\u00e9nie Electrique sont orient\u00e9es principalement suivant deux axes : un axe r\u00e9seaux et march\u00e9s de l\u2019\u00e9lectricit\u00e9 et un axe conversion d\u2019\u00e9nergie \u00e9lectrique.\u00a0 Les travaux de recherche prennent la forme de th\u00e8ses de doctorat, g\u00e9n\u00e9ralement en appui de projets collaboratifs impliquant des partenaires publiques et\/ou priv\u00e9s.\u00a0 Plus sp\u00e9cifiquement, [&hellip;]","og_url":"https:\/\/web.umons.ac.be\/gele\/activites-de-recherche\/","og_site_name":"Service \/ FPMS - G\u00e9nie \u00e9lectrique","article_modified_time":"2021-11-05T12:28:04+00:00","twitter_card":"summary_large_image","twitter_misc":{"Dur\u00e9e de lecture estim\u00e9e":"1 minute"},"schema":{"@context":"https:\/\/schema.org","@graph":[{"@type":"WebPage","@id":"https:\/\/web.umons.ac.be\/gele\/activites-de-recherche\/","url":"https:\/\/web.umons.ac.be\/gele\/activites-de-recherche\/","name":"Activit\u00e9s de recherche - Service \/ FPMS - G\u00e9nie \u00e9lectrique","isPartOf":{"@id":"https:\/\/web.umons.ac.be\/gele\/#website"},"datePublished":"2021-11-05T12:14:04+00:00","dateModified":"2021-11-05T12:28:04+00:00","breadcrumb":{"@id":"https:\/\/web.umons.ac.be\/gele\/activites-de-recherche\/#breadcrumb"},"inLanguage":"fr-FR","potentialAction":[{"@type":"ReadAction","target":["https:\/\/web.umons.ac.be\/gele\/activites-de-recherche\/"]}]},{"@type":"BreadcrumbList","@id":"https:\/\/web.umons.ac.be\/gele\/activites-de-recherche\/#breadcrumb","itemListElement":[{"@type":"ListItem","position":1,"name":"Home","item":"https:\/\/web.umons.ac.be\/gele\/"},{"@type":"ListItem","position":2,"name":"Activit\u00e9s de recherche"}]},{"@type":"WebSite","@id":"https:\/\/web.umons.ac.be\/gele\/#website","url":"https:\/\/web.umons.ac.be\/gele\/","name":"Service \/ FPMS - G\u00e9nie \u00e9lectrique","description":"","potentialAction":[{"@type":"SearchAction","target":{"@type":"EntryPoint","urlTemplate":"https:\/\/web.umons.ac.be\/gele\/?s={search_term_string}"},"query-input":{"@type":"PropertyValueSpecification","valueRequired":true,"valueName":"search_term_string"}}],"inLanguage":"fr-FR"}]}},"lang":"fr","translations":{"fr":15,"en":17},"pll_sync_post":[],"_links":{"self":[{"href":"https:\/\/web.umons.ac.be\/gele\/wp-json\/wp\/v2\/pages\/15","targetHints":{"allow":["GET"]}}],"collection":[{"href":"https:\/\/web.umons.ac.be\/gele\/wp-json\/wp\/v2\/pages"}],"about":[{"href":"https:\/\/web.umons.ac.be\/gele\/wp-json\/wp\/v2\/types\/page"}],"author":[{"embeddable":true,"href":"https:\/\/web.umons.ac.be\/gele\/wp-json\/wp\/v2\/users\/4"}],"replies":[{"embeddable":true,"href":"https:\/\/web.umons.ac.be\/gele\/wp-json\/wp\/v2\/comments?post=15"}],"version-history":[{"count":1,"href":"https:\/\/web.umons.ac.be\/gele\/wp-json\/wp\/v2\/pages\/15\/revisions"}],"predecessor-version":[{"id":47,"href":"https:\/\/web.umons.ac.be\/gele\/wp-json\/wp\/v2\/pages\/15\/revisions\/47"}],"wp:attachment":[{"href":"https:\/\/web.umons.ac.be\/gele\/wp-json\/wp\/v2\/media?parent=15"}],"curies":[{"name":"wp","href":"https:\/\/api.w.org\/{rel}","templated":true}]}}