{"id":13,"date":"2021-11-25T15:28:42","date_gmt":"2021-11-25T14:28:42","guid":{"rendered":"https:\/\/web.umons.ac.be\/geol\/teaching-activities\/"},"modified":"2022-06-27T11:36:41","modified_gmt":"2022-06-27T09:36:41","slug":"teaching-activities","status":"publish","type":"page","link":"https:\/\/web.umons.ac.be\/geol\/en\/teaching-activities\/","title":{"rendered":"Teaching activities"},"content":{"rendered":"<div class=\"page-single-content\">\n<div class=\"primary editor-front scheme-fpms\">\n<ul>\n<li>Applied Geology<\/li>\n<li>Applied Mineralogy and Petrography<\/li>\n<li>Bibliographic Research<\/li>\n<li>Caract\u00e9risation du sous-sol des sites potentiellement pollu\u00e9s<\/li>\n<li>G\u00e9ologie des formations superficielles<\/li>\n<li>G\u00e9ologie g\u00e9n\u00e9rale<\/li>\n<li>G\u00e9ologie informatique et mod\u00e9lisation, g\u00e9ostatistique<\/li>\n<li>G\u00e9ologie structurale et cartographie g\u00e9ologique<\/li>\n<li>G\u00e9ophysique appliqu\u00e9e et stage de terrain<\/li>\n<li>Hydrog\u00e9ologie<\/li>\n<li>Karst<\/li>\n<li>Mod\u00e9lisation g\u00e9ologique et g\u00e9ostatistique<\/li>\n<li>Projet en environnement<\/li>\n<li>Ressources min\u00e9rales et \u00e9nerg\u00e9tiques<\/li>\n<li>Risques naturels<\/li>\n<li>Stratigraphie-Pal\u00e9ontologie<\/li>\n<li>Syst\u00e8me d\u2019information g\u00e9ographique et G\u00e9omatique<\/li>\n<\/ul>\n<\/div>\n<\/div>\n","protected":false},"excerpt":{"rendered":"<p>Applied Geology Applied Mineralogy and Petrography Bibliographic Research Caract\u00e9risation du sous-sol des sites potentiellement pollu\u00e9s G\u00e9ologie des formations superficielles G\u00e9ologie g\u00e9n\u00e9rale G\u00e9ologie informatique et mod\u00e9lisation, g\u00e9ostatistique G\u00e9ologie structurale et cartographie g\u00e9ologique G\u00e9ophysique appliqu\u00e9e et stage de terrain Hydrog\u00e9ologie Karst Mod\u00e9lisation g\u00e9ologique et g\u00e9ostatistique Projet en environnement Ressources min\u00e9rales et \u00e9nerg\u00e9tiques Risques naturels Stratigraphie-Pal\u00e9ontologie Syst\u00e8me d\u2019information [&hellip;]<\/p>\n","protected":false},"author":4,"featured_media":0,"parent":0,"menu_order":0,"comment_status":"closed","ping_status":"closed","template":"","meta":{"footnotes":""},"class_list":["post-13","page","type-page","status-publish","hentry"],"yoast_head":"<!-- This site is optimized with the Yoast SEO plugin v27.2 - https:\/\/yoast.com\/product\/yoast-seo-wordpress\/ -->\n<title>Teaching activities - Service \/ FPMS - G\u00e9ologie fondamentale et appliqu\u00e9e<\/title>\n<meta name=\"robots\" content=\"index, follow, max-snippet:-1, max-image-preview:large, max-video-preview:-1\" \/>\n<link rel=\"canonical\" href=\"https:\/\/web.umons.ac.be\/geol\/en\/teaching-activities\/\" \/>\n<meta property=\"og:locale\" content=\"fr_FR\" \/>\n<meta property=\"og:type\" content=\"article\" \/>\n<meta property=\"og:title\" content=\"Teaching activities - Service \/ FPMS - G\u00e9ologie fondamentale et appliqu\u00e9e\" \/>\n<meta property=\"og:description\" content=\"Applied Geology Applied Mineralogy and Petrography Bibliographic Research Caract\u00e9risation du sous-sol des sites potentiellement pollu\u00e9s G\u00e9ologie des formations superficielles G\u00e9ologie g\u00e9n\u00e9rale G\u00e9ologie informatique et mod\u00e9lisation, g\u00e9ostatistique G\u00e9ologie structurale et cartographie g\u00e9ologique G\u00e9ophysique appliqu\u00e9e et stage de terrain Hydrog\u00e9ologie Karst Mod\u00e9lisation g\u00e9ologique et g\u00e9ostatistique Projet en environnement Ressources min\u00e9rales et \u00e9nerg\u00e9tiques Risques naturels Stratigraphie-Pal\u00e9ontologie Syst\u00e8me d\u2019information [&hellip;]\" \/>\n<meta property=\"og:url\" content=\"https:\/\/web.umons.ac.be\/geol\/en\/teaching-activities\/\" \/>\n<meta property=\"og:site_name\" content=\"Service \/ FPMS - G\u00e9ologie fondamentale et appliqu\u00e9e\" \/>\n<meta property=\"article:modified_time\" content=\"2022-06-27T09:36:41+00:00\" \/>\n<meta name=\"twitter:card\" content=\"summary_large_image\" \/>\n<meta name=\"twitter:label1\" content=\"Dur\u00e9e de lecture estim\u00e9e\" \/>\n\t<meta name=\"twitter:data1\" content=\"1 minute\" \/>\n<script type=\"application\/ld+json\" class=\"yoast-schema-graph\">{\"@context\":\"https:\/\/schema.org\",\"@graph\":[{\"@type\":\"WebPage\",\"@id\":\"https:\/\/web.umons.ac.be\/geol\/en\/teaching-activities\/\",\"url\":\"https:\/\/web.umons.ac.be\/geol\/en\/teaching-activities\/\",\"name\":\"Teaching activities - Service \/ FPMS - G\u00e9ologie fondamentale et appliqu\u00e9e\",\"isPartOf\":{\"@id\":\"https:\/\/web.umons.ac.be\/geol\/#website\"},\"datePublished\":\"2021-11-25T14:28:42+00:00\",\"dateModified\":\"2022-06-27T09:36:41+00:00\",\"breadcrumb\":{\"@id\":\"https:\/\/web.umons.ac.be\/geol\/en\/teaching-activities\/#breadcrumb\"},\"inLanguage\":\"fr-FR\",\"potentialAction\":[{\"@type\":\"ReadAction\",\"target\":[\"https:\/\/web.umons.ac.be\/geol\/en\/teaching-activities\/\"]}]},{\"@type\":\"BreadcrumbList\",\"@id\":\"https:\/\/web.umons.ac.be\/geol\/en\/teaching-activities\/#breadcrumb\",\"itemListElement\":[{\"@type\":\"ListItem\",\"position\":1,\"name\":\"Home\",\"item\":\"https:\/\/web.umons.ac.be\/geol\/\"},{\"@type\":\"ListItem\",\"position\":2,\"name\":\"Teaching activities\"}]},{\"@type\":\"WebSite\",\"@id\":\"https:\/\/web.umons.ac.be\/geol\/#website\",\"url\":\"https:\/\/web.umons.ac.be\/geol\/\",\"name\":\"Service \/ FPMS - G\u00e9ologie fondamentale et appliqu\u00e9e\",\"description\":\"\",\"potentialAction\":[{\"@type\":\"SearchAction\",\"target\":{\"@type\":\"EntryPoint\",\"urlTemplate\":\"https:\/\/web.umons.ac.be\/geol\/?s={search_term_string}\"},\"query-input\":{\"@type\":\"PropertyValueSpecification\",\"valueRequired\":true,\"valueName\":\"search_term_string\"}}],\"inLanguage\":\"fr-FR\"}]}<\/script>\n<!-- \/ Yoast SEO plugin. -->","yoast_head_json":{"title":"Teaching activities - Service \/ FPMS - G\u00e9ologie fondamentale et appliqu\u00e9e","robots":{"index":"index","follow":"follow","max-snippet":"max-snippet:-1","max-image-preview":"max-image-preview:large","max-video-preview":"max-video-preview:-1"},"canonical":"https:\/\/web.umons.ac.be\/geol\/en\/teaching-activities\/","og_locale":"fr_FR","og_type":"article","og_title":"Teaching activities - Service \/ FPMS - G\u00e9ologie fondamentale et appliqu\u00e9e","og_description":"Applied Geology Applied Mineralogy and Petrography Bibliographic Research Caract\u00e9risation du sous-sol des sites potentiellement pollu\u00e9s G\u00e9ologie des formations superficielles G\u00e9ologie g\u00e9n\u00e9rale G\u00e9ologie informatique et mod\u00e9lisation, g\u00e9ostatistique G\u00e9ologie structurale et cartographie g\u00e9ologique G\u00e9ophysique appliqu\u00e9e et stage de terrain Hydrog\u00e9ologie Karst Mod\u00e9lisation g\u00e9ologique et g\u00e9ostatistique Projet en environnement Ressources min\u00e9rales et \u00e9nerg\u00e9tiques Risques naturels Stratigraphie-Pal\u00e9ontologie Syst\u00e8me d\u2019information [&hellip;]","og_url":"https:\/\/web.umons.ac.be\/geol\/en\/teaching-activities\/","og_site_name":"Service \/ FPMS - G\u00e9ologie fondamentale et appliqu\u00e9e","article_modified_time":"2022-06-27T09:36:41+00:00","twitter_card":"summary_large_image","twitter_misc":{"Dur\u00e9e de lecture estim\u00e9e":"1 minute"},"schema":{"@context":"https:\/\/schema.org","@graph":[{"@type":"WebPage","@id":"https:\/\/web.umons.ac.be\/geol\/en\/teaching-activities\/","url":"https:\/\/web.umons.ac.be\/geol\/en\/teaching-activities\/","name":"Teaching activities - Service \/ FPMS - G\u00e9ologie fondamentale et appliqu\u00e9e","isPartOf":{"@id":"https:\/\/web.umons.ac.be\/geol\/#website"},"datePublished":"2021-11-25T14:28:42+00:00","dateModified":"2022-06-27T09:36:41+00:00","breadcrumb":{"@id":"https:\/\/web.umons.ac.be\/geol\/en\/teaching-activities\/#breadcrumb"},"inLanguage":"fr-FR","potentialAction":[{"@type":"ReadAction","target":["https:\/\/web.umons.ac.be\/geol\/en\/teaching-activities\/"]}]},{"@type":"BreadcrumbList","@id":"https:\/\/web.umons.ac.be\/geol\/en\/teaching-activities\/#breadcrumb","itemListElement":[{"@type":"ListItem","position":1,"name":"Home","item":"https:\/\/web.umons.ac.be\/geol\/"},{"@type":"ListItem","position":2,"name":"Teaching activities"}]},{"@type":"WebSite","@id":"https:\/\/web.umons.ac.be\/geol\/#website","url":"https:\/\/web.umons.ac.be\/geol\/","name":"Service \/ FPMS - G\u00e9ologie fondamentale et appliqu\u00e9e","description":"","potentialAction":[{"@type":"SearchAction","target":{"@type":"EntryPoint","urlTemplate":"https:\/\/web.umons.ac.be\/geol\/?s={search_term_string}"},"query-input":{"@type":"PropertyValueSpecification","valueRequired":true,"valueName":"search_term_string"}}],"inLanguage":"fr-FR"}]}},"lang":"en","translations":{"en":13,"fr":11},"pll_sync_post":[],"_links":{"self":[{"href":"https:\/\/web.umons.ac.be\/geol\/wp-json\/wp\/v2\/pages\/13","targetHints":{"allow":["GET"]}}],"collection":[{"href":"https:\/\/web.umons.ac.be\/geol\/wp-json\/wp\/v2\/pages"}],"about":[{"href":"https:\/\/web.umons.ac.be\/geol\/wp-json\/wp\/v2\/types\/page"}],"author":[{"embeddable":true,"href":"https:\/\/web.umons.ac.be\/geol\/wp-json\/wp\/v2\/users\/4"}],"replies":[{"embeddable":true,"href":"https:\/\/web.umons.ac.be\/geol\/wp-json\/wp\/v2\/comments?post=13"}],"version-history":[{"count":1,"href":"https:\/\/web.umons.ac.be\/geol\/wp-json\/wp\/v2\/pages\/13\/revisions"}],"predecessor-version":[{"id":63,"href":"https:\/\/web.umons.ac.be\/geol\/wp-json\/wp\/v2\/pages\/13\/revisions\/63"}],"wp:attachment":[{"href":"https:\/\/web.umons.ac.be\/geol\/wp-json\/wp\/v2\/media?parent=13"}],"curies":[{"name":"wp","href":"https:\/\/api.w.org\/{rel}","templated":true}]}}