{"id":52,"date":"2021-11-25T15:57:18","date_gmt":"2021-11-25T14:57:18","guid":{"rendered":"https:\/\/web.umons.ac.be\/geol\/?page_id=52"},"modified":"2021-11-25T15:57:18","modified_gmt":"2021-11-25T14:57:18","slug":"expertises-cellule-de-geophysique","status":"publish","type":"page","link":"https:\/\/web.umons.ac.be\/geol\/expertises-cellule-de-geophysique\/","title":{"rendered":"Expertises &#8211; Cellule de G\u00e9ophysique"},"content":{"rendered":"<p>La\u00a0Cellule de G\u00e9ophysique\u00a0du Service de G\u00e9ologie Fondamentale et Appliqu\u00e9e (Facult\u00e9 Polytechnique) a engrang\u00e9 au fil des ann\u00e9es une exp\u00e9rience importante dans divers domaines de l\u2019exploration g\u00e9ologique. Ainsi, elle vous propose ses comp\u00e9tences dans les secteurs suivants :<\/p>\n<p><strong>Probl\u00e8mes environnementaux<\/strong><\/p>\n<ul>\n<li>Risques g\u00e9ologiques : effondrement de sol, mouvements de terrain, d\u00e9tection et d\u00e9limitation d\u2019anciennes fondations et d\u2019anciennes mines ;<\/li>\n<li>Recherche de cavit\u00e9s naturelles ou anthropiques, de r\u00e9seaux, d\u2019objets enterr\u00e9s, d\u2019anomalies en sous sol;<\/li>\n<li>Etudes karstiques;<\/li>\n<li>D\u00e9tection des zones d\u2019alimentation des sources, d\u00e9termination de l\u2019emplacement des puits de captage, d\u00e9limitation d\u2019anciennes d\u00e9charges ;<\/li>\n<li>D\u00e9tection de corps, masses magn\u00e9tiques, filons, \u2026 ;<\/li>\n<li>D\u00e9tection du Radon (deuxi\u00e8me cause majeure du cancer du poumon).<\/li>\n<\/ul>\n<p><strong>Prospection mini\u00e8re<\/strong><\/p>\n<ul>\n<li>Reconnaissance de gisement : limites g\u00e9ologiques, variations lat\u00e9rales, failles, \u2026 ;<\/li>\n<li>Recherche d\u2019anciens travaux miniers (puits de mine, galeries, etc.) ;<\/li>\n<li>Epaisseur et extension des terrains de couverture ;<\/li>\n<li>Recherche de cryptokarstification, de couloirs d\u2019alt\u00e9rations, de failles, \u2026<\/li>\n<\/ul>\n<p><strong>Cartographie et imagerie du sous-sol<\/strong><\/p>\n<ul>\n<li>Auscultation et caract\u00e9risation de l\u2019int\u00e9grit\u00e9 d\u2019ouvrages d\u2019arts ;<\/li>\n<li>D\u00e9termination des limites de rippabilit\u00e9 ;<\/li>\n<li>Traitement informatique et d\u00e9veloppement de nouvelles applications ;<\/li>\n<li>Mod\u00e9lisation g\u00e9ologique 2D ou 3D ;<\/li>\n<li>Cartographie des mesures et base de donn\u00e9es associ\u00e9e.<\/li>\n<\/ul>\n<p>Nous vous proposons d\u2019examiner ensemble les solutions les mieux adapt\u00e9es \u00e0 votre probl\u00e8me, aussi bien au niveau technique que financier.<\/p>\n","protected":false},"excerpt":{"rendered":"<p>La\u00a0Cellule de G\u00e9ophysique\u00a0du Service de G\u00e9ologie Fondamentale et Appliqu\u00e9e (Facult\u00e9 Polytechnique) a engrang\u00e9 au fil des ann\u00e9es une exp\u00e9rience importante dans divers domaines de l\u2019exploration g\u00e9ologique. Ainsi, elle vous propose ses comp\u00e9tences dans les secteurs suivants : Probl\u00e8mes environnementaux Risques g\u00e9ologiques : effondrement de sol, mouvements de terrain, d\u00e9tection et d\u00e9limitation d\u2019anciennes fondations et d\u2019anciennes [&hellip;]<\/p>\n","protected":false},"author":4,"featured_media":0,"parent":0,"menu_order":0,"comment_status":"closed","ping_status":"closed","template":"","meta":{"footnotes":""},"class_list":["post-52","page","type-page","status-publish","hentry"],"yoast_head":"<!-- This site is optimized with the Yoast SEO plugin v27.2 - https:\/\/yoast.com\/product\/yoast-seo-wordpress\/ -->\n<title>Expertises - Cellule de G\u00e9ophysique - Service \/ FPMS - G\u00e9ologie fondamentale et appliqu\u00e9e<\/title>\n<meta name=\"robots\" content=\"index, follow, max-snippet:-1, max-image-preview:large, max-video-preview:-1\" \/>\n<link rel=\"canonical\" href=\"https:\/\/web.umons.ac.be\/geol\/expertises-cellule-de-geophysique\/\" \/>\n<meta property=\"og:locale\" content=\"fr_FR\" \/>\n<meta property=\"og:type\" content=\"article\" \/>\n<meta property=\"og:title\" content=\"Expertises - Cellule de G\u00e9ophysique - Service \/ FPMS - G\u00e9ologie fondamentale et appliqu\u00e9e\" \/>\n<meta property=\"og:description\" content=\"La\u00a0Cellule de G\u00e9ophysique\u00a0du Service de G\u00e9ologie Fondamentale et Appliqu\u00e9e (Facult\u00e9 Polytechnique) a engrang\u00e9 au fil des ann\u00e9es une exp\u00e9rience importante dans divers domaines de l\u2019exploration g\u00e9ologique. Ainsi, elle vous propose ses comp\u00e9tences dans les secteurs suivants : Probl\u00e8mes environnementaux Risques g\u00e9ologiques : effondrement de sol, mouvements de terrain, d\u00e9tection et d\u00e9limitation d\u2019anciennes fondations et d\u2019anciennes [&hellip;]\" \/>\n<meta property=\"og:url\" content=\"https:\/\/web.umons.ac.be\/geol\/expertises-cellule-de-geophysique\/\" \/>\n<meta property=\"og:site_name\" content=\"Service \/ FPMS - G\u00e9ologie fondamentale et appliqu\u00e9e\" \/>\n<meta name=\"twitter:card\" content=\"summary_large_image\" \/>\n<meta name=\"twitter:label1\" content=\"Dur\u00e9e de lecture estim\u00e9e\" \/>\n\t<meta name=\"twitter:data1\" content=\"1 minute\" \/>\n<script type=\"application\/ld+json\" class=\"yoast-schema-graph\">{\"@context\":\"https:\/\/schema.org\",\"@graph\":[{\"@type\":\"WebPage\",\"@id\":\"https:\/\/web.umons.ac.be\/geol\/expertises-cellule-de-geophysique\/\",\"url\":\"https:\/\/web.umons.ac.be\/geol\/expertises-cellule-de-geophysique\/\",\"name\":\"Expertises - Cellule de G\u00e9ophysique - Service \/ FPMS - G\u00e9ologie fondamentale et appliqu\u00e9e\",\"isPartOf\":{\"@id\":\"https:\/\/web.umons.ac.be\/geol\/#website\"},\"datePublished\":\"2021-11-25T14:57:18+00:00\",\"breadcrumb\":{\"@id\":\"https:\/\/web.umons.ac.be\/geol\/expertises-cellule-de-geophysique\/#breadcrumb\"},\"inLanguage\":\"fr-FR\",\"potentialAction\":[{\"@type\":\"ReadAction\",\"target\":[\"https:\/\/web.umons.ac.be\/geol\/expertises-cellule-de-geophysique\/\"]}]},{\"@type\":\"BreadcrumbList\",\"@id\":\"https:\/\/web.umons.ac.be\/geol\/expertises-cellule-de-geophysique\/#breadcrumb\",\"itemListElement\":[{\"@type\":\"ListItem\",\"position\":1,\"name\":\"Home\",\"item\":\"https:\/\/web.umons.ac.be\/geol\/\"},{\"@type\":\"ListItem\",\"position\":2,\"name\":\"Expertises &#8211; Cellule de G\u00e9ophysique\"}]},{\"@type\":\"WebSite\",\"@id\":\"https:\/\/web.umons.ac.be\/geol\/#website\",\"url\":\"https:\/\/web.umons.ac.be\/geol\/\",\"name\":\"Service \/ FPMS - G\u00e9ologie fondamentale et appliqu\u00e9e\",\"description\":\"\",\"potentialAction\":[{\"@type\":\"SearchAction\",\"target\":{\"@type\":\"EntryPoint\",\"urlTemplate\":\"https:\/\/web.umons.ac.be\/geol\/?s={search_term_string}\"},\"query-input\":{\"@type\":\"PropertyValueSpecification\",\"valueRequired\":true,\"valueName\":\"search_term_string\"}}],\"inLanguage\":\"fr-FR\"}]}<\/script>\n<!-- \/ Yoast SEO plugin. -->","yoast_head_json":{"title":"Expertises - Cellule de G\u00e9ophysique - Service \/ FPMS - G\u00e9ologie fondamentale et appliqu\u00e9e","robots":{"index":"index","follow":"follow","max-snippet":"max-snippet:-1","max-image-preview":"max-image-preview:large","max-video-preview":"max-video-preview:-1"},"canonical":"https:\/\/web.umons.ac.be\/geol\/expertises-cellule-de-geophysique\/","og_locale":"fr_FR","og_type":"article","og_title":"Expertises - Cellule de G\u00e9ophysique - Service \/ FPMS - G\u00e9ologie fondamentale et appliqu\u00e9e","og_description":"La\u00a0Cellule de G\u00e9ophysique\u00a0du Service de G\u00e9ologie Fondamentale et Appliqu\u00e9e (Facult\u00e9 Polytechnique) a engrang\u00e9 au fil des ann\u00e9es une exp\u00e9rience importante dans divers domaines de l\u2019exploration g\u00e9ologique. Ainsi, elle vous propose ses comp\u00e9tences dans les secteurs suivants : Probl\u00e8mes environnementaux Risques g\u00e9ologiques : effondrement de sol, mouvements de terrain, d\u00e9tection et d\u00e9limitation d\u2019anciennes fondations et d\u2019anciennes [&hellip;]","og_url":"https:\/\/web.umons.ac.be\/geol\/expertises-cellule-de-geophysique\/","og_site_name":"Service \/ FPMS - G\u00e9ologie fondamentale et appliqu\u00e9e","twitter_card":"summary_large_image","twitter_misc":{"Dur\u00e9e de lecture estim\u00e9e":"1 minute"},"schema":{"@context":"https:\/\/schema.org","@graph":[{"@type":"WebPage","@id":"https:\/\/web.umons.ac.be\/geol\/expertises-cellule-de-geophysique\/","url":"https:\/\/web.umons.ac.be\/geol\/expertises-cellule-de-geophysique\/","name":"Expertises - Cellule de G\u00e9ophysique - Service \/ FPMS - G\u00e9ologie fondamentale et appliqu\u00e9e","isPartOf":{"@id":"https:\/\/web.umons.ac.be\/geol\/#website"},"datePublished":"2021-11-25T14:57:18+00:00","breadcrumb":{"@id":"https:\/\/web.umons.ac.be\/geol\/expertises-cellule-de-geophysique\/#breadcrumb"},"inLanguage":"fr-FR","potentialAction":[{"@type":"ReadAction","target":["https:\/\/web.umons.ac.be\/geol\/expertises-cellule-de-geophysique\/"]}]},{"@type":"BreadcrumbList","@id":"https:\/\/web.umons.ac.be\/geol\/expertises-cellule-de-geophysique\/#breadcrumb","itemListElement":[{"@type":"ListItem","position":1,"name":"Home","item":"https:\/\/web.umons.ac.be\/geol\/"},{"@type":"ListItem","position":2,"name":"Expertises &#8211; Cellule de G\u00e9ophysique"}]},{"@type":"WebSite","@id":"https:\/\/web.umons.ac.be\/geol\/#website","url":"https:\/\/web.umons.ac.be\/geol\/","name":"Service \/ FPMS - G\u00e9ologie fondamentale et appliqu\u00e9e","description":"","potentialAction":[{"@type":"SearchAction","target":{"@type":"EntryPoint","urlTemplate":"https:\/\/web.umons.ac.be\/geol\/?s={search_term_string}"},"query-input":{"@type":"PropertyValueSpecification","valueRequired":true,"valueName":"search_term_string"}}],"inLanguage":"fr-FR"}]}},"lang":"fr","translations":{"fr":52,"en":66},"pll_sync_post":[],"_links":{"self":[{"href":"https:\/\/web.umons.ac.be\/geol\/wp-json\/wp\/v2\/pages\/52","targetHints":{"allow":["GET"]}}],"collection":[{"href":"https:\/\/web.umons.ac.be\/geol\/wp-json\/wp\/v2\/pages"}],"about":[{"href":"https:\/\/web.umons.ac.be\/geol\/wp-json\/wp\/v2\/types\/page"}],"author":[{"embeddable":true,"href":"https:\/\/web.umons.ac.be\/geol\/wp-json\/wp\/v2\/users\/4"}],"replies":[{"embeddable":true,"href":"https:\/\/web.umons.ac.be\/geol\/wp-json\/wp\/v2\/comments?post=52"}],"version-history":[{"count":1,"href":"https:\/\/web.umons.ac.be\/geol\/wp-json\/wp\/v2\/pages\/52\/revisions"}],"predecessor-version":[{"id":54,"href":"https:\/\/web.umons.ac.be\/geol\/wp-json\/wp\/v2\/pages\/52\/revisions\/54"}],"wp:attachment":[{"href":"https:\/\/web.umons.ac.be\/geol\/wp-json\/wp\/v2\/media?parent=52"}],"curies":[{"name":"wp","href":"https:\/\/api.w.org\/{rel}","templated":true}]}}