{"id":55,"date":"2021-11-25T16:03:14","date_gmt":"2021-11-25T15:03:14","guid":{"rendered":"https:\/\/web.umons.ac.be\/geol\/?page_id=55"},"modified":"2021-11-25T16:03:15","modified_gmt":"2021-11-25T15:03:15","slug":"equipements","status":"publish","type":"page","link":"https:\/\/web.umons.ac.be\/geol\/equipements\/","title":{"rendered":"Equipements"},"content":{"rendered":"<h2>Equipements de pr\u00e9paration et d\u2019analyse min\u00e9ralogique et p\u00e9trographique<\/h2>\n<p><strong>Pr\u00e9paration de lames minces polies<\/strong><\/p>\n<ul>\n<li>Araseuse, r\u00f4deuse, presse de collage et polisseuse BROT<\/li>\n<\/ul>\n<p><strong>Pr\u00e9paration d\u2019agr\u00e9gats orient\u00e9s<\/strong><\/p>\n<ul>\n<li>Divers \u00e9quipements pour la pr\u00e9paration sp\u00e9cifique de min\u00e9raux argileux destin\u00e9s \u00e0 \u00eatre analys\u00e9s en diffraction X<\/li>\n<\/ul>\n<p><strong>M\u00e9tallisation pour analyse SEM ou EPMA<\/strong><\/p>\n<ul>\n<li>M\u00e9talliseuse par \u00e9vaporation EDWARDS<\/li>\n<\/ul>\n<p><strong>Diffraction des rayons X<\/strong><\/p>\n<ul>\n<li>Diffractom\u00e8tre BRUKER-SIEMENS D5000 avec passeur automatique 40 \u00e9chantillons<\/li>\n<\/ul>\n<p><strong>Microscopie optique<\/strong><\/p>\n<ul>\n<li>Microscope polarisant LEICA DMLP \u00e9quip\u00e9 en transmission, r\u00e9flexion, fluorescence et contraste de phase<\/li>\n<li>Microscope LEICA DM750p \u00e9quip\u00e9 en transmission et en r\u00e9flexion<\/li>\n<li>Microscope LEICA Ortholux \u00e9quip\u00e9 en r\u00e9flectom\u00e9trie<\/li>\n<\/ul>\n<p><strong>Cathodoluminescence<\/strong><\/p>\n<ul>\n<li>Microscope ZEISS Universal-R adapt\u00e9 pour la cathodoluminescence avec une unit\u00e9 \u00e0 cathode froide CITL Mk5<\/li>\n<li>Spectrom\u00e8tre optique CITL COS 8200 (300-1100 nm)<\/li>\n<li>Dispositif optique d\u2019imagerie spectrale<\/li>\n<\/ul>\n<p><strong>Microanalyse \u00e9lectronique<\/strong><\/p>\n<ul>\n<li>Microsonde \u00e9lectronique CAMECA SX50 \u00e9quip\u00e9e de 4 spectrom\u00e8tres WDS (Wavelength-Dispersive Spectroscopy)<\/li>\n<li>Microscopie optique int\u00e9gr\u00e9e et capteurs SE, BSE et CL<\/li>\n<\/ul>\n<p><strong>Microscopie \u00e9lectronique<\/strong><\/p>\n<ul>\n<li>Microscope \u00e9lectronique \u00e0 balayage CAMBRIDGE Stereoscan S240 \u00e9quip\u00e9 d\u2019un spectrom\u00e8tre EDS (Energy-Dispersive Spectroscopy)<\/li>\n<\/ul>\n<h2>\nEquipements de g\u00e9ophysique<\/h2>\n<p><strong>Radar g\u00e9ologique<\/strong><\/p>\n<ul>\n<li>Ramac X3M (Mal\u00e4 Geosciences)<\/li>\n<li>Antennes de 250 et 500 Mhz<\/li>\n<\/ul>\n<p><strong>Prospection sismique<\/strong><\/p>\n<ul>\n<li>Sismographe OYO Mc Seis 170f<\/li>\n<li>Sismographe Summit Compact Unit (DMT)<\/li>\n<li>48 g\u00e9ophones 4.5 Hz<\/li>\n<li>48 g\u00e9ophones 100 Hz<\/li>\n<li>Source vibrante Vibsist<\/li>\n<\/ul>\n<p><strong>Prospection \u00e9lectromagn\u00e9tique<\/strong><\/p>\n<ul>\n<li>VLF (EM16)<\/li>\n<li>Slingram (ABEM)<\/li>\n<\/ul>\n<p><strong>Prospection \u00e9lectrique<\/strong><\/p>\n<ul>\n<li>Syscal Pro 192 canaux (Iris Instruments)<\/li>\n<li>Syscal R1 (Iris Instruments)<\/li>\n<li>Switch 96 canaux (Iris Instruments)<\/li>\n<\/ul>\n<h2>\nEquipements d\u2019hydrog\u00e9ologie<\/h2>\n<p><strong>Mesures en laboratoire et sur le terrain<\/strong><\/p>\n<ul>\n<li>Spectrofluorim\u00e8tre \u00e0 lampe au x\u00e9non &#8211; Thermo Electron Varioskan<\/li>\n<li>Sondes multi-param\u00e8tres (pH, conductivit\u00e9, O2 dissous, potentiel redox)<\/li>\n<li>Sondes de pression et de temp\u00e9rature (type DIVER)<\/li>\n<li>Micro-moulinet de forage permettant de mesurer des flux d\u2019eau<\/li>\n<li>Courantom\u00e8tre permettant de mesure des flux d\u2019eau en surface<\/li>\n<li>Sonde pi\u00e9zom\u00e9trique de 50 m<\/li>\n<li>Sonde pi\u00e9zom\u00e9trique de 100 m<\/li>\n<\/ul>\n<p><strong>Pompage<\/strong><\/p>\n<ul>\n<li>Pompe immerg\u00e9e MP1 (diam\u00e8tre\u00a0: 2 pouces)<\/li>\n<\/ul>\n<p><strong>Echantillonnage<\/strong><\/p>\n<ul>\n<li>Deux \u00e9chantillonneurs automatiques Isco 6712<\/li>\n<\/ul>\n<h2>\nEquipements divers<\/h2>\n<p><strong>Mesures topographiques<\/strong><\/p>\n<ul>\n<li>GPS diff\u00e9rentiel Ashtech<\/li>\n<li>Disto laser permettant de mesurer des angles et des distances<\/li>\n<\/ul>\n","protected":false},"excerpt":{"rendered":"<p>Equipements de pr\u00e9paration et d\u2019analyse min\u00e9ralogique et p\u00e9trographique Pr\u00e9paration de lames minces polies Araseuse, r\u00f4deuse, presse de collage et polisseuse BROT Pr\u00e9paration d\u2019agr\u00e9gats orient\u00e9s Divers \u00e9quipements pour la pr\u00e9paration sp\u00e9cifique de min\u00e9raux argileux destin\u00e9s \u00e0 \u00eatre analys\u00e9s en diffraction X M\u00e9tallisation pour analyse SEM ou EPMA M\u00e9talliseuse par \u00e9vaporation EDWARDS Diffraction des rayons X Diffractom\u00e8tre [&hellip;]<\/p>\n","protected":false},"author":4,"featured_media":0,"parent":0,"menu_order":0,"comment_status":"closed","ping_status":"closed","template":"","meta":{"footnotes":""},"class_list":["post-55","page","type-page","status-publish","hentry"],"yoast_head":"<!-- This site is optimized with the Yoast SEO plugin v27.2 - https:\/\/yoast.com\/product\/yoast-seo-wordpress\/ -->\n<title>Equipements - Service \/ FPMS - G\u00e9ologie fondamentale et appliqu\u00e9e<\/title>\n<meta name=\"robots\" content=\"index, follow, max-snippet:-1, max-image-preview:large, max-video-preview:-1\" \/>\n<link rel=\"canonical\" href=\"https:\/\/web.umons.ac.be\/geol\/equipements\/\" \/>\n<meta property=\"og:locale\" content=\"fr_FR\" \/>\n<meta property=\"og:type\" content=\"article\" \/>\n<meta property=\"og:title\" content=\"Equipements - Service \/ FPMS - G\u00e9ologie fondamentale et appliqu\u00e9e\" \/>\n<meta property=\"og:description\" content=\"Equipements de pr\u00e9paration et d\u2019analyse min\u00e9ralogique et p\u00e9trographique Pr\u00e9paration de lames minces polies Araseuse, r\u00f4deuse, presse de collage et polisseuse BROT Pr\u00e9paration d\u2019agr\u00e9gats orient\u00e9s Divers \u00e9quipements pour la pr\u00e9paration sp\u00e9cifique de min\u00e9raux argileux destin\u00e9s \u00e0 \u00eatre analys\u00e9s en diffraction X M\u00e9tallisation pour analyse SEM ou EPMA M\u00e9talliseuse par \u00e9vaporation EDWARDS Diffraction des rayons X Diffractom\u00e8tre [&hellip;]\" \/>\n<meta property=\"og:url\" content=\"https:\/\/web.umons.ac.be\/geol\/equipements\/\" \/>\n<meta property=\"og:site_name\" content=\"Service \/ FPMS - G\u00e9ologie fondamentale et appliqu\u00e9e\" \/>\n<meta property=\"article:modified_time\" content=\"2021-11-25T15:03:15+00:00\" \/>\n<meta name=\"twitter:card\" content=\"summary_large_image\" \/>\n<meta name=\"twitter:label1\" content=\"Dur\u00e9e de lecture estim\u00e9e\" \/>\n\t<meta name=\"twitter:data1\" content=\"2 minutes\" \/>\n<script type=\"application\/ld+json\" class=\"yoast-schema-graph\">{\"@context\":\"https:\/\/schema.org\",\"@graph\":[{\"@type\":\"WebPage\",\"@id\":\"https:\/\/web.umons.ac.be\/geol\/equipements\/\",\"url\":\"https:\/\/web.umons.ac.be\/geol\/equipements\/\",\"name\":\"Equipements - Service \/ FPMS - G\u00e9ologie fondamentale et appliqu\u00e9e\",\"isPartOf\":{\"@id\":\"https:\/\/web.umons.ac.be\/geol\/#website\"},\"datePublished\":\"2021-11-25T15:03:14+00:00\",\"dateModified\":\"2021-11-25T15:03:15+00:00\",\"breadcrumb\":{\"@id\":\"https:\/\/web.umons.ac.be\/geol\/equipements\/#breadcrumb\"},\"inLanguage\":\"fr-FR\",\"potentialAction\":[{\"@type\":\"ReadAction\",\"target\":[\"https:\/\/web.umons.ac.be\/geol\/equipements\/\"]}]},{\"@type\":\"BreadcrumbList\",\"@id\":\"https:\/\/web.umons.ac.be\/geol\/equipements\/#breadcrumb\",\"itemListElement\":[{\"@type\":\"ListItem\",\"position\":1,\"name\":\"Home\",\"item\":\"https:\/\/web.umons.ac.be\/geol\/\"},{\"@type\":\"ListItem\",\"position\":2,\"name\":\"Equipements\"}]},{\"@type\":\"WebSite\",\"@id\":\"https:\/\/web.umons.ac.be\/geol\/#website\",\"url\":\"https:\/\/web.umons.ac.be\/geol\/\",\"name\":\"Service \/ FPMS - G\u00e9ologie fondamentale et appliqu\u00e9e\",\"description\":\"\",\"potentialAction\":[{\"@type\":\"SearchAction\",\"target\":{\"@type\":\"EntryPoint\",\"urlTemplate\":\"https:\/\/web.umons.ac.be\/geol\/?s={search_term_string}\"},\"query-input\":{\"@type\":\"PropertyValueSpecification\",\"valueRequired\":true,\"valueName\":\"search_term_string\"}}],\"inLanguage\":\"fr-FR\"}]}<\/script>\n<!-- \/ Yoast SEO plugin. -->","yoast_head_json":{"title":"Equipements - Service \/ FPMS - G\u00e9ologie fondamentale et appliqu\u00e9e","robots":{"index":"index","follow":"follow","max-snippet":"max-snippet:-1","max-image-preview":"max-image-preview:large","max-video-preview":"max-video-preview:-1"},"canonical":"https:\/\/web.umons.ac.be\/geol\/equipements\/","og_locale":"fr_FR","og_type":"article","og_title":"Equipements - Service \/ FPMS - G\u00e9ologie fondamentale et appliqu\u00e9e","og_description":"Equipements de pr\u00e9paration et d\u2019analyse min\u00e9ralogique et p\u00e9trographique Pr\u00e9paration de lames minces polies Araseuse, r\u00f4deuse, presse de collage et polisseuse BROT Pr\u00e9paration d\u2019agr\u00e9gats orient\u00e9s Divers \u00e9quipements pour la pr\u00e9paration sp\u00e9cifique de min\u00e9raux argileux destin\u00e9s \u00e0 \u00eatre analys\u00e9s en diffraction X M\u00e9tallisation pour analyse SEM ou EPMA M\u00e9talliseuse par \u00e9vaporation EDWARDS Diffraction des rayons X Diffractom\u00e8tre [&hellip;]","og_url":"https:\/\/web.umons.ac.be\/geol\/equipements\/","og_site_name":"Service \/ FPMS - G\u00e9ologie fondamentale et appliqu\u00e9e","article_modified_time":"2021-11-25T15:03:15+00:00","twitter_card":"summary_large_image","twitter_misc":{"Dur\u00e9e de lecture estim\u00e9e":"2 minutes"},"schema":{"@context":"https:\/\/schema.org","@graph":[{"@type":"WebPage","@id":"https:\/\/web.umons.ac.be\/geol\/equipements\/","url":"https:\/\/web.umons.ac.be\/geol\/equipements\/","name":"Equipements - Service \/ FPMS - G\u00e9ologie fondamentale et appliqu\u00e9e","isPartOf":{"@id":"https:\/\/web.umons.ac.be\/geol\/#website"},"datePublished":"2021-11-25T15:03:14+00:00","dateModified":"2021-11-25T15:03:15+00:00","breadcrumb":{"@id":"https:\/\/web.umons.ac.be\/geol\/equipements\/#breadcrumb"},"inLanguage":"fr-FR","potentialAction":[{"@type":"ReadAction","target":["https:\/\/web.umons.ac.be\/geol\/equipements\/"]}]},{"@type":"BreadcrumbList","@id":"https:\/\/web.umons.ac.be\/geol\/equipements\/#breadcrumb","itemListElement":[{"@type":"ListItem","position":1,"name":"Home","item":"https:\/\/web.umons.ac.be\/geol\/"},{"@type":"ListItem","position":2,"name":"Equipements"}]},{"@type":"WebSite","@id":"https:\/\/web.umons.ac.be\/geol\/#website","url":"https:\/\/web.umons.ac.be\/geol\/","name":"Service \/ FPMS - G\u00e9ologie fondamentale et appliqu\u00e9e","description":"","potentialAction":[{"@type":"SearchAction","target":{"@type":"EntryPoint","urlTemplate":"https:\/\/web.umons.ac.be\/geol\/?s={search_term_string}"},"query-input":{"@type":"PropertyValueSpecification","valueRequired":true,"valueName":"search_term_string"}}],"inLanguage":"fr-FR"}]}},"lang":"fr","translations":{"fr":55,"en":64},"pll_sync_post":[],"_links":{"self":[{"href":"https:\/\/web.umons.ac.be\/geol\/wp-json\/wp\/v2\/pages\/55","targetHints":{"allow":["GET"]}}],"collection":[{"href":"https:\/\/web.umons.ac.be\/geol\/wp-json\/wp\/v2\/pages"}],"about":[{"href":"https:\/\/web.umons.ac.be\/geol\/wp-json\/wp\/v2\/types\/page"}],"author":[{"embeddable":true,"href":"https:\/\/web.umons.ac.be\/geol\/wp-json\/wp\/v2\/users\/4"}],"replies":[{"embeddable":true,"href":"https:\/\/web.umons.ac.be\/geol\/wp-json\/wp\/v2\/comments?post=55"}],"version-history":[{"count":1,"href":"https:\/\/web.umons.ac.be\/geol\/wp-json\/wp\/v2\/pages\/55\/revisions"}],"predecessor-version":[{"id":57,"href":"https:\/\/web.umons.ac.be\/geol\/wp-json\/wp\/v2\/pages\/55\/revisions\/57"}],"wp:attachment":[{"href":"https:\/\/web.umons.ac.be\/geol\/wp-json\/wp\/v2\/media?parent=55"}],"curies":[{"name":"wp","href":"https:\/\/api.w.org\/{rel}","templated":true}]}}