{"id":64,"date":"2022-06-27T12:06:43","date_gmt":"2022-06-27T10:06:43","guid":{"rendered":"https:\/\/web.umons.ac.be\/geol\/?page_id=64"},"modified":"2022-06-27T13:55:45","modified_gmt":"2022-06-27T11:55:45","slug":"equipments","status":"publish","type":"page","link":"https:\/\/web.umons.ac.be\/geol\/en\/equipments\/","title":{"rendered":"Equipments"},"content":{"rendered":"<h2>Mineralogical and petrographic preparation and analysis equipment<\/h2>\n<p><strong>Preparation of thin polished slides<\/strong><\/p>\n<ul>\n<li>BROT flattening, lathing, gluing and polishing machine<\/li>\n<\/ul>\n<p><strong>Preparation of oriented aggregates<\/strong><\/p>\n<ul>\n<li>Various equipment for the specific preparation of clay minerals for X-ray diffraction analysis<\/li>\n<\/ul>\n<p><strong>Metallization for SEM or EPMA analysis<\/strong><\/p>\n<ul>\n<li>EDWARDS evaporative plating machine<\/li>\n<\/ul>\n<p><strong>X-ray diffraction<br \/>\n<\/strong><\/p>\n<ul>\n<li>Diffractometer BRUKER-SIEMENS D5000 with automatic 40-sample changer<\/li>\n<\/ul>\n<p><strong>Optical microscopy<\/strong><\/p>\n<ul>\n<li>LEICA DMLP polarizing microscope equipped with transmission, reflection, fluorescence and phase contrast<\/li>\n<li>LEICA DM750p microscope equipped for transmission and reflection<\/li>\n<li>LEICA Ortholux microscope equipped with reflectometry<\/li>\n<\/ul>\n<p><strong>Cathodoluminescence<\/strong><\/p>\n<ul>\n<li>ZEISS Universal-R microscope adapted for cathodoluminescence with a CITL Mk5 cold cathode unit<\/li>\n<li>CITL COS 8200 optical spectrometer (300-1100 nm)<\/li>\n<li>Optical spectral imaging device<\/li>\n<\/ul>\n<p><strong>Electronic microanalysis<\/strong><\/p>\n<ul>\n<li>CAMECA SX50 electron microprobe equipped with 4 WDS spectrometers (Wavelength-Dispersive Spectroscopy)<\/li>\n<li>Integrated optical microscopy and SE, BSE and CL sensors<\/li>\n<\/ul>\n<p><strong>Electron microscopy<\/strong><\/p>\n<ul>\n<li>CAMBRIDGE Stereoscan S240 scanning electron microscope equipped with an EDS (Energy-Dispersive Spectroscopy) spectrometer<\/li>\n<\/ul>\n<h2>Geophysical equipment<\/h2>\n<p><strong>Geological radar<\/strong><\/p>\n<ul>\n<li>Ramac X3M (Mal\u00e4 Geosciences)<\/li>\n<li>250 and 500 Mhz antennas<\/li>\n<\/ul>\n<p><strong>Seismic prospecting<\/strong><\/p>\n<ul>\n<li>Seismograph OYO Mc Seis 170f<\/li>\n<li>Summit Compact Unit Seismograph (DMT)<\/li>\n<li>48 4.5 Hz geophones<\/li>\n<li>48 100 Hz geophones<\/li>\n<li>Vibsist vibrating source<\/li>\n<\/ul>\n<p><strong>Electromagnetic prospecting<\/strong><\/p>\n<ul>\n<li>VLF (EM16)<\/li>\n<li>Slingram (ABEM)<\/li>\n<\/ul>\n<p><strong>Electrical prospecting<\/strong><\/p>\n<ul>\n<li>Syscal Pro 192 channels (Iris Instruments)<\/li>\n<li>Syscal R1 (Iris Instruments)<\/li>\n<li>Switch 96 channels (Iris Instruments)<\/li>\n<\/ul>\n<h2>Hydrogeological equipment<\/h2>\n<p><strong>Laboratory and field measurements<\/strong><\/p>\n<ul>\n<li>Xenon lamp spectrofluorometer &#8211; Thermo Electron Varioskan<\/li>\n<li>Multi-parameter probes (pH, conductivity, dissolved O2, redox potential)<\/li>\n<li>Pressure and temperature sensors (type DIVER)<\/li>\n<li>Drilling micro-spigot for measuring water flows<\/li>\n<li>Current meter for measuring surface water flows<\/li>\n<li>50 m piezometer probe<\/li>\n<li>100 m piezometer probe<\/li>\n<\/ul>\n<p><strong>Pumping<\/strong><\/p>\n<ul>\n<li>Submersible pump MP1 (diameter: 2 inches)<\/li>\n<\/ul>\n<p><strong>Sampling<\/strong><\/p>\n<ul>\n<li>Two Isco 6712 automatic samplers<\/li>\n<\/ul>\n<h2>Miscellaneous equipment<\/h2>\n<p><strong>Topographic measurements<\/strong><\/p>\n<ul>\n<li>Ashtech differential GPS<\/li>\n<li>Disto laser for measuring angles and distances<\/li>\n<\/ul>\n","protected":false},"excerpt":{"rendered":"<p>Mineralogical and petrographic preparation and analysis equipment Preparation of thin polished slides BROT flattening, lathing, gluing and polishing machine Preparation of oriented aggregates Various equipment for the specific preparation of clay minerals for X-ray diffraction analysis Metallization for SEM or EPMA analysis EDWARDS evaporative plating machine X-ray diffraction Diffractometer BRUKER-SIEMENS D5000 with automatic 40-sample changer [&hellip;]<\/p>\n","protected":false},"author":191,"featured_media":0,"parent":0,"menu_order":0,"comment_status":"closed","ping_status":"closed","template":"","meta":{"footnotes":""},"class_list":["post-64","page","type-page","status-publish","hentry"],"yoast_head":"<!-- This site is optimized with the Yoast SEO plugin v27.2 - https:\/\/yoast.com\/product\/yoast-seo-wordpress\/ -->\n<title>Equipments - Service \/ FPMS - G\u00e9ologie fondamentale et appliqu\u00e9e<\/title>\n<meta name=\"robots\" content=\"index, follow, max-snippet:-1, max-image-preview:large, max-video-preview:-1\" \/>\n<link rel=\"canonical\" href=\"https:\/\/web.umons.ac.be\/geol\/en\/equipments\/\" \/>\n<meta property=\"og:locale\" content=\"fr_FR\" \/>\n<meta property=\"og:type\" content=\"article\" \/>\n<meta property=\"og:title\" content=\"Equipments - Service \/ FPMS - G\u00e9ologie fondamentale et appliqu\u00e9e\" \/>\n<meta property=\"og:description\" content=\"Mineralogical and petrographic preparation and analysis equipment Preparation of thin polished slides BROT flattening, lathing, gluing and polishing machine Preparation of oriented aggregates Various equipment for the specific preparation of clay minerals for X-ray diffraction analysis Metallization for SEM or EPMA analysis EDWARDS evaporative plating machine X-ray diffraction Diffractometer BRUKER-SIEMENS D5000 with automatic 40-sample changer [&hellip;]\" \/>\n<meta property=\"og:url\" content=\"https:\/\/web.umons.ac.be\/geol\/en\/equipments\/\" \/>\n<meta property=\"og:site_name\" content=\"Service \/ FPMS - G\u00e9ologie fondamentale et appliqu\u00e9e\" \/>\n<meta property=\"article:modified_time\" content=\"2022-06-27T11:55:45+00:00\" \/>\n<meta name=\"twitter:card\" content=\"summary_large_image\" \/>\n<meta name=\"twitter:label1\" content=\"Dur\u00e9e de lecture estim\u00e9e\" \/>\n\t<meta name=\"twitter:data1\" content=\"1 minute\" \/>\n<script type=\"application\/ld+json\" class=\"yoast-schema-graph\">{\"@context\":\"https:\/\/schema.org\",\"@graph\":[{\"@type\":\"WebPage\",\"@id\":\"https:\/\/web.umons.ac.be\/geol\/en\/equipments\/\",\"url\":\"https:\/\/web.umons.ac.be\/geol\/en\/equipments\/\",\"name\":\"Equipments - Service \/ FPMS - G\u00e9ologie fondamentale et appliqu\u00e9e\",\"isPartOf\":{\"@id\":\"https:\/\/web.umons.ac.be\/geol\/#website\"},\"datePublished\":\"2022-06-27T10:06:43+00:00\",\"dateModified\":\"2022-06-27T11:55:45+00:00\",\"breadcrumb\":{\"@id\":\"https:\/\/web.umons.ac.be\/geol\/en\/equipments\/#breadcrumb\"},\"inLanguage\":\"fr-FR\",\"potentialAction\":[{\"@type\":\"ReadAction\",\"target\":[\"https:\/\/web.umons.ac.be\/geol\/en\/equipments\/\"]}]},{\"@type\":\"BreadcrumbList\",\"@id\":\"https:\/\/web.umons.ac.be\/geol\/en\/equipments\/#breadcrumb\",\"itemListElement\":[{\"@type\":\"ListItem\",\"position\":1,\"name\":\"Home\",\"item\":\"https:\/\/web.umons.ac.be\/geol\/\"},{\"@type\":\"ListItem\",\"position\":2,\"name\":\"Equipments\"}]},{\"@type\":\"WebSite\",\"@id\":\"https:\/\/web.umons.ac.be\/geol\/#website\",\"url\":\"https:\/\/web.umons.ac.be\/geol\/\",\"name\":\"Service \/ FPMS - G\u00e9ologie fondamentale et appliqu\u00e9e\",\"description\":\"\",\"potentialAction\":[{\"@type\":\"SearchAction\",\"target\":{\"@type\":\"EntryPoint\",\"urlTemplate\":\"https:\/\/web.umons.ac.be\/geol\/?s={search_term_string}\"},\"query-input\":{\"@type\":\"PropertyValueSpecification\",\"valueRequired\":true,\"valueName\":\"search_term_string\"}}],\"inLanguage\":\"fr-FR\"}]}<\/script>\n<!-- \/ Yoast SEO plugin. -->","yoast_head_json":{"title":"Equipments - Service \/ FPMS - G\u00e9ologie fondamentale et appliqu\u00e9e","robots":{"index":"index","follow":"follow","max-snippet":"max-snippet:-1","max-image-preview":"max-image-preview:large","max-video-preview":"max-video-preview:-1"},"canonical":"https:\/\/web.umons.ac.be\/geol\/en\/equipments\/","og_locale":"fr_FR","og_type":"article","og_title":"Equipments - Service \/ FPMS - G\u00e9ologie fondamentale et appliqu\u00e9e","og_description":"Mineralogical and petrographic preparation and analysis equipment Preparation of thin polished slides BROT flattening, lathing, gluing and polishing machine Preparation of oriented aggregates Various equipment for the specific preparation of clay minerals for X-ray diffraction analysis Metallization for SEM or EPMA analysis EDWARDS evaporative plating machine X-ray diffraction Diffractometer BRUKER-SIEMENS D5000 with automatic 40-sample changer [&hellip;]","og_url":"https:\/\/web.umons.ac.be\/geol\/en\/equipments\/","og_site_name":"Service \/ FPMS - G\u00e9ologie fondamentale et appliqu\u00e9e","article_modified_time":"2022-06-27T11:55:45+00:00","twitter_card":"summary_large_image","twitter_misc":{"Dur\u00e9e de lecture estim\u00e9e":"1 minute"},"schema":{"@context":"https:\/\/schema.org","@graph":[{"@type":"WebPage","@id":"https:\/\/web.umons.ac.be\/geol\/en\/equipments\/","url":"https:\/\/web.umons.ac.be\/geol\/en\/equipments\/","name":"Equipments - Service \/ FPMS - G\u00e9ologie fondamentale et appliqu\u00e9e","isPartOf":{"@id":"https:\/\/web.umons.ac.be\/geol\/#website"},"datePublished":"2022-06-27T10:06:43+00:00","dateModified":"2022-06-27T11:55:45+00:00","breadcrumb":{"@id":"https:\/\/web.umons.ac.be\/geol\/en\/equipments\/#breadcrumb"},"inLanguage":"fr-FR","potentialAction":[{"@type":"ReadAction","target":["https:\/\/web.umons.ac.be\/geol\/en\/equipments\/"]}]},{"@type":"BreadcrumbList","@id":"https:\/\/web.umons.ac.be\/geol\/en\/equipments\/#breadcrumb","itemListElement":[{"@type":"ListItem","position":1,"name":"Home","item":"https:\/\/web.umons.ac.be\/geol\/"},{"@type":"ListItem","position":2,"name":"Equipments"}]},{"@type":"WebSite","@id":"https:\/\/web.umons.ac.be\/geol\/#website","url":"https:\/\/web.umons.ac.be\/geol\/","name":"Service \/ FPMS - G\u00e9ologie fondamentale et appliqu\u00e9e","description":"","potentialAction":[{"@type":"SearchAction","target":{"@type":"EntryPoint","urlTemplate":"https:\/\/web.umons.ac.be\/geol\/?s={search_term_string}"},"query-input":{"@type":"PropertyValueSpecification","valueRequired":true,"valueName":"search_term_string"}}],"inLanguage":"fr-FR"}]}},"lang":"en","translations":{"en":64,"fr":55},"pll_sync_post":[],"_links":{"self":[{"href":"https:\/\/web.umons.ac.be\/geol\/wp-json\/wp\/v2\/pages\/64","targetHints":{"allow":["GET"]}}],"collection":[{"href":"https:\/\/web.umons.ac.be\/geol\/wp-json\/wp\/v2\/pages"}],"about":[{"href":"https:\/\/web.umons.ac.be\/geol\/wp-json\/wp\/v2\/types\/page"}],"author":[{"embeddable":true,"href":"https:\/\/web.umons.ac.be\/geol\/wp-json\/wp\/v2\/users\/191"}],"replies":[{"embeddable":true,"href":"https:\/\/web.umons.ac.be\/geol\/wp-json\/wp\/v2\/comments?post=64"}],"version-history":[{"count":1,"href":"https:\/\/web.umons.ac.be\/geol\/wp-json\/wp\/v2\/pages\/64\/revisions"}],"predecessor-version":[{"id":65,"href":"https:\/\/web.umons.ac.be\/geol\/wp-json\/wp\/v2\/pages\/64\/revisions\/65"}],"wp:attachment":[{"href":"https:\/\/web.umons.ac.be\/geol\/wp-json\/wp\/v2\/media?parent=64"}],"curies":[{"name":"wp","href":"https:\/\/api.w.org\/{rel}","templated":true}]}}