{"id":66,"date":"2022-06-27T14:19:24","date_gmt":"2022-06-27T12:19:24","guid":{"rendered":"https:\/\/web.umons.ac.be\/geol\/?page_id=66"},"modified":"2022-06-27T14:25:29","modified_gmt":"2022-06-27T12:25:29","slug":"expertise-geophysics-unit","status":"publish","type":"page","link":"https:\/\/web.umons.ac.be\/geol\/en\/expertise-geophysics-unit\/","title":{"rendered":"Expertise &#8211; Geophysics Unit"},"content":{"rendered":"<p>The Geophysics Unit of the Department of Fundamental and Applied Geology (Polytechnic Faculty) has accumulated over the years an important experience in various fields of geological exploration. Thus, it offers its expertise in the following areas :<\/p>\n<p><strong>Environmental issues<\/strong><\/p>\n<ul>\n<li>Geological risks: soil collapse, ground movements, detection and delimitation of old foundations and mines ;<\/li>\n<li>Search for natural or anthropic cavities, networks, buried objects, underground anomalies ;<\/li>\n<li>Karst studies ;<\/li>\n<li>Detection of spring supply areas, determination of catchment well locations, delineation of former landfills ;<\/li>\n<li>Detection of bodies, magnetic masses, seams, &#8230; ;<\/li>\n<li>Radon detection (second major cause of lung cancer).<\/li>\n<\/ul>\n<p><strong>Mining prospecting<\/strong><\/p>\n<ul>\n<li>Recognition of the deposit: geological limits, lateral variations, faults, &#8230; ;<\/li>\n<li>Search for old mining works (mine shafts, galleries, etc.) ;<\/li>\n<li>Thickness and extension of the cover lands ;<\/li>\n<li>Search for cryptokarstification, alteration corridors, faults, &#8230; .<\/li>\n<\/ul>\n<p><strong>Subsurface mapping and imaging<\/strong><\/p>\n<ul>\n<li>Auscultation and characterization of the integrity of art works; ;<\/li>\n<li>Determining the limits of rippability ;<\/li>\n<li>Computer processing and development of new applications ;<\/li>\n<li>2D or 3D geological modeling ;<\/li>\n<li>Mapping of measurements and associated database.<\/li>\n<\/ul>\n<p>We propose to examine together the solutions best adapted to your problem, both on the technical and financial levels.<\/p>\n","protected":false},"excerpt":{"rendered":"<p>The Geophysics Unit of the Department of Fundamental and Applied Geology (Polytechnic Faculty) has accumulated over the years an important experience in various fields of geological exploration. Thus, it offers its expertise in the following areas : Environmental issues Geological risks: soil collapse, ground movements, detection and delimitation of old foundations and mines ; Search [&hellip;]<\/p>\n","protected":false},"author":191,"featured_media":0,"parent":0,"menu_order":0,"comment_status":"closed","ping_status":"closed","template":"","meta":{"footnotes":""},"class_list":["post-66","page","type-page","status-publish","hentry"],"yoast_head":"<!-- This site is optimized with the Yoast SEO plugin v27.2 - https:\/\/yoast.com\/product\/yoast-seo-wordpress\/ -->\n<title>Expertise - Geophysics Unit - Service \/ FPMS - G\u00e9ologie fondamentale et appliqu\u00e9e<\/title>\n<meta name=\"robots\" content=\"index, follow, max-snippet:-1, max-image-preview:large, max-video-preview:-1\" \/>\n<link rel=\"canonical\" href=\"https:\/\/web.umons.ac.be\/geol\/en\/expertise-geophysics-unit\/\" \/>\n<meta property=\"og:locale\" content=\"fr_FR\" \/>\n<meta property=\"og:type\" content=\"article\" \/>\n<meta property=\"og:title\" content=\"Expertise - Geophysics Unit - Service \/ FPMS - G\u00e9ologie fondamentale et appliqu\u00e9e\" \/>\n<meta property=\"og:description\" content=\"The Geophysics Unit of the Department of Fundamental and Applied Geology (Polytechnic Faculty) has accumulated over the years an important experience in various fields of geological exploration. Thus, it offers its expertise in the following areas : Environmental issues Geological risks: soil collapse, ground movements, detection and delimitation of old foundations and mines ; Search [&hellip;]\" \/>\n<meta property=\"og:url\" content=\"https:\/\/web.umons.ac.be\/geol\/en\/expertise-geophysics-unit\/\" \/>\n<meta property=\"og:site_name\" content=\"Service \/ FPMS - G\u00e9ologie fondamentale et appliqu\u00e9e\" \/>\n<meta property=\"article:modified_time\" content=\"2022-06-27T12:25:29+00:00\" \/>\n<meta name=\"twitter:card\" content=\"summary_large_image\" \/>\n<meta name=\"twitter:label1\" content=\"Dur\u00e9e de lecture estim\u00e9e\" \/>\n\t<meta name=\"twitter:data1\" content=\"1 minute\" \/>\n<script type=\"application\/ld+json\" class=\"yoast-schema-graph\">{\"@context\":\"https:\/\/schema.org\",\"@graph\":[{\"@type\":\"WebPage\",\"@id\":\"https:\/\/web.umons.ac.be\/geol\/en\/expertise-geophysics-unit\/\",\"url\":\"https:\/\/web.umons.ac.be\/geol\/en\/expertise-geophysics-unit\/\",\"name\":\"Expertise - Geophysics Unit - Service \/ FPMS - G\u00e9ologie fondamentale et appliqu\u00e9e\",\"isPartOf\":{\"@id\":\"https:\/\/web.umons.ac.be\/geol\/#website\"},\"datePublished\":\"2022-06-27T12:19:24+00:00\",\"dateModified\":\"2022-06-27T12:25:29+00:00\",\"breadcrumb\":{\"@id\":\"https:\/\/web.umons.ac.be\/geol\/en\/expertise-geophysics-unit\/#breadcrumb\"},\"inLanguage\":\"fr-FR\",\"potentialAction\":[{\"@type\":\"ReadAction\",\"target\":[\"https:\/\/web.umons.ac.be\/geol\/en\/expertise-geophysics-unit\/\"]}]},{\"@type\":\"BreadcrumbList\",\"@id\":\"https:\/\/web.umons.ac.be\/geol\/en\/expertise-geophysics-unit\/#breadcrumb\",\"itemListElement\":[{\"@type\":\"ListItem\",\"position\":1,\"name\":\"Home\",\"item\":\"https:\/\/web.umons.ac.be\/geol\/\"},{\"@type\":\"ListItem\",\"position\":2,\"name\":\"Expertise &#8211; Geophysics Unit\"}]},{\"@type\":\"WebSite\",\"@id\":\"https:\/\/web.umons.ac.be\/geol\/#website\",\"url\":\"https:\/\/web.umons.ac.be\/geol\/\",\"name\":\"Service \/ FPMS - G\u00e9ologie fondamentale et appliqu\u00e9e\",\"description\":\"\",\"potentialAction\":[{\"@type\":\"SearchAction\",\"target\":{\"@type\":\"EntryPoint\",\"urlTemplate\":\"https:\/\/web.umons.ac.be\/geol\/?s={search_term_string}\"},\"query-input\":{\"@type\":\"PropertyValueSpecification\",\"valueRequired\":true,\"valueName\":\"search_term_string\"}}],\"inLanguage\":\"fr-FR\"}]}<\/script>\n<!-- \/ Yoast SEO plugin. -->","yoast_head_json":{"title":"Expertise - Geophysics Unit - Service \/ FPMS - G\u00e9ologie fondamentale et appliqu\u00e9e","robots":{"index":"index","follow":"follow","max-snippet":"max-snippet:-1","max-image-preview":"max-image-preview:large","max-video-preview":"max-video-preview:-1"},"canonical":"https:\/\/web.umons.ac.be\/geol\/en\/expertise-geophysics-unit\/","og_locale":"fr_FR","og_type":"article","og_title":"Expertise - Geophysics Unit - Service \/ FPMS - G\u00e9ologie fondamentale et appliqu\u00e9e","og_description":"The Geophysics Unit of the Department of Fundamental and Applied Geology (Polytechnic Faculty) has accumulated over the years an important experience in various fields of geological exploration. Thus, it offers its expertise in the following areas : Environmental issues Geological risks: soil collapse, ground movements, detection and delimitation of old foundations and mines ; Search [&hellip;]","og_url":"https:\/\/web.umons.ac.be\/geol\/en\/expertise-geophysics-unit\/","og_site_name":"Service \/ FPMS - G\u00e9ologie fondamentale et appliqu\u00e9e","article_modified_time":"2022-06-27T12:25:29+00:00","twitter_card":"summary_large_image","twitter_misc":{"Dur\u00e9e de lecture estim\u00e9e":"1 minute"},"schema":{"@context":"https:\/\/schema.org","@graph":[{"@type":"WebPage","@id":"https:\/\/web.umons.ac.be\/geol\/en\/expertise-geophysics-unit\/","url":"https:\/\/web.umons.ac.be\/geol\/en\/expertise-geophysics-unit\/","name":"Expertise - Geophysics Unit - Service \/ FPMS - G\u00e9ologie fondamentale et appliqu\u00e9e","isPartOf":{"@id":"https:\/\/web.umons.ac.be\/geol\/#website"},"datePublished":"2022-06-27T12:19:24+00:00","dateModified":"2022-06-27T12:25:29+00:00","breadcrumb":{"@id":"https:\/\/web.umons.ac.be\/geol\/en\/expertise-geophysics-unit\/#breadcrumb"},"inLanguage":"fr-FR","potentialAction":[{"@type":"ReadAction","target":["https:\/\/web.umons.ac.be\/geol\/en\/expertise-geophysics-unit\/"]}]},{"@type":"BreadcrumbList","@id":"https:\/\/web.umons.ac.be\/geol\/en\/expertise-geophysics-unit\/#breadcrumb","itemListElement":[{"@type":"ListItem","position":1,"name":"Home","item":"https:\/\/web.umons.ac.be\/geol\/"},{"@type":"ListItem","position":2,"name":"Expertise &#8211; Geophysics Unit"}]},{"@type":"WebSite","@id":"https:\/\/web.umons.ac.be\/geol\/#website","url":"https:\/\/web.umons.ac.be\/geol\/","name":"Service \/ FPMS - G\u00e9ologie fondamentale et appliqu\u00e9e","description":"","potentialAction":[{"@type":"SearchAction","target":{"@type":"EntryPoint","urlTemplate":"https:\/\/web.umons.ac.be\/geol\/?s={search_term_string}"},"query-input":{"@type":"PropertyValueSpecification","valueRequired":true,"valueName":"search_term_string"}}],"inLanguage":"fr-FR"}]}},"lang":"en","translations":{"en":66,"fr":52},"pll_sync_post":[],"_links":{"self":[{"href":"https:\/\/web.umons.ac.be\/geol\/wp-json\/wp\/v2\/pages\/66","targetHints":{"allow":["GET"]}}],"collection":[{"href":"https:\/\/web.umons.ac.be\/geol\/wp-json\/wp\/v2\/pages"}],"about":[{"href":"https:\/\/web.umons.ac.be\/geol\/wp-json\/wp\/v2\/types\/page"}],"author":[{"embeddable":true,"href":"https:\/\/web.umons.ac.be\/geol\/wp-json\/wp\/v2\/users\/191"}],"replies":[{"embeddable":true,"href":"https:\/\/web.umons.ac.be\/geol\/wp-json\/wp\/v2\/comments?post=66"}],"version-history":[{"count":1,"href":"https:\/\/web.umons.ac.be\/geol\/wp-json\/wp\/v2\/pages\/66\/revisions"}],"predecessor-version":[{"id":67,"href":"https:\/\/web.umons.ac.be\/geol\/wp-json\/wp\/v2\/pages\/66\/revisions\/67"}],"wp:attachment":[{"href":"https:\/\/web.umons.ac.be\/geol\/wp-json\/wp\/v2\/media?parent=66"}],"curies":[{"name":"wp","href":"https:\/\/api.w.org\/{rel}","templated":true}]}}