{"id":11,"date":"2021-10-29T07:39:05","date_gmt":"2021-10-29T05:39:05","guid":{"rendered":"https:\/\/web.umons.ac.be\/gmec\/activites-denseignement\/"},"modified":"2021-10-29T17:31:21","modified_gmt":"2021-10-29T15:31:21","slug":"activites-denseignement","status":"publish","type":"page","link":"https:\/\/web.umons.ac.be\/gmec\/activites-denseignement\/","title":{"rendered":"Activit\u00e9s d&rsquo;enseignement"},"content":{"rendered":"<h2>G\u00e9nie m\u00e9canique<\/h2>\n<ul>\n<li>R\u00e9aliser les plans d&rsquo;une pi\u00e8ce m\u00e9canique ou d&rsquo;un assemblage en respectant les r\u00e8gles du dessin technique.<\/li>\n<li>Coter et tol\u00e9rancer le plan de fabrication d&rsquo;une pi\u00e8ce.<\/li>\n<li>Utiliser un logiciel de CAO (Solid Works) pour concevoir un mod\u00e8le 3D, r\u00e9aliser des assemblages et g\u00e9n\u00e9rer des plans 2D.<\/li>\n<li>D\u00e9finir et mettre en oeuvre des techniques qui permettent de v\u00e9rifier que les caract\u00e9ristiques g\u00e9om\u00e9triques d&rsquo;un produit m\u00e9canique fabriqu\u00e9 sont conformes aux plans de fabrication.<\/li>\n<li>Evaluer l&rsquo;incertitude d&rsquo;une mesure.<\/li>\n<li>Evaluer comment une pi\u00e8ce m\u00e9canique a \u00e9t\u00e9 fabriqu\u00e9e.<\/li>\n<li>Choisir les proc\u00e9d\u00e9s de fabrication ad\u00e9quats pour la r\u00e9alisation d&rsquo;une pi\u00e8ce m\u00e9canique.<\/li>\n<li>Prendre en compte les contraintes de fabrication lors de la conception d&rsquo;une pi\u00e8ce m\u00e9canique ou d&rsquo;un assemblage.<\/li>\n<li>Choisir un mat\u00e9riau ad\u00e9quat pour la fabrication d&rsquo;une pi\u00e8ce m\u00e9canique.<\/li>\n<li>Enoncer les propri\u00e9t\u00e9s m\u00e9caniques qui r\u00e9sultent d&rsquo;un proc\u00e9d\u00e9 de fabrication.<\/li>\n<li>Conna\u00eetre les sp\u00e9cificit\u00e9s des mati\u00e8res plastiques et des composites \u00e0 matrice thermodurcissable.<\/li>\n<li>Choisir les proc\u00e9d\u00e9s de fabrication ad\u00e9quats pour r\u00e9aliser des pi\u00e8ces en plastique ou des structures en composites r\u00e9pondant \u00e0 un cahier des charges.<\/li>\n<li>Evaluer les avantages et inconv\u00e9nients des techniques de fabrication additive par rapport aux techniques de fabrication plus traditionnelles.<\/li>\n<li>Prendre conscience de l&rsquo;importance de la fabrication dans le monde industriel.<\/li>\n<li>Appr\u00e9hender les ordres de grandeur du domaine technologique concern\u00e9.<\/li>\n<li>Ma\u00eetriser les modes de repr\u00e9sentation graphique.<\/li>\n<li>Ma\u00eetriser le vocabulaire technique.<\/li>\n<li>Comprendre les principes physiques de la m\u00e9canique appliqu\u00e9e aux machines.<\/li>\n<li>Structurer un d\u00e9marche de conception (s\u00e9lection et de dimensionnement) face \u00e0 un probl\u00e8me classique ou in\u00e9dit.<\/li>\n<li>Formaliser une d\u00e9marche d&rsquo;optimisation et de dimensionnement face \u00e0 des donn\u00e9es pr\u00e9cises, impr\u00e9cises, compl\u00e8tes ou incompl\u00e8tes en formalisant les hypoth\u00e8ses ad\u00e9quates.<\/li>\n<\/ul>\n<p><em><strong>Titulaire: Lucas EQUETER<\/strong><\/em><br \/>\n<em><strong>Co-titulaire:\u00a0Pierre DEHOMBREUX<\/strong><\/em><br \/>\n<em><strong>Co-titulaire:\u00a0Fran\u00e7ois DUCOBU<\/strong><\/em><br \/>\n<em><strong>Co-titulaire:\u00a0Edouard RIVIERE LORPHEVRE<\/strong><\/em><\/p>\n<start-cask-shortcode-wrapper><article class=\"shortcode-training training-small content-block scheme-fpms\">\n\t<a href=\"https:\/\/web.umons.ac.be\/fpms\/fr\/training\/ba-ircivi\/\" class=\"training-link scheme-border-hover\">\n\t\t<header class=\"training-small-header\">\n\t\t\t<div class=\"training-small-entity scheme-color\">\n\t\t\t\tFacult\u00e9 \/ FPMS\t\t\t\t\t           \t<img decoding=\"async\" src=\"https:\/\/web.umons.ac.be\/app\/uploads\/sites\/6\/2017\/05\/POLYTECH.png\" class=\"training-small-entity-logo\" alt=\"Ic\u00f4ne de Facult\u00e9 \/ FPMS\">\n\t        \t\t\t\t<\/div>\n\t\t\t<div class=\"training-small-degree\">\n\t\t\t\tBachelier en\t\t\t<\/div>\n\n\t\t\t<h1 class=\"training-small-title\">Sciences de l'ing\u00e9nieur<\/h1>\n\n\t\t\t\t\t\t<div class=\"training-small-subtitle\">\n\t\t\t\t<strong>Orientation ing\u00e9nieur civil<\/strong>\n\t\t\t<\/div>\n\t\t\t\t\t<\/header>\n\t\t\t\t<div class=\"training-small-content\">\n\t\t\t<div class=\"training-small-location\">\n\t\t\t\t<span class=\"icon umons-icon-pin\" aria-hidden=\"true\"><\/span>\n\t\t\t\t<span class=\"location\">Mons<\/span>\n\t\t\t<\/div>\n\n\t\t\t\t\t\t<div class=\"training-small-side-info\">\n\t\t\t\t<ul class=\"training-small-side-info-list\">\n\t\t\t\t\t\t\t\t\t\t<li>\n\t\t\t\t\t\t<div class=\"training-single-schedule\">\n\t\t\t\t\t\t\t<div class=\"label\">Horaire<\/div>\n\t\t\t\t\t\t\t<div class=\"value\">Horaire de jour<\/div>\n\t\t\t\t\t\t<\/div>\n\t\t\t\t\t<\/li>\n\t\t\t\t\t\t\t\t\t\t\t\t\t\t\t<li>\n\t\t\t\t\t\t<div class=\"training-single-credits\">\n\t\t\t\t\t\t\t<div class=\"label\">Cr\u00e9dits ECTS<\/div>\n\t\t\t\t\t\t\t<div class=\"value\">180<\/div>\n\t\t\t\t\t\t<\/div>\n\t\t\t\t\t<\/li>\n\t\t\t\t\t\t\t\t\t\t\t\t\t\t\t<li>\n\t\t\t\t\t\t<div class=\"training-single-languages\">\n\t\t\t\t\t\t\t<div class=\"label\">Langue<\/div>\n\t\t\t\t\t\t\t<div class=\"value\">\n\t\t\t\t\t\t\t\t<span class=\"lang\">Fran\u00e7ais<\/span>\n\t\t\t\t\t\t\t<\/div>\n\t\t\t\t\t\t<\/div>\n\t\t\t\t\t<\/li>\n\t\t\t\t\t\t\t\t\t<\/ul>\n\t\t\t<\/div>\n\t\t\t\t\t<\/div>\n\t\t\t<\/a>\n<\/article>\n<end-cask-shortcode-wrapper>\n<hr \/>\n<h2>Compl\u00e9ments de technologie des fabrications m\u00e9caniques<\/h2>\n<p>Compl\u00e9ments de techniques de mise en \u0153uvre par fonderie, formage, usinage et soudage pour les mat\u00e9riaux m\u00e9talliques. Bases pour les polym\u00e8res et les composites.<\/p>\n<p><em><strong>Titulaire: Fran\u00e7ois DUCOBU<\/strong><\/em><br \/>\n<em><strong>Co-titulaire:\u00a0Edouard RIVIERE LORPHEVRE<\/strong><\/em><\/p>\n<hr \/>\n<h2>Construction des machines<\/h2>\n<p>R\u00e9sistance des organes m\u00e9caniques; contact entre solides: tribologie; liaisons compl\u00e8tes (emmanchements, \u00e9l\u00e9ments filet\u00e9s) et partielles; guidages en rotation : paliers lisses, paliers hydrodynamiques, paliers \u00e0 roulements; guidages en translation; guidage h\u00e9lico\u00efdal; syst\u00e8mes d&rsquo;\u00e9tanch\u00e9it\u00e9; lecture de plans; fatigue volumique; loi de W\u00f6hler; influence de la contrainte moyenne; loi de Miner; ressorts.<\/p>\n<p><em><strong>Titulaire: Pierre DEHOMBREUX<\/strong><\/em><br \/>\n<em><strong>Assistant:\u00a0Christophe CHARIOT<\/strong><\/em><br \/>\n<em><strong>Assistant:\u00a0Anthonin DEMARBAIX<\/strong><\/em><br \/>\n<em><strong>Assistant:\u00a0Fran\u00e7ois DUCOBU<\/strong><\/em><br \/>\n<em><strong>Assistant:\u00a0Cl\u00e9ment DUTOIT<\/strong><\/em><br \/>\n<em><strong>Assistant:\u00a0Lucas EQUETER<\/strong><\/em><br \/>\n<em><strong>Assistant:\u00a0Edouard RIVIERE LORPHEVRE<\/strong><\/em><\/p>\n<hr \/>\n<h2>Construction des machines et proc\u00e9d\u00e9s de fabrication<\/h2>\n<p>Notions de dessin technique; proc\u00e9d\u00e9s de mise en forme \u00e0 l&rsquo;\u00e9tat liquide, \u00e0 l&rsquo;\u00e9tat solide, par enl\u00e8vement de mati\u00e8re; proc\u00e9d\u00e9s d&rsquo;assemblage par soudage et par \u00e9l\u00e9ments filet\u00e9s; modes de d\u00e9faillance des \u00e9l\u00e9ments de machine; principes de transmission d\u2019un couple; guidage en rotation; syst\u00e8mes d\u2019\u00e9tanch\u00e9it\u00e9.<\/p>\n<p><em><strong>Titulaire: Edouard RIVIERE LORPHEVRE<\/strong><\/em><br \/>\n<em><strong>Co-titulaire:\u00a0Pierre DEHOMBREUX<\/strong><\/em><br \/>\n<em><strong>Co-titulaire:\u00a0Fran\u00e7ois DUCOBU<\/strong><\/em><\/p>\n<hr \/>\n<h2>Construction des machines: transmissions m\u00e9caniques de puissance<\/h2>\n<p>Transmission positive et non positive : rapport de transmission, rendement; courroies; cha\u00eenes; g\u00e9om\u00e9trie des dentures en d\u00e9veloppante de cercle; caract\u00e9ristiques de fonctionnement de l&rsquo;engrenage cylindrique (rapport de conduite); efforts sur dentures; dimensionnement. En fonction du temps disponible :\u00a0\u00e9tude cin\u00e9matique et classification des trains d&rsquo;engrenages, accouplements, engrenages coniques et gauches.<\/p>\n<p><strong><em>Titulaire: Pierre DEHOMBREUX<\/em><\/strong><br \/>\n<strong><em>Co-titulaire:\u00a0Fran\u00e7ois DUCOBU<\/em><\/strong><br \/>\n<strong><em>Co-titulaire:\u00a0Edouard RIVIERE LORPHEVRE<\/em><\/strong><br \/>\n<strong><em>Assistant:\u00a0Lorenzo COLANTONIO<\/em><\/strong><br \/>\n<strong><em>Assistant:\u00a0Cl\u00e9ment DUTOIT<\/em><\/strong><br \/>\n<strong><em>Assistant:\u00a0Lucas EQUETER<\/em><\/strong><br \/>\n<strong><em>Assistant:\u00a0Laurent SPITAELS<\/em><\/strong><\/p>\n<hr \/>\n<h2>Dessin technique, m\u00e9trologie dimensionnelle et CAO<\/h2>\n<p>Dessin technique; vues; coupes; sections; \u00e9l\u00e9ments filet\u00e9s; tol\u00e9rances dimensionnelles; cotation; cotation fonctionnelle, nomenclatures; m\u00e9trologie dimensionnelle; incertitude de mesure; tol\u00e9rances g\u00e9om\u00e9triques; tol\u00e9rancement de base (ind\u00e9pendance et maximum de mati\u00e8re); moyens et \u00e9quipements de mesure; principes et m\u00e9thodes de v\u00e9rification des tol\u00e9rances.<\/p>\n<p><em><strong>Titulaire: Edouard RIVIERE LORPHEVRE<\/strong><\/em><br \/>\n<em><strong>Co-titulaire:\u00a0Pierre DEHOMBREUX<\/strong><\/em><br \/>\n<em><strong>Co-titulaire:\u00a0Fran\u00e7ois DUCOBU<\/strong><\/em><br \/>\n<em><strong>Assistant:\u00a0Lorenzo COLANTONIO<\/strong><\/em><br \/>\n<em><strong>Assistant:\u00a0Anthonin DEMARBAIX<\/strong><\/em><br \/>\n<em><strong>Assistant:\u00a0Cl\u00e9ment DUTOIT<\/strong><\/em><br \/>\n<em><strong>Assistant:\u00a0Lucas EQUETER<\/strong><\/em><br \/>\n<em><strong>Assistant:\u00a0Nithyaraaj KUGALUR PALANISAMY<\/strong><\/em><br \/>\n<em><strong>Assistant:\u00a0C\u00e9dric LEROY<\/strong><\/em><br \/>\n<em><strong>Assistant:\u00a0Laurent SPITAELS<\/strong><\/em><\/p>\n<hr \/>\n<h2>Fabrication Additive et r\u00e8gles de conception<\/h2>\n<p>Cette AA est consacr\u00e9e \u00e0 la conception de pi\u00e8ces tridimensionnelles en prenant en compte leur fabrication par une technique de fabrication additive. Les diff\u00e9rents types de mat\u00e9riaux pouvant \u00eatre imprim\u00e9s en 3D sont tout d&rsquo;abord pr\u00e9sent\u00e9s en se focalisant sur leurs propri\u00e9t\u00e9s m\u00e9caniques. Les principales techniques de fabrication additive sont ensuite abord\u00e9es en lien avec les mat\u00e9riaux pouvant \u00eatre utilis\u00e9s, de mani\u00e8re \u00e0 pouvoir choisir la technique et le mat\u00e9riau les plus appropri\u00e9s pour l&rsquo;application vis\u00e9e. Les r\u00e8gles de conception pour la fabrication additive sont finalement abord\u00e9es et appliqu\u00e9es \u00e0 l&rsquo;impression de pi\u00e8ces en polym\u00e8re. L&rsquo;utilisation d&rsquo;un logiciel de Conception Assist\u00e9e par Ordinateur, d&rsquo;une imprimante 3D et de moyens de tests des propri\u00e9t\u00e9s m\u00e9caniques des pi\u00e8ces fabriqu\u00e9es est incluse.<\/p>\n<p><em><strong>Titulaire: Fran\u00e7ois DUCOBU<\/strong><\/em><br \/>\n<em><strong>Co-titulaire:\u00a0J\u00e9r\u00e9my ODENT<\/strong><\/em><br \/>\n<em><strong>Co-titulaire:\u00a0Edouard RIVIERE LORPHEVRE<\/strong><\/em><br \/>\n<em><strong>Assistant:\u00a0Anthonin DEMARBAIX<\/strong><\/em><br \/>\n<em><strong>Assistant:\u00a0Laurent SPITAELS<\/strong><\/em><\/p>\n<hr \/>\n<h2>Fiabilit\u00e9, maintenance, qualit\u00e9<\/h2>\n<p>&#8211;<br \/>\n<em><strong>Titulaire:\u00a0Pierre DEHOMBREUX<\/strong><\/em><br \/>\n<em><strong>Assistant:\u00a0Lorenzo COLANTONIO<\/strong><\/em><br \/>\n<em><strong>Assistant:\u00a0Cl\u00e9ment DUTOIT<\/strong><\/em><br \/>\n<em><strong>Assistant:\u00a0Lucas EQUETER<\/strong><\/em><\/p>\n<hr \/>\n<h2>G\u00e9om\u00e9tries et communication graphique<\/h2>\n<p><em><strong>Titulaire:\u00a0Edouard RIVIERE LORPHEVRE<\/strong><\/em><br \/>\n<em><strong>Enseignant:\u00a0Abdullah OZCAN<\/strong><\/em><br \/>\n<em><strong>Assistant:\u00a0David WATTIAUX<\/strong><\/em><\/p>\n<hr \/>\n<h2>G\u00e9om\u00e9tries, communication graphique et infographie<\/h2>\n<p>G\u00e9om\u00e9trie descriptive (projections cylindriques, axonom\u00e9trie, projections centrales appliqu\u00e9es aux espaces 2D et 3D y compris la repr\u00e9sentation des corps ronds et applications aux plans industriels); g\u00e9om\u00e9tries analytique, vectorielle et diff\u00e9rentielle des lignes et surfaces; bases de l&rsquo;algorithmique infographique et de la programmation graphique.<\/p>\n<p><em><strong>Titulaire: Edouard RIVIERE LORPHEVRE<\/strong><\/em><br \/>\n<em><strong>Assistant:\u00a0Chiara FUCELLI<\/strong><\/em><br \/>\n<em><strong>Assistant:\u00a0C\u00e9dric LEROY<\/strong><\/em><br \/>\n<em><strong>Assistant:\u00a0Laurent SPITAELS<\/strong><\/em><br \/>\n<em><strong>Assistant:\u00a0David WATTIAUX<\/strong><\/em><\/p>\n<hr \/>\n<h2>Organisation des unit\u00e9s de production m\u00e9canique et Excellence op\u00e9rationnelle<\/h2>\n<p>Syst\u00e8mes de production (production unitaire, production par lots, production en grande s\u00e9rie et production continue).<br \/>\nGestion de production traditionnelle (gestion des donn\u00e9es techniques, planification de la production, lancement et suivi d&rsquo;atelier, concepts et techniques d&rsquo;implantation d&rsquo;atelier, co\u00fbts de production).<br \/>\nExcellence op\u00e9rationnelle\u00a0: logique, d\u00e9marches et outils du \u00ab\u00a0Lean Manufacturing\u00a0\u00bb; les fondations du Lean (management visuel, standardisation et stabilit\u00e9 des flux), production juste \u00e0 temps (takt time, flux tir\u00e9s, \u2026), Jidoka (qualit\u00e9 sur chaque poste, autonomation, \u2026), dynamique de progr\u00e8s (implication du personnel, Kaizen, gaspillages Mudas), outils de l\u2019excellence op\u00e9rationnelle\u00a0: 5S, Genchi Genbutsu, VSM (Value Stream Mapping), SMED, rapport A3, Maintenance totale, Kanban, \u2026 Mod\u00e9lisation des flux de production et simulation \u00e0 \u00e9v\u00e8nements discrets.<\/p>\n<p><em><strong>Titulaire: Enrico FILIPPI<\/strong><\/em><br \/>\n<em><strong>Co-titulaire:\u00a0Edouard RIVIERE LORPHEVRE<\/strong><\/em><br \/>\n<em><strong>Assistant:\u00a0Anthonin DEMARBAIX<\/strong><\/em><br \/>\n<em><strong>Assistant:\u00a0Cl\u00e9ment DUTOIT<\/strong><\/em><br \/>\n<em><strong>Assistant:\u00a0Lucas EQUETER<\/strong><\/em><\/p>\n<hr \/>\n<h2>Proc\u00e9d\u00e9s de fabrication avanc\u00e9s et conception pour la fabrication<\/h2>\n<p>Proc\u00e9d\u00e9s de mise en forme des mat\u00e9riaux polym\u00e8res; proc\u00e9d\u00e9s de mise en forme des composites \u00e0 matrice organique; m\u00e9tallurgie des poudres; proc\u00e9d\u00e9s d&rsquo;usinage non traditionnels (\u00e9lectro\u00e9rosion, usinage \u00e9lectrochimique, usinage chimique), collage structural; proc\u00e9d\u00e9s de mise en forme par addition de mati\u00e8re (prototypage rapide); proc\u00e9d\u00e9s d&rsquo;usinage \u00e0 grande vitesse; commande num\u00e9rique des machines-outils; traitements et rev\u00eatements de surface.<\/p>\n<p><em><strong>Titulaire: Fran\u00e7ois DUCOBU<\/strong><\/em><br \/>\n<em><strong>Co-titulaire:\u00a0Edouard RIVIERE LORPHEVRE<\/strong><\/em><br \/>\n<em><strong>Assistant:\u00a0Laurent SPITAELS<\/strong><\/em><\/p>\n<hr \/>\n<h2>Proc\u00e9d\u00e9s de fabrication pour les polym\u00e8res et les composites \u00e0 matrice organique<\/h2>\n<p>Proc\u00e9d\u00e9s de mise en forme des mat\u00e9riaux polym\u00e8res. Proc\u00e9d\u00e9s de mise en forme des composites \u00e0 matrice organique. Fabrication additive.<\/p>\n<p><em><strong>Titulaire: Fran\u00e7ois DUCOBU<\/strong><\/em><br \/>\n<em><strong>Co-titulaire:\u00a0Edouard RIVIERE LORPHEVRE<\/strong><\/em><\/p>\n<hr \/>\n<h2>Projets de construction des machines<\/h2>\n<p>Il s&rsquo;agit d&rsquo;un exercice individuel cons\u00e9quent de synth\u00e8se des enseignements de dessin, de technologie des fabrications m\u00e9caniques et de construction des machines, pr\u00e9alable au projet original de m\u00e9canique en g\u00e9nie m\u00e9canique.<\/p>\n<p>Le cahier des charges est variable pour chaque \u00e9tudiant, chaque ann\u00e9e.<\/p>\n<p><em><strong>Titulaire: Pierre DEHOMBREUX<\/strong><\/em><br \/>\n<em><strong>Co-titulaire:\u00a0Fran\u00e7ois DUCOBU<\/strong><\/em><br \/>\n<em><strong>Co-titulaire:\u00a0Edouard RIVIERE LORPHEVRE<\/strong><\/em><br \/>\n<em><strong>Enseignant:\u00a0Lorenzo COLANTONIO<\/strong><\/em><br \/>\n<em><strong>Enseignant:\u00a0Cl\u00e9ment DUTOIT<\/strong><\/em><br \/>\n<em><strong>Assistant:\u00a0Lionel DUPONT<\/strong><\/em><br \/>\n<em><strong>Assistant:\u00a0Pierre DUPONT<\/strong><\/em><br \/>\n<em><strong>Assistant:\u00a0Lucas EQUETER<\/strong><\/em><br \/>\n<em><strong>Assistant:\u00a0Nithyaraaj KUGALUR PALANISAMY<\/strong><\/em><br \/>\n<em><strong>Assistant:\u00a0Laurent SPITAELS<\/strong><\/em><\/p>\n<hr \/>\n<h2>Technologie des fabrications m\u00e9caniques<\/h2>\n<p>Propri\u00e9t\u00e9s de mise en \u0153uvre des m\u00e9taux par fonderie, formage, usinage et soudage.\u00a0 Techniques de mise en forme \u00e0 l&rsquo;\u00e9tat liquide (fonderie \u2013 moulage permanent et non-permanent). Techniques de mise en forme \u00e0 l&rsquo;\u00e9tat solide (laminage, filage, \u00e9tirage, forgeage \u00e0 chaud et \u00e0 froid). Techniques de mise en forme des m\u00e9taux en feuilles (cisaillage, poin\u00e7onnage, sciage, d\u00e9coupe jet d\u2019eau, oxycoupage, d\u00e9coupe laser, d\u00e9coupe plasma, emboutissage). Techniques de mise en forme par enl\u00e8vement de mati\u00e8re (notions fondamentales d&rsquo;usinage, outils de coupe, tournage, al\u00e9sage, per\u00e7age, fraisage, rectification). Techniques d&rsquo;assemblages par soudage et par brasage.<\/p>\n<p><em><strong>Titulaire: Fran\u00e7ois DUCOBU<\/strong><\/em><br \/>\n<em><strong>Co-titulaire:\u00a0Edouard RIVIERE LORPHEVRE<\/strong><\/em><\/p>\n<hr \/>\n<h2>Topographie<\/h2>\n<p>Nivellement de pr\u00e9cision; canevas polygonaux ouverts ou ferm\u00e9s, interpr\u00e9tation par coordonn\u00e9es homog\u00e8nes; lev\u00e9s par intersection, rel\u00e8vement ou multilat\u00e9ration avec mesures surabondantes (r\u00e9solution par moindres carr\u00e9s ou graphique avec plages de sensibilit\u00e9); applications aux b\u00e2timents, aux travaux publics et aux mines souterraines; notions de photogramm\u00e9trie.<\/p>\n<p><em><strong>Titulaire: Edouard RIVIERE LORPHEVRE<\/strong><\/em><br \/>\n<em><strong>Assistant:\u00a0Laurent SPITAELS<\/strong><\/em><\/p>\n<hr \/>\n<h2>Virtual Manufacturing<\/h2>\n<p>Utilisation des mod\u00e8les aux \u00e9l\u00e9ments finis pour la simulation des proc\u00e9d\u00e9s de fabrication: \u00e9l\u00e9ments finis non-lin\u00e9aires, lois de comportement des mat\u00e9riaux pour la mod\u00e9lisation des proc\u00e9d\u00e9s de fabrication, mod\u00e9lisation de l&rsquo;endommagement.<br \/>\nApplication \u00e0 diff\u00e9rentes techniques de fabrication: mise en forme \u00e0 l&rsquo;\u00e9tat solide et usinage par enl\u00e8vement de copeaux.<br \/>\nLogiciels (g\u00e9n\u00e9raux et d\u00e9dicac\u00e9s) utilis\u00e9s pour la mod\u00e9lisation des proc\u00e9d\u00e9s de fabrication.<br \/>\nAutres m\u00e9thodes pour mod\u00e9liser les proc\u00e9d\u00e9s d&rsquo;usinage et applications: m\u00e9thodes avec maillage (ALE, CEL), m\u00e9thodes sans maillage, approche\u00a0m\u00e9canistique\u00a0et simulation macroscopique.<\/p>\n<p>Le cours est en lien \u00e9troit avec l&rsquo;\u00e9tat de l&rsquo;art auquel le service de G\u00e9nie M\u00e9canique contribue par ses recherches dans le domaine.<\/p>\n<p><em><strong>Titulaire: Fran\u00e7ois DUCOBU<\/strong><\/em><br \/>\n<em><strong>Co-titulaire:\u00a0Edouard RIVIERE LORPHEVRE<\/strong><\/em><br \/>\n<em><strong>Assistant:\u00a0Nithyaraaj KUGALUR PALANISAMY<\/strong><\/em><\/p>\n","protected":false},"excerpt":{"rendered":"<p>G\u00e9nie m\u00e9canique R\u00e9aliser les plans d&rsquo;une pi\u00e8ce m\u00e9canique ou d&rsquo;un assemblage en respectant les r\u00e8gles du dessin technique. Coter et tol\u00e9rancer le plan de fabrication d&rsquo;une pi\u00e8ce. Utiliser un logiciel de CAO (Solid Works) pour concevoir un mod\u00e8le 3D, r\u00e9aliser des assemblages et g\u00e9n\u00e9rer des plans 2D. D\u00e9finir et mettre en oeuvre des techniques qui [&hellip;]<\/p>\n","protected":false},"author":2,"featured_media":0,"parent":0,"menu_order":0,"comment_status":"closed","ping_status":"closed","template":"","meta":{"footnotes":""},"class_list":["post-11","page","type-page","status-publish","hentry"],"yoast_head":"<!-- This site is optimized with the Yoast SEO plugin v27.2 - https:\/\/yoast.com\/product\/yoast-seo-wordpress\/ -->\n<title>Activit\u00e9s d&#039;enseignement - Service \/ FPMS - G\u00e9nie m\u00e9canique<\/title>\n<meta name=\"robots\" content=\"index, follow, max-snippet:-1, max-image-preview:large, max-video-preview:-1\" \/>\n<link rel=\"canonical\" href=\"https:\/\/web.umons.ac.be\/gmec\/activites-denseignement\/\" \/>\n<meta property=\"og:locale\" content=\"fr_FR\" \/>\n<meta property=\"og:type\" content=\"article\" \/>\n<meta property=\"og:title\" content=\"Activit\u00e9s d&#039;enseignement - Service \/ FPMS - G\u00e9nie m\u00e9canique\" \/>\n<meta property=\"og:description\" content=\"G\u00e9nie m\u00e9canique R\u00e9aliser les plans d&rsquo;une pi\u00e8ce m\u00e9canique ou d&rsquo;un assemblage en respectant les r\u00e8gles du dessin technique. Coter et tol\u00e9rancer le plan de fabrication d&rsquo;une pi\u00e8ce. Utiliser un logiciel de CAO (Solid Works) pour concevoir un mod\u00e8le 3D, r\u00e9aliser des assemblages et g\u00e9n\u00e9rer des plans 2D. D\u00e9finir et mettre en oeuvre des techniques qui [&hellip;]\" \/>\n<meta property=\"og:url\" content=\"https:\/\/web.umons.ac.be\/gmec\/activites-denseignement\/\" \/>\n<meta property=\"og:site_name\" content=\"Service \/ FPMS - G\u00e9nie m\u00e9canique\" \/>\n<meta property=\"article:modified_time\" content=\"2021-10-29T15:31:21+00:00\" \/>\n<meta name=\"twitter:card\" content=\"summary_large_image\" \/>\n<meta name=\"twitter:label1\" content=\"Dur\u00e9e de lecture estim\u00e9e\" \/>\n\t<meta name=\"twitter:data1\" content=\"7 minutes\" \/>\n<script type=\"application\/ld+json\" class=\"yoast-schema-graph\">{\"@context\":\"https:\/\/schema.org\",\"@graph\":[{\"@type\":\"WebPage\",\"@id\":\"https:\/\/web.umons.ac.be\/gmec\/activites-denseignement\/\",\"url\":\"https:\/\/web.umons.ac.be\/gmec\/activites-denseignement\/\",\"name\":\"Activit\u00e9s d'enseignement - Service \/ FPMS - G\u00e9nie m\u00e9canique\",\"isPartOf\":{\"@id\":\"https:\/\/web.umons.ac.be\/gmec\/#website\"},\"datePublished\":\"2021-10-29T05:39:05+00:00\",\"dateModified\":\"2021-10-29T15:31:21+00:00\",\"breadcrumb\":{\"@id\":\"https:\/\/web.umons.ac.be\/gmec\/activites-denseignement\/#breadcrumb\"},\"inLanguage\":\"fr-FR\",\"potentialAction\":[{\"@type\":\"ReadAction\",\"target\":[\"https:\/\/web.umons.ac.be\/gmec\/activites-denseignement\/\"]}]},{\"@type\":\"BreadcrumbList\",\"@id\":\"https:\/\/web.umons.ac.be\/gmec\/activites-denseignement\/#breadcrumb\",\"itemListElement\":[{\"@type\":\"ListItem\",\"position\":1,\"name\":\"Home\",\"item\":\"https:\/\/web.umons.ac.be\/gmec\/\"},{\"@type\":\"ListItem\",\"position\":2,\"name\":\"Activit\u00e9s d&rsquo;enseignement\"}]},{\"@type\":\"WebSite\",\"@id\":\"https:\/\/web.umons.ac.be\/gmec\/#website\",\"url\":\"https:\/\/web.umons.ac.be\/gmec\/\",\"name\":\"Service \/ FPMS - G\u00e9nie m\u00e9canique\",\"description\":\"\",\"potentialAction\":[{\"@type\":\"SearchAction\",\"target\":{\"@type\":\"EntryPoint\",\"urlTemplate\":\"https:\/\/web.umons.ac.be\/gmec\/?s={search_term_string}\"},\"query-input\":{\"@type\":\"PropertyValueSpecification\",\"valueRequired\":true,\"valueName\":\"search_term_string\"}}],\"inLanguage\":\"fr-FR\"}]}<\/script>\n<!-- \/ Yoast SEO plugin. -->","yoast_head_json":{"title":"Activit\u00e9s d'enseignement - Service \/ FPMS - G\u00e9nie m\u00e9canique","robots":{"index":"index","follow":"follow","max-snippet":"max-snippet:-1","max-image-preview":"max-image-preview:large","max-video-preview":"max-video-preview:-1"},"canonical":"https:\/\/web.umons.ac.be\/gmec\/activites-denseignement\/","og_locale":"fr_FR","og_type":"article","og_title":"Activit\u00e9s d'enseignement - Service \/ FPMS - G\u00e9nie m\u00e9canique","og_description":"G\u00e9nie m\u00e9canique R\u00e9aliser les plans d&rsquo;une pi\u00e8ce m\u00e9canique ou d&rsquo;un assemblage en respectant les r\u00e8gles du dessin technique. Coter et tol\u00e9rancer le plan de fabrication d&rsquo;une pi\u00e8ce. Utiliser un logiciel de CAO (Solid Works) pour concevoir un mod\u00e8le 3D, r\u00e9aliser des assemblages et g\u00e9n\u00e9rer des plans 2D. D\u00e9finir et mettre en oeuvre des techniques qui [&hellip;]","og_url":"https:\/\/web.umons.ac.be\/gmec\/activites-denseignement\/","og_site_name":"Service \/ FPMS - G\u00e9nie m\u00e9canique","article_modified_time":"2021-10-29T15:31:21+00:00","twitter_card":"summary_large_image","twitter_misc":{"Dur\u00e9e de lecture estim\u00e9e":"7 minutes"},"schema":{"@context":"https:\/\/schema.org","@graph":[{"@type":"WebPage","@id":"https:\/\/web.umons.ac.be\/gmec\/activites-denseignement\/","url":"https:\/\/web.umons.ac.be\/gmec\/activites-denseignement\/","name":"Activit\u00e9s d'enseignement - Service \/ FPMS - G\u00e9nie m\u00e9canique","isPartOf":{"@id":"https:\/\/web.umons.ac.be\/gmec\/#website"},"datePublished":"2021-10-29T05:39:05+00:00","dateModified":"2021-10-29T15:31:21+00:00","breadcrumb":{"@id":"https:\/\/web.umons.ac.be\/gmec\/activites-denseignement\/#breadcrumb"},"inLanguage":"fr-FR","potentialAction":[{"@type":"ReadAction","target":["https:\/\/web.umons.ac.be\/gmec\/activites-denseignement\/"]}]},{"@type":"BreadcrumbList","@id":"https:\/\/web.umons.ac.be\/gmec\/activites-denseignement\/#breadcrumb","itemListElement":[{"@type":"ListItem","position":1,"name":"Home","item":"https:\/\/web.umons.ac.be\/gmec\/"},{"@type":"ListItem","position":2,"name":"Activit\u00e9s d&rsquo;enseignement"}]},{"@type":"WebSite","@id":"https:\/\/web.umons.ac.be\/gmec\/#website","url":"https:\/\/web.umons.ac.be\/gmec\/","name":"Service \/ FPMS - G\u00e9nie m\u00e9canique","description":"","potentialAction":[{"@type":"SearchAction","target":{"@type":"EntryPoint","urlTemplate":"https:\/\/web.umons.ac.be\/gmec\/?s={search_term_string}"},"query-input":{"@type":"PropertyValueSpecification","valueRequired":true,"valueName":"search_term_string"}}],"inLanguage":"fr-FR"}]}},"lang":"fr","translations":{"fr":11,"en":13},"pll_sync_post":[],"_links":{"self":[{"href":"https:\/\/web.umons.ac.be\/gmec\/wp-json\/wp\/v2\/pages\/11","targetHints":{"allow":["GET"]}}],"collection":[{"href":"https:\/\/web.umons.ac.be\/gmec\/wp-json\/wp\/v2\/pages"}],"about":[{"href":"https:\/\/web.umons.ac.be\/gmec\/wp-json\/wp\/v2\/types\/page"}],"author":[{"embeddable":true,"href":"https:\/\/web.umons.ac.be\/gmec\/wp-json\/wp\/v2\/users\/2"}],"replies":[{"embeddable":true,"href":"https:\/\/web.umons.ac.be\/gmec\/wp-json\/wp\/v2\/comments?post=11"}],"version-history":[{"count":4,"href":"https:\/\/web.umons.ac.be\/gmec\/wp-json\/wp\/v2\/pages\/11\/revisions"}],"predecessor-version":[{"id":119,"href":"https:\/\/web.umons.ac.be\/gmec\/wp-json\/wp\/v2\/pages\/11\/revisions\/119"}],"wp:attachment":[{"href":"https:\/\/web.umons.ac.be\/gmec\/wp-json\/wp\/v2\/media?parent=11"}],"curies":[{"name":"wp","href":"https:\/\/api.w.org\/{rel}","templated":true}]}}