{"id":15,"date":"2021-10-29T07:39:06","date_gmt":"2021-10-29T05:39:06","guid":{"rendered":"https:\/\/web.umons.ac.be\/gmec\/activites-de-recherche\/"},"modified":"2021-11-03T13:33:12","modified_gmt":"2021-11-03T12:33:12","slug":"activites-de-recherche","status":"publish","type":"page","link":"https:\/\/web.umons.ac.be\/gmec\/activites-de-recherche\/","title":{"rendered":"Activit\u00e9s de recherche"},"content":{"rendered":"<p>Les activit\u00e9s de recherche sont centr\u00e9es sur les mod\u00e9lisations et exp\u00e9rimentations en technologie des fabrications (usinage conventionnel et robotis\u00e9, fabrication additive; mat\u00e9riaux m\u00e9talliques, polym\u00e8res, composites, c\u00e9ramiques), la conception m\u00e9canique et la maintenance 4.0.<\/p>\n<p>Le service h\u00e9berge le laboratoire de prototypage GMAKE ouvert aux membres de l&rsquo;UMONS et \u00e0 nos partenaires.<\/p>\n<p>Le service est particuli\u00e8rement r\u00e9ceptif aux probl\u00e9matiques industrielles et peut proposer diff\u00e9rentes formes de collaborations (expertises, projets de conception, travaux de fin d&rsquo;\u00e9tudes, stages encadr\u00e9s, th\u00e8ses de doctorat, projets de recherche)<\/p>\n<hr \/>\n<p>Notre service est, par ailleurs rattach\u00e9 \u00e0 un institut de recherche de l\u2019UMONS :<\/p>\n<start-cask-shortcode-wrapper>\t\t<div class=\"associated-institutes content-block scheme-fpms\">\n\t\t\t<ul class=\"institutes-list\">\n\t\t\t\t\t\t\t\t\t\t<li>\n\t\t\t\t\t\t\t<a href=\"https:\/\/web.umons.ac.be\/materiaux\" title=\"Acc\u00e9der au site web de : Institut \/ Mat\u00e9riaux\" class=\"associated-institute\">\n\t\t\t\t\t\t\t\t<img loading=\"lazy\" decoding=\"async\" width=\"1\" height=\"1\" src=\"https:\/\/web.umons.ac.be\/app\/uploads\/sites\/38\/2017\/12\/materiaux_logo_fr.svg\" class=\"attachment-thumbnail size-thumbnail\" alt=\"\" \/>\t\t\t\t\t\t\t<\/a>\t\t\t\n\t\t\t\t\t\t<\/li>\n\t\t\t\t\t\t\t\t\t\t<li>\n\t\t\t\t\t\t\t<a href=\"https:\/\/web.umons.ac.be\/risques\" title=\"Acc\u00e9der au site web de : Institut \/ Risques\" class=\"associated-institute\">\n\t\t\t\t\t\t\t\t<img loading=\"lazy\" decoding=\"async\" width=\"1\" height=\"1\" src=\"https:\/\/web.umons.ac.be\/app\/uploads\/sites\/36\/2017\/12\/risques_logo_fr.svg\" class=\"attachment-thumbnail size-thumbnail\" alt=\"\" \/>\t\t\t\t\t\t\t<\/a>\t\t\t\n\t\t\t\t\t\t<\/li>\n\t\t\t\t\t\t\t<\/ul>\n\t\t<\/div>\n <end-cask-shortcode-wrapper>\n","protected":false},"excerpt":{"rendered":"<p>Les activit\u00e9s de recherche sont centr\u00e9es sur les mod\u00e9lisations et exp\u00e9rimentations en technologie des fabrications (usinage conventionnel et robotis\u00e9, fabrication additive; mat\u00e9riaux m\u00e9talliques, polym\u00e8res, composites, c\u00e9ramiques), la conception m\u00e9canique et la maintenance 4.0. Le service h\u00e9berge le laboratoire de prototypage GMAKE ouvert aux membres de l&rsquo;UMONS et \u00e0 nos partenaires. Le service est particuli\u00e8rement r\u00e9ceptif [&hellip;]<\/p>\n","protected":false},"author":2,"featured_media":0,"parent":0,"menu_order":0,"comment_status":"closed","ping_status":"closed","template":"","meta":{"footnotes":""},"class_list":["post-15","page","type-page","status-publish","hentry"],"yoast_head":"<!-- This site is optimized with the Yoast SEO plugin v27.2 - https:\/\/yoast.com\/product\/yoast-seo-wordpress\/ -->\n<title>Activit\u00e9s de recherche - Service \/ FPMS - G\u00e9nie m\u00e9canique<\/title>\n<meta name=\"robots\" content=\"index, follow, max-snippet:-1, max-image-preview:large, max-video-preview:-1\" \/>\n<link rel=\"canonical\" href=\"https:\/\/web.umons.ac.be\/gmec\/activites-de-recherche\/\" \/>\n<meta property=\"og:locale\" content=\"fr_FR\" \/>\n<meta property=\"og:type\" content=\"article\" \/>\n<meta property=\"og:title\" content=\"Activit\u00e9s de recherche - Service \/ FPMS - G\u00e9nie m\u00e9canique\" \/>\n<meta property=\"og:description\" content=\"Les activit\u00e9s de recherche sont centr\u00e9es sur les mod\u00e9lisations et exp\u00e9rimentations en technologie des fabrications (usinage conventionnel et robotis\u00e9, fabrication additive; mat\u00e9riaux m\u00e9talliques, polym\u00e8res, composites, c\u00e9ramiques), la conception m\u00e9canique et la maintenance 4.0. Le service h\u00e9berge le laboratoire de prototypage GMAKE ouvert aux membres de l&rsquo;UMONS et \u00e0 nos partenaires. Le service est particuli\u00e8rement r\u00e9ceptif [&hellip;]\" \/>\n<meta property=\"og:url\" content=\"https:\/\/web.umons.ac.be\/gmec\/activites-de-recherche\/\" \/>\n<meta property=\"og:site_name\" content=\"Service \/ FPMS - G\u00e9nie m\u00e9canique\" \/>\n<meta property=\"article:modified_time\" content=\"2021-11-03T12:33:12+00:00\" \/>\n<meta name=\"twitter:card\" content=\"summary_large_image\" \/>\n<meta name=\"twitter:label1\" content=\"Dur\u00e9e de lecture estim\u00e9e\" \/>\n\t<meta name=\"twitter:data1\" content=\"1 minute\" \/>\n<script type=\"application\/ld+json\" class=\"yoast-schema-graph\">{\"@context\":\"https:\/\/schema.org\",\"@graph\":[{\"@type\":\"WebPage\",\"@id\":\"https:\/\/web.umons.ac.be\/gmec\/activites-de-recherche\/\",\"url\":\"https:\/\/web.umons.ac.be\/gmec\/activites-de-recherche\/\",\"name\":\"Activit\u00e9s de recherche - Service \/ FPMS - G\u00e9nie m\u00e9canique\",\"isPartOf\":{\"@id\":\"https:\/\/web.umons.ac.be\/gmec\/#website\"},\"datePublished\":\"2021-10-29T05:39:06+00:00\",\"dateModified\":\"2021-11-03T12:33:12+00:00\",\"breadcrumb\":{\"@id\":\"https:\/\/web.umons.ac.be\/gmec\/activites-de-recherche\/#breadcrumb\"},\"inLanguage\":\"fr-FR\",\"potentialAction\":[{\"@type\":\"ReadAction\",\"target\":[\"https:\/\/web.umons.ac.be\/gmec\/activites-de-recherche\/\"]}]},{\"@type\":\"BreadcrumbList\",\"@id\":\"https:\/\/web.umons.ac.be\/gmec\/activites-de-recherche\/#breadcrumb\",\"itemListElement\":[{\"@type\":\"ListItem\",\"position\":1,\"name\":\"Home\",\"item\":\"https:\/\/web.umons.ac.be\/gmec\/\"},{\"@type\":\"ListItem\",\"position\":2,\"name\":\"Activit\u00e9s de recherche\"}]},{\"@type\":\"WebSite\",\"@id\":\"https:\/\/web.umons.ac.be\/gmec\/#website\",\"url\":\"https:\/\/web.umons.ac.be\/gmec\/\",\"name\":\"Service \/ FPMS - G\u00e9nie m\u00e9canique\",\"description\":\"\",\"potentialAction\":[{\"@type\":\"SearchAction\",\"target\":{\"@type\":\"EntryPoint\",\"urlTemplate\":\"https:\/\/web.umons.ac.be\/gmec\/?s={search_term_string}\"},\"query-input\":{\"@type\":\"PropertyValueSpecification\",\"valueRequired\":true,\"valueName\":\"search_term_string\"}}],\"inLanguage\":\"fr-FR\"}]}<\/script>\n<!-- \/ Yoast SEO plugin. -->","yoast_head_json":{"title":"Activit\u00e9s de recherche - Service \/ FPMS - G\u00e9nie m\u00e9canique","robots":{"index":"index","follow":"follow","max-snippet":"max-snippet:-1","max-image-preview":"max-image-preview:large","max-video-preview":"max-video-preview:-1"},"canonical":"https:\/\/web.umons.ac.be\/gmec\/activites-de-recherche\/","og_locale":"fr_FR","og_type":"article","og_title":"Activit\u00e9s de recherche - Service \/ FPMS - G\u00e9nie m\u00e9canique","og_description":"Les activit\u00e9s de recherche sont centr\u00e9es sur les mod\u00e9lisations et exp\u00e9rimentations en technologie des fabrications (usinage conventionnel et robotis\u00e9, fabrication additive; mat\u00e9riaux m\u00e9talliques, polym\u00e8res, composites, c\u00e9ramiques), la conception m\u00e9canique et la maintenance 4.0. Le service h\u00e9berge le laboratoire de prototypage GMAKE ouvert aux membres de l&rsquo;UMONS et \u00e0 nos partenaires. Le service est particuli\u00e8rement r\u00e9ceptif [&hellip;]","og_url":"https:\/\/web.umons.ac.be\/gmec\/activites-de-recherche\/","og_site_name":"Service \/ FPMS - G\u00e9nie m\u00e9canique","article_modified_time":"2021-11-03T12:33:12+00:00","twitter_card":"summary_large_image","twitter_misc":{"Dur\u00e9e de lecture estim\u00e9e":"1 minute"},"schema":{"@context":"https:\/\/schema.org","@graph":[{"@type":"WebPage","@id":"https:\/\/web.umons.ac.be\/gmec\/activites-de-recherche\/","url":"https:\/\/web.umons.ac.be\/gmec\/activites-de-recherche\/","name":"Activit\u00e9s de recherche - Service \/ FPMS - G\u00e9nie m\u00e9canique","isPartOf":{"@id":"https:\/\/web.umons.ac.be\/gmec\/#website"},"datePublished":"2021-10-29T05:39:06+00:00","dateModified":"2021-11-03T12:33:12+00:00","breadcrumb":{"@id":"https:\/\/web.umons.ac.be\/gmec\/activites-de-recherche\/#breadcrumb"},"inLanguage":"fr-FR","potentialAction":[{"@type":"ReadAction","target":["https:\/\/web.umons.ac.be\/gmec\/activites-de-recherche\/"]}]},{"@type":"BreadcrumbList","@id":"https:\/\/web.umons.ac.be\/gmec\/activites-de-recherche\/#breadcrumb","itemListElement":[{"@type":"ListItem","position":1,"name":"Home","item":"https:\/\/web.umons.ac.be\/gmec\/"},{"@type":"ListItem","position":2,"name":"Activit\u00e9s de recherche"}]},{"@type":"WebSite","@id":"https:\/\/web.umons.ac.be\/gmec\/#website","url":"https:\/\/web.umons.ac.be\/gmec\/","name":"Service \/ FPMS - G\u00e9nie m\u00e9canique","description":"","potentialAction":[{"@type":"SearchAction","target":{"@type":"EntryPoint","urlTemplate":"https:\/\/web.umons.ac.be\/gmec\/?s={search_term_string}"},"query-input":{"@type":"PropertyValueSpecification","valueRequired":true,"valueName":"search_term_string"}}],"inLanguage":"fr-FR"}]}},"lang":"fr","translations":{"fr":15,"en":17},"pll_sync_post":[],"_links":{"self":[{"href":"https:\/\/web.umons.ac.be\/gmec\/wp-json\/wp\/v2\/pages\/15","targetHints":{"allow":["GET"]}}],"collection":[{"href":"https:\/\/web.umons.ac.be\/gmec\/wp-json\/wp\/v2\/pages"}],"about":[{"href":"https:\/\/web.umons.ac.be\/gmec\/wp-json\/wp\/v2\/types\/page"}],"author":[{"embeddable":true,"href":"https:\/\/web.umons.ac.be\/gmec\/wp-json\/wp\/v2\/users\/2"}],"replies":[{"embeddable":true,"href":"https:\/\/web.umons.ac.be\/gmec\/wp-json\/wp\/v2\/comments?post=15"}],"version-history":[{"count":1,"href":"https:\/\/web.umons.ac.be\/gmec\/wp-json\/wp\/v2\/pages\/15\/revisions"}],"predecessor-version":[{"id":51,"href":"https:\/\/web.umons.ac.be\/gmec\/wp-json\/wp\/v2\/pages\/15\/revisions\/51"}],"wp:attachment":[{"href":"https:\/\/web.umons.ac.be\/gmec\/wp-json\/wp\/v2\/media?parent=15"}],"curies":[{"name":"wp","href":"https:\/\/api.w.org\/{rel}","templated":true}]}}