{"id":159,"date":"2022-02-10T16:54:18","date_gmt":"2022-02-10T15:54:18","guid":{"rendered":"https:\/\/web.umons.ac.be\/gmec\/?page_id=159"},"modified":"2025-10-10T10:00:46","modified_gmt":"2025-10-10T08:00:46","slug":"gmake-imp3d_03","status":"publish","type":"page","link":"https:\/\/web.umons.ac.be\/gmec\/gmake\/gmake-imp3d_03\/","title":{"rendered":"GMAKE &#8211; Imp3D_03"},"content":{"rendered":"<h2>GMAKE &#8211; Imp3D_03<\/h2>\n<h3>Disponibilit\u00e9s<\/h3>\n<start-cask-shortcode-wrapper><iframe ><\/iframe><end-cask-shortcode-wrapper>\n<start-cask-shortcode-wrapper>    <div class=\"aggregation-blocks content-block scheme-fpms\">\n        <ul class=\"blocks-list\">\n                        <li>\n                <article class=\"aggregation-block\">\n                    \n                    <h2 class=\"block-title\">\n                                                <a href=\"https:\/\/web.umons.ac.be\/gmec\/gmake\/gmake-reservation-machine\/\" class=\"title-link scheme-color-hover\" title=\"En savoir plus sur : \">\n                                                                                                    <\/a>\n                                            <\/h2>\n\n                    <div class=\"block-content\">\n                                                                            <p>\n                                <a href=\"https:\/\/web.umons.ac.be\/gmec\/gmake\/gmake-reservation-machine\/\" class=\"button button-primary-alt\">\n                                    Je r\u00e9serve !                                    <span class=\"icon umons-icon-chevron-right\" aria-hidden=\"true\"><\/span>\n                                <\/a>\n                            <\/p>\n                                            <\/div>\n                <\/article>\n            <\/li>\n                <\/ul>\n    <\/div>\n<end-cask-shortcode-wrapper>\n<h3>Caract\u00e9ristiques &#8211; Prusa Core One<\/h3>\n<table style=\"border-collapse: collapse; width: 100%;\">\n<tbody>\n<tr>\n<td style=\"width: 50%;\">Volume d&rsquo;impression<\/td>\n<td style=\"width: 50%;\">250 x 220 x 270 mm<\/td>\n<\/tr>\n<tr>\n<td style=\"width: 50%;\">Diam\u00e8tre filament<\/td>\n<td style=\"width: 50%;\">1.75 mm<\/td>\n<\/tr>\n<tr>\n<td style=\"width: 50%;\">Nozzle<\/td>\n<td style=\"width: 50%;\">0.4 mm<\/td>\n<\/tr>\n<tr>\n<td style=\"width: 50%;\">Mat\u00e9riaux<\/td>\n<td style=\"width: 50%;\">Generic PLA<\/td>\n<\/tr>\n<tr>\n<td style=\"width: 50%;\">Logiciel<\/td>\n<td style=\"width: 50%;\"><a href=\"https:\/\/www.prusa3d.com\/fr\/page\/prusaslicer_424\/\">PrusaSlicer<\/a><\/td>\n<\/tr>\n<tr>\n<td style=\"width: 50%;\">Interface<\/td>\n<td style=\"width: 50%;\">USB<\/td>\n<\/tr>\n<\/tbody>\n<\/table>\n<p><img loading=\"lazy\" decoding=\"async\" class=\"alignnone size-large wp-image-659\" src=\"https:\/\/web.umons.ac.be\/app\/uploads\/sites\/60\/2025\/10\/Prusa-1-1024x982.jpg\" alt=\"\" width=\"1024\" height=\"982\" srcset=\"https:\/\/web.umons.ac.be\/app\/uploads\/sites\/60\/2025\/10\/Prusa-1-1024x982.jpg 1024w, https:\/\/web.umons.ac.be\/app\/uploads\/sites\/60\/2025\/10\/Prusa-1-300x288.jpg 300w, https:\/\/web.umons.ac.be\/app\/uploads\/sites\/60\/2025\/10\/Prusa-1-768x737.jpg 768w, https:\/\/web.umons.ac.be\/app\/uploads\/sites\/60\/2025\/10\/Prusa-1-1536x1474.jpg 1536w, https:\/\/web.umons.ac.be\/app\/uploads\/sites\/60\/2025\/10\/Prusa-1-2048x1965.jpg 2048w, https:\/\/web.umons.ac.be\/app\/uploads\/sites\/60\/2025\/10\/Prusa-1-688x660.jpg 688w, https:\/\/web.umons.ac.be\/app\/uploads\/sites\/60\/2025\/10\/Prusa-1-30x29.jpg 30w, https:\/\/web.umons.ac.be\/app\/uploads\/sites\/60\/2025\/10\/Prusa-1-60x58.jpg 60w, https:\/\/web.umons.ac.be\/app\/uploads\/sites\/60\/2025\/10\/Prusa-1-360x345.jpg 360w\" sizes=\"auto, (max-width: 1024px) 100vw, 1024px\" \/><\/p>\n","protected":false},"excerpt":{"rendered":"<p>GMAKE &#8211; Imp3D_03 Disponibilit\u00e9s Caract\u00e9ristiques &#8211; Prusa Core One Volume d&rsquo;impression 250 x 220 x 270 mm Diam\u00e8tre filament 1.75 mm Nozzle 0.4 mm Mat\u00e9riaux Generic PLA Logiciel PrusaSlicer Interface USB<\/p>\n","protected":false},"author":201,"featured_media":0,"parent":69,"menu_order":0,"comment_status":"closed","ping_status":"closed","template":"","meta":{"footnotes":""},"class_list":["post-159","page","type-page","status-publish","hentry"],"yoast_head":"<!-- This site is optimized with the Yoast SEO plugin v27.2 - https:\/\/yoast.com\/product\/yoast-seo-wordpress\/ -->\n<title>GMAKE - Imp3D_03 - Service \/ FPMS - G\u00e9nie m\u00e9canique<\/title>\n<meta name=\"robots\" content=\"index, follow, max-snippet:-1, max-image-preview:large, max-video-preview:-1\" \/>\n<link rel=\"canonical\" href=\"https:\/\/web.umons.ac.be\/gmec\/gmake\/gmake-imp3d_03\/\" \/>\n<meta property=\"og:locale\" content=\"fr_FR\" \/>\n<meta property=\"og:type\" content=\"article\" \/>\n<meta property=\"og:title\" content=\"GMAKE - Imp3D_03 - Service \/ FPMS - G\u00e9nie m\u00e9canique\" \/>\n<meta property=\"og:description\" content=\"GMAKE &#8211; Imp3D_03 Disponibilit\u00e9s Caract\u00e9ristiques &#8211; Prusa Core One Volume d&rsquo;impression 250 x 220 x 270 mm Diam\u00e8tre filament 1.75 mm Nozzle 0.4 mm Mat\u00e9riaux Generic PLA Logiciel PrusaSlicer Interface USB\" \/>\n<meta property=\"og:url\" content=\"https:\/\/web.umons.ac.be\/gmec\/gmake\/gmake-imp3d_03\/\" \/>\n<meta property=\"og:site_name\" content=\"Service \/ FPMS - G\u00e9nie m\u00e9canique\" \/>\n<meta property=\"article:modified_time\" content=\"2025-10-10T08:00:46+00:00\" \/>\n<meta property=\"og:image\" content=\"https:\/\/web.umons.ac.be\/app\/uploads\/sites\/60\/2025\/10\/Prusa-1-scaled.jpg\" \/>\n\t<meta property=\"og:image:width\" content=\"2560\" \/>\n\t<meta property=\"og:image:height\" content=\"2456\" \/>\n\t<meta property=\"og:image:type\" content=\"image\/jpeg\" \/>\n<meta name=\"twitter:card\" content=\"summary_large_image\" \/>\n<meta name=\"twitter:label1\" content=\"Dur\u00e9e de lecture estim\u00e9e\" \/>\n\t<meta name=\"twitter:data1\" content=\"1 minute\" \/>\n<script type=\"application\/ld+json\" class=\"yoast-schema-graph\">{\"@context\":\"https:\/\/schema.org\",\"@graph\":[{\"@type\":\"WebPage\",\"@id\":\"https:\/\/web.umons.ac.be\/gmec\/gmake\/gmake-imp3d_03\/\",\"url\":\"https:\/\/web.umons.ac.be\/gmec\/gmake\/gmake-imp3d_03\/\",\"name\":\"GMAKE - Imp3D_03 - Service \/ FPMS - G\u00e9nie m\u00e9canique\",\"isPartOf\":{\"@id\":\"https:\/\/web.umons.ac.be\/gmec\/#website\"},\"primaryImageOfPage\":{\"@id\":\"https:\/\/web.umons.ac.be\/gmec\/gmake\/gmake-imp3d_03\/#primaryimage\"},\"image\":{\"@id\":\"https:\/\/web.umons.ac.be\/gmec\/gmake\/gmake-imp3d_03\/#primaryimage\"},\"thumbnailUrl\":\"https:\/\/web.umons.ac.be\/app\/uploads\/sites\/60\/2025\/10\/Prusa-1-1024x982.jpg\",\"datePublished\":\"2022-02-10T15:54:18+00:00\",\"dateModified\":\"2025-10-10T08:00:46+00:00\",\"breadcrumb\":{\"@id\":\"https:\/\/web.umons.ac.be\/gmec\/gmake\/gmake-imp3d_03\/#breadcrumb\"},\"inLanguage\":\"fr-FR\",\"potentialAction\":[{\"@type\":\"ReadAction\",\"target\":[\"https:\/\/web.umons.ac.be\/gmec\/gmake\/gmake-imp3d_03\/\"]}]},{\"@type\":\"ImageObject\",\"inLanguage\":\"fr-FR\",\"@id\":\"https:\/\/web.umons.ac.be\/gmec\/gmake\/gmake-imp3d_03\/#primaryimage\",\"url\":\"https:\/\/web.umons.ac.be\/app\/uploads\/sites\/60\/2025\/10\/Prusa-1-1024x982.jpg\",\"contentUrl\":\"https:\/\/web.umons.ac.be\/app\/uploads\/sites\/60\/2025\/10\/Prusa-1-1024x982.jpg\"},{\"@type\":\"BreadcrumbList\",\"@id\":\"https:\/\/web.umons.ac.be\/gmec\/gmake\/gmake-imp3d_03\/#breadcrumb\",\"itemListElement\":[{\"@type\":\"ListItem\",\"position\":1,\"name\":\"Home\",\"item\":\"https:\/\/web.umons.ac.be\/gmec\/\"},{\"@type\":\"ListItem\",\"position\":2,\"name\":\"GMAKE\",\"item\":\"https:\/\/web.umons.ac.be\/gmec\/gmake\/\"},{\"@type\":\"ListItem\",\"position\":3,\"name\":\"GMAKE &#8211; Imp3D_03\"}]},{\"@type\":\"WebSite\",\"@id\":\"https:\/\/web.umons.ac.be\/gmec\/#website\",\"url\":\"https:\/\/web.umons.ac.be\/gmec\/\",\"name\":\"Service \/ FPMS - G\u00e9nie m\u00e9canique\",\"description\":\"\",\"potentialAction\":[{\"@type\":\"SearchAction\",\"target\":{\"@type\":\"EntryPoint\",\"urlTemplate\":\"https:\/\/web.umons.ac.be\/gmec\/?s={search_term_string}\"},\"query-input\":{\"@type\":\"PropertyValueSpecification\",\"valueRequired\":true,\"valueName\":\"search_term_string\"}}],\"inLanguage\":\"fr-FR\"}]}<\/script>\n<!-- \/ Yoast SEO plugin. -->","yoast_head_json":{"title":"GMAKE - Imp3D_03 - Service \/ FPMS - G\u00e9nie m\u00e9canique","robots":{"index":"index","follow":"follow","max-snippet":"max-snippet:-1","max-image-preview":"max-image-preview:large","max-video-preview":"max-video-preview:-1"},"canonical":"https:\/\/web.umons.ac.be\/gmec\/gmake\/gmake-imp3d_03\/","og_locale":"fr_FR","og_type":"article","og_title":"GMAKE - Imp3D_03 - Service \/ FPMS - G\u00e9nie m\u00e9canique","og_description":"GMAKE &#8211; Imp3D_03 Disponibilit\u00e9s Caract\u00e9ristiques &#8211; Prusa Core One Volume d&rsquo;impression 250 x 220 x 270 mm Diam\u00e8tre filament 1.75 mm Nozzle 0.4 mm Mat\u00e9riaux Generic PLA Logiciel PrusaSlicer Interface USB","og_url":"https:\/\/web.umons.ac.be\/gmec\/gmake\/gmake-imp3d_03\/","og_site_name":"Service \/ FPMS - G\u00e9nie m\u00e9canique","article_modified_time":"2025-10-10T08:00:46+00:00","og_image":[{"width":2560,"height":2456,"url":"https:\/\/web.umons.ac.be\/app\/uploads\/sites\/60\/2025\/10\/Prusa-1-scaled.jpg","type":"image\/jpeg"}],"twitter_card":"summary_large_image","twitter_misc":{"Dur\u00e9e de lecture estim\u00e9e":"1 minute"},"schema":{"@context":"https:\/\/schema.org","@graph":[{"@type":"WebPage","@id":"https:\/\/web.umons.ac.be\/gmec\/gmake\/gmake-imp3d_03\/","url":"https:\/\/web.umons.ac.be\/gmec\/gmake\/gmake-imp3d_03\/","name":"GMAKE - Imp3D_03 - Service \/ FPMS - G\u00e9nie m\u00e9canique","isPartOf":{"@id":"https:\/\/web.umons.ac.be\/gmec\/#website"},"primaryImageOfPage":{"@id":"https:\/\/web.umons.ac.be\/gmec\/gmake\/gmake-imp3d_03\/#primaryimage"},"image":{"@id":"https:\/\/web.umons.ac.be\/gmec\/gmake\/gmake-imp3d_03\/#primaryimage"},"thumbnailUrl":"https:\/\/web.umons.ac.be\/app\/uploads\/sites\/60\/2025\/10\/Prusa-1-1024x982.jpg","datePublished":"2022-02-10T15:54:18+00:00","dateModified":"2025-10-10T08:00:46+00:00","breadcrumb":{"@id":"https:\/\/web.umons.ac.be\/gmec\/gmake\/gmake-imp3d_03\/#breadcrumb"},"inLanguage":"fr-FR","potentialAction":[{"@type":"ReadAction","target":["https:\/\/web.umons.ac.be\/gmec\/gmake\/gmake-imp3d_03\/"]}]},{"@type":"ImageObject","inLanguage":"fr-FR","@id":"https:\/\/web.umons.ac.be\/gmec\/gmake\/gmake-imp3d_03\/#primaryimage","url":"https:\/\/web.umons.ac.be\/app\/uploads\/sites\/60\/2025\/10\/Prusa-1-1024x982.jpg","contentUrl":"https:\/\/web.umons.ac.be\/app\/uploads\/sites\/60\/2025\/10\/Prusa-1-1024x982.jpg"},{"@type":"BreadcrumbList","@id":"https:\/\/web.umons.ac.be\/gmec\/gmake\/gmake-imp3d_03\/#breadcrumb","itemListElement":[{"@type":"ListItem","position":1,"name":"Home","item":"https:\/\/web.umons.ac.be\/gmec\/"},{"@type":"ListItem","position":2,"name":"GMAKE","item":"https:\/\/web.umons.ac.be\/gmec\/gmake\/"},{"@type":"ListItem","position":3,"name":"GMAKE &#8211; Imp3D_03"}]},{"@type":"WebSite","@id":"https:\/\/web.umons.ac.be\/gmec\/#website","url":"https:\/\/web.umons.ac.be\/gmec\/","name":"Service \/ FPMS - G\u00e9nie m\u00e9canique","description":"","potentialAction":[{"@type":"SearchAction","target":{"@type":"EntryPoint","urlTemplate":"https:\/\/web.umons.ac.be\/gmec\/?s={search_term_string}"},"query-input":{"@type":"PropertyValueSpecification","valueRequired":true,"valueName":"search_term_string"}}],"inLanguage":"fr-FR"}]}},"lang":"fr","translations":{"fr":159},"pll_sync_post":[],"_links":{"self":[{"href":"https:\/\/web.umons.ac.be\/gmec\/wp-json\/wp\/v2\/pages\/159","targetHints":{"allow":["GET"]}}],"collection":[{"href":"https:\/\/web.umons.ac.be\/gmec\/wp-json\/wp\/v2\/pages"}],"about":[{"href":"https:\/\/web.umons.ac.be\/gmec\/wp-json\/wp\/v2\/types\/page"}],"author":[{"embeddable":true,"href":"https:\/\/web.umons.ac.be\/gmec\/wp-json\/wp\/v2\/users\/201"}],"replies":[{"embeddable":true,"href":"https:\/\/web.umons.ac.be\/gmec\/wp-json\/wp\/v2\/comments?post=159"}],"version-history":[{"count":3,"href":"https:\/\/web.umons.ac.be\/gmec\/wp-json\/wp\/v2\/pages\/159\/revisions"}],"predecessor-version":[{"id":667,"href":"https:\/\/web.umons.ac.be\/gmec\/wp-json\/wp\/v2\/pages\/159\/revisions\/667"}],"up":[{"embeddable":true,"href":"https:\/\/web.umons.ac.be\/gmec\/wp-json\/wp\/v2\/pages\/69"}],"wp:attachment":[{"href":"https:\/\/web.umons.ac.be\/gmec\/wp-json\/wp\/v2\/media?parent=159"}],"curies":[{"name":"wp","href":"https:\/\/api.w.org\/{rel}","templated":true}]}}