{"id":17,"date":"2021-10-29T07:39:06","date_gmt":"2021-10-29T05:39:06","guid":{"rendered":"https:\/\/web.umons.ac.be\/gmec\/research-activities\/"},"modified":"2021-11-03T13:08:55","modified_gmt":"2021-11-03T12:08:55","slug":"research-activities","status":"publish","type":"page","link":"https:\/\/web.umons.ac.be\/gmec\/en\/research-activities\/","title":{"rendered":"Research activities"},"content":{"rendered":"<p>Our research activities are focused on modelling and experimentation in manufacturing technology (conventional and robotic machining, additive manufacturing; metals, composites, ceramics), mechanical design and maintenance 4.0. The Unit hosts the GMAKE prototyping laboratory, which is open to UMONS members and our partners.<\/p>\n<p>The Unit is particularly receptive to industrial issues and can offer various forms of collaboration (expertise, design projects, end-of-study work, supervised internships, doctoral theses, research projects, etc.).<\/p>\n<hr \/>\n<p>Our service is also associated with the following UMONS research institutes :<\/p>\n<start-cask-shortcode-wrapper>\t\t<div class=\"associated-institutes content-block scheme-fpms\">\n\t\t\t<ul class=\"institutes-list\">\n\t\t\t\t\t\t\t\t\t\t<li>\n\t\t\t\t\t\t\t<a href=\"https:\/\/web.umons.ac.be\/materiaux\" title=\"Acc\u00e9der au site web de : Institut \/ Mat\u00e9riaux\" class=\"associated-institute\">\n\t\t\t\t\t\t\t\t<img loading=\"lazy\" decoding=\"async\" width=\"1\" height=\"1\" src=\"https:\/\/web.umons.ac.be\/app\/uploads\/sites\/38\/2017\/12\/materiaux_logo_fr.svg\" class=\"attachment-thumbnail size-thumbnail\" alt=\"\" \/>\t\t\t\t\t\t\t<\/a>\t\t\t\n\t\t\t\t\t\t<\/li>\n\t\t\t\t\t\t\t\t\t\t<li>\n\t\t\t\t\t\t\t<a href=\"https:\/\/web.umons.ac.be\/risques\" title=\"Acc\u00e9der au site web de : Institut \/ Risques\" class=\"associated-institute\">\n\t\t\t\t\t\t\t\t<img loading=\"lazy\" decoding=\"async\" width=\"1\" height=\"1\" src=\"https:\/\/web.umons.ac.be\/app\/uploads\/sites\/36\/2017\/12\/risques_logo_fr.svg\" class=\"attachment-thumbnail size-thumbnail\" alt=\"\" \/>\t\t\t\t\t\t\t<\/a>\t\t\t\n\t\t\t\t\t\t<\/li>\n\t\t\t\t\t\t\t<\/ul>\n\t\t<\/div>\n <end-cask-shortcode-wrapper>\n<div class=\"associated-institutes content-block scheme-fpms\">\n<ul class=\"institutes-list\">\n<li><\/li>\n<\/ul>\n<\/div>\n","protected":false},"excerpt":{"rendered":"<p>Our research activities are focused on modelling and experimentation in manufacturing technology (conventional and robotic machining, additive manufacturing; metals, composites, ceramics), mechanical design and maintenance 4.0. The Unit hosts the GMAKE prototyping laboratory, which is open to UMONS members and our partners. The Unit is particularly receptive to industrial issues and can offer various forms [&hellip;]<\/p>\n","protected":false},"author":2,"featured_media":0,"parent":0,"menu_order":0,"comment_status":"closed","ping_status":"closed","template":"","meta":{"footnotes":""},"class_list":["post-17","page","type-page","status-publish","hentry"],"yoast_head":"<!-- This site is optimized with the Yoast SEO plugin v27.2 - https:\/\/yoast.com\/product\/yoast-seo-wordpress\/ -->\n<title>Research activities - Service \/ FPMS - G\u00e9nie m\u00e9canique<\/title>\n<meta name=\"robots\" content=\"index, follow, max-snippet:-1, max-image-preview:large, max-video-preview:-1\" \/>\n<link rel=\"canonical\" href=\"https:\/\/web.umons.ac.be\/gmec\/en\/research-activities\/\" \/>\n<meta property=\"og:locale\" content=\"fr_FR\" \/>\n<meta property=\"og:type\" content=\"article\" \/>\n<meta property=\"og:title\" content=\"Research activities - Service \/ FPMS - G\u00e9nie m\u00e9canique\" \/>\n<meta property=\"og:description\" content=\"Our research activities are focused on modelling and experimentation in manufacturing technology (conventional and robotic machining, additive manufacturing; metals, composites, ceramics), mechanical design and maintenance 4.0. The Unit hosts the GMAKE prototyping laboratory, which is open to UMONS members and our partners. The Unit is particularly receptive to industrial issues and can offer various forms [&hellip;]\" \/>\n<meta property=\"og:url\" content=\"https:\/\/web.umons.ac.be\/gmec\/en\/research-activities\/\" \/>\n<meta property=\"og:site_name\" content=\"Service \/ FPMS - G\u00e9nie m\u00e9canique\" \/>\n<meta property=\"article:modified_time\" content=\"2021-11-03T12:08:55+00:00\" \/>\n<meta name=\"twitter:card\" content=\"summary_large_image\" \/>\n<meta name=\"twitter:label1\" content=\"Dur\u00e9e de lecture estim\u00e9e\" \/>\n\t<meta name=\"twitter:data1\" content=\"1 minute\" \/>\n<script type=\"application\/ld+json\" class=\"yoast-schema-graph\">{\"@context\":\"https:\/\/schema.org\",\"@graph\":[{\"@type\":\"WebPage\",\"@id\":\"https:\/\/web.umons.ac.be\/gmec\/en\/research-activities\/\",\"url\":\"https:\/\/web.umons.ac.be\/gmec\/en\/research-activities\/\",\"name\":\"Research activities - Service \/ FPMS - G\u00e9nie m\u00e9canique\",\"isPartOf\":{\"@id\":\"https:\/\/web.umons.ac.be\/gmec\/#website\"},\"datePublished\":\"2021-10-29T05:39:06+00:00\",\"dateModified\":\"2021-11-03T12:08:55+00:00\",\"breadcrumb\":{\"@id\":\"https:\/\/web.umons.ac.be\/gmec\/en\/research-activities\/#breadcrumb\"},\"inLanguage\":\"fr-FR\",\"potentialAction\":[{\"@type\":\"ReadAction\",\"target\":[\"https:\/\/web.umons.ac.be\/gmec\/en\/research-activities\/\"]}]},{\"@type\":\"BreadcrumbList\",\"@id\":\"https:\/\/web.umons.ac.be\/gmec\/en\/research-activities\/#breadcrumb\",\"itemListElement\":[{\"@type\":\"ListItem\",\"position\":1,\"name\":\"Home\",\"item\":\"https:\/\/web.umons.ac.be\/gmec\/\"},{\"@type\":\"ListItem\",\"position\":2,\"name\":\"Research activities\"}]},{\"@type\":\"WebSite\",\"@id\":\"https:\/\/web.umons.ac.be\/gmec\/#website\",\"url\":\"https:\/\/web.umons.ac.be\/gmec\/\",\"name\":\"Service \/ FPMS - G\u00e9nie m\u00e9canique\",\"description\":\"\",\"potentialAction\":[{\"@type\":\"SearchAction\",\"target\":{\"@type\":\"EntryPoint\",\"urlTemplate\":\"https:\/\/web.umons.ac.be\/gmec\/?s={search_term_string}\"},\"query-input\":{\"@type\":\"PropertyValueSpecification\",\"valueRequired\":true,\"valueName\":\"search_term_string\"}}],\"inLanguage\":\"fr-FR\"}]}<\/script>\n<!-- \/ Yoast SEO plugin. -->","yoast_head_json":{"title":"Research activities - Service \/ FPMS - G\u00e9nie m\u00e9canique","robots":{"index":"index","follow":"follow","max-snippet":"max-snippet:-1","max-image-preview":"max-image-preview:large","max-video-preview":"max-video-preview:-1"},"canonical":"https:\/\/web.umons.ac.be\/gmec\/en\/research-activities\/","og_locale":"fr_FR","og_type":"article","og_title":"Research activities - Service \/ FPMS - G\u00e9nie m\u00e9canique","og_description":"Our research activities are focused on modelling and experimentation in manufacturing technology (conventional and robotic machining, additive manufacturing; metals, composites, ceramics), mechanical design and maintenance 4.0. The Unit hosts the GMAKE prototyping laboratory, which is open to UMONS members and our partners. The Unit is particularly receptive to industrial issues and can offer various forms [&hellip;]","og_url":"https:\/\/web.umons.ac.be\/gmec\/en\/research-activities\/","og_site_name":"Service \/ FPMS - G\u00e9nie m\u00e9canique","article_modified_time":"2021-11-03T12:08:55+00:00","twitter_card":"summary_large_image","twitter_misc":{"Dur\u00e9e de lecture estim\u00e9e":"1 minute"},"schema":{"@context":"https:\/\/schema.org","@graph":[{"@type":"WebPage","@id":"https:\/\/web.umons.ac.be\/gmec\/en\/research-activities\/","url":"https:\/\/web.umons.ac.be\/gmec\/en\/research-activities\/","name":"Research activities - Service \/ FPMS - G\u00e9nie m\u00e9canique","isPartOf":{"@id":"https:\/\/web.umons.ac.be\/gmec\/#website"},"datePublished":"2021-10-29T05:39:06+00:00","dateModified":"2021-11-03T12:08:55+00:00","breadcrumb":{"@id":"https:\/\/web.umons.ac.be\/gmec\/en\/research-activities\/#breadcrumb"},"inLanguage":"fr-FR","potentialAction":[{"@type":"ReadAction","target":["https:\/\/web.umons.ac.be\/gmec\/en\/research-activities\/"]}]},{"@type":"BreadcrumbList","@id":"https:\/\/web.umons.ac.be\/gmec\/en\/research-activities\/#breadcrumb","itemListElement":[{"@type":"ListItem","position":1,"name":"Home","item":"https:\/\/web.umons.ac.be\/gmec\/"},{"@type":"ListItem","position":2,"name":"Research activities"}]},{"@type":"WebSite","@id":"https:\/\/web.umons.ac.be\/gmec\/#website","url":"https:\/\/web.umons.ac.be\/gmec\/","name":"Service \/ FPMS - G\u00e9nie m\u00e9canique","description":"","potentialAction":[{"@type":"SearchAction","target":{"@type":"EntryPoint","urlTemplate":"https:\/\/web.umons.ac.be\/gmec\/?s={search_term_string}"},"query-input":{"@type":"PropertyValueSpecification","valueRequired":true,"valueName":"search_term_string"}}],"inLanguage":"fr-FR"}]}},"lang":"en","translations":{"en":17,"fr":15},"pll_sync_post":[],"_links":{"self":[{"href":"https:\/\/web.umons.ac.be\/gmec\/wp-json\/wp\/v2\/pages\/17","targetHints":{"allow":["GET"]}}],"collection":[{"href":"https:\/\/web.umons.ac.be\/gmec\/wp-json\/wp\/v2\/pages"}],"about":[{"href":"https:\/\/web.umons.ac.be\/gmec\/wp-json\/wp\/v2\/types\/page"}],"author":[{"embeddable":true,"href":"https:\/\/web.umons.ac.be\/gmec\/wp-json\/wp\/v2\/users\/2"}],"replies":[{"embeddable":true,"href":"https:\/\/web.umons.ac.be\/gmec\/wp-json\/wp\/v2\/comments?post=17"}],"version-history":[{"count":2,"href":"https:\/\/web.umons.ac.be\/gmec\/wp-json\/wp\/v2\/pages\/17\/revisions"}],"predecessor-version":[{"id":122,"href":"https:\/\/web.umons.ac.be\/gmec\/wp-json\/wp\/v2\/pages\/17\/revisions\/122"}],"wp:attachment":[{"href":"https:\/\/web.umons.ac.be\/gmec\/wp-json\/wp\/v2\/media?parent=17"}],"curies":[{"name":"wp","href":"https:\/\/api.w.org\/{rel}","templated":true}]}}