{"id":172,"date":"2022-02-10T17:14:05","date_gmt":"2022-02-10T16:14:05","guid":{"rendered":"https:\/\/web.umons.ac.be\/gmec\/?page_id=172"},"modified":"2022-03-10T16:14:10","modified_gmt":"2022-03-10T15:14:10","slug":"gmake-fraiseusecharly1","status":"publish","type":"page","link":"https:\/\/web.umons.ac.be\/gmec\/gmake-fraiseusecharly1\/","title":{"rendered":"GMAKE &#8211; FraiseuseCharly1"},"content":{"rendered":"<h2>GMAKE &#8211; FraiseuseCharly1<\/h2>\n<h3>Disponibilit\u00e9s<\/h3>\n<start-cask-shortcode-wrapper><iframe ><\/iframe><end-cask-shortcode-wrapper>\n<h3><strong>Caract\u00e9ristiques<\/strong><\/h3>\n<table style=\"border-collapse: collapse;width: 100%\">\n<tbody>\n<tr>\n<td style=\"width: 50%\">Puissance de la broche<\/td>\n<td style=\"width: 50%\">1100 kW<\/td>\n<\/tr>\n<tr>\n<td style=\"width: 50%\">Vitesse maximale de la broche<\/td>\n<td style=\"width: 50%\">24000tr\/min<\/td>\n<\/tr>\n<tr>\n<td style=\"width: 50%\">Volume de travail X-Y-Z<\/td>\n<td style=\"width: 50%\">310 mm x 220 mm x 160 mm<\/td>\n<\/tr>\n<tr>\n<td style=\"width: 50%\">Diam\u00e8tre de queue des outils<\/td>\n<td style=\"width: 50%\">3-4 mm et 5-6 mm<\/td>\n<\/tr>\n<tr>\n<td style=\"width: 50%\">Pilotage<\/td>\n<td style=\"width: 50%\">SolidWorksCAM<\/td>\n<\/tr>\n<tr>\n<td style=\"width: 50%\">Mat\u00e9riaux usinables<\/td>\n<td style=\"width: 50%\">Alliages d&rsquo;aluminium, bois et thermoplastiques<\/td>\n<\/tr>\n<\/tbody>\n<\/table>\n<p><img loading=\"lazy\" decoding=\"async\" class=\"aligncenter wp-image-192 size-full\" src=\"https:\/\/web.umons.ac.be\/app\/uploads\/sites\/60\/2022\/03\/4u.jpg\" alt=\"\" width=\"500\" height=\"380\" srcset=\"https:\/\/web.umons.ac.be\/app\/uploads\/sites\/60\/2022\/03\/4u.jpg 500w, https:\/\/web.umons.ac.be\/app\/uploads\/sites\/60\/2022\/03\/4u-300x228.jpg 300w, https:\/\/web.umons.ac.be\/app\/uploads\/sites\/60\/2022\/03\/4u-30x23.jpg 30w, https:\/\/web.umons.ac.be\/app\/uploads\/sites\/60\/2022\/03\/4u-60x46.jpg 60w, https:\/\/web.umons.ac.be\/app\/uploads\/sites\/60\/2022\/03\/4u-360x274.jpg 360w\" sizes=\"auto, (max-width: 500px) 100vw, 500px\" \/><\/p>\n","protected":false},"excerpt":{"rendered":"<p>GMAKE &#8211; FraiseuseCharly1 Disponibilit\u00e9s Caract\u00e9ristiques Puissance de la broche 1100 kW Vitesse maximale de la broche 24000tr\/min Volume de travail X-Y-Z 310 mm x 220 mm x 160 mm Diam\u00e8tre de queue des outils 3-4 mm et 5-6 mm Pilotage SolidWorksCAM Mat\u00e9riaux usinables Alliages d&rsquo;aluminium, bois et thermoplastiques<\/p>\n","protected":false},"author":201,"featured_media":0,"parent":0,"menu_order":0,"comment_status":"closed","ping_status":"closed","template":"","meta":{"footnotes":""},"class_list":["post-172","page","type-page","status-publish","hentry"],"yoast_head":"<!-- This site is optimized with the Yoast SEO plugin v27.2 - https:\/\/yoast.com\/product\/yoast-seo-wordpress\/ -->\n<title>GMAKE - FraiseuseCharly1 - Service \/ FPMS - G\u00e9nie m\u00e9canique<\/title>\n<meta name=\"robots\" content=\"index, follow, max-snippet:-1, max-image-preview:large, max-video-preview:-1\" \/>\n<link rel=\"canonical\" href=\"https:\/\/web.umons.ac.be\/gmec\/gmake-fraiseusecharly1\/\" \/>\n<meta property=\"og:locale\" content=\"fr_FR\" \/>\n<meta property=\"og:type\" content=\"article\" \/>\n<meta property=\"og:title\" content=\"GMAKE - FraiseuseCharly1 - Service \/ FPMS - G\u00e9nie m\u00e9canique\" \/>\n<meta property=\"og:description\" content=\"GMAKE &#8211; FraiseuseCharly1 Disponibilit\u00e9s Caract\u00e9ristiques Puissance de la broche 1100 kW Vitesse maximale de la broche 24000tr\/min Volume de travail X-Y-Z 310 mm x 220 mm x 160 mm Diam\u00e8tre de queue des outils 3-4 mm et 5-6 mm Pilotage SolidWorksCAM Mat\u00e9riaux usinables Alliages d&rsquo;aluminium, bois et thermoplastiques\" \/>\n<meta property=\"og:url\" content=\"https:\/\/web.umons.ac.be\/gmec\/gmake-fraiseusecharly1\/\" \/>\n<meta property=\"og:site_name\" content=\"Service \/ FPMS - G\u00e9nie m\u00e9canique\" \/>\n<meta property=\"article:modified_time\" content=\"2022-03-10T15:14:10+00:00\" \/>\n<meta property=\"og:image\" content=\"https:\/\/web.umons.ac.be\/app\/uploads\/sites\/60\/2022\/03\/4u.jpg\" \/>\n<meta name=\"twitter:card\" content=\"summary_large_image\" \/>\n<meta name=\"twitter:label1\" content=\"Dur\u00e9e de lecture estim\u00e9e\" \/>\n\t<meta name=\"twitter:data1\" content=\"1 minute\" \/>\n<script type=\"application\/ld+json\" class=\"yoast-schema-graph\">{\"@context\":\"https:\/\/schema.org\",\"@graph\":[{\"@type\":\"WebPage\",\"@id\":\"https:\/\/web.umons.ac.be\/gmec\/gmake-fraiseusecharly1\/\",\"url\":\"https:\/\/web.umons.ac.be\/gmec\/gmake-fraiseusecharly1\/\",\"name\":\"GMAKE - FraiseuseCharly1 - Service \/ FPMS - G\u00e9nie m\u00e9canique\",\"isPartOf\":{\"@id\":\"https:\/\/web.umons.ac.be\/gmec\/#website\"},\"primaryImageOfPage\":{\"@id\":\"https:\/\/web.umons.ac.be\/gmec\/gmake-fraiseusecharly1\/#primaryimage\"},\"image\":{\"@id\":\"https:\/\/web.umons.ac.be\/gmec\/gmake-fraiseusecharly1\/#primaryimage\"},\"thumbnailUrl\":\"https:\/\/web.umons.ac.be\/app\/uploads\/sites\/60\/2022\/03\/4u.jpg\",\"datePublished\":\"2022-02-10T16:14:05+00:00\",\"dateModified\":\"2022-03-10T15:14:10+00:00\",\"breadcrumb\":{\"@id\":\"https:\/\/web.umons.ac.be\/gmec\/gmake-fraiseusecharly1\/#breadcrumb\"},\"inLanguage\":\"fr-FR\",\"potentialAction\":[{\"@type\":\"ReadAction\",\"target\":[\"https:\/\/web.umons.ac.be\/gmec\/gmake-fraiseusecharly1\/\"]}]},{\"@type\":\"ImageObject\",\"inLanguage\":\"fr-FR\",\"@id\":\"https:\/\/web.umons.ac.be\/gmec\/gmake-fraiseusecharly1\/#primaryimage\",\"url\":\"https:\/\/web.umons.ac.be\/app\/uploads\/sites\/60\/2022\/03\/4u.jpg\",\"contentUrl\":\"https:\/\/web.umons.ac.be\/app\/uploads\/sites\/60\/2022\/03\/4u.jpg\"},{\"@type\":\"BreadcrumbList\",\"@id\":\"https:\/\/web.umons.ac.be\/gmec\/gmake-fraiseusecharly1\/#breadcrumb\",\"itemListElement\":[{\"@type\":\"ListItem\",\"position\":1,\"name\":\"Home\",\"item\":\"https:\/\/web.umons.ac.be\/gmec\/\"},{\"@type\":\"ListItem\",\"position\":2,\"name\":\"GMAKE &#8211; FraiseuseCharly1\"}]},{\"@type\":\"WebSite\",\"@id\":\"https:\/\/web.umons.ac.be\/gmec\/#website\",\"url\":\"https:\/\/web.umons.ac.be\/gmec\/\",\"name\":\"Service \/ FPMS - G\u00e9nie m\u00e9canique\",\"description\":\"\",\"potentialAction\":[{\"@type\":\"SearchAction\",\"target\":{\"@type\":\"EntryPoint\",\"urlTemplate\":\"https:\/\/web.umons.ac.be\/gmec\/?s={search_term_string}\"},\"query-input\":{\"@type\":\"PropertyValueSpecification\",\"valueRequired\":true,\"valueName\":\"search_term_string\"}}],\"inLanguage\":\"fr-FR\"}]}<\/script>\n<!-- \/ Yoast SEO plugin. -->","yoast_head_json":{"title":"GMAKE - FraiseuseCharly1 - Service \/ FPMS - G\u00e9nie m\u00e9canique","robots":{"index":"index","follow":"follow","max-snippet":"max-snippet:-1","max-image-preview":"max-image-preview:large","max-video-preview":"max-video-preview:-1"},"canonical":"https:\/\/web.umons.ac.be\/gmec\/gmake-fraiseusecharly1\/","og_locale":"fr_FR","og_type":"article","og_title":"GMAKE - FraiseuseCharly1 - Service \/ FPMS - G\u00e9nie m\u00e9canique","og_description":"GMAKE &#8211; FraiseuseCharly1 Disponibilit\u00e9s Caract\u00e9ristiques Puissance de la broche 1100 kW Vitesse maximale de la broche 24000tr\/min Volume de travail X-Y-Z 310 mm x 220 mm x 160 mm Diam\u00e8tre de queue des outils 3-4 mm et 5-6 mm Pilotage SolidWorksCAM Mat\u00e9riaux usinables Alliages d&rsquo;aluminium, bois et thermoplastiques","og_url":"https:\/\/web.umons.ac.be\/gmec\/gmake-fraiseusecharly1\/","og_site_name":"Service \/ FPMS - G\u00e9nie m\u00e9canique","article_modified_time":"2022-03-10T15:14:10+00:00","og_image":[{"url":"https:\/\/web.umons.ac.be\/app\/uploads\/sites\/60\/2022\/03\/4u.jpg","type":"","width":"","height":""}],"twitter_card":"summary_large_image","twitter_misc":{"Dur\u00e9e de lecture estim\u00e9e":"1 minute"},"schema":{"@context":"https:\/\/schema.org","@graph":[{"@type":"WebPage","@id":"https:\/\/web.umons.ac.be\/gmec\/gmake-fraiseusecharly1\/","url":"https:\/\/web.umons.ac.be\/gmec\/gmake-fraiseusecharly1\/","name":"GMAKE - FraiseuseCharly1 - Service \/ FPMS - G\u00e9nie m\u00e9canique","isPartOf":{"@id":"https:\/\/web.umons.ac.be\/gmec\/#website"},"primaryImageOfPage":{"@id":"https:\/\/web.umons.ac.be\/gmec\/gmake-fraiseusecharly1\/#primaryimage"},"image":{"@id":"https:\/\/web.umons.ac.be\/gmec\/gmake-fraiseusecharly1\/#primaryimage"},"thumbnailUrl":"https:\/\/web.umons.ac.be\/app\/uploads\/sites\/60\/2022\/03\/4u.jpg","datePublished":"2022-02-10T16:14:05+00:00","dateModified":"2022-03-10T15:14:10+00:00","breadcrumb":{"@id":"https:\/\/web.umons.ac.be\/gmec\/gmake-fraiseusecharly1\/#breadcrumb"},"inLanguage":"fr-FR","potentialAction":[{"@type":"ReadAction","target":["https:\/\/web.umons.ac.be\/gmec\/gmake-fraiseusecharly1\/"]}]},{"@type":"ImageObject","inLanguage":"fr-FR","@id":"https:\/\/web.umons.ac.be\/gmec\/gmake-fraiseusecharly1\/#primaryimage","url":"https:\/\/web.umons.ac.be\/app\/uploads\/sites\/60\/2022\/03\/4u.jpg","contentUrl":"https:\/\/web.umons.ac.be\/app\/uploads\/sites\/60\/2022\/03\/4u.jpg"},{"@type":"BreadcrumbList","@id":"https:\/\/web.umons.ac.be\/gmec\/gmake-fraiseusecharly1\/#breadcrumb","itemListElement":[{"@type":"ListItem","position":1,"name":"Home","item":"https:\/\/web.umons.ac.be\/gmec\/"},{"@type":"ListItem","position":2,"name":"GMAKE &#8211; FraiseuseCharly1"}]},{"@type":"WebSite","@id":"https:\/\/web.umons.ac.be\/gmec\/#website","url":"https:\/\/web.umons.ac.be\/gmec\/","name":"Service \/ FPMS - G\u00e9nie m\u00e9canique","description":"","potentialAction":[{"@type":"SearchAction","target":{"@type":"EntryPoint","urlTemplate":"https:\/\/web.umons.ac.be\/gmec\/?s={search_term_string}"},"query-input":{"@type":"PropertyValueSpecification","valueRequired":true,"valueName":"search_term_string"}}],"inLanguage":"fr-FR"}]}},"lang":"fr","translations":{"fr":172},"pll_sync_post":[],"_links":{"self":[{"href":"https:\/\/web.umons.ac.be\/gmec\/wp-json\/wp\/v2\/pages\/172","targetHints":{"allow":["GET"]}}],"collection":[{"href":"https:\/\/web.umons.ac.be\/gmec\/wp-json\/wp\/v2\/pages"}],"about":[{"href":"https:\/\/web.umons.ac.be\/gmec\/wp-json\/wp\/v2\/types\/page"}],"author":[{"embeddable":true,"href":"https:\/\/web.umons.ac.be\/gmec\/wp-json\/wp\/v2\/users\/201"}],"replies":[{"embeddable":true,"href":"https:\/\/web.umons.ac.be\/gmec\/wp-json\/wp\/v2\/comments?post=172"}],"version-history":[{"count":3,"href":"https:\/\/web.umons.ac.be\/gmec\/wp-json\/wp\/v2\/pages\/172\/revisions"}],"predecessor-version":[{"id":191,"href":"https:\/\/web.umons.ac.be\/gmec\/wp-json\/wp\/v2\/pages\/172\/revisions\/191"}],"wp:attachment":[{"href":"https:\/\/web.umons.ac.be\/gmec\/wp-json\/wp\/v2\/media?parent=172"}],"curies":[{"name":"wp","href":"https:\/\/api.w.org\/{rel}","templated":true}]}}