{"id":205,"date":"2022-07-15T10:12:35","date_gmt":"2022-07-15T08:12:35","guid":{"rendered":"https:\/\/web.umons.ac.be\/gmec\/?page_id=205"},"modified":"2022-07-15T14:53:10","modified_gmt":"2022-07-15T12:53:10","slug":"offres-demploi","status":"publish","type":"page","link":"https:\/\/web.umons.ac.be\/gmec\/offres-demploi\/","title":{"rendered":"Offres d&#8217;emploi"},"content":{"rendered":"<p>Le service de g\u00e9nie m\u00e9canique recrute, pour engagement d\u00e8s la mi-septembre 2022:<\/p>\n<ul>\n<li>un ing\u00e9nieur civil m\u00e9canicien form\u00e9 \u00e0 la conception m\u00e9canique pour un poste d&rsquo;assistant (contrat de 2 ans renouvelable deux fois) menant \u00e0 la finalisation d&rsquo;une th\u00e8se de doctorat (sur un des sujets : \u00ab\u00a0<a href=\"https:\/\/www.abg.asso.fr\/fr\/candidatOffres\/show\/id_offre\/106805\/job\/developpement-d-un-nouveau-revetement-d-outil-pour-la-coupe-de-l-alliage-de-titane-ti6al4v\">D\u00e9veloppement d\u2019un nouveau rev\u00eatement d\u2019outil pour la coupe de l\u2019alliage de titane Ti6Al4V<\/a>\u00a0\u00bb ou \u00ab\u00a0<a href=\"https:\/\/www.abg.asso.fr\/fr\/candidatOffres\/show\/id_offre\/106698\/job\/modeles-de-surete-de-fonctionnement-des-pieces-de-rechange-d-occasion-et-reconditionnees\">Mod\u00e8les de s\u00fbret\u00e9 de fonctionnement des pi\u00e8ces de rechange d\u2019occasion et reconditionn\u00e9es<\/a>\u00ab\u00a0<\/li>\n<li>un ing\u00e9nieur civil pour une bourse de <a href=\"http:\/\/Contribution \u00e0 la d\u00e9finition des plans d\u2019investissement et de maintenance des \u00e9quipements m\u00e9dicaux en milieu hospitalier\">th\u00e8se dans le domaine de la maintenance hospitali\u00e8re<\/a>, en collaboration avec le CHWAPI<\/li>\n<\/ul>\n<p>Les candidatures sont attendues pour le 15 ao\u00fbt 2022.<\/p>\n","protected":false},"excerpt":{"rendered":"<p>Le service de g\u00e9nie m\u00e9canique recrute, pour engagement d\u00e8s la mi-septembre 2022: un ing\u00e9nieur civil m\u00e9canicien form\u00e9 \u00e0 la conception m\u00e9canique pour un poste d&rsquo;assistant (contrat de 2 ans renouvelable deux fois) menant \u00e0 la finalisation d&rsquo;une th\u00e8se de doctorat (sur un des sujets : \u00ab\u00a0D\u00e9veloppement d\u2019un nouveau rev\u00eatement d\u2019outil pour la coupe de l\u2019alliage [&hellip;]<\/p>\n","protected":false},"author":101,"featured_media":0,"parent":0,"menu_order":0,"comment_status":"closed","ping_status":"closed","template":"","meta":{"footnotes":""},"class_list":["post-205","page","type-page","status-publish","hentry"],"yoast_head":"<!-- This site is optimized with the Yoast SEO plugin v27.2 - https:\/\/yoast.com\/product\/yoast-seo-wordpress\/ -->\n<title>Offres d&#039;emploi - Service \/ FPMS - G\u00e9nie m\u00e9canique<\/title>\n<meta name=\"robots\" content=\"index, follow, max-snippet:-1, max-image-preview:large, max-video-preview:-1\" \/>\n<link rel=\"canonical\" href=\"https:\/\/web.umons.ac.be\/gmec\/offres-demploi\/\" \/>\n<meta property=\"og:locale\" content=\"fr_FR\" \/>\n<meta property=\"og:type\" content=\"article\" \/>\n<meta property=\"og:title\" content=\"Offres d&#039;emploi - Service \/ FPMS - G\u00e9nie m\u00e9canique\" \/>\n<meta property=\"og:description\" content=\"Le service de g\u00e9nie m\u00e9canique recrute, pour engagement d\u00e8s la mi-septembre 2022: un ing\u00e9nieur civil m\u00e9canicien form\u00e9 \u00e0 la conception m\u00e9canique pour un poste d&rsquo;assistant (contrat de 2 ans renouvelable deux fois) menant \u00e0 la finalisation d&rsquo;une th\u00e8se de doctorat (sur un des sujets : \u00ab\u00a0D\u00e9veloppement d\u2019un nouveau rev\u00eatement d\u2019outil pour la coupe de l\u2019alliage [&hellip;]\" \/>\n<meta property=\"og:url\" content=\"https:\/\/web.umons.ac.be\/gmec\/offres-demploi\/\" \/>\n<meta property=\"og:site_name\" content=\"Service \/ FPMS - G\u00e9nie m\u00e9canique\" \/>\n<meta property=\"article:modified_time\" content=\"2022-07-15T12:53:10+00:00\" \/>\n<meta name=\"twitter:card\" content=\"summary_large_image\" \/>\n<meta name=\"twitter:label1\" content=\"Dur\u00e9e de lecture estim\u00e9e\" \/>\n\t<meta name=\"twitter:data1\" content=\"1 minute\" \/>\n<script type=\"application\/ld+json\" class=\"yoast-schema-graph\">{\"@context\":\"https:\/\/schema.org\",\"@graph\":[{\"@type\":\"WebPage\",\"@id\":\"https:\/\/web.umons.ac.be\/gmec\/offres-demploi\/\",\"url\":\"https:\/\/web.umons.ac.be\/gmec\/offres-demploi\/\",\"name\":\"Offres d'emploi - Service \/ FPMS - G\u00e9nie m\u00e9canique\",\"isPartOf\":{\"@id\":\"https:\/\/web.umons.ac.be\/gmec\/#website\"},\"datePublished\":\"2022-07-15T08:12:35+00:00\",\"dateModified\":\"2022-07-15T12:53:10+00:00\",\"breadcrumb\":{\"@id\":\"https:\/\/web.umons.ac.be\/gmec\/offres-demploi\/#breadcrumb\"},\"inLanguage\":\"fr-FR\",\"potentialAction\":[{\"@type\":\"ReadAction\",\"target\":[\"https:\/\/web.umons.ac.be\/gmec\/offres-demploi\/\"]}]},{\"@type\":\"BreadcrumbList\",\"@id\":\"https:\/\/web.umons.ac.be\/gmec\/offres-demploi\/#breadcrumb\",\"itemListElement\":[{\"@type\":\"ListItem\",\"position\":1,\"name\":\"Home\",\"item\":\"https:\/\/web.umons.ac.be\/gmec\/\"},{\"@type\":\"ListItem\",\"position\":2,\"name\":\"Offres d&#8217;emploi\"}]},{\"@type\":\"WebSite\",\"@id\":\"https:\/\/web.umons.ac.be\/gmec\/#website\",\"url\":\"https:\/\/web.umons.ac.be\/gmec\/\",\"name\":\"Service \/ FPMS - G\u00e9nie m\u00e9canique\",\"description\":\"\",\"potentialAction\":[{\"@type\":\"SearchAction\",\"target\":{\"@type\":\"EntryPoint\",\"urlTemplate\":\"https:\/\/web.umons.ac.be\/gmec\/?s={search_term_string}\"},\"query-input\":{\"@type\":\"PropertyValueSpecification\",\"valueRequired\":true,\"valueName\":\"search_term_string\"}}],\"inLanguage\":\"fr-FR\"}]}<\/script>\n<!-- \/ Yoast SEO plugin. -->","yoast_head_json":{"title":"Offres d'emploi - Service \/ FPMS - G\u00e9nie m\u00e9canique","robots":{"index":"index","follow":"follow","max-snippet":"max-snippet:-1","max-image-preview":"max-image-preview:large","max-video-preview":"max-video-preview:-1"},"canonical":"https:\/\/web.umons.ac.be\/gmec\/offres-demploi\/","og_locale":"fr_FR","og_type":"article","og_title":"Offres d'emploi - Service \/ FPMS - G\u00e9nie m\u00e9canique","og_description":"Le service de g\u00e9nie m\u00e9canique recrute, pour engagement d\u00e8s la mi-septembre 2022: un ing\u00e9nieur civil m\u00e9canicien form\u00e9 \u00e0 la conception m\u00e9canique pour un poste d&rsquo;assistant (contrat de 2 ans renouvelable deux fois) menant \u00e0 la finalisation d&rsquo;une th\u00e8se de doctorat (sur un des sujets : \u00ab\u00a0D\u00e9veloppement d\u2019un nouveau rev\u00eatement d\u2019outil pour la coupe de l\u2019alliage [&hellip;]","og_url":"https:\/\/web.umons.ac.be\/gmec\/offres-demploi\/","og_site_name":"Service \/ FPMS - G\u00e9nie m\u00e9canique","article_modified_time":"2022-07-15T12:53:10+00:00","twitter_card":"summary_large_image","twitter_misc":{"Dur\u00e9e de lecture estim\u00e9e":"1 minute"},"schema":{"@context":"https:\/\/schema.org","@graph":[{"@type":"WebPage","@id":"https:\/\/web.umons.ac.be\/gmec\/offres-demploi\/","url":"https:\/\/web.umons.ac.be\/gmec\/offres-demploi\/","name":"Offres d'emploi - Service \/ FPMS - G\u00e9nie m\u00e9canique","isPartOf":{"@id":"https:\/\/web.umons.ac.be\/gmec\/#website"},"datePublished":"2022-07-15T08:12:35+00:00","dateModified":"2022-07-15T12:53:10+00:00","breadcrumb":{"@id":"https:\/\/web.umons.ac.be\/gmec\/offres-demploi\/#breadcrumb"},"inLanguage":"fr-FR","potentialAction":[{"@type":"ReadAction","target":["https:\/\/web.umons.ac.be\/gmec\/offres-demploi\/"]}]},{"@type":"BreadcrumbList","@id":"https:\/\/web.umons.ac.be\/gmec\/offres-demploi\/#breadcrumb","itemListElement":[{"@type":"ListItem","position":1,"name":"Home","item":"https:\/\/web.umons.ac.be\/gmec\/"},{"@type":"ListItem","position":2,"name":"Offres d&#8217;emploi"}]},{"@type":"WebSite","@id":"https:\/\/web.umons.ac.be\/gmec\/#website","url":"https:\/\/web.umons.ac.be\/gmec\/","name":"Service \/ FPMS - G\u00e9nie m\u00e9canique","description":"","potentialAction":[{"@type":"SearchAction","target":{"@type":"EntryPoint","urlTemplate":"https:\/\/web.umons.ac.be\/gmec\/?s={search_term_string}"},"query-input":{"@type":"PropertyValueSpecification","valueRequired":true,"valueName":"search_term_string"}}],"inLanguage":"fr-FR"}]}},"lang":"fr","translations":{"fr":205},"pll_sync_post":[],"_links":{"self":[{"href":"https:\/\/web.umons.ac.be\/gmec\/wp-json\/wp\/v2\/pages\/205","targetHints":{"allow":["GET"]}}],"collection":[{"href":"https:\/\/web.umons.ac.be\/gmec\/wp-json\/wp\/v2\/pages"}],"about":[{"href":"https:\/\/web.umons.ac.be\/gmec\/wp-json\/wp\/v2\/types\/page"}],"author":[{"embeddable":true,"href":"https:\/\/web.umons.ac.be\/gmec\/wp-json\/wp\/v2\/users\/101"}],"replies":[{"embeddable":true,"href":"https:\/\/web.umons.ac.be\/gmec\/wp-json\/wp\/v2\/comments?post=205"}],"version-history":[{"count":3,"href":"https:\/\/web.umons.ac.be\/gmec\/wp-json\/wp\/v2\/pages\/205\/revisions"}],"predecessor-version":[{"id":209,"href":"https:\/\/web.umons.ac.be\/gmec\/wp-json\/wp\/v2\/pages\/205\/revisions\/209"}],"wp:attachment":[{"href":"https:\/\/web.umons.ac.be\/gmec\/wp-json\/wp\/v2\/media?parent=205"}],"curies":[{"name":"wp","href":"https:\/\/api.w.org\/{rel}","templated":true}]}}