{"id":73,"date":"2021-10-29T08:30:25","date_gmt":"2021-10-29T06:30:25","guid":{"rendered":"https:\/\/web.umons.ac.be\/gmec\/?page_id=73"},"modified":"2024-10-03T09:44:09","modified_gmt":"2024-10-03T07:44:09","slug":"gmake-decoupe-laser-cyborg-01","status":"publish","type":"page","link":"https:\/\/web.umons.ac.be\/gmec\/gmake\/gmake-decoupe-laser-cyborg-01\/","title":{"rendered":"GMAKE- D\u00e9coupLaser1"},"content":{"rendered":"<h2><strong>GMAKE- D\u00e9coupLaser1<\/strong><\/h2>\n<h2><strong>ML-W960-100w<\/strong><\/h2>\n<h3><strong>Disponibilit\u00e9s<\/strong><\/h3>\n<start-cask-shortcode-wrapper><iframe ><\/iframe><end-cask-shortcode-wrapper>\n<start-cask-shortcode-wrapper>    <div class=\"aggregation-blocks content-block scheme-fpms\">\n        <ul class=\"blocks-list\">\n                        <li>\n                <article class=\"aggregation-block\">\n                    \n                    <h2 class=\"block-title\">\n                                                <a href=\"https:\/\/web.umons.ac.be\/gmec\/gmake\/gmake-reservation-machine\/\" class=\"title-link scheme-color-hover\" title=\"En savoir plus sur : \">\n                                                                                                    <\/a>\n                                            <\/h2>\n\n                    <div class=\"block-content\">\n                                                                            <p>\n                                <a href=\"https:\/\/web.umons.ac.be\/gmec\/gmake\/gmake-reservation-machine\/\" class=\"button button-primary-alt\">\n                                    Je r\u00e9serve !                                    <span class=\"icon umons-icon-chevron-right\" aria-hidden=\"true\"><\/span>\n                                <\/a>\n                            <\/p>\n                                            <\/div>\n                <\/article>\n            <\/li>\n                <\/ul>\n    <\/div>\n<end-cask-shortcode-wrapper>\n<h3><strong>Caract\u00e9ristiques<\/strong><\/h3>\n<figure class=\"wp-block-table\">\n<table style=\"height: 312px; width: 100%;\">\n<tbody>\n<tr style=\"height: 52px;\">\n<td style=\"height: 52px; width: 59.6529%;\">Surface de travail\u00a0(d\u00e9coupe)<\/td>\n<td style=\"height: 52px; width: 40.2387%;\">900 x 600 mm<\/td>\n<\/tr>\n<tr style=\"height: 52px;\">\n<td style=\"height: 52px; width: 59.6529%;\">Puissance Laser<\/td>\n<td style=\"height: 52px; width: 40.2387%;\">100 W<\/td>\n<\/tr>\n<tr style=\"height: 52px;\">\n<td style=\"height: 52px; width: 59.6529%;\"><span lang=\"FR-LU\">Pr\u00e9cision de replacement\u00a0<\/span><\/td>\n<td style=\"height: 52px; width: 40.2387%;\">&lt;0.01 mm<\/td>\n<\/tr>\n<tr style=\"height: 52px;\">\n<td style=\"height: 52px; width: 59.6529%;\">Vitesse gravure max<\/td>\n<td style=\"height: 52px; width: 40.2387%;\">1200 mm\/s<\/td>\n<\/tr>\n<tr style=\"height: 52px;\">\n<td style=\"height: 52px; width: 59.6529%;\">Format de fichier<\/td>\n<td style=\"height: 52px; width: 40.2387%;\">.DXF<\/td>\n<\/tr>\n<tr>\n<td style=\"width: 59.6529%;\">Interface<\/td>\n<td style=\"width: 40.2387%;\">Ordinateur \/ USB<\/td>\n<\/tr>\n<\/tbody>\n<\/table>\n<p><img loading=\"lazy\" decoding=\"async\" class=\"size-medium wp-image-428 aligncenter\" src=\"https:\/\/web.umons.ac.be\/app\/uploads\/sites\/60\/2024\/10\/MLLASER_Machine-262x300.png\" alt=\"\" width=\"262\" height=\"300\" srcset=\"https:\/\/web.umons.ac.be\/app\/uploads\/sites\/60\/2024\/10\/MLLASER_Machine-262x300.png 262w, https:\/\/web.umons.ac.be\/app\/uploads\/sites\/60\/2024\/10\/MLLASER_Machine-30x34.png 30w, https:\/\/web.umons.ac.be\/app\/uploads\/sites\/60\/2024\/10\/MLLASER_Machine-52x60.png 52w, https:\/\/web.umons.ac.be\/app\/uploads\/sites\/60\/2024\/10\/MLLASER_Machine-360x412.png 360w, https:\/\/web.umons.ac.be\/app\/uploads\/sites\/60\/2024\/10\/MLLASER_Machine.png 382w\" sizes=\"auto, (max-width: 262px) 100vw, 262px\" \/><\/p>\n<p>&nbsp;<\/figure>\n","protected":false},"excerpt":{"rendered":"<p>GMAKE- D\u00e9coupLaser1 ML-W960-100w Disponibilit\u00e9s Caract\u00e9ristiques Surface de travail\u00a0(d\u00e9coupe) 900 x 600 mm Puissance Laser 100 W Pr\u00e9cision de replacement\u00a0 &lt;0.01 mm Vitesse gravure max 1200 mm\/s Format de fichier .DXF Interface Ordinateur \/ USB &nbsp;<\/p>\n","protected":false},"author":2,"featured_media":0,"parent":69,"menu_order":0,"comment_status":"closed","ping_status":"closed","template":"","meta":{"footnotes":""},"class_list":["post-73","page","type-page","status-publish","hentry"],"yoast_head":"<!-- This site is optimized with the Yoast SEO plugin v27.2 - https:\/\/yoast.com\/product\/yoast-seo-wordpress\/ -->\n<title>GMAKE- D\u00e9coupLaser1 - Service \/ FPMS - G\u00e9nie m\u00e9canique<\/title>\n<meta name=\"robots\" content=\"index, follow, max-snippet:-1, max-image-preview:large, max-video-preview:-1\" \/>\n<link rel=\"canonical\" href=\"https:\/\/web.umons.ac.be\/gmec\/gmake\/gmake-decoupe-laser-cyborg-01\/\" \/>\n<meta property=\"og:locale\" content=\"fr_FR\" \/>\n<meta property=\"og:type\" content=\"article\" \/>\n<meta property=\"og:title\" content=\"GMAKE- D\u00e9coupLaser1 - Service \/ FPMS - G\u00e9nie m\u00e9canique\" \/>\n<meta property=\"og:description\" content=\"GMAKE- D\u00e9coupLaser1 ML-W960-100w Disponibilit\u00e9s Caract\u00e9ristiques Surface de travail\u00a0(d\u00e9coupe) 900 x 600 mm Puissance Laser 100 W Pr\u00e9cision de replacement\u00a0 &lt;0.01 mm Vitesse gravure max 1200 mm\/s Format de fichier .DXF Interface Ordinateur \/ USB &nbsp;\" \/>\n<meta property=\"og:url\" content=\"https:\/\/web.umons.ac.be\/gmec\/gmake\/gmake-decoupe-laser-cyborg-01\/\" \/>\n<meta property=\"og:site_name\" content=\"Service \/ FPMS - G\u00e9nie m\u00e9canique\" \/>\n<meta property=\"article:modified_time\" content=\"2024-10-03T07:44:09+00:00\" \/>\n<meta property=\"og:image\" content=\"https:\/\/web.umons.ac.be\/app\/uploads\/sites\/60\/2024\/10\/MLLASER_Machine-262x300.png\" \/>\n<meta name=\"twitter:card\" content=\"summary_large_image\" \/>\n<meta name=\"twitter:label1\" content=\"Dur\u00e9e de lecture estim\u00e9e\" \/>\n\t<meta name=\"twitter:data1\" content=\"1 minute\" \/>\n<script type=\"application\/ld+json\" class=\"yoast-schema-graph\">{\"@context\":\"https:\/\/schema.org\",\"@graph\":[{\"@type\":\"WebPage\",\"@id\":\"https:\/\/web.umons.ac.be\/gmec\/gmake\/gmake-decoupe-laser-cyborg-01\/\",\"url\":\"https:\/\/web.umons.ac.be\/gmec\/gmake\/gmake-decoupe-laser-cyborg-01\/\",\"name\":\"GMAKE- D\u00e9coupLaser1 - Service \/ FPMS - G\u00e9nie m\u00e9canique\",\"isPartOf\":{\"@id\":\"https:\/\/web.umons.ac.be\/gmec\/#website\"},\"primaryImageOfPage\":{\"@id\":\"https:\/\/web.umons.ac.be\/gmec\/gmake\/gmake-decoupe-laser-cyborg-01\/#primaryimage\"},\"image\":{\"@id\":\"https:\/\/web.umons.ac.be\/gmec\/gmake\/gmake-decoupe-laser-cyborg-01\/#primaryimage\"},\"thumbnailUrl\":\"https:\/\/web.umons.ac.be\/app\/uploads\/sites\/60\/2024\/10\/MLLASER_Machine-262x300.png\",\"datePublished\":\"2021-10-29T06:30:25+00:00\",\"dateModified\":\"2024-10-03T07:44:09+00:00\",\"breadcrumb\":{\"@id\":\"https:\/\/web.umons.ac.be\/gmec\/gmake\/gmake-decoupe-laser-cyborg-01\/#breadcrumb\"},\"inLanguage\":\"fr-FR\",\"potentialAction\":[{\"@type\":\"ReadAction\",\"target\":[\"https:\/\/web.umons.ac.be\/gmec\/gmake\/gmake-decoupe-laser-cyborg-01\/\"]}]},{\"@type\":\"ImageObject\",\"inLanguage\":\"fr-FR\",\"@id\":\"https:\/\/web.umons.ac.be\/gmec\/gmake\/gmake-decoupe-laser-cyborg-01\/#primaryimage\",\"url\":\"https:\/\/web.umons.ac.be\/app\/uploads\/sites\/60\/2024\/10\/MLLASER_Machine-262x300.png\",\"contentUrl\":\"https:\/\/web.umons.ac.be\/app\/uploads\/sites\/60\/2024\/10\/MLLASER_Machine-262x300.png\"},{\"@type\":\"BreadcrumbList\",\"@id\":\"https:\/\/web.umons.ac.be\/gmec\/gmake\/gmake-decoupe-laser-cyborg-01\/#breadcrumb\",\"itemListElement\":[{\"@type\":\"ListItem\",\"position\":1,\"name\":\"Home\",\"item\":\"https:\/\/web.umons.ac.be\/gmec\/\"},{\"@type\":\"ListItem\",\"position\":2,\"name\":\"GMAKE\",\"item\":\"https:\/\/web.umons.ac.be\/gmec\/gmake\/\"},{\"@type\":\"ListItem\",\"position\":3,\"name\":\"GMAKE- D\u00e9coupLaser1\"}]},{\"@type\":\"WebSite\",\"@id\":\"https:\/\/web.umons.ac.be\/gmec\/#website\",\"url\":\"https:\/\/web.umons.ac.be\/gmec\/\",\"name\":\"Service \/ FPMS - G\u00e9nie m\u00e9canique\",\"description\":\"\",\"potentialAction\":[{\"@type\":\"SearchAction\",\"target\":{\"@type\":\"EntryPoint\",\"urlTemplate\":\"https:\/\/web.umons.ac.be\/gmec\/?s={search_term_string}\"},\"query-input\":{\"@type\":\"PropertyValueSpecification\",\"valueRequired\":true,\"valueName\":\"search_term_string\"}}],\"inLanguage\":\"fr-FR\"}]}<\/script>\n<!-- \/ Yoast SEO plugin. -->","yoast_head_json":{"title":"GMAKE- D\u00e9coupLaser1 - Service \/ FPMS - G\u00e9nie m\u00e9canique","robots":{"index":"index","follow":"follow","max-snippet":"max-snippet:-1","max-image-preview":"max-image-preview:large","max-video-preview":"max-video-preview:-1"},"canonical":"https:\/\/web.umons.ac.be\/gmec\/gmake\/gmake-decoupe-laser-cyborg-01\/","og_locale":"fr_FR","og_type":"article","og_title":"GMAKE- D\u00e9coupLaser1 - Service \/ FPMS - G\u00e9nie m\u00e9canique","og_description":"GMAKE- D\u00e9coupLaser1 ML-W960-100w Disponibilit\u00e9s Caract\u00e9ristiques Surface de travail\u00a0(d\u00e9coupe) 900 x 600 mm Puissance Laser 100 W Pr\u00e9cision de replacement\u00a0 &lt;0.01 mm Vitesse gravure max 1200 mm\/s Format de fichier .DXF Interface Ordinateur \/ USB &nbsp;","og_url":"https:\/\/web.umons.ac.be\/gmec\/gmake\/gmake-decoupe-laser-cyborg-01\/","og_site_name":"Service \/ FPMS - G\u00e9nie m\u00e9canique","article_modified_time":"2024-10-03T07:44:09+00:00","og_image":[{"url":"https:\/\/web.umons.ac.be\/app\/uploads\/sites\/60\/2024\/10\/MLLASER_Machine-262x300.png","type":"","width":"","height":""}],"twitter_card":"summary_large_image","twitter_misc":{"Dur\u00e9e de lecture estim\u00e9e":"1 minute"},"schema":{"@context":"https:\/\/schema.org","@graph":[{"@type":"WebPage","@id":"https:\/\/web.umons.ac.be\/gmec\/gmake\/gmake-decoupe-laser-cyborg-01\/","url":"https:\/\/web.umons.ac.be\/gmec\/gmake\/gmake-decoupe-laser-cyborg-01\/","name":"GMAKE- D\u00e9coupLaser1 - Service \/ FPMS - G\u00e9nie m\u00e9canique","isPartOf":{"@id":"https:\/\/web.umons.ac.be\/gmec\/#website"},"primaryImageOfPage":{"@id":"https:\/\/web.umons.ac.be\/gmec\/gmake\/gmake-decoupe-laser-cyborg-01\/#primaryimage"},"image":{"@id":"https:\/\/web.umons.ac.be\/gmec\/gmake\/gmake-decoupe-laser-cyborg-01\/#primaryimage"},"thumbnailUrl":"https:\/\/web.umons.ac.be\/app\/uploads\/sites\/60\/2024\/10\/MLLASER_Machine-262x300.png","datePublished":"2021-10-29T06:30:25+00:00","dateModified":"2024-10-03T07:44:09+00:00","breadcrumb":{"@id":"https:\/\/web.umons.ac.be\/gmec\/gmake\/gmake-decoupe-laser-cyborg-01\/#breadcrumb"},"inLanguage":"fr-FR","potentialAction":[{"@type":"ReadAction","target":["https:\/\/web.umons.ac.be\/gmec\/gmake\/gmake-decoupe-laser-cyborg-01\/"]}]},{"@type":"ImageObject","inLanguage":"fr-FR","@id":"https:\/\/web.umons.ac.be\/gmec\/gmake\/gmake-decoupe-laser-cyborg-01\/#primaryimage","url":"https:\/\/web.umons.ac.be\/app\/uploads\/sites\/60\/2024\/10\/MLLASER_Machine-262x300.png","contentUrl":"https:\/\/web.umons.ac.be\/app\/uploads\/sites\/60\/2024\/10\/MLLASER_Machine-262x300.png"},{"@type":"BreadcrumbList","@id":"https:\/\/web.umons.ac.be\/gmec\/gmake\/gmake-decoupe-laser-cyborg-01\/#breadcrumb","itemListElement":[{"@type":"ListItem","position":1,"name":"Home","item":"https:\/\/web.umons.ac.be\/gmec\/"},{"@type":"ListItem","position":2,"name":"GMAKE","item":"https:\/\/web.umons.ac.be\/gmec\/gmake\/"},{"@type":"ListItem","position":3,"name":"GMAKE- D\u00e9coupLaser1"}]},{"@type":"WebSite","@id":"https:\/\/web.umons.ac.be\/gmec\/#website","url":"https:\/\/web.umons.ac.be\/gmec\/","name":"Service \/ FPMS - G\u00e9nie m\u00e9canique","description":"","potentialAction":[{"@type":"SearchAction","target":{"@type":"EntryPoint","urlTemplate":"https:\/\/web.umons.ac.be\/gmec\/?s={search_term_string}"},"query-input":{"@type":"PropertyValueSpecification","valueRequired":true,"valueName":"search_term_string"}}],"inLanguage":"fr-FR"}]}},"lang":"fr","translations":{"fr":73},"pll_sync_post":[],"_links":{"self":[{"href":"https:\/\/web.umons.ac.be\/gmec\/wp-json\/wp\/v2\/pages\/73","targetHints":{"allow":["GET"]}}],"collection":[{"href":"https:\/\/web.umons.ac.be\/gmec\/wp-json\/wp\/v2\/pages"}],"about":[{"href":"https:\/\/web.umons.ac.be\/gmec\/wp-json\/wp\/v2\/types\/page"}],"author":[{"embeddable":true,"href":"https:\/\/web.umons.ac.be\/gmec\/wp-json\/wp\/v2\/users\/2"}],"replies":[{"embeddable":true,"href":"https:\/\/web.umons.ac.be\/gmec\/wp-json\/wp\/v2\/comments?post=73"}],"version-history":[{"count":3,"href":"https:\/\/web.umons.ac.be\/gmec\/wp-json\/wp\/v2\/pages\/73\/revisions"}],"predecessor-version":[{"id":430,"href":"https:\/\/web.umons.ac.be\/gmec\/wp-json\/wp\/v2\/pages\/73\/revisions\/430"}],"up":[{"embeddable":true,"href":"https:\/\/web.umons.ac.be\/gmec\/wp-json\/wp\/v2\/pages\/69"}],"wp:attachment":[{"href":"https:\/\/web.umons.ac.be\/gmec\/wp-json\/wp\/v2\/media?parent=73"}],"curies":[{"name":"wp","href":"https:\/\/api.w.org\/{rel}","templated":true}]}}