{"id":11,"date":"2021-11-25T16:11:20","date_gmt":"2021-11-25T15:11:20","guid":{"rendered":"https:\/\/web.umons.ac.be\/gmin\/activites-denseignement\/"},"modified":"2021-11-25T16:51:57","modified_gmt":"2021-11-25T15:51:57","slug":"activites-denseignement","status":"publish","type":"page","link":"https:\/\/web.umons.ac.be\/gmin\/activites-denseignement\/","title":{"rendered":"Activit\u00e9s d&rsquo;enseignement"},"content":{"rendered":"<p>Les enseignements dispens\u00e9s par le service de G\u00e9nie Minier font partie de la formation d&rsquo;Ing\u00e9nieur civil des Mines et G\u00e9ologue. La description, la structure, la r\u00e9partition des cr\u00e9dits, les acquis et les d\u00e9bouch\u00e9s de cette formation sont disponibles ici.<\/p>\n<p>Le\u00a0service de G\u00e9nie Minier de la Facult\u00e9 Polytechnique de Mons\u00a0propose un enseignement bas\u00e9 sur trois th\u00e9matiques principales. Celles-ci sont:<\/p>\n<ul>\n<li>La m\u00e9canique des roches, le forage et le r\u00e9servoir engineering<\/li>\n<li>L&rsquo;exploitation des mines &amp; carri\u00e8res et la construction des ouvrages souterrains<\/li>\n<li>La valorisation des mati\u00e8res<\/li>\n<\/ul>\n<p>Ces enseignements sont\u00a0\u00e9toff\u00e9s par divers projets,\u00a0s\u00e9minaires ainsi que par le\u00a0voyage Mines et mis en pratique lors d&rsquo;un stage industriel.\u00a0La formation\u00a0est\u00a0ponctu\u00e9e par un travail de fin d&rsquo;\u00e9tudes.<\/p>\n<p><strong>La m\u00e9canique des roches, le forage et le reservoir engineering<\/strong><\/p>\n<ul>\n<li>Comportement m\u00e9canique des g\u00e9omat\u00e9riaux<\/li>\n<li>Mod\u00e9lisation analytique et num\u00e9rique en m\u00e9canique des roches<\/li>\n<li>Projet de g\u00e9om\u00e9canique<\/li>\n<li>Sondages, forages profonds et r\u00e9servoir engineering<\/li>\n<\/ul>\n<p><img loading=\"lazy\" decoding=\"async\" class=\"alignnone size-full wp-image-54\" src=\"https:\/\/web.umons.ac.be\/app\/uploads\/sites\/136\/2021\/11\/ban1.jpg\" alt=\"\" width=\"1000\" height=\"175\" srcset=\"https:\/\/web.umons.ac.be\/app\/uploads\/sites\/136\/2021\/11\/ban1.jpg 1000w, https:\/\/web.umons.ac.be\/app\/uploads\/sites\/136\/2021\/11\/ban1-300x53.jpg 300w, https:\/\/web.umons.ac.be\/app\/uploads\/sites\/136\/2021\/11\/ban1-768x134.jpg 768w, https:\/\/web.umons.ac.be\/app\/uploads\/sites\/136\/2021\/11\/ban1-30x5.jpg 30w, https:\/\/web.umons.ac.be\/app\/uploads\/sites\/136\/2021\/11\/ban1-60x11.jpg 60w, https:\/\/web.umons.ac.be\/app\/uploads\/sites\/136\/2021\/11\/ban1-360x63.jpg 360w\" sizes=\"auto, (max-width: 1000px) 100vw, 1000px\" \/><\/p>\n<p><strong>L&rsquo;exploitation des mines\u00a0&amp; carri\u00e8res et construction des ouvrages souterrains<\/strong><\/p>\n<ul>\n<li>Extraction des ressources min\u00e9rales<\/li>\n<li>Conception et construction des ouvrages du g\u00e9nie minier<\/li>\n<li>Projet de planification et optimisation des exploitations<\/li>\n<li>Voyage Mines<\/li>\n<\/ul>\n<p><img loading=\"lazy\" decoding=\"async\" class=\"alignnone size-full wp-image-55\" src=\"https:\/\/web.umons.ac.be\/app\/uploads\/sites\/136\/2021\/11\/ban2.jpg\" alt=\"\" width=\"1000\" height=\"175\" srcset=\"https:\/\/web.umons.ac.be\/app\/uploads\/sites\/136\/2021\/11\/ban2.jpg 1000w, https:\/\/web.umons.ac.be\/app\/uploads\/sites\/136\/2021\/11\/ban2-300x53.jpg 300w, https:\/\/web.umons.ac.be\/app\/uploads\/sites\/136\/2021\/11\/ban2-768x134.jpg 768w, https:\/\/web.umons.ac.be\/app\/uploads\/sites\/136\/2021\/11\/ban2-30x5.jpg 30w, https:\/\/web.umons.ac.be\/app\/uploads\/sites\/136\/2021\/11\/ban2-60x11.jpg 60w, https:\/\/web.umons.ac.be\/app\/uploads\/sites\/136\/2021\/11\/ban2-360x63.jpg 360w\" sizes=\"auto, (max-width: 1000px) 100vw, 1000px\" \/><\/p>\n<p><strong>La valorisation des mati\u00e8res<\/strong><\/p>\n<ul>\n<li>Traitement des minerais<\/li>\n<li>Compl\u00e9ments de traitement des minerais<\/li>\n<li>Traitement des sols pollu\u00e9s<\/li>\n<\/ul>\n<p><img loading=\"lazy\" decoding=\"async\" class=\"alignnone size-full wp-image-56\" src=\"https:\/\/web.umons.ac.be\/app\/uploads\/sites\/136\/2021\/11\/ban3.jpg\" alt=\"\" width=\"1000\" height=\"175\" srcset=\"https:\/\/web.umons.ac.be\/app\/uploads\/sites\/136\/2021\/11\/ban3.jpg 1000w, https:\/\/web.umons.ac.be\/app\/uploads\/sites\/136\/2021\/11\/ban3-300x53.jpg 300w, https:\/\/web.umons.ac.be\/app\/uploads\/sites\/136\/2021\/11\/ban3-768x134.jpg 768w, https:\/\/web.umons.ac.be\/app\/uploads\/sites\/136\/2021\/11\/ban3-30x5.jpg 30w, https:\/\/web.umons.ac.be\/app\/uploads\/sites\/136\/2021\/11\/ban3-60x11.jpg 60w, https:\/\/web.umons.ac.be\/app\/uploads\/sites\/136\/2021\/11\/ban3-360x63.jpg 360w\" sizes=\"auto, (max-width: 1000px) 100vw, 1000px\" \/><\/p>\n<p><strong>S\u00e9minaires, stage et TFE<\/strong><\/p>\n<ul>\n<li>S\u00e9minaires<\/li>\n<li>Stage<\/li>\n<li>Travaux de fin d&rsquo;\u00e9tudes (Liste des TFE)<\/li>\n<\/ul>\n","protected":false},"excerpt":{"rendered":"<p>Les enseignements dispens\u00e9s par le service de G\u00e9nie Minier font partie de la formation d&rsquo;Ing\u00e9nieur civil des Mines et G\u00e9ologue. La description, la structure, la r\u00e9partition des cr\u00e9dits, les acquis et les d\u00e9bouch\u00e9s de cette formation sont disponibles ici. Le\u00a0service de G\u00e9nie Minier de la Facult\u00e9 Polytechnique de Mons\u00a0propose un enseignement bas\u00e9 sur trois th\u00e9matiques [&hellip;]<\/p>\n","protected":false},"author":4,"featured_media":0,"parent":0,"menu_order":0,"comment_status":"closed","ping_status":"closed","template":"","meta":{"footnotes":""},"class_list":["post-11","page","type-page","status-publish","hentry"],"yoast_head":"<!-- This site is optimized with the Yoast SEO plugin v27.2 - https:\/\/yoast.com\/product\/yoast-seo-wordpress\/ -->\n<title>Activit\u00e9s d&#039;enseignement - Service \/ FPMS - G\u00e9nie Minier<\/title>\n<meta name=\"robots\" content=\"index, follow, max-snippet:-1, max-image-preview:large, max-video-preview:-1\" \/>\n<link rel=\"canonical\" href=\"https:\/\/web.umons.ac.be\/gmin\/activites-denseignement\/\" \/>\n<meta property=\"og:locale\" content=\"fr_FR\" \/>\n<meta property=\"og:type\" content=\"article\" \/>\n<meta property=\"og:title\" content=\"Activit\u00e9s d&#039;enseignement - Service \/ FPMS - G\u00e9nie Minier\" \/>\n<meta property=\"og:description\" content=\"Les enseignements dispens\u00e9s par le service de G\u00e9nie Minier font partie de la formation d&rsquo;Ing\u00e9nieur civil des Mines et G\u00e9ologue. La description, la structure, la r\u00e9partition des cr\u00e9dits, les acquis et les d\u00e9bouch\u00e9s de cette formation sont disponibles ici. Le\u00a0service de G\u00e9nie Minier de la Facult\u00e9 Polytechnique de Mons\u00a0propose un enseignement bas\u00e9 sur trois th\u00e9matiques [&hellip;]\" \/>\n<meta property=\"og:url\" content=\"https:\/\/web.umons.ac.be\/gmin\/activites-denseignement\/\" \/>\n<meta property=\"og:site_name\" content=\"Service \/ FPMS - G\u00e9nie Minier\" \/>\n<meta property=\"article:modified_time\" content=\"2021-11-25T15:51:57+00:00\" \/>\n<meta property=\"og:image\" content=\"https:\/\/web.umons.ac.be\/app\/uploads\/sites\/136\/2021\/11\/ban1.jpg\" \/>\n<meta name=\"twitter:card\" content=\"summary_large_image\" \/>\n<meta name=\"twitter:label1\" content=\"Dur\u00e9e de lecture estim\u00e9e\" \/>\n\t<meta name=\"twitter:data1\" content=\"2 minutes\" \/>\n<script type=\"application\/ld+json\" class=\"yoast-schema-graph\">{\"@context\":\"https:\/\/schema.org\",\"@graph\":[{\"@type\":\"WebPage\",\"@id\":\"https:\/\/web.umons.ac.be\/gmin\/activites-denseignement\/\",\"url\":\"https:\/\/web.umons.ac.be\/gmin\/activites-denseignement\/\",\"name\":\"Activit\u00e9s d'enseignement - Service \/ FPMS - G\u00e9nie Minier\",\"isPartOf\":{\"@id\":\"https:\/\/web.umons.ac.be\/gmin\/#website\"},\"primaryImageOfPage\":{\"@id\":\"https:\/\/web.umons.ac.be\/gmin\/activites-denseignement\/#primaryimage\"},\"image\":{\"@id\":\"https:\/\/web.umons.ac.be\/gmin\/activites-denseignement\/#primaryimage\"},\"thumbnailUrl\":\"https:\/\/web.umons.ac.be\/app\/uploads\/sites\/136\/2021\/11\/ban1.jpg\",\"datePublished\":\"2021-11-25T15:11:20+00:00\",\"dateModified\":\"2021-11-25T15:51:57+00:00\",\"breadcrumb\":{\"@id\":\"https:\/\/web.umons.ac.be\/gmin\/activites-denseignement\/#breadcrumb\"},\"inLanguage\":\"fr-FR\",\"potentialAction\":[{\"@type\":\"ReadAction\",\"target\":[\"https:\/\/web.umons.ac.be\/gmin\/activites-denseignement\/\"]}]},{\"@type\":\"ImageObject\",\"inLanguage\":\"fr-FR\",\"@id\":\"https:\/\/web.umons.ac.be\/gmin\/activites-denseignement\/#primaryimage\",\"url\":\"https:\/\/web.umons.ac.be\/app\/uploads\/sites\/136\/2021\/11\/ban1.jpg\",\"contentUrl\":\"https:\/\/web.umons.ac.be\/app\/uploads\/sites\/136\/2021\/11\/ban1.jpg\"},{\"@type\":\"BreadcrumbList\",\"@id\":\"https:\/\/web.umons.ac.be\/gmin\/activites-denseignement\/#breadcrumb\",\"itemListElement\":[{\"@type\":\"ListItem\",\"position\":1,\"name\":\"Home\",\"item\":\"https:\/\/web.umons.ac.be\/gmin\/\"},{\"@type\":\"ListItem\",\"position\":2,\"name\":\"Activit\u00e9s d&rsquo;enseignement\"}]},{\"@type\":\"WebSite\",\"@id\":\"https:\/\/web.umons.ac.be\/gmin\/#website\",\"url\":\"https:\/\/web.umons.ac.be\/gmin\/\",\"name\":\"Service \/ FPMS - G\u00e9nie Minier\",\"description\":\"\",\"potentialAction\":[{\"@type\":\"SearchAction\",\"target\":{\"@type\":\"EntryPoint\",\"urlTemplate\":\"https:\/\/web.umons.ac.be\/gmin\/?s={search_term_string}\"},\"query-input\":{\"@type\":\"PropertyValueSpecification\",\"valueRequired\":true,\"valueName\":\"search_term_string\"}}],\"inLanguage\":\"fr-FR\"}]}<\/script>\n<!-- \/ Yoast SEO plugin. -->","yoast_head_json":{"title":"Activit\u00e9s d'enseignement - Service \/ FPMS - G\u00e9nie Minier","robots":{"index":"index","follow":"follow","max-snippet":"max-snippet:-1","max-image-preview":"max-image-preview:large","max-video-preview":"max-video-preview:-1"},"canonical":"https:\/\/web.umons.ac.be\/gmin\/activites-denseignement\/","og_locale":"fr_FR","og_type":"article","og_title":"Activit\u00e9s d'enseignement - Service \/ FPMS - G\u00e9nie Minier","og_description":"Les enseignements dispens\u00e9s par le service de G\u00e9nie Minier font partie de la formation d&rsquo;Ing\u00e9nieur civil des Mines et G\u00e9ologue. La description, la structure, la r\u00e9partition des cr\u00e9dits, les acquis et les d\u00e9bouch\u00e9s de cette formation sont disponibles ici. Le\u00a0service de G\u00e9nie Minier de la Facult\u00e9 Polytechnique de Mons\u00a0propose un enseignement bas\u00e9 sur trois th\u00e9matiques [&hellip;]","og_url":"https:\/\/web.umons.ac.be\/gmin\/activites-denseignement\/","og_site_name":"Service \/ FPMS - G\u00e9nie Minier","article_modified_time":"2021-11-25T15:51:57+00:00","og_image":[{"url":"https:\/\/web.umons.ac.be\/app\/uploads\/sites\/136\/2021\/11\/ban1.jpg","type":"","width":"","height":""}],"twitter_card":"summary_large_image","twitter_misc":{"Dur\u00e9e de lecture estim\u00e9e":"2 minutes"},"schema":{"@context":"https:\/\/schema.org","@graph":[{"@type":"WebPage","@id":"https:\/\/web.umons.ac.be\/gmin\/activites-denseignement\/","url":"https:\/\/web.umons.ac.be\/gmin\/activites-denseignement\/","name":"Activit\u00e9s d'enseignement - Service \/ FPMS - G\u00e9nie Minier","isPartOf":{"@id":"https:\/\/web.umons.ac.be\/gmin\/#website"},"primaryImageOfPage":{"@id":"https:\/\/web.umons.ac.be\/gmin\/activites-denseignement\/#primaryimage"},"image":{"@id":"https:\/\/web.umons.ac.be\/gmin\/activites-denseignement\/#primaryimage"},"thumbnailUrl":"https:\/\/web.umons.ac.be\/app\/uploads\/sites\/136\/2021\/11\/ban1.jpg","datePublished":"2021-11-25T15:11:20+00:00","dateModified":"2021-11-25T15:51:57+00:00","breadcrumb":{"@id":"https:\/\/web.umons.ac.be\/gmin\/activites-denseignement\/#breadcrumb"},"inLanguage":"fr-FR","potentialAction":[{"@type":"ReadAction","target":["https:\/\/web.umons.ac.be\/gmin\/activites-denseignement\/"]}]},{"@type":"ImageObject","inLanguage":"fr-FR","@id":"https:\/\/web.umons.ac.be\/gmin\/activites-denseignement\/#primaryimage","url":"https:\/\/web.umons.ac.be\/app\/uploads\/sites\/136\/2021\/11\/ban1.jpg","contentUrl":"https:\/\/web.umons.ac.be\/app\/uploads\/sites\/136\/2021\/11\/ban1.jpg"},{"@type":"BreadcrumbList","@id":"https:\/\/web.umons.ac.be\/gmin\/activites-denseignement\/#breadcrumb","itemListElement":[{"@type":"ListItem","position":1,"name":"Home","item":"https:\/\/web.umons.ac.be\/gmin\/"},{"@type":"ListItem","position":2,"name":"Activit\u00e9s d&rsquo;enseignement"}]},{"@type":"WebSite","@id":"https:\/\/web.umons.ac.be\/gmin\/#website","url":"https:\/\/web.umons.ac.be\/gmin\/","name":"Service \/ FPMS - G\u00e9nie Minier","description":"","potentialAction":[{"@type":"SearchAction","target":{"@type":"EntryPoint","urlTemplate":"https:\/\/web.umons.ac.be\/gmin\/?s={search_term_string}"},"query-input":{"@type":"PropertyValueSpecification","valueRequired":true,"valueName":"search_term_string"}}],"inLanguage":"fr-FR"}]}},"lang":"fr","translations":{"fr":11,"en":13},"pll_sync_post":[],"_links":{"self":[{"href":"https:\/\/web.umons.ac.be\/gmin\/wp-json\/wp\/v2\/pages\/11","targetHints":{"allow":["GET"]}}],"collection":[{"href":"https:\/\/web.umons.ac.be\/gmin\/wp-json\/wp\/v2\/pages"}],"about":[{"href":"https:\/\/web.umons.ac.be\/gmin\/wp-json\/wp\/v2\/types\/page"}],"author":[{"embeddable":true,"href":"https:\/\/web.umons.ac.be\/gmin\/wp-json\/wp\/v2\/users\/4"}],"replies":[{"embeddable":true,"href":"https:\/\/web.umons.ac.be\/gmin\/wp-json\/wp\/v2\/comments?post=11"}],"version-history":[{"count":2,"href":"https:\/\/web.umons.ac.be\/gmin\/wp-json\/wp\/v2\/pages\/11\/revisions"}],"predecessor-version":[{"id":57,"href":"https:\/\/web.umons.ac.be\/gmin\/wp-json\/wp\/v2\/pages\/11\/revisions\/57"}],"wp:attachment":[{"href":"https:\/\/web.umons.ac.be\/gmin\/wp-json\/wp\/v2\/media?parent=11"}],"curies":[{"name":"wp","href":"https:\/\/api.w.org\/{rel}","templated":true}]}}