{"id":52,"date":"2021-11-25T17:01:43","date_gmt":"2021-11-25T16:01:43","guid":{"rendered":"https:\/\/web.umons.ac.be\/gmin\/?page_id=52"},"modified":"2021-11-25T17:01:43","modified_gmt":"2021-11-25T16:01:43","slug":"expertises","status":"publish","type":"page","link":"https:\/\/web.umons.ac.be\/gmin\/expertises\/","title":{"rendered":"Expertises"},"content":{"rendered":"<p>Depuis plus d&rsquo;une dizaine d&rsquo;ann\u00e9es,\u00a0le Service de G\u00e9nie Minier m\u00e8ne r\u00e9guli\u00e8rement des expertises pour des clients en Belgique et \u00e0 l&rsquo;\u00e9tranger. Les analyses que nous proposons concernent la qualit\u00e9 des massifs rocheux, les propri\u00e9t\u00e9s p\u00e9trophysiques et m\u00e9caniques des roches et leur caract\u00e9risation en destructibilit\u00e9. Le\u00a0descriptif d\u00e9taill\u00e9 des essais est donn\u00e9 dans les fiches ci-dessous.<\/p>\n<p><strong>Les essais et leurs descriptions<\/strong><\/p>\n<ul>\n<li><strong><a href=\"https:\/\/web.umons.ac.be\/app\/uploads\/sites\/136\/2021\/11\/fr-Abrasivite.pdf\">fr-Abrasivit\u00e9<\/a><\/strong><\/li>\n<li><strong> <a href=\"https:\/\/web.umons.ac.be\/app\/uploads\/sites\/136\/2021\/11\/fr-Cisaillement.pdf\">fr-Cisaillement<\/a><\/strong><\/li>\n<li><strong> <a href=\"https:\/\/web.umons.ac.be\/app\/uploads\/sites\/136\/2021\/11\/fr-Coupe.pdf\">fr-Coupe<\/a><\/strong><\/li>\n<li><strong> <a href=\"https:\/\/web.umons.ac.be\/app\/uploads\/sites\/136\/2021\/11\/fr-Flexion.pdf\">fr-Flexion<\/a><\/strong><\/li>\n<li><strong> <a href=\"https:\/\/web.umons.ac.be\/app\/uploads\/sites\/136\/2021\/11\/fr-Granulo.pdf\">fr-Granulo<\/a> <\/strong><\/li>\n<li><strong><a href=\"https:\/\/web.umons.ac.be\/app\/uploads\/sites\/136\/2021\/11\/fr-Poids-specifique.pdf\">fr-Poids sp\u00e9cifique<\/a> <\/strong><\/li>\n<li><strong><a href=\"https:\/\/web.umons.ac.be\/app\/uploads\/sites\/136\/2021\/11\/fr-Poinconnage.pdf\">fr-Poin\u00e7onnage<\/a> <\/strong><\/li>\n<li><strong><a href=\"https:\/\/web.umons.ac.be\/app\/uploads\/sites\/136\/2021\/11\/fr-Polyaxial.pdf\">fr-Polyaxial<\/a><\/strong><\/li>\n<li><strong> <a href=\"https:\/\/web.umons.ac.be\/app\/uploads\/sites\/136\/2021\/11\/fr-Porosite.pdf\">fr-Porosit\u00e9<\/a> <\/strong><\/li>\n<li><strong><a href=\"https:\/\/web.umons.ac.be\/app\/uploads\/sites\/136\/2021\/11\/fr-Shore.pdf\">fr-Shore<\/a> <\/strong><\/li>\n<li><strong><a href=\"https:\/\/web.umons.ac.be\/app\/uploads\/sites\/136\/2021\/11\/fr-Traction.pdf\">fr-Traction<\/a><\/strong><\/li>\n<li><strong> <a href=\"https:\/\/web.umons.ac.be\/app\/uploads\/sites\/136\/2021\/11\/fr-Uniaxial.pdf\">fr-Uniaxial<\/a><\/strong><\/li>\n<\/ul>\n<p>&nbsp;<\/p>\n","protected":false},"excerpt":{"rendered":"<p>Depuis plus d&rsquo;une dizaine d&rsquo;ann\u00e9es,\u00a0le Service de G\u00e9nie Minier m\u00e8ne r\u00e9guli\u00e8rement des expertises pour des clients en Belgique et \u00e0 l&rsquo;\u00e9tranger. Les analyses que nous proposons concernent la qualit\u00e9 des massifs rocheux, les propri\u00e9t\u00e9s p\u00e9trophysiques et m\u00e9caniques des roches et leur caract\u00e9risation en destructibilit\u00e9. Le\u00a0descriptif d\u00e9taill\u00e9 des essais est donn\u00e9 dans les fiches ci-dessous. Les [&hellip;]<\/p>\n","protected":false},"author":4,"featured_media":0,"parent":0,"menu_order":0,"comment_status":"closed","ping_status":"closed","template":"","meta":{"footnotes":""},"class_list":["post-52","page","type-page","status-publish","hentry"],"yoast_head":"<!-- This site is optimized with the Yoast SEO plugin v27.2 - https:\/\/yoast.com\/product\/yoast-seo-wordpress\/ -->\n<title>Expertises - Service \/ FPMS - G\u00e9nie Minier<\/title>\n<meta name=\"robots\" content=\"index, follow, max-snippet:-1, max-image-preview:large, max-video-preview:-1\" \/>\n<link rel=\"canonical\" href=\"https:\/\/web.umons.ac.be\/gmin\/expertises\/\" \/>\n<meta property=\"og:locale\" content=\"fr_FR\" \/>\n<meta property=\"og:type\" content=\"article\" \/>\n<meta property=\"og:title\" content=\"Expertises - Service \/ FPMS - G\u00e9nie Minier\" \/>\n<meta property=\"og:description\" content=\"Depuis plus d&rsquo;une dizaine d&rsquo;ann\u00e9es,\u00a0le Service de G\u00e9nie Minier m\u00e8ne r\u00e9guli\u00e8rement des expertises pour des clients en Belgique et \u00e0 l&rsquo;\u00e9tranger. Les analyses que nous proposons concernent la qualit\u00e9 des massifs rocheux, les propri\u00e9t\u00e9s p\u00e9trophysiques et m\u00e9caniques des roches et leur caract\u00e9risation en destructibilit\u00e9. Le\u00a0descriptif d\u00e9taill\u00e9 des essais est donn\u00e9 dans les fiches ci-dessous. Les [&hellip;]\" \/>\n<meta property=\"og:url\" content=\"https:\/\/web.umons.ac.be\/gmin\/expertises\/\" \/>\n<meta property=\"og:site_name\" content=\"Service \/ FPMS - G\u00e9nie Minier\" \/>\n<meta name=\"twitter:card\" content=\"summary_large_image\" \/>\n<meta name=\"twitter:label1\" content=\"Dur\u00e9e de lecture estim\u00e9e\" \/>\n\t<meta name=\"twitter:data1\" content=\"1 minute\" \/>\n<script type=\"application\/ld+json\" class=\"yoast-schema-graph\">{\"@context\":\"https:\/\/schema.org\",\"@graph\":[{\"@type\":\"WebPage\",\"@id\":\"https:\/\/web.umons.ac.be\/gmin\/expertises\/\",\"url\":\"https:\/\/web.umons.ac.be\/gmin\/expertises\/\",\"name\":\"Expertises - Service \/ FPMS - G\u00e9nie Minier\",\"isPartOf\":{\"@id\":\"https:\/\/web.umons.ac.be\/gmin\/#website\"},\"datePublished\":\"2021-11-25T16:01:43+00:00\",\"breadcrumb\":{\"@id\":\"https:\/\/web.umons.ac.be\/gmin\/expertises\/#breadcrumb\"},\"inLanguage\":\"fr-FR\",\"potentialAction\":[{\"@type\":\"ReadAction\",\"target\":[\"https:\/\/web.umons.ac.be\/gmin\/expertises\/\"]}]},{\"@type\":\"BreadcrumbList\",\"@id\":\"https:\/\/web.umons.ac.be\/gmin\/expertises\/#breadcrumb\",\"itemListElement\":[{\"@type\":\"ListItem\",\"position\":1,\"name\":\"Home\",\"item\":\"https:\/\/web.umons.ac.be\/gmin\/\"},{\"@type\":\"ListItem\",\"position\":2,\"name\":\"Expertises\"}]},{\"@type\":\"WebSite\",\"@id\":\"https:\/\/web.umons.ac.be\/gmin\/#website\",\"url\":\"https:\/\/web.umons.ac.be\/gmin\/\",\"name\":\"Service \/ FPMS - G\u00e9nie Minier\",\"description\":\"\",\"potentialAction\":[{\"@type\":\"SearchAction\",\"target\":{\"@type\":\"EntryPoint\",\"urlTemplate\":\"https:\/\/web.umons.ac.be\/gmin\/?s={search_term_string}\"},\"query-input\":{\"@type\":\"PropertyValueSpecification\",\"valueRequired\":true,\"valueName\":\"search_term_string\"}}],\"inLanguage\":\"fr-FR\"}]}<\/script>\n<!-- \/ Yoast SEO plugin. -->","yoast_head_json":{"title":"Expertises - Service \/ FPMS - G\u00e9nie Minier","robots":{"index":"index","follow":"follow","max-snippet":"max-snippet:-1","max-image-preview":"max-image-preview:large","max-video-preview":"max-video-preview:-1"},"canonical":"https:\/\/web.umons.ac.be\/gmin\/expertises\/","og_locale":"fr_FR","og_type":"article","og_title":"Expertises - Service \/ FPMS - G\u00e9nie Minier","og_description":"Depuis plus d&rsquo;une dizaine d&rsquo;ann\u00e9es,\u00a0le Service de G\u00e9nie Minier m\u00e8ne r\u00e9guli\u00e8rement des expertises pour des clients en Belgique et \u00e0 l&rsquo;\u00e9tranger. Les analyses que nous proposons concernent la qualit\u00e9 des massifs rocheux, les propri\u00e9t\u00e9s p\u00e9trophysiques et m\u00e9caniques des roches et leur caract\u00e9risation en destructibilit\u00e9. Le\u00a0descriptif d\u00e9taill\u00e9 des essais est donn\u00e9 dans les fiches ci-dessous. Les [&hellip;]","og_url":"https:\/\/web.umons.ac.be\/gmin\/expertises\/","og_site_name":"Service \/ FPMS - G\u00e9nie Minier","twitter_card":"summary_large_image","twitter_misc":{"Dur\u00e9e de lecture estim\u00e9e":"1 minute"},"schema":{"@context":"https:\/\/schema.org","@graph":[{"@type":"WebPage","@id":"https:\/\/web.umons.ac.be\/gmin\/expertises\/","url":"https:\/\/web.umons.ac.be\/gmin\/expertises\/","name":"Expertises - Service \/ FPMS - G\u00e9nie Minier","isPartOf":{"@id":"https:\/\/web.umons.ac.be\/gmin\/#website"},"datePublished":"2021-11-25T16:01:43+00:00","breadcrumb":{"@id":"https:\/\/web.umons.ac.be\/gmin\/expertises\/#breadcrumb"},"inLanguage":"fr-FR","potentialAction":[{"@type":"ReadAction","target":["https:\/\/web.umons.ac.be\/gmin\/expertises\/"]}]},{"@type":"BreadcrumbList","@id":"https:\/\/web.umons.ac.be\/gmin\/expertises\/#breadcrumb","itemListElement":[{"@type":"ListItem","position":1,"name":"Home","item":"https:\/\/web.umons.ac.be\/gmin\/"},{"@type":"ListItem","position":2,"name":"Expertises"}]},{"@type":"WebSite","@id":"https:\/\/web.umons.ac.be\/gmin\/#website","url":"https:\/\/web.umons.ac.be\/gmin\/","name":"Service \/ FPMS - G\u00e9nie Minier","description":"","potentialAction":[{"@type":"SearchAction","target":{"@type":"EntryPoint","urlTemplate":"https:\/\/web.umons.ac.be\/gmin\/?s={search_term_string}"},"query-input":{"@type":"PropertyValueSpecification","valueRequired":true,"valueName":"search_term_string"}}],"inLanguage":"fr-FR"}]}},"lang":"fr","translations":{"fr":52},"pll_sync_post":[],"_links":{"self":[{"href":"https:\/\/web.umons.ac.be\/gmin\/wp-json\/wp\/v2\/pages\/52","targetHints":{"allow":["GET"]}}],"collection":[{"href":"https:\/\/web.umons.ac.be\/gmin\/wp-json\/wp\/v2\/pages"}],"about":[{"href":"https:\/\/web.umons.ac.be\/gmin\/wp-json\/wp\/v2\/types\/page"}],"author":[{"embeddable":true,"href":"https:\/\/web.umons.ac.be\/gmin\/wp-json\/wp\/v2\/users\/4"}],"replies":[{"embeddable":true,"href":"https:\/\/web.umons.ac.be\/gmin\/wp-json\/wp\/v2\/comments?post=52"}],"version-history":[{"count":2,"href":"https:\/\/web.umons.ac.be\/gmin\/wp-json\/wp\/v2\/pages\/52\/revisions"}],"predecessor-version":[{"id":71,"href":"https:\/\/web.umons.ac.be\/gmin\/wp-json\/wp\/v2\/pages\/52\/revisions\/71"}],"wp:attachment":[{"href":"https:\/\/web.umons.ac.be\/gmin\/wp-json\/wp\/v2\/media?parent=52"}],"curies":[{"name":"wp","href":"https:\/\/api.w.org\/{rel}","templated":true}]}}