{"id":11,"date":"2021-11-05T15:12:41","date_gmt":"2021-11-05T14:12:41","guid":{"rendered":"https:\/\/web.umons.ac.be\/gpro\/activites-denseignement\/"},"modified":"2021-11-05T15:33:04","modified_gmt":"2021-11-05T14:33:04","slug":"activites-denseignement","status":"publish","type":"page","link":"https:\/\/web.umons.ac.be\/gpro\/activites-denseignement\/","title":{"rendered":"Activit\u00e9s d&rsquo;enseignement"},"content":{"rendered":"<ul>\n<li>Certificat d&rsquo;Universit\u00e9 de Conseiller en Pr\u00e9vention<\/li>\n<li>Certificat d&rsquo;Universit\u00e9 de Conseiller en Substances Dangereuses<\/li>\n<li>Chimie analytique et chimie des eaux<\/li>\n<li>Chimie organique<\/li>\n<li>Chimie organique et introduction \u00e0 la chimie des polym\u00e8res<\/li>\n<li>Chimie organique fonctionnelle et p\u00e9trochimie<\/li>\n<li>Environnement et traitements des eaux<\/li>\n<li>G\u00e9nie des proc\u00e9d\u00e9s : Introduction<\/li>\n<li>G\u00e9nie des r\u00e9acteurs<\/li>\n<li>Introduction aux biotechnologies industrielles<\/li>\n<li>Op\u00e9rations unitaires : concepts et applications num\u00e9riques<\/li>\n<li>Op\u00e9rations unitaires du g\u00e9nie chimique<\/li>\n<li>Proc\u00e9d\u00e9s et technologie de l&rsquo;industrie chimique<\/li>\n<li>Qualit\u00e9, s\u00e9curit\u00e9, environnement<\/li>\n<li>Syst\u00e8mes particulaires et membranaires<\/li>\n<li>Traitement des effluents gazeux<\/li>\n<li>Wastewater Treatment<\/li>\n<\/ul>\n","protected":false},"excerpt":{"rendered":"<p>Certificat d&rsquo;Universit\u00e9 de Conseiller en Pr\u00e9vention Certificat d&rsquo;Universit\u00e9 de Conseiller en Substances Dangereuses Chimie analytique et chimie des eaux Chimie organique Chimie organique et introduction \u00e0 la chimie des polym\u00e8res Chimie organique fonctionnelle et p\u00e9trochimie Environnement et traitements des eaux G\u00e9nie des proc\u00e9d\u00e9s : Introduction G\u00e9nie des r\u00e9acteurs Introduction aux biotechnologies industrielles Op\u00e9rations unitaires : [&hellip;]<\/p>\n","protected":false},"author":4,"featured_media":0,"parent":0,"menu_order":0,"comment_status":"closed","ping_status":"closed","template":"","meta":{"footnotes":""},"class_list":["post-11","page","type-page","status-publish","hentry"],"yoast_head":"<!-- This site is optimized with the Yoast SEO plugin v27.2 - https:\/\/yoast.com\/product\/yoast-seo-wordpress\/ -->\n<title>Activit\u00e9s d&#039;enseignement - Service \/ FPMS - G\u00e9nie des Proc\u00e9d\u00e9s chimiques et biochimiques<\/title>\n<meta name=\"robots\" content=\"index, follow, max-snippet:-1, max-image-preview:large, max-video-preview:-1\" \/>\n<link rel=\"canonical\" href=\"https:\/\/web.umons.ac.be\/gpro\/activites-denseignement\/\" \/>\n<meta property=\"og:locale\" content=\"fr_FR\" \/>\n<meta property=\"og:type\" content=\"article\" \/>\n<meta property=\"og:title\" content=\"Activit\u00e9s d&#039;enseignement - Service \/ FPMS - G\u00e9nie des Proc\u00e9d\u00e9s chimiques et biochimiques\" \/>\n<meta property=\"og:description\" content=\"Certificat d&rsquo;Universit\u00e9 de Conseiller en Pr\u00e9vention Certificat d&rsquo;Universit\u00e9 de Conseiller en Substances Dangereuses Chimie analytique et chimie des eaux Chimie organique Chimie organique et introduction \u00e0 la chimie des polym\u00e8res Chimie organique fonctionnelle et p\u00e9trochimie Environnement et traitements des eaux G\u00e9nie des proc\u00e9d\u00e9s : Introduction G\u00e9nie des r\u00e9acteurs Introduction aux biotechnologies industrielles Op\u00e9rations unitaires : [&hellip;]\" \/>\n<meta property=\"og:url\" content=\"https:\/\/web.umons.ac.be\/gpro\/activites-denseignement\/\" \/>\n<meta property=\"og:site_name\" content=\"Service \/ FPMS - G\u00e9nie des Proc\u00e9d\u00e9s chimiques et biochimiques\" \/>\n<meta property=\"article:modified_time\" content=\"2021-11-05T14:33:04+00:00\" \/>\n<meta name=\"twitter:card\" content=\"summary_large_image\" \/>\n<script type=\"application\/ld+json\" class=\"yoast-schema-graph\">{\"@context\":\"https:\/\/schema.org\",\"@graph\":[{\"@type\":\"WebPage\",\"@id\":\"https:\/\/web.umons.ac.be\/gpro\/activites-denseignement\/\",\"url\":\"https:\/\/web.umons.ac.be\/gpro\/activites-denseignement\/\",\"name\":\"Activit\u00e9s d'enseignement - Service \/ FPMS - G\u00e9nie des Proc\u00e9d\u00e9s chimiques et biochimiques\",\"isPartOf\":{\"@id\":\"https:\/\/web.umons.ac.be\/gpro\/#website\"},\"datePublished\":\"2021-11-05T14:12:41+00:00\",\"dateModified\":\"2021-11-05T14:33:04+00:00\",\"breadcrumb\":{\"@id\":\"https:\/\/web.umons.ac.be\/gpro\/activites-denseignement\/#breadcrumb\"},\"inLanguage\":\"fr-FR\",\"potentialAction\":[{\"@type\":\"ReadAction\",\"target\":[\"https:\/\/web.umons.ac.be\/gpro\/activites-denseignement\/\"]}]},{\"@type\":\"BreadcrumbList\",\"@id\":\"https:\/\/web.umons.ac.be\/gpro\/activites-denseignement\/#breadcrumb\",\"itemListElement\":[{\"@type\":\"ListItem\",\"position\":1,\"name\":\"Home\",\"item\":\"https:\/\/web.umons.ac.be\/gpro\/\"},{\"@type\":\"ListItem\",\"position\":2,\"name\":\"Activit\u00e9s d&rsquo;enseignement\"}]},{\"@type\":\"WebSite\",\"@id\":\"https:\/\/web.umons.ac.be\/gpro\/#website\",\"url\":\"https:\/\/web.umons.ac.be\/gpro\/\",\"name\":\"Service \/ FPMS - G\u00e9nie des Proc\u00e9d\u00e9s chimiques et biochimiques\",\"description\":\"\",\"potentialAction\":[{\"@type\":\"SearchAction\",\"target\":{\"@type\":\"EntryPoint\",\"urlTemplate\":\"https:\/\/web.umons.ac.be\/gpro\/?s={search_term_string}\"},\"query-input\":{\"@type\":\"PropertyValueSpecification\",\"valueRequired\":true,\"valueName\":\"search_term_string\"}}],\"inLanguage\":\"fr-FR\"}]}<\/script>\n<!-- \/ Yoast SEO plugin. -->","yoast_head_json":{"title":"Activit\u00e9s d'enseignement - Service \/ FPMS - G\u00e9nie des Proc\u00e9d\u00e9s chimiques et biochimiques","robots":{"index":"index","follow":"follow","max-snippet":"max-snippet:-1","max-image-preview":"max-image-preview:large","max-video-preview":"max-video-preview:-1"},"canonical":"https:\/\/web.umons.ac.be\/gpro\/activites-denseignement\/","og_locale":"fr_FR","og_type":"article","og_title":"Activit\u00e9s d'enseignement - Service \/ FPMS - G\u00e9nie des Proc\u00e9d\u00e9s chimiques et biochimiques","og_description":"Certificat d&rsquo;Universit\u00e9 de Conseiller en Pr\u00e9vention Certificat d&rsquo;Universit\u00e9 de Conseiller en Substances Dangereuses Chimie analytique et chimie des eaux Chimie organique Chimie organique et introduction \u00e0 la chimie des polym\u00e8res Chimie organique fonctionnelle et p\u00e9trochimie Environnement et traitements des eaux G\u00e9nie des proc\u00e9d\u00e9s : Introduction G\u00e9nie des r\u00e9acteurs Introduction aux biotechnologies industrielles Op\u00e9rations unitaires : [&hellip;]","og_url":"https:\/\/web.umons.ac.be\/gpro\/activites-denseignement\/","og_site_name":"Service \/ FPMS - G\u00e9nie des Proc\u00e9d\u00e9s chimiques et biochimiques","article_modified_time":"2021-11-05T14:33:04+00:00","twitter_card":"summary_large_image","schema":{"@context":"https:\/\/schema.org","@graph":[{"@type":"WebPage","@id":"https:\/\/web.umons.ac.be\/gpro\/activites-denseignement\/","url":"https:\/\/web.umons.ac.be\/gpro\/activites-denseignement\/","name":"Activit\u00e9s d'enseignement - Service \/ FPMS - G\u00e9nie des Proc\u00e9d\u00e9s chimiques et biochimiques","isPartOf":{"@id":"https:\/\/web.umons.ac.be\/gpro\/#website"},"datePublished":"2021-11-05T14:12:41+00:00","dateModified":"2021-11-05T14:33:04+00:00","breadcrumb":{"@id":"https:\/\/web.umons.ac.be\/gpro\/activites-denseignement\/#breadcrumb"},"inLanguage":"fr-FR","potentialAction":[{"@type":"ReadAction","target":["https:\/\/web.umons.ac.be\/gpro\/activites-denseignement\/"]}]},{"@type":"BreadcrumbList","@id":"https:\/\/web.umons.ac.be\/gpro\/activites-denseignement\/#breadcrumb","itemListElement":[{"@type":"ListItem","position":1,"name":"Home","item":"https:\/\/web.umons.ac.be\/gpro\/"},{"@type":"ListItem","position":2,"name":"Activit\u00e9s d&rsquo;enseignement"}]},{"@type":"WebSite","@id":"https:\/\/web.umons.ac.be\/gpro\/#website","url":"https:\/\/web.umons.ac.be\/gpro\/","name":"Service \/ FPMS - G\u00e9nie des Proc\u00e9d\u00e9s chimiques et biochimiques","description":"","potentialAction":[{"@type":"SearchAction","target":{"@type":"EntryPoint","urlTemplate":"https:\/\/web.umons.ac.be\/gpro\/?s={search_term_string}"},"query-input":{"@type":"PropertyValueSpecification","valueRequired":true,"valueName":"search_term_string"}}],"inLanguage":"fr-FR"}]}},"lang":"fr","translations":{"fr":11,"en":13},"pll_sync_post":[],"_links":{"self":[{"href":"https:\/\/web.umons.ac.be\/gpro\/wp-json\/wp\/v2\/pages\/11","targetHints":{"allow":["GET"]}}],"collection":[{"href":"https:\/\/web.umons.ac.be\/gpro\/wp-json\/wp\/v2\/pages"}],"about":[{"href":"https:\/\/web.umons.ac.be\/gpro\/wp-json\/wp\/v2\/types\/page"}],"author":[{"embeddable":true,"href":"https:\/\/web.umons.ac.be\/gpro\/wp-json\/wp\/v2\/users\/4"}],"replies":[{"embeddable":true,"href":"https:\/\/web.umons.ac.be\/gpro\/wp-json\/wp\/v2\/comments?post=11"}],"version-history":[{"count":1,"href":"https:\/\/web.umons.ac.be\/gpro\/wp-json\/wp\/v2\/pages\/11\/revisions"}],"predecessor-version":[{"id":49,"href":"https:\/\/web.umons.ac.be\/gpro\/wp-json\/wp\/v2\/pages\/11\/revisions\/49"}],"wp:attachment":[{"href":"https:\/\/web.umons.ac.be\/gpro\/wp-json\/wp\/v2\/media?parent=11"}],"curies":[{"name":"wp","href":"https:\/\/api.w.org\/{rel}","templated":true}]}}