{"id":15,"date":"2021-11-05T15:12:42","date_gmt":"2021-11-05T14:12:42","guid":{"rendered":"https:\/\/web.umons.ac.be\/gpro\/activites-de-recherche\/"},"modified":"2021-11-05T15:29:19","modified_gmt":"2021-11-05T14:29:19","slug":"activites-de-recherche","status":"publish","type":"page","link":"https:\/\/web.umons.ac.be\/gpro\/activites-de-recherche\/","title":{"rendered":"Activit\u00e9s de recherche"},"content":{"rendered":"<p>Les activit\u00e9s de recherche s\u2019organisent en diff\u00e9rentes th\u00e9matiques :<\/p>\n<ul>\n<li>Proc\u00e9d\u00e9s chimiques industriels : r\u00e9acteurs chimiques, proc\u00e9d\u00e9s de contact et de s\u00e9paration, mod\u00e9lisation d\u2019unit\u00e9s et simulation de proc\u00e9d\u00e9s chimiques, dans le cadre de l\u2019\u00e9puration des effluents gazeux par destruction des COV dans des r\u00e9acteurs catalytiques, et liquides en vue de l\u2019\u00e9limination de micropolluants organiques persistants ; la r\u00e9duction de la pollution atmosph\u00e9rique, la capture et la conversion du CO2, \u2026<\/li>\n<li>Analyses technico-\u00e9conomiques et du cycle de vie des proc\u00e9d\u00e9s chimiques ;<\/li>\n<li>D\u00e9veloppement et validation de m\u00e9thodes analytiques (chromatographiques et spectrom\u00e9triques) hors ligne et en ligne (Process Analytical Technology) ;<\/li>\n<li>Bioproc\u00e9d\u00e9s pour la production de compos\u00e9s d\u2019int\u00e9r\u00eat par fermentation bact\u00e9rienne, fongique, et culture cellulaire, la biorem\u00e9diation des sols, le traitement des eaux, la capture du CO2 par les microalgues, \u2026<\/li>\n<li>Fire Safety engineering ;<\/li>\n<li>Feux confin\u00e9s et sous-ventil\u00e9s : essais \u00e0 grande \u00e9chelle et validation de mod\u00e8les de simulation ;<\/li>\n<li>Etudes d\u2019accidents majeurs dans les proc\u00e9d\u00e9s industriels et am\u00e9nagement du territoire autour des sites industriels, et planification d\u2019urgence ;<\/li>\n<li>Gestion totale de la qualit\u00e9.<\/li>\n<\/ul>\n<p>Le service de G\u00e9nie des Proc\u00e9d\u00e9s chimiques et biochimiques a collabor\u00e9 ou collabore dans de nombreux projets parmi lesquels :<\/p>\n<ul>\n<li>la Chaire ECRA (centre d\u2019expertise en Capture et Conversion du CO2) : <a href=\"https:\/\/hosting.umons.ac.be\/html\/ecrachair\/\">https:\/\/hosting.umons.ac.be\/html\/ecrachair\/<\/a>;<\/li>\n<li>l\u2019Interreg FWVL ALPO (Nouveaux Mat\u00e9riaux Polym\u00e8res issus de la biomasse microalgale) : <a href=\"http:\/\/www.alpo-interreg.eu\/\">http:\/\/www.alpo-interreg.eu\/<\/a>;<\/li>\n<li>le Feder FMF-Biodec : <a href=\"https:\/\/drive.google.com\/file\/d\/1-Pnh0WWFvK3kmik--nQgiwCbfvG0z9lC\/view\">https:\/\/drive.google.com\/file\/d\/1-Pnh0WWFvK3kmik&#8211;nQgiwCbfvG0z9lC\/view<\/a>);<\/li>\n<li>le Feder AlgaeFactory: <a href=\"https:\/\/drive.google.com\/file\/d\/1n1cd2VVUK9_YR6lyX0WYS0auNOGPMRrc\/view\">https:\/\/drive.google.com\/file\/d\/1n1cd2VVUK9_YR6lyX0WYS0auNOGPMRrc\/view<\/a>.<\/li>\n<\/ul>\n<hr \/>\n<p>Notre service est, par ailleurs rattach\u00e9 \u00e0 un institut de recherche de l\u2019UMONS :<\/p>\n<start-cask-shortcode-wrapper>\t\t<div class=\"associated-institutes content-block scheme-fpms\">\n\t\t\t<ul class=\"institutes-list\">\n\t\t\t\t\t\t\t\t\t\t<li>\n\t\t\t\t\t\t\t<a href=\"https:\/\/web.umons.ac.be\/biosciences\" title=\"Acc\u00e9der au site web de : Institut \/ Biosciences\" class=\"associated-institute\">\n\t\t\t\t\t\t\t\t<img loading=\"lazy\" decoding=\"async\" width=\"1\" height=\"1\" src=\"https:\/\/web.umons.ac.be\/app\/uploads\/sites\/30\/2017\/11\/biosciences_logo_fr.svg\" class=\"attachment-thumbnail size-thumbnail\" alt=\"\" \/>\t\t\t\t\t\t\t<\/a>\t\t\t\n\t\t\t\t\t\t<\/li>\n\t\t\t\t\t\t\t\t\t\t<li>\n\t\t\t\t\t\t\t<a href=\"https:\/\/web.umons.ac.be\/energie\" title=\"Acc\u00e9der au site web de : Institut \/ \u00c9nergie\" class=\"associated-institute\">\n\t\t\t\t\t\t\t\t<img loading=\"lazy\" decoding=\"async\" width=\"1\" height=\"1\" src=\"https:\/\/web.umons.ac.be\/app\/uploads\/sites\/32\/2017\/11\/energie_logo_fr.svg\" class=\"attachment-thumbnail size-thumbnail\" alt=\"\" \/>\t\t\t\t\t\t\t<\/a>\t\t\t\n\t\t\t\t\t\t<\/li>\n\t\t\t\t\t\t\t\t\t\t<li>\n\t\t\t\t\t\t\t<a href=\"https:\/\/web.umons.ac.be\/materiaux\" title=\"Acc\u00e9der au site web de : Institut \/ Mat\u00e9riaux\" class=\"associated-institute\">\n\t\t\t\t\t\t\t\t<img loading=\"lazy\" decoding=\"async\" width=\"1\" height=\"1\" src=\"https:\/\/web.umons.ac.be\/app\/uploads\/sites\/38\/2017\/12\/materiaux_logo_fr.svg\" class=\"attachment-thumbnail size-thumbnail\" alt=\"\" \/>\t\t\t\t\t\t\t<\/a>\t\t\t\n\t\t\t\t\t\t<\/li>\n\t\t\t\t\t\t\t\t\t\t<li>\n\t\t\t\t\t\t\t<a href=\"https:\/\/web.umons.ac.be\/risques\" title=\"Acc\u00e9der au site web de : Institut \/ Risques\" class=\"associated-institute\">\n\t\t\t\t\t\t\t\t<img loading=\"lazy\" decoding=\"async\" width=\"1\" height=\"1\" src=\"https:\/\/web.umons.ac.be\/app\/uploads\/sites\/36\/2017\/12\/risques_logo_fr.svg\" class=\"attachment-thumbnail size-thumbnail\" alt=\"\" \/>\t\t\t\t\t\t\t<\/a>\t\t\t\n\t\t\t\t\t\t<\/li>\n\t\t\t\t\t\t\t<\/ul>\n\t\t<\/div>\n <end-cask-shortcode-wrapper>\n","protected":false},"excerpt":{"rendered":"<p>Les activit\u00e9s de recherche s\u2019organisent en diff\u00e9rentes th\u00e9matiques : Proc\u00e9d\u00e9s chimiques industriels : r\u00e9acteurs chimiques, proc\u00e9d\u00e9s de contact et de s\u00e9paration, mod\u00e9lisation d\u2019unit\u00e9s et simulation de proc\u00e9d\u00e9s chimiques, dans le cadre de l\u2019\u00e9puration des effluents gazeux par destruction des COV dans des r\u00e9acteurs catalytiques, et liquides en vue de l\u2019\u00e9limination de micropolluants organiques persistants ; [&hellip;]<\/p>\n","protected":false},"author":4,"featured_media":0,"parent":0,"menu_order":0,"comment_status":"closed","ping_status":"closed","template":"","meta":{"footnotes":""},"class_list":["post-15","page","type-page","status-publish","hentry"],"yoast_head":"<!-- This site is optimized with the Yoast SEO plugin v27.2 - https:\/\/yoast.com\/product\/yoast-seo-wordpress\/ -->\n<title>Activit\u00e9s de recherche - Service \/ FPMS - G\u00e9nie des Proc\u00e9d\u00e9s chimiques et biochimiques<\/title>\n<meta name=\"robots\" content=\"index, follow, max-snippet:-1, max-image-preview:large, max-video-preview:-1\" \/>\n<link rel=\"canonical\" href=\"https:\/\/web.umons.ac.be\/gpro\/activites-de-recherche\/\" \/>\n<meta property=\"og:locale\" content=\"fr_FR\" \/>\n<meta property=\"og:type\" content=\"article\" \/>\n<meta property=\"og:title\" content=\"Activit\u00e9s de recherche - Service \/ FPMS - G\u00e9nie des Proc\u00e9d\u00e9s chimiques et biochimiques\" \/>\n<meta property=\"og:description\" content=\"Les activit\u00e9s de recherche s\u2019organisent en diff\u00e9rentes th\u00e9matiques : Proc\u00e9d\u00e9s chimiques industriels : r\u00e9acteurs chimiques, proc\u00e9d\u00e9s de contact et de s\u00e9paration, mod\u00e9lisation d\u2019unit\u00e9s et simulation de proc\u00e9d\u00e9s chimiques, dans le cadre de l\u2019\u00e9puration des effluents gazeux par destruction des COV dans des r\u00e9acteurs catalytiques, et liquides en vue de l\u2019\u00e9limination de micropolluants organiques persistants ; [&hellip;]\" \/>\n<meta property=\"og:url\" content=\"https:\/\/web.umons.ac.be\/gpro\/activites-de-recherche\/\" \/>\n<meta property=\"og:site_name\" content=\"Service \/ FPMS - G\u00e9nie des Proc\u00e9d\u00e9s chimiques et biochimiques\" \/>\n<meta property=\"article:modified_time\" content=\"2021-11-05T14:29:19+00:00\" \/>\n<meta name=\"twitter:card\" content=\"summary_large_image\" \/>\n<meta name=\"twitter:label1\" content=\"Dur\u00e9e de lecture estim\u00e9e\" \/>\n\t<meta name=\"twitter:data1\" content=\"2 minutes\" \/>\n<script type=\"application\/ld+json\" class=\"yoast-schema-graph\">{\"@context\":\"https:\/\/schema.org\",\"@graph\":[{\"@type\":\"WebPage\",\"@id\":\"https:\/\/web.umons.ac.be\/gpro\/activites-de-recherche\/\",\"url\":\"https:\/\/web.umons.ac.be\/gpro\/activites-de-recherche\/\",\"name\":\"Activit\u00e9s de recherche - Service \/ FPMS - G\u00e9nie des Proc\u00e9d\u00e9s chimiques et biochimiques\",\"isPartOf\":{\"@id\":\"https:\/\/web.umons.ac.be\/gpro\/#website\"},\"datePublished\":\"2021-11-05T14:12:42+00:00\",\"dateModified\":\"2021-11-05T14:29:19+00:00\",\"breadcrumb\":{\"@id\":\"https:\/\/web.umons.ac.be\/gpro\/activites-de-recherche\/#breadcrumb\"},\"inLanguage\":\"fr-FR\",\"potentialAction\":[{\"@type\":\"ReadAction\",\"target\":[\"https:\/\/web.umons.ac.be\/gpro\/activites-de-recherche\/\"]}]},{\"@type\":\"BreadcrumbList\",\"@id\":\"https:\/\/web.umons.ac.be\/gpro\/activites-de-recherche\/#breadcrumb\",\"itemListElement\":[{\"@type\":\"ListItem\",\"position\":1,\"name\":\"Home\",\"item\":\"https:\/\/web.umons.ac.be\/gpro\/\"},{\"@type\":\"ListItem\",\"position\":2,\"name\":\"Activit\u00e9s de recherche\"}]},{\"@type\":\"WebSite\",\"@id\":\"https:\/\/web.umons.ac.be\/gpro\/#website\",\"url\":\"https:\/\/web.umons.ac.be\/gpro\/\",\"name\":\"Service \/ FPMS - G\u00e9nie des Proc\u00e9d\u00e9s chimiques et biochimiques\",\"description\":\"\",\"potentialAction\":[{\"@type\":\"SearchAction\",\"target\":{\"@type\":\"EntryPoint\",\"urlTemplate\":\"https:\/\/web.umons.ac.be\/gpro\/?s={search_term_string}\"},\"query-input\":{\"@type\":\"PropertyValueSpecification\",\"valueRequired\":true,\"valueName\":\"search_term_string\"}}],\"inLanguage\":\"fr-FR\"}]}<\/script>\n<!-- \/ Yoast SEO plugin. -->","yoast_head_json":{"title":"Activit\u00e9s de recherche - Service \/ FPMS - G\u00e9nie des Proc\u00e9d\u00e9s chimiques et biochimiques","robots":{"index":"index","follow":"follow","max-snippet":"max-snippet:-1","max-image-preview":"max-image-preview:large","max-video-preview":"max-video-preview:-1"},"canonical":"https:\/\/web.umons.ac.be\/gpro\/activites-de-recherche\/","og_locale":"fr_FR","og_type":"article","og_title":"Activit\u00e9s de recherche - Service \/ FPMS - G\u00e9nie des Proc\u00e9d\u00e9s chimiques et biochimiques","og_description":"Les activit\u00e9s de recherche s\u2019organisent en diff\u00e9rentes th\u00e9matiques : Proc\u00e9d\u00e9s chimiques industriels : r\u00e9acteurs chimiques, proc\u00e9d\u00e9s de contact et de s\u00e9paration, mod\u00e9lisation d\u2019unit\u00e9s et simulation de proc\u00e9d\u00e9s chimiques, dans le cadre de l\u2019\u00e9puration des effluents gazeux par destruction des COV dans des r\u00e9acteurs catalytiques, et liquides en vue de l\u2019\u00e9limination de micropolluants organiques persistants ; [&hellip;]","og_url":"https:\/\/web.umons.ac.be\/gpro\/activites-de-recherche\/","og_site_name":"Service \/ FPMS - G\u00e9nie des Proc\u00e9d\u00e9s chimiques et biochimiques","article_modified_time":"2021-11-05T14:29:19+00:00","twitter_card":"summary_large_image","twitter_misc":{"Dur\u00e9e de lecture estim\u00e9e":"2 minutes"},"schema":{"@context":"https:\/\/schema.org","@graph":[{"@type":"WebPage","@id":"https:\/\/web.umons.ac.be\/gpro\/activites-de-recherche\/","url":"https:\/\/web.umons.ac.be\/gpro\/activites-de-recherche\/","name":"Activit\u00e9s de recherche - Service \/ FPMS - G\u00e9nie des Proc\u00e9d\u00e9s chimiques et biochimiques","isPartOf":{"@id":"https:\/\/web.umons.ac.be\/gpro\/#website"},"datePublished":"2021-11-05T14:12:42+00:00","dateModified":"2021-11-05T14:29:19+00:00","breadcrumb":{"@id":"https:\/\/web.umons.ac.be\/gpro\/activites-de-recherche\/#breadcrumb"},"inLanguage":"fr-FR","potentialAction":[{"@type":"ReadAction","target":["https:\/\/web.umons.ac.be\/gpro\/activites-de-recherche\/"]}]},{"@type":"BreadcrumbList","@id":"https:\/\/web.umons.ac.be\/gpro\/activites-de-recherche\/#breadcrumb","itemListElement":[{"@type":"ListItem","position":1,"name":"Home","item":"https:\/\/web.umons.ac.be\/gpro\/"},{"@type":"ListItem","position":2,"name":"Activit\u00e9s de recherche"}]},{"@type":"WebSite","@id":"https:\/\/web.umons.ac.be\/gpro\/#website","url":"https:\/\/web.umons.ac.be\/gpro\/","name":"Service \/ FPMS - G\u00e9nie des Proc\u00e9d\u00e9s chimiques et biochimiques","description":"","potentialAction":[{"@type":"SearchAction","target":{"@type":"EntryPoint","urlTemplate":"https:\/\/web.umons.ac.be\/gpro\/?s={search_term_string}"},"query-input":{"@type":"PropertyValueSpecification","valueRequired":true,"valueName":"search_term_string"}}],"inLanguage":"fr-FR"}]}},"lang":"fr","translations":{"fr":15,"en":17},"pll_sync_post":[],"_links":{"self":[{"href":"https:\/\/web.umons.ac.be\/gpro\/wp-json\/wp\/v2\/pages\/15","targetHints":{"allow":["GET"]}}],"collection":[{"href":"https:\/\/web.umons.ac.be\/gpro\/wp-json\/wp\/v2\/pages"}],"about":[{"href":"https:\/\/web.umons.ac.be\/gpro\/wp-json\/wp\/v2\/types\/page"}],"author":[{"embeddable":true,"href":"https:\/\/web.umons.ac.be\/gpro\/wp-json\/wp\/v2\/users\/4"}],"replies":[{"embeddable":true,"href":"https:\/\/web.umons.ac.be\/gpro\/wp-json\/wp\/v2\/comments?post=15"}],"version-history":[{"count":1,"href":"https:\/\/web.umons.ac.be\/gpro\/wp-json\/wp\/v2\/pages\/15\/revisions"}],"predecessor-version":[{"id":47,"href":"https:\/\/web.umons.ac.be\/gpro\/wp-json\/wp\/v2\/pages\/15\/revisions\/47"}],"wp:attachment":[{"href":"https:\/\/web.umons.ac.be\/gpro\/wp-json\/wp\/v2\/media?parent=15"}],"curies":[{"name":"wp","href":"https:\/\/api.w.org\/{rel}","templated":true}]}}