{"id":17,"date":"2021-11-05T15:12:43","date_gmt":"2021-11-05T14:12:43","guid":{"rendered":"https:\/\/web.umons.ac.be\/gpro\/research-activities\/"},"modified":"2021-11-05T15:31:16","modified_gmt":"2021-11-05T14:31:16","slug":"research-activities","status":"publish","type":"page","link":"https:\/\/web.umons.ac.be\/gpro\/en\/research-activities\/","title":{"rendered":"Research activities"},"content":{"rendered":"<p>The research activities are organized in different themes:<\/p>\n<ul>\n<li>Industrial chemical processes: chemical reactors, contact and separation processes, modelling of units and simulation of chemical processes, in the context of the purification of gaseous effluents by destruction of VOCs in catalytic reactors, and liquid effluents for the elimination of persistent organic micropollutants; reduction of air pollution, capture and conversion of CO2, &#8230;<\/li>\n<li>Techno-economic and life cycle analyses of chemical processes;<\/li>\n<li>Development and validation of analytical methods (chromatographic and spectrometric) off-line and on-line (Process Analytical Technology);<\/li>\n<li>Bioprocesses for the production of compounds of interest by bacterial and fungal fermentation and cell culture, soil bioremediation, water treatment, CO2 capture by microalgae, &#8230;<\/li>\n<li>Fire Safety engineering ;<\/li>\n<li>Confined and under-ventilated fires: large-scale tests and validation of simulation models;<\/li>\n<li>Major accident studies in industrial processes and land use planning around industrial sites, and emergency planning;<\/li>\n<li>Total quality management.<\/li>\n<\/ul>\n<hr \/>\n<p>Our unit is also associated with the following UMONS research institutes :<\/p>\n<start-cask-shortcode-wrapper>\t\t<div class=\"associated-institutes content-block scheme-fpms\">\n\t\t\t<ul class=\"institutes-list\">\n\t\t\t\t\t\t\t\t\t\t<li>\n\t\t\t\t\t\t\t<a href=\"https:\/\/web.umons.ac.be\/biosciences\" title=\"Acc\u00e9der au site web de : Institut \/ Biosciences\" class=\"associated-institute\">\n\t\t\t\t\t\t\t\t<img loading=\"lazy\" decoding=\"async\" width=\"1\" height=\"1\" src=\"https:\/\/web.umons.ac.be\/app\/uploads\/sites\/30\/2017\/11\/biosciences_logo_fr.svg\" class=\"attachment-thumbnail size-thumbnail\" alt=\"\" \/>\t\t\t\t\t\t\t<\/a>\t\t\t\n\t\t\t\t\t\t<\/li>\n\t\t\t\t\t\t\t\t\t\t<li>\n\t\t\t\t\t\t\t<a href=\"https:\/\/web.umons.ac.be\/energie\" title=\"Acc\u00e9der au site web de : Institut \/ \u00c9nergie\" class=\"associated-institute\">\n\t\t\t\t\t\t\t\t<img loading=\"lazy\" decoding=\"async\" width=\"1\" height=\"1\" src=\"https:\/\/web.umons.ac.be\/app\/uploads\/sites\/32\/2017\/11\/energie_logo_fr.svg\" class=\"attachment-thumbnail size-thumbnail\" alt=\"\" \/>\t\t\t\t\t\t\t<\/a>\t\t\t\n\t\t\t\t\t\t<\/li>\n\t\t\t\t\t\t\t\t\t\t<li>\n\t\t\t\t\t\t\t<a href=\"https:\/\/web.umons.ac.be\/materiaux\" title=\"Acc\u00e9der au site web de : Institut \/ Mat\u00e9riaux\" class=\"associated-institute\">\n\t\t\t\t\t\t\t\t<img loading=\"lazy\" decoding=\"async\" width=\"1\" height=\"1\" src=\"https:\/\/web.umons.ac.be\/app\/uploads\/sites\/38\/2017\/12\/materiaux_logo_fr.svg\" class=\"attachment-thumbnail size-thumbnail\" alt=\"\" \/>\t\t\t\t\t\t\t<\/a>\t\t\t\n\t\t\t\t\t\t<\/li>\n\t\t\t\t\t\t\t\t\t\t<li>\n\t\t\t\t\t\t\t<a href=\"https:\/\/web.umons.ac.be\/risques\" title=\"Acc\u00e9der au site web de : Institut \/ Risques\" class=\"associated-institute\">\n\t\t\t\t\t\t\t\t<img loading=\"lazy\" decoding=\"async\" width=\"1\" height=\"1\" src=\"https:\/\/web.umons.ac.be\/app\/uploads\/sites\/36\/2017\/12\/risques_logo_fr.svg\" class=\"attachment-thumbnail size-thumbnail\" alt=\"\" \/>\t\t\t\t\t\t\t<\/a>\t\t\t\n\t\t\t\t\t\t<\/li>\n\t\t\t\t\t\t\t<\/ul>\n\t\t<\/div>\n <end-cask-shortcode-wrapper>\n","protected":false},"excerpt":{"rendered":"<p>The research activities are organized in different themes: Industrial chemical processes: chemical reactors, contact and separation processes, modelling of units and simulation of chemical processes, in the context of the purification of gaseous effluents by destruction of VOCs in catalytic reactors, and liquid effluents for the elimination of persistent organic micropollutants; reduction of air pollution, [&hellip;]<\/p>\n","protected":false},"author":4,"featured_media":0,"parent":0,"menu_order":0,"comment_status":"closed","ping_status":"closed","template":"","meta":{"footnotes":""},"class_list":["post-17","page","type-page","status-publish","hentry"],"yoast_head":"<!-- This site is optimized with the Yoast SEO plugin v27.2 - https:\/\/yoast.com\/product\/yoast-seo-wordpress\/ -->\n<title>Research activities - Service \/ FPMS - G\u00e9nie des Proc\u00e9d\u00e9s chimiques et biochimiques<\/title>\n<meta name=\"robots\" content=\"index, follow, max-snippet:-1, max-image-preview:large, max-video-preview:-1\" \/>\n<link rel=\"canonical\" href=\"https:\/\/web.umons.ac.be\/gpro\/en\/research-activities\/\" \/>\n<meta property=\"og:locale\" content=\"fr_FR\" \/>\n<meta property=\"og:type\" content=\"article\" \/>\n<meta property=\"og:title\" content=\"Research activities - Service \/ FPMS - G\u00e9nie des Proc\u00e9d\u00e9s chimiques et biochimiques\" \/>\n<meta property=\"og:description\" content=\"The research activities are organized in different themes: Industrial chemical processes: chemical reactors, contact and separation processes, modelling of units and simulation of chemical processes, in the context of the purification of gaseous effluents by destruction of VOCs in catalytic reactors, and liquid effluents for the elimination of persistent organic micropollutants; reduction of air pollution, [&hellip;]\" \/>\n<meta property=\"og:url\" content=\"https:\/\/web.umons.ac.be\/gpro\/en\/research-activities\/\" \/>\n<meta property=\"og:site_name\" content=\"Service \/ FPMS - G\u00e9nie des Proc\u00e9d\u00e9s chimiques et biochimiques\" \/>\n<meta property=\"article:modified_time\" content=\"2021-11-05T14:31:16+00:00\" \/>\n<meta name=\"twitter:card\" content=\"summary_large_image\" \/>\n<meta name=\"twitter:label1\" content=\"Dur\u00e9e de lecture estim\u00e9e\" \/>\n\t<meta name=\"twitter:data1\" content=\"1 minute\" \/>\n<script type=\"application\/ld+json\" class=\"yoast-schema-graph\">{\"@context\":\"https:\/\/schema.org\",\"@graph\":[{\"@type\":\"WebPage\",\"@id\":\"https:\/\/web.umons.ac.be\/gpro\/en\/research-activities\/\",\"url\":\"https:\/\/web.umons.ac.be\/gpro\/en\/research-activities\/\",\"name\":\"Research activities - Service \/ FPMS - G\u00e9nie des Proc\u00e9d\u00e9s chimiques et biochimiques\",\"isPartOf\":{\"@id\":\"https:\/\/web.umons.ac.be\/gpro\/#website\"},\"datePublished\":\"2021-11-05T14:12:43+00:00\",\"dateModified\":\"2021-11-05T14:31:16+00:00\",\"breadcrumb\":{\"@id\":\"https:\/\/web.umons.ac.be\/gpro\/en\/research-activities\/#breadcrumb\"},\"inLanguage\":\"fr-FR\",\"potentialAction\":[{\"@type\":\"ReadAction\",\"target\":[\"https:\/\/web.umons.ac.be\/gpro\/en\/research-activities\/\"]}]},{\"@type\":\"BreadcrumbList\",\"@id\":\"https:\/\/web.umons.ac.be\/gpro\/en\/research-activities\/#breadcrumb\",\"itemListElement\":[{\"@type\":\"ListItem\",\"position\":1,\"name\":\"Home\",\"item\":\"https:\/\/web.umons.ac.be\/gpro\/\"},{\"@type\":\"ListItem\",\"position\":2,\"name\":\"Research activities\"}]},{\"@type\":\"WebSite\",\"@id\":\"https:\/\/web.umons.ac.be\/gpro\/#website\",\"url\":\"https:\/\/web.umons.ac.be\/gpro\/\",\"name\":\"Service \/ FPMS - G\u00e9nie des Proc\u00e9d\u00e9s chimiques et biochimiques\",\"description\":\"\",\"potentialAction\":[{\"@type\":\"SearchAction\",\"target\":{\"@type\":\"EntryPoint\",\"urlTemplate\":\"https:\/\/web.umons.ac.be\/gpro\/?s={search_term_string}\"},\"query-input\":{\"@type\":\"PropertyValueSpecification\",\"valueRequired\":true,\"valueName\":\"search_term_string\"}}],\"inLanguage\":\"fr-FR\"}]}<\/script>\n<!-- \/ Yoast SEO plugin. -->","yoast_head_json":{"title":"Research activities - Service \/ FPMS - G\u00e9nie des Proc\u00e9d\u00e9s chimiques et biochimiques","robots":{"index":"index","follow":"follow","max-snippet":"max-snippet:-1","max-image-preview":"max-image-preview:large","max-video-preview":"max-video-preview:-1"},"canonical":"https:\/\/web.umons.ac.be\/gpro\/en\/research-activities\/","og_locale":"fr_FR","og_type":"article","og_title":"Research activities - Service \/ FPMS - G\u00e9nie des Proc\u00e9d\u00e9s chimiques et biochimiques","og_description":"The research activities are organized in different themes: Industrial chemical processes: chemical reactors, contact and separation processes, modelling of units and simulation of chemical processes, in the context of the purification of gaseous effluents by destruction of VOCs in catalytic reactors, and liquid effluents for the elimination of persistent organic micropollutants; reduction of air pollution, [&hellip;]","og_url":"https:\/\/web.umons.ac.be\/gpro\/en\/research-activities\/","og_site_name":"Service \/ FPMS - G\u00e9nie des Proc\u00e9d\u00e9s chimiques et biochimiques","article_modified_time":"2021-11-05T14:31:16+00:00","twitter_card":"summary_large_image","twitter_misc":{"Dur\u00e9e de lecture estim\u00e9e":"1 minute"},"schema":{"@context":"https:\/\/schema.org","@graph":[{"@type":"WebPage","@id":"https:\/\/web.umons.ac.be\/gpro\/en\/research-activities\/","url":"https:\/\/web.umons.ac.be\/gpro\/en\/research-activities\/","name":"Research activities - Service \/ FPMS - G\u00e9nie des Proc\u00e9d\u00e9s chimiques et biochimiques","isPartOf":{"@id":"https:\/\/web.umons.ac.be\/gpro\/#website"},"datePublished":"2021-11-05T14:12:43+00:00","dateModified":"2021-11-05T14:31:16+00:00","breadcrumb":{"@id":"https:\/\/web.umons.ac.be\/gpro\/en\/research-activities\/#breadcrumb"},"inLanguage":"fr-FR","potentialAction":[{"@type":"ReadAction","target":["https:\/\/web.umons.ac.be\/gpro\/en\/research-activities\/"]}]},{"@type":"BreadcrumbList","@id":"https:\/\/web.umons.ac.be\/gpro\/en\/research-activities\/#breadcrumb","itemListElement":[{"@type":"ListItem","position":1,"name":"Home","item":"https:\/\/web.umons.ac.be\/gpro\/"},{"@type":"ListItem","position":2,"name":"Research activities"}]},{"@type":"WebSite","@id":"https:\/\/web.umons.ac.be\/gpro\/#website","url":"https:\/\/web.umons.ac.be\/gpro\/","name":"Service \/ FPMS - G\u00e9nie des Proc\u00e9d\u00e9s chimiques et biochimiques","description":"","potentialAction":[{"@type":"SearchAction","target":{"@type":"EntryPoint","urlTemplate":"https:\/\/web.umons.ac.be\/gpro\/?s={search_term_string}"},"query-input":{"@type":"PropertyValueSpecification","valueRequired":true,"valueName":"search_term_string"}}],"inLanguage":"fr-FR"}]}},"lang":"en","translations":{"en":17,"fr":15},"pll_sync_post":[],"_links":{"self":[{"href":"https:\/\/web.umons.ac.be\/gpro\/wp-json\/wp\/v2\/pages\/17","targetHints":{"allow":["GET"]}}],"collection":[{"href":"https:\/\/web.umons.ac.be\/gpro\/wp-json\/wp\/v2\/pages"}],"about":[{"href":"https:\/\/web.umons.ac.be\/gpro\/wp-json\/wp\/v2\/types\/page"}],"author":[{"embeddable":true,"href":"https:\/\/web.umons.ac.be\/gpro\/wp-json\/wp\/v2\/users\/4"}],"replies":[{"embeddable":true,"href":"https:\/\/web.umons.ac.be\/gpro\/wp-json\/wp\/v2\/comments?post=17"}],"version-history":[{"count":1,"href":"https:\/\/web.umons.ac.be\/gpro\/wp-json\/wp\/v2\/pages\/17\/revisions"}],"predecessor-version":[{"id":48,"href":"https:\/\/web.umons.ac.be\/gpro\/wp-json\/wp\/v2\/pages\/17\/revisions\/48"}],"wp:attachment":[{"href":"https:\/\/web.umons.ac.be\/gpro\/wp-json\/wp\/v2\/media?parent=17"}],"curies":[{"name":"wp","href":"https:\/\/api.w.org\/{rel}","templated":true}]}}