{"id":7,"date":"2021-11-05T15:12:41","date_gmt":"2021-11-05T14:12:41","guid":{"rendered":"https:\/\/web.umons.ac.be\/gpro\/equipe\/"},"modified":"2021-11-05T15:12:41","modified_gmt":"2021-11-05T14:12:41","slug":"equipe","status":"publish","type":"page","link":"https:\/\/web.umons.ac.be\/gpro\/equipe\/","title":{"rendered":"\u00c9quipe"},"content":{"rendered":"<div class=\"service-composition content-block scheme-fpms\">\n                        <h3>Service de G\u00e9nie des Proc\u00e9d\u00e9s chimiques et biochimiques<\/h3>\n        \n                    <ul class=\"service-members\">\n                                    <li>\n                        <a href=\"mailto:dian&#101;.t&#104;&#111;ma&#115;&#64;umo&#110;s&#46;&#97;c.&#98;&#101;\" rel=\"nofollow\" class=\"service-member service-head\">\n                            <div>\n                                <span class=\"member-name\">THOMAS Diane<\/span>\n                                <div class=\"member-type\">Chef de service<\/div>\n                            <\/div>\n\n                            <span class=\"icon umons-icon-email\" aria-hidden=\"true\"><\/span>\n                        <\/a>\n                    <\/li>\n                \n                                    <li>\n                        <a href=\"mailto:sylv&#97;&#105;&#110;&#46;&#98;&#114;&#111;hez&#64;&#117;m&#111;&#110;s&#46;&#97;c.&#98;&#101;\" rel=\"nofollow\" class=\"service-member\">\n                            <span class=\"member-name\">BROHEZ Sylvain<\/span>\n                            <span class=\"icon umons-icon-email\" aria-hidden=\"true\"><\/span>\n                        <\/a>\n                    <\/li>\n                                    <li>\n                        <a href=\"mailto:Val&#101;&#110;&#116;i&#110;.B&#82;U&#78;E&#65;U&#64;um&#111;&#110;s&#46;a&#99;.be\" rel=\"nofollow\" class=\"service-member\">\n                            <span class=\"member-name\">BRUNEAU Valentin<\/span>\n                            <span class=\"icon umons-icon-email\" aria-hidden=\"true\"><\/span>\n                        <\/a>\n                    <\/li>\n                                    <li>\n                        <a href=\"mailto:&#108;o&#117;ise.&#99;h&#101;&#110;&#111;y&#64;um&#111;n&#115;&#46;&#97;c&#46;&#98;e\" rel=\"nofollow\" class=\"service-member\">\n                            <span class=\"member-name\">CHENOY Louise<\/span>\n                            <span class=\"icon umons-icon-email\" aria-hidden=\"true\"><\/span>\n                        <\/a>\n                    <\/li>\n                                    <li>\n                        <a href=\"mailto:&#109;&#105;c&#104;&#101;&#108;.d&#101;lau&#110;&#111;&#105;&#115;&#64;u&#109;&#111;&#110;&#115;&#46;&#97;&#99;&#46;be\" rel=\"nofollow\" class=\"service-member\">\n                            <span class=\"member-name\">DELAUNOIS Michel<\/span>\n                            <span class=\"icon umons-icon-email\" aria-hidden=\"true\"><\/span>\n                        <\/a>\n                    <\/li>\n                                    <li>\n                        <a href=\"mailto:&#99;h&#114;ist&#105;an&#46;d&#101;&#108;&#118;&#111;sa&#108;&#108;&#101;&#64;&#117;m&#111;ns.ac&#46;&#98;&#101;\" rel=\"nofollow\" class=\"service-member\">\n                            <span class=\"member-name\">DELVOSALLE Christian<\/span>\n                            <span class=\"icon umons-icon-email\" aria-hidden=\"true\"><\/span>\n                        <\/a>\n                    <\/li>\n                                    <li>\n                        <a href=\"mailto:l&#105;&#111;nel.du&#98;&#111;is&#64;&#117;&#109;o&#110;s.ac.&#98;&#101;\" rel=\"nofollow\" class=\"service-member\">\n                            <span class=\"member-name\">DUBOIS Lionel<\/span>\n                            <span class=\"icon umons-icon-email\" aria-hidden=\"true\"><\/span>\n                        <\/a>\n                    <\/li>\n                                    <li>\n                        <a href=\"mailto:a&#110;ne-l&#105;&#115;e.&#104;an&#116;son&#64;u&#109;ons&#46;&#97;&#99;.&#98;&#101;\" rel=\"nofollow\" class=\"service-member\">\n                            <span class=\"member-name\">HANTSON Anne-Lise<\/span>\n                            <span class=\"icon umons-icon-email\" aria-hidden=\"true\"><\/span>\n                        <\/a>\n                    <\/li>\n                                    <li>\n                        <a href=\"mailto:&#99;hri&#115;&#116;o&#112;&#104;e.lh&#101;ur&#101;ux&#64;&#117;&#109;&#111;n&#115;&#46;&#97;c&#46;&#98;e\" rel=\"nofollow\" class=\"service-member\">\n                            <span class=\"member-name\">LHEUREUX Christophe<\/span>\n                            <span class=\"icon umons-icon-email\" aria-hidden=\"true\"><\/span>\n                        <\/a>\n                    <\/li>\n                                    <li>\n                        <a href=\"mailto:C&#101;&#108;&#105;a&#46;PA&#83;&#84;E&#64;&#117;&#109;&#111;ns.ac.&#98;e\" rel=\"nofollow\" class=\"service-member\">\n                            <span class=\"member-name\">PASTE C\u00e9lia<\/span>\n                            <span class=\"icon umons-icon-email\" aria-hidden=\"true\"><\/span>\n                        <\/a>\n                    <\/li>\n                                    <li>\n                        <a href=\"mailto:T&#104;o&#109;&#97;&#115;.&#83;T&#73;E&#86;E&#78;A&#82;&#84;&#64;umo&#110;s&#46;&#97;c&#46;b&#101;\" rel=\"nofollow\" class=\"service-member\">\n                            <span class=\"member-name\">STIEVENART Thomas<\/span>\n                            <span class=\"icon umons-icon-email\" aria-hidden=\"true\"><\/span>\n                        <\/a>\n                    <\/li>\n                                    <li>\n                        <a href=\"mailto:&#68;&#97;m&#105;e&#110;.V&#69;R&#68;O&#78;&#67;&#75;&#64;u&#109;&#111;&#110;&#115;&#46;&#97;c.&#98;&#101;\" rel=\"nofollow\" class=\"service-member\">\n                            <span class=\"member-name\">VERDONCK Damien<\/span>\n                            <span class=\"icon umons-icon-email\" aria-hidden=\"true\"><\/span>\n                        <\/a>\n                    <\/li>\n                                    <li>\n                        <a href=\"mailto:A&#110;&#116;&#111;&#105;n&#101;&#46;&#86;&#69;RHAEG&#72;E&#64;u&#109;&#111;n&#115;&#46;a&#99;&#46;be\" rel=\"nofollow\" class=\"service-member\">\n                            <span class=\"member-name\">VERHAEGHE Antoine<\/span>\n                            <span class=\"icon umons-icon-email\" aria-hidden=\"true\"><\/span>\n                        <\/a>\n                    <\/li>\n                                    <li>\n                        <a href=\"mailto:he&#110;&#114;i.vinc&#101;nt&#64;um&#111;ns&#46;a&#99;.b&#101;\" rel=\"nofollow\" class=\"service-member\">\n                            <span class=\"member-name\">VINCENT Henri<\/span>\n                            <span class=\"icon umons-icon-email\" aria-hidden=\"true\"><\/span>\n                        <\/a>\n                    <\/li>\n                            <\/ul>\n                <p>\n            <a href=\" http:\/\/www.umons.ac.be\/annuaire\" class=\"button button-primary scheme-background scheme-background-hover\" target=\"_blank\" rel=\"nofollow\">\n                More information on the directory                <span class=\"icon umons-icon-book\" aria-hidden=\"true\"><\/span>        \n            <\/a>\n        <\/p>\n    <\/div>\n","protected":false},"excerpt":{"rendered":"","protected":false},"author":4,"featured_media":0,"parent":0,"menu_order":0,"comment_status":"closed","ping_status":"closed","template":"","meta":{"footnotes":""},"class_list":["post-7","page","type-page","status-publish","hentry"],"yoast_head":"<!-- This site is optimized with the Yoast SEO plugin v27.2 - https:\/\/yoast.com\/product\/yoast-seo-wordpress\/ -->\n<title>\u00c9quipe - Service \/ FPMS - G\u00e9nie des Proc\u00e9d\u00e9s chimiques et biochimiques<\/title>\n<meta name=\"robots\" content=\"index, follow, max-snippet:-1, max-image-preview:large, max-video-preview:-1\" \/>\n<link rel=\"canonical\" href=\"https:\/\/web.umons.ac.be\/gpro\/equipe\/\" \/>\n<meta property=\"og:locale\" content=\"fr_FR\" \/>\n<meta property=\"og:type\" content=\"article\" \/>\n<meta property=\"og:title\" content=\"\u00c9quipe - Service \/ FPMS - G\u00e9nie des Proc\u00e9d\u00e9s chimiques et biochimiques\" \/>\n<meta property=\"og:url\" content=\"https:\/\/web.umons.ac.be\/gpro\/equipe\/\" \/>\n<meta property=\"og:site_name\" content=\"Service \/ FPMS - G\u00e9nie des Proc\u00e9d\u00e9s chimiques et biochimiques\" \/>\n<meta name=\"twitter:card\" content=\"summary_large_image\" \/>\n<script type=\"application\/ld+json\" class=\"yoast-schema-graph\">{\"@context\":\"https:\/\/schema.org\",\"@graph\":[{\"@type\":\"WebPage\",\"@id\":\"https:\/\/web.umons.ac.be\/gpro\/equipe\/\",\"url\":\"https:\/\/web.umons.ac.be\/gpro\/equipe\/\",\"name\":\"\u00c9quipe - Service \/ FPMS - G\u00e9nie des Proc\u00e9d\u00e9s chimiques et biochimiques\",\"isPartOf\":{\"@id\":\"https:\/\/web.umons.ac.be\/gpro\/#website\"},\"datePublished\":\"2021-11-05T14:12:41+00:00\",\"breadcrumb\":{\"@id\":\"https:\/\/web.umons.ac.be\/gpro\/equipe\/#breadcrumb\"},\"inLanguage\":\"fr-FR\",\"potentialAction\":[{\"@type\":\"ReadAction\",\"target\":[\"https:\/\/web.umons.ac.be\/gpro\/equipe\/\"]}]},{\"@type\":\"BreadcrumbList\",\"@id\":\"https:\/\/web.umons.ac.be\/gpro\/equipe\/#breadcrumb\",\"itemListElement\":[{\"@type\":\"ListItem\",\"position\":1,\"name\":\"Home\",\"item\":\"https:\/\/web.umons.ac.be\/gpro\/\"},{\"@type\":\"ListItem\",\"position\":2,\"name\":\"\u00c9quipe\"}]},{\"@type\":\"WebSite\",\"@id\":\"https:\/\/web.umons.ac.be\/gpro\/#website\",\"url\":\"https:\/\/web.umons.ac.be\/gpro\/\",\"name\":\"Service \/ FPMS - G\u00e9nie des Proc\u00e9d\u00e9s chimiques et biochimiques\",\"description\":\"\",\"potentialAction\":[{\"@type\":\"SearchAction\",\"target\":{\"@type\":\"EntryPoint\",\"urlTemplate\":\"https:\/\/web.umons.ac.be\/gpro\/?s={search_term_string}\"},\"query-input\":{\"@type\":\"PropertyValueSpecification\",\"valueRequired\":true,\"valueName\":\"search_term_string\"}}],\"inLanguage\":\"fr-FR\"}]}<\/script>\n<!-- \/ Yoast SEO plugin. -->","yoast_head_json":{"title":"\u00c9quipe - Service \/ FPMS - G\u00e9nie des Proc\u00e9d\u00e9s chimiques et biochimiques","robots":{"index":"index","follow":"follow","max-snippet":"max-snippet:-1","max-image-preview":"max-image-preview:large","max-video-preview":"max-video-preview:-1"},"canonical":"https:\/\/web.umons.ac.be\/gpro\/equipe\/","og_locale":"fr_FR","og_type":"article","og_title":"\u00c9quipe - Service \/ FPMS - G\u00e9nie des Proc\u00e9d\u00e9s chimiques et biochimiques","og_url":"https:\/\/web.umons.ac.be\/gpro\/equipe\/","og_site_name":"Service \/ FPMS - G\u00e9nie des Proc\u00e9d\u00e9s chimiques et biochimiques","twitter_card":"summary_large_image","schema":{"@context":"https:\/\/schema.org","@graph":[{"@type":"WebPage","@id":"https:\/\/web.umons.ac.be\/gpro\/equipe\/","url":"https:\/\/web.umons.ac.be\/gpro\/equipe\/","name":"\u00c9quipe - Service \/ FPMS - G\u00e9nie des Proc\u00e9d\u00e9s chimiques et biochimiques","isPartOf":{"@id":"https:\/\/web.umons.ac.be\/gpro\/#website"},"datePublished":"2021-11-05T14:12:41+00:00","breadcrumb":{"@id":"https:\/\/web.umons.ac.be\/gpro\/equipe\/#breadcrumb"},"inLanguage":"fr-FR","potentialAction":[{"@type":"ReadAction","target":["https:\/\/web.umons.ac.be\/gpro\/equipe\/"]}]},{"@type":"BreadcrumbList","@id":"https:\/\/web.umons.ac.be\/gpro\/equipe\/#breadcrumb","itemListElement":[{"@type":"ListItem","position":1,"name":"Home","item":"https:\/\/web.umons.ac.be\/gpro\/"},{"@type":"ListItem","position":2,"name":"\u00c9quipe"}]},{"@type":"WebSite","@id":"https:\/\/web.umons.ac.be\/gpro\/#website","url":"https:\/\/web.umons.ac.be\/gpro\/","name":"Service \/ FPMS - G\u00e9nie des Proc\u00e9d\u00e9s chimiques et biochimiques","description":"","potentialAction":[{"@type":"SearchAction","target":{"@type":"EntryPoint","urlTemplate":"https:\/\/web.umons.ac.be\/gpro\/?s={search_term_string}"},"query-input":{"@type":"PropertyValueSpecification","valueRequired":true,"valueName":"search_term_string"}}],"inLanguage":"fr-FR"}]}},"lang":"fr","translations":{"fr":7,"en":9},"pll_sync_post":[],"_links":{"self":[{"href":"https:\/\/web.umons.ac.be\/gpro\/wp-json\/wp\/v2\/pages\/7","targetHints":{"allow":["GET"]}}],"collection":[{"href":"https:\/\/web.umons.ac.be\/gpro\/wp-json\/wp\/v2\/pages"}],"about":[{"href":"https:\/\/web.umons.ac.be\/gpro\/wp-json\/wp\/v2\/types\/page"}],"author":[{"embeddable":true,"href":"https:\/\/web.umons.ac.be\/gpro\/wp-json\/wp\/v2\/users\/4"}],"replies":[{"embeddable":true,"href":"https:\/\/web.umons.ac.be\/gpro\/wp-json\/wp\/v2\/comments?post=7"}],"version-history":[{"count":0,"href":"https:\/\/web.umons.ac.be\/gpro\/wp-json\/wp\/v2\/pages\/7\/revisions"}],"wp:attachment":[{"href":"https:\/\/web.umons.ac.be\/gpro\/wp-json\/wp\/v2\/media?parent=7"}],"curies":[{"name":"wp","href":"https:\/\/api.w.org\/{rel}","templated":true}]}}