{"id":11,"date":"2021-11-26T12:13:35","date_gmt":"2021-11-26T11:13:35","guid":{"rendered":"https:\/\/web.umons.ac.be\/inet\/activites-denseignement\/"},"modified":"2024-06-24T12:14:54","modified_gmt":"2024-06-24T10:14:54","slug":"activites-denseignement","status":"publish","type":"page","link":"https:\/\/web.umons.ac.be\/inet\/activites-denseignement\/","title":{"rendered":"Enseignement"},"content":{"rendered":"<p>Le Service R\u00e9seaux et T\u00e9l\u00e9communications organise les activit\u00e9s d&rsquo;enseignement suivantes<\/p>\n<ul>\n<li>Programmation et Algorithmique II (B. Quoitin) [<a href=\"https:\/\/moodle.umons.ac.be\/course\/view.php?id=172\">lien Moodle<\/a>]<\/li>\n<li>Fonctionnement des Ordinateurs (B. Quoitin) [<a href=\"https:\/\/moodle.umons.ac.be\/course\/view.php?id=161\">lien Moodle<\/a>]<\/li>\n<li>R\u00e9seaux I (B. Quoitin) [<a href=\"https:\/\/moodle.umons.ac.be\/course\/view.php?id=177\">lien Moodle<\/a>]<\/li>\n<li>R\u00e9seaux II (B. Quoitin) [<a href=\"https:\/\/moodle.umons.ac.be\/course\/view.php?id=178\">lien Moodle<\/a>]<\/li>\n<li>R\u00e9seaux (B. Quoitin), sur le site de Charleroi, cours du soir [<a href=\"https:\/\/moodle.umons.ac.be\/course\/view.php?id=176\">lien Moodle<\/a>]<\/li>\n<li>Cryptographie et S\u00e9curit\u00e9 des syst\u00e8mes informatiques (A. Buys)<\/li>\n<li>Simulation (A. Buys)<\/li>\n<li>Lecture et Communications Scientifiques (B. Quoitin) [<a href=\"https:\/\/moodle.umons.ac.be\/course\/view.php?id=4521\">lien Moodle<\/a>]<\/li>\n<\/ul>\n","protected":false},"excerpt":{"rendered":"<p>Le Service R\u00e9seaux et T\u00e9l\u00e9communications organise les activit\u00e9s d&rsquo;enseignement suivantes Programmation et Algorithmique II (B. Quoitin) [lien Moodle] Fonctionnement des Ordinateurs (B. Quoitin) [lien Moodle] R\u00e9seaux I (B. Quoitin) [lien Moodle] R\u00e9seaux II (B. Quoitin) [lien Moodle] R\u00e9seaux (B. Quoitin), sur le site de Charleroi, cours du soir [lien Moodle] Cryptographie et S\u00e9curit\u00e9 des syst\u00e8mes [&hellip;]<\/p>\n","protected":false},"author":4,"featured_media":0,"parent":0,"menu_order":0,"comment_status":"closed","ping_status":"closed","template":"","meta":{"footnotes":""},"class_list":["post-11","page","type-page","status-publish","hentry"],"yoast_head":"<!-- This site is optimized with the Yoast SEO plugin v27.2 - https:\/\/yoast.com\/product\/yoast-seo-wordpress\/ -->\n<title>Enseignement - Service \/ FS - Computer Networks<\/title>\n<meta name=\"robots\" content=\"index, follow, max-snippet:-1, max-image-preview:large, max-video-preview:-1\" \/>\n<link rel=\"canonical\" href=\"https:\/\/web.umons.ac.be\/inet\/activites-denseignement\/\" \/>\n<meta property=\"og:locale\" content=\"fr_FR\" \/>\n<meta property=\"og:type\" content=\"article\" \/>\n<meta property=\"og:title\" content=\"Enseignement - Service \/ FS - Computer Networks\" \/>\n<meta property=\"og:description\" content=\"Le Service R\u00e9seaux et T\u00e9l\u00e9communications organise les activit\u00e9s d&rsquo;enseignement suivantes Programmation et Algorithmique II (B. Quoitin) [lien Moodle] Fonctionnement des Ordinateurs (B. Quoitin) [lien Moodle] R\u00e9seaux I (B. Quoitin) [lien Moodle] R\u00e9seaux II (B. Quoitin) [lien Moodle] R\u00e9seaux (B. Quoitin), sur le site de Charleroi, cours du soir [lien Moodle] Cryptographie et S\u00e9curit\u00e9 des syst\u00e8mes [&hellip;]\" \/>\n<meta property=\"og:url\" content=\"https:\/\/web.umons.ac.be\/inet\/activites-denseignement\/\" \/>\n<meta property=\"og:site_name\" content=\"Service \/ FS - Computer Networks\" \/>\n<meta property=\"article:modified_time\" content=\"2024-06-24T10:14:54+00:00\" \/>\n<meta name=\"twitter:card\" content=\"summary_large_image\" \/>\n<meta name=\"twitter:label1\" content=\"Dur\u00e9e de lecture estim\u00e9e\" \/>\n\t<meta name=\"twitter:data1\" content=\"1 minute\" \/>\n<script type=\"application\/ld+json\" class=\"yoast-schema-graph\">{\"@context\":\"https:\/\/schema.org\",\"@graph\":[{\"@type\":\"WebPage\",\"@id\":\"https:\/\/web.umons.ac.be\/inet\/activites-denseignement\/\",\"url\":\"https:\/\/web.umons.ac.be\/inet\/activites-denseignement\/\",\"name\":\"Enseignement - Service \/ FS - Computer Networks\",\"isPartOf\":{\"@id\":\"https:\/\/web.umons.ac.be\/inet\/#website\"},\"datePublished\":\"2021-11-26T11:13:35+00:00\",\"dateModified\":\"2024-06-24T10:14:54+00:00\",\"breadcrumb\":{\"@id\":\"https:\/\/web.umons.ac.be\/inet\/activites-denseignement\/#breadcrumb\"},\"inLanguage\":\"fr-FR\",\"potentialAction\":[{\"@type\":\"ReadAction\",\"target\":[\"https:\/\/web.umons.ac.be\/inet\/activites-denseignement\/\"]}]},{\"@type\":\"BreadcrumbList\",\"@id\":\"https:\/\/web.umons.ac.be\/inet\/activites-denseignement\/#breadcrumb\",\"itemListElement\":[{\"@type\":\"ListItem\",\"position\":1,\"name\":\"Home\",\"item\":\"https:\/\/web.umons.ac.be\/inet\/\"},{\"@type\":\"ListItem\",\"position\":2,\"name\":\"Enseignement\"}]},{\"@type\":\"WebSite\",\"@id\":\"https:\/\/web.umons.ac.be\/inet\/#website\",\"url\":\"https:\/\/web.umons.ac.be\/inet\/\",\"name\":\"Service \/ FS - Computer Networks\",\"description\":\"This is the Computer Networks lab&#039;s web site.\",\"potentialAction\":[{\"@type\":\"SearchAction\",\"target\":{\"@type\":\"EntryPoint\",\"urlTemplate\":\"https:\/\/web.umons.ac.be\/inet\/?s={search_term_string}\"},\"query-input\":{\"@type\":\"PropertyValueSpecification\",\"valueRequired\":true,\"valueName\":\"search_term_string\"}}],\"inLanguage\":\"fr-FR\"}]}<\/script>\n<!-- \/ Yoast SEO plugin. -->","yoast_head_json":{"title":"Enseignement - Service \/ FS - Computer Networks","robots":{"index":"index","follow":"follow","max-snippet":"max-snippet:-1","max-image-preview":"max-image-preview:large","max-video-preview":"max-video-preview:-1"},"canonical":"https:\/\/web.umons.ac.be\/inet\/activites-denseignement\/","og_locale":"fr_FR","og_type":"article","og_title":"Enseignement - Service \/ FS - Computer Networks","og_description":"Le Service R\u00e9seaux et T\u00e9l\u00e9communications organise les activit\u00e9s d&rsquo;enseignement suivantes Programmation et Algorithmique II (B. Quoitin) [lien Moodle] Fonctionnement des Ordinateurs (B. Quoitin) [lien Moodle] R\u00e9seaux I (B. Quoitin) [lien Moodle] R\u00e9seaux II (B. Quoitin) [lien Moodle] R\u00e9seaux (B. Quoitin), sur le site de Charleroi, cours du soir [lien Moodle] Cryptographie et S\u00e9curit\u00e9 des syst\u00e8mes [&hellip;]","og_url":"https:\/\/web.umons.ac.be\/inet\/activites-denseignement\/","og_site_name":"Service \/ FS - Computer Networks","article_modified_time":"2024-06-24T10:14:54+00:00","twitter_card":"summary_large_image","twitter_misc":{"Dur\u00e9e de lecture estim\u00e9e":"1 minute"},"schema":{"@context":"https:\/\/schema.org","@graph":[{"@type":"WebPage","@id":"https:\/\/web.umons.ac.be\/inet\/activites-denseignement\/","url":"https:\/\/web.umons.ac.be\/inet\/activites-denseignement\/","name":"Enseignement - Service \/ FS - Computer Networks","isPartOf":{"@id":"https:\/\/web.umons.ac.be\/inet\/#website"},"datePublished":"2021-11-26T11:13:35+00:00","dateModified":"2024-06-24T10:14:54+00:00","breadcrumb":{"@id":"https:\/\/web.umons.ac.be\/inet\/activites-denseignement\/#breadcrumb"},"inLanguage":"fr-FR","potentialAction":[{"@type":"ReadAction","target":["https:\/\/web.umons.ac.be\/inet\/activites-denseignement\/"]}]},{"@type":"BreadcrumbList","@id":"https:\/\/web.umons.ac.be\/inet\/activites-denseignement\/#breadcrumb","itemListElement":[{"@type":"ListItem","position":1,"name":"Home","item":"https:\/\/web.umons.ac.be\/inet\/"},{"@type":"ListItem","position":2,"name":"Enseignement"}]},{"@type":"WebSite","@id":"https:\/\/web.umons.ac.be\/inet\/#website","url":"https:\/\/web.umons.ac.be\/inet\/","name":"Service \/ FS - Computer Networks","description":"This is the Computer Networks lab&#039;s web site.","potentialAction":[{"@type":"SearchAction","target":{"@type":"EntryPoint","urlTemplate":"https:\/\/web.umons.ac.be\/inet\/?s={search_term_string}"},"query-input":{"@type":"PropertyValueSpecification","valueRequired":true,"valueName":"search_term_string"}}],"inLanguage":"fr-FR"}]}},"lang":"fr","translations":{"fr":11,"en":13},"pll_sync_post":[],"_links":{"self":[{"href":"https:\/\/web.umons.ac.be\/inet\/wp-json\/wp\/v2\/pages\/11","targetHints":{"allow":["GET"]}}],"collection":[{"href":"https:\/\/web.umons.ac.be\/inet\/wp-json\/wp\/v2\/pages"}],"about":[{"href":"https:\/\/web.umons.ac.be\/inet\/wp-json\/wp\/v2\/types\/page"}],"author":[{"embeddable":true,"href":"https:\/\/web.umons.ac.be\/inet\/wp-json\/wp\/v2\/users\/4"}],"replies":[{"embeddable":true,"href":"https:\/\/web.umons.ac.be\/inet\/wp-json\/wp\/v2\/comments?post=11"}],"version-history":[{"count":3,"href":"https:\/\/web.umons.ac.be\/inet\/wp-json\/wp\/v2\/pages\/11\/revisions"}],"predecessor-version":[{"id":115,"href":"https:\/\/web.umons.ac.be\/inet\/wp-json\/wp\/v2\/pages\/11\/revisions\/115"}],"wp:attachment":[{"href":"https:\/\/web.umons.ac.be\/inet\/wp-json\/wp\/v2\/media?parent=11"}],"curies":[{"name":"wp","href":"https:\/\/api.w.org\/{rel}","templated":true}]}}