{"id":15,"date":"2021-11-26T12:13:35","date_gmt":"2021-11-26T11:13:35","guid":{"rendered":"https:\/\/web.umons.ac.be\/inet\/activites-de-recherche\/"},"modified":"2024-06-21T13:55:13","modified_gmt":"2024-06-21T11:55:13","slug":"activites-de-recherche","status":"publish","type":"page","link":"https:\/\/web.umons.ac.be\/inet\/activites-de-recherche\/","title":{"rendered":"Activit\u00e9s de recherche"},"content":{"rendered":"<h4>Th\u00e8mes de recherche<\/h4>\r\n<p>Nos activit\u00e9s de recherche concernent la conception, l&rsquo;analyse et la mod\u00e9lisation de protocoles de communication. Plus sp\u00e9cifiquement,<\/p>\r\n<ul>\r\n<li>Syst\u00e8mes embarqu\u00e9s en r\u00e9seau, Internet des objets (IoT)\r\n<ul>\r\n<li>WPANs (IEEE 802.15.4) : protocoles MAC basse puissance (ContikiMAC, TSCH), routage (AODV, RPL)<\/li>\r\n<li>LPWANs (LoRa\/LoRAWAN)<\/li>\r\n<li>Localisation en int\u00e9rieur, bas\u00e9e sur l&rsquo;Ultrawide Band (UWB)<\/li>\r\n<li>Identification par empreinte radio-fr\u00e9quence (\u00ab\u00a0RF <em>fingerprinting<\/em>\u00ab\u00a0)<\/li>\r\n<li>Connectivit\u00e9 multi-technologies (WiFi \/ LoRa \/ NB-IoT \/ LTE-M)<\/li>\r\n<\/ul>\r\n<\/li>\r\n<li>Architecture de routage Internet et <em>Border Gateway Protocol<\/em> (BGP)\r\n<ul>\r\n<li>Simulation et \u00e9mulation de r\u00e9seaux : c-bgp<\/li>\r\n<li>G\u00e9n\u00e9ration de topologies de r\u00e9seaux : IGen, graphes bipartis<\/li>\r\n<\/ul>\r\n<\/li>\r\n<\/ul>\r\n<p>&nbsp;<\/p>\r\n<h4>Projets<\/h4>\r\n<ul>\r\n<li><a href=\"https:\/\/6g.be\">BEL6GICA<\/a><\/li>\r\n<li><a href=\"https:\/\/www.cyberexcellence.be\/\">Cyberexcellence<\/a><\/li>\r\n<li><a href=\"http:\/\/www.road-step.be\/\">Road-Step<\/a><\/li>\r\n<li class=\"wp-block-heading\">Portefeuille FEDER <a href=\"https:\/\/www.cetic.be\/IDEES?lang=en\">IDEES<\/a>, Innovations Technologiques<\/li>\r\n<\/ul>\r\n<p>&nbsp;<\/p>\r\n<h4>Publications<\/h4>\r\n<p>Disponibles via le <a href=\"https:\/\/orbi.umons.ac.be\/simple-search?query=&amp;sort_by=issued_dt&amp;order=desc&amp;filter_2=researchunit%3A%3Aauthority%3A%3AORG_1185\">d\u00e9p\u00f4t institutionnel<\/a> \u00a0<\/p>\r\n<h4>\u00a0<\/h4>\r\n<h4>Bourses de doctorat<\/h4>\r\n<ul>\r\n<li>Phithak THAENKAEW en co-tutelle avec l&rsquo;IMT Nord Europe<\/li>\r\n<li>Ali HAJ-HASSAN en co-tutelle avec l&rsquo;Universit\u00e9 Polytechnique Hauts de France<\/li>\r\n<li><\/li>\r\n<li>David HAUWEELE (FRIA)<\/li>\r\n<li>Maximilien CHARLIER (FRIA)<\/li>\r\n<\/ul>\r\n<p>&nbsp;<\/p>\r\n<hr \/>\r\n<p>Notre service est, par ailleurs rattach\u00e9 aux deux instituts de recherche suivants de l\u2019UMONS :<\/p>\r\n<start-cask-shortcode-wrapper>\t\t<div class=\"associated-institutes content-block scheme-fs\">\n\t\t\t<ul class=\"institutes-list\">\n\t\t\t\t\t\t\t\t\t\t<li>\n\t\t\t\t\t\t\t<a href=\"https:\/\/web.umons.ac.be\/complexys\" title=\"Acc\u00e9der au site web de : Institut \/ Complexys\" class=\"associated-institute\">\n\t\t\t\t\t\t\t\t<img loading=\"lazy\" decoding=\"async\" width=\"1\" height=\"1\" src=\"https:\/\/web.umons.ac.be\/app\/uploads\/sites\/31\/2017\/11\/complexys_logo_fr.svg\" class=\"attachment-thumbnail size-thumbnail\" alt=\"\" \/>\t\t\t\t\t\t\t<\/a>\t\t\t\n\t\t\t\t\t\t<\/li>\n\t\t\t\t\t\t\t\t\t\t<li>\n\t\t\t\t\t\t\t<a href=\"https:\/\/web.umons.ac.be\/infortech\" title=\"Acc\u00e9der au site web de : Institut \/ Infortech\" class=\"associated-institute\">\n\t\t\t\t\t\t\t\t<img loading=\"lazy\" decoding=\"async\" width=\"1\" height=\"1\" src=\"https:\/\/web.umons.ac.be\/app\/uploads\/sites\/34\/2017\/12\/infortech_logo_fr.svg\" class=\"attachment-thumbnail size-thumbnail\" alt=\"\" \/>\t\t\t\t\t\t\t<\/a>\t\t\t\n\t\t\t\t\t\t<\/li>\n\t\t\t\t\t\t\t<\/ul>\n\t\t<\/div>\n <end-cask-shortcode-wrapper>","protected":false},"excerpt":{"rendered":"<p>Th\u00e8mes de recherche Nos activit\u00e9s de recherche concernent la conception, l&rsquo;analyse et la mod\u00e9lisation de protocoles de communication. Plus sp\u00e9cifiquement, Syst\u00e8mes embarqu\u00e9s en r\u00e9seau, Internet des objets (IoT) WPANs (IEEE 802.15.4) : protocoles MAC basse puissance (ContikiMAC, TSCH), routage (AODV, RPL) LPWANs (LoRa\/LoRAWAN) Localisation en int\u00e9rieur, bas\u00e9e sur l&rsquo;Ultrawide Band (UWB) Identification par empreinte radio-fr\u00e9quence [&hellip;]<\/p>\n","protected":false},"author":4,"featured_media":0,"parent":0,"menu_order":0,"comment_status":"closed","ping_status":"closed","template":"","meta":{"footnotes":""},"class_list":["post-15","page","type-page","status-publish","hentry"],"yoast_head":"<!-- This site is optimized with the Yoast SEO plugin v27.2 - https:\/\/yoast.com\/product\/yoast-seo-wordpress\/ -->\n<title>Activit\u00e9s de recherche - Service \/ FS - Computer Networks<\/title>\n<meta name=\"robots\" content=\"index, follow, max-snippet:-1, max-image-preview:large, max-video-preview:-1\" \/>\n<link rel=\"canonical\" href=\"https:\/\/web.umons.ac.be\/inet\/activites-de-recherche\/\" \/>\n<meta property=\"og:locale\" content=\"fr_FR\" \/>\n<meta property=\"og:type\" content=\"article\" \/>\n<meta property=\"og:title\" content=\"Activit\u00e9s de recherche - Service \/ FS - Computer Networks\" \/>\n<meta property=\"og:description\" content=\"Th\u00e8mes de recherche Nos activit\u00e9s de recherche concernent la conception, l&rsquo;analyse et la mod\u00e9lisation de protocoles de communication. Plus sp\u00e9cifiquement, Syst\u00e8mes embarqu\u00e9s en r\u00e9seau, Internet des objets (IoT) WPANs (IEEE 802.15.4) : protocoles MAC basse puissance (ContikiMAC, TSCH), routage (AODV, RPL) LPWANs (LoRa\/LoRAWAN) Localisation en int\u00e9rieur, bas\u00e9e sur l&rsquo;Ultrawide Band (UWB) Identification par empreinte radio-fr\u00e9quence [&hellip;]\" \/>\n<meta property=\"og:url\" content=\"https:\/\/web.umons.ac.be\/inet\/activites-de-recherche\/\" \/>\n<meta property=\"og:site_name\" content=\"Service \/ FS - Computer Networks\" \/>\n<meta property=\"article:modified_time\" content=\"2024-06-21T11:55:13+00:00\" \/>\n<meta name=\"twitter:card\" content=\"summary_large_image\" \/>\n<meta name=\"twitter:label1\" content=\"Dur\u00e9e de lecture estim\u00e9e\" \/>\n\t<meta name=\"twitter:data1\" content=\"1 minute\" \/>\n<script type=\"application\/ld+json\" class=\"yoast-schema-graph\">{\"@context\":\"https:\/\/schema.org\",\"@graph\":[{\"@type\":\"WebPage\",\"@id\":\"https:\/\/web.umons.ac.be\/inet\/activites-de-recherche\/\",\"url\":\"https:\/\/web.umons.ac.be\/inet\/activites-de-recherche\/\",\"name\":\"Activit\u00e9s de recherche - Service \/ FS - Computer Networks\",\"isPartOf\":{\"@id\":\"https:\/\/web.umons.ac.be\/inet\/#website\"},\"datePublished\":\"2021-11-26T11:13:35+00:00\",\"dateModified\":\"2024-06-21T11:55:13+00:00\",\"breadcrumb\":{\"@id\":\"https:\/\/web.umons.ac.be\/inet\/activites-de-recherche\/#breadcrumb\"},\"inLanguage\":\"fr-FR\",\"potentialAction\":[{\"@type\":\"ReadAction\",\"target\":[\"https:\/\/web.umons.ac.be\/inet\/activites-de-recherche\/\"]}]},{\"@type\":\"BreadcrumbList\",\"@id\":\"https:\/\/web.umons.ac.be\/inet\/activites-de-recherche\/#breadcrumb\",\"itemListElement\":[{\"@type\":\"ListItem\",\"position\":1,\"name\":\"Home\",\"item\":\"https:\/\/web.umons.ac.be\/inet\/\"},{\"@type\":\"ListItem\",\"position\":2,\"name\":\"Activit\u00e9s de recherche\"}]},{\"@type\":\"WebSite\",\"@id\":\"https:\/\/web.umons.ac.be\/inet\/#website\",\"url\":\"https:\/\/web.umons.ac.be\/inet\/\",\"name\":\"Service \/ FS - Computer Networks\",\"description\":\"This is the Computer Networks lab&#039;s web site.\",\"potentialAction\":[{\"@type\":\"SearchAction\",\"target\":{\"@type\":\"EntryPoint\",\"urlTemplate\":\"https:\/\/web.umons.ac.be\/inet\/?s={search_term_string}\"},\"query-input\":{\"@type\":\"PropertyValueSpecification\",\"valueRequired\":true,\"valueName\":\"search_term_string\"}}],\"inLanguage\":\"fr-FR\"}]}<\/script>\n<!-- \/ Yoast SEO plugin. -->","yoast_head_json":{"title":"Activit\u00e9s de recherche - Service \/ FS - Computer Networks","robots":{"index":"index","follow":"follow","max-snippet":"max-snippet:-1","max-image-preview":"max-image-preview:large","max-video-preview":"max-video-preview:-1"},"canonical":"https:\/\/web.umons.ac.be\/inet\/activites-de-recherche\/","og_locale":"fr_FR","og_type":"article","og_title":"Activit\u00e9s de recherche - Service \/ FS - Computer Networks","og_description":"Th\u00e8mes de recherche Nos activit\u00e9s de recherche concernent la conception, l&rsquo;analyse et la mod\u00e9lisation de protocoles de communication. Plus sp\u00e9cifiquement, Syst\u00e8mes embarqu\u00e9s en r\u00e9seau, Internet des objets (IoT) WPANs (IEEE 802.15.4) : protocoles MAC basse puissance (ContikiMAC, TSCH), routage (AODV, RPL) LPWANs (LoRa\/LoRAWAN) Localisation en int\u00e9rieur, bas\u00e9e sur l&rsquo;Ultrawide Band (UWB) Identification par empreinte radio-fr\u00e9quence [&hellip;]","og_url":"https:\/\/web.umons.ac.be\/inet\/activites-de-recherche\/","og_site_name":"Service \/ FS - Computer Networks","article_modified_time":"2024-06-21T11:55:13+00:00","twitter_card":"summary_large_image","twitter_misc":{"Dur\u00e9e de lecture estim\u00e9e":"1 minute"},"schema":{"@context":"https:\/\/schema.org","@graph":[{"@type":"WebPage","@id":"https:\/\/web.umons.ac.be\/inet\/activites-de-recherche\/","url":"https:\/\/web.umons.ac.be\/inet\/activites-de-recherche\/","name":"Activit\u00e9s de recherche - Service \/ FS - Computer Networks","isPartOf":{"@id":"https:\/\/web.umons.ac.be\/inet\/#website"},"datePublished":"2021-11-26T11:13:35+00:00","dateModified":"2024-06-21T11:55:13+00:00","breadcrumb":{"@id":"https:\/\/web.umons.ac.be\/inet\/activites-de-recherche\/#breadcrumb"},"inLanguage":"fr-FR","potentialAction":[{"@type":"ReadAction","target":["https:\/\/web.umons.ac.be\/inet\/activites-de-recherche\/"]}]},{"@type":"BreadcrumbList","@id":"https:\/\/web.umons.ac.be\/inet\/activites-de-recherche\/#breadcrumb","itemListElement":[{"@type":"ListItem","position":1,"name":"Home","item":"https:\/\/web.umons.ac.be\/inet\/"},{"@type":"ListItem","position":2,"name":"Activit\u00e9s de recherche"}]},{"@type":"WebSite","@id":"https:\/\/web.umons.ac.be\/inet\/#website","url":"https:\/\/web.umons.ac.be\/inet\/","name":"Service \/ FS - Computer Networks","description":"This is the Computer Networks lab&#039;s web site.","potentialAction":[{"@type":"SearchAction","target":{"@type":"EntryPoint","urlTemplate":"https:\/\/web.umons.ac.be\/inet\/?s={search_term_string}"},"query-input":{"@type":"PropertyValueSpecification","valueRequired":true,"valueName":"search_term_string"}}],"inLanguage":"fr-FR"}]}},"lang":"fr","translations":{"fr":15,"en":17},"pll_sync_post":[],"_links":{"self":[{"href":"https:\/\/web.umons.ac.be\/inet\/wp-json\/wp\/v2\/pages\/15","targetHints":{"allow":["GET"]}}],"collection":[{"href":"https:\/\/web.umons.ac.be\/inet\/wp-json\/wp\/v2\/pages"}],"about":[{"href":"https:\/\/web.umons.ac.be\/inet\/wp-json\/wp\/v2\/types\/page"}],"author":[{"embeddable":true,"href":"https:\/\/web.umons.ac.be\/inet\/wp-json\/wp\/v2\/users\/4"}],"replies":[{"embeddable":true,"href":"https:\/\/web.umons.ac.be\/inet\/wp-json\/wp\/v2\/comments?post=15"}],"version-history":[{"count":3,"href":"https:\/\/web.umons.ac.be\/inet\/wp-json\/wp\/v2\/pages\/15\/revisions"}],"predecessor-version":[{"id":107,"href":"https:\/\/web.umons.ac.be\/inet\/wp-json\/wp\/v2\/pages\/15\/revisions\/107"}],"wp:attachment":[{"href":"https:\/\/web.umons.ac.be\/inet\/wp-json\/wp\/v2\/media?parent=15"}],"curies":[{"name":"wp","href":"https:\/\/api.w.org\/{rel}","templated":true}]}}