{"id":15,"date":"2021-11-24T10:14:42","date_gmt":"2021-11-24T09:14:42","guid":{"rendered":"https:\/\/web.umons.ac.be\/infco\/activites-de-recherche\/"},"modified":"2021-11-24T10:38:08","modified_gmt":"2021-11-24T09:38:08","slug":"activites-de-recherche","status":"publish","type":"page","link":"https:\/\/web.umons.ac.be\/infco\/activites-de-recherche\/","title":{"rendered":"Activit\u00e9s de recherche"},"content":{"rendered":"<p>Les activit\u00e9s de recherche du service Information et Communication se d\u00e9ploient actuellement \u00e0 travers trois principaux axes de recherche :<\/p>\n<ol>\n<li>Les identit\u00e9s professionnelles, les carri\u00e8res, les conditions d\u2019emploi et de travail du journalisme ;<\/li>\n<li>L\u2019\u00e9volution du secteur m\u00e9diatique, des contextes organisationnels et des relations de travail au sein de ce secteur ;<\/li>\n<li>Les changements, les innovations et permanences des pratiques journalistiques ;<\/li>\n<\/ol>\n<p>Le service encadre \u00e0 ce titre plusieurs th\u00e8ses de doctorat. Il est, en outre, \u00e9troitement associ\u00e9 au Laboratoire des pratiques et des identit\u00e9s journalistiques (LaPIJ), un espace de recherche interuniversitaire bas\u00e9 \u00e0 l\u2019Universit\u00e9 libre de Bruxelles et \u00e0 l\u2019Universit\u00e9 de Mons, et en partenariat \u00e9troit avec l\u2019Universit\u00e9 de Montr\u00e9al, l\u2019Universit\u00e9 de Br\u00e1silia et l\u2019Universit\u00e9 F\u00e9d\u00e9rale de Bahia. Le LaPIJ rassemble pr\u00e8s d\u2019une trentaine de chercheur\u2027e\u2027s travaillant sur des probl\u00e9matiques de sociologie du journalisme, et plus largement d\u2019\u00e9tudes du journalisme.<\/p>\n<p>Le service s\u2019emploie \u00e0 tisser des liens importants avec d\u2019autres partenaires institutionnels, ainsi qu\u2019avec des acteurs du secteur m\u00e9diatique belge, en menant notamment des projets de recherche-action.<\/p>\n<hr \/>\n<p>Notre service est, par ailleurs rattach\u00e9 \u00e0 un institut de recherche de l\u2019UMONS :<\/p>\n<start-cask-shortcode-wrapper>\t\t<div class=\"associated-institutes content-block scheme-eshs\">\n\t\t\t<ul class=\"institutes-list\">\n\t\t\t\t\t\t\t\t\t\t<li>\n\t\t\t\t\t\t\t<a href=\"https:\/\/web.umons.ac.be\/soci_e_ter\" title=\"Acc\u00e9der au site web de : Institut \/ Soci&amp;ter\" class=\"associated-institute\">\n\t\t\t\t\t\t\t\t<img loading=\"lazy\" decoding=\"async\" width=\"1\" height=\"1\" src=\"https:\/\/web.umons.ac.be\/app\/uploads\/sites\/33\/2021\/11\/Societer-FR.svg\" class=\"attachment-thumbnail size-thumbnail\" alt=\"\" \/>\t\t\t\t\t\t\t<\/a>\t\t\t\n\t\t\t\t\t\t<\/li>\n\t\t\t\t\t\t\t<\/ul>\n\t\t<\/div>\n <end-cask-shortcode-wrapper>\n","protected":false},"excerpt":{"rendered":"<p>Les activit\u00e9s de recherche du service Information et Communication se d\u00e9ploient actuellement \u00e0 travers trois principaux axes de recherche : Les identit\u00e9s professionnelles, les carri\u00e8res, les conditions d\u2019emploi et de travail du journalisme ; L\u2019\u00e9volution du secteur m\u00e9diatique, des contextes organisationnels et des relations de travail au sein de ce secteur ; Les changements, les [&hellip;]<\/p>\n","protected":false},"author":4,"featured_media":0,"parent":0,"menu_order":0,"comment_status":"closed","ping_status":"closed","template":"","meta":{"footnotes":""},"class_list":["post-15","page","type-page","status-publish","hentry"],"yoast_head":"<!-- This site is optimized with the Yoast SEO plugin v27.2 - https:\/\/yoast.com\/product\/yoast-seo-wordpress\/ -->\n<title>Activit\u00e9s de recherche - Service \/ ESHS - Information et Communication<\/title>\n<meta name=\"robots\" content=\"index, follow, max-snippet:-1, max-image-preview:large, max-video-preview:-1\" \/>\n<link rel=\"canonical\" href=\"https:\/\/web.umons.ac.be\/infco\/activites-de-recherche\/\" \/>\n<meta property=\"og:locale\" content=\"fr_FR\" \/>\n<meta property=\"og:type\" content=\"article\" \/>\n<meta property=\"og:title\" content=\"Activit\u00e9s de recherche - Service \/ ESHS - Information et Communication\" \/>\n<meta property=\"og:description\" content=\"Les activit\u00e9s de recherche du service Information et Communication se d\u00e9ploient actuellement \u00e0 travers trois principaux axes de recherche : Les identit\u00e9s professionnelles, les carri\u00e8res, les conditions d\u2019emploi et de travail du journalisme ; L\u2019\u00e9volution du secteur m\u00e9diatique, des contextes organisationnels et des relations de travail au sein de ce secteur ; Les changements, les [&hellip;]\" \/>\n<meta property=\"og:url\" content=\"https:\/\/web.umons.ac.be\/infco\/activites-de-recherche\/\" \/>\n<meta property=\"og:site_name\" content=\"Service \/ ESHS - Information et Communication\" \/>\n<meta property=\"article:modified_time\" content=\"2021-11-24T09:38:08+00:00\" \/>\n<meta name=\"twitter:card\" content=\"summary_large_image\" \/>\n<meta name=\"twitter:label1\" content=\"Dur\u00e9e de lecture estim\u00e9e\" \/>\n\t<meta name=\"twitter:data1\" content=\"1 minute\" \/>\n<script type=\"application\/ld+json\" class=\"yoast-schema-graph\">{\"@context\":\"https:\/\/schema.org\",\"@graph\":[{\"@type\":\"WebPage\",\"@id\":\"https:\/\/web.umons.ac.be\/infco\/activites-de-recherche\/\",\"url\":\"https:\/\/web.umons.ac.be\/infco\/activites-de-recherche\/\",\"name\":\"Activit\u00e9s de recherche - Service \/ ESHS - Information et Communication\",\"isPartOf\":{\"@id\":\"https:\/\/web.umons.ac.be\/infco\/#website\"},\"datePublished\":\"2021-11-24T09:14:42+00:00\",\"dateModified\":\"2021-11-24T09:38:08+00:00\",\"breadcrumb\":{\"@id\":\"https:\/\/web.umons.ac.be\/infco\/activites-de-recherche\/#breadcrumb\"},\"inLanguage\":\"fr-FR\",\"potentialAction\":[{\"@type\":\"ReadAction\",\"target\":[\"https:\/\/web.umons.ac.be\/infco\/activites-de-recherche\/\"]}]},{\"@type\":\"BreadcrumbList\",\"@id\":\"https:\/\/web.umons.ac.be\/infco\/activites-de-recherche\/#breadcrumb\",\"itemListElement\":[{\"@type\":\"ListItem\",\"position\":1,\"name\":\"Home\",\"item\":\"https:\/\/web.umons.ac.be\/infco\/\"},{\"@type\":\"ListItem\",\"position\":2,\"name\":\"Activit\u00e9s de recherche\"}]},{\"@type\":\"WebSite\",\"@id\":\"https:\/\/web.umons.ac.be\/infco\/#website\",\"url\":\"https:\/\/web.umons.ac.be\/infco\/\",\"name\":\"Service \/ ESHS - Information et Communication\",\"description\":\"\",\"potentialAction\":[{\"@type\":\"SearchAction\",\"target\":{\"@type\":\"EntryPoint\",\"urlTemplate\":\"https:\/\/web.umons.ac.be\/infco\/?s={search_term_string}\"},\"query-input\":{\"@type\":\"PropertyValueSpecification\",\"valueRequired\":true,\"valueName\":\"search_term_string\"}}],\"inLanguage\":\"fr-FR\"}]}<\/script>\n<!-- \/ Yoast SEO plugin. -->","yoast_head_json":{"title":"Activit\u00e9s de recherche - Service \/ ESHS - Information et Communication","robots":{"index":"index","follow":"follow","max-snippet":"max-snippet:-1","max-image-preview":"max-image-preview:large","max-video-preview":"max-video-preview:-1"},"canonical":"https:\/\/web.umons.ac.be\/infco\/activites-de-recherche\/","og_locale":"fr_FR","og_type":"article","og_title":"Activit\u00e9s de recherche - Service \/ ESHS - Information et Communication","og_description":"Les activit\u00e9s de recherche du service Information et Communication se d\u00e9ploient actuellement \u00e0 travers trois principaux axes de recherche : Les identit\u00e9s professionnelles, les carri\u00e8res, les conditions d\u2019emploi et de travail du journalisme ; L\u2019\u00e9volution du secteur m\u00e9diatique, des contextes organisationnels et des relations de travail au sein de ce secteur ; Les changements, les [&hellip;]","og_url":"https:\/\/web.umons.ac.be\/infco\/activites-de-recherche\/","og_site_name":"Service \/ ESHS - Information et Communication","article_modified_time":"2021-11-24T09:38:08+00:00","twitter_card":"summary_large_image","twitter_misc":{"Dur\u00e9e de lecture estim\u00e9e":"1 minute"},"schema":{"@context":"https:\/\/schema.org","@graph":[{"@type":"WebPage","@id":"https:\/\/web.umons.ac.be\/infco\/activites-de-recherche\/","url":"https:\/\/web.umons.ac.be\/infco\/activites-de-recherche\/","name":"Activit\u00e9s de recherche - Service \/ ESHS - Information et Communication","isPartOf":{"@id":"https:\/\/web.umons.ac.be\/infco\/#website"},"datePublished":"2021-11-24T09:14:42+00:00","dateModified":"2021-11-24T09:38:08+00:00","breadcrumb":{"@id":"https:\/\/web.umons.ac.be\/infco\/activites-de-recherche\/#breadcrumb"},"inLanguage":"fr-FR","potentialAction":[{"@type":"ReadAction","target":["https:\/\/web.umons.ac.be\/infco\/activites-de-recherche\/"]}]},{"@type":"BreadcrumbList","@id":"https:\/\/web.umons.ac.be\/infco\/activites-de-recherche\/#breadcrumb","itemListElement":[{"@type":"ListItem","position":1,"name":"Home","item":"https:\/\/web.umons.ac.be\/infco\/"},{"@type":"ListItem","position":2,"name":"Activit\u00e9s de recherche"}]},{"@type":"WebSite","@id":"https:\/\/web.umons.ac.be\/infco\/#website","url":"https:\/\/web.umons.ac.be\/infco\/","name":"Service \/ ESHS - Information et Communication","description":"","potentialAction":[{"@type":"SearchAction","target":{"@type":"EntryPoint","urlTemplate":"https:\/\/web.umons.ac.be\/infco\/?s={search_term_string}"},"query-input":{"@type":"PropertyValueSpecification","valueRequired":true,"valueName":"search_term_string"}}],"inLanguage":"fr-FR"}]}},"lang":"fr","translations":{"fr":15,"en":17},"pll_sync_post":[],"_links":{"self":[{"href":"https:\/\/web.umons.ac.be\/infco\/wp-json\/wp\/v2\/pages\/15","targetHints":{"allow":["GET"]}}],"collection":[{"href":"https:\/\/web.umons.ac.be\/infco\/wp-json\/wp\/v2\/pages"}],"about":[{"href":"https:\/\/web.umons.ac.be\/infco\/wp-json\/wp\/v2\/types\/page"}],"author":[{"embeddable":true,"href":"https:\/\/web.umons.ac.be\/infco\/wp-json\/wp\/v2\/users\/4"}],"replies":[{"embeddable":true,"href":"https:\/\/web.umons.ac.be\/infco\/wp-json\/wp\/v2\/comments?post=15"}],"version-history":[{"count":2,"href":"https:\/\/web.umons.ac.be\/infco\/wp-json\/wp\/v2\/pages\/15\/revisions"}],"predecessor-version":[{"id":61,"href":"https:\/\/web.umons.ac.be\/infco\/wp-json\/wp\/v2\/pages\/15\/revisions\/61"}],"wp:attachment":[{"href":"https:\/\/web.umons.ac.be\/infco\/wp-json\/wp\/v2\/media?parent=15"}],"curies":[{"name":"wp","href":"https:\/\/api.w.org\/{rel}","templated":true}]}}