{"id":125,"date":"2017-09-21T17:51:01","date_gmt":"2017-09-21T15:51:01","guid":{"rendered":"https:\/\/web.umons.ac.be\/infortech\/?page_id=125"},"modified":"2018-01-15T01:59:04","modified_gmt":"2018-01-15T00:59:04","slug":"centres-de-recherche-associes","status":"publish","type":"page","link":"https:\/\/web.umons.ac.be\/infortech\/en\/centres-de-recherche-associes\/","title":{"rendered":"Associated Research Centres"},"content":{"rendered":"<p>InforTech entretient des relations \u00e9troites avec les centres de\u00a0recherche agr\u00e9\u00e9s de la R\u00e9gion wallonne actifs dans le domaine des\u00a0technologies de l\u2019information, \u00e0 savoir <strong>MULTITEL<\/strong> et le <strong>CETIC\u00a0\u00a0<img loading=\"lazy\" decoding=\"async\" class=\"alignright size-full wp-image-177\" src=\"https:\/\/web.umons.ac.be\/app\/uploads\/sites\/34\/2017\/07\/Brochure_IR_FR_web.pdf-Adobe-Acrobat-Pro-DC.jpg\" alt=\"\" width=\"138\" height=\"53\" srcset=\"https:\/\/web.umons.ac.be\/app\/uploads\/sites\/34\/2017\/07\/Brochure_IR_FR_web.pdf-Adobe-Acrobat-Pro-DC.jpg 138w, https:\/\/web.umons.ac.be\/app\/uploads\/sites\/34\/2017\/07\/Brochure_IR_FR_web.pdf-Adobe-Acrobat-Pro-DC-30x12.jpg 30w, https:\/\/web.umons.ac.be\/app\/uploads\/sites\/34\/2017\/07\/Brochure_IR_FR_web.pdf-Adobe-Acrobat-Pro-DC-60x23.jpg 60w\" sizes=\"auto, (max-width: 138px) 100vw, 138px\" \/><\/strong><\/p>\n<p><img loading=\"lazy\" decoding=\"async\" class=\"alignright wp-image-178 size-large\" src=\"https:\/\/web.umons.ac.be\/app\/uploads\/sites\/34\/2017\/07\/Brochure_IR_FR_web.pdf-Adobe-Acrobat-Pro-DC-1-1024x214.jpg\" alt=\"\" width=\"1024\" height=\"214\" srcset=\"https:\/\/web.umons.ac.be\/app\/uploads\/sites\/34\/2017\/07\/Brochure_IR_FR_web.pdf-Adobe-Acrobat-Pro-DC-1-1024x214.jpg 1024w, https:\/\/web.umons.ac.be\/app\/uploads\/sites\/34\/2017\/07\/Brochure_IR_FR_web.pdf-Adobe-Acrobat-Pro-DC-1-300x63.jpg 300w, https:\/\/web.umons.ac.be\/app\/uploads\/sites\/34\/2017\/07\/Brochure_IR_FR_web.pdf-Adobe-Acrobat-Pro-DC-1-768x161.jpg 768w, https:\/\/web.umons.ac.be\/app\/uploads\/sites\/34\/2017\/07\/Brochure_IR_FR_web.pdf-Adobe-Acrobat-Pro-DC-1-30x6.jpg 30w, https:\/\/web.umons.ac.be\/app\/uploads\/sites\/34\/2017\/07\/Brochure_IR_FR_web.pdf-Adobe-Acrobat-Pro-DC-1-60x13.jpg 60w, https:\/\/web.umons.ac.be\/app\/uploads\/sites\/34\/2017\/07\/Brochure_IR_FR_web.pdf-Adobe-Acrobat-Pro-DC-1-360x75.jpg 360w, https:\/\/web.umons.ac.be\/app\/uploads\/sites\/34\/2017\/07\/Brochure_IR_FR_web.pdf-Adobe-Acrobat-Pro-DC-1.jpg 1181w\" sizes=\"auto, (max-width: 1024px) 100vw, 1024px\" \/><\/p>\n<p>&nbsp;<\/p>\n","protected":false},"excerpt":{"rendered":"<p>InforTech entretient des relations \u00e9troites avec les centres de\u00a0recherche agr\u00e9\u00e9s de la R\u00e9gion wallonne actifs dans le domaine des\u00a0technologies de l\u2019information, \u00e0 savoir MULTITEL et le CETIC\u00a0\u00a0 &nbsp;<\/p>\n","protected":false},"author":2,"featured_media":0,"parent":0,"menu_order":4,"comment_status":"closed","ping_status":"closed","template":"","meta":{"footnotes":""},"class_list":["post-125","page","type-page","status-publish","hentry"],"yoast_head":"<!-- This site is optimized with the Yoast SEO plugin v27.2 - https:\/\/yoast.com\/product\/yoast-seo-wordpress\/ -->\n<title>Associated Research Centres - Institut \/ Infortech<\/title>\n<meta name=\"robots\" content=\"index, follow, max-snippet:-1, max-image-preview:large, max-video-preview:-1\" \/>\n<link rel=\"canonical\" href=\"https:\/\/web.umons.ac.be\/infortech\/en\/centres-de-recherche-associes\/\" \/>\n<meta property=\"og:locale\" content=\"fr_FR\" \/>\n<meta property=\"og:type\" content=\"article\" \/>\n<meta property=\"og:title\" content=\"Associated Research Centres - Institut \/ Infortech\" \/>\n<meta property=\"og:description\" content=\"InforTech entretient des relations \u00e9troites avec les centres de\u00a0recherche agr\u00e9\u00e9s de la R\u00e9gion wallonne actifs dans le domaine des\u00a0technologies de l\u2019information, \u00e0 savoir MULTITEL et le CETIC\u00a0\u00a0 &nbsp;\" \/>\n<meta property=\"og:url\" content=\"https:\/\/web.umons.ac.be\/infortech\/en\/centres-de-recherche-associes\/\" \/>\n<meta property=\"og:site_name\" content=\"Institut \/ Infortech\" \/>\n<meta property=\"article:modified_time\" content=\"2018-01-15T00:59:04+00:00\" \/>\n<meta property=\"og:image\" content=\"https:\/\/web.umons.ac.be\/app\/uploads\/sites\/34\/2017\/07\/Brochure_IR_FR_web.pdf-Adobe-Acrobat-Pro-DC.jpg\" \/>\n<meta name=\"twitter:card\" content=\"summary_large_image\" \/>\n<script type=\"application\/ld+json\" class=\"yoast-schema-graph\">{\"@context\":\"https:\/\/schema.org\",\"@graph\":[{\"@type\":\"WebPage\",\"@id\":\"https:\/\/web.umons.ac.be\/infortech\/en\/centres-de-recherche-associes\/\",\"url\":\"https:\/\/web.umons.ac.be\/infortech\/en\/centres-de-recherche-associes\/\",\"name\":\"Associated Research Centres - Institut \/ Infortech\",\"isPartOf\":{\"@id\":\"https:\/\/web.umons.ac.be\/infortech\/#website\"},\"primaryImageOfPage\":{\"@id\":\"https:\/\/web.umons.ac.be\/infortech\/en\/centres-de-recherche-associes\/#primaryimage\"},\"image\":{\"@id\":\"https:\/\/web.umons.ac.be\/infortech\/en\/centres-de-recherche-associes\/#primaryimage\"},\"thumbnailUrl\":\"https:\/\/web.umons.ac.be\/app\/uploads\/sites\/34\/2017\/07\/Brochure_IR_FR_web.pdf-Adobe-Acrobat-Pro-DC.jpg\",\"datePublished\":\"2017-09-21T15:51:01+00:00\",\"dateModified\":\"2018-01-15T00:59:04+00:00\",\"breadcrumb\":{\"@id\":\"https:\/\/web.umons.ac.be\/infortech\/en\/centres-de-recherche-associes\/#breadcrumb\"},\"inLanguage\":\"fr-FR\",\"potentialAction\":[{\"@type\":\"ReadAction\",\"target\":[\"https:\/\/web.umons.ac.be\/infortech\/en\/centres-de-recherche-associes\/\"]}]},{\"@type\":\"ImageObject\",\"inLanguage\":\"fr-FR\",\"@id\":\"https:\/\/web.umons.ac.be\/infortech\/en\/centres-de-recherche-associes\/#primaryimage\",\"url\":\"https:\/\/web.umons.ac.be\/app\/uploads\/sites\/34\/2017\/07\/Brochure_IR_FR_web.pdf-Adobe-Acrobat-Pro-DC.jpg\",\"contentUrl\":\"https:\/\/web.umons.ac.be\/app\/uploads\/sites\/34\/2017\/07\/Brochure_IR_FR_web.pdf-Adobe-Acrobat-Pro-DC.jpg\"},{\"@type\":\"BreadcrumbList\",\"@id\":\"https:\/\/web.umons.ac.be\/infortech\/en\/centres-de-recherche-associes\/#breadcrumb\",\"itemListElement\":[{\"@type\":\"ListItem\",\"position\":1,\"name\":\"Accueil\",\"item\":\"https:\/\/web.umons.ac.be\/infortech\/fr\/\"},{\"@type\":\"ListItem\",\"position\":2,\"name\":\"Associated Research Centres\"}]},{\"@type\":\"WebSite\",\"@id\":\"https:\/\/web.umons.ac.be\/infortech\/#website\",\"url\":\"https:\/\/web.umons.ac.be\/infortech\/\",\"name\":\"Institut \/ Infortech\",\"description\":\"Un site utilisant Universit\u00e9 de Mons \u2013 UMONS\",\"potentialAction\":[{\"@type\":\"SearchAction\",\"target\":{\"@type\":\"EntryPoint\",\"urlTemplate\":\"https:\/\/web.umons.ac.be\/infortech\/?s={search_term_string}\"},\"query-input\":{\"@type\":\"PropertyValueSpecification\",\"valueRequired\":true,\"valueName\":\"search_term_string\"}}],\"inLanguage\":\"fr-FR\"}]}<\/script>\n<!-- \/ Yoast SEO plugin. -->","yoast_head_json":{"title":"Associated Research Centres - Institut \/ Infortech","robots":{"index":"index","follow":"follow","max-snippet":"max-snippet:-1","max-image-preview":"max-image-preview:large","max-video-preview":"max-video-preview:-1"},"canonical":"https:\/\/web.umons.ac.be\/infortech\/en\/centres-de-recherche-associes\/","og_locale":"fr_FR","og_type":"article","og_title":"Associated Research Centres - Institut \/ Infortech","og_description":"InforTech entretient des relations \u00e9troites avec les centres de\u00a0recherche agr\u00e9\u00e9s de la R\u00e9gion wallonne actifs dans le domaine des\u00a0technologies de l\u2019information, \u00e0 savoir MULTITEL et le CETIC\u00a0\u00a0 &nbsp;","og_url":"https:\/\/web.umons.ac.be\/infortech\/en\/centres-de-recherche-associes\/","og_site_name":"Institut \/ Infortech","article_modified_time":"2018-01-15T00:59:04+00:00","og_image":[{"url":"https:\/\/web.umons.ac.be\/app\/uploads\/sites\/34\/2017\/07\/Brochure_IR_FR_web.pdf-Adobe-Acrobat-Pro-DC.jpg","type":"","width":"","height":""}],"twitter_card":"summary_large_image","schema":{"@context":"https:\/\/schema.org","@graph":[{"@type":"WebPage","@id":"https:\/\/web.umons.ac.be\/infortech\/en\/centres-de-recherche-associes\/","url":"https:\/\/web.umons.ac.be\/infortech\/en\/centres-de-recherche-associes\/","name":"Associated Research Centres - Institut \/ Infortech","isPartOf":{"@id":"https:\/\/web.umons.ac.be\/infortech\/#website"},"primaryImageOfPage":{"@id":"https:\/\/web.umons.ac.be\/infortech\/en\/centres-de-recherche-associes\/#primaryimage"},"image":{"@id":"https:\/\/web.umons.ac.be\/infortech\/en\/centres-de-recherche-associes\/#primaryimage"},"thumbnailUrl":"https:\/\/web.umons.ac.be\/app\/uploads\/sites\/34\/2017\/07\/Brochure_IR_FR_web.pdf-Adobe-Acrobat-Pro-DC.jpg","datePublished":"2017-09-21T15:51:01+00:00","dateModified":"2018-01-15T00:59:04+00:00","breadcrumb":{"@id":"https:\/\/web.umons.ac.be\/infortech\/en\/centres-de-recherche-associes\/#breadcrumb"},"inLanguage":"fr-FR","potentialAction":[{"@type":"ReadAction","target":["https:\/\/web.umons.ac.be\/infortech\/en\/centres-de-recherche-associes\/"]}]},{"@type":"ImageObject","inLanguage":"fr-FR","@id":"https:\/\/web.umons.ac.be\/infortech\/en\/centres-de-recherche-associes\/#primaryimage","url":"https:\/\/web.umons.ac.be\/app\/uploads\/sites\/34\/2017\/07\/Brochure_IR_FR_web.pdf-Adobe-Acrobat-Pro-DC.jpg","contentUrl":"https:\/\/web.umons.ac.be\/app\/uploads\/sites\/34\/2017\/07\/Brochure_IR_FR_web.pdf-Adobe-Acrobat-Pro-DC.jpg"},{"@type":"BreadcrumbList","@id":"https:\/\/web.umons.ac.be\/infortech\/en\/centres-de-recherche-associes\/#breadcrumb","itemListElement":[{"@type":"ListItem","position":1,"name":"Accueil","item":"https:\/\/web.umons.ac.be\/infortech\/fr\/"},{"@type":"ListItem","position":2,"name":"Associated Research Centres"}]},{"@type":"WebSite","@id":"https:\/\/web.umons.ac.be\/infortech\/#website","url":"https:\/\/web.umons.ac.be\/infortech\/","name":"Institut \/ Infortech","description":"Un site utilisant Universit\u00e9 de Mons \u2013 UMONS","potentialAction":[{"@type":"SearchAction","target":{"@type":"EntryPoint","urlTemplate":"https:\/\/web.umons.ac.be\/infortech\/?s={search_term_string}"},"query-input":{"@type":"PropertyValueSpecification","valueRequired":true,"valueName":"search_term_string"}}],"inLanguage":"fr-FR"}]}},"lang":"en","translations":{"en":125,"fr":63},"pll_sync_post":[],"_links":{"self":[{"href":"https:\/\/web.umons.ac.be\/infortech\/wp-json\/wp\/v2\/pages\/125","targetHints":{"allow":["GET"]}}],"collection":[{"href":"https:\/\/web.umons.ac.be\/infortech\/wp-json\/wp\/v2\/pages"}],"about":[{"href":"https:\/\/web.umons.ac.be\/infortech\/wp-json\/wp\/v2\/types\/page"}],"author":[{"embeddable":true,"href":"https:\/\/web.umons.ac.be\/infortech\/wp-json\/wp\/v2\/users\/2"}],"replies":[{"embeddable":true,"href":"https:\/\/web.umons.ac.be\/infortech\/wp-json\/wp\/v2\/comments?post=125"}],"version-history":[{"count":3,"href":"https:\/\/web.umons.ac.be\/infortech\/wp-json\/wp\/v2\/pages\/125\/revisions"}],"predecessor-version":[{"id":216,"href":"https:\/\/web.umons.ac.be\/infortech\/wp-json\/wp\/v2\/pages\/125\/revisions\/216"}],"wp:attachment":[{"href":"https:\/\/web.umons.ac.be\/infortech\/wp-json\/wp\/v2\/media?parent=125"}],"curies":[{"name":"wp","href":"https:\/\/api.w.org\/{rel}","templated":true}]}}