{"id":180,"date":"2017-11-07T15:44:44","date_gmt":"2017-11-07T14:44:44","guid":{"rendered":"https:\/\/web.umons.ac.be\/infortech\/?page_id=180"},"modified":"2017-11-07T18:08:41","modified_gmt":"2017-11-07T17:08:41","slug":"cetic","status":"publish","type":"page","link":"https:\/\/web.umons.ac.be\/infortech\/fr\/centres-de-recherche-associes\/cetic\/","title":{"rendered":"CETIC"},"content":{"rendered":"<h2><img loading=\"lazy\" decoding=\"async\" class=\"alignright wp-image-177 size-full\" src=\"https:\/\/web.umons.ac.be\/app\/uploads\/sites\/34\/2017\/07\/Brochure_IR_FR_web.pdf-Adobe-Acrobat-Pro-DC.jpg\" alt=\"\" width=\"138\" height=\"53\" srcset=\"https:\/\/web.umons.ac.be\/app\/uploads\/sites\/34\/2017\/07\/Brochure_IR_FR_web.pdf-Adobe-Acrobat-Pro-DC.jpg 138w, https:\/\/web.umons.ac.be\/app\/uploads\/sites\/34\/2017\/07\/Brochure_IR_FR_web.pdf-Adobe-Acrobat-Pro-DC-30x12.jpg 30w, https:\/\/web.umons.ac.be\/app\/uploads\/sites\/34\/2017\/07\/Brochure_IR_FR_web.pdf-Adobe-Acrobat-Pro-DC-60x23.jpg 60w\" sizes=\"auto, (max-width: 138px) 100vw, 138px\" \/>Le CETIC est un Centre de Recherche Agr\u00e9\u00e9 en Technologies de l\u2019Information et de la Communication,<\/h2>\n<p>fond\u00e9\u00a0conjointement par l\u2019UCL, l\u2019UMONS et l\u2019UNamur en 2001 et bas\u00e9 \u00e0 Charleroi (A\u00e9ropole).<\/p>\n<p>Sa mission est de soutenir\u00a0le d\u00e9veloppement \u00e9conomique r\u00e9gional en transf\u00e9rant vers les entreprises wallonnes, et les PME en particulier, les\u00a0r\u00e9sultats les plus innovants issus de la recherche appliqu\u00e9e en Technologies de l\u2019Information et de la Communication.<\/p>\n<p>Le CETIC aide les entreprises \u00e0 int\u00e9grer plus rapidement ces avanc\u00e9es technologiques dans leurs nouveaux produits, processus ou\u00a0services, leur permettant d\u2019innover plus vite, de r\u00e9duire les risques, et de d\u00e9velopper de nouveaux march\u00e9s.<\/p>\n<p>Le CETIC d\u00e9veloppe des expertises cl\u00e9s dans le secteur num\u00e9rique telles que le Big Data, le Cloud Computing, l\u2019Internet des Objets,\u00a0la qualit\u00e9 logicielle et la fiabilit\u00e9 de syst\u00e8mes informatiques. Ces innovations trouvent de nombreux champs d\u2019applications tels que la\u00a0sant\u00e9, la mobilit\u00e9, l\u2019industrie,&#8230; Ces expertises sont renforc\u00e9es en permanence via de multiples collaborations tant au niveau europ\u00e9en\u00a0que r\u00e9gional.<\/p>\n","protected":false},"excerpt":{"rendered":"<p>Le CETIC est un Centre de Recherche Agr\u00e9\u00e9 en Technologies de l\u2019Information et de la Communication, fond\u00e9\u00a0conjointement par l\u2019UCL, l\u2019UMONS et l\u2019UNamur en 2001 et bas\u00e9 \u00e0 Charleroi (A\u00e9ropole). Sa mission est de soutenir\u00a0le d\u00e9veloppement \u00e9conomique r\u00e9gional en transf\u00e9rant vers les entreprises wallonnes, et les PME en particulier, les\u00a0r\u00e9sultats les plus innovants issus de la [&hellip;]<\/p>\n","protected":false},"author":2,"featured_media":0,"parent":63,"menu_order":1,"comment_status":"closed","ping_status":"closed","template":"","meta":{"footnotes":""},"class_list":["post-180","page","type-page","status-publish","hentry"],"yoast_head":"<!-- This site is optimized with the Yoast SEO plugin v27.2 - https:\/\/yoast.com\/product\/yoast-seo-wordpress\/ -->\n<title>CETIC - Institut \/ Infortech<\/title>\n<meta name=\"robots\" content=\"index, follow, max-snippet:-1, max-image-preview:large, max-video-preview:-1\" \/>\n<link rel=\"canonical\" href=\"https:\/\/web.umons.ac.be\/infortech\/fr\/centres-de-recherche-associes\/cetic\/\" \/>\n<meta property=\"og:locale\" content=\"fr_FR\" \/>\n<meta property=\"og:type\" content=\"article\" \/>\n<meta property=\"og:title\" content=\"CETIC - Institut \/ Infortech\" \/>\n<meta property=\"og:description\" content=\"Le CETIC est un Centre de Recherche Agr\u00e9\u00e9 en Technologies de l\u2019Information et de la Communication, fond\u00e9\u00a0conjointement par l\u2019UCL, l\u2019UMONS et l\u2019UNamur en 2001 et bas\u00e9 \u00e0 Charleroi (A\u00e9ropole). Sa mission est de soutenir\u00a0le d\u00e9veloppement \u00e9conomique r\u00e9gional en transf\u00e9rant vers les entreprises wallonnes, et les PME en particulier, les\u00a0r\u00e9sultats les plus innovants issus de la [&hellip;]\" \/>\n<meta property=\"og:url\" content=\"https:\/\/web.umons.ac.be\/infortech\/fr\/centres-de-recherche-associes\/cetic\/\" \/>\n<meta property=\"og:site_name\" content=\"Institut \/ Infortech\" \/>\n<meta property=\"article:modified_time\" content=\"2017-11-07T17:08:41+00:00\" \/>\n<meta property=\"og:image\" content=\"https:\/\/web.umons.ac.be\/app\/uploads\/sites\/34\/2017\/07\/Brochure_IR_FR_web.pdf-Adobe-Acrobat-Pro-DC.jpg\" \/>\n<meta name=\"twitter:card\" content=\"summary_large_image\" \/>\n<meta name=\"twitter:label1\" content=\"Dur\u00e9e de lecture estim\u00e9e\" \/>\n\t<meta name=\"twitter:data1\" content=\"1 minute\" \/>\n<script type=\"application\/ld+json\" class=\"yoast-schema-graph\">{\"@context\":\"https:\/\/schema.org\",\"@graph\":[{\"@type\":\"WebPage\",\"@id\":\"https:\/\/web.umons.ac.be\/infortech\/fr\/centres-de-recherche-associes\/cetic\/\",\"url\":\"https:\/\/web.umons.ac.be\/infortech\/fr\/centres-de-recherche-associes\/cetic\/\",\"name\":\"CETIC - Institut \/ Infortech\",\"isPartOf\":{\"@id\":\"https:\/\/web.umons.ac.be\/infortech\/#website\"},\"primaryImageOfPage\":{\"@id\":\"https:\/\/web.umons.ac.be\/infortech\/fr\/centres-de-recherche-associes\/cetic\/#primaryimage\"},\"image\":{\"@id\":\"https:\/\/web.umons.ac.be\/infortech\/fr\/centres-de-recherche-associes\/cetic\/#primaryimage\"},\"thumbnailUrl\":\"https:\/\/web.umons.ac.be\/app\/uploads\/sites\/34\/2017\/07\/Brochure_IR_FR_web.pdf-Adobe-Acrobat-Pro-DC.jpg\",\"datePublished\":\"2017-11-07T14:44:44+00:00\",\"dateModified\":\"2017-11-07T17:08:41+00:00\",\"breadcrumb\":{\"@id\":\"https:\/\/web.umons.ac.be\/infortech\/fr\/centres-de-recherche-associes\/cetic\/#breadcrumb\"},\"inLanguage\":\"fr-FR\",\"potentialAction\":[{\"@type\":\"ReadAction\",\"target\":[\"https:\/\/web.umons.ac.be\/infortech\/fr\/centres-de-recherche-associes\/cetic\/\"]}]},{\"@type\":\"ImageObject\",\"inLanguage\":\"fr-FR\",\"@id\":\"https:\/\/web.umons.ac.be\/infortech\/fr\/centres-de-recherche-associes\/cetic\/#primaryimage\",\"url\":\"https:\/\/web.umons.ac.be\/app\/uploads\/sites\/34\/2017\/07\/Brochure_IR_FR_web.pdf-Adobe-Acrobat-Pro-DC.jpg\",\"contentUrl\":\"https:\/\/web.umons.ac.be\/app\/uploads\/sites\/34\/2017\/07\/Brochure_IR_FR_web.pdf-Adobe-Acrobat-Pro-DC.jpg\"},{\"@type\":\"BreadcrumbList\",\"@id\":\"https:\/\/web.umons.ac.be\/infortech\/fr\/centres-de-recherche-associes\/cetic\/#breadcrumb\",\"itemListElement\":[{\"@type\":\"ListItem\",\"position\":1,\"name\":\"Accueil\",\"item\":\"https:\/\/web.umons.ac.be\/infortech\/fr\/\"},{\"@type\":\"ListItem\",\"position\":2,\"name\":\"Centres de recherche associ\u00e9s\",\"item\":\"https:\/\/web.umons.ac.be\/infortech\/fr\/centres-de-recherche-associes\/\"},{\"@type\":\"ListItem\",\"position\":3,\"name\":\"CETIC\"}]},{\"@type\":\"WebSite\",\"@id\":\"https:\/\/web.umons.ac.be\/infortech\/#website\",\"url\":\"https:\/\/web.umons.ac.be\/infortech\/\",\"name\":\"Institut \/ Infortech\",\"description\":\"Un site utilisant Universit\u00e9 de Mons \u2013 UMONS\",\"potentialAction\":[{\"@type\":\"SearchAction\",\"target\":{\"@type\":\"EntryPoint\",\"urlTemplate\":\"https:\/\/web.umons.ac.be\/infortech\/?s={search_term_string}\"},\"query-input\":{\"@type\":\"PropertyValueSpecification\",\"valueRequired\":true,\"valueName\":\"search_term_string\"}}],\"inLanguage\":\"fr-FR\"}]}<\/script>\n<!-- \/ Yoast SEO plugin. -->","yoast_head_json":{"title":"CETIC - Institut \/ Infortech","robots":{"index":"index","follow":"follow","max-snippet":"max-snippet:-1","max-image-preview":"max-image-preview:large","max-video-preview":"max-video-preview:-1"},"canonical":"https:\/\/web.umons.ac.be\/infortech\/fr\/centres-de-recherche-associes\/cetic\/","og_locale":"fr_FR","og_type":"article","og_title":"CETIC - Institut \/ Infortech","og_description":"Le CETIC est un Centre de Recherche Agr\u00e9\u00e9 en Technologies de l\u2019Information et de la Communication, fond\u00e9\u00a0conjointement par l\u2019UCL, l\u2019UMONS et l\u2019UNamur en 2001 et bas\u00e9 \u00e0 Charleroi (A\u00e9ropole). Sa mission est de soutenir\u00a0le d\u00e9veloppement \u00e9conomique r\u00e9gional en transf\u00e9rant vers les entreprises wallonnes, et les PME en particulier, les\u00a0r\u00e9sultats les plus innovants issus de la [&hellip;]","og_url":"https:\/\/web.umons.ac.be\/infortech\/fr\/centres-de-recherche-associes\/cetic\/","og_site_name":"Institut \/ Infortech","article_modified_time":"2017-11-07T17:08:41+00:00","og_image":[{"url":"https:\/\/web.umons.ac.be\/app\/uploads\/sites\/34\/2017\/07\/Brochure_IR_FR_web.pdf-Adobe-Acrobat-Pro-DC.jpg","type":"","width":"","height":""}],"twitter_card":"summary_large_image","twitter_misc":{"Dur\u00e9e de lecture estim\u00e9e":"1 minute"},"schema":{"@context":"https:\/\/schema.org","@graph":[{"@type":"WebPage","@id":"https:\/\/web.umons.ac.be\/infortech\/fr\/centres-de-recherche-associes\/cetic\/","url":"https:\/\/web.umons.ac.be\/infortech\/fr\/centres-de-recherche-associes\/cetic\/","name":"CETIC - Institut \/ Infortech","isPartOf":{"@id":"https:\/\/web.umons.ac.be\/infortech\/#website"},"primaryImageOfPage":{"@id":"https:\/\/web.umons.ac.be\/infortech\/fr\/centres-de-recherche-associes\/cetic\/#primaryimage"},"image":{"@id":"https:\/\/web.umons.ac.be\/infortech\/fr\/centres-de-recherche-associes\/cetic\/#primaryimage"},"thumbnailUrl":"https:\/\/web.umons.ac.be\/app\/uploads\/sites\/34\/2017\/07\/Brochure_IR_FR_web.pdf-Adobe-Acrobat-Pro-DC.jpg","datePublished":"2017-11-07T14:44:44+00:00","dateModified":"2017-11-07T17:08:41+00:00","breadcrumb":{"@id":"https:\/\/web.umons.ac.be\/infortech\/fr\/centres-de-recherche-associes\/cetic\/#breadcrumb"},"inLanguage":"fr-FR","potentialAction":[{"@type":"ReadAction","target":["https:\/\/web.umons.ac.be\/infortech\/fr\/centres-de-recherche-associes\/cetic\/"]}]},{"@type":"ImageObject","inLanguage":"fr-FR","@id":"https:\/\/web.umons.ac.be\/infortech\/fr\/centres-de-recherche-associes\/cetic\/#primaryimage","url":"https:\/\/web.umons.ac.be\/app\/uploads\/sites\/34\/2017\/07\/Brochure_IR_FR_web.pdf-Adobe-Acrobat-Pro-DC.jpg","contentUrl":"https:\/\/web.umons.ac.be\/app\/uploads\/sites\/34\/2017\/07\/Brochure_IR_FR_web.pdf-Adobe-Acrobat-Pro-DC.jpg"},{"@type":"BreadcrumbList","@id":"https:\/\/web.umons.ac.be\/infortech\/fr\/centres-de-recherche-associes\/cetic\/#breadcrumb","itemListElement":[{"@type":"ListItem","position":1,"name":"Accueil","item":"https:\/\/web.umons.ac.be\/infortech\/fr\/"},{"@type":"ListItem","position":2,"name":"Centres de recherche associ\u00e9s","item":"https:\/\/web.umons.ac.be\/infortech\/fr\/centres-de-recherche-associes\/"},{"@type":"ListItem","position":3,"name":"CETIC"}]},{"@type":"WebSite","@id":"https:\/\/web.umons.ac.be\/infortech\/#website","url":"https:\/\/web.umons.ac.be\/infortech\/","name":"Institut \/ Infortech","description":"Un site utilisant Universit\u00e9 de Mons \u2013 UMONS","potentialAction":[{"@type":"SearchAction","target":{"@type":"EntryPoint","urlTemplate":"https:\/\/web.umons.ac.be\/infortech\/?s={search_term_string}"},"query-input":{"@type":"PropertyValueSpecification","valueRequired":true,"valueName":"search_term_string"}}],"inLanguage":"fr-FR"}]}},"lang":"fr","translations":{"fr":180,"en":217},"pll_sync_post":[],"_links":{"self":[{"href":"https:\/\/web.umons.ac.be\/infortech\/wp-json\/wp\/v2\/pages\/180","targetHints":{"allow":["GET"]}}],"collection":[{"href":"https:\/\/web.umons.ac.be\/infortech\/wp-json\/wp\/v2\/pages"}],"about":[{"href":"https:\/\/web.umons.ac.be\/infortech\/wp-json\/wp\/v2\/types\/page"}],"author":[{"embeddable":true,"href":"https:\/\/web.umons.ac.be\/infortech\/wp-json\/wp\/v2\/users\/2"}],"replies":[{"embeddable":true,"href":"https:\/\/web.umons.ac.be\/infortech\/wp-json\/wp\/v2\/comments?post=180"}],"version-history":[{"count":4,"href":"https:\/\/web.umons.ac.be\/infortech\/wp-json\/wp\/v2\/pages\/180\/revisions"}],"predecessor-version":[{"id":201,"href":"https:\/\/web.umons.ac.be\/infortech\/wp-json\/wp\/v2\/pages\/180\/revisions\/201"}],"up":[{"embeddable":true,"href":"https:\/\/web.umons.ac.be\/infortech\/wp-json\/wp\/v2\/pages\/63"}],"wp:attachment":[{"href":"https:\/\/web.umons.ac.be\/infortech\/wp-json\/wp\/v2\/media?parent=180"}],"curies":[{"name":"wp","href":"https:\/\/api.w.org\/{rel}","templated":true}]}}