{"id":192,"date":"2017-11-07T16:09:24","date_gmt":"2017-11-07T15:09:24","guid":{"rendered":"https:\/\/web.umons.ac.be\/infortech\/?page_id=192"},"modified":"2021-01-19T08:52:32","modified_gmt":"2021-01-19T07:52:32","slug":"multitel-innovation-center","status":"publish","type":"page","link":"https:\/\/web.umons.ac.be\/infortech\/fr\/centres-de-recherche-associes\/multitel-innovation-center\/","title":{"rendered":"MULTITEL Innovation Center"},"content":{"rendered":"<h2><img loading=\"lazy\" decoding=\"async\" class=\"alignright wp-image-185 size-medium\" src=\"https:\/\/web.umons.ac.be\/app\/uploads\/sites\/34\/2017\/11\/Logo-Multitel-HD-300x139.png\" alt=\"\" width=\"300\" height=\"139\" srcset=\"https:\/\/web.umons.ac.be\/app\/uploads\/sites\/34\/2017\/11\/Logo-Multitel-HD-300x139.png 300w, https:\/\/web.umons.ac.be\/app\/uploads\/sites\/34\/2017\/11\/Logo-Multitel-HD-30x14.png 30w, https:\/\/web.umons.ac.be\/app\/uploads\/sites\/34\/2017\/11\/Logo-Multitel-HD-60x28.png 60w, https:\/\/web.umons.ac.be\/app\/uploads\/sites\/34\/2017\/11\/Logo-Multitel-HD-360x167.png 360w, https:\/\/web.umons.ac.be\/app\/uploads\/sites\/34\/2017\/11\/Logo-Multitel-HD.png 480w\" sizes=\"auto, (max-width: 300px) 100vw, 300px\" \/>Multitel est un centre de recherche en\u00a0T\u00e9l\u00e9communications, Traitement du Signal et\u00a0de l\u2019Image qui doit sa naissance, en 1995, \u00e0 la\u00a0Facult\u00e9 Polytechnique de l\u2019UMONS.<\/h2>\n<p>Multitel et l\u2019UMONS sont rest\u00e9s tr\u00e8s proches et collaborent sur de\u00a0nombreux projets dans les domaines de la T\u00e9l\u00e9communication\u00a0et du Traitement du signal.<\/p>\n<p>La mission de Multitel consiste en priorit\u00e9 \u00e0 aider les\u00a0entreprises wallonnes \u00e0 i<strong>nt\u00e9grer les nouvelles technologies<\/strong>\u00a0plus efficacement dans leurs produits, proc\u00e9d\u00e9s et services,\u00a0<strong>en vue d\u2019une meilleure comp\u00e9titivit\u00e9 et d\u2019une prosp\u00e9rit\u00e9\u00a0\u00e9conomique durable.<\/strong><\/p>\n<p>En outre, au fil des ann\u00e9es, c\u2019est aux niveaux r\u00e9gional et\u00a0international que Multitel \u00e9labore et int\u00e8gre des technologies\u00a0\u00e9mergentes au sein du tissu industriel pour aider les entreprises\u00a0\u00e0 <strong>relever des d\u00e9fis technologiques<\/strong>.<\/p>\n<p>Pour stimuler l\u2019innovation au sein des entreprises, <strong>les \u00e9quipes\u00a0de Multitel s\u2019investissent dans 2 grands types d\u2019activit\u00e9s<\/strong> :<\/p>\n<ul>\n<li>\n<h5>Participer activement aux programmes de recherche\u00a0r\u00e9gionaux et europ\u00e9ens.<\/h5>\n<p>En tant que partenaire ou\u00a0coordinateur, Multitel r\u00e9alise des t\u00e2ches de recherche\u00a0appliqu\u00e9e dans le but commun d\u2019un projet d\u00e9fini par un\u00a0consortium de diff\u00e9rents acteurs. Ces projets peuvent\u00a0b\u00e9n\u00e9ficier d\u2019un financement r\u00e9gional, europ\u00e9en ou mixte,\u00a0selon le type d\u2019appel vis\u00e9.<\/li>\n<li>\n<h5>R\u00e9pondre aux demandes sp\u00e9cifiques des entreprises,<\/h5>\n<p>en\u00a0les accompagnant dans leurs d\u00e9marches d\u2019innovation, par\u00a0la r\u00e9alisation de prestations de diff\u00e9rents types (Veille et\u00a0guidance technologiques, r\u00e9alisation de tests techniques,\u00a0Etude de faisabilit\u00e9, Prototypage et petites s\u00e9ries, etc.).<\/li>\n<\/ul>\n<h3>Domaines d&rsquo;applications<\/h3>\n<table>\n<tbody>\n<tr style=\"background-color: #ffffff;\">\n<td><img loading=\"lazy\" decoding=\"async\" class=\"alignleft size-full wp-image-186\" src=\"https:\/\/web.umons.ac.be\/app\/uploads\/sites\/34\/2017\/11\/Logo-Multitel-1.png\" alt=\"\" width=\"57\" height=\"57\" srcset=\"https:\/\/web.umons.ac.be\/app\/uploads\/sites\/34\/2017\/11\/Logo-Multitel-1.png 57w, https:\/\/web.umons.ac.be\/app\/uploads\/sites\/34\/2017\/11\/Logo-Multitel-1-30x30.png 30w\" sizes=\"auto, (max-width: 57px) 100vw, 57px\" \/><\/td>\n<td style=\"vertical-align: middle;\">Signal et syst\u00e8mes embarqu\u00e9s<\/td>\n<\/tr>\n<tr style=\"background-color: #ffffff;\">\n<td><img loading=\"lazy\" decoding=\"async\" class=\"alignleft size-full wp-image-187\" src=\"https:\/\/web.umons.ac.be\/app\/uploads\/sites\/34\/2017\/11\/Logo-Multitel-2.png\" alt=\"\" width=\"58\" height=\"58\" srcset=\"https:\/\/web.umons.ac.be\/app\/uploads\/sites\/34\/2017\/11\/Logo-Multitel-2.png 58w, https:\/\/web.umons.ac.be\/app\/uploads\/sites\/34\/2017\/11\/Logo-Multitel-2-30x30.png 30w\" sizes=\"auto, (max-width: 58px) 100vw, 58px\" \/><\/td>\n<td style=\"vertical-align: middle;\">R\u00e9seaux et T\u00e9l\u00e9coms<\/td>\n<\/tr>\n<tr style=\"background-color: #ffffff;\">\n<td><img loading=\"lazy\" decoding=\"async\" class=\"alignleft size-full wp-image-188\" src=\"https:\/\/web.umons.ac.be\/app\/uploads\/sites\/34\/2017\/11\/Logo-Multitel-3.png\" alt=\"\" width=\"58\" height=\"58\" srcset=\"https:\/\/web.umons.ac.be\/app\/uploads\/sites\/34\/2017\/11\/Logo-Multitel-3.png 58w, https:\/\/web.umons.ac.be\/app\/uploads\/sites\/34\/2017\/11\/Logo-Multitel-3-30x30.png 30w\" sizes=\"auto, (max-width: 58px) 100vw, 58px\" \/><\/td>\n<td style=\"vertical-align: middle;\">Photonique appliqu\u00e9e<\/td>\n<\/tr>\n<tr style=\"background-color: #ffffff;\">\n<td><img loading=\"lazy\" decoding=\"async\" class=\"alignleft size-full wp-image-189\" src=\"https:\/\/web.umons.ac.be\/app\/uploads\/sites\/34\/2017\/11\/Logo-Multitel-4.png\" alt=\"\" width=\"58\" height=\"58\" srcset=\"https:\/\/web.umons.ac.be\/app\/uploads\/sites\/34\/2017\/11\/Logo-Multitel-4.png 58w, https:\/\/web.umons.ac.be\/app\/uploads\/sites\/34\/2017\/11\/Logo-Multitel-4-30x30.png 30w\" sizes=\"auto, (max-width: 58px) 100vw, 58px\" \/><\/td>\n<td style=\"vertical-align: middle;\">Vision par ordinateur<\/td>\n<\/tr>\n<tr style=\"background-color: #ffffff;\">\n<td><img loading=\"lazy\" decoding=\"async\" class=\"alignleft size-full wp-image-190\" src=\"https:\/\/web.umons.ac.be\/app\/uploads\/sites\/34\/2017\/11\/Logo-Multitel-5.png\" alt=\"\" width=\"58\" height=\"58\" srcset=\"https:\/\/web.umons.ac.be\/app\/uploads\/sites\/34\/2017\/11\/Logo-Multitel-5.png 58w, https:\/\/web.umons.ac.be\/app\/uploads\/sites\/34\/2017\/11\/Logo-Multitel-5-30x30.png 30w\" sizes=\"auto, (max-width: 58px) 100vw, 58px\" \/><\/td>\n<td style=\"vertical-align: middle;\">Certification ferroviaire<\/td>\n<\/tr>\n<\/tbody>\n<\/table>\n<h3>Multitel en quelques chiffres<\/h3>\n<p>Fort de la multidisciplinarit\u00e9 et de la compl\u00e9mentarit\u00e9\u00a0de leurs comp\u00e9tences, ce sont environ 70 collaborateurs\u00a0passionn\u00e9s qui stimulent l\u2019innovation tant en Wallonie qu\u2019au\u00a0niveau international.<\/p>\n<p><img loading=\"lazy\" decoding=\"async\" class=\"aligncenter size-full wp-image-191\" src=\"https:\/\/web.umons.ac.be\/app\/uploads\/sites\/34\/2017\/11\/multitel.jpg\" alt=\"\" width=\"771\" height=\"392\" srcset=\"https:\/\/web.umons.ac.be\/app\/uploads\/sites\/34\/2017\/11\/multitel.jpg 771w, https:\/\/web.umons.ac.be\/app\/uploads\/sites\/34\/2017\/11\/multitel-300x153.jpg 300w, https:\/\/web.umons.ac.be\/app\/uploads\/sites\/34\/2017\/11\/multitel-768x390.jpg 768w, https:\/\/web.umons.ac.be\/app\/uploads\/sites\/34\/2017\/11\/multitel-30x15.jpg 30w, https:\/\/web.umons.ac.be\/app\/uploads\/sites\/34\/2017\/11\/multitel-60x31.jpg 60w, https:\/\/web.umons.ac.be\/app\/uploads\/sites\/34\/2017\/11\/multitel-360x183.jpg 360w\" sizes=\"auto, (max-width: 771px) 100vw, 771px\" \/><\/p>\n<h3>Contact<\/h3>\n<p>+32 (0)65 34 27 32<br \/>\n<a href=\"mailto:info@multitel.be\">info@multitel.be<\/a><br \/>\n<a href=\"http:\/\/www.multitel.be\">multitel.be<\/a><\/p>\n","protected":false},"excerpt":{"rendered":"<p>Multitel est un centre de recherche en\u00a0T\u00e9l\u00e9communications, Traitement du Signal et\u00a0de l\u2019Image qui doit sa naissance, en 1995, \u00e0 la\u00a0Facult\u00e9 Polytechnique de l\u2019UMONS. Multitel et l\u2019UMONS sont rest\u00e9s tr\u00e8s proches et collaborent sur de\u00a0nombreux projets dans les domaines de la T\u00e9l\u00e9communication\u00a0et du Traitement du signal. La mission de Multitel consiste en priorit\u00e9 \u00e0 aider les\u00a0entreprises [&hellip;]<\/p>\n","protected":false},"author":2,"featured_media":0,"parent":63,"menu_order":2,"comment_status":"closed","ping_status":"closed","template":"","meta":{"footnotes":""},"class_list":["post-192","page","type-page","status-publish","hentry"],"yoast_head":"<!-- This site is optimized with the Yoast SEO plugin v27.2 - https:\/\/yoast.com\/product\/yoast-seo-wordpress\/ -->\n<title>MULTITEL Innovation Center - Institut \/ Infortech<\/title>\n<meta name=\"robots\" content=\"index, follow, max-snippet:-1, max-image-preview:large, max-video-preview:-1\" \/>\n<link rel=\"canonical\" href=\"https:\/\/web.umons.ac.be\/infortech\/fr\/centres-de-recherche-associes\/multitel-innovation-center\/\" \/>\n<meta property=\"og:locale\" content=\"fr_FR\" \/>\n<meta property=\"og:type\" content=\"article\" \/>\n<meta property=\"og:title\" content=\"MULTITEL Innovation Center - Institut \/ Infortech\" \/>\n<meta property=\"og:description\" content=\"Multitel est un centre de recherche en\u00a0T\u00e9l\u00e9communications, Traitement du Signal et\u00a0de l\u2019Image qui doit sa naissance, en 1995, \u00e0 la\u00a0Facult\u00e9 Polytechnique de l\u2019UMONS. Multitel et l\u2019UMONS sont rest\u00e9s tr\u00e8s proches et collaborent sur de\u00a0nombreux projets dans les domaines de la T\u00e9l\u00e9communication\u00a0et du Traitement du signal. La mission de Multitel consiste en priorit\u00e9 \u00e0 aider les\u00a0entreprises [&hellip;]\" \/>\n<meta property=\"og:url\" content=\"https:\/\/web.umons.ac.be\/infortech\/fr\/centres-de-recherche-associes\/multitel-innovation-center\/\" \/>\n<meta property=\"og:site_name\" content=\"Institut \/ Infortech\" \/>\n<meta property=\"article:modified_time\" content=\"2021-01-19T07:52:32+00:00\" \/>\n<meta property=\"og:image\" content=\"https:\/\/web.umons.ac.be\/app\/uploads\/sites\/34\/2017\/11\/Logo-Multitel-HD-300x139.png\" \/>\n<meta name=\"twitter:card\" content=\"summary_large_image\" \/>\n<meta name=\"twitter:label1\" content=\"Dur\u00e9e de lecture estim\u00e9e\" \/>\n\t<meta name=\"twitter:data1\" content=\"2 minutes\" \/>\n<script type=\"application\/ld+json\" class=\"yoast-schema-graph\">{\"@context\":\"https:\/\/schema.org\",\"@graph\":[{\"@type\":\"WebPage\",\"@id\":\"https:\/\/web.umons.ac.be\/infortech\/fr\/centres-de-recherche-associes\/multitel-innovation-center\/\",\"url\":\"https:\/\/web.umons.ac.be\/infortech\/fr\/centres-de-recherche-associes\/multitel-innovation-center\/\",\"name\":\"MULTITEL Innovation Center - Institut \/ Infortech\",\"isPartOf\":{\"@id\":\"https:\/\/web.umons.ac.be\/infortech\/#website\"},\"primaryImageOfPage\":{\"@id\":\"https:\/\/web.umons.ac.be\/infortech\/fr\/centres-de-recherche-associes\/multitel-innovation-center\/#primaryimage\"},\"image\":{\"@id\":\"https:\/\/web.umons.ac.be\/infortech\/fr\/centres-de-recherche-associes\/multitel-innovation-center\/#primaryimage\"},\"thumbnailUrl\":\"https:\/\/web.umons.ac.be\/app\/uploads\/sites\/34\/2017\/11\/Logo-Multitel-HD-300x139.png\",\"datePublished\":\"2017-11-07T15:09:24+00:00\",\"dateModified\":\"2021-01-19T07:52:32+00:00\",\"breadcrumb\":{\"@id\":\"https:\/\/web.umons.ac.be\/infortech\/fr\/centres-de-recherche-associes\/multitel-innovation-center\/#breadcrumb\"},\"inLanguage\":\"fr-FR\",\"potentialAction\":[{\"@type\":\"ReadAction\",\"target\":[\"https:\/\/web.umons.ac.be\/infortech\/fr\/centres-de-recherche-associes\/multitel-innovation-center\/\"]}]},{\"@type\":\"ImageObject\",\"inLanguage\":\"fr-FR\",\"@id\":\"https:\/\/web.umons.ac.be\/infortech\/fr\/centres-de-recherche-associes\/multitel-innovation-center\/#primaryimage\",\"url\":\"https:\/\/web.umons.ac.be\/app\/uploads\/sites\/34\/2017\/11\/Logo-Multitel-HD-300x139.png\",\"contentUrl\":\"https:\/\/web.umons.ac.be\/app\/uploads\/sites\/34\/2017\/11\/Logo-Multitel-HD-300x139.png\"},{\"@type\":\"BreadcrumbList\",\"@id\":\"https:\/\/web.umons.ac.be\/infortech\/fr\/centres-de-recherche-associes\/multitel-innovation-center\/#breadcrumb\",\"itemListElement\":[{\"@type\":\"ListItem\",\"position\":1,\"name\":\"Accueil\",\"item\":\"https:\/\/web.umons.ac.be\/infortech\/fr\/\"},{\"@type\":\"ListItem\",\"position\":2,\"name\":\"Centres de recherche associ\u00e9s\",\"item\":\"https:\/\/web.umons.ac.be\/infortech\/fr\/centres-de-recherche-associes\/\"},{\"@type\":\"ListItem\",\"position\":3,\"name\":\"MULTITEL Innovation Center\"}]},{\"@type\":\"WebSite\",\"@id\":\"https:\/\/web.umons.ac.be\/infortech\/#website\",\"url\":\"https:\/\/web.umons.ac.be\/infortech\/\",\"name\":\"Institut \/ Infortech\",\"description\":\"Un site utilisant Universit\u00e9 de Mons \u2013 UMONS\",\"potentialAction\":[{\"@type\":\"SearchAction\",\"target\":{\"@type\":\"EntryPoint\",\"urlTemplate\":\"https:\/\/web.umons.ac.be\/infortech\/?s={search_term_string}\"},\"query-input\":{\"@type\":\"PropertyValueSpecification\",\"valueRequired\":true,\"valueName\":\"search_term_string\"}}],\"inLanguage\":\"fr-FR\"}]}<\/script>\n<!-- \/ Yoast SEO plugin. -->","yoast_head_json":{"title":"MULTITEL Innovation Center - Institut \/ Infortech","robots":{"index":"index","follow":"follow","max-snippet":"max-snippet:-1","max-image-preview":"max-image-preview:large","max-video-preview":"max-video-preview:-1"},"canonical":"https:\/\/web.umons.ac.be\/infortech\/fr\/centres-de-recherche-associes\/multitel-innovation-center\/","og_locale":"fr_FR","og_type":"article","og_title":"MULTITEL Innovation Center - Institut \/ Infortech","og_description":"Multitel est un centre de recherche en\u00a0T\u00e9l\u00e9communications, Traitement du Signal et\u00a0de l\u2019Image qui doit sa naissance, en 1995, \u00e0 la\u00a0Facult\u00e9 Polytechnique de l\u2019UMONS. Multitel et l\u2019UMONS sont rest\u00e9s tr\u00e8s proches et collaborent sur de\u00a0nombreux projets dans les domaines de la T\u00e9l\u00e9communication\u00a0et du Traitement du signal. La mission de Multitel consiste en priorit\u00e9 \u00e0 aider les\u00a0entreprises [&hellip;]","og_url":"https:\/\/web.umons.ac.be\/infortech\/fr\/centres-de-recherche-associes\/multitel-innovation-center\/","og_site_name":"Institut \/ Infortech","article_modified_time":"2021-01-19T07:52:32+00:00","og_image":[{"url":"https:\/\/web.umons.ac.be\/app\/uploads\/sites\/34\/2017\/11\/Logo-Multitel-HD-300x139.png","type":"","width":"","height":""}],"twitter_card":"summary_large_image","twitter_misc":{"Dur\u00e9e de lecture estim\u00e9e":"2 minutes"},"schema":{"@context":"https:\/\/schema.org","@graph":[{"@type":"WebPage","@id":"https:\/\/web.umons.ac.be\/infortech\/fr\/centres-de-recherche-associes\/multitel-innovation-center\/","url":"https:\/\/web.umons.ac.be\/infortech\/fr\/centres-de-recherche-associes\/multitel-innovation-center\/","name":"MULTITEL Innovation Center - Institut \/ Infortech","isPartOf":{"@id":"https:\/\/web.umons.ac.be\/infortech\/#website"},"primaryImageOfPage":{"@id":"https:\/\/web.umons.ac.be\/infortech\/fr\/centres-de-recherche-associes\/multitel-innovation-center\/#primaryimage"},"image":{"@id":"https:\/\/web.umons.ac.be\/infortech\/fr\/centres-de-recherche-associes\/multitel-innovation-center\/#primaryimage"},"thumbnailUrl":"https:\/\/web.umons.ac.be\/app\/uploads\/sites\/34\/2017\/11\/Logo-Multitel-HD-300x139.png","datePublished":"2017-11-07T15:09:24+00:00","dateModified":"2021-01-19T07:52:32+00:00","breadcrumb":{"@id":"https:\/\/web.umons.ac.be\/infortech\/fr\/centres-de-recherche-associes\/multitel-innovation-center\/#breadcrumb"},"inLanguage":"fr-FR","potentialAction":[{"@type":"ReadAction","target":["https:\/\/web.umons.ac.be\/infortech\/fr\/centres-de-recherche-associes\/multitel-innovation-center\/"]}]},{"@type":"ImageObject","inLanguage":"fr-FR","@id":"https:\/\/web.umons.ac.be\/infortech\/fr\/centres-de-recherche-associes\/multitel-innovation-center\/#primaryimage","url":"https:\/\/web.umons.ac.be\/app\/uploads\/sites\/34\/2017\/11\/Logo-Multitel-HD-300x139.png","contentUrl":"https:\/\/web.umons.ac.be\/app\/uploads\/sites\/34\/2017\/11\/Logo-Multitel-HD-300x139.png"},{"@type":"BreadcrumbList","@id":"https:\/\/web.umons.ac.be\/infortech\/fr\/centres-de-recherche-associes\/multitel-innovation-center\/#breadcrumb","itemListElement":[{"@type":"ListItem","position":1,"name":"Accueil","item":"https:\/\/web.umons.ac.be\/infortech\/fr\/"},{"@type":"ListItem","position":2,"name":"Centres de recherche associ\u00e9s","item":"https:\/\/web.umons.ac.be\/infortech\/fr\/centres-de-recherche-associes\/"},{"@type":"ListItem","position":3,"name":"MULTITEL Innovation Center"}]},{"@type":"WebSite","@id":"https:\/\/web.umons.ac.be\/infortech\/#website","url":"https:\/\/web.umons.ac.be\/infortech\/","name":"Institut \/ Infortech","description":"Un site utilisant Universit\u00e9 de Mons \u2013 UMONS","potentialAction":[{"@type":"SearchAction","target":{"@type":"EntryPoint","urlTemplate":"https:\/\/web.umons.ac.be\/infortech\/?s={search_term_string}"},"query-input":{"@type":"PropertyValueSpecification","valueRequired":true,"valueName":"search_term_string"}}],"inLanguage":"fr-FR"}]}},"lang":"fr","translations":{"fr":192,"en":221},"pll_sync_post":[],"_links":{"self":[{"href":"https:\/\/web.umons.ac.be\/infortech\/wp-json\/wp\/v2\/pages\/192","targetHints":{"allow":["GET"]}}],"collection":[{"href":"https:\/\/web.umons.ac.be\/infortech\/wp-json\/wp\/v2\/pages"}],"about":[{"href":"https:\/\/web.umons.ac.be\/infortech\/wp-json\/wp\/v2\/types\/page"}],"author":[{"embeddable":true,"href":"https:\/\/web.umons.ac.be\/infortech\/wp-json\/wp\/v2\/users\/2"}],"replies":[{"embeddable":true,"href":"https:\/\/web.umons.ac.be\/infortech\/wp-json\/wp\/v2\/comments?post=192"}],"version-history":[{"count":8,"href":"https:\/\/web.umons.ac.be\/infortech\/wp-json\/wp\/v2\/pages\/192\/revisions"}],"predecessor-version":[{"id":377,"href":"https:\/\/web.umons.ac.be\/infortech\/wp-json\/wp\/v2\/pages\/192\/revisions\/377"}],"up":[{"embeddable":true,"href":"https:\/\/web.umons.ac.be\/infortech\/wp-json\/wp\/v2\/pages\/63"}],"wp:attachment":[{"href":"https:\/\/web.umons.ac.be\/infortech\/wp-json\/wp\/v2\/media?parent=192"}],"curies":[{"name":"wp","href":"https:\/\/api.w.org\/{rel}","templated":true}]}}