{"id":23,"date":"2017-07-18T11:23:34","date_gmt":"2017-07-18T09:23:34","guid":{"rendered":"https:\/\/web.umons.ac.be\/infortech\/?page_id=23"},"modified":"2024-05-29T13:51:04","modified_gmt":"2024-05-29T11:51:04","slug":"membres","status":"publish","type":"page","link":"https:\/\/web.umons.ac.be\/infortech\/fr\/membres\/","title":{"rendered":"Membres"},"content":{"rendered":"<h2>Services membres effectifs de l&rsquo;Institut de Recherche :<\/h2>\n<table style=\"width: 84.637699%; height: 3420px;\" width=\"579\">\n<tbody>\n<tr style=\"height: 129px;\">\n<td style=\"height: 129px;\" width=\"466\">Algorithmique (S825)<\/p>\n<p><a href=\"https:\/\/staff.umons.ac.be\/hadrien.melot\/\">MELOT Hadrien<\/a><\/p>\n<p><a href=\"mailto:Hadrien.melot@umons.ac.be\">hadrien.melot@umons.ac.be<\/a><\/td>\n<td style=\"height: 129px;\" width=\"113\">FS<\/td>\n<\/tr>\n<tr style=\"height: 129px;\">\n<td style=\"height: 129px;\">Big Data and Machine Learning (S861)<\/p>\n<p><a href=\"https:\/\/staff.umons.ac.be\/souhaib.bentaieb\/\">BEN TAIEB Souhaib<\/a><\/p>\n<p><a href=\"mailto:Hadrien.melot@umons.ac.be\">souhaib.@bentaieb@umons.ac.be<\/a><\/td>\n<td style=\"height: 129px;\">FS<\/td>\n<\/tr>\n<tr style=\"height: 129px;\">\n<td style=\"height: 129px;\">Analyse Num\u00e9rique (S835)<\/p>\n<p><a href=\"https:\/\/web.umons.ac.be\/infortech\/wp-includes\/js\/tinymce\/Institut \/ Infortech\/_wp_link_placeholder\">TROESTLER Christophe<\/a><\/p>\n<p><a href=\"mailto:christophe.troestler@umons.ac.be\">christophe.troestler@umons.ac.be<\/a><\/td>\n<td style=\"height: 129px;\"><\/td>\n<\/tr>\n<tr>\n<td>Cybers\u00e9curit\u00e9 et Syst\u00e8mes Informatiques (F115)<\/p>\n<p><a href=\"mailto:Quentin.DECONINCK@umons.ac.be\">DE CONINCK Quentin<\/a><\/p>\n<p><a href=\"mailto:Quentin.DECONINCK@umons.ac.be\">Quentin.DECONINCK@umons.ac.be<\/a><\/td>\n<td>FPMs<\/td>\n<\/tr>\n<tr style=\"height: 359px;\">\n<td style=\"height: 359px;\">Electromagn\u00e9tisme et T\u00e9l\u00e9communications (F108)<\/p>\n<p><a href=\"https:\/\/staff.umons.ac.be\/christophe.caucheteur\/\">CAUCHETEUR Christophe<\/a><\/p>\n<p><a href=\"mailto:christophe.caucheteur@umons.ac.be\">christophe.caucheteur@umons.ac.be<\/a><\/p>\n<p><a href=\"https:\/\/staff.umons.ac.be\/patrice.megret\/\">MEGRET Patrice<\/a><\/p>\n<p><a href=\"mailto:patrice.megret@umons.ac.be\">patrice.megret@umons.ac.be<\/a><\/p>\n<p><a href=\"https:\/\/staff.umons.ac.be\/veronique.moeyaert\/\">MOEYAERT V\u00e9ronique<\/a><\/p>\n<p><a href=\"mailto:veronique.moeyaert@umons.ac.be\">veronique.moeyaert@umons.ac.be<\/a><\/p>\n<p><a href=\"https:\/\/staff.umons.ac.be\/marc.wuilpart\/\">WUILPART Marc<\/a><\/p>\n<p><a href=\"mailto:marc.wuilpart@umons.ac.be\">marc.wuilpart@umons.ac.be<\/a><\/td>\n<td style=\"height: 359px;\">FPMs<\/td>\n<\/tr>\n<tr style=\"height: 204px;\">\n<td style=\"height: 204px;\">Electronique et Micro\u00e9lectronique (F109)<\/p>\n<p><a href=\"https:\/\/staff.umons.ac.be\/fortunato.dualibe\/\">DUALIBE Fortunato<\/a><\/p>\n<p><a href=\"mailto:fortunato.dualibe@umons.ac.be\">fortunato.dualibe@umons.ac.be<\/a><\/p>\n<p><a href=\"https:\/\/staff.umons.ac.be\/carlos.valderrama\/\">VALDERRAMA SAKUYAMA Carlos Aberto<\/a><\/p>\n<p><a href=\"mailto:carlos.valderrama@umons.ac.be\">carlos.valderrama@umons.ac.be<\/a><\/td>\n<td style=\"height: 204px;\">FPMs<\/td>\n<\/tr>\n<tr style=\"height: 129px;\">\n<td style=\"height: 129px;\">G\u00e9nie Logiciel (S852)<\/p>\n<p><a href=\"https:\/\/staff.umons.ac.be\/tom.mens\/\">MENS Tom<\/a><\/p>\n<p><a href=\"mailto:tom.mens@umons.ac.be\">tom.mens@umons.ac.be<\/a><\/td>\n<td style=\"height: 129px;\">FS<\/td>\n<\/tr>\n<tr>\n<td>Intelligence Artificielle (S841)<\/p>\n<p><a href=\"http:\/\/staff.umons.ac.be\/stephane.dupont\">DUPONT St\u00e9phane<\/a><\/p>\n<p><a href=\"mailto:stephane.dupont@umons.ac.be\">stephane.dupont@umons.ac.be<\/a><\/td>\n<td>FS<\/td>\n<\/tr>\n<tr style=\"height: 279px;\">\n<td style=\"height: 279px;\">ILIA: Informatique, Logiciel et Intelligence artificielle (F114)<\/p>\n<p><a href=\"https:\/\/staff.umons.ac.be\/mohammed.benjelloun\/\">BENJELLOUN Mohammed<\/a><\/p>\n<p><a class=\"memberEmail\" href=\"mailto:mohammed.benjelloun@umons.ac.be\">mohammed.benjelloun@umons.ac.be<\/a><\/p>\n<p><a href=\"https:\/\/staff.umons.ac.be\/said.mahmoudi\/\">MAHMOUDI Sa\u00efd<\/a><\/p>\n<p><a class=\"memberEmail\" href=\"mailto:said.mahmoudi@umons.ac.be\">said.mahmoudi@umons.ac.be<\/a><\/p>\n<p><a href=\"https:\/\/staff.umons.ac.be\/sidi.mahmoudi\/\">MAHMOUDI Sidi<\/a><\/p>\n<p><a class=\"memberEmail\" href=\"mailto:sidi.mahmoudi@umons.ac.be\">sidi.mahmoudi@umons.ac.be<\/a><\/td>\n<td style=\"height: 279px;\">FPMs<\/td>\n<\/tr>\n<tr style=\"height: 129px;\">\n<td style=\"height: 129px;\">Informatique th\u00e9orique (S829)<\/p>\n<p><a href=\"https:\/\/staff.umons.ac.be\/veronique.bruyere\/\">BRUYERE V\u00e9ronique<\/a><\/p>\n<p><a href=\"mailto:veronique.bruyere@umons.ac.be\">veronique.bruyere@umons.ac.be<\/a><\/td>\n<td style=\"height: 129px;\">FS<\/td>\n<\/tr>\n<tr style=\"height: 282px;\">\n<td style=\"height: 282px;\">Management de l&rsquo;Innovation Technologique (F113)<\/p>\n<p><a href=\"https:\/\/staff.umons.ac.be\/sebastien.bette\/\">BETTE S\u00e9bastien<\/a><\/p>\n<p><a href=\"mailto:Sebastien.bette@umons.ac.be\">sebastien.bette@umons.ac.be<\/a><\/p>\n<p><a href=\"https:\/\/staff.umons.ac.be\/philippe.fortemps\/\">FORTEMPS Philippe<\/a><\/p>\n<p><a href=\"mailto:Philippe.fortemps@umons.ac.be\">philippe.fortemps@umons.ac.be<\/a><\/p>\n<p><a href=\"https:\/\/staff.umons.ac.be\/fabian.lecron\/\">LECRON Fabian<\/a><\/p>\n<p><a href=\"mailto:fabian.lecron@umons.ac.be\">fabian.lecron@umons.ac.be<\/a><\/td>\n<td style=\"height: 282px;\">FPMs<\/td>\n<\/tr>\n<tr style=\"height: 359px;\">\n<td style=\"height: 359px;\">Math\u00e9matique et Recherche op\u00e9rationnelle (F151)<\/p>\n<p><a href=\"https:\/\/staff.umons.ac.be\/nicolas.gillis\/\">GILLIS Nicolas<\/a><\/p>\n<p><a href=\"mailto:nicolas.gillis@umons.ac.be\">nicolas.gillis@umons.ac.be<\/a><\/p>\n<p><a href=\"https:\/\/staff.umons.ac.be\/xavier.siebert\/\">SIEBERT Xavier<\/a><\/p>\n<p><a href=\"mailto:xavier.siebert@umons.ac.be\">xavier.siebert@umons.ac.be<\/a><\/p>\n<p><a href=\"https:\/\/staff.umons.ac.be\/daniel.tuyttens\/\">TUYTTENS Daniel<\/a><\/p>\n<p><a href=\"mailto:daniel.tuyttens@umons.ac.be\">daniel.tuyttens@umons.ac.be<\/a><\/p>\n<p><a href=\"https:\/\/staff.umons.ac.be\/arnaud.vandaele\/\">VANDAELE Arnaud<\/a><\/p>\n<p><a href=\"mailto:arnaud.vandaele@umons.ac.be\">arnaud.vandaele@umons.ac.be<\/a><\/td>\n<td style=\"height: 359px;\">FPMs<\/td>\n<\/tr>\n<tr style=\"height: 205px;\">\n<td style=\"height: 205px;\">Ing\u00e9nierie p\u00e9dagogique et num\u00e9rique \u00e9ducatif (P303)<\/p>\n<p><a href=\"https:\/\/staff.umons.ac.be\/bruno.delievre\/\">DE LIEVRE Bruno<\/a><\/p>\n<p><a href=\"mailto:bruno.delievre@umons.ac.be\">bruno.delievre@umons.ac.be<\/a><\/p>\n<p><a href=\"https:\/\/staff.umons.ac.be\/gaetan.temperman\/\">TEMPERMAN Gaetan<\/a><\/p>\n<p><a href=\"mailto:gaetan.temperman@umons.ac.be\">gaetan.temperman@umons.ac.be<\/a><\/td>\n<td style=\"height: 205px;\">FPSE<\/td>\n<\/tr>\n<tr style=\"height: 129px;\">\n<td style=\"height: 129px;\">R\u00e9seaux et T\u00e9l\u00e9communications (S802)<\/p>\n<p><a href=\"https:\/\/staff.umons.ac.be\/bruno.quoitin\/\">QUOITIN Bruno<\/a><\/p>\n<p><a href=\"mailto:bruno.quoitin@umons.ac.be\">bruno.quoitin@umons.ac.be<\/a><\/td>\n<td style=\"height: 129px;\">FS<\/td>\n<\/tr>\n<tr style=\"height: 129px;\">\n<td style=\"height: 129px;\">Syst\u00e8mes d&rsquo;information (S832)<\/p>\n<p><a href=\"https:\/\/staff.umons.ac.be\/jef.wijsen\/\">WIJSEN J<\/a><a href=\"https:\/\/staff.umons.ac.be\/jef.wijsen\/\">ef<\/a><\/p>\n<p><a href=\"mailto:jef.wijsen@umons.ac.be\">jef.wijsen@umons.ac.be<\/a><\/td>\n<td style=\"height: 129px;\">FS<\/td>\n<\/tr>\n<tr style=\"height: 205px;\">\n<td style=\"height: 205px;\">ISIA: Information, Signal et Intelligence Artificielle (F105)<\/p>\n<p><a href=\"https:\/\/staff.umons.ac.be\/thierry.dutoit\/\">DUTOIT Thierry<\/a><\/p>\n<p><a href=\"mailto:thierry.dutoit@umons.ac.be\">thierry.dutoit@umons.ac.be<\/a><\/p>\n<p><a href=\"https:\/\/staff.umons.ac.be\/bernard.gosselin\/\">GOSSELIN Bernard<\/a><\/p>\n<p><a href=\"mailto:bernard.gosselin@umons.ac.be\">bernard.gosselin@umons.ac.be<\/a><\/td>\n<td style=\"height: 205px;\">FPMs<\/td>\n<\/tr>\n<tr style=\"height: 129px;\">\n<td style=\"height: 129px;\">Ecologie num\u00e9rique (S807)<\/p>\n<p><a href=\"https:\/\/staff.umons.ac.be\/philippe.grosjean\/\">GROSJEAN Philippe<\/a><\/p>\n<p><a href=\"mailto:Philippe.grosjean@umons.ac.be\">philippe.grosjean@umons.ac.be<\/a><\/td>\n<td style=\"height: 129px;\">FS<\/td>\n<\/tr>\n<tr style=\"height: 151px;\">\n<td style=\"height: 151px;\">Technologies de l&rsquo;Information et de la Communication (W714)<\/p>\n<p><a href=\"http:\/\/staff.umons.ac.be\/robert.viseur\">VISEUR Robert<\/a><\/p>\n<p><a href=\"mailto:robert.viseur@umons.ac.be\">r<\/a><a href=\"mailto:robert.viseur@umons.ac.be\">obert.viseur@umons.ac.be<\/a><\/td>\n<td style=\"height: 151px;\">FWEG<\/td>\n<\/tr>\n<tr style=\"height: 129px;\">\n<td style=\"height: 129px;\">Math\u00e9matique et analyse de la d\u00e9cision (W738)<\/p>\n<p><a href=\"https:\/\/staff.umons.ac.be\/xavier.bredart\/\">BREDART Xavier<\/a><\/p>\n<p><a href=\"mailto:xavier.bredart@umons.ac.be\">xavier.bredart@umons.ac.be<\/a><\/td>\n<td style=\"height: 129px;\">FWEG<\/td>\n<\/tr>\n<\/tbody>\n<\/table>\n","protected":false},"excerpt":{"rendered":"<p>Services membres effectifs de l&rsquo;Institut de Recherche : Algorithmique (S825) MELOT Hadrien hadrien.melot@umons.ac.be FS Big Data and Machine Learning (S861) BEN TAIEB Souhaib souhaib.@bentaieb@umons.ac.be FS Analyse Num\u00e9rique (S835) TROESTLER Christophe christophe.troestler@umons.ac.be Cybers\u00e9curit\u00e9 et Syst\u00e8mes Informatiques (F115) DE CONINCK Quentin Quentin.DECONINCK@umons.ac.be FPMs Electromagn\u00e9tisme et T\u00e9l\u00e9communications (F108) CAUCHETEUR Christophe christophe.caucheteur@umons.ac.be MEGRET Patrice patrice.megret@umons.ac.be MOEYAERT V\u00e9ronique veronique.moeyaert@umons.ac.be WUILPART [&hellip;]<\/p>\n","protected":false},"author":2,"featured_media":0,"parent":0,"menu_order":0,"comment_status":"closed","ping_status":"closed","template":"","meta":{"footnotes":""},"class_list":["post-23","page","type-page","status-publish","hentry"],"yoast_head":"<!-- This site is optimized with the Yoast SEO plugin v27.2 - https:\/\/yoast.com\/product\/yoast-seo-wordpress\/ -->\n<title>Membres - Institut \/ Infortech<\/title>\n<meta name=\"robots\" content=\"index, follow, max-snippet:-1, max-image-preview:large, max-video-preview:-1\" \/>\n<link rel=\"canonical\" href=\"https:\/\/web.umons.ac.be\/infortech\/fr\/membres\/\" \/>\n<meta property=\"og:locale\" content=\"fr_FR\" \/>\n<meta property=\"og:type\" content=\"article\" \/>\n<meta property=\"og:title\" content=\"Membres - Institut \/ Infortech\" \/>\n<meta property=\"og:description\" content=\"Services membres effectifs de l&rsquo;Institut de Recherche : Algorithmique (S825) MELOT Hadrien hadrien.melot@umons.ac.be FS Big Data and Machine Learning (S861) BEN TAIEB Souhaib souhaib.@bentaieb@umons.ac.be FS Analyse Num\u00e9rique (S835) TROESTLER Christophe christophe.troestler@umons.ac.be Cybers\u00e9curit\u00e9 et Syst\u00e8mes Informatiques (F115) DE CONINCK Quentin Quentin.DECONINCK@umons.ac.be FPMs Electromagn\u00e9tisme et T\u00e9l\u00e9communications (F108) CAUCHETEUR Christophe christophe.caucheteur@umons.ac.be MEGRET Patrice patrice.megret@umons.ac.be MOEYAERT V\u00e9ronique veronique.moeyaert@umons.ac.be WUILPART [&hellip;]\" \/>\n<meta property=\"og:url\" content=\"https:\/\/web.umons.ac.be\/infortech\/fr\/membres\/\" \/>\n<meta property=\"og:site_name\" content=\"Institut \/ Infortech\" \/>\n<meta property=\"article:modified_time\" content=\"2024-05-29T11:51:04+00:00\" \/>\n<meta name=\"twitter:card\" content=\"summary_large_image\" \/>\n<meta name=\"twitter:label1\" content=\"Dur\u00e9e de lecture estim\u00e9e\" \/>\n\t<meta name=\"twitter:data1\" content=\"2 minutes\" \/>\n<script type=\"application\/ld+json\" class=\"yoast-schema-graph\">{\"@context\":\"https:\/\/schema.org\",\"@graph\":[{\"@type\":\"WebPage\",\"@id\":\"https:\/\/web.umons.ac.be\/infortech\/fr\/membres\/\",\"url\":\"https:\/\/web.umons.ac.be\/infortech\/fr\/membres\/\",\"name\":\"Membres - Institut \/ Infortech\",\"isPartOf\":{\"@id\":\"https:\/\/web.umons.ac.be\/infortech\/#website\"},\"datePublished\":\"2017-07-18T09:23:34+00:00\",\"dateModified\":\"2024-05-29T11:51:04+00:00\",\"breadcrumb\":{\"@id\":\"https:\/\/web.umons.ac.be\/infortech\/fr\/membres\/#breadcrumb\"},\"inLanguage\":\"fr-FR\",\"potentialAction\":[{\"@type\":\"ReadAction\",\"target\":[\"https:\/\/web.umons.ac.be\/infortech\/fr\/membres\/\"]}]},{\"@type\":\"BreadcrumbList\",\"@id\":\"https:\/\/web.umons.ac.be\/infortech\/fr\/membres\/#breadcrumb\",\"itemListElement\":[{\"@type\":\"ListItem\",\"position\":1,\"name\":\"Accueil\",\"item\":\"https:\/\/web.umons.ac.be\/infortech\/fr\/\"},{\"@type\":\"ListItem\",\"position\":2,\"name\":\"Membres\"}]},{\"@type\":\"WebSite\",\"@id\":\"https:\/\/web.umons.ac.be\/infortech\/#website\",\"url\":\"https:\/\/web.umons.ac.be\/infortech\/\",\"name\":\"Institut \/ Infortech\",\"description\":\"Un site utilisant Universit\u00e9 de Mons \u2013 UMONS\",\"potentialAction\":[{\"@type\":\"SearchAction\",\"target\":{\"@type\":\"EntryPoint\",\"urlTemplate\":\"https:\/\/web.umons.ac.be\/infortech\/?s={search_term_string}\"},\"query-input\":{\"@type\":\"PropertyValueSpecification\",\"valueRequired\":true,\"valueName\":\"search_term_string\"}}],\"inLanguage\":\"fr-FR\"}]}<\/script>\n<!-- \/ Yoast SEO plugin. -->","yoast_head_json":{"title":"Membres - Institut \/ Infortech","robots":{"index":"index","follow":"follow","max-snippet":"max-snippet:-1","max-image-preview":"max-image-preview:large","max-video-preview":"max-video-preview:-1"},"canonical":"https:\/\/web.umons.ac.be\/infortech\/fr\/membres\/","og_locale":"fr_FR","og_type":"article","og_title":"Membres - Institut \/ Infortech","og_description":"Services membres effectifs de l&rsquo;Institut de Recherche : Algorithmique (S825) MELOT Hadrien hadrien.melot@umons.ac.be FS Big Data and Machine Learning (S861) BEN TAIEB Souhaib souhaib.@bentaieb@umons.ac.be FS Analyse Num\u00e9rique (S835) TROESTLER Christophe christophe.troestler@umons.ac.be Cybers\u00e9curit\u00e9 et Syst\u00e8mes Informatiques (F115) DE CONINCK Quentin Quentin.DECONINCK@umons.ac.be FPMs Electromagn\u00e9tisme et T\u00e9l\u00e9communications (F108) CAUCHETEUR Christophe christophe.caucheteur@umons.ac.be MEGRET Patrice patrice.megret@umons.ac.be MOEYAERT V\u00e9ronique veronique.moeyaert@umons.ac.be WUILPART [&hellip;]","og_url":"https:\/\/web.umons.ac.be\/infortech\/fr\/membres\/","og_site_name":"Institut \/ Infortech","article_modified_time":"2024-05-29T11:51:04+00:00","twitter_card":"summary_large_image","twitter_misc":{"Dur\u00e9e de lecture estim\u00e9e":"2 minutes"},"schema":{"@context":"https:\/\/schema.org","@graph":[{"@type":"WebPage","@id":"https:\/\/web.umons.ac.be\/infortech\/fr\/membres\/","url":"https:\/\/web.umons.ac.be\/infortech\/fr\/membres\/","name":"Membres - Institut \/ Infortech","isPartOf":{"@id":"https:\/\/web.umons.ac.be\/infortech\/#website"},"datePublished":"2017-07-18T09:23:34+00:00","dateModified":"2024-05-29T11:51:04+00:00","breadcrumb":{"@id":"https:\/\/web.umons.ac.be\/infortech\/fr\/membres\/#breadcrumb"},"inLanguage":"fr-FR","potentialAction":[{"@type":"ReadAction","target":["https:\/\/web.umons.ac.be\/infortech\/fr\/membres\/"]}]},{"@type":"BreadcrumbList","@id":"https:\/\/web.umons.ac.be\/infortech\/fr\/membres\/#breadcrumb","itemListElement":[{"@type":"ListItem","position":1,"name":"Accueil","item":"https:\/\/web.umons.ac.be\/infortech\/fr\/"},{"@type":"ListItem","position":2,"name":"Membres"}]},{"@type":"WebSite","@id":"https:\/\/web.umons.ac.be\/infortech\/#website","url":"https:\/\/web.umons.ac.be\/infortech\/","name":"Institut \/ Infortech","description":"Un site utilisant Universit\u00e9 de Mons \u2013 UMONS","potentialAction":[{"@type":"SearchAction","target":{"@type":"EntryPoint","urlTemplate":"https:\/\/web.umons.ac.be\/infortech\/?s={search_term_string}"},"query-input":{"@type":"PropertyValueSpecification","valueRequired":true,"valueName":"search_term_string"}}],"inLanguage":"fr-FR"}]}},"lang":"fr","translations":{"fr":23,"en":99},"pll_sync_post":[],"_links":{"self":[{"href":"https:\/\/web.umons.ac.be\/infortech\/wp-json\/wp\/v2\/pages\/23","targetHints":{"allow":["GET"]}}],"collection":[{"href":"https:\/\/web.umons.ac.be\/infortech\/wp-json\/wp\/v2\/pages"}],"about":[{"href":"https:\/\/web.umons.ac.be\/infortech\/wp-json\/wp\/v2\/types\/page"}],"author":[{"embeddable":true,"href":"https:\/\/web.umons.ac.be\/infortech\/wp-json\/wp\/v2\/users\/2"}],"replies":[{"embeddable":true,"href":"https:\/\/web.umons.ac.be\/infortech\/wp-json\/wp\/v2\/comments?post=23"}],"version-history":[{"count":6,"href":"https:\/\/web.umons.ac.be\/infortech\/wp-json\/wp\/v2\/pages\/23\/revisions"}],"predecessor-version":[{"id":501,"href":"https:\/\/web.umons.ac.be\/infortech\/wp-json\/wp\/v2\/pages\/23\/revisions\/501"}],"wp:attachment":[{"href":"https:\/\/web.umons.ac.be\/infortech\/wp-json\/wp\/v2\/media?parent=23"}],"curies":[{"name":"wp","href":"https:\/\/api.w.org\/{rel}","templated":true}]}}