{"id":34,"date":"2017-07-18T11:30:07","date_gmt":"2017-07-18T09:30:07","guid":{"rendered":"https:\/\/web.umons.ac.be\/infortech\/?page_id=34"},"modified":"2021-10-06T10:37:55","modified_gmt":"2021-10-06T08:37:55","slug":"projets-phare","status":"publish","type":"page","link":"https:\/\/web.umons.ac.be\/infortech\/fr\/projets-phare\/","title":{"rendered":"Projets phares"},"content":{"rendered":"<p>L\u2019Institut d\u00e9veloppe ses activit\u00e9s essentiellement au travers de projets de recherche collaboratifs.<\/p>\n<p>Ces projets de recherches :<\/p>\n<ul>\n<li>Se basent sur l\u2019interdisciplinarit\u00e9<\/li>\n<li>Privil\u00e9gient la recherche collaborative et le co-d\u00e9veloppement<\/li>\n<li>S\u2019articulent sur une logique partenariale avec tous les acteurs de la soci\u00e9t\u00e9 (industries, services, centres de recherche, collectivit\u00e9s territoriales, institutions gouvernementales, etc.)<\/li>\n<li>Tissent des partenariats \u00e0 l\u2019\u00e9chelle provinciale, r\u00e9gionale, f\u00e9d\u00e9rale, europ\u00e9enne et internationale.<\/li>\n<\/ul>\n<p>L\u2019Institut s\u2019implique dans le montage de projet de recherche avec ses partenaires pour r\u00e9pondre aux probl\u00e9matiques \u00e9mergentes li\u00e9es aux domaines de l\u2019Institut.<\/p>\n<p>Nous pr\u00e9sentons ici, \u00e0 titre indicatif, quelques projets phare de l\u2019Institut qui illustrent\u00a0\u00a0 les probl\u00e9matiques abord\u00e9es par nos chercheurs.<\/p>\n<start-cask-shortcode-wrapper>    <div class=\"accordion content-block scheme-infortech\">\n                <div class=\"accordion-inner\">\n            <div class=\"accordion-bellow\">\n                <button class=\"accordion-bellow-toggle scheme-background-hover\" data-target=\"#accordion-content-668f7f1a7a63e\">\n                    <span class=\"icon umons-icon-chevron-down\" aria-hidden=\"true\"><\/span> KnowledgeAnalytics (UE \/ Interreg)                <\/button>\n            <\/div>\n            <div id=\"accordion-content-668f7f1a7a63e\" class=\"accordion-content\">\n            \t<div class=\"inner editor-front\">\n            \t\t<div class=\"flex-shrink-0 flex flex-col relative items-end\">\n<div>\n<div class=\"pt-0.5 juice:pt-0\">\n<div class=\"gizmo-bot-avatar flex h-6 w-6 items-center justify-center overflow-hidden rounded-full juice:h-8 juice:w-8\">\n<div class=\"relative p-1 rounded-sm flex items-center justify-center bg-token-main-surface-primary text-token-text-primary h-8 w-8\">\n<h5>Advanced analytics for knowledge transfer monitoring and evaluation<\/h5>\n<\/div>\n<\/div>\n<\/div>\n<\/div>\n<\/div>\n<div class=\"group\/conversation-turn relative flex w-full min-w-0 flex-col agent-turn\">\n<div class=\"flex-col gap-1 md:gap-3\">\n<div class=\"flex flex-grow flex-col max-w-full\">\n<div class=\"min-h-[20px] text-message flex flex-col items-start whitespace-pre-wrap break-words [.text-message\u2795&amp;]:mt-5 juice:w-full juice:items-end overflow-x-auto gap-2\" dir=\"auto\" data-message-author-role=\"assistant\" data-message-id=\"15423d91-3f93-4792-a13f-6779f529f4e4\">\n<div class=\"flex w-full flex-col gap-1 juice:empty:hidden juice:first:pt-[3px]\">\n<div class=\"markdown prose w-full break-words dark:prose-invert light\">\n<p>L&rsquo;objectif est de transf\u00e9rer les connaissances scientifiques aux entreprises et \u00e0 la soci\u00e9t\u00e9, en favorisant la coop\u00e9ration entre la science et le monde des affaires, et en utilisant des outils de valorisation des connaissances bas\u00e9s sur l&rsquo;analyse des donn\u00e9es. L&rsquo;accent sera mis sur la promotion des activit\u00e9s de R&amp;D, l&rsquo;engagement des scientifiques dans les activit\u00e9s commerciales, la gestion de projets, le suivi, l&rsquo;\u00e9valuation et l&rsquo;utilisation de m\u00e9thodes d&rsquo;analyse avanc\u00e9es bas\u00e9es sur l&rsquo;intelligence artificielle et les m\u00e9gadonn\u00e9es.<\/p>\n<p><a href=\"https:\/\/www.interregeurope.eu\/knowledgeanalytics\" target=\"_blank\" rel=\"noopener\">Site web du projet<\/a>.<\/p>\n<\/div>\n<\/div>\n<\/div>\n<\/div>\n<\/div>\n<\/div>\n            \t<\/div>\n            <\/div>\n        <\/div>\n                <div class=\"accordion-inner\">\n            <div class=\"accordion-bellow\">\n                <button class=\"accordion-bellow-toggle scheme-background-hover\" data-target=\"#accordion-content-668f7f1a71419\">\n                    <span class=\"icon umons-icon-chevron-down\" aria-hidden=\"true\"><\/span> Wal-e-Cities (UE RW\/FEDER)                <\/button>\n            <\/div>\n            <div id=\"accordion-content-668f7f1a71419\" class=\"accordion-content\">\n            \t<div class=\"inner editor-front\">\n            \t\t<p>L\u2019UMONS est partenaire du portefeuille\u00a0Wal-e-Cities, port\u00e9 par Multitel, et qui a\u00a0pour vocation de r\u00e9pondre aux d\u00e9fis des\u00a0villes wallonnes, dans une philosophie\u00a0de \u00ab Smart Region \u00bb. L\u2019objet principal\u00a0de ce portefeuille est de\u00a0<strong>d\u00e9velopper\u00a0des dispositifs et des logiciels qui\u00a0permettront de d\u00e9livrer des services\u00a0et de r\u00e9pondre \u00e0 des besoins dans\u00a0quatre th\u00e9matiques: mobilit\u00e9 ;\u00a0\u00e9nergie et environnement ; march\u00e9\u00a0transparent d\u2019\u00e9change de donn\u00e9es ;\u00a0cadre de vie et bien-\u00eatre du citoye<\/strong>n.<\/p>\n<p>Wal-e-cities d\u00e9veloppe des composantes\u00a0technologiques et non technologiques,\u00a0int\u00e9gr\u00e9es pour aboutir \u00e0 une\u00a0<strong>utilisation\u00a0de la technologie \u00e0 bon escient<\/strong>\u00a0et\u00a0confronter les r\u00e9sultats aux besoins\u00a0concrets des utilisateurs (citoyens,\u00a0pouvoirs communaux, entreprises\u00a0locales, etc.). InforTech apporte au projet\u00a0ses\u00a0<strong>comp\u00e9tences en traitement du\u00a0signal et en t\u00e9l\u00e9communication<\/strong>.<\/p>\n            \t<\/div>\n            <\/div>\n        <\/div>\n                <div class=\"accordion-inner\">\n            <div class=\"accordion-bellow\">\n                <button class=\"accordion-bellow-toggle scheme-background-hover\" data-target=\"#accordion-content-668f7f1a79a25\">\n                    <span class=\"icon umons-icon-chevron-down\" aria-hidden=\"true\"><\/span> IDEES (UE RW\/FEDER)                <\/button>\n            <\/div>\n            <div id=\"accordion-content-668f7f1a79a25\" class=\"accordion-content\">\n            \t<div class=\"inner editor-front\">\n            \t\t<blockquote><p>L\u2019Internet de demain pour d\u00e9velopper les entreprises, l\u2019\u00e9conomie et la soci\u00e9t\u00e9.<\/p><\/blockquote>\n<p><img loading=\"lazy\" decoding=\"async\" class=\"alignright wp-image-10 size-thumbnail\" src=\"https:\/\/web.umons.ac.be\/app\/uploads\/sites\/34\/2017\/07\/P5083155_2-150x150.jpg\" sizes=\"auto, (max-width: 150px) 100vw, 150px\" srcset=\"https:\/\/web.umons.ac.be\/app\/uploads\/sites\/34\/2017\/07\/P5083155_2-150x150.jpg 150w, https:\/\/web.umons.ac.be\/app\/uploads\/sites\/34\/2017\/07\/P5083155_2-80x80.jpg 80w, https:\/\/web.umons.ac.be\/app\/uploads\/sites\/34\/2017\/07\/P5083155_2-400x400.jpg 400w, https:\/\/web.umons.ac.be\/app\/uploads\/sites\/34\/2017\/07\/P5083155_2-200x200.jpg 200w\" alt=\"\" width=\"150\" height=\"150\" \/><\/p>\n<p><strong>L\u2019Internet de Demain<\/strong>\u00a0est l\u2019un des piliers de la strat\u00e9gie europ\u00e9enne. Le portefeuille IDEES vise \u00e0 favoriser la mise en oeuvre de cette strat\u00e9gie en Wallonie. Pour ce faire, 3 projets sont mis en oeuvre. Le premier projet concerne les fondations technologiques indispensables pour r\u00e9aliser les avanc\u00e9es souhait\u00e9es, s\u2019appuie sur les progr\u00e8s majeurs qui ont \u00e9t\u00e9 accomplis r\u00e9cemment dans ces domaines (<strong>Cloud Computing, Big data et Internet des Objets<\/strong>), et vise \u00e0 les am\u00e9liorer en vue de permettre aux entreprises wallonnes d\u2019en tirer parti. Le second projet vise \u00e0\u00a0<strong>mettre en place un processus de co-innovation avec les entreprises afin d\u2019acc\u00e9l\u00e9rer l\u2019adoption et optimaliser la valeur ajout\u00e9e de ces technologies<\/strong>\u00a0au sein des secteurs qui utilisent celles-ci. Le troisi\u00e8me projet r\u00e9alise le\u00a0<strong>d\u00e9ploiement de projets pilotes dans certains secteurs sp\u00e9cifiques proches de p\u00f4les de comp\u00e9titivit\u00e9<\/strong>, permettant de valider l\u2019apport de ces nouvelles technologies dans diff\u00e9rentes configurations.<\/p>\n            \t<\/div>\n            <\/div>\n        <\/div>\n                <div class=\"accordion-inner\">\n            <div class=\"accordion-bellow\">\n                <button class=\"accordion-bellow-toggle scheme-background-hover\" data-target=\"#accordion-content-668f7f1a79c00\">\n                    <span class=\"icon umons-icon-chevron-down\" aria-hidden=\"true\"><\/span> Gestion des Donn\u00e9es G\u00e9ologiques et mod\u00e9lisation g\u00e9ologique 3D (FWB\/ARC)                <\/button>\n            <\/div>\n            <div id=\"accordion-content-668f7f1a79c00\" class=\"accordion-content\">\n            \t<div class=\"inner editor-front\">\n            \t\t<p>Un aspect fondamental pour comprendre\u00a0la qualit\u00e9 des donn\u00e9es est la provenance\u00a0(ou tra\u00e7abilit\u00e9) de ces donn\u00e9es. Des\u00a0\u00e9tudes ont donn\u00e9 lieu \u00e0 un certain\u00a0nombre de\u00a0<strong>formalismes th\u00e9oriques\u00a0universels qui traitent de la qualit\u00e9\u00a0des donn\u00e9es et de leur provenance<\/strong>.<br \/>\nLe but de ce projet est d\u2019<strong>adapter et\u00a0d\u2019\u00e9largir ces formalismes aux besoins\u00a0sp\u00e9cifiques qui apparaissent dans\u00a0la gestion des donn\u00e9es g\u00e9ologiques\u00a0et la mod\u00e9lisation g\u00e9ologique 3D<\/strong>.<br \/>\nG\u00e9n\u00e9ralement, les mod\u00e8les g\u00e9ologiques\u00a03D extrapolent des informations venant\u00a0de diff\u00e9rentes sources de donn\u00e9es\u00a0g\u00e9olocalis\u00e9es h\u00e9t\u00e9rog\u00e8nes, telles que les\u00a0forages, les cartes g\u00e9ologiques, ou les\u00a0\u00e9tudes sur la r\u00e9flexion sismique.<\/p>\n            \t<\/div>\n            <\/div>\n        <\/div>\n                <div class=\"accordion-inner\">\n            <div class=\"accordion-bellow\">\n                <button class=\"accordion-bellow-toggle scheme-background-hover\" data-target=\"#accordion-content-668f7f1a79eae\">\n                    <span class=\"icon umons-icon-chevron-down\" aria-hidden=\"true\"><\/span> InOGRAM (RW\/Logistics in Wallonia)                <\/button>\n            <\/div>\n            <div id=\"accordion-content-668f7f1a79eae\" class=\"accordion-content\">\n            \t<div class=\"inner editor-front\">\n            \t\t<p>Les\u00a0<strong>op\u00e9rateurs ferroviaires<\/strong>\u00a0font face \u00e0 la concurrence de l\u2019avion et de la route et pour cela\u00a0<strong>doivent s\u2019am\u00e9liorer<\/strong>\u00a0sur l\u2019internationalisation du trafic et l\u2019interop\u00e9rabilit\u00e9 entre op\u00e9rateurs et infrastructure. Le standart ERTMS, d\u00e9velopp\u00e9 pour l\u2019Europe pour r\u00e9pondre \u00e0 ce besoin s\u2019est r\u00e9pandu dans le monde entier mettant en relief d\u2019une part une demande d\u2019\u00e9volution vers de nouvelles fonctionnalit\u00e9s et d\u2019autre part le risque d\u2019\u00e9mergence d\u2019une concurrence extra-europ\u00e9enne sur le secteur.<\/p>\n<p><strong><img loading=\"lazy\" decoding=\"async\" class=\"alignleft wp-image-9 size-thumbnail\" src=\"https:\/\/web.umons.ac.be\/app\/uploads\/sites\/34\/2017\/07\/P3291686-150x150.jpg\" sizes=\"auto, (max-width: 150px) 100vw, 150px\" srcset=\"https:\/\/web.umons.ac.be\/app\/uploads\/sites\/34\/2017\/07\/P3291686-150x150.jpg 150w, https:\/\/web.umons.ac.be\/app\/uploads\/sites\/34\/2017\/07\/P3291686-80x80.jpg 80w, https:\/\/web.umons.ac.be\/app\/uploads\/sites\/34\/2017\/07\/P3291686-400x400.jpg 400w, https:\/\/web.umons.ac.be\/app\/uploads\/sites\/34\/2017\/07\/P3291686-200x200.jpg 200w\" alt=\"\" width=\"150\" height=\"150\" \/><\/strong><\/p>\n<p>&nbsp;<\/p>\n<p><strong>Le projet Inograms\u00a0<\/strong>est un projet de recherche industrielle qui<strong>\u00a0vise \u00e0 explorer de nouveaux axes technologiques pour r\u00e9pondre aux besoins du march\u00e9 non-europ\u00e9en de l\u2019ERTMS en apportant de nouvelles fonctionnalit\u00e9s et une r\u00e9duction significative du co\u00fbt n\u00e9cessaire au maintien d\u2019une comp\u00e9titivit\u00e9 des solutions d\u00e9velopp\u00e9es en Wallonie.<\/strong><\/p>\n            \t<\/div>\n            <\/div>\n        <\/div>\n                <div class=\"accordion-inner\">\n            <div class=\"accordion-bellow\">\n                <button class=\"accordion-bellow-toggle scheme-background-hover\" data-target=\"#accordion-content-668f7f1a79d57\">\n                    <span class=\"icon umons-icon-chevron-down\" aria-hidden=\"true\"><\/span> COLORAMAP (ERC)                <\/button>\n            <\/div>\n            <div id=\"accordion-content-668f7f1a79d57\" class=\"accordion-content\">\n            \t<div class=\"inner editor-front\">\n            \t\t<p>Les\u00a0<strong>techniques d\u2019approximation matricielle de rang faible (LRA)<\/strong>\u00a0telle que l\u2019analyse en composantes principales\u00a0 sont des\u00a0<strong>outils puissants pour la repr\u00e9sentation et l\u2019analyse de donn\u00e9es de grande taille<\/strong>, et sont utilis\u00e9s dans un grand nombres de domaines tels que l\u2019apprentissage automatique, le traitement du signal, l\u2019analyse de donn\u00e9es, et l\u2019optimisation.<\/p>\n<p>Sans contrainte et en utilisant les moindres carr\u00e9s, LRA peut \u00eatre r\u00e9solu via la d\u00e9composition en valeurs singuli\u00e8res. Cependant, en pratique, ce mod\u00e8le est\u00a0<strong>souvent inad\u00e9quat<\/strong>\u00a0principalement parce que certaines donn\u00e9es sont aberrantes ou manquantes ou que le bruit est non Gaussien, et les facteurs de la d\u00e9composition doivent satisfaire certaines contraintes li\u00e9es \u00e0 l\u2019application consid\u00e9r\u00e9e. Notre objectif est de lever ce verrou, en consid\u00e9rant quatre aspects diff\u00e9rents mais compl\u00e9mentaires:<\/p>\n<ul>\n<li>la complexit\u00e9 algorithmique,<\/li>\n<li>les algorithmes avec garantie de succ\u00e8s,<\/li>\n<li>les heuristiques, et<\/li>\n<li>les applications.<\/li>\n<\/ul>\n            \t<\/div>\n            <\/div>\n        <\/div>\n                <div class=\"accordion-inner\">\n            <div class=\"accordion-bellow\">\n                <button class=\"accordion-bellow-toggle scheme-background-hover\" data-target=\"#accordion-content-668f7f1a7a013\">\n                    <span class=\"icon umons-icon-chevron-down\" aria-hidden=\"true\"><\/span> ROAD-STEP (UE \/ ERC)                <\/button>\n            <\/div>\n            <div id=\"accordion-content-668f7f1a7a013\" class=\"accordion-content\">\n            \t<div class=\"inner editor-front\">\n            \t\t<p>L\u2019objectif de COLORAMAP est de mieux\u00a0<strong>comprendre et caract\u00e9riser les techniques de r\u00e9duction dimensionnelle lin\u00e9aire<\/strong>. Outre la compression, cette r\u00e9duction de dimension\u00a0<strong>permet d\u2019extraire automatiquement des informations pertinentes<\/strong>. Le d\u00e9veloppement de ces nouvelles techniques a des\u00a0<strong>applications dans divers domaines\u00a0<\/strong>(analyse de r\u00e9seaux sociaux, syst\u00e8mes de recommandation, s\u00e9paration automatique de fond sur vid\u00e9os, s\u00e9paration automatique de sources sonores, etc.).<\/p>\n            \t<\/div>\n            <\/div>\n        <\/div>\n                <div class=\"accordion-inner\">\n            <div class=\"accordion-bellow\">\n                <button class=\"accordion-bellow-toggle scheme-background-hover\" data-target=\"#accordion-content-668f7f1a7a14b\">\n                    <span class=\"icon umons-icon-chevron-down\" aria-hidden=\"true\"><\/span> FAB-IOT-LAB (UE RW \/ FEDER)                <\/button>\n            <\/div>\n            <div id=\"accordion-content-668f7f1a7a14b\" class=\"accordion-content\">\n            \t<div class=\"inner editor-front\">\n            \t\t<p>Le projet Fab-IoT-Lab a permis au\u00a0<strong>Fablab Mons\u00a0<\/strong>de se doter d\u2019un\u00a0<strong>axe sp\u00e9cifiquement d\u00e9di\u00e9 \u00e0 l\u2019internet des objets<\/strong>. Ce projet permet d\u2019offrir des services de\u00a0<strong>prototypage\u00a0<\/strong>rapide et propose aux entreprises de\u00a0<strong>tester\u00a0<\/strong>et\u00a0<strong>exp\u00e9rimenter\u00a0<\/strong>facilement des solutions IoT.<\/p>\n            \t<\/div>\n            <\/div>\n        <\/div>\n                <div class=\"accordion-inner\">\n            <div class=\"accordion-bellow\">\n                <button class=\"accordion-bellow-toggle scheme-background-hover\" data-target=\"#accordion-content-668f7f1a7a299\">\n                    <span class=\"icon umons-icon-chevron-down\" aria-hidden=\"true\"><\/span> TEDDI (FNRS)                <\/button>\n            <\/div>\n            <div id=\"accordion-content-668f7f1a7a299\" class=\"accordion-content\">\n            \t<div class=\"inner editor-front\">\n            \t\t<p>En exploitant les potentialit\u00e9s de l\u2019<strong>intelligence artifi\u00adcielle<\/strong>, et du\u00a0<strong>machine learning\u00a0<\/strong>en particulier, ce projet de recherche porte sur le\u00a0<strong>d\u00e9veloppement d\u2019outils permet\u00adtant d\u2019aider le clinicien dans le diagnostic de troubles mentaux chez l\u2019enfant sur base de donn\u00e9es c\u00e9r\u00e9brales<\/strong>.<\/p>\n            \t<\/div>\n            <\/div>\n        <\/div>\n                <div class=\"accordion-inner\">\n            <div class=\"accordion-bellow\">\n                <button class=\"accordion-bellow-toggle scheme-background-hover\" data-target=\"#accordion-content-668f7f1a7a3da\">\n                    <span class=\"icon umons-icon-chevron-down\" aria-hidden=\"true\"><\/span> CuDB (RW \/ First Spin-Off)                <\/button>\n            <\/div>\n            <div id=\"accordion-content-668f7f1a7a3da\" class=\"accordion-content\">\n            \t<div class=\"inner editor-front\">\n            \t\t<p>Le projet CuDB vise au d\u00e9veloppement d\u2019un\u00a0<strong>moteur de bases de donn\u00e9es innovant utilisant les processeurs graphiques<\/strong>, permettant un\u00a0<strong>traitement plus efficace et plus rapide des donn\u00e9es par requ\u00eates SQL<\/strong>.<\/p>\n            \t<\/div>\n            <\/div>\n        <\/div>\n                <div class=\"accordion-inner\">\n            <div class=\"accordion-bellow\">\n                <button class=\"accordion-bellow-toggle scheme-background-hover\" data-target=\"#accordion-content-668f7f1a7a515\">\n                    <span class=\"icon umons-icon-chevron-down\" aria-hidden=\"true\"><\/span> RGPU (RW \/ First Spin-Off)                <\/button>\n            <\/div>\n            <div id=\"accordion-content-668f7f1a7a515\" class=\"accordion-content\">\n            \t<div class=\"inner editor-front\">\n            \t\t<p>L\u2019objectif de ce projet est de\u00a0<strong>d\u00e9velopper un logiciel, appel\u00e9 rGPU\u00a0<\/strong>(Remote GPU), permettant \u00e0 une entreprise ou un cloud de\u00a0<strong>rendre le partage d\u2019un GPU aussi pratique qu\u2019un GPU d\u2019une station de travail<\/strong>, tout en r\u00e9duisant son co\u00fbt d\u2019utilisation.<\/p>\n            \t<\/div>\n            <\/div>\n        <\/div>\n            <\/div>\n<end-cask-shortcode-wrapper>\n","protected":false},"excerpt":{"rendered":"<p>L\u2019Institut d\u00e9veloppe ses activit\u00e9s essentiellement au travers de projets de recherche collaboratifs. Ces projets de recherches : Se basent sur l\u2019interdisciplinarit\u00e9 Privil\u00e9gient la recherche collaborative et le co-d\u00e9veloppement S\u2019articulent sur une logique partenariale avec tous les acteurs de la soci\u00e9t\u00e9 (industries, services, centres de recherche, collectivit\u00e9s territoriales, institutions gouvernementales, etc.) Tissent des partenariats \u00e0 l\u2019\u00e9chelle [&hellip;]<\/p>\n","protected":false},"author":2,"featured_media":0,"parent":0,"menu_order":2,"comment_status":"closed","ping_status":"closed","template":"","meta":{"footnotes":""},"class_list":["post-34","page","type-page","status-publish","hentry"],"yoast_head":"<!-- This site is optimized with the Yoast SEO plugin v27.2 - https:\/\/yoast.com\/product\/yoast-seo-wordpress\/ -->\n<title>Projets phares - Institut \/ Infortech<\/title>\n<meta name=\"robots\" content=\"index, follow, max-snippet:-1, max-image-preview:large, max-video-preview:-1\" \/>\n<link rel=\"canonical\" href=\"https:\/\/web.umons.ac.be\/infortech\/fr\/projets-phare\/\" \/>\n<meta property=\"og:locale\" content=\"fr_FR\" \/>\n<meta property=\"og:type\" content=\"article\" \/>\n<meta property=\"og:title\" content=\"Projets phares - Institut \/ Infortech\" \/>\n<meta property=\"og:description\" content=\"L\u2019Institut d\u00e9veloppe ses activit\u00e9s essentiellement au travers de projets de recherche collaboratifs. Ces projets de recherches : Se basent sur l\u2019interdisciplinarit\u00e9 Privil\u00e9gient la recherche collaborative et le co-d\u00e9veloppement S\u2019articulent sur une logique partenariale avec tous les acteurs de la soci\u00e9t\u00e9 (industries, services, centres de recherche, collectivit\u00e9s territoriales, institutions gouvernementales, etc.) Tissent des partenariats \u00e0 l\u2019\u00e9chelle [&hellip;]\" \/>\n<meta property=\"og:url\" content=\"https:\/\/web.umons.ac.be\/infortech\/fr\/projets-phare\/\" \/>\n<meta property=\"og:site_name\" content=\"Institut \/ Infortech\" \/>\n<meta property=\"article:modified_time\" content=\"2021-10-06T08:37:55+00:00\" \/>\n<meta name=\"twitter:card\" content=\"summary_large_image\" \/>\n<meta name=\"twitter:label1\" content=\"Dur\u00e9e de lecture estim\u00e9e\" \/>\n\t<meta name=\"twitter:data1\" content=\"1 minute\" \/>\n<script type=\"application\/ld+json\" class=\"yoast-schema-graph\">{\"@context\":\"https:\/\/schema.org\",\"@graph\":[{\"@type\":\"WebPage\",\"@id\":\"https:\/\/web.umons.ac.be\/infortech\/fr\/projets-phare\/\",\"url\":\"https:\/\/web.umons.ac.be\/infortech\/fr\/projets-phare\/\",\"name\":\"Projets phares - Institut \/ Infortech\",\"isPartOf\":{\"@id\":\"https:\/\/web.umons.ac.be\/infortech\/#website\"},\"datePublished\":\"2017-07-18T09:30:07+00:00\",\"dateModified\":\"2021-10-06T08:37:55+00:00\",\"breadcrumb\":{\"@id\":\"https:\/\/web.umons.ac.be\/infortech\/fr\/projets-phare\/#breadcrumb\"},\"inLanguage\":\"fr-FR\",\"potentialAction\":[{\"@type\":\"ReadAction\",\"target\":[\"https:\/\/web.umons.ac.be\/infortech\/fr\/projets-phare\/\"]}]},{\"@type\":\"BreadcrumbList\",\"@id\":\"https:\/\/web.umons.ac.be\/infortech\/fr\/projets-phare\/#breadcrumb\",\"itemListElement\":[{\"@type\":\"ListItem\",\"position\":1,\"name\":\"Accueil\",\"item\":\"https:\/\/web.umons.ac.be\/infortech\/fr\/\"},{\"@type\":\"ListItem\",\"position\":2,\"name\":\"Projets phares\"}]},{\"@type\":\"WebSite\",\"@id\":\"https:\/\/web.umons.ac.be\/infortech\/#website\",\"url\":\"https:\/\/web.umons.ac.be\/infortech\/\",\"name\":\"Institut \/ Infortech\",\"description\":\"Un site utilisant Universit\u00e9 de Mons \u2013 UMONS\",\"potentialAction\":[{\"@type\":\"SearchAction\",\"target\":{\"@type\":\"EntryPoint\",\"urlTemplate\":\"https:\/\/web.umons.ac.be\/infortech\/?s={search_term_string}\"},\"query-input\":{\"@type\":\"PropertyValueSpecification\",\"valueRequired\":true,\"valueName\":\"search_term_string\"}}],\"inLanguage\":\"fr-FR\"}]}<\/script>\n<!-- \/ Yoast SEO plugin. -->","yoast_head_json":{"title":"Projets phares - Institut \/ Infortech","robots":{"index":"index","follow":"follow","max-snippet":"max-snippet:-1","max-image-preview":"max-image-preview:large","max-video-preview":"max-video-preview:-1"},"canonical":"https:\/\/web.umons.ac.be\/infortech\/fr\/projets-phare\/","og_locale":"fr_FR","og_type":"article","og_title":"Projets phares - Institut \/ Infortech","og_description":"L\u2019Institut d\u00e9veloppe ses activit\u00e9s essentiellement au travers de projets de recherche collaboratifs. Ces projets de recherches : Se basent sur l\u2019interdisciplinarit\u00e9 Privil\u00e9gient la recherche collaborative et le co-d\u00e9veloppement S\u2019articulent sur une logique partenariale avec tous les acteurs de la soci\u00e9t\u00e9 (industries, services, centres de recherche, collectivit\u00e9s territoriales, institutions gouvernementales, etc.) Tissent des partenariats \u00e0 l\u2019\u00e9chelle [&hellip;]","og_url":"https:\/\/web.umons.ac.be\/infortech\/fr\/projets-phare\/","og_site_name":"Institut \/ Infortech","article_modified_time":"2021-10-06T08:37:55+00:00","twitter_card":"summary_large_image","twitter_misc":{"Dur\u00e9e de lecture estim\u00e9e":"1 minute"},"schema":{"@context":"https:\/\/schema.org","@graph":[{"@type":"WebPage","@id":"https:\/\/web.umons.ac.be\/infortech\/fr\/projets-phare\/","url":"https:\/\/web.umons.ac.be\/infortech\/fr\/projets-phare\/","name":"Projets phares - Institut \/ Infortech","isPartOf":{"@id":"https:\/\/web.umons.ac.be\/infortech\/#website"},"datePublished":"2017-07-18T09:30:07+00:00","dateModified":"2021-10-06T08:37:55+00:00","breadcrumb":{"@id":"https:\/\/web.umons.ac.be\/infortech\/fr\/projets-phare\/#breadcrumb"},"inLanguage":"fr-FR","potentialAction":[{"@type":"ReadAction","target":["https:\/\/web.umons.ac.be\/infortech\/fr\/projets-phare\/"]}]},{"@type":"BreadcrumbList","@id":"https:\/\/web.umons.ac.be\/infortech\/fr\/projets-phare\/#breadcrumb","itemListElement":[{"@type":"ListItem","position":1,"name":"Accueil","item":"https:\/\/web.umons.ac.be\/infortech\/fr\/"},{"@type":"ListItem","position":2,"name":"Projets phares"}]},{"@type":"WebSite","@id":"https:\/\/web.umons.ac.be\/infortech\/#website","url":"https:\/\/web.umons.ac.be\/infortech\/","name":"Institut \/ Infortech","description":"Un site utilisant Universit\u00e9 de Mons \u2013 UMONS","potentialAction":[{"@type":"SearchAction","target":{"@type":"EntryPoint","urlTemplate":"https:\/\/web.umons.ac.be\/infortech\/?s={search_term_string}"},"query-input":{"@type":"PropertyValueSpecification","valueRequired":true,"valueName":"search_term_string"}}],"inLanguage":"fr-FR"}]}},"lang":"fr","translations":{"fr":34,"en":110},"pll_sync_post":[],"_links":{"self":[{"href":"https:\/\/web.umons.ac.be\/infortech\/wp-json\/wp\/v2\/pages\/34","targetHints":{"allow":["GET"]}}],"collection":[{"href":"https:\/\/web.umons.ac.be\/infortech\/wp-json\/wp\/v2\/pages"}],"about":[{"href":"https:\/\/web.umons.ac.be\/infortech\/wp-json\/wp\/v2\/types\/page"}],"author":[{"embeddable":true,"href":"https:\/\/web.umons.ac.be\/infortech\/wp-json\/wp\/v2\/users\/2"}],"replies":[{"embeddable":true,"href":"https:\/\/web.umons.ac.be\/infortech\/wp-json\/wp\/v2\/comments?post=34"}],"version-history":[{"count":4,"href":"https:\/\/web.umons.ac.be\/infortech\/wp-json\/wp\/v2\/pages\/34\/revisions"}],"predecessor-version":[{"id":387,"href":"https:\/\/web.umons.ac.be\/infortech\/wp-json\/wp\/v2\/pages\/34\/revisions\/387"}],"wp:attachment":[{"href":"https:\/\/web.umons.ac.be\/infortech\/wp-json\/wp\/v2\/media?parent=34"}],"curies":[{"name":"wp","href":"https:\/\/api.w.org\/{rel}","templated":true}]}}