{"id":13,"date":"2021-10-28T14:30:21","date_gmt":"2021-10-28T12:30:21","guid":{"rendered":"https:\/\/web.umons.ac.be\/isia\/teaching-activities\/"},"modified":"2024-05-07T14:15:19","modified_gmt":"2024-05-07T12:15:19","slug":"teaching-activities","status":"publish","type":"page","link":"https:\/\/web.umons.ac.be\/isia\/en\/teaching-activities\/","title":{"rendered":"Teaching activities"},"content":{"rendered":"<h2>Lectures<\/h2>\n<start-cask-shortcode-wrapper>    <div class=\"accordion content-block scheme-fpms\">\n                <div class=\"accordion-inner\">\n            <div class=\"accordion-bellow\">\n                <button class=\"accordion-bellow-toggle scheme-background-hover\" data-target=\"#accordion-content-662a60502c546\">\n                    <span class=\"icon umons-icon-chevron-down\" aria-hidden=\"true\"><\/span> Information                <\/button>\n            <\/div>\n            <div id=\"accordion-content-662a60502c546\" class=\"accordion-content\">\n            \t<div class=\"inner editor-front\">\n            \t\t<h1>I-ISIA-005 &#8211; Computer Vision and Artificial Intelligence<\/h1>\n<h2><strong>Activity content<\/strong><\/h2>\n<p>Image processing, image acquisition.<br \/>\nLow-level processing, filtering, transformations.<br \/>\nImage segmentation and registration.<br \/>\nImage coding and neural network learning.<\/p>\n<hr \/>\n<h2>Professor* and lecturers<\/h2>\n<ul>\n<li><a href=\"mailto:Bernard.Gosselin@umons.ac.be\">Prof. Bernard Gosselin<\/a>*<\/li>\n<li>Dr. Matei Mancas<\/li>\n<\/ul>\n<hr \/>\n<h1>I-ISIA-021 &#8211; Introduction to Digital Intelligence<\/h1>\n<h2><strong>Activity content<\/strong><\/h2>\n<p>Digital information coding<br \/>\nInformation analysis (clustering, principal componenent analysis)<br \/>\nClassification (Bayes theory, Gaussian Mixture Models)<br \/>\nDynamic systems (dynamic time warping, Hidden Markov Models)<br \/>\nIntroduction to Artificial Neural Networks and Deep Learning<\/p>\n<hr \/>\n<h2>Professor* and lecturers<\/h2>\n<ul>\n<li><a href=\"mailto:Bernard.GOSSELIN@umons.ac.be\">Prof. Bernard Gosselin<\/a>*<\/li>\n<li>Antoine Maiorca<\/li>\n<\/ul>\n<hr \/>\n<h1>I-ISIA-104 &#8211; Audio Processing<\/h1>\n<h2><strong>Activity content<\/strong><\/h2>\n<h3>Speech processing<\/h3>\n<ul>\n<li>Speech analysis and coding<\/li>\n<li>Speech synthesis<\/li>\n<li>Speech Recognition<\/li>\n<\/ul>\n<h3>Audio processing<\/h3>\n<ul>\n<li>MP3<\/li>\n<li>Audio signal analysis<\/li>\n<li>Music signal analysis<\/li>\n<li>Music identification<\/li>\n<li>Deep learning methods for audio signals<\/li>\n<\/ul>\n<hr \/>\n<h2>Professor* and lecturers<\/h2>\n<ul>\n<li><a href=\"mailto:Thierry.Dutoit@umons.ac.be\">Prof. Thierry Dutoit<\/a>*<\/li>\n<li>Dr. Lo\u00efc Reboursi\u00e8re<\/li>\n<\/ul>\n<hr \/>\n<h1>I-ISIA-106 &#8211; Visual Processing and Smart Spaces<\/h1>\n<h2><strong>Activity content<\/strong><\/h2>\n<p>Image understanding and video processing Smart Spaces: Attention Analysis, Motion Capture, Interractions<br \/>\n<em>Teaching modalities may be adjusted according to the teaching context imposed by health measures.<\/em><\/p>\n<hr \/>\n<h2>Professor* and lecturers<\/h2>\n<ul>\n<li><a href=\"mailto:Bernard.Gosselin@umons.ac.be\">Prof. Bernard Gosselin<\/a>*<\/li>\n<li>Dr. Sohaib Laraba<\/li>\n<li>Dr. Matei Mancas<\/li>\n<\/ul>\n            \t<\/div>\n            <\/div>\n        <\/div>\n                <div class=\"accordion-inner\">\n            <div class=\"accordion-bellow\">\n                <button class=\"accordion-bellow-toggle scheme-background-hover\" data-target=\"#accordion-content-662a60503488e\">\n                    <span class=\"icon umons-icon-chevron-down\" aria-hidden=\"true\"><\/span> Signals                <\/button>\n            <\/div>\n            <div id=\"accordion-content-662a60503488e\" class=\"accordion-content\">\n            \t<div class=\"inner editor-front\">\n            \t\t<h1>I-ISIA-013 &#8211; Medical Image Processing<\/h1>\n<h2><strong>Activity content<\/strong><\/h2>\n<p>Image processing (low-level processing, image understanding).<br \/>\nMedical image analysis (image acquisition, modalities &amp; features)<\/p>\n<hr \/>\n<h2>Professor* and lecturers<\/h2>\n<ul>\n<li><a href=\"mailto:Bernard.Gosselin@umons.ac.be\">Prof. Bernard Gosselin<\/a>*<\/li>\n<li>Dr. Matei Mancas<\/li>\n<\/ul>\n<hr \/>\n<h1>I-ISIA-030 &#8211; Signal Processing<\/h1>\n<h2><strong>Activity content<\/strong><\/h2>\n<p>Linear time-invariant digital systems.<br \/>\nFrequency analysis of digital signals and systems.<br \/>\nShannon theorem and sampling theory; discrete (and Fast) Fourier Transform; digital filters (including elements of digital filter synthesis) and simple digital system in Python.<\/p>\n<hr \/>\n<h2>Professor* and lecturers<\/h2>\n<ul>\n<li><a href=\"mailto:Thierry.Dutoit@umons.ac.be\">Prof. Thierry Dutoit<\/a>*<\/li>\n<li>Dr. Nathan Hubens<\/li>\n<li>Dr. Luca La Fisca<\/li>\n<li>Hugo Bohy<\/li>\n<li>Antoine Maiorca<\/li>\n<\/ul>\n<hr \/>\n<h1>I-ISIA-107 &#8211; Biomedical Signal Processing<\/h1>\n<h2><strong>Activity content<\/strong><\/h2>\n<p>Biomedical signals (origins, bioelectrical phenomena, acquisition and sensors, amplifiers, filters).<br \/>\nBiomedical signal processing techniques (filtering and artefact elimination, event detection, feature extraction).<br \/>\nIntroduction to brain signals; BIOPAC tools, Python, Labview.<\/p>\n<hr \/>\n<h2>ISIA Professor<\/h2>\n<ul>\n<li><a href=\"mailto:Thierry.Dutoit@umons.ac.be\">Prof. Thierry Dutoit<\/a><\/li>\n<\/ul>\n<hr \/>\n<h1>I-ISIA-201 &#8211; Artificial Intelligence Seminar<\/h1>\n<h2><strong>Activity content<\/strong><\/h2>\n<p>12 hours of seminars that will enable students to see AI in action in a variety of fields.<\/p>\n<hr \/>\n<h2>ISIA Professor<\/h2>\n<ul>\n<li><a href=\"mailto:Thierry.Dutoit@umons.ac.be\">Prof. Thierry Dutoit<\/a><\/li>\n<\/ul>\n            \t<\/div>\n            <\/div>\n        <\/div>\n                <div class=\"accordion-inner\">\n            <div class=\"accordion-bellow\">\n                <button class=\"accordion-bellow-toggle scheme-background-hover\" data-target=\"#accordion-content-662a6050349fa\">\n                    <span class=\"icon umons-icon-chevron-down\" aria-hidden=\"true\"><\/span> Circuits and Systems                <\/button>\n            <\/div>\n            <div id=\"accordion-content-662a6050349fa\" class=\"accordion-content\">\n            \t<div class=\"inner editor-front\">\n            \t\t<h1>I-ISIA-001 &#8211; Circuit Theory<\/h1>\n<h2><strong>Activity content<\/strong><\/h2>\n<p>Kirchhoff model, elements and real circuits, Mesh method and Node method.<br \/>\nEquivalent circuits, time analysis of linear circuits, frequency analysis and quadripole theory.<br \/>\nSpecification, approximation and synthesis of active filters and practical application in Python for the analysis of analogue circuits.<\/p>\n<hr \/>\n<h2>Professor* and lecturers<\/h2>\n<ul>\n<li><a href=\"mailto:Thierry.Dutoit@umons.ac.be\">Prof. Thierry Dutoit<\/a>*<\/li>\n<li>Hugo Bohy<\/li>\n<li>Antoine Maiorca<\/li>\n<li>Vincent Stragier<\/li>\n<\/ul>\n<hr \/>\n<h1>I-ISIA-020 &#8211; Syst\u00e8mes logiques<\/h1>\n<h2><strong>Activity content<\/strong><\/h2>\n<p>Generalities including BOOLE algebra; simplification methods;<br \/>\nBasic components;<br \/>\nAnalysis and synthesis (combinatorial, synchronous and asynchronous sequential systems);<br \/>\nGrafcet.<br \/>\nCoding and protection of information for transmission (protective codes and error detectors).<\/p>\n<hr \/>\n<h2>Professor* and lecturers<\/h2>\n<ul>\n<li><a href=\"mailto:Bernard.Gosselin@umons.ac.be\">Prof. Bernard Gosselin<\/a>*<\/li>\n<li>Antoine Maiorca<\/li>\n<\/ul>\n<hr \/>\n<h1>I-ISIA-100 &#8211; Syst\u00e8mes \u00e0 \u00e9v\u00e9nements discrets<\/h1>\n<h2><strong>Activity content<\/strong><\/h2>\n<p>Temporal and discrete event systems, examples of discrete event systems (DES): automated manufacturing, traffic, queues.<br \/>\nDES models, basic concepts in discrete-event simulation, Monte-Carlo simulation, input modelling and output analysis, model construction and applications, study of alternative system configurations.<br \/>\nBasic concepts of multi-agent models (ABM).<br \/>\nGrafcet and process design.<\/p>\n<hr \/>\n<h2>ISIA Professor<\/h2>\n<ul>\n<li><a href=\"mailto:Bernard.GOSSELIN@umons.ac.be\">Prof. Bernard Gosselin<\/a><\/li>\n<\/ul>\n<hr \/>\n<p>&nbsp;<\/p>\n            \t<\/div>\n            <\/div>\n        <\/div>\n            <\/div>\n<end-cask-shortcode-wrapper>\n<h2>CR\u00c9ACTIFS<\/h2>\n<p>\u2018<strong>Cr\u00e9actifs!<\/strong>&lsquo; is a series of workshops aimed at the general public, creative people and higher education students* who want to discover creative technologies. The programme includes 7 workshops: <strong>Artificial Intelligence &#8211; Arduino (electronics) &#8211; Android (Flutter) &#8211; FabLab and the Internet of Things &#8211; Raspberry pi &#8211; Robotics workshop<\/strong>.<\/p>\n<p><img loading=\"lazy\" decoding=\"async\" class=\"alignnone size-large wp-image-1879\" src=\"https:\/\/web.umons.ac.be\/app\/uploads\/sites\/58\/2024\/05\/Creactifs2023-1024x381.png\" alt=\"\" width=\"1024\" height=\"381\" srcset=\"https:\/\/web.umons.ac.be\/app\/uploads\/sites\/58\/2024\/05\/Creactifs2023-1024x381.png 1024w, https:\/\/web.umons.ac.be\/app\/uploads\/sites\/58\/2024\/05\/Creactifs2023-300x111.png 300w, https:\/\/web.umons.ac.be\/app\/uploads\/sites\/58\/2024\/05\/Creactifs2023-768x285.png 768w, https:\/\/web.umons.ac.be\/app\/uploads\/sites\/58\/2024\/05\/Creactifs2023-1536x571.png 1536w, https:\/\/web.umons.ac.be\/app\/uploads\/sites\/58\/2024\/05\/Creactifs2023-1600x595.png 1600w, https:\/\/web.umons.ac.be\/app\/uploads\/sites\/58\/2024\/05\/Creactifs2023-30x11.png 30w, https:\/\/web.umons.ac.be\/app\/uploads\/sites\/58\/2024\/05\/Creactifs2023-60x22.png 60w, https:\/\/web.umons.ac.be\/app\/uploads\/sites\/58\/2024\/05\/Creactifs2023-360x134.png 360w, https:\/\/web.umons.ac.be\/app\/uploads\/sites\/58\/2024\/05\/Creactifs2023.png 2048w\" sizes=\"auto, (max-width: 1024px) 100vw, 1024px\" \/><\/p>\n<p>More information on the dedicated page:<a href=\"https:\/\/le-click.be\/creactifs\/\"> https:\/\/le-click.be\/creactifs\/<\/a><\/p>\n<h2>Hands on AI<\/h2>\n<p>Artificial Intelligence (AI), and in particular its Machine Learning (ML) and Deep Neural Nets (DNN) components, is enjoying considerable popularity and success in a wide range of applications. These include aeronautics, transport, healthcare, finance and IT.<\/p>\n<p>After initiating the Mons AI Meetups in 2017, various teaching and research departments of the Faculty of Engineering and the Faculty of Science, supported by the UMONS Numediart and InforTech research institutes, are offering a University Certificate in Artificial Intelligence (Hands on AI) consisting of a 5-credit evening teaching module and a 5-credit weekend workshop module.<\/p>\n<p><img loading=\"lazy\" decoding=\"async\" class=\"alignnone size-large wp-image-1880\" src=\"https:\/\/web.umons.ac.be\/app\/uploads\/sites\/58\/2024\/05\/handsonAI-1-1024x296.jpg\" alt=\"\" width=\"1024\" height=\"296\" srcset=\"https:\/\/web.umons.ac.be\/app\/uploads\/sites\/58\/2024\/05\/handsonAI-1-1024x296.jpg 1024w, https:\/\/web.umons.ac.be\/app\/uploads\/sites\/58\/2024\/05\/handsonAI-1-300x87.jpg 300w, https:\/\/web.umons.ac.be\/app\/uploads\/sites\/58\/2024\/05\/handsonAI-1-768x222.jpg 768w, https:\/\/web.umons.ac.be\/app\/uploads\/sites\/58\/2024\/05\/handsonAI-1-30x9.jpg 30w, https:\/\/web.umons.ac.be\/app\/uploads\/sites\/58\/2024\/05\/handsonAI-1-60x17.jpg 60w, https:\/\/web.umons.ac.be\/app\/uploads\/sites\/58\/2024\/05\/handsonAI-1-360x104.jpg 360w, https:\/\/web.umons.ac.be\/app\/uploads\/sites\/58\/2024\/05\/handsonAI-1.jpg 1046w\" sizes=\"auto, (max-width: 1024px) 100vw, 1024px\" \/><\/p>\n<p>More information on the dedicated page: <a href=\"https:\/\/web.umons.ac.be\/fpms\/en\/training-offer\/cu-inarti\/\">https:\/\/web.umons.ac.be\/fpms\/en\/training-offer\/cu-inarti\/<\/a><\/p>\n<h2>Culture &amp; Technology Conferences (CUTE)<\/h2>\n<p>CUTE is a series of conferences on culture and technology, organised by the Numediart research institute at the University of Mons.<\/p>\n<p><img loading=\"lazy\" decoding=\"async\" class=\"alignnone size-full wp-image-912\" src=\"https:\/\/web.umons.ac.be\/app\/uploads\/sites\/58\/2022\/04\/cute.png\" alt=\"\" width=\"639\" height=\"396\" srcset=\"https:\/\/web.umons.ac.be\/app\/uploads\/sites\/58\/2022\/04\/cute.png 639w, https:\/\/web.umons.ac.be\/app\/uploads\/sites\/58\/2022\/04\/cute-300x186.png 300w, https:\/\/web.umons.ac.be\/app\/uploads\/sites\/58\/2022\/04\/cute-30x19.png 30w, https:\/\/web.umons.ac.be\/app\/uploads\/sites\/58\/2022\/04\/cute-60x37.png 60w, https:\/\/web.umons.ac.be\/app\/uploads\/sites\/58\/2022\/04\/cute-360x223.png 360w, https:\/\/web.umons.ac.be\/app\/uploads\/sites\/58\/2022\/04\/cute-460x286.png 460w\" sizes=\"auto, (max-width: 639px) 100vw, 639px\" \/><\/p>\n","protected":false},"excerpt":{"rendered":"<p>Lectures CR\u00c9ACTIFS \u2018Cr\u00e9actifs!&lsquo; is a series of workshops aimed at the general public, creative people and higher education students* who want to discover creative technologies. The programme includes 7 workshops: Artificial Intelligence &#8211; Arduino (electronics) &#8211; Android (Flutter) &#8211; FabLab and the Internet of Things &#8211; Raspberry pi &#8211; Robotics workshop. More information on the [&hellip;]<\/p>\n","protected":false},"author":2,"featured_media":1127,"parent":0,"menu_order":0,"comment_status":"closed","ping_status":"closed","template":"","meta":{"footnotes":""},"class_list":["post-13","page","type-page","status-publish","has-post-thumbnail","hentry"],"yoast_head":"<!-- This site is optimized with the Yoast SEO plugin v27.2 - https:\/\/yoast.com\/product\/yoast-seo-wordpress\/ -->\n<title>Teaching activities - Service \/ FPMS - Information, Signal, et Intelligence Artificielle<\/title>\n<meta name=\"description\" content=\"ISIA Lab teaching activities, courses, workshops, seminars\" \/>\n<meta name=\"robots\" content=\"index, follow, max-snippet:-1, max-image-preview:large, max-video-preview:-1\" \/>\n<link rel=\"canonical\" href=\"https:\/\/web.umons.ac.be\/isia\/en\/teaching-activities\/\" \/>\n<meta property=\"og:locale\" content=\"fr_FR\" \/>\n<meta property=\"og:type\" content=\"article\" \/>\n<meta property=\"og:title\" content=\"ISIA Lab teaching activities\" \/>\n<meta property=\"og:description\" content=\"ISIA Lab teaching activities, courses, workshops, seminars\" \/>\n<meta property=\"og:url\" content=\"https:\/\/web.umons.ac.be\/isia\/en\/teaching-activities\/\" \/>\n<meta property=\"og:site_name\" content=\"Service \/ FPMS - Information, Signal, et Intelligence Artificielle\" \/>\n<meta property=\"article:modified_time\" content=\"2024-05-07T12:15:19+00:00\" \/>\n<meta property=\"og:image\" content=\"https:\/\/web.umons.ac.be\/app\/uploads\/sites\/58\/2022\/07\/TD-3.png\" \/>\n\t<meta property=\"og:image:width\" content=\"816\" \/>\n\t<meta property=\"og:image:height\" content=\"378\" \/>\n\t<meta property=\"og:image:type\" content=\"image\/png\" \/>\n<meta name=\"twitter:card\" content=\"summary_large_image\" \/>\n<meta name=\"twitter:title\" content=\"ISIA Lab teaching activities\" \/>\n<meta name=\"twitter:description\" content=\"ISIA Lab teaching activities, courses, workshops, seminars\" \/>\n<meta name=\"twitter:label1\" content=\"Dur\u00e9e de lecture estim\u00e9e\" \/>\n\t<meta name=\"twitter:data1\" content=\"2 minutes\" \/>\n<script type=\"application\/ld+json\" class=\"yoast-schema-graph\">{\"@context\":\"https:\/\/schema.org\",\"@graph\":[{\"@type\":\"WebPage\",\"@id\":\"https:\/\/web.umons.ac.be\/isia\/en\/teaching-activities\/\",\"url\":\"https:\/\/web.umons.ac.be\/isia\/en\/teaching-activities\/\",\"name\":\"Teaching activities - Service \/ FPMS - Information, Signal, et Intelligence Artificielle\",\"isPartOf\":{\"@id\":\"https:\/\/web.umons.ac.be\/isia\/#website\"},\"primaryImageOfPage\":{\"@id\":\"https:\/\/web.umons.ac.be\/isia\/en\/teaching-activities\/#primaryimage\"},\"image\":{\"@id\":\"https:\/\/web.umons.ac.be\/isia\/en\/teaching-activities\/#primaryimage\"},\"thumbnailUrl\":\"https:\/\/web.umons.ac.be\/app\/uploads\/sites\/58\/2022\/07\/TD-3.png\",\"datePublished\":\"2021-10-28T12:30:21+00:00\",\"dateModified\":\"2024-05-07T12:15:19+00:00\",\"description\":\"ISIA Lab teaching activities, courses, workshops, seminars\",\"breadcrumb\":{\"@id\":\"https:\/\/web.umons.ac.be\/isia\/en\/teaching-activities\/#breadcrumb\"},\"inLanguage\":\"fr-FR\",\"potentialAction\":[{\"@type\":\"ReadAction\",\"target\":[\"https:\/\/web.umons.ac.be\/isia\/en\/teaching-activities\/\"]}]},{\"@type\":\"ImageObject\",\"inLanguage\":\"fr-FR\",\"@id\":\"https:\/\/web.umons.ac.be\/isia\/en\/teaching-activities\/#primaryimage\",\"url\":\"https:\/\/web.umons.ac.be\/app\/uploads\/sites\/58\/2022\/07\/TD-3.png\",\"contentUrl\":\"https:\/\/web.umons.ac.be\/app\/uploads\/sites\/58\/2022\/07\/TD-3.png\",\"width\":816,\"height\":378},{\"@type\":\"BreadcrumbList\",\"@id\":\"https:\/\/web.umons.ac.be\/isia\/en\/teaching-activities\/#breadcrumb\",\"itemListElement\":[{\"@type\":\"ListItem\",\"position\":1,\"name\":\"Home\",\"item\":\"https:\/\/web.umons.ac.be\/isia\/en\/home\/\"},{\"@type\":\"ListItem\",\"position\":2,\"name\":\"Teaching activities\"}]},{\"@type\":\"WebSite\",\"@id\":\"https:\/\/web.umons.ac.be\/isia\/#website\",\"url\":\"https:\/\/web.umons.ac.be\/isia\/\",\"name\":\"Service \/ FPMS - Information, Signal, et Intelligence Artificielle\",\"description\":\"\",\"potentialAction\":[{\"@type\":\"SearchAction\",\"target\":{\"@type\":\"EntryPoint\",\"urlTemplate\":\"https:\/\/web.umons.ac.be\/isia\/?s={search_term_string}\"},\"query-input\":{\"@type\":\"PropertyValueSpecification\",\"valueRequired\":true,\"valueName\":\"search_term_string\"}}],\"inLanguage\":\"fr-FR\"}]}<\/script>\n<!-- \/ Yoast SEO plugin. -->","yoast_head_json":{"title":"Teaching activities - Service \/ FPMS - Information, Signal, et Intelligence Artificielle","description":"ISIA Lab teaching activities, courses, workshops, seminars","robots":{"index":"index","follow":"follow","max-snippet":"max-snippet:-1","max-image-preview":"max-image-preview:large","max-video-preview":"max-video-preview:-1"},"canonical":"https:\/\/web.umons.ac.be\/isia\/en\/teaching-activities\/","og_locale":"fr_FR","og_type":"article","og_title":"ISIA Lab teaching activities","og_description":"ISIA Lab teaching activities, courses, workshops, seminars","og_url":"https:\/\/web.umons.ac.be\/isia\/en\/teaching-activities\/","og_site_name":"Service \/ FPMS - Information, Signal, et Intelligence Artificielle","article_modified_time":"2024-05-07T12:15:19+00:00","og_image":[{"width":816,"height":378,"url":"https:\/\/web.umons.ac.be\/app\/uploads\/sites\/58\/2022\/07\/TD-3.png","type":"image\/png"}],"twitter_card":"summary_large_image","twitter_title":"ISIA Lab teaching activities","twitter_description":"ISIA Lab teaching activities, courses, workshops, seminars","twitter_misc":{"Dur\u00e9e de lecture estim\u00e9e":"2 minutes"},"schema":{"@context":"https:\/\/schema.org","@graph":[{"@type":"WebPage","@id":"https:\/\/web.umons.ac.be\/isia\/en\/teaching-activities\/","url":"https:\/\/web.umons.ac.be\/isia\/en\/teaching-activities\/","name":"Teaching activities - Service \/ FPMS - Information, Signal, et Intelligence Artificielle","isPartOf":{"@id":"https:\/\/web.umons.ac.be\/isia\/#website"},"primaryImageOfPage":{"@id":"https:\/\/web.umons.ac.be\/isia\/en\/teaching-activities\/#primaryimage"},"image":{"@id":"https:\/\/web.umons.ac.be\/isia\/en\/teaching-activities\/#primaryimage"},"thumbnailUrl":"https:\/\/web.umons.ac.be\/app\/uploads\/sites\/58\/2022\/07\/TD-3.png","datePublished":"2021-10-28T12:30:21+00:00","dateModified":"2024-05-07T12:15:19+00:00","description":"ISIA Lab teaching activities, courses, workshops, seminars","breadcrumb":{"@id":"https:\/\/web.umons.ac.be\/isia\/en\/teaching-activities\/#breadcrumb"},"inLanguage":"fr-FR","potentialAction":[{"@type":"ReadAction","target":["https:\/\/web.umons.ac.be\/isia\/en\/teaching-activities\/"]}]},{"@type":"ImageObject","inLanguage":"fr-FR","@id":"https:\/\/web.umons.ac.be\/isia\/en\/teaching-activities\/#primaryimage","url":"https:\/\/web.umons.ac.be\/app\/uploads\/sites\/58\/2022\/07\/TD-3.png","contentUrl":"https:\/\/web.umons.ac.be\/app\/uploads\/sites\/58\/2022\/07\/TD-3.png","width":816,"height":378},{"@type":"BreadcrumbList","@id":"https:\/\/web.umons.ac.be\/isia\/en\/teaching-activities\/#breadcrumb","itemListElement":[{"@type":"ListItem","position":1,"name":"Home","item":"https:\/\/web.umons.ac.be\/isia\/en\/home\/"},{"@type":"ListItem","position":2,"name":"Teaching activities"}]},{"@type":"WebSite","@id":"https:\/\/web.umons.ac.be\/isia\/#website","url":"https:\/\/web.umons.ac.be\/isia\/","name":"Service \/ FPMS - Information, Signal, et Intelligence Artificielle","description":"","potentialAction":[{"@type":"SearchAction","target":{"@type":"EntryPoint","urlTemplate":"https:\/\/web.umons.ac.be\/isia\/?s={search_term_string}"},"query-input":{"@type":"PropertyValueSpecification","valueRequired":true,"valueName":"search_term_string"}}],"inLanguage":"fr-FR"}]}},"lang":"en","translations":{"en":13,"fr":11},"pll_sync_post":[],"_links":{"self":[{"href":"https:\/\/web.umons.ac.be\/isia\/wp-json\/wp\/v2\/pages\/13","targetHints":{"allow":["GET"]}}],"collection":[{"href":"https:\/\/web.umons.ac.be\/isia\/wp-json\/wp\/v2\/pages"}],"about":[{"href":"https:\/\/web.umons.ac.be\/isia\/wp-json\/wp\/v2\/types\/page"}],"author":[{"embeddable":true,"href":"https:\/\/web.umons.ac.be\/isia\/wp-json\/wp\/v2\/users\/2"}],"replies":[{"embeddable":true,"href":"https:\/\/web.umons.ac.be\/isia\/wp-json\/wp\/v2\/comments?post=13"}],"version-history":[{"count":4,"href":"https:\/\/web.umons.ac.be\/isia\/wp-json\/wp\/v2\/pages\/13\/revisions"}],"predecessor-version":[{"id":1881,"href":"https:\/\/web.umons.ac.be\/isia\/wp-json\/wp\/v2\/pages\/13\/revisions\/1881"}],"wp:featuredmedia":[{"embeddable":true,"href":"https:\/\/web.umons.ac.be\/isia\/wp-json\/wp\/v2\/media\/1127"}],"wp:attachment":[{"href":"https:\/\/web.umons.ac.be\/isia\/wp-json\/wp\/v2\/media?parent=13"}],"curies":[{"name":"wp","href":"https:\/\/api.w.org\/{rel}","templated":true}]}}