{"id":15,"date":"2021-10-28T14:30:21","date_gmt":"2021-10-28T12:30:21","guid":{"rendered":"https:\/\/web.umons.ac.be\/isia\/activites-de-recherche\/"},"modified":"2026-03-26T16:17:02","modified_gmt":"2026-03-26T15:17:02","slug":"activites-de-recherche","status":"publish","type":"page","link":"https:\/\/web.umons.ac.be\/isia\/activites-de-recherche\/","title":{"rendered":"Activit\u00e9s de recherche"},"content":{"rendered":"<table style=\"border-collapse: collapse; width: 100%;\">\n<tbody>\n<tr>\n<p>Le service ISIA comprend quatre groupes de recherches principaux, tous bas\u00e9s sur l&rsquo;analyse, la synth\u00e8se, la reconnaissance et la cartographie de signaux tels que la parole, la musique, l&rsquo;audio, les images, les vid\u00e9os, le regard, le visage, le corps et le langage, en utilisant l&rsquo;intelligence artificielle.\u00a0 L&rsquo;objectif est de mener une recherche comp\u00e9titive au niveau international et d&rsquo;int\u00e9grer ces avanc\u00e9es dans des solutions accessibles \u00e0 tous. Ces groupes soutiennent la r\u00e9alisation de projets et de th\u00e8ses de doctorat.<\/p>\n<ul>\n<li><a href=\"https:\/\/web.umons.ac.be\/isia\/activites-de-recherche\/projets\/\">Projets de Recherche<\/a><\/li>\n<li><a href=\"https:\/\/web.umons.ac.be\/isia\/activites-de-recherche\/theses-doctorat\/\">Th\u00e8ses de Doctorat<\/a><a href=\"https:\/\/web.umons.ac.be\/isia\/activites-de-recherche\/theses-doctorat\/\">\u00a0<\/a><\/li>\n<li><a href=\"https:\/\/web.umons.ac.be\/isia\/activites-de-recherche\/projets-pour-etudiants\/\">Projets pour \u00e9tudiants et stagiaires<\/a><\/li>\n<\/ul>\n<h2>Smart Agents<\/h2>\n<p><iframe loading=\"lazy\" src=\"https:\/\/docs.google.com\/presentation\/d\/e\/2PACX-1vSfPpaEM-LBxPPszbEehyqSPQ2zG-UxNWy9dg_4rwXGiAy8B-mwDIzc7eAeaA4fxQ\/pubembed?start=false&#038;loop=false&#038;delayms=3000\" frameborder=\"0\" width=\"950\" height=\"570\" allowfullscreen=\"true\" mozallowfullscreen=\"true\" webkitallowfullscreen=\"true\"><\/iframe><\/p>\n<p>&nbsp;<\/p>\n<h2>Immersive Worlds<\/h2>\n<p><iframe loading=\"lazy\" src=\"https:\/\/docs.google.com\/presentation\/d\/e\/2PACX-1vSvYLXnsnRO0mWO7TIpo8zQYkbuRu8xhzGntOKRYGe1qWi3RMEuN4xXH3gNiUuCDQ\/pubembed?start=false&#038;loop=false&#038;delayms=3000\" frameborder=\"0\" width=\"950\" height=\"570\" allowfullscreen=\"true\" mozallowfullscreen=\"true\" webkitallowfullscreen=\"true\"><\/iframe><\/p>\n<p>&nbsp;<\/p>\n<h2>Computational Health<\/h2>\n<p><iframe loading=\"lazy\" src=\"https:\/\/docs.google.com\/presentation\/d\/e\/2PACX-1vQgFg_TxP_a-KJKd8sBPCDxZfkRJLmAcuBGEEMa3dh6b6GZvvdiiwBqqD6xIoCrdw\/pubembed?start=false&#038;loop=false&#038;delayms=3000\" frameborder=\"0\" width=\"950\" height=\"570\" allowfullscreen=\"true\" mozallowfullscreen=\"true\" webkitallowfullscreen=\"true\"><\/iframe><\/p>\n<p>&nbsp;<\/p>\n<h2>HumAIn<\/h2>\n<p><iframe loading=\"lazy\" src=\"https:\/\/docs.google.com\/presentation\/d\/e\/2PACX-1vThd25YGYXlgJISlXu2-JXTHgGq6YyaIHa4vVnf38ZjD_F52XMMFkk4s92uO2E0Cg\/pubembed?start=false&#038;loop=false&#038;delayms=3000\" frameborder=\"0\" width=\"950\" height=\"570\" allowfullscreen=\"true\" mozallowfullscreen=\"true\" webkitallowfullscreen=\"true\"><\/iframe><\/p>\n<\/tr>\n<\/tbody>\n","protected":false},"excerpt":{"rendered":"<p>Le service ISIA comprend quatre groupes de recherches principaux, tous bas\u00e9s sur l&rsquo;analyse, la synth\u00e8se, la reconnaissance et la cartographie de signaux tels que la parole, la musique, l&rsquo;audio, les images, les vid\u00e9os, le regard, le visage, le corps et le langage, en utilisant l&rsquo;intelligence artificielle.\u00a0 L&rsquo;objectif est de mener une recherche comp\u00e9titive au niveau [&hellip;]<\/p>\n","protected":false},"author":2,"featured_media":47,"parent":0,"menu_order":0,"comment_status":"closed","ping_status":"closed","template":"","meta":{"footnotes":""},"class_list":["post-15","page","type-page","status-publish","has-post-thumbnail","hentry"],"yoast_head":"<!-- This site is optimized with the Yoast SEO plugin v27.2 - https:\/\/yoast.com\/product\/yoast-seo-wordpress\/ -->\n<title>Activit\u00e9s de recherche - Service \/ FPMS - Information, Signal, et Intelligence Artificielle<\/title>\n<meta name=\"robots\" content=\"index, follow, max-snippet:-1, max-image-preview:large, max-video-preview:-1\" \/>\n<link rel=\"canonical\" href=\"https:\/\/web.umons.ac.be\/isia\/activites-de-recherche\/\" \/>\n<meta property=\"og:locale\" content=\"fr_FR\" \/>\n<meta property=\"og:type\" content=\"article\" \/>\n<meta property=\"og:title\" content=\"Activit\u00e9s de recherche - Service \/ FPMS - Information, Signal, et Intelligence Artificielle\" \/>\n<meta property=\"og:description\" content=\"Le service ISIA comprend quatre groupes de recherches principaux, tous bas\u00e9s sur l&rsquo;analyse, la synth\u00e8se, la reconnaissance et la cartographie de signaux tels que la parole, la musique, l&rsquo;audio, les images, les vid\u00e9os, le regard, le visage, le corps et le langage, en utilisant l&rsquo;intelligence artificielle.\u00a0 L&rsquo;objectif est de mener une recherche comp\u00e9titive au niveau [&hellip;]\" \/>\n<meta property=\"og:url\" content=\"https:\/\/web.umons.ac.be\/isia\/activites-de-recherche\/\" \/>\n<meta property=\"og:site_name\" content=\"Service \/ FPMS - Information, Signal, et Intelligence Artificielle\" \/>\n<meta property=\"article:modified_time\" content=\"2026-03-26T15:17:02+00:00\" \/>\n<meta property=\"og:image\" content=\"https:\/\/web.umons.ac.be\/app\/uploads\/sites\/58\/2021\/10\/WallpaperF105_Thierry-DUTOIT.jpg\" \/>\n\t<meta property=\"og:image:width\" content=\"800\" \/>\n\t<meta property=\"og:image:height\" content=\"600\" \/>\n\t<meta property=\"og:image:type\" content=\"image\/jpeg\" \/>\n<meta name=\"twitter:card\" content=\"summary_large_image\" \/>\n<meta name=\"twitter:label1\" content=\"Dur\u00e9e de lecture estim\u00e9e\" \/>\n\t<meta name=\"twitter:data1\" content=\"1 minute\" \/>\n<script type=\"application\/ld+json\" class=\"yoast-schema-graph\">{\"@context\":\"https:\/\/schema.org\",\"@graph\":[{\"@type\":\"WebPage\",\"@id\":\"https:\/\/web.umons.ac.be\/isia\/activites-de-recherche\/\",\"url\":\"https:\/\/web.umons.ac.be\/isia\/activites-de-recherche\/\",\"name\":\"Activit\u00e9s de recherche - Service \/ FPMS - Information, Signal, et Intelligence Artificielle\",\"isPartOf\":{\"@id\":\"https:\/\/web.umons.ac.be\/isia\/#website\"},\"primaryImageOfPage\":{\"@id\":\"https:\/\/web.umons.ac.be\/isia\/activites-de-recherche\/#primaryimage\"},\"image\":{\"@id\":\"https:\/\/web.umons.ac.be\/isia\/activites-de-recherche\/#primaryimage\"},\"thumbnailUrl\":\"https:\/\/web.umons.ac.be\/app\/uploads\/sites\/58\/2021\/10\/WallpaperF105_Thierry-DUTOIT.jpg\",\"datePublished\":\"2021-10-28T12:30:21+00:00\",\"dateModified\":\"2026-03-26T15:17:02+00:00\",\"breadcrumb\":{\"@id\":\"https:\/\/web.umons.ac.be\/isia\/activites-de-recherche\/#breadcrumb\"},\"inLanguage\":\"fr-FR\",\"potentialAction\":[{\"@type\":\"ReadAction\",\"target\":[\"https:\/\/web.umons.ac.be\/isia\/activites-de-recherche\/\"]}]},{\"@type\":\"ImageObject\",\"inLanguage\":\"fr-FR\",\"@id\":\"https:\/\/web.umons.ac.be\/isia\/activites-de-recherche\/#primaryimage\",\"url\":\"https:\/\/web.umons.ac.be\/app\/uploads\/sites\/58\/2021\/10\/WallpaperF105_Thierry-DUTOIT.jpg\",\"contentUrl\":\"https:\/\/web.umons.ac.be\/app\/uploads\/sites\/58\/2021\/10\/WallpaperF105_Thierry-DUTOIT.jpg\",\"width\":800,\"height\":600},{\"@type\":\"BreadcrumbList\",\"@id\":\"https:\/\/web.umons.ac.be\/isia\/activites-de-recherche\/#breadcrumb\",\"itemListElement\":[{\"@type\":\"ListItem\",\"position\":1,\"name\":\"Home\",\"item\":\"https:\/\/web.umons.ac.be\/isia\/en\/home\/\"},{\"@type\":\"ListItem\",\"position\":2,\"name\":\"Activit\u00e9s de recherche\"}]},{\"@type\":\"WebSite\",\"@id\":\"https:\/\/web.umons.ac.be\/isia\/#website\",\"url\":\"https:\/\/web.umons.ac.be\/isia\/\",\"name\":\"Service \/ FPMS - Information, Signal, et Intelligence Artificielle\",\"description\":\"\",\"potentialAction\":[{\"@type\":\"SearchAction\",\"target\":{\"@type\":\"EntryPoint\",\"urlTemplate\":\"https:\/\/web.umons.ac.be\/isia\/?s={search_term_string}\"},\"query-input\":{\"@type\":\"PropertyValueSpecification\",\"valueRequired\":true,\"valueName\":\"search_term_string\"}}],\"inLanguage\":\"fr-FR\"}]}<\/script>\n<!-- \/ Yoast SEO plugin. -->","yoast_head_json":{"title":"Activit\u00e9s de recherche - Service \/ FPMS - Information, Signal, et Intelligence Artificielle","robots":{"index":"index","follow":"follow","max-snippet":"max-snippet:-1","max-image-preview":"max-image-preview:large","max-video-preview":"max-video-preview:-1"},"canonical":"https:\/\/web.umons.ac.be\/isia\/activites-de-recherche\/","og_locale":"fr_FR","og_type":"article","og_title":"Activit\u00e9s de recherche - Service \/ FPMS - Information, Signal, et Intelligence Artificielle","og_description":"Le service ISIA comprend quatre groupes de recherches principaux, tous bas\u00e9s sur l&rsquo;analyse, la synth\u00e8se, la reconnaissance et la cartographie de signaux tels que la parole, la musique, l&rsquo;audio, les images, les vid\u00e9os, le regard, le visage, le corps et le langage, en utilisant l&rsquo;intelligence artificielle.\u00a0 L&rsquo;objectif est de mener une recherche comp\u00e9titive au niveau [&hellip;]","og_url":"https:\/\/web.umons.ac.be\/isia\/activites-de-recherche\/","og_site_name":"Service \/ FPMS - Information, Signal, et Intelligence Artificielle","article_modified_time":"2026-03-26T15:17:02+00:00","og_image":[{"width":800,"height":600,"url":"https:\/\/web.umons.ac.be\/app\/uploads\/sites\/58\/2021\/10\/WallpaperF105_Thierry-DUTOIT.jpg","type":"image\/jpeg"}],"twitter_card":"summary_large_image","twitter_misc":{"Dur\u00e9e de lecture estim\u00e9e":"1 minute"},"schema":{"@context":"https:\/\/schema.org","@graph":[{"@type":"WebPage","@id":"https:\/\/web.umons.ac.be\/isia\/activites-de-recherche\/","url":"https:\/\/web.umons.ac.be\/isia\/activites-de-recherche\/","name":"Activit\u00e9s de recherche - Service \/ FPMS - Information, Signal, et Intelligence Artificielle","isPartOf":{"@id":"https:\/\/web.umons.ac.be\/isia\/#website"},"primaryImageOfPage":{"@id":"https:\/\/web.umons.ac.be\/isia\/activites-de-recherche\/#primaryimage"},"image":{"@id":"https:\/\/web.umons.ac.be\/isia\/activites-de-recherche\/#primaryimage"},"thumbnailUrl":"https:\/\/web.umons.ac.be\/app\/uploads\/sites\/58\/2021\/10\/WallpaperF105_Thierry-DUTOIT.jpg","datePublished":"2021-10-28T12:30:21+00:00","dateModified":"2026-03-26T15:17:02+00:00","breadcrumb":{"@id":"https:\/\/web.umons.ac.be\/isia\/activites-de-recherche\/#breadcrumb"},"inLanguage":"fr-FR","potentialAction":[{"@type":"ReadAction","target":["https:\/\/web.umons.ac.be\/isia\/activites-de-recherche\/"]}]},{"@type":"ImageObject","inLanguage":"fr-FR","@id":"https:\/\/web.umons.ac.be\/isia\/activites-de-recherche\/#primaryimage","url":"https:\/\/web.umons.ac.be\/app\/uploads\/sites\/58\/2021\/10\/WallpaperF105_Thierry-DUTOIT.jpg","contentUrl":"https:\/\/web.umons.ac.be\/app\/uploads\/sites\/58\/2021\/10\/WallpaperF105_Thierry-DUTOIT.jpg","width":800,"height":600},{"@type":"BreadcrumbList","@id":"https:\/\/web.umons.ac.be\/isia\/activites-de-recherche\/#breadcrumb","itemListElement":[{"@type":"ListItem","position":1,"name":"Home","item":"https:\/\/web.umons.ac.be\/isia\/en\/home\/"},{"@type":"ListItem","position":2,"name":"Activit\u00e9s de recherche"}]},{"@type":"WebSite","@id":"https:\/\/web.umons.ac.be\/isia\/#website","url":"https:\/\/web.umons.ac.be\/isia\/","name":"Service \/ FPMS - Information, Signal, et Intelligence Artificielle","description":"","potentialAction":[{"@type":"SearchAction","target":{"@type":"EntryPoint","urlTemplate":"https:\/\/web.umons.ac.be\/isia\/?s={search_term_string}"},"query-input":{"@type":"PropertyValueSpecification","valueRequired":true,"valueName":"search_term_string"}}],"inLanguage":"fr-FR"}]}},"lang":"fr","translations":{"fr":15,"en":17},"pll_sync_post":[],"_links":{"self":[{"href":"https:\/\/web.umons.ac.be\/isia\/wp-json\/wp\/v2\/pages\/15","targetHints":{"allow":["GET"]}}],"collection":[{"href":"https:\/\/web.umons.ac.be\/isia\/wp-json\/wp\/v2\/pages"}],"about":[{"href":"https:\/\/web.umons.ac.be\/isia\/wp-json\/wp\/v2\/types\/page"}],"author":[{"embeddable":true,"href":"https:\/\/web.umons.ac.be\/isia\/wp-json\/wp\/v2\/users\/2"}],"replies":[{"embeddable":true,"href":"https:\/\/web.umons.ac.be\/isia\/wp-json\/wp\/v2\/comments?post=15"}],"version-history":[{"count":5,"href":"https:\/\/web.umons.ac.be\/isia\/wp-json\/wp\/v2\/pages\/15\/revisions"}],"predecessor-version":[{"id":2281,"href":"https:\/\/web.umons.ac.be\/isia\/wp-json\/wp\/v2\/pages\/15\/revisions\/2281"}],"wp:featuredmedia":[{"embeddable":true,"href":"https:\/\/web.umons.ac.be\/isia\/wp-json\/wp\/v2\/media\/47"}],"wp:attachment":[{"href":"https:\/\/web.umons.ac.be\/isia\/wp-json\/wp\/v2\/media?parent=15"}],"curies":[{"name":"wp","href":"https:\/\/api.w.org\/{rel}","templated":true}]}}