{"id":1927,"date":"2024-11-26T15:35:30","date_gmt":"2024-11-26T14:35:30","guid":{"rendered":"https:\/\/web.umons.ac.be\/isia\/?page_id=1927"},"modified":"2024-12-04T15:09:39","modified_gmt":"2024-12-04T14:09:39","slug":"test-integration-ppt","status":"publish","type":"page","link":"https:\/\/web.umons.ac.be\/isia\/test-integration-ppt\/","title":{"rendered":"test int\u00e9gration ppt"},"content":{"rendered":"<p>test via google:<br \/>\n<iframe loading=\"lazy\" src=\"https:\/\/docs.google.com\/presentation\/d\/e\/2PACX-1vQqXAJefcPEyjMS-IKNtT5t1JaTvsbj-JiG5HO9GvJDaiT6TGas6hKZgidqt95rPA\/embed?start=false&#038;loop=false&#038;delayms=30000\" frameborder=\"0\" width=\"640\" height=\"389\" allowfullscreen=\"true\" mozallowfullscreen=\"true\" webkitallowfullscreen=\"true\"><\/iframe><\/p>\n<p><iframe loading=\"lazy\" src=\"https:\/\/docs.google.com\/presentation\/d\/e\/2PACX-1vQz1vmeZapp793VXGP1hdFJvRf3HlOqVoMEx2DsOahfC0pR3tBjsDVQmonJZhkarw\/embed?start=false&#038;loop=false&#038;delayms=3000\" frameborder=\"0\" width=\"640\" height=\"389\" allowfullscreen=\"true\" mozallowfullscreen=\"true\" webkitallowfullscreen=\"true\"><\/iframe><\/p>\n<p>test PPT en pdf de francois:<br \/>\n<iframe loading=\"lazy\" src=\"https:\/\/web.umons.ac.be\/app\/uploads\/sites\/58\/2024\/11\/creactifs_2024-25_presentation_web.pdf\" width=\"800px\" height=\"500px\"><\/iframe><\/p>\n<p>PPT simpro<\/p>\n<p><iframe loading=\"lazy\" src=\"https:\/\/alumniumonsac.sharepoint.com\/sites\/TCTSLAB\/_layouts\/15\/Doc.aspx?sourcedoc={0d3fea7a-0c5c-472a-a32a-86780094eaa6}&amp;action=embedview&amp;wdAr=1.7777777777777777\" width=\"476px\" height=\"288px\" frameborder=\"0\">Ceci est un pr\u00e9sentation <a target=\"_blank\" href=\"https:\/\/office.com\" rel=\"noopener\">Microsoft Office<\/a> incorpor\u00e9, avec <a target=\"_blank\" href=\"https:\/\/office.com\/webapps\" rel=\"noopener\">Office<\/a>.<\/iframe><\/p>\n<p>&nbsp;<\/p>\n<p><iframe loading=\"lazy\" src=\"https:\/\/alumniumonsac-my.sharepoint.com\/personal\/503733_umons_ac_be\/_layouts\/15\/Doc.aspx?sourcedoc={8c9f9f30-6c95-4078-8c39-04874e191c59}&amp;action=embedview&amp;wdAr=1.7777777777777777\" width=\"476px\" height=\"288px\" frameborder=\"0\">Ceci est un pr\u00e9sentation <a target=\"_blank\" href=\"https:\/\/office.com\" rel=\"noopener\">Microsoft Office<\/a> incorpor\u00e9, avec <a target=\"_blank\" href=\"https:\/\/office.com\/webapps\" rel=\"noopener\">Office<\/a>.<\/iframe><\/p>\n<p><a href=\"https:\/\/alumniumonsac-my.sharepoint.com\/:p:\/g\/personal\/503733_umons_ac_be\/ETCfn4yVbHhAjDkEh04ZHFkBe-MfgWk2UYBsYjwlBVL0oA?e=C8e5F8\">test.pptx<\/a><\/p>\n<p>&nbsp;<\/p>\n<div style=\"width: 100%;\">\n<div style=\"position: relative; padding-bottom: 56.25%; padding-top: 0; height: 0;\"><iframe loading=\"lazy\" style=\"position: absolute; top: 0; left: 0; width: 100%; height: 100%;\" title=\"Harmony Higher Education Thesis\" src=\"https:\/\/view.genially.com\/6745fcdd72ee516b4b2377cb\" width=\"1200\" height=\"675\" frameborder=\"0\" scrolling=\"yes\" allowfullscreen=\"allowfullscreen\"><\/iframe><\/div>\n<\/div>\n<p>iframe genilly creactifs:<\/p>\n<div style=\"width: 100%;\">\n<div style=\"position: relative; padding-bottom: 56.25%; padding-top: 0; height: 0;\"><iframe loading=\"lazy\" style=\"position: absolute; top: 0; left: 0; width: 100%; height: 100%;\" title=\"creactifs_2023_presentation.pptx\" src=\"https:\/\/view.genially.com\/6747081651dba9ed4daa9dfe\" width=\"1280\" height=\"720\" frameborder=\"0\" scrolling=\"yes\" allowfullscreen=\"allowfullscreen\"><\/iframe><\/div>\n<\/div>\n","protected":false},"excerpt":{"rendered":"<p>test via google: test PPT en pdf de francois: PPT simpro Ceci est un pr\u00e9sentation Microsoft Office incorpor\u00e9, avec Office. &nbsp; Ceci est un pr\u00e9sentation Microsoft Office incorpor\u00e9, avec Office. test.pptx &nbsp; iframe genilly creactifs:<\/p>\n","protected":false},"author":2,"featured_media":0,"parent":0,"menu_order":0,"comment_status":"closed","ping_status":"closed","template":"","meta":{"footnotes":""},"class_list":["post-1927","page","type-page","status-publish","hentry"],"yoast_head":"<!-- This site is optimized with the Yoast SEO plugin v27.2 - https:\/\/yoast.com\/product\/yoast-seo-wordpress\/ -->\n<title>test int\u00e9gration ppt - Service \/ FPMS - Information, Signal, et Intelligence Artificielle<\/title>\n<meta name=\"robots\" content=\"index, follow, max-snippet:-1, max-image-preview:large, max-video-preview:-1\" \/>\n<link rel=\"canonical\" href=\"https:\/\/web.umons.ac.be\/isia\/test-integration-ppt\/\" \/>\n<meta property=\"og:locale\" content=\"fr_FR\" \/>\n<meta property=\"og:type\" content=\"article\" \/>\n<meta property=\"og:title\" content=\"test int\u00e9gration ppt - Service \/ FPMS - Information, Signal, et Intelligence Artificielle\" \/>\n<meta property=\"og:description\" content=\"test via google: test PPT en pdf de francois: PPT simpro Ceci est un pr\u00e9sentation Microsoft Office incorpor\u00e9, avec Office. &nbsp; Ceci est un pr\u00e9sentation Microsoft Office incorpor\u00e9, avec Office. test.pptx &nbsp; iframe genilly creactifs:\" \/>\n<meta property=\"og:url\" content=\"https:\/\/web.umons.ac.be\/isia\/test-integration-ppt\/\" \/>\n<meta property=\"og:site_name\" content=\"Service \/ FPMS - Information, Signal, et Intelligence Artificielle\" \/>\n<meta property=\"article:modified_time\" content=\"2024-12-04T14:09:39+00:00\" \/>\n<meta name=\"twitter:card\" content=\"summary_large_image\" \/>\n<meta name=\"twitter:label1\" content=\"Dur\u00e9e de lecture estim\u00e9e\" \/>\n\t<meta name=\"twitter:data1\" content=\"1 minute\" \/>\n<script type=\"application\/ld+json\" class=\"yoast-schema-graph\">{\"@context\":\"https:\/\/schema.org\",\"@graph\":[{\"@type\":\"WebPage\",\"@id\":\"https:\/\/web.umons.ac.be\/isia\/test-integration-ppt\/\",\"url\":\"https:\/\/web.umons.ac.be\/isia\/test-integration-ppt\/\",\"name\":\"test int\u00e9gration ppt - Service \/ FPMS - Information, Signal, et Intelligence Artificielle\",\"isPartOf\":{\"@id\":\"https:\/\/web.umons.ac.be\/isia\/#website\"},\"datePublished\":\"2024-11-26T14:35:30+00:00\",\"dateModified\":\"2024-12-04T14:09:39+00:00\",\"breadcrumb\":{\"@id\":\"https:\/\/web.umons.ac.be\/isia\/test-integration-ppt\/#breadcrumb\"},\"inLanguage\":\"fr-FR\",\"potentialAction\":[{\"@type\":\"ReadAction\",\"target\":[\"https:\/\/web.umons.ac.be\/isia\/test-integration-ppt\/\"]}]},{\"@type\":\"BreadcrumbList\",\"@id\":\"https:\/\/web.umons.ac.be\/isia\/test-integration-ppt\/#breadcrumb\",\"itemListElement\":[{\"@type\":\"ListItem\",\"position\":1,\"name\":\"Home\",\"item\":\"https:\/\/web.umons.ac.be\/isia\/en\/home\/\"},{\"@type\":\"ListItem\",\"position\":2,\"name\":\"test int\u00e9gration ppt\"}]},{\"@type\":\"WebSite\",\"@id\":\"https:\/\/web.umons.ac.be\/isia\/#website\",\"url\":\"https:\/\/web.umons.ac.be\/isia\/\",\"name\":\"Service \/ FPMS - Information, Signal, et Intelligence Artificielle\",\"description\":\"\",\"potentialAction\":[{\"@type\":\"SearchAction\",\"target\":{\"@type\":\"EntryPoint\",\"urlTemplate\":\"https:\/\/web.umons.ac.be\/isia\/?s={search_term_string}\"},\"query-input\":{\"@type\":\"PropertyValueSpecification\",\"valueRequired\":true,\"valueName\":\"search_term_string\"}}],\"inLanguage\":\"fr-FR\"}]}<\/script>\n<!-- \/ Yoast SEO plugin. -->","yoast_head_json":{"title":"test int\u00e9gration ppt - Service \/ FPMS - Information, Signal, et Intelligence Artificielle","robots":{"index":"index","follow":"follow","max-snippet":"max-snippet:-1","max-image-preview":"max-image-preview:large","max-video-preview":"max-video-preview:-1"},"canonical":"https:\/\/web.umons.ac.be\/isia\/test-integration-ppt\/","og_locale":"fr_FR","og_type":"article","og_title":"test int\u00e9gration ppt - Service \/ FPMS - Information, Signal, et Intelligence Artificielle","og_description":"test via google: test PPT en pdf de francois: PPT simpro Ceci est un pr\u00e9sentation Microsoft Office incorpor\u00e9, avec Office. &nbsp; Ceci est un pr\u00e9sentation Microsoft Office incorpor\u00e9, avec Office. test.pptx &nbsp; iframe genilly creactifs:","og_url":"https:\/\/web.umons.ac.be\/isia\/test-integration-ppt\/","og_site_name":"Service \/ FPMS - Information, Signal, et Intelligence Artificielle","article_modified_time":"2024-12-04T14:09:39+00:00","twitter_card":"summary_large_image","twitter_misc":{"Dur\u00e9e de lecture estim\u00e9e":"1 minute"},"schema":{"@context":"https:\/\/schema.org","@graph":[{"@type":"WebPage","@id":"https:\/\/web.umons.ac.be\/isia\/test-integration-ppt\/","url":"https:\/\/web.umons.ac.be\/isia\/test-integration-ppt\/","name":"test int\u00e9gration ppt - Service \/ FPMS - Information, Signal, et Intelligence Artificielle","isPartOf":{"@id":"https:\/\/web.umons.ac.be\/isia\/#website"},"datePublished":"2024-11-26T14:35:30+00:00","dateModified":"2024-12-04T14:09:39+00:00","breadcrumb":{"@id":"https:\/\/web.umons.ac.be\/isia\/test-integration-ppt\/#breadcrumb"},"inLanguage":"fr-FR","potentialAction":[{"@type":"ReadAction","target":["https:\/\/web.umons.ac.be\/isia\/test-integration-ppt\/"]}]},{"@type":"BreadcrumbList","@id":"https:\/\/web.umons.ac.be\/isia\/test-integration-ppt\/#breadcrumb","itemListElement":[{"@type":"ListItem","position":1,"name":"Home","item":"https:\/\/web.umons.ac.be\/isia\/en\/home\/"},{"@type":"ListItem","position":2,"name":"test int\u00e9gration ppt"}]},{"@type":"WebSite","@id":"https:\/\/web.umons.ac.be\/isia\/#website","url":"https:\/\/web.umons.ac.be\/isia\/","name":"Service \/ FPMS - Information, Signal, et Intelligence Artificielle","description":"","potentialAction":[{"@type":"SearchAction","target":{"@type":"EntryPoint","urlTemplate":"https:\/\/web.umons.ac.be\/isia\/?s={search_term_string}"},"query-input":{"@type":"PropertyValueSpecification","valueRequired":true,"valueName":"search_term_string"}}],"inLanguage":"fr-FR"}]}},"lang":"fr","translations":{"fr":1927},"pll_sync_post":[],"_links":{"self":[{"href":"https:\/\/web.umons.ac.be\/isia\/wp-json\/wp\/v2\/pages\/1927","targetHints":{"allow":["GET"]}}],"collection":[{"href":"https:\/\/web.umons.ac.be\/isia\/wp-json\/wp\/v2\/pages"}],"about":[{"href":"https:\/\/web.umons.ac.be\/isia\/wp-json\/wp\/v2\/types\/page"}],"author":[{"embeddable":true,"href":"https:\/\/web.umons.ac.be\/isia\/wp-json\/wp\/v2\/users\/2"}],"replies":[{"embeddable":true,"href":"https:\/\/web.umons.ac.be\/isia\/wp-json\/wp\/v2\/comments?post=1927"}],"version-history":[{"count":3,"href":"https:\/\/web.umons.ac.be\/isia\/wp-json\/wp\/v2\/pages\/1927\/revisions"}],"predecessor-version":[{"id":1959,"href":"https:\/\/web.umons.ac.be\/isia\/wp-json\/wp\/v2\/pages\/1927\/revisions\/1959"}],"wp:attachment":[{"href":"https:\/\/web.umons.ac.be\/isia\/wp-json\/wp\/v2\/media?parent=1927"}],"curies":[{"name":"wp","href":"https:\/\/api.w.org\/{rel}","templated":true}]}}