{"id":1976,"date":"2025-03-11T16:05:44","date_gmt":"2025-03-11T15:05:44","guid":{"rendered":"https:\/\/web.umons.ac.be\/isia\/?page_id=1976"},"modified":"2026-04-03T17:18:23","modified_gmt":"2026-04-03T15:18:23","slug":"projets","status":"publish","type":"page","link":"https:\/\/web.umons.ac.be\/isia\/activites-de-recherche\/projets\/","title":{"rendered":"Projets"},"content":{"rendered":"<table style=\"border-collapse: collapse; width: 100%;\">\n<tbody>\n<tr>\n<h4>Projets en cours<\/h4>\n<ul>\n<li><a href=\"#ai4debunk\">AI4Debunk &#8211; D\u00e9velopper des outils collaboratifs de notation de la d\u00e9sinformation pour le public<\/a><\/li>\n<li><a href=\"#medresyst\">MedReSyst\/AI4Brain &#8211; Analyse multimodale explicable des maladies c\u00e9r\u00e9brales<\/a><\/li>\n<li><a href=\"#creactifs\">Ateliers cr\u00e9actifs<\/a><\/li>\n<li><a href=\"#gensaliency\">GenSaliency &#8211; Combiner la saillance visuelle et l&rsquo;IA g\u00e9n\u00e9rative pour analyser et optimiser les visuels marketing<\/a><\/li>\n<li><a href=\"#vasculai\">VasculAI &#8211; \u00c9valuation non invasive de la sant\u00e9 vasculaire par l&rsquo;IA<\/a><\/li>\n<li><a href=\"#trailariac\">TRAIL\/ARIAC &#8211; Laboratoires d&rsquo;IA de confiance par Digitalwallonia4.ai \/ SWP-Recherche \/ Applications et Recherche pour une Intelligence Artificielle de Confiance<\/a><\/li>\n<li><a href=\"#alcop\">ALCOP &#8211; Apprentissage actif pour l\u2019optimisation coop\u00e9rative des pr\u00e9dicteurs en soins intensifs<\/a><\/li>\n<li><a href=\"#muse\">MUSE &#8211; Environnement de d\u00e9tection multimodal pour applications mobiles<\/a><\/li>\n<li><a href=\"#wall4xr\">Wall4XR &#8211; Excellence interuniversitaire en technologies immersives et interactives en Wallonie<\/a><\/li>\n<li><a href=\"#fasterai\">FasterAI : Pionnier d&rsquo;une IA durable, accessible et \u00e9conomique pour demain<\/a><\/li>\n<li><a href=\"#visia\">VisIA : un assistant intelligent avec conscience du contexte visuel et une attention personnalisable<\/a><\/li>\n<li><a href=\"#pulgn\">Pulgn : une Start-Up MusicTech<\/a><\/li>\n<\/ul>\n<p>&nbsp;<\/p>\n<h4>Projets termin\u00e9s<\/h4>\n<ul>\n<li><a href=\"#waledgeia\">WalEdgeIA &#8211; Faciliter l\u2019acc\u00e8s des entreprises wallonnes aux technologies d\u2019intelligence artificielle embarqu\u00e9es<\/a><\/li>\n<li><a href=\"#sleepsense\">SleepSense &#8211; Aider les cliniciens du sommeil avec un score de s\u00e9v\u00e9rit\u00e9 am\u00e9lior\u00e9 par l&rsquo;IA pour l&rsquo;\u00e9valuation des patients<\/a><\/li>\n<li><a href=\"#simpro\">Sim&rsquo;Pro &#8211; Analyser, mod\u00e9liser et assister l&rsquo;activit\u00e9 des formateurs dans les situations de formation professionnelle via la simulation<\/a><\/li>\n<li><a href=\"#ifch\">iFCH &#8211; Holter de pr\u00e9vision intelligente<\/a><\/li>\n<li><a href=\"#deepsketch\">DeepSketch &#8211; Recherche par similarit\u00e9 graphique sur base de dessins<\/a><\/li>\n<li><a href=\"#imotion\">iMotion &#8211; Interfaces multimodales pour la recherche dans de grandes collections de vid\u00e9os<\/a><\/li>\n<li><a href=\"#Digistorm\">DigiSTORM &#8211; Soutien aux porteurs de projet dans le domaine des Industries Cr\u00e9atives<\/a><\/li>\n<li><a href=\"#monitosed\">MonitoSed &#8211; Utiliser l&rsquo;hypnose en VR pour l&rsquo;anesth\u00e9sie<\/a><\/li>\n<li><a href=\"#viewskymodel\">ViewSkyModel &#8211; Surveillance par d\u00e9tection d&rsquo;anomalies \u00e0 l&rsquo;aide de dr\u00f4nes<\/a><\/li>\n<li><a href=\"#codobot\">Apprentissage du code par la programmation d&rsquo;un robot \u00e0 l&rsquo;aide de cartes<\/a><\/li>\n<li><a href=\"#egc-isged\">EGC\/ISGED &#8211; Contr\u00f4leur et effets pour guitare hexaphonique<\/a><\/li>\n<li><a href=\"#c2l3play\">C2L3PLAY &#8211; Cross Border Living Labs<\/a><\/li>\n<li><a href=\"#motionmachine\">MotionMachine &#8211; Outils OS pour la visualisation, l&rsquo;\u00e9dition et l&rsquo;analyse de donn\u00e9es de MOCAP 3D<\/a><\/li>\n<li><a href=\"#deepnews\">DeepNews &#8211; Outil pour la recherche de segments vid\u00e9o<\/a><\/li>\n<li><a href=\"#aptitude\">Aptitude &#8211; Apprentissage profond et Traitement d&rsquo;Images pour la T\u00e9l\u00e9surveillnce Urbaine<\/a><\/li>\n<li><a href=\"#dronesecurity\">DroneSecurity &#8211; Navigation autonome de Drones<\/a><\/li>\n<li><a href=\"#mobfacenet\">MobFaceNet &#8211; Une bo\u00eete \u00e0 outils IA pour l&rsquo;analyse du visage<\/a><\/li>\n<li><a href=\"#smartvrpark\">SmartVRPark &#8211; Outils d&rsquo;IA pour les applications VR multi-utilisateur<\/a><\/li>\n<li><a href=\"#comptoux\">CompToux &#8211; Un compteur automatique de la toux et son interface m\u00e9dicale<\/a><\/li>\n<\/ul>\n<p>&nbsp;<\/p>\n<p><iframe loading=\"lazy\" id=\"simpro\" src=\"https:\/\/docs.google.com\/presentation\/d\/e\/2PACX-1vSjudRk96I2_4dDrtnIkZr-sSAKsYbvRa1qlI52MAynwMvVU3bAuzdQ00a1MJog6g\/embed?start=false&amp;loop=false&amp;delayms=3000\" width=\"1200\" height=\"712\" frameborder=\"0\" allowfullscreen=\"allowfullscreen\"><\/iframe><\/p>\n<p><iframe loading=\"lazy\" id=\"ifch\" src=\"https:\/\/docs.google.com\/presentation\/d\/e\/2PACX-1vSgjjmBuSfDjYPloX1JlmYgNt4_O5XIPwMsJnmtid5QkMy59ZdSCjA0fmNhgUQwIQ\/embed?start=false&amp;loop=false&amp;delayms=3000\" width=\"1200\" height=\"712\" frameborder=\"0\" allowfullscreen=\"allowfullscreen\"><\/iframe><\/p>\n<p><iframe loading=\"lazy\" id=\"ai4debunk\" src=\"https:\/\/docs.google.com\/presentation\/d\/e\/2PACX-1vSRIF_PT_uctKfRJ83HHL68crZ0StyCy-5A6z2lbB5Ej48_LOwndQ0Y4aCmJarO1w\/embed?start=false&amp;loop=false&amp;delayms=3000\" width=\"1200\" height=\"712\" frameborder=\"0\" allowfullscreen=\"allowfullscreen\"><\/iframe><\/p>\n<p><iframe loading=\"lazy\" id=\"medresyst\" src=\"https:\/\/docs.google.com\/presentation\/d\/e\/2PACX-1vTnb6B1-F4KnT08U-eSNzDakh7JR8uSBLBQ4XiB81Eb0HCo0MLYHnYYfxUGOaIZoQ\/embed?start=false&amp;loop=false&amp;delayms=3000\" width=\"1200\" height=\"712\" frameborder=\"0\" allowfullscreen=\"allowfullscreen\"><\/iframe><\/p>\n<p><iframe loading=\"lazy\" id=\"creactifs\" src=\"https:\/\/docs.google.com\/presentation\/d\/e\/2PACX-1vSlacBwSX1CZKdUjyohxYXeZsykkeRaTJSHKmlTVxwQTF4CIeDHYYbnHA2LUog_wQ\/embed?start=false&amp;loop=false&amp;delayms=3000\" width=\"1200\" height=\"712\" frameborder=\"0\" allowfullscreen=\"allowfullscreen\"><\/iframe><\/p>\n<p><iframe loading=\"lazy\" id=\"gensaliency\" src=\"https:\/\/docs.google.com\/presentation\/d\/e\/2PACX-1vT-NU0xnGbBSeR8EluPj8rUFZSDyqBAD0a66_SlTOaemB5rWsFxEXjtoVUJQ82LPQ\/pubembed?start=false&#038;loop=false&#038;delayms=3000\" width=\"1200\" height=\"712\" frameborder=\"0\" allowfullscreen=\"allowfullscreen\"><\/iframe><\/p>\n<p><iframe loading=\"lazy\" id=\"vasculai\" src=\"https:\/\/docs.google.com\/presentation\/d\/e\/2PACX-1vQc3B0jjdU2uPhS1RJ6-qco_vAA_ejYRZt-XdgGzv4bkC8RhPQNk7HnOAUOZlGTrw\/pubembed?start=false&#038;loop=false&#038;delayms=3000\" width=\"1200\" height=\"712\" frameborder=\"0\" allowfullscreen=\"allowfullscreen\">><\/iframe><\/p>\n<p><iframe loading=\"lazy\" id=\"sleepsense\" src=\"https:\/\/docs.google.com\/presentation\/d\/e\/2PACX-1vRtw_YgMbkXZjn-cOyHo3y51pDPIDKs4CUQ9H7PXYoCa03CFCCmJkTWj49NiEwSfw\/embed?start=false&amp;loop=false&amp;delayms=3000\" width=\"1200\" height=\"712\" frameborder=\"0\" allowfullscreen=\"allowfullscreen\"><\/iframe><\/p>\n<p><iframe loading=\"lazy\" id=\"trailariac\" src=\"https:\/\/docs.google.com\/presentation\/d\/e\/2PACX-1vT9tFU2AlfqP0WkHlXunbxd8GNbXpK6w74aXVFITTtWtiF8DsCng3NjEjaP9vBvzg\/embed?start=false&amp;loop=false&amp;delayms=3000\" width=\"1200\" height=\"712\" frameborder=\"0\" allowfullscreen=\"allowfullscreen\"><\/iframe><\/p>\n<p><iframe loading=\"lazy\" id=\"alcop\" src=\"https:\/\/docs.google.com\/presentation\/d\/e\/2PACX-1vQM5zJ5WgSTOFlIGN9jEp7mSuqA4zYKRabiKEkuSP82RPmXXMdXjq_B_yRMAPNIYA\/embed?start=false&amp;loop=false&amp;delayms=3000\" width=\"1200\" height=\"712\" frameborder=\"0\" allowfullscreen=\"allowfullscreen\"><\/iframe><\/p>\n<p><iframe loading=\"lazy\" id=\"muse\" src=\"https:\/\/docs.google.com\/presentation\/d\/e\/2PACX-1vQA-_Sr-rkqFOO0vD-hARdNveBgp5Qgc7xTgz3SmaV2IoeSzgYtilYbV8kRMnmBPQ\/embed?start=false&amp;loop=false&amp;delayms=3000\" width=\"1200\" height=\"712\" frameborder=\"0\" allowfullscreen=\"allowfullscreen\"><\/iframe><\/p>\n<p><iframe loading=\"lazy\" id=\"waledgeia\" src=\"https:\/\/docs.google.com\/presentation\/d\/e\/2PACX-1vRHtXQexkssT3liIu3SjAulSUW6xf0qPN3RSFCnbAAtN9HoUVofwPd8WQJBvFVwYw\/embed?start=false&amp;loop=false&amp;delayms=3000\" width=\"1200\" height=\"712\" frameborder=\"0\" allowfullscreen=\"allowfullscreen\"><\/iframe><\/p>\n<p><iframe loading=\"lazy\" id=\"wall4xr\" src=\"https:\/\/docs.google.com\/presentation\/d\/e\/2PACX-1vTthcm5Mt8qWpa7JPHGcmyUEa2Sgrte2hnME7kX1HA7A3yTDXqM2T5MXmp1ttybHg\/embed?start=false&amp;loop=false&amp;delayms=3000\" width=\"1200\" height=\"712\" frameborder=\"0\" allowfullscreen=\"allowfullscreen\"><\/iframe><\/p>\n<p><iframe loading=\"lazy\" id=\"fasterai\" src=\"https:\/\/docs.google.com\/presentation\/d\/e\/2PACX-1vRjBxPyk2kgn0fZVKGBJx85v7p1Yr5YSJMeBqTI_0kUxOFif1vU_KYDwX_awelNsg\/embed?start=false&amp;loop=false&amp;delayms=3000\" width=\"1200\" height=\"712\" frameborder=\"0\" allowfullscreen=\"allowfullscreen\"><\/iframe><\/p>\n<p><iframe loading=\"lazy\" id=\"visia\" src=\"https:\/\/docs.google.com\/presentation\/d\/e\/2PACX-1vSZazzYUi95-RHz3ptJB3I6gRprb3D2Un3t1swIXLp5Ve-29EDCXU2aRmbg9lkIcw\/embed?start=false&amp;loop=false&amp;delayms=3000\" width=\"1200\" height=\"712\" frameborder=\"0\" allowfullscreen=\"allowfullscreen\"><\/iframe><\/p>\n<p><iframe loading=\"lazy\" id=\"pulgn\" src=\"https:\/\/docs.google.com\/presentation\/d\/e\/2PACX-1vTVsJyixXEw-UfBgmj78uc37-VEgKp_6HxFHZ0rQOu39aNNA83uooyMiiLYJOJSKg\/pubembed?start=false&#038;loop=false&#038;delayms=3000\" width=\"1200\" height=\"712\" height=\"389\" allowfullscreen=\"allowfullscreen\"><\/iframe><br \/>\n&nbsp;<\/p>\n<p><iframe loading=\"lazy\" id=\"deepsketch\" src=\"https:\/\/docs.google.com\/presentation\/d\/e\/2PACX-1vR3p4OBtrsSW8gWpg8alQAa5BHBoExWYFvVbQfjSeorSXgzg_OUMkmUIN3Ie0BS8A\/embed?start=false&#038;loop=false&#038;delayms=3000\" frameborder=\"0\" width=\"1200\" height=\"712\" allowfullscreen=\"true\" mozallowfullscreen=\"true\" webkitallowfullscreen=\"true\"><\/iframe><\/p>\n<p><iframe loading=\"lazy\" id=\"imotion\" src=\"https:\/\/docs.google.com\/presentation\/d\/e\/2PACX-1vQ5l3pYiNshZGrmnTFJQOX3vmDWuWyTxX7Eb11liy3FWzO_ZqSnD8ii9WzsStuS5A\/embed?start=false&#038;loop=false&#038;delayms=3000\" frameborder=\"0\" width=\"1200\" height=\"712\" allowfullscreen=\"true\" mozallowfullscreen=\"true\" webkitallowfullscreen=\"true\"><\/iframe><\/p>\n<p><iframe loading=\"lazy\" id=\"digistorm\" src=\"https:\/\/docs.google.com\/presentation\/d\/e\/2PACX-1vQFM0EZvcFqS5WtfOgVG6iwLYu1QBOR4O8uaxX8aGa3J_8mV4xht6nKb629RgmQKQ\/embed?start=false&#038;loop=false&#038;delayms=3000\" frameborder=\"0\" width=\"1200\" height=\"712\" allowfullscreen=\"true\" mozallowfullscreen=\"true\" webkitallowfullscreen=\"true\"><\/iframe><\/p>\n<p><iframe loading=\"lazy\" id=\"monitosed\" src=\"https:\/\/docs.google.com\/presentation\/d\/e\/2PACX-1vTiaYAvxdJMpAhfutRCJdf4FtSlT7UaOHCNlhwevwW6pG0iMLw1P9M7ibmK2UDVFg\/embed?start=false&#038;loop=false&#038;delayms=3000\" frameborder=\"0\" width=\"1200\" height=\"712\" allowfullscreen=\"true\" mozallowfullscreen=\"true\" webkitallowfullscreen=\"true\"><\/iframe><\/p>\n<p><iframe loading=\"lazy\" id=\"viewskymodel\" src=\"https:\/\/docs.google.com\/presentation\/d\/e\/2PACX-1vSdlzeeEyiHs4PIJTTLX_F1DWNW0NX5JbefqMl5Xy62vYcGub1FZbOIqdDt52BhXA\/embed?start=false&#038;loop=false&#038;delayms=3000\" frameborder=\"0\" width=\"1200\" height=\"712\" allowfullscreen=\"true\" mozallowfullscreen=\"true\" webkitallowfullscreen=\"true\"><\/iframe><\/p>\n<p><iframe loading=\"lazy\" id=\"codobot\" src=\"https:\/\/docs.google.com\/presentation\/d\/e\/2PACX-1vRPVBqbFzt8dCjSLbnNj6xGX94hfDhuib4Qu-wxfWVkgeKbrCCb8m-1U6PsoOiZ8w\/embed?start=false&#038;loop=false&#038;delayms=3000\" frameborder=\"0\" width=\"1200\" height=\"712\" allowfullscreen=\"true\" mozallowfullscreen=\"true\" webkitallowfullscreen=\"true\"><\/iframe><\/p>\n<p><iframe loading=\"lazy\" id=\"egc-isged\" src=\"https:\/\/docs.google.com\/presentation\/d\/e\/2PACX-1vQMEyI97bZ9jPzninFAR12qIh6HgDyljyOb4IPMQtaYAk-uUvHLjFzGKPq0lJM4TA\/embed?start=false&#038;loop=false&#038;delayms=3000\" frameborder=\"0\" width=\"1200\" height=\"712\" allowfullscreen=\"true\" mozallowfullscreen=\"true\" webkitallowfullscreen=\"true\"><\/iframe><\/p>\n<p><iframe loading=\"lazy\" id=\"c2l3play\" src=\"https:\/\/docs.google.com\/presentation\/d\/e\/2PACX-1vSvrLWEK06W_E2FbgYlnd6BiIYCk2dScjdUtLzN7bXRwXpxSLtJWlHJ_JWioSpSFA\/embed?start=false&#038;loop=false&#038;delayms=3000\" frameborder=\"0\" width=\"1200\" height=\"712\" allowfullscreen=\"true\" mozallowfullscreen=\"true\" webkitallowfullscreen=\"true\"><\/iframe><\/p>\n<p><iframe loading=\"lazy\" id=\"motionmachine\" src=\"https:\/\/docs.google.com\/presentation\/d\/e\/2PACX-1vRo2GBBCVfpdgLpLiXFxtf2rOJdXmj88TxXADMVWz7eZKGS_mcG3O1-8zuMU12gVQ\/embed?start=false&#038;loop=false&#038;delayms=3000\" frameborder=\"0\" width=\"1200\" height=\"712\" allowfullscreen=\"true\" mozallowfullscreen=\"true\" webkitallowfullscreen=\"true\"><\/iframe><\/p>\n<p><iframe loading=\"lazy\" id=\"deepnews\" src=\"https:\/\/docs.google.com\/presentation\/d\/e\/2PACX-1vSZ5hQmA50jEO3gBop7r2NuoUdL0EKluX9U36li_6plbYzPgCqmPJU7eB-exWwWhA\/embed?start=false&#038;loop=false&#038;delayms=3000\" frameborder=\"0\" width=\"1200\" height=\"712\" allowfullscreen=\"true\" mozallowfullscreen=\"true\" webkitallowfullscreen=\"true\"><\/iframe><\/p>\n<p><iframe loading=\"lazy\" id=\"aptitude\" src=\"https:\/\/docs.google.com\/presentation\/d\/e\/2PACX-1vRe1MxOVCHR2gKpF0L5MWxucAv4EqFFg6NsYc5VpCU305Fuk3WuH0Zm4eADcIUjJw\/embed?start=false&#038;loop=false&#038;delayms=3000\" frameborder=\"0\" width=\"1200\" height=\"712\" allowfullscreen=\"true\" mozallowfullscreen=\"true\" webkitallowfullscreen=\"true\"><\/iframe><\/p>\n<p><iframe loading=\"lazy\" id=\"dronesecurity\" src=\"https:\/\/docs.google.com\/presentation\/d\/e\/2PACX-1vQjXT3AupU1k-ukWqpda_bOiN-PI1rf0IXAhpjBpUWOnBsXiDAqQ8gC7EgbsKgxKQ\/embed?start=false&#038;loop=false&#038;delayms=3000\" frameborder=\"0\" width=\"1200\" height=\"712\" allowfullscreen=\"true\" mozallowfullscreen=\"true\" webkitallowfullscreen=\"true\"><\/iframe><\/p>\n<p><iframe loading=\"lazy\" id=\"mobfacenet\" src=\"https:\/\/docs.google.com\/presentation\/d\/e\/2PACX-1vTIdvNbo_kRdJbGc5pYJFg4POHrb6ZDJndaeaN8f0xNHDsFLa6JJZhqA_hGD_2AWQ\/embed?start=false&#038;loop=false&#038;delayms=3000\" frameborder=\"0\" width=\"1200\" height=\"712\" allowfullscreen=\"true\" mozallowfullscreen=\"true\" webkitallowfullscreen=\"true\"><\/iframe><\/p>\n<p><iframe loading=\"lazy\" id=\"smartvrpark\" src=\"https:\/\/docs.google.com\/presentation\/d\/e\/2PACX-1vSpA48FG-1ZFTXgN4Rkwfyn4mlztfB6FmqK5i7nC_0L5qhhFGosFK0Xnr_H-8waRw\/embed?start=false&#038;loop=false&#038;delayms=3000\" frameborder=\"0\" width=\"1200\" height=\"712\" allowfullscreen=\"true\" mozallowfullscreen=\"true\" webkitallowfullscreen=\"true\"><\/iframe><\/p>\n<p><iframe loading=\"lazy\" id=\"comptoux\" src=\"https:\/\/docs.google.com\/presentation\/d\/e\/2PACX-1vQOlgMX1yMfm9xSXXlA6wI8dEJZdwOOr8gay781HtjV1ZLI5SDFDkJRNXiNSmdmoA\/pubembed?start=false&#038;loop=false&#038;delayms=3000\" frameborder=\"0\" width=\"1200\" height=\"712\" allowfullscreen=\"true\" mozallowfullscreen=\"true\" webkitallowfullscreen=\"true\"><\/iframe><\/p>\n<p>&nbsp;<\/p>\n<\/tr>\n<\/tbody>\n<\/table>\n","protected":false},"excerpt":{"rendered":"<p>Projets en cours AI4Debunk &#8211; D\u00e9velopper des outils collaboratifs de notation de la d\u00e9sinformation pour le public MedReSyst\/AI4Brain &#8211; Analyse multimodale explicable des maladies c\u00e9r\u00e9brales Ateliers cr\u00e9actifs GenSaliency &#8211; Combiner la saillance visuelle et l&rsquo;IA g\u00e9n\u00e9rative pour analyser et optimiser les visuels marketing VasculAI &#8211; \u00c9valuation non invasive de la sant\u00e9 vasculaire par l&rsquo;IA TRAIL\/ARIAC [&hellip;]<\/p>\n","protected":false},"author":286,"featured_media":0,"parent":15,"menu_order":0,"comment_status":"closed","ping_status":"closed","template":"page-templates\/page-fullwidth.php","meta":{"footnotes":""},"class_list":["post-1976","page","type-page","status-publish","hentry"],"yoast_head":"<!-- This site is optimized with the Yoast SEO plugin v27.2 - https:\/\/yoast.com\/product\/yoast-seo-wordpress\/ -->\n<title>Projets - Service \/ FPMS - Information, Signal, et Intelligence Artificielle<\/title>\n<meta name=\"robots\" content=\"index, follow, max-snippet:-1, max-image-preview:large, max-video-preview:-1\" \/>\n<link rel=\"canonical\" href=\"https:\/\/web.umons.ac.be\/isia\/activites-de-recherche\/projets\/\" \/>\n<meta property=\"og:locale\" content=\"fr_FR\" \/>\n<meta property=\"og:type\" content=\"article\" \/>\n<meta property=\"og:title\" content=\"Projets - Service \/ FPMS - Information, Signal, et Intelligence Artificielle\" \/>\n<meta property=\"og:description\" content=\"Projets en cours AI4Debunk &#8211; D\u00e9velopper des outils collaboratifs de notation de la d\u00e9sinformation pour le public MedReSyst\/AI4Brain &#8211; Analyse multimodale explicable des maladies c\u00e9r\u00e9brales Ateliers cr\u00e9actifs GenSaliency &#8211; Combiner la saillance visuelle et l&rsquo;IA g\u00e9n\u00e9rative pour analyser et optimiser les visuels marketing VasculAI &#8211; \u00c9valuation non invasive de la sant\u00e9 vasculaire par l&rsquo;IA TRAIL\/ARIAC [&hellip;]\" \/>\n<meta property=\"og:url\" content=\"https:\/\/web.umons.ac.be\/isia\/activites-de-recherche\/projets\/\" \/>\n<meta property=\"og:site_name\" content=\"Service \/ FPMS - Information, Signal, et Intelligence Artificielle\" \/>\n<meta property=\"article:modified_time\" content=\"2026-04-03T15:18:23+00:00\" \/>\n<meta name=\"twitter:card\" content=\"summary_large_image\" \/>\n<meta name=\"twitter:label1\" content=\"Dur\u00e9e de lecture estim\u00e9e\" \/>\n\t<meta name=\"twitter:data1\" content=\"2 minutes\" \/>\n<script type=\"application\/ld+json\" class=\"yoast-schema-graph\">{\"@context\":\"https:\/\/schema.org\",\"@graph\":[{\"@type\":\"WebPage\",\"@id\":\"https:\/\/web.umons.ac.be\/isia\/activites-de-recherche\/projets\/\",\"url\":\"https:\/\/web.umons.ac.be\/isia\/activites-de-recherche\/projets\/\",\"name\":\"Projets - Service \/ FPMS - Information, Signal, et Intelligence Artificielle\",\"isPartOf\":{\"@id\":\"https:\/\/web.umons.ac.be\/isia\/#website\"},\"datePublished\":\"2025-03-11T15:05:44+00:00\",\"dateModified\":\"2026-04-03T15:18:23+00:00\",\"breadcrumb\":{\"@id\":\"https:\/\/web.umons.ac.be\/isia\/activites-de-recherche\/projets\/#breadcrumb\"},\"inLanguage\":\"fr-FR\",\"potentialAction\":[{\"@type\":\"ReadAction\",\"target\":[\"https:\/\/web.umons.ac.be\/isia\/activites-de-recherche\/projets\/\"]}]},{\"@type\":\"BreadcrumbList\",\"@id\":\"https:\/\/web.umons.ac.be\/isia\/activites-de-recherche\/projets\/#breadcrumb\",\"itemListElement\":[{\"@type\":\"ListItem\",\"position\":1,\"name\":\"Home\",\"item\":\"https:\/\/web.umons.ac.be\/isia\/en\/home\/\"},{\"@type\":\"ListItem\",\"position\":2,\"name\":\"Activit\u00e9s de recherche\",\"item\":\"https:\/\/web.umons.ac.be\/isia\/activites-de-recherche\/\"},{\"@type\":\"ListItem\",\"position\":3,\"name\":\"Projets\"}]},{\"@type\":\"WebSite\",\"@id\":\"https:\/\/web.umons.ac.be\/isia\/#website\",\"url\":\"https:\/\/web.umons.ac.be\/isia\/\",\"name\":\"Service \/ FPMS - Information, Signal, et Intelligence Artificielle\",\"description\":\"\",\"potentialAction\":[{\"@type\":\"SearchAction\",\"target\":{\"@type\":\"EntryPoint\",\"urlTemplate\":\"https:\/\/web.umons.ac.be\/isia\/?s={search_term_string}\"},\"query-input\":{\"@type\":\"PropertyValueSpecification\",\"valueRequired\":true,\"valueName\":\"search_term_string\"}}],\"inLanguage\":\"fr-FR\"}]}<\/script>\n<!-- \/ Yoast SEO plugin. -->","yoast_head_json":{"title":"Projets - Service \/ FPMS - Information, Signal, et Intelligence Artificielle","robots":{"index":"index","follow":"follow","max-snippet":"max-snippet:-1","max-image-preview":"max-image-preview:large","max-video-preview":"max-video-preview:-1"},"canonical":"https:\/\/web.umons.ac.be\/isia\/activites-de-recherche\/projets\/","og_locale":"fr_FR","og_type":"article","og_title":"Projets - Service \/ FPMS - Information, Signal, et Intelligence Artificielle","og_description":"Projets en cours AI4Debunk &#8211; D\u00e9velopper des outils collaboratifs de notation de la d\u00e9sinformation pour le public MedReSyst\/AI4Brain &#8211; Analyse multimodale explicable des maladies c\u00e9r\u00e9brales Ateliers cr\u00e9actifs GenSaliency &#8211; Combiner la saillance visuelle et l&rsquo;IA g\u00e9n\u00e9rative pour analyser et optimiser les visuels marketing VasculAI &#8211; \u00c9valuation non invasive de la sant\u00e9 vasculaire par l&rsquo;IA TRAIL\/ARIAC [&hellip;]","og_url":"https:\/\/web.umons.ac.be\/isia\/activites-de-recherche\/projets\/","og_site_name":"Service \/ FPMS - Information, Signal, et Intelligence Artificielle","article_modified_time":"2026-04-03T15:18:23+00:00","twitter_card":"summary_large_image","twitter_misc":{"Dur\u00e9e de lecture estim\u00e9e":"2 minutes"},"schema":{"@context":"https:\/\/schema.org","@graph":[{"@type":"WebPage","@id":"https:\/\/web.umons.ac.be\/isia\/activites-de-recherche\/projets\/","url":"https:\/\/web.umons.ac.be\/isia\/activites-de-recherche\/projets\/","name":"Projets - Service \/ FPMS - Information, Signal, et Intelligence Artificielle","isPartOf":{"@id":"https:\/\/web.umons.ac.be\/isia\/#website"},"datePublished":"2025-03-11T15:05:44+00:00","dateModified":"2026-04-03T15:18:23+00:00","breadcrumb":{"@id":"https:\/\/web.umons.ac.be\/isia\/activites-de-recherche\/projets\/#breadcrumb"},"inLanguage":"fr-FR","potentialAction":[{"@type":"ReadAction","target":["https:\/\/web.umons.ac.be\/isia\/activites-de-recherche\/projets\/"]}]},{"@type":"BreadcrumbList","@id":"https:\/\/web.umons.ac.be\/isia\/activites-de-recherche\/projets\/#breadcrumb","itemListElement":[{"@type":"ListItem","position":1,"name":"Home","item":"https:\/\/web.umons.ac.be\/isia\/en\/home\/"},{"@type":"ListItem","position":2,"name":"Activit\u00e9s de recherche","item":"https:\/\/web.umons.ac.be\/isia\/activites-de-recherche\/"},{"@type":"ListItem","position":3,"name":"Projets"}]},{"@type":"WebSite","@id":"https:\/\/web.umons.ac.be\/isia\/#website","url":"https:\/\/web.umons.ac.be\/isia\/","name":"Service \/ FPMS - Information, Signal, et Intelligence Artificielle","description":"","potentialAction":[{"@type":"SearchAction","target":{"@type":"EntryPoint","urlTemplate":"https:\/\/web.umons.ac.be\/isia\/?s={search_term_string}"},"query-input":{"@type":"PropertyValueSpecification","valueRequired":true,"valueName":"search_term_string"}}],"inLanguage":"fr-FR"}]}},"lang":"fr","translations":{"fr":1976,"en":1974},"pll_sync_post":[],"_links":{"self":[{"href":"https:\/\/web.umons.ac.be\/isia\/wp-json\/wp\/v2\/pages\/1976","targetHints":{"allow":["GET"]}}],"collection":[{"href":"https:\/\/web.umons.ac.be\/isia\/wp-json\/wp\/v2\/pages"}],"about":[{"href":"https:\/\/web.umons.ac.be\/isia\/wp-json\/wp\/v2\/types\/page"}],"author":[{"embeddable":true,"href":"https:\/\/web.umons.ac.be\/isia\/wp-json\/wp\/v2\/users\/286"}],"replies":[{"embeddable":true,"href":"https:\/\/web.umons.ac.be\/isia\/wp-json\/wp\/v2\/comments?post=1976"}],"version-history":[{"count":4,"href":"https:\/\/web.umons.ac.be\/isia\/wp-json\/wp\/v2\/pages\/1976\/revisions"}],"predecessor-version":[{"id":2102,"href":"https:\/\/web.umons.ac.be\/isia\/wp-json\/wp\/v2\/pages\/1976\/revisions\/2102"}],"up":[{"embeddable":true,"href":"https:\/\/web.umons.ac.be\/isia\/wp-json\/wp\/v2\/pages\/15"}],"wp:attachment":[{"href":"https:\/\/web.umons.ac.be\/isia\/wp-json\/wp\/v2\/media?parent=1976"}],"curies":[{"name":"wp","href":"https:\/\/api.w.org\/{rel}","templated":true}]}}