{"id":615,"date":"2022-02-13T17:48:37","date_gmt":"2022-02-13T16:48:37","guid":{"rendered":"https:\/\/web.umons.ac.be\/isia\/?page_id=615"},"modified":"2024-05-07T15:41:36","modified_gmt":"2024-05-07T13:41:36","slug":"about","status":"publish","type":"page","link":"https:\/\/web.umons.ac.be\/isia\/about\/","title":{"rendered":"\u00c0 propos du service ISIA"},"content":{"rendered":"<p>&nbsp;<\/p>\n<start-cask-shortcode-wrapper>    <div class=\"aggregation-blocks content-block scheme-fpms\">\n        <ul class=\"blocks-list\">\n                        <li>\n                <article class=\"aggregation-block\">\n                                            <div class=\"block-picture\">\n                            <a href=\"https:\/\/web.umons.ac.be\/isia\/about\/equipe\/\" title=\"En savoir plus sur : Les membres\">                                <img loading=\"lazy\" decoding=\"async\" width=\"360\" height=\"220\" src=\"https:\/\/web.umons.ac.be\/app\/uploads\/sites\/58\/2022\/05\/GetImage-360x220.png\" class=\"attachment-news-featured size-news-featured\" alt=\"\" \/>                            <\/a>                        <\/div>\n                    \n                    <h5 class=\"block-title\">\n                                                <a href=\"https:\/\/web.umons.ac.be\/isia\/about\/equipe\/\" class=\"title-link scheme-color-hover\" title=\"En savoir plus sur : Les membres\">\n                                                    Les membres                                                <\/a>\n                                            <\/h5>\n\n                    <div class=\"block-content\">\n                                                                    <\/div>\n                <\/article>\n            <\/li>\n                    <li>\n                <article class=\"aggregation-block\">\n                                            <div class=\"block-picture\">\n                            <a href=\"https:\/\/sites.google.com\/view\/thierrydutoit\" title=\"En savoir plus sur : Chef de service\">                                <img loading=\"lazy\" decoding=\"async\" width=\"360\" height=\"220\" src=\"https:\/\/web.umons.ac.be\/app\/uploads\/sites\/58\/2022\/02\/EmbeddedImage3-360x220.jpg\" class=\"attachment-news-featured size-news-featured\" alt=\"\" srcset=\"https:\/\/web.umons.ac.be\/app\/uploads\/sites\/58\/2022\/02\/EmbeddedImage3-360x220.jpg 360w, https:\/\/web.umons.ac.be\/app\/uploads\/sites\/58\/2022\/02\/EmbeddedImage3-30x19.jpg 30w\" sizes=\"auto, (max-width: 360px) 100vw, 360px\" \/>                            <\/a>                        <\/div>\n                    \n                    <h5 class=\"block-title\">\n                                                <a href=\"https:\/\/sites.google.com\/view\/thierrydutoit\" class=\"title-link scheme-color-hover\" title=\"En savoir plus sur : Chef de service\">\n                                                    Chef de service                                                <\/a>\n                                            <\/h5>\n\n                    <div class=\"block-content\">\n                                                                    <\/div>\n                <\/article>\n            <\/li>\n                    <li>\n                <article class=\"aggregation-block\">\n                                            <div class=\"block-picture\">\n                            <a href=\"https:\/\/web.umons.ac.be\/isia\/contacter-le-service\/\" title=\"En savoir plus sur : Nous contacter\">                                <img loading=\"lazy\" decoding=\"async\" width=\"360\" height=\"220\" src=\"https:\/\/web.umons.ac.be\/app\/uploads\/sites\/58\/2022\/02\/contact-Copy-360x220.png\" class=\"attachment-news-featured size-news-featured\" alt=\"\" srcset=\"https:\/\/web.umons.ac.be\/app\/uploads\/sites\/58\/2022\/02\/contact-Copy-360x220.png 360w, https:\/\/web.umons.ac.be\/app\/uploads\/sites\/58\/2022\/02\/contact-Copy-30x17.png 30w\" sizes=\"auto, (max-width: 360px) 100vw, 360px\" \/>                            <\/a>                        <\/div>\n                    \n                    <h5 class=\"block-title\">\n                                                <a href=\"https:\/\/web.umons.ac.be\/isia\/contacter-le-service\/\" class=\"title-link scheme-color-hover\" title=\"En savoir plus sur : Nous contacter\">\n                                                    Nous contacter                                                <\/a>\n                                            <\/h5>\n\n                    <div class=\"block-content\">\n                                                                    <\/div>\n                <\/article>\n            <\/li>\n                <\/ul>\n    <\/div>\n<end-cask-shortcode-wrapper>\n<p>Membre fondateur de l\u2019institut interuniversitaire TRAIL.<\/p>\n<start-cask-shortcode-wrapper>    <div class=\"aggregation-blocks content-block scheme-fpms\">\n        <ul class=\"blocks-list\">\n                        <li>\n                <article class=\"aggregation-block\">\n                                            <div class=\"block-picture\">\n                            <a href=\"https:\/\/trail.ac\/\" title=\"En savoir plus sur : \">                                <img loading=\"lazy\" decoding=\"async\" width=\"360\" height=\"151\" src=\"https:\/\/web.umons.ac.be\/app\/uploads\/sites\/58\/2022\/01\/thumbnail_trail-logo-1-360x151.jpg\" class=\"attachment-news-featured size-news-featured\" alt=\"\" srcset=\"https:\/\/web.umons.ac.be\/app\/uploads\/sites\/58\/2022\/01\/thumbnail_trail-logo-1-360x151.jpg 360w, https:\/\/web.umons.ac.be\/app\/uploads\/sites\/58\/2022\/01\/thumbnail_trail-logo-1-30x12.jpg 30w, https:\/\/web.umons.ac.be\/app\/uploads\/sites\/58\/2022\/01\/thumbnail_trail-logo-1-60x24.jpg 60w\" sizes=\"auto, (max-width: 360px) 100vw, 360px\" \/>                            <\/a>                        <\/div>\n                    \n                    <h6 class=\"block-title\">\n                                                <a href=\"https:\/\/trail.ac\/\" class=\"title-link scheme-color-hover\" title=\"En savoir plus sur : \">\n                                                                                                    <\/a>\n                                            <\/h6>\n\n                    <div class=\"block-content\">\n                                                                    <\/div>\n                <\/article>\n            <\/li>\n                <\/ul>\n    <\/div>\n<end-cask-shortcode-wrapper>\n<p>Instituts de recherche de l\u2019UMONS associ\u00e9s au service :<\/p>\n<start-cask-shortcode-wrapper>\t\t<div class=\"associated-institutes content-block scheme-fpms\">\n\t\t\t<ul class=\"institutes-list\">\n\t\t\t\t\t\t\t\t\t\t<li>\n\t\t\t\t\t\t\t<a href=\"https:\/\/web.umons.ac.be\/infortech\" title=\"Acc\u00e9der au site web de : Institut \/ Infortech\" class=\"associated-institute\">\n\t\t\t\t\t\t\t\t<img loading=\"lazy\" decoding=\"async\" width=\"1\" height=\"1\" src=\"https:\/\/web.umons.ac.be\/app\/uploads\/sites\/34\/2017\/12\/infortech_logo_fr.svg\" class=\"attachment-thumbnail size-thumbnail\" alt=\"\" \/>\t\t\t\t\t\t\t<\/a>\t\t\t\n\t\t\t\t\t\t<\/li>\n\t\t\t\t\t\t\t\t\t\t<li>\n\t\t\t\t\t\t\t<a href=\"https:\/\/web.umons.ac.be\/numediart\" title=\"Acc\u00e9der au site web de : Institut \/ Num\u00e9diart\" class=\"associated-institute\">\n\t\t\t\t\t\t\t\t<img loading=\"lazy\" decoding=\"async\" width=\"1\" height=\"1\" src=\"https:\/\/web.umons.ac.be\/app\/uploads\/sites\/37\/2017\/12\/numediart_logo_fr.svg\" class=\"attachment-thumbnail size-thumbnail\" alt=\"\" \/>\t\t\t\t\t\t\t<\/a>\t\t\t\n\t\t\t\t\t\t<\/li>\n\t\t\t\t\t\t\t<\/ul>\n\t\t<\/div>\n <end-cask-shortcode-wrapper>\n<h3><\/h3>\n<h3>Spinoffs lanc\u00e9es par l&rsquo;ISIA Lab<\/h3>\n<hr \/>\n<p>&nbsp;<\/p>\n<start-cask-shortcode-wrapper>    <div class=\"aggregation-blocks content-block scheme-fpms\">\n        <ul class=\"blocks-list\">\n                        <li>\n                <article class=\"aggregation-block\">\n                                            <div class=\"block-picture\">\n                            <a href=\"https:\/\/www.acapela-group.com\/\" title=\"En savoir plus sur : \">                                <img loading=\"lazy\" decoding=\"async\" width=\"1\" height=\"1\" src=\"https:\/\/web.umons.ac.be\/app\/uploads\/sites\/58\/2022\/02\/logo-acapela.svg\" class=\"attachment-news-featured size-news-featured\" alt=\"\" \/>                            <\/a>                        <\/div>\n                    \n                    <h4 class=\"block-title\">\n                                                <a href=\"https:\/\/www.acapela-group.com\/\" class=\"title-link scheme-color-hover\" title=\"En savoir plus sur : \">\n                                                                                                    <\/a>\n                                            <\/h4>\n\n                    <div class=\"block-content\">\n                                                                    <\/div>\n                <\/article>\n            <\/li>\n                    <li>\n                <article class=\"aggregation-block\">\n                                            <div class=\"block-picture\">\n                            <a href=\"https:\/\/www.hovertone.com\/\" title=\"En savoir plus sur : \">                                <img loading=\"lazy\" decoding=\"async\" width=\"300\" height=\"100\" src=\"https:\/\/web.umons.ac.be\/app\/uploads\/sites\/58\/2022\/02\/Horvetone.jpg\" class=\"attachment-news-featured size-news-featured\" alt=\"\" srcset=\"https:\/\/web.umons.ac.be\/app\/uploads\/sites\/58\/2022\/02\/Horvetone.jpg 300w, https:\/\/web.umons.ac.be\/app\/uploads\/sites\/58\/2022\/02\/Horvetone-30x10.jpg 30w, https:\/\/web.umons.ac.be\/app\/uploads\/sites\/58\/2022\/02\/Horvetone-60x20.jpg 60w\" sizes=\"auto, (max-width: 300px) 100vw, 300px\" \/>                            <\/a>                        <\/div>\n                    \n                    <h4 class=\"block-title\">\n                                                <a href=\"https:\/\/www.hovertone.com\/\" class=\"title-link scheme-color-hover\" title=\"En savoir plus sur : \">\n                                                                                                    <\/a>\n                                            <\/h4>\n\n                    <div class=\"block-content\">\n                                                                    <\/div>\n                <\/article>\n            <\/li>\n                    <li>\n                <article class=\"aggregation-block\">\n                                            <div class=\"block-picture\">\n                            <a href=\"https:\/\/www.ittention.com\/\" title=\"En savoir plus sur : \">                                <img loading=\"lazy\" decoding=\"async\" width=\"150\" height=\"39\" src=\"https:\/\/web.umons.ac.be\/app\/uploads\/sites\/58\/2022\/02\/6136339a8d9826d4527ea93d_ittention_hor-white-logo-Copie.png\" class=\"attachment-news-featured size-news-featured\" alt=\"\" srcset=\"https:\/\/web.umons.ac.be\/app\/uploads\/sites\/58\/2022\/02\/6136339a8d9826d4527ea93d_ittention_hor-white-logo-Copie.png 150w, https:\/\/web.umons.ac.be\/app\/uploads\/sites\/58\/2022\/02\/6136339a8d9826d4527ea93d_ittention_hor-white-logo-Copie-30x8.png 30w, https:\/\/web.umons.ac.be\/app\/uploads\/sites\/58\/2022\/02\/6136339a8d9826d4527ea93d_ittention_hor-white-logo-Copie-60x16.png 60w\" sizes=\"auto, (max-width: 150px) 100vw, 150px\" \/>                            <\/a>                        <\/div>\n                    \n                    <h4 class=\"block-title\">\n                                                <a href=\"https:\/\/www.ittention.com\/\" class=\"title-link scheme-color-hover\" title=\"En savoir plus sur : \">\n                                                                                                    <\/a>\n                                            <\/h4>\n\n                    <div class=\"block-content\">\n                                                                    <\/div>\n                <\/article>\n            <\/li>\n                    <li>\n                <article class=\"aggregation-block\">\n                                            <div class=\"block-picture\">\n                            <a href=\"https:\/\/www.depthen.com\/en\/\" title=\"En savoir plus sur : \">                                <img loading=\"lazy\" decoding=\"async\" width=\"300\" height=\"100\" src=\"https:\/\/web.umons.ac.be\/app\/uploads\/sites\/58\/2022\/02\/Depthen-Logo-Transparent-Horizontal-White-Shadow-1.png\" class=\"attachment-news-featured size-news-featured\" alt=\"\" srcset=\"https:\/\/web.umons.ac.be\/app\/uploads\/sites\/58\/2022\/02\/Depthen-Logo-Transparent-Horizontal-White-Shadow-1.png 300w, https:\/\/web.umons.ac.be\/app\/uploads\/sites\/58\/2022\/02\/Depthen-Logo-Transparent-Horizontal-White-Shadow-1-30x10.png 30w, https:\/\/web.umons.ac.be\/app\/uploads\/sites\/58\/2022\/02\/Depthen-Logo-Transparent-Horizontal-White-Shadow-1-60x20.png 60w\" sizes=\"auto, (max-width: 300px) 100vw, 300px\" \/>                            <\/a>                        <\/div>\n                    \n                    <h4 class=\"block-title\">\n                                                <a href=\"https:\/\/www.depthen.com\/en\/\" class=\"title-link scheme-color-hover\" title=\"En savoir plus sur : \">\n                                                                                                    <\/a>\n                                            <\/h4>\n\n                    <div class=\"block-content\">\n                                                                    <\/div>\n                <\/article>\n            <\/li>\n                <\/ul>\n    <\/div>\n<end-cask-shortcode-wrapper>\n<p>&nbsp;<\/p>\n<hr \/>\n<h3>Partenaires<\/h3>\n<hr \/>\n<p>Entreprises, Universit\u00e9s, Centres de R&amp;D et Op\u00e9rateurs de d\u00e9veloppement \u00e9conomique :<\/p>\n<p><img loading=\"lazy\" decoding=\"async\" class=\"alignnone size-large wp-image-481\" src=\"https:\/\/web.umons.ac.be\/app\/uploads\/sites\/58\/2022\/02\/Partners-1024x515.png\" alt=\"\" width=\"1024\" height=\"515\" srcset=\"https:\/\/web.umons.ac.be\/app\/uploads\/sites\/58\/2022\/02\/Partners-1024x515.png 1024w, https:\/\/web.umons.ac.be\/app\/uploads\/sites\/58\/2022\/02\/Partners-300x151.png 300w, https:\/\/web.umons.ac.be\/app\/uploads\/sites\/58\/2022\/02\/Partners-768x387.png 768w, https:\/\/web.umons.ac.be\/app\/uploads\/sites\/58\/2022\/02\/Partners-30x15.png 30w, https:\/\/web.umons.ac.be\/app\/uploads\/sites\/58\/2022\/02\/Partners-60x30.png 60w, https:\/\/web.umons.ac.be\/app\/uploads\/sites\/58\/2022\/02\/Partners-360x181.png 360w, https:\/\/web.umons.ac.be\/app\/uploads\/sites\/58\/2022\/02\/Partners.png 1196w\" sizes=\"auto, (max-width: 1024px) 100vw, 1024px\" \/><\/p>\n<p>&nbsp;<\/p>\n<p>&nbsp;<\/p>\n<p>&nbsp;<\/p>\n<p>&nbsp;<\/p>\n<p>&nbsp;<\/p>\n","protected":false},"excerpt":{"rendered":"<p>&nbsp; Membre fondateur de l\u2019institut interuniversitaire TRAIL. Instituts de recherche de l\u2019UMONS associ\u00e9s au service : Spinoffs lanc\u00e9es par l&rsquo;ISIA Lab &nbsp; &nbsp; Partenaires Entreprises, Universit\u00e9s, Centres de R&amp;D et Op\u00e9rateurs de d\u00e9veloppement \u00e9conomique : &nbsp; &nbsp; &nbsp; &nbsp; &nbsp;<\/p>\n","protected":false},"author":188,"featured_media":0,"parent":0,"menu_order":0,"comment_status":"closed","ping_status":"closed","template":"","meta":{"footnotes":""},"class_list":["post-615","page","type-page","status-publish","hentry"],"yoast_head":"<!-- This site is optimized with the Yoast SEO plugin v27.2 - https:\/\/yoast.com\/product\/yoast-seo-wordpress\/ -->\n<title>\u00c0 propos du service ISIA - Service \/ FPMS - Information, Signal, et Intelligence Artificielle<\/title>\n<meta name=\"robots\" content=\"index, follow, max-snippet:-1, max-image-preview:large, max-video-preview:-1\" \/>\n<link rel=\"canonical\" href=\"https:\/\/web.umons.ac.be\/isia\/about\/\" \/>\n<meta property=\"og:locale\" content=\"fr_FR\" \/>\n<meta property=\"og:type\" content=\"article\" \/>\n<meta property=\"og:title\" content=\"\u00c0 propos du service ISIA - Service \/ FPMS - Information, Signal, et Intelligence Artificielle\" \/>\n<meta property=\"og:description\" content=\"&nbsp; Membre fondateur de l\u2019institut interuniversitaire TRAIL. Instituts de recherche de l\u2019UMONS associ\u00e9s au service : Spinoffs lanc\u00e9es par l&rsquo;ISIA Lab &nbsp; &nbsp; Partenaires Entreprises, Universit\u00e9s, Centres de R&amp;D et Op\u00e9rateurs de d\u00e9veloppement \u00e9conomique : &nbsp; &nbsp; &nbsp; &nbsp; &nbsp;\" \/>\n<meta property=\"og:url\" content=\"https:\/\/web.umons.ac.be\/isia\/about\/\" \/>\n<meta property=\"og:site_name\" content=\"Service \/ FPMS - Information, Signal, et Intelligence Artificielle\" \/>\n<meta property=\"article:modified_time\" content=\"2024-05-07T13:41:36+00:00\" \/>\n<meta property=\"og:image\" content=\"https:\/\/web.umons.ac.be\/app\/uploads\/sites\/58\/2022\/02\/Partners-1024x515.png\" \/>\n<meta name=\"twitter:card\" content=\"summary_large_image\" \/>\n<meta name=\"twitter:label1\" content=\"Dur\u00e9e de lecture estim\u00e9e\" \/>\n\t<meta name=\"twitter:data1\" content=\"1 minute\" \/>\n<script type=\"application\/ld+json\" class=\"yoast-schema-graph\">{\"@context\":\"https:\/\/schema.org\",\"@graph\":[{\"@type\":\"WebPage\",\"@id\":\"https:\/\/web.umons.ac.be\/isia\/about\/\",\"url\":\"https:\/\/web.umons.ac.be\/isia\/about\/\",\"name\":\"\u00c0 propos du service ISIA - Service \/ FPMS - Information, Signal, et Intelligence Artificielle\",\"isPartOf\":{\"@id\":\"https:\/\/web.umons.ac.be\/isia\/#website\"},\"primaryImageOfPage\":{\"@id\":\"https:\/\/web.umons.ac.be\/isia\/about\/#primaryimage\"},\"image\":{\"@id\":\"https:\/\/web.umons.ac.be\/isia\/about\/#primaryimage\"},\"thumbnailUrl\":\"https:\/\/web.umons.ac.be\/app\/uploads\/sites\/58\/2022\/02\/Partners-1024x515.png\",\"datePublished\":\"2022-02-13T16:48:37+00:00\",\"dateModified\":\"2024-05-07T13:41:36+00:00\",\"breadcrumb\":{\"@id\":\"https:\/\/web.umons.ac.be\/isia\/about\/#breadcrumb\"},\"inLanguage\":\"fr-FR\",\"potentialAction\":[{\"@type\":\"ReadAction\",\"target\":[\"https:\/\/web.umons.ac.be\/isia\/about\/\"]}]},{\"@type\":\"ImageObject\",\"inLanguage\":\"fr-FR\",\"@id\":\"https:\/\/web.umons.ac.be\/isia\/about\/#primaryimage\",\"url\":\"https:\/\/web.umons.ac.be\/app\/uploads\/sites\/58\/2022\/02\/Partners-1024x515.png\",\"contentUrl\":\"https:\/\/web.umons.ac.be\/app\/uploads\/sites\/58\/2022\/02\/Partners-1024x515.png\"},{\"@type\":\"BreadcrumbList\",\"@id\":\"https:\/\/web.umons.ac.be\/isia\/about\/#breadcrumb\",\"itemListElement\":[{\"@type\":\"ListItem\",\"position\":1,\"name\":\"Home\",\"item\":\"https:\/\/web.umons.ac.be\/isia\/en\/home\/\"},{\"@type\":\"ListItem\",\"position\":2,\"name\":\"\u00c0 propos du service ISIA\"}]},{\"@type\":\"WebSite\",\"@id\":\"https:\/\/web.umons.ac.be\/isia\/#website\",\"url\":\"https:\/\/web.umons.ac.be\/isia\/\",\"name\":\"Service \/ FPMS - Information, Signal, et Intelligence Artificielle\",\"description\":\"\",\"potentialAction\":[{\"@type\":\"SearchAction\",\"target\":{\"@type\":\"EntryPoint\",\"urlTemplate\":\"https:\/\/web.umons.ac.be\/isia\/?s={search_term_string}\"},\"query-input\":{\"@type\":\"PropertyValueSpecification\",\"valueRequired\":true,\"valueName\":\"search_term_string\"}}],\"inLanguage\":\"fr-FR\"}]}<\/script>\n<!-- \/ Yoast SEO plugin. -->","yoast_head_json":{"title":"\u00c0 propos du service ISIA - Service \/ FPMS - Information, Signal, et Intelligence Artificielle","robots":{"index":"index","follow":"follow","max-snippet":"max-snippet:-1","max-image-preview":"max-image-preview:large","max-video-preview":"max-video-preview:-1"},"canonical":"https:\/\/web.umons.ac.be\/isia\/about\/","og_locale":"fr_FR","og_type":"article","og_title":"\u00c0 propos du service ISIA - Service \/ FPMS - Information, Signal, et Intelligence Artificielle","og_description":"&nbsp; Membre fondateur de l\u2019institut interuniversitaire TRAIL. Instituts de recherche de l\u2019UMONS associ\u00e9s au service : Spinoffs lanc\u00e9es par l&rsquo;ISIA Lab &nbsp; &nbsp; Partenaires Entreprises, Universit\u00e9s, Centres de R&amp;D et Op\u00e9rateurs de d\u00e9veloppement \u00e9conomique : &nbsp; &nbsp; &nbsp; &nbsp; &nbsp;","og_url":"https:\/\/web.umons.ac.be\/isia\/about\/","og_site_name":"Service \/ FPMS - Information, Signal, et Intelligence Artificielle","article_modified_time":"2024-05-07T13:41:36+00:00","og_image":[{"url":"https:\/\/web.umons.ac.be\/app\/uploads\/sites\/58\/2022\/02\/Partners-1024x515.png","type":"","width":"","height":""}],"twitter_card":"summary_large_image","twitter_misc":{"Dur\u00e9e de lecture estim\u00e9e":"1 minute"},"schema":{"@context":"https:\/\/schema.org","@graph":[{"@type":"WebPage","@id":"https:\/\/web.umons.ac.be\/isia\/about\/","url":"https:\/\/web.umons.ac.be\/isia\/about\/","name":"\u00c0 propos du service ISIA - Service \/ FPMS - Information, Signal, et Intelligence Artificielle","isPartOf":{"@id":"https:\/\/web.umons.ac.be\/isia\/#website"},"primaryImageOfPage":{"@id":"https:\/\/web.umons.ac.be\/isia\/about\/#primaryimage"},"image":{"@id":"https:\/\/web.umons.ac.be\/isia\/about\/#primaryimage"},"thumbnailUrl":"https:\/\/web.umons.ac.be\/app\/uploads\/sites\/58\/2022\/02\/Partners-1024x515.png","datePublished":"2022-02-13T16:48:37+00:00","dateModified":"2024-05-07T13:41:36+00:00","breadcrumb":{"@id":"https:\/\/web.umons.ac.be\/isia\/about\/#breadcrumb"},"inLanguage":"fr-FR","potentialAction":[{"@type":"ReadAction","target":["https:\/\/web.umons.ac.be\/isia\/about\/"]}]},{"@type":"ImageObject","inLanguage":"fr-FR","@id":"https:\/\/web.umons.ac.be\/isia\/about\/#primaryimage","url":"https:\/\/web.umons.ac.be\/app\/uploads\/sites\/58\/2022\/02\/Partners-1024x515.png","contentUrl":"https:\/\/web.umons.ac.be\/app\/uploads\/sites\/58\/2022\/02\/Partners-1024x515.png"},{"@type":"BreadcrumbList","@id":"https:\/\/web.umons.ac.be\/isia\/about\/#breadcrumb","itemListElement":[{"@type":"ListItem","position":1,"name":"Home","item":"https:\/\/web.umons.ac.be\/isia\/en\/home\/"},{"@type":"ListItem","position":2,"name":"\u00c0 propos du service ISIA"}]},{"@type":"WebSite","@id":"https:\/\/web.umons.ac.be\/isia\/#website","url":"https:\/\/web.umons.ac.be\/isia\/","name":"Service \/ FPMS - Information, Signal, et Intelligence Artificielle","description":"","potentialAction":[{"@type":"SearchAction","target":{"@type":"EntryPoint","urlTemplate":"https:\/\/web.umons.ac.be\/isia\/?s={search_term_string}"},"query-input":{"@type":"PropertyValueSpecification","valueRequired":true,"valueName":"search_term_string"}}],"inLanguage":"fr-FR"}]}},"lang":"fr","translations":{"fr":615,"en":519},"pll_sync_post":[],"_links":{"self":[{"href":"https:\/\/web.umons.ac.be\/isia\/wp-json\/wp\/v2\/pages\/615","targetHints":{"allow":["GET"]}}],"collection":[{"href":"https:\/\/web.umons.ac.be\/isia\/wp-json\/wp\/v2\/pages"}],"about":[{"href":"https:\/\/web.umons.ac.be\/isia\/wp-json\/wp\/v2\/types\/page"}],"author":[{"embeddable":true,"href":"https:\/\/web.umons.ac.be\/isia\/wp-json\/wp\/v2\/users\/188"}],"replies":[{"embeddable":true,"href":"https:\/\/web.umons.ac.be\/isia\/wp-json\/wp\/v2\/comments?post=615"}],"version-history":[{"count":5,"href":"https:\/\/web.umons.ac.be\/isia\/wp-json\/wp\/v2\/pages\/615\/revisions"}],"predecessor-version":[{"id":1870,"href":"https:\/\/web.umons.ac.be\/isia\/wp-json\/wp\/v2\/pages\/615\/revisions\/1870"}],"wp:attachment":[{"href":"https:\/\/web.umons.ac.be\/isia\/wp-json\/wp\/v2\/media?parent=615"}],"curies":[{"name":"wp","href":"https:\/\/api.w.org\/{rel}","templated":true}]}}