{"id":26,"date":"2017-09-08T17:24:51","date_gmt":"2017-09-08T15:24:51","guid":{"rendered":"https:\/\/web.umons.ac.be\/langage\/?page_id=26"},"modified":"2017-09-08T17:40:11","modified_gmt":"2017-09-08T15:40:11","slug":"expertises-et-thematiques","status":"publish","type":"page","link":"https:\/\/web.umons.ac.be\/langage\/fr\/expertises-et-thematiques\/","title":{"rendered":"Expertises et th\u00e9matiques"},"content":{"rendered":"<ul>\n<li><strong>Les approches centr\u00e9es syst\u00e8m<\/strong>e consid\u00e8rent le langage comme objet en soi, susceptible d\u2019\u00eatre \u00e9tudi\u00e9 sous divers angles correspondant aux diverses strates du syst\u00e8me langagier (sons, signes graphiques, groupes de sons, groupes de signes graphiques, unit\u00e9s lexicales, entit\u00e9s syntaxiques, phrases, discours, etc.) ; elles peuvent relever de dynamiques tant synchroniques que diachroniques. Sont ici convi\u00e9s les apports disciplinaires de la philologie, de la grammaire, des sp\u00e9cialisations de celleci (phon\u00e9tique, phonologie, lexicologie, s\u00e9mantique, morphologie, etc.) ainsi que de sciences connexes telles la s\u00e9miologie, l\u2019anthropologie, la sociologie, etc.<br \/>\n<em><strong>La cible scientifique est ici la m\u00e9canique du syst\u00e8me langagier: son fonctionnement et ses \u00e9volutions.<\/strong><\/em><\/li>\n<\/ul>\n<p>&nbsp;<\/p>\n<ul>\n<li><strong>Les approches centr\u00e9es facult\u00e9<\/strong> se centrent sur les m\u00e9canismes de traitement du langage d\u00e9velopp\u00e9s par l\u2019individu ; elles proc\u00e8dent d\u2019angles d\u2019attaque fonctionnels diversifi\u00e9s (aspects li\u00e9s au contr\u00f4le cognitif, \u00e0 la perception, \u00e0 l\u2019\u00e9mission, etc.) et peuvent prendre en consid\u00e9ration divers types de ph\u00e9nom\u00e8nes (productions sonores ou graphiques, signaux biophysiques, comportements macroscopiques, etc.).<br \/>\n<em><strong>La cible scientifique est ici la personne, dans son fonctionnement communicatif et les \u00e9volutions de celui-ci.<\/strong><\/em><\/li>\n<\/ul>\n<p>&nbsp;<\/p>\n<ul>\n<li><strong>Les actes langagiers<\/strong> consid\u00e9r\u00e9s ressortissent \u00e0 toute modalit\u00e9 identifiable (production, r\u00e9ception, interaction, m\u00e9diation), tant \u00e0 l\u2019\u00e9crit qu\u2019\u00e0 l\u2019oral. Ils peuvent se d\u00e9velopper dans divers contextes de communication (laboratoire, famille, institution de soins, lieu de travail, milieu carc\u00e9ral, \u00e9cole, etc.) et sous divers types de contrainte (charge cognitive, pression temporelle, conditions adverses de communication, stress, variations de l\u2019\u00e9tat thymique, etc.) susceptibles d\u2019influer sur leur r\u00e9alisation. Ils peuvent \u00eatre le fait de locuteurs plac\u00e9s ou non en situation d\u2019handicap (pathologies inn\u00e9es, acquises, fonctionnelles et\/ou d\u00e9veloppementales) et concerner des locuteurs mono- ou multilingues recourant \u00e0 leur premi\u00e8re, deuxi\u00e8me, troisi\u00e8me\u2026 langue dans un environnement multilingue ou non, ayant ou non fait l\u2019objet de proc\u00e9dures sp\u00e9cifiques d\u2019am\u00e9nagement linguistique. La perspective peut \u00eatre aussi bien statique (le langage consid\u00e9r\u00e9 \u00e0 l\u2019\u00e9tat stable) que dynamique (acquisition, d\u00e9veloppement, r\u00e9\u00e9ducation, attrition, etc.).<\/li>\n<\/ul>\n","protected":false},"excerpt":{"rendered":"<p>Les approches centr\u00e9es syst\u00e8me consid\u00e8rent le langage comme objet en soi, susceptible d\u2019\u00eatre \u00e9tudi\u00e9 sous divers angles correspondant aux diverses strates du syst\u00e8me langagier (sons, signes graphiques, groupes de sons, groupes de signes graphiques, unit\u00e9s lexicales, entit\u00e9s syntaxiques, phrases, discours, etc.) ; elles peuvent relever de dynamiques tant synchroniques que diachroniques. Sont ici convi\u00e9s les [&hellip;]<\/p>\n","protected":false},"author":2,"featured_media":0,"parent":0,"menu_order":2,"comment_status":"closed","ping_status":"closed","template":"","meta":{"footnotes":""},"class_list":["post-26","page","type-page","status-publish","hentry"],"yoast_head":"<!-- This site is optimized with the Yoast SEO plugin v27.2 - https:\/\/yoast.com\/product\/yoast-seo-wordpress\/ -->\n<title>Expertises et th\u00e9matiques - Institut \/ Langage<\/title>\n<meta name=\"robots\" content=\"index, follow, max-snippet:-1, max-image-preview:large, max-video-preview:-1\" \/>\n<link rel=\"canonical\" href=\"https:\/\/web.umons.ac.be\/langage\/fr\/expertises-et-thematiques\/\" \/>\n<meta property=\"og:locale\" content=\"fr_FR\" \/>\n<meta property=\"og:type\" content=\"article\" \/>\n<meta property=\"og:title\" content=\"Expertises et th\u00e9matiques - Institut \/ Langage\" \/>\n<meta property=\"og:description\" content=\"Les approches centr\u00e9es syst\u00e8me consid\u00e8rent le langage comme objet en soi, susceptible d\u2019\u00eatre \u00e9tudi\u00e9 sous divers angles correspondant aux diverses strates du syst\u00e8me langagier (sons, signes graphiques, groupes de sons, groupes de signes graphiques, unit\u00e9s lexicales, entit\u00e9s syntaxiques, phrases, discours, etc.) ; elles peuvent relever de dynamiques tant synchroniques que diachroniques. Sont ici convi\u00e9s les [&hellip;]\" \/>\n<meta property=\"og:url\" content=\"https:\/\/web.umons.ac.be\/langage\/fr\/expertises-et-thematiques\/\" \/>\n<meta property=\"og:site_name\" content=\"Institut \/ Langage\" \/>\n<meta property=\"article:modified_time\" content=\"2017-09-08T15:40:11+00:00\" \/>\n<meta name=\"twitter:card\" content=\"summary_large_image\" \/>\n<meta name=\"twitter:label1\" content=\"Dur\u00e9e de lecture estim\u00e9e\" \/>\n\t<meta name=\"twitter:data1\" content=\"2 minutes\" \/>\n<script type=\"application\/ld+json\" class=\"yoast-schema-graph\">{\"@context\":\"https:\/\/schema.org\",\"@graph\":[{\"@type\":\"WebPage\",\"@id\":\"https:\/\/web.umons.ac.be\/langage\/fr\/expertises-et-thematiques\/\",\"url\":\"https:\/\/web.umons.ac.be\/langage\/fr\/expertises-et-thematiques\/\",\"name\":\"Expertises et th\u00e9matiques - Institut \/ Langage\",\"isPartOf\":{\"@id\":\"https:\/\/web.umons.ac.be\/langage\/#website\"},\"datePublished\":\"2017-09-08T15:24:51+00:00\",\"dateModified\":\"2017-09-08T15:40:11+00:00\",\"breadcrumb\":{\"@id\":\"https:\/\/web.umons.ac.be\/langage\/fr\/expertises-et-thematiques\/#breadcrumb\"},\"inLanguage\":\"fr-FR\",\"potentialAction\":[{\"@type\":\"ReadAction\",\"target\":[\"https:\/\/web.umons.ac.be\/langage\/fr\/expertises-et-thematiques\/\"]}]},{\"@type\":\"BreadcrumbList\",\"@id\":\"https:\/\/web.umons.ac.be\/langage\/fr\/expertises-et-thematiques\/#breadcrumb\",\"itemListElement\":[{\"@type\":\"ListItem\",\"position\":1,\"name\":\"Accueil\",\"item\":\"https:\/\/web.umons.ac.be\/langage\/fr\/\"},{\"@type\":\"ListItem\",\"position\":2,\"name\":\"Expertises et th\u00e9matiques\"}]},{\"@type\":\"WebSite\",\"@id\":\"https:\/\/web.umons.ac.be\/langage\/#website\",\"url\":\"https:\/\/web.umons.ac.be\/langage\/\",\"name\":\"Institut \/ Langage\",\"description\":\"Un site utilisant Universit\u00e9 de Mons \u2013 UMONS\",\"potentialAction\":[{\"@type\":\"SearchAction\",\"target\":{\"@type\":\"EntryPoint\",\"urlTemplate\":\"https:\/\/web.umons.ac.be\/langage\/?s={search_term_string}\"},\"query-input\":{\"@type\":\"PropertyValueSpecification\",\"valueRequired\":true,\"valueName\":\"search_term_string\"}}],\"inLanguage\":\"fr-FR\"}]}<\/script>\n<!-- \/ Yoast SEO plugin. -->","yoast_head_json":{"title":"Expertises et th\u00e9matiques - Institut \/ Langage","robots":{"index":"index","follow":"follow","max-snippet":"max-snippet:-1","max-image-preview":"max-image-preview:large","max-video-preview":"max-video-preview:-1"},"canonical":"https:\/\/web.umons.ac.be\/langage\/fr\/expertises-et-thematiques\/","og_locale":"fr_FR","og_type":"article","og_title":"Expertises et th\u00e9matiques - Institut \/ Langage","og_description":"Les approches centr\u00e9es syst\u00e8me consid\u00e8rent le langage comme objet en soi, susceptible d\u2019\u00eatre \u00e9tudi\u00e9 sous divers angles correspondant aux diverses strates du syst\u00e8me langagier (sons, signes graphiques, groupes de sons, groupes de signes graphiques, unit\u00e9s lexicales, entit\u00e9s syntaxiques, phrases, discours, etc.) ; elles peuvent relever de dynamiques tant synchroniques que diachroniques. Sont ici convi\u00e9s les [&hellip;]","og_url":"https:\/\/web.umons.ac.be\/langage\/fr\/expertises-et-thematiques\/","og_site_name":"Institut \/ Langage","article_modified_time":"2017-09-08T15:40:11+00:00","twitter_card":"summary_large_image","twitter_misc":{"Dur\u00e9e de lecture estim\u00e9e":"2 minutes"},"schema":{"@context":"https:\/\/schema.org","@graph":[{"@type":"WebPage","@id":"https:\/\/web.umons.ac.be\/langage\/fr\/expertises-et-thematiques\/","url":"https:\/\/web.umons.ac.be\/langage\/fr\/expertises-et-thematiques\/","name":"Expertises et th\u00e9matiques - Institut \/ Langage","isPartOf":{"@id":"https:\/\/web.umons.ac.be\/langage\/#website"},"datePublished":"2017-09-08T15:24:51+00:00","dateModified":"2017-09-08T15:40:11+00:00","breadcrumb":{"@id":"https:\/\/web.umons.ac.be\/langage\/fr\/expertises-et-thematiques\/#breadcrumb"},"inLanguage":"fr-FR","potentialAction":[{"@type":"ReadAction","target":["https:\/\/web.umons.ac.be\/langage\/fr\/expertises-et-thematiques\/"]}]},{"@type":"BreadcrumbList","@id":"https:\/\/web.umons.ac.be\/langage\/fr\/expertises-et-thematiques\/#breadcrumb","itemListElement":[{"@type":"ListItem","position":1,"name":"Accueil","item":"https:\/\/web.umons.ac.be\/langage\/fr\/"},{"@type":"ListItem","position":2,"name":"Expertises et th\u00e9matiques"}]},{"@type":"WebSite","@id":"https:\/\/web.umons.ac.be\/langage\/#website","url":"https:\/\/web.umons.ac.be\/langage\/","name":"Institut \/ Langage","description":"Un site utilisant Universit\u00e9 de Mons \u2013 UMONS","potentialAction":[{"@type":"SearchAction","target":{"@type":"EntryPoint","urlTemplate":"https:\/\/web.umons.ac.be\/langage\/?s={search_term_string}"},"query-input":{"@type":"PropertyValueSpecification","valueRequired":true,"valueName":"search_term_string"}}],"inLanguage":"fr-FR"}]}},"lang":"fr","translations":{"fr":26,"en":146},"pll_sync_post":[],"_links":{"self":[{"href":"https:\/\/web.umons.ac.be\/langage\/wp-json\/wp\/v2\/pages\/26","targetHints":{"allow":["GET"]}}],"collection":[{"href":"https:\/\/web.umons.ac.be\/langage\/wp-json\/wp\/v2\/pages"}],"about":[{"href":"https:\/\/web.umons.ac.be\/langage\/wp-json\/wp\/v2\/types\/page"}],"author":[{"embeddable":true,"href":"https:\/\/web.umons.ac.be\/langage\/wp-json\/wp\/v2\/users\/2"}],"replies":[{"embeddable":true,"href":"https:\/\/web.umons.ac.be\/langage\/wp-json\/wp\/v2\/comments?post=26"}],"version-history":[{"count":2,"href":"https:\/\/web.umons.ac.be\/langage\/wp-json\/wp\/v2\/pages\/26\/revisions"}],"predecessor-version":[{"id":28,"href":"https:\/\/web.umons.ac.be\/langage\/wp-json\/wp\/v2\/pages\/26\/revisions\/28"}],"wp:attachment":[{"href":"https:\/\/web.umons.ac.be\/langage\/wp-json\/wp\/v2\/media?parent=26"}],"curies":[{"name":"wp","href":"https:\/\/api.w.org\/{rel}","templated":true}]}}