{"id":437,"date":"2021-04-29T14:33:37","date_gmt":"2021-04-29T12:33:37","guid":{"rendered":"https:\/\/web.umons.ac.be\/langage\/?page_id=437"},"modified":"2021-05-03T11:17:54","modified_gmt":"2021-05-03T09:17:54","slug":"conditions-dacces","status":"publish","type":"page","link":"https:\/\/web.umons.ac.be\/langage\/fr\/conditions-dacces\/","title":{"rendered":"Conditions d&rsquo;acc\u00e8s"},"content":{"rendered":"<p>Ont acc\u00e8s aux \u00e9tudes de master de sp\u00e9cialisation en sciences du langage<\/p>\n<ul>\n<li>les \u00e9tudiants qui satisfont aux conditions d\u2019acc\u00e8s au Master (\u00e9num\u00e9r\u00e9es \u00e0 l\u2019article 111) \u2013 et soit sont porteurs d\u2019un titre, dipl\u00f4me, grade ou certificat de deuxi\u00e8me cycle, en Communaut\u00e9 fran\u00e7aise ou ext\u00e9rieur \u00e0 celle-ci, soit ont acquis des comp\u00e9tences valoris\u00e9es par le jury pour au moins 300 cr\u00e9dits dans le domaine des sciences psychologiques, \u00e0 orientation neuropsychologique, ou des sciences logop\u00e9diques.<\/li>\n<li>aux conditions g\u00e9n\u00e9rales fix\u00e9es par les autorit\u00e9s acad\u00e9miques, les \u00e9tudiants qui peuvent se pr\u00e9valoir d\u2019une exp\u00e9rience personnelle ou professionnelle utile d\u2019au moins 5 ann\u00e9es (dont maximum 2 ann\u00e9es d\u2019\u00e9tudes sup\u00e9rieures) valoris\u00e9e par le jury au terme d\u2019une \u00e9valuation.<\/li>\n<\/ul>\n","protected":false},"excerpt":{"rendered":"<p>Ont acc\u00e8s aux \u00e9tudes de master de sp\u00e9cialisation en sciences du langage les \u00e9tudiants qui satisfont aux conditions d\u2019acc\u00e8s au Master (\u00e9num\u00e9r\u00e9es \u00e0 l\u2019article 111) \u2013 et soit sont porteurs d\u2019un titre, dipl\u00f4me, grade ou certificat de deuxi\u00e8me cycle, en Communaut\u00e9 fran\u00e7aise ou ext\u00e9rieur \u00e0 celle-ci, soit ont acquis des comp\u00e9tences valoris\u00e9es par le jury [&hellip;]<\/p>\n","protected":false},"author":2,"featured_media":0,"parent":0,"menu_order":0,"comment_status":"closed","ping_status":"closed","template":"","meta":{"footnotes":""},"class_list":["post-437","page","type-page","status-publish","hentry"],"yoast_head":"<!-- This site is optimized with the Yoast SEO plugin v27.2 - https:\/\/yoast.com\/product\/yoast-seo-wordpress\/ -->\n<title>Conditions d&#039;acc\u00e8s - Institut \/ Langage<\/title>\n<meta name=\"robots\" content=\"index, follow, max-snippet:-1, max-image-preview:large, max-video-preview:-1\" \/>\n<link rel=\"canonical\" href=\"https:\/\/web.umons.ac.be\/langage\/fr\/conditions-dacces\/\" \/>\n<meta property=\"og:locale\" content=\"fr_FR\" \/>\n<meta property=\"og:type\" content=\"article\" \/>\n<meta property=\"og:title\" content=\"Conditions d&#039;acc\u00e8s - Institut \/ Langage\" \/>\n<meta property=\"og:description\" content=\"Ont acc\u00e8s aux \u00e9tudes de master de sp\u00e9cialisation en sciences du langage les \u00e9tudiants qui satisfont aux conditions d\u2019acc\u00e8s au Master (\u00e9num\u00e9r\u00e9es \u00e0 l\u2019article 111) \u2013 et soit sont porteurs d\u2019un titre, dipl\u00f4me, grade ou certificat de deuxi\u00e8me cycle, en Communaut\u00e9 fran\u00e7aise ou ext\u00e9rieur \u00e0 celle-ci, soit ont acquis des comp\u00e9tences valoris\u00e9es par le jury [&hellip;]\" \/>\n<meta property=\"og:url\" content=\"https:\/\/web.umons.ac.be\/langage\/fr\/conditions-dacces\/\" \/>\n<meta property=\"og:site_name\" content=\"Institut \/ Langage\" \/>\n<meta property=\"article:modified_time\" content=\"2021-05-03T09:17:54+00:00\" \/>\n<meta name=\"twitter:card\" content=\"summary_large_image\" \/>\n<meta name=\"twitter:label1\" content=\"Dur\u00e9e de lecture estim\u00e9e\" \/>\n\t<meta name=\"twitter:data1\" content=\"1 minute\" \/>\n<script type=\"application\/ld+json\" class=\"yoast-schema-graph\">{\"@context\":\"https:\/\/schema.org\",\"@graph\":[{\"@type\":\"WebPage\",\"@id\":\"https:\/\/web.umons.ac.be\/langage\/fr\/conditions-dacces\/\",\"url\":\"https:\/\/web.umons.ac.be\/langage\/fr\/conditions-dacces\/\",\"name\":\"Conditions d'acc\u00e8s - Institut \/ Langage\",\"isPartOf\":{\"@id\":\"https:\/\/web.umons.ac.be\/langage\/#website\"},\"datePublished\":\"2021-04-29T12:33:37+00:00\",\"dateModified\":\"2021-05-03T09:17:54+00:00\",\"breadcrumb\":{\"@id\":\"https:\/\/web.umons.ac.be\/langage\/fr\/conditions-dacces\/#breadcrumb\"},\"inLanguage\":\"fr-FR\",\"potentialAction\":[{\"@type\":\"ReadAction\",\"target\":[\"https:\/\/web.umons.ac.be\/langage\/fr\/conditions-dacces\/\"]}]},{\"@type\":\"BreadcrumbList\",\"@id\":\"https:\/\/web.umons.ac.be\/langage\/fr\/conditions-dacces\/#breadcrumb\",\"itemListElement\":[{\"@type\":\"ListItem\",\"position\":1,\"name\":\"Accueil\",\"item\":\"https:\/\/web.umons.ac.be\/langage\/fr\/\"},{\"@type\":\"ListItem\",\"position\":2,\"name\":\"Conditions d&rsquo;acc\u00e8s\"}]},{\"@type\":\"WebSite\",\"@id\":\"https:\/\/web.umons.ac.be\/langage\/#website\",\"url\":\"https:\/\/web.umons.ac.be\/langage\/\",\"name\":\"Institut \/ Langage\",\"description\":\"Un site utilisant Universit\u00e9 de Mons \u2013 UMONS\",\"potentialAction\":[{\"@type\":\"SearchAction\",\"target\":{\"@type\":\"EntryPoint\",\"urlTemplate\":\"https:\/\/web.umons.ac.be\/langage\/?s={search_term_string}\"},\"query-input\":{\"@type\":\"PropertyValueSpecification\",\"valueRequired\":true,\"valueName\":\"search_term_string\"}}],\"inLanguage\":\"fr-FR\"}]}<\/script>\n<!-- \/ Yoast SEO plugin. -->","yoast_head_json":{"title":"Conditions d'acc\u00e8s - Institut \/ Langage","robots":{"index":"index","follow":"follow","max-snippet":"max-snippet:-1","max-image-preview":"max-image-preview:large","max-video-preview":"max-video-preview:-1"},"canonical":"https:\/\/web.umons.ac.be\/langage\/fr\/conditions-dacces\/","og_locale":"fr_FR","og_type":"article","og_title":"Conditions d'acc\u00e8s - Institut \/ Langage","og_description":"Ont acc\u00e8s aux \u00e9tudes de master de sp\u00e9cialisation en sciences du langage les \u00e9tudiants qui satisfont aux conditions d\u2019acc\u00e8s au Master (\u00e9num\u00e9r\u00e9es \u00e0 l\u2019article 111) \u2013 et soit sont porteurs d\u2019un titre, dipl\u00f4me, grade ou certificat de deuxi\u00e8me cycle, en Communaut\u00e9 fran\u00e7aise ou ext\u00e9rieur \u00e0 celle-ci, soit ont acquis des comp\u00e9tences valoris\u00e9es par le jury [&hellip;]","og_url":"https:\/\/web.umons.ac.be\/langage\/fr\/conditions-dacces\/","og_site_name":"Institut \/ Langage","article_modified_time":"2021-05-03T09:17:54+00:00","twitter_card":"summary_large_image","twitter_misc":{"Dur\u00e9e de lecture estim\u00e9e":"1 minute"},"schema":{"@context":"https:\/\/schema.org","@graph":[{"@type":"WebPage","@id":"https:\/\/web.umons.ac.be\/langage\/fr\/conditions-dacces\/","url":"https:\/\/web.umons.ac.be\/langage\/fr\/conditions-dacces\/","name":"Conditions d'acc\u00e8s - Institut \/ Langage","isPartOf":{"@id":"https:\/\/web.umons.ac.be\/langage\/#website"},"datePublished":"2021-04-29T12:33:37+00:00","dateModified":"2021-05-03T09:17:54+00:00","breadcrumb":{"@id":"https:\/\/web.umons.ac.be\/langage\/fr\/conditions-dacces\/#breadcrumb"},"inLanguage":"fr-FR","potentialAction":[{"@type":"ReadAction","target":["https:\/\/web.umons.ac.be\/langage\/fr\/conditions-dacces\/"]}]},{"@type":"BreadcrumbList","@id":"https:\/\/web.umons.ac.be\/langage\/fr\/conditions-dacces\/#breadcrumb","itemListElement":[{"@type":"ListItem","position":1,"name":"Accueil","item":"https:\/\/web.umons.ac.be\/langage\/fr\/"},{"@type":"ListItem","position":2,"name":"Conditions d&rsquo;acc\u00e8s"}]},{"@type":"WebSite","@id":"https:\/\/web.umons.ac.be\/langage\/#website","url":"https:\/\/web.umons.ac.be\/langage\/","name":"Institut \/ Langage","description":"Un site utilisant Universit\u00e9 de Mons \u2013 UMONS","potentialAction":[{"@type":"SearchAction","target":{"@type":"EntryPoint","urlTemplate":"https:\/\/web.umons.ac.be\/langage\/?s={search_term_string}"},"query-input":{"@type":"PropertyValueSpecification","valueRequired":true,"valueName":"search_term_string"}}],"inLanguage":"fr-FR"}]}},"lang":"fr","translations":{"fr":437},"pll_sync_post":[],"_links":{"self":[{"href":"https:\/\/web.umons.ac.be\/langage\/wp-json\/wp\/v2\/pages\/437","targetHints":{"allow":["GET"]}}],"collection":[{"href":"https:\/\/web.umons.ac.be\/langage\/wp-json\/wp\/v2\/pages"}],"about":[{"href":"https:\/\/web.umons.ac.be\/langage\/wp-json\/wp\/v2\/types\/page"}],"author":[{"embeddable":true,"href":"https:\/\/web.umons.ac.be\/langage\/wp-json\/wp\/v2\/users\/2"}],"replies":[{"embeddable":true,"href":"https:\/\/web.umons.ac.be\/langage\/wp-json\/wp\/v2\/comments?post=437"}],"version-history":[{"count":2,"href":"https:\/\/web.umons.ac.be\/langage\/wp-json\/wp\/v2\/pages\/437\/revisions"}],"predecessor-version":[{"id":444,"href":"https:\/\/web.umons.ac.be\/langage\/wp-json\/wp\/v2\/pages\/437\/revisions\/444"}],"wp:attachment":[{"href":"https:\/\/web.umons.ac.be\/langage\/wp-json\/wp\/v2\/media?parent=437"}],"curies":[{"name":"wp","href":"https:\/\/api.w.org\/{rel}","templated":true}]}}