{"id":77,"date":"2017-09-22T15:09:35","date_gmt":"2017-09-22T13:09:35","guid":{"rendered":"https:\/\/web.umons.ac.be\/langage\/?page_id=77"},"modified":"2021-05-03T11:16:49","modified_gmt":"2021-05-03T09:16:49","slug":"offre-de-formation","status":"publish","type":"page","link":"https:\/\/web.umons.ac.be\/langage\/fr\/enseignement\/offre-de-formation\/","title":{"rendered":"Offre de formation"},"content":{"rendered":"<h2>L&rsquo;Institut propose :<\/h2>\n<h5><strong>Master de sp\u00e9cialisation en Sciences du Langage<\/strong> :<\/h5>\n<start-cask-shortcode-wrapper><end-cask-shortcode-wrapper>\n<p>&nbsp;<\/p>\n<p>&nbsp;<\/p>\n<div style=\"text-align: center\">\n<div style=\"text-align: center\"><\/div>\n<\/div>\n<p>&nbsp;<\/p>\n<p>&nbsp;<\/p>\n<h5><strong>Certificat d&rsquo;Universit\u00e9<\/strong> :<\/h5>\n<ul>\n<li>Sp\u00e9cialisation en didactique des langues<\/li>\n<li>Sp\u00e9cialisation en phon\u00e9tique et psycholinguistique cliniques<\/li>\n<li>Sp\u00e9cialisation en p\u00e9dagogie de l&rsquo;oral pour l&rsquo;enseignement-apprentissage des langues \u00e9trang\u00e8res<\/li>\n<li>Sp\u00e9cialisation en m\u00e9thodologie de l&rsquo;immersion linguistique<\/li>\n<\/ul>\n","protected":false},"excerpt":{"rendered":"<p>L&rsquo;Institut propose : Master de sp\u00e9cialisation en Sciences du Langage : &nbsp; &nbsp; &nbsp; &nbsp; Certificat d&rsquo;Universit\u00e9 : Sp\u00e9cialisation en didactique des langues Sp\u00e9cialisation en phon\u00e9tique et psycholinguistique cliniques Sp\u00e9cialisation en p\u00e9dagogie de l&rsquo;oral pour l&rsquo;enseignement-apprentissage des langues \u00e9trang\u00e8res Sp\u00e9cialisation en m\u00e9thodologie de l&rsquo;immersion linguistique<\/p>\n","protected":false},"author":2,"featured_media":0,"parent":72,"menu_order":2,"comment_status":"closed","ping_status":"closed","template":"","meta":{"footnotes":""},"class_list":["post-77","page","type-page","status-publish","hentry"],"yoast_head":"<!-- This site is optimized with the Yoast SEO plugin v27.2 - https:\/\/yoast.com\/product\/yoast-seo-wordpress\/ -->\n<title>Offre de formation - Institut \/ Langage<\/title>\n<meta name=\"robots\" content=\"index, follow, max-snippet:-1, max-image-preview:large, max-video-preview:-1\" \/>\n<link rel=\"canonical\" href=\"https:\/\/web.umons.ac.be\/langage\/fr\/enseignement\/offre-de-formation\/\" \/>\n<meta property=\"og:locale\" content=\"fr_FR\" \/>\n<meta property=\"og:type\" content=\"article\" \/>\n<meta property=\"og:title\" content=\"Offre de formation - Institut \/ Langage\" \/>\n<meta property=\"og:description\" content=\"L&rsquo;Institut propose : Master de sp\u00e9cialisation en Sciences du Langage : &nbsp; &nbsp; &nbsp; &nbsp; Certificat d&rsquo;Universit\u00e9 : Sp\u00e9cialisation en didactique des langues Sp\u00e9cialisation en phon\u00e9tique et psycholinguistique cliniques Sp\u00e9cialisation en p\u00e9dagogie de l&rsquo;oral pour l&rsquo;enseignement-apprentissage des langues \u00e9trang\u00e8res Sp\u00e9cialisation en m\u00e9thodologie de l&rsquo;immersion linguistique\" \/>\n<meta property=\"og:url\" content=\"https:\/\/web.umons.ac.be\/langage\/fr\/enseignement\/offre-de-formation\/\" \/>\n<meta property=\"og:site_name\" content=\"Institut \/ Langage\" \/>\n<meta property=\"article:modified_time\" content=\"2021-05-03T09:16:49+00:00\" \/>\n<meta name=\"twitter:card\" content=\"summary_large_image\" \/>\n<meta name=\"twitter:label1\" content=\"Dur\u00e9e de lecture estim\u00e9e\" \/>\n\t<meta name=\"twitter:data1\" content=\"1 minute\" \/>\n<script type=\"application\/ld+json\" class=\"yoast-schema-graph\">{\"@context\":\"https:\/\/schema.org\",\"@graph\":[{\"@type\":\"WebPage\",\"@id\":\"https:\/\/web.umons.ac.be\/langage\/fr\/enseignement\/offre-de-formation\/\",\"url\":\"https:\/\/web.umons.ac.be\/langage\/fr\/enseignement\/offre-de-formation\/\",\"name\":\"Offre de formation - Institut \/ Langage\",\"isPartOf\":{\"@id\":\"https:\/\/web.umons.ac.be\/langage\/#website\"},\"datePublished\":\"2017-09-22T13:09:35+00:00\",\"dateModified\":\"2021-05-03T09:16:49+00:00\",\"breadcrumb\":{\"@id\":\"https:\/\/web.umons.ac.be\/langage\/fr\/enseignement\/offre-de-formation\/#breadcrumb\"},\"inLanguage\":\"fr-FR\",\"potentialAction\":[{\"@type\":\"ReadAction\",\"target\":[\"https:\/\/web.umons.ac.be\/langage\/fr\/enseignement\/offre-de-formation\/\"]}]},{\"@type\":\"BreadcrumbList\",\"@id\":\"https:\/\/web.umons.ac.be\/langage\/fr\/enseignement\/offre-de-formation\/#breadcrumb\",\"itemListElement\":[{\"@type\":\"ListItem\",\"position\":1,\"name\":\"Accueil\",\"item\":\"https:\/\/web.umons.ac.be\/langage\/fr\/\"},{\"@type\":\"ListItem\",\"position\":2,\"name\":\"Enseignement\",\"item\":\"https:\/\/web.umons.ac.be\/langage\/fr\/enseignement\/\"},{\"@type\":\"ListItem\",\"position\":3,\"name\":\"Offre de formation\"}]},{\"@type\":\"WebSite\",\"@id\":\"https:\/\/web.umons.ac.be\/langage\/#website\",\"url\":\"https:\/\/web.umons.ac.be\/langage\/\",\"name\":\"Institut \/ Langage\",\"description\":\"Un site utilisant Universit\u00e9 de Mons \u2013 UMONS\",\"potentialAction\":[{\"@type\":\"SearchAction\",\"target\":{\"@type\":\"EntryPoint\",\"urlTemplate\":\"https:\/\/web.umons.ac.be\/langage\/?s={search_term_string}\"},\"query-input\":{\"@type\":\"PropertyValueSpecification\",\"valueRequired\":true,\"valueName\":\"search_term_string\"}}],\"inLanguage\":\"fr-FR\"}]}<\/script>\n<!-- \/ Yoast SEO plugin. -->","yoast_head_json":{"title":"Offre de formation - Institut \/ Langage","robots":{"index":"index","follow":"follow","max-snippet":"max-snippet:-1","max-image-preview":"max-image-preview:large","max-video-preview":"max-video-preview:-1"},"canonical":"https:\/\/web.umons.ac.be\/langage\/fr\/enseignement\/offre-de-formation\/","og_locale":"fr_FR","og_type":"article","og_title":"Offre de formation - Institut \/ Langage","og_description":"L&rsquo;Institut propose : Master de sp\u00e9cialisation en Sciences du Langage : &nbsp; &nbsp; &nbsp; &nbsp; Certificat d&rsquo;Universit\u00e9 : Sp\u00e9cialisation en didactique des langues Sp\u00e9cialisation en phon\u00e9tique et psycholinguistique cliniques Sp\u00e9cialisation en p\u00e9dagogie de l&rsquo;oral pour l&rsquo;enseignement-apprentissage des langues \u00e9trang\u00e8res Sp\u00e9cialisation en m\u00e9thodologie de l&rsquo;immersion linguistique","og_url":"https:\/\/web.umons.ac.be\/langage\/fr\/enseignement\/offre-de-formation\/","og_site_name":"Institut \/ Langage","article_modified_time":"2021-05-03T09:16:49+00:00","twitter_card":"summary_large_image","twitter_misc":{"Dur\u00e9e de lecture estim\u00e9e":"1 minute"},"schema":{"@context":"https:\/\/schema.org","@graph":[{"@type":"WebPage","@id":"https:\/\/web.umons.ac.be\/langage\/fr\/enseignement\/offre-de-formation\/","url":"https:\/\/web.umons.ac.be\/langage\/fr\/enseignement\/offre-de-formation\/","name":"Offre de formation - Institut \/ Langage","isPartOf":{"@id":"https:\/\/web.umons.ac.be\/langage\/#website"},"datePublished":"2017-09-22T13:09:35+00:00","dateModified":"2021-05-03T09:16:49+00:00","breadcrumb":{"@id":"https:\/\/web.umons.ac.be\/langage\/fr\/enseignement\/offre-de-formation\/#breadcrumb"},"inLanguage":"fr-FR","potentialAction":[{"@type":"ReadAction","target":["https:\/\/web.umons.ac.be\/langage\/fr\/enseignement\/offre-de-formation\/"]}]},{"@type":"BreadcrumbList","@id":"https:\/\/web.umons.ac.be\/langage\/fr\/enseignement\/offre-de-formation\/#breadcrumb","itemListElement":[{"@type":"ListItem","position":1,"name":"Accueil","item":"https:\/\/web.umons.ac.be\/langage\/fr\/"},{"@type":"ListItem","position":2,"name":"Enseignement","item":"https:\/\/web.umons.ac.be\/langage\/fr\/enseignement\/"},{"@type":"ListItem","position":3,"name":"Offre de formation"}]},{"@type":"WebSite","@id":"https:\/\/web.umons.ac.be\/langage\/#website","url":"https:\/\/web.umons.ac.be\/langage\/","name":"Institut \/ Langage","description":"Un site utilisant Universit\u00e9 de Mons \u2013 UMONS","potentialAction":[{"@type":"SearchAction","target":{"@type":"EntryPoint","urlTemplate":"https:\/\/web.umons.ac.be\/langage\/?s={search_term_string}"},"query-input":{"@type":"PropertyValueSpecification","valueRequired":true,"valueName":"search_term_string"}}],"inLanguage":"fr-FR"}]}},"lang":"fr","translations":{"fr":77},"pll_sync_post":[],"_links":{"self":[{"href":"https:\/\/web.umons.ac.be\/langage\/wp-json\/wp\/v2\/pages\/77","targetHints":{"allow":["GET"]}}],"collection":[{"href":"https:\/\/web.umons.ac.be\/langage\/wp-json\/wp\/v2\/pages"}],"about":[{"href":"https:\/\/web.umons.ac.be\/langage\/wp-json\/wp\/v2\/types\/page"}],"author":[{"embeddable":true,"href":"https:\/\/web.umons.ac.be\/langage\/wp-json\/wp\/v2\/users\/2"}],"replies":[{"embeddable":true,"href":"https:\/\/web.umons.ac.be\/langage\/wp-json\/wp\/v2\/comments?post=77"}],"version-history":[{"count":15,"href":"https:\/\/web.umons.ac.be\/langage\/wp-json\/wp\/v2\/pages\/77\/revisions"}],"predecessor-version":[{"id":443,"href":"https:\/\/web.umons.ac.be\/langage\/wp-json\/wp\/v2\/pages\/77\/revisions\/443"}],"up":[{"embeddable":true,"href":"https:\/\/web.umons.ac.be\/langage\/wp-json\/wp\/v2\/pages\/72"}],"wp:attachment":[{"href":"https:\/\/web.umons.ac.be\/langage\/wp-json\/wp\/v2\/media?parent=77"}],"curies":[{"name":"wp","href":"https:\/\/api.w.org\/{rel}","templated":true}]}}